{"id":40217,"date":"2021-10-24T10:42:24","date_gmt":"2021-10-24T08:42:24","guid":{"rendered":"https:\/\/teiaeducation.ch\/zahlungsarten\/"},"modified":"2024-11-21T14:02:50","modified_gmt":"2024-11-21T13:02:50","slug":"zahlungsarten","status":"publish","type":"page","link":"https:\/\/teiaeducation.ch\/de\/zahlungsarten\/","title":{"rendered":"Zahlungsarten"},"content":{"rendered":"\n  <div class=\"banner has-hover hide-for-small\" id=\"banner-173633713\">\n          <div class=\"banner-inner fill\">\n        <div class=\"banner-bg fill\" >\n            <img fetchpriority=\"high\" decoding=\"async\" width=\"800\" height=\"800\" src=\"https:\/\/teiaeducation.ch\/wp-content\/uploads\/2021\/09\/Wooden-numbers-1-10-Flockmen-handmade-wooden-toys1-800x800.jpg\" class=\"bg attachment-large size-large\" alt=\"Chiffres en bois (1-10) - Flockmen jouets en bois faits main\" \/>                                    \n                    <\/div>\n\t\t\n        <div class=\"banner-layers container\">\n            <div class=\"fill banner-link\"><\/div>            \n   <div id=\"text-box-1237591840\" class=\"text-box banner-layer x50 md-x50 lg-x50 y50 md-y50 lg-y50 res-text\">\n                                <div class=\"text-box-content text \">\n              \n              <div class=\"text-inner text-center\">\n                  \n<h6 style=\"text-align: center;\">Teia Education &amp; Play<\/h6>\n<h1 class=\"uppercase\" style=\"text-align: center;\"><span style=\"font-size: 90%;\">Zahlungsarten<\/span><\/h1>\n              <\/div>\n           <\/div>\n                            \n<style>\n#text-box-1237591840 .text-box-content {\n  background-color: rgba(255, 255, 255, 0.77);\n  font-size: 100%;\n}\n#text-box-1237591840 .text-inner {\n  padding: 30px 30px 30px 30px;\n}\n#text-box-1237591840 {\n  width: 77%;\n}\n@media (min-width:550px) {\n  #text-box-1237591840 {\n    width: 60%;\n  }\n}\n<\/style>\n    <\/div>\n \n        <\/div>\n      <\/div>\n\n            \n<style>\n#banner-173633713 {\n  padding-top: 88px;\n  background-color: rgb(0,0,0);\n}\n#banner-173633713 .banner-bg img {\n  object-position: 0% 61%;\n}\n@media (min-width:550px) {\n  #banner-173633713 {\n    padding-top: 300px;\n  }\n}\n<\/style>\n  <\/div>\n\n\n\t<div id=\"gap-413390560\" class=\"gap-element clearfix\" style=\"display:block; height:auto;\">\n\t\t\n<style>\n#gap-413390560 {\n  padding-top: 30px;\n}\n<\/style>\n\t<\/div>\n\t\n\t<div id=\"gap-1023780750\" class=\"gap-element clearfix\" style=\"display:block; height:auto;\">\n\t\t\n<style>\n#gap-1023780750 {\n  padding-top: 30px;\n}\n<\/style>\n\t<\/div>\n\t\n<div class=\"row\"  id=\"row-1351626018\">\n\n\t<div id=\"col-1461457953\" class=\"col small-12 large-12\"  >\n\t\t\t\t<div class=\"col-inner\"  >\n\t\t\t\n\t\t\t\n<p>F\u00fcr Ihren Komfort akzeptiert Teia Education &amp; Play verschiedene Zahlungsarten:<\/p>\n<h2>Kreditkarten &amp; PostFinance<\/h2>\n<p>Wir akzeptieren Online-Zahlungen mit Kreditkarten von Visa und MasterCard. Wir akzeptieren auch Zahlungen mit PostFinance Card und PostFinance E-Finance.<\/p>\n<p>Alle Transaktionen unterliegen der maximalen Sicherheit durch PostFinance 3D Secure und der System\u00fcberwachung rund um die Uhr durch unseren Zahlungsdienstleister.<\/p>\n<h2>TWINT<\/h2>\n<p>Wir akzeptieren Zahlungen mit TWINT. Bezahlen Sie Ihre Bestellung ganz einfach, indem Sie den Kurzcode in der TWINT-App eingeben, der an der Kasse angezeigt wird.<\/p>\n<div class=\"col-md-4 mb-default-mobile\">\n<h2 class=\"inner\">Bank\u00fcberweisungen<\/h2>\n<\/div>\n<p>Wir akzeptieren auch Bank\u00fcberweisungen. Bitte stellen Sie sicher, dass die Zahlung innerhalb von 5 Tagen nach Abschluss Ihrer Bestellung und Erhalt der Auftragsbest\u00e4tigung, die Ihnen per E-Mail zugesandt wurde, bei uns eingeht. Wenn Ihre Zahlung nicht innerhalb dieser Frist eingeht, senden wir Ihnen eine Zahlungserinnerung. Wenn Ihre Zahlung nicht innerhalb von zwei Tagen nach der Zahlungserinnerung eingegangen ist, wird Ihre Bestellung automatisch storniert.<\/p>\n<p>Ihre \u00dcberweisung muss Ihre Bestelldaten enthalten, d. h. das Datum Ihrer Bestellung und Ihre Bestellnummer, die Sie in Ihrer Bestellbest\u00e4tigung angegeben haben.<\/p>\n<p>Unsere Bankverbindung f\u00fcr \u00dcberweisungen lautet wie folgt:<\/p>\n<p><strong>PostFinance<\/strong><br \/>IBAN: CH 0809 0000 0015 1733 028<br \/>BIC: POFICHBEXXX<br \/>Zihna, Teia Education<br \/>Meinier<\/p>\n<h2>Verwaltungsrechnung<\/h2>\n<p>Bestellungen von Schulen und Lehrern k\u00f6nnen \u00fcber unseren Webshop aufgegeben werden, aber wir empfehlen Ihnen, sich direkt an <a href=\"mailto:in**@***********on.ch\" data-original-string=\"Flfd4W51XjETRpduT3QKiA==7ea1O955B6KF9mbZiGx+nH25mdWe1wctvF1P3gfY3GA67M=\" title=\"Dieser Kontakt wurde von Anti-Spam by CleanTalk verschl\u00fcsselt. Klicken Sie hier, um ihn zu entschl\u00fcsseln. Sollte der Kontakt danach nicht angezeigt werden, \u00fcberpr\u00fcfen Sie bitte, dass JavaScript in Ihrem Browser aktiviert ist.\">uns zu wenden<\/a>, um von unseren Sonderpreisen, Rabatten und Bestellungen auf Rechnung zu profitieren.<\/p>\n<p>F\u00fcr jede Bestellung wird eine detaillierte Rechnung f\u00fcr die Schulverwaltung erstellt.<\/p>\n<h2>American Express \/ PayPal<\/h2>\n<p>Wir akzeptieren keine Zahlungen mit American Express oder PayPal.<\/p>\n<h2>Versendung Ihrer Bestellung<\/h2>\n<p>Ihre Bestellung wird innerhalb von 1-3 Werktagen versandt, sobald Ihre Zahlung eingegangen ist.<\/p>\n<p>Wir werden, soweit es in unserer Macht steht, alle angemessene Sorgfalt walten lassen, um die Einzelheiten Ihrer Bestellung und Zahlung sicher aufzubewahren. Wir erlauben keine Speicherung von Zahlungsarten in Ihrem Konto. Damit ist sichergestellt, dass Ihre Kreditkarten- oder PostFinance-Daten nicht \u00fcber unser System zug\u00e4nglich sind.<\/p>\n\t\t<\/div>\n\t\t\t\t\t<\/div>\n\n\t\n<\/div>\n\t<div id=\"gap-1095809649\" class=\"gap-element clearfix hide-for-small\" style=\"display:block; height:auto;\">\n\t\t\n<style>\n#gap-1095809649 {\n  padding-top: 30px;\n}\n<\/style>\n\t<\/div>\n\t\n<div class=\"row\"  id=\"row-178787277\">\n\n\t<div id=\"col-1256109855\" class=\"col medium-6 small-12 large-6\"  >\n\t\t\t\t<div class=\"col-inner\"  >\n\t\t\t\n\t\t\t\n\n  <div class=\"banner has-hover\" id=\"banner-1050006704\">\n          <div class=\"banner-inner fill\">\n        <div class=\"banner-bg fill\" >\n            <img decoding=\"async\" width=\"1020\" height=\"681\" src=\"https:\/\/teiaeducation.ch\/wp-content\/uploads\/2018\/11\/shipping-information-1198x800.jpg\" class=\"bg attachment-large size-large\" alt=\"Lieferinformationen\" \/>                                    \n                    <\/div>\n\t\t\n        <div class=\"banner-layers container\">\n            <a class=\"fill\" href=\"https:\/\/teiaeducation.ch\/de\/lieferinformationen\/\"><div class=\"fill banner-link\"><\/div><\/a>            \n   <div id=\"text-box-1187752551\" class=\"text-box banner-layer x50 md-x50 lg-x50 y50 md-y50 lg-y50 res-text\">\n                                <div class=\"text-box-content text \">\n              \n              <div class=\"text-inner text-center\">\n                  \n<h3 class=\"uppercase\"><strong>Lieferinformationen<\/strong><\/h3>\n              <\/div>\n           <\/div>\n                            \n<style>\n#text-box-1187752551 .text-box-content {\n  background-color: rgba(255, 255, 255, 0.77);\n  font-size: 100%;\n}\n#text-box-1187752551 .text-inner {\n  padding: 15px 15px 15px 15px;\n}\n#text-box-1187752551 {\n  width: 60%;\n}\n<\/style>\n    <\/div>\n \n        <\/div>\n      <\/div>\n\n            \n<style>\n#banner-1050006704 {\n  padding-top: 125px;\n  background-color: rgb(255,255,255);\n}\n<\/style>\n  <\/div>\n\n\n\t\t<\/div>\n\t\t\t\t\t<\/div>\n\n\t\n\n\t<div id=\"col-1773869121\" class=\"col medium-6 small-12 large-6\"  >\n\t\t\t\t<div class=\"col-inner\"  >\n\t\t\t\n\t\t\t\n\n  <div class=\"banner has-hover\" id=\"banner-1148898184\">\n          <div class=\"banner-inner fill\">\n        <div class=\"banner-bg fill\" >\n            <img decoding=\"async\" width=\"533\" height=\"800\" src=\"https:\/\/teiaeducation.ch\/wp-content\/uploads\/2021\/11\/Teia-Education-Play-terms-conditions-533x800.jpg\" class=\"bg attachment-large size-large\" alt=\"Teia Education &amp; Play terms &amp; conditions\" \/>                                    \n                    <\/div>\n\t\t\n        <div class=\"banner-layers container\">\n            <a class=\"fill\" href=\"https:\/\/teiaeducation.ch\/de\/nutzungsbedingungen-konditionen\/\"><div class=\"fill banner-link\"><\/div><\/a>            \n   <div id=\"text-box-1810649263\" class=\"text-box banner-layer x50 md-x50 lg-x50 y50 md-y50 lg-y50 res-text\">\n                                <div class=\"text-box-content text \">\n              \n              <div class=\"text-inner text-center\">\n                  \n<h3 class=\"uppercase\"><strong>Bedingungen und Konditionen<\/strong><\/h3>\n              <\/div>\n           <\/div>\n                            \n<style>\n#text-box-1810649263 .text-box-content {\n  background-color: rgba(255, 255, 255, 0.77);\n  font-size: 100%;\n}\n#text-box-1810649263 .text-inner {\n  padding: 15px 15px 15px 15px;\n}\n#text-box-1810649263 {\n  width: 60%;\n}\n<\/style>\n    <\/div>\n \n        <\/div>\n      <\/div>\n\n            \n<style>\n#banner-1148898184 {\n  padding-top: 125px;\n  background-color: rgb(255,255,255);\n}\n#banner-1148898184 .banner-bg img {\n  object-position: 0% 85%;\n}\n<\/style>\n  <\/div>\n\n\n\t\t<\/div>\n\t\t\t\t\t<\/div>\n\n\t\n\n\t<div id=\"col-1787020901\" class=\"col medium-6 small-12 large-6\"  >\n\t\t\t\t<div class=\"col-inner\"  >\n\t\t\t\n\t\t\t\n\n  <div class=\"banner has-hover\" id=\"banner-487512134\">\n          <div class=\"banner-inner fill\">\n        <div class=\"banner-bg fill\" >\n            <img loading=\"lazy\" decoding=\"async\" width=\"1020\" height=\"765\" src=\"https:\/\/teiaeducation.ch\/wp-content\/uploads\/2018\/11\/faq-1-1067x800.jpg\" class=\"bg attachment-large size-large\" alt=\"faq\" \/>                                    \n                    <\/div>\n\t\t\n        <div class=\"banner-layers container\">\n            <a class=\"fill\" href=\"https:\/\/teiaeducation.ch\/de\/faq\/\"><div class=\"fill banner-link\"><\/div><\/a>            \n   <div id=\"text-box-889859212\" class=\"text-box banner-layer x50 md-x50 lg-x50 y50 md-y50 lg-y50 res-text\">\n                                <div class=\"text-box-content text \">\n              \n              <div class=\"text-inner text-center\">\n                  \n<h3 class=\"uppercase\"><strong>FAQ<\/strong><\/h3>\n              <\/div>\n           <\/div>\n                            \n<style>\n#text-box-889859212 .text-box-content {\n  background-color: rgba(255, 255, 255, 0.77);\n  font-size: 100%;\n}\n#text-box-889859212 .text-inner {\n  padding: 15px 15px 15px 15px;\n}\n#text-box-889859212 {\n  width: 60%;\n}\n<\/style>\n    <\/div>\n \n        <\/div>\n      <\/div>\n\n            \n<style>\n#banner-487512134 {\n  padding-top: 125px;\n  background-color: rgb(255,255,255);\n}\n<\/style>\n  <\/div>\n\n\n\t\t<\/div>\n\t\t\t\t\t<\/div>\n\n\t\n\n\t<div id=\"col-369301809\" class=\"col medium-6 small-12 large-6\"  >\n\t\t\t\t<div class=\"col-inner\"  >\n\t\t\t\n\t\t\t\n\n  <div class=\"banner has-hover\" id=\"banner-677661721\">\n          <div class=\"banner-inner fill\">\n        <div class=\"banner-bg fill\" >\n            <img loading=\"lazy\" decoding=\"async\" width=\"1000\" height=\"665\" src=\"https:\/\/teiaeducation.ch\/wp-content\/uploads\/2021\/03\/Contact-Us-Teia-Education-Switzerland.jpeg\" class=\"bg attachment-large size-large\" alt=\"Contact Us - Teia Education &amp; Play\" \/>                                    \n                    <\/div>\n\t\t\n        <div class=\"banner-layers container\">\n            <a class=\"fill\" href=\"https:\/\/teiaeducation.ch\/de\/kontakt\/\"><div class=\"fill banner-link\"><\/div><\/a>            \n   <div id=\"text-box-1287024126\" class=\"text-box banner-layer x50 md-x50 lg-x50 y50 md-y50 lg-y50 res-text\">\n                                <div class=\"text-box-content text \">\n              \n              <div class=\"text-inner text-center\">\n                  \n<h3 class=\"uppercase\"><strong>kontaktieren Sie uns<\/strong><\/h3>\n              <\/div>\n           <\/div>\n                            \n<style>\n#text-box-1287024126 .text-box-content {\n  background-color: rgba(255, 255, 255, 0.77);\n  font-size: 100%;\n}\n#text-box-1287024126 .text-inner {\n  padding: 15px 15px 15px 15px;\n}\n#text-box-1287024126 {\n  width: 60%;\n}\n<\/style>\n    <\/div>\n \n        <\/div>\n      <\/div>\n\n            \n<style>\n#banner-677661721 {\n  padding-top: 125px;\n  background-color: rgb(255,255,255);\n}\n#banner-677661721 .banner-bg img {\n  object-position: 0% 74%;\n}\n<\/style>\n  <\/div>\n\n\n\t\t<\/div>\n\t\t\t\t\t<\/div>\n\n\t\n<\/div>\n\t<div id=\"gap-1816816157\" class=\"gap-element clearfix hide-for-small\" style=\"display:block; height:auto;\">\n\t\t\n<style>\n#gap-1816816157 {\n  padding-top: 30px;\n}\n<\/style>\n\t<\/div>\n\t\n","protected":false},"excerpt":{"rendered":"","protected":false},"author":1,"featured_media":0,"parent":0,"menu_order":0,"comment_status":"closed","ping_status":"closed","template":"page-blank.php","meta":{"footnotes":""},"class_list":["post-40217","page","type-page","status-publish","hentry"],"yoast_head":"<!-- This site is optimized with the Yoast SEO Premium plugin v25.8 (Yoast SEO v27.4) - https:\/\/yoast.com\/product\/yoast-seo-premium-wordpress\/ -->\n<title>Zahlungsm\u00f6glichkeiten | Montessori Kinderspielzeug &amp; Materialien<\/title>\n<meta name=\"description\" content=\"Als P\u00e4dagoge oder Elternteil k\u00f6nnen Sie aus unserem Angebot an Spielzeug und Unterrichtsmaterialien ganz einfach einkaufen, denn es stehen viele Zahlungsm\u00f6glichkeiten zur Verf\u00fcgung.\" \/>\n<meta name=\"robots\" content=\"index, follow, max-snippet:-1, max-image-preview:large, max-video-preview:-1\" \/>\n<link rel=\"canonical\" href=\"https:\/\/teiaeducation.ch\/de\/zahlungsarten\/\" \/>\n<meta property=\"og:locale\" content=\"de_DE\" \/>\n<meta property=\"og:type\" content=\"article\" \/>\n<meta property=\"og:title\" content=\"Zahlungsarten\" \/>\n<meta property=\"og:description\" content=\"Als P\u00e4dagoge oder Elternteil k\u00f6nnen Sie aus unserem Angebot an Spielzeug und Unterrichtsmaterialien ganz einfach einkaufen, denn es stehen viele Zahlungsm\u00f6glichkeiten zur Verf\u00fcgung.\" \/>\n<meta property=\"og:url\" content=\"https:\/\/teiaeducation.ch\/de\/zahlungsarten\/\" \/>\n<meta property=\"og:site_name\" content=\"Sustainable Educational Products &amp; Ecological Toys\u00a0\" \/>\n<meta property=\"article:publisher\" content=\"https:\/\/www.facebook.com\/teiaeducation\/\" \/>\n<meta property=\"article:modified_time\" content=\"2024-11-21T13:02:50+00:00\" \/>\n<meta property=\"og:image\" content=\"https:\/\/teiaeducation.ch\/wp-content\/uploads\/2020\/02\/Art-20-212_IMG_0117-Joguines-Grapat.jpg\" \/>\n\t<meta property=\"og:image:width\" content=\"1618\" \/>\n\t<meta property=\"og:image:height\" content=\"1080\" \/>\n\t<meta property=\"og:image:type\" content=\"image\/jpeg\" \/>\n<script type=\"application\/ld+json\" class=\"yoast-schema-graph\">{\"@context\":\"https:\\\/\\\/schema.org\",\"@graph\":[{\"@type\":\"WebPage\",\"@id\":\"https:\\\/\\\/teiaeducation.ch\\\/de\\\/zahlungsarten\\\/\",\"url\":\"https:\\\/\\\/teiaeducation.ch\\\/de\\\/zahlungsarten\\\/\",\"name\":\"Zahlungsm\u00f6glichkeiten | Montessori Kinderspielzeug & Materialien\",\"isPartOf\":{\"@id\":\"https:\\\/\\\/teiaeducation.ch\\\/de\\\/#website\"},\"datePublished\":\"2021-10-24T08:42:24+00:00\",\"dateModified\":\"2024-11-21T13:02:50+00:00\",\"description\":\"Als P\u00e4dagoge oder Elternteil k\u00f6nnen Sie aus unserem Angebot an Spielzeug und Unterrichtsmaterialien ganz einfach einkaufen, denn es stehen viele Zahlungsm\u00f6glichkeiten zur Verf\u00fcgung.\",\"breadcrumb\":{\"@id\":\"https:\\\/\\\/teiaeducation.ch\\\/de\\\/zahlungsarten\\\/#breadcrumb\"},\"inLanguage\":\"de-CH\",\"potentialAction\":[{\"@type\":\"ReadAction\",\"target\":[\"https:\\\/\\\/teiaeducation.ch\\\/de\\\/zahlungsarten\\\/\"]}]},{\"@type\":\"BreadcrumbList\",\"@id\":\"https:\\\/\\\/teiaeducation.ch\\\/de\\\/zahlungsarten\\\/#breadcrumb\",\"itemListElement\":[{\"@type\":\"ListItem\",\"position\":1,\"name\":\"Home\",\"item\":\"https:\\\/\\\/teiaeducation.ch\\\/de\\\/\"},{\"@type\":\"ListItem\",\"position\":2,\"name\":\"Zahlungsarten\"}]},{\"@type\":\"WebSite\",\"@id\":\"https:\\\/\\\/teiaeducation.ch\\\/de\\\/#website\",\"url\":\"https:\\\/\\\/teiaeducation.ch\\\/de\\\/\",\"name\":\"Sustainable Educational Products &amp; Ecological Toys\u00a0\",\"description\":\"Specialised Swiss shop selling sustainable educational toys and games, AMI certified Montessori materials, handmade ecological wooden Waldorf toys and arts &amp; crafts supplies, school supplies, children&#039;s furniture and Montessori reference and parenting books.\",\"publisher\":{\"@id\":\"https:\\\/\\\/teiaeducation.ch\\\/de\\\/#organization\"},\"alternateName\":\"Teia Education & Play\",\"potentialAction\":[{\"@type\":\"SearchAction\",\"target\":{\"@type\":\"EntryPoint\",\"urlTemplate\":\"https:\\\/\\\/teiaeducation.ch\\\/de\\\/?s={search_term_string}\"},\"query-input\":{\"@type\":\"PropertyValueSpecification\",\"valueRequired\":true,\"valueName\":\"search_term_string\"}}],\"inLanguage\":\"de-CH\"},{\"@type\":\"Organization\",\"@id\":\"https:\\\/\\\/teiaeducation.ch\\\/de\\\/#organization\",\"name\":\"Teia Education & Play\",\"url\":\"https:\\\/\\\/teiaeducation.ch\\\/de\\\/\",\"logo\":{\"@type\":\"ImageObject\",\"inLanguage\":\"de-CH\",\"@id\":\"https:\\\/\\\/teiaeducation.ch\\\/de\\\/#\\\/schema\\\/logo\\\/image\\\/\",\"url\":\"https:\\\/\\\/teiaeducation.ch\\\/wp-content\\\/uploads\\\/2020\\\/11\\\/Teia-Education-Switzerland-e1620156442216.jpg\",\"contentUrl\":\"https:\\\/\\\/teiaeducation.ch\\\/wp-content\\\/uploads\\\/2020\\\/11\\\/Teia-Education-Switzerland-e1620156442216.jpg\",\"width\":166,\"height\":145,\"caption\":\"Teia Education & Play\"},\"image\":{\"@id\":\"https:\\\/\\\/teiaeducation.ch\\\/de\\\/#\\\/schema\\\/logo\\\/image\\\/\"},\"sameAs\":[\"https:\\\/\\\/www.facebook.com\\\/teiaeducation\\\/\",\"https:\\\/\\\/x.com\\\/EducationTeia\",\"https:\\\/\\\/www.instagram.com\\\/teia.education\\\/\",\"https:\\\/\\\/www.linkedin.com\\\/company\\\/35501660\",\"https:\\\/\\\/www.pinterest.ch\\\/TeiaEducation\\\/\"]}]}<\/script>\n<!-- \/ Yoast SEO Premium plugin. -->","yoast_head_json":{"title":"Zahlungsm\u00f6glichkeiten | Montessori Kinderspielzeug & Materialien","description":"Als P\u00e4dagoge oder Elternteil k\u00f6nnen Sie aus unserem Angebot an Spielzeug und Unterrichtsmaterialien ganz einfach einkaufen, denn es stehen viele Zahlungsm\u00f6glichkeiten zur Verf\u00fcgung.","robots":{"index":"index","follow":"follow","max-snippet":"max-snippet:-1","max-image-preview":"max-image-preview:large","max-video-preview":"max-video-preview:-1"},"canonical":"https:\/\/teiaeducation.ch\/de\/zahlungsarten\/","og_locale":"de_DE","og_type":"article","og_title":"Zahlungsarten","og_description":"Als P\u00e4dagoge oder Elternteil k\u00f6nnen Sie aus unserem Angebot an Spielzeug und Unterrichtsmaterialien ganz einfach einkaufen, denn es stehen viele Zahlungsm\u00f6glichkeiten zur Verf\u00fcgung.","og_url":"https:\/\/teiaeducation.ch\/de\/zahlungsarten\/","og_site_name":"Sustainable Educational Products &amp; Ecological Toys\u00a0","article_publisher":"https:\/\/www.facebook.com\/teiaeducation\/","article_modified_time":"2024-11-21T13:02:50+00:00","og_image":[{"width":1618,"height":1080,"url":"https:\/\/teiaeducation.ch\/wp-content\/uploads\/2020\/02\/Art-20-212_IMG_0117-Joguines-Grapat.jpg","type":"image\/jpeg"}],"schema":{"@context":"https:\/\/schema.org","@graph":[{"@type":"WebPage","@id":"https:\/\/teiaeducation.ch\/de\/zahlungsarten\/","url":"https:\/\/teiaeducation.ch\/de\/zahlungsarten\/","name":"Zahlungsm\u00f6glichkeiten | Montessori Kinderspielzeug & Materialien","isPartOf":{"@id":"https:\/\/teiaeducation.ch\/de\/#website"},"datePublished":"2021-10-24T08:42:24+00:00","dateModified":"2024-11-21T13:02:50+00:00","description":"Als P\u00e4dagoge oder Elternteil k\u00f6nnen Sie aus unserem Angebot an Spielzeug und Unterrichtsmaterialien ganz einfach einkaufen, denn es stehen viele Zahlungsm\u00f6glichkeiten zur Verf\u00fcgung.","breadcrumb":{"@id":"https:\/\/teiaeducation.ch\/de\/zahlungsarten\/#breadcrumb"},"inLanguage":"de-CH","potentialAction":[{"@type":"ReadAction","target":["https:\/\/teiaeducation.ch\/de\/zahlungsarten\/"]}]},{"@type":"BreadcrumbList","@id":"https:\/\/teiaeducation.ch\/de\/zahlungsarten\/#breadcrumb","itemListElement":[{"@type":"ListItem","position":1,"name":"Home","item":"https:\/\/teiaeducation.ch\/de\/"},{"@type":"ListItem","position":2,"name":"Zahlungsarten"}]},{"@type":"WebSite","@id":"https:\/\/teiaeducation.ch\/de\/#website","url":"https:\/\/teiaeducation.ch\/de\/","name":"Sustainable Educational Products &amp; Ecological Toys\u00a0","description":"Specialised Swiss shop selling sustainable educational toys and games, AMI certified Montessori materials, handmade ecological wooden Waldorf toys and arts &amp; crafts supplies, school supplies, children&#039;s furniture and Montessori reference and parenting books.","publisher":{"@id":"https:\/\/teiaeducation.ch\/de\/#organization"},"alternateName":"Teia Education & Play","potentialAction":[{"@type":"SearchAction","target":{"@type":"EntryPoint","urlTemplate":"https:\/\/teiaeducation.ch\/de\/?s={search_term_string}"},"query-input":{"@type":"PropertyValueSpecification","valueRequired":true,"valueName":"search_term_string"}}],"inLanguage":"de-CH"},{"@type":"Organization","@id":"https:\/\/teiaeducation.ch\/de\/#organization","name":"Teia Education & Play","url":"https:\/\/teiaeducation.ch\/de\/","logo":{"@type":"ImageObject","inLanguage":"de-CH","@id":"https:\/\/teiaeducation.ch\/de\/#\/schema\/logo\/image\/","url":"https:\/\/teiaeducation.ch\/wp-content\/uploads\/2020\/11\/Teia-Education-Switzerland-e1620156442216.jpg","contentUrl":"https:\/\/teiaeducation.ch\/wp-content\/uploads\/2020\/11\/Teia-Education-Switzerland-e1620156442216.jpg","width":166,"height":145,"caption":"Teia Education & Play"},"image":{"@id":"https:\/\/teiaeducation.ch\/de\/#\/schema\/logo\/image\/"},"sameAs":["https:\/\/www.facebook.com\/teiaeducation\/","https:\/\/x.com\/EducationTeia","https:\/\/www.instagram.com\/teia.education\/","https:\/\/www.linkedin.com\/company\/35501660","https:\/\/www.pinterest.ch\/TeiaEducation\/"]}]}},"_links":{"self":[{"href":"https:\/\/teiaeducation.ch\/de\/wp-json\/wp\/v2\/pages\/40217","targetHints":{"allow":["GET"]}}],"collection":[{"href":"https:\/\/teiaeducation.ch\/de\/wp-json\/wp\/v2\/pages"}],"about":[{"href":"https:\/\/teiaeducation.ch\/de\/wp-json\/wp\/v2\/types\/page"}],"author":[{"embeddable":true,"href":"https:\/\/teiaeducation.ch\/de\/wp-json\/wp\/v2\/users\/1"}],"replies":[{"embeddable":true,"href":"https:\/\/teiaeducation.ch\/de\/wp-json\/wp\/v2\/comments?post=40217"}],"version-history":[{"count":0,"href":"https:\/\/teiaeducation.ch\/de\/wp-json\/wp\/v2\/pages\/40217\/revisions"}],"wp:attachment":[{"href":"https:\/\/teiaeducation.ch\/de\/wp-json\/wp\/v2\/media?parent=40217"}],"curies":[{"name":"wp","href":"https:\/\/api.w.org\/{rel}","templated":true}]}}