{"id":41975,"date":"2021-11-24T11:57:59","date_gmt":"2021-11-24T10:57:59","guid":{"rendered":"https:\/\/teiaeducation.ch\/vorschul-und-grundschulbedarf\/"},"modified":"2022-11-11T08:41:40","modified_gmt":"2022-11-11T07:41:40","slug":"vorschul-und-grundschulbedarf-entwicklungsspielzeug-montessori-material","status":"publish","type":"page","link":"https:\/\/teiaeducation.ch\/de\/vorschul-und-grundschulbedarf-entwicklungsspielzeug-montessori-material\/","title":{"rendered":"Lehrerbedarf f\u00fcr Vorschulen und Grundschulen"},"content":{"rendered":"\n  <div class=\"banner has-hover hide-for-small\" id=\"banner-1609706004\">\n          <div class=\"banner-inner fill\">\n        <div class=\"banner-bg fill\" >\n            <img fetchpriority=\"high\" decoding=\"async\" width=\"1020\" height=\"680\" src=\"https:\/\/teiaeducation.ch\/wp-content\/uploads\/2020\/08\/Montessori-school-1200x800.jpeg\" class=\"bg attachment-large size-large\" alt=\"Montessori school\" \/>                                    \n                    <\/div>\n\t\t\n        <div class=\"banner-layers container\">\n            <div class=\"fill banner-link\"><\/div>            \r\n\r\n   <div id=\"text-box-139108681\" class=\"text-box banner-layer x50 md-x50 lg-x50 y50 md-y50 lg-y50 res-text\">\n                                <div class=\"text-box-content text \">\n              \n              <div class=\"text-inner text-center\">\n                  \r\n<h6 style=\"text-align: center;\">Teia education &amp; play<\/h6>\r\n<h1 style=\"text-align: center;\"><span style=\"font-size: 80%;\">VORSCHULEN &amp; GRUNDSCHULEN<\/span><\/h1>\r\n              <\/div>\n           <\/div>\n                            \n<style>\n#text-box-139108681 .text-box-content {\n  background-color: rgba(255, 255, 255, 0.77);\n  font-size: 100%;\n}\n#text-box-139108681 .text-inner {\n  padding: 30px 30px 18px 30px;\n}\n#text-box-139108681 {\n  width: 77%;\n}\n@media (min-width:550px) {\n  #text-box-139108681 {\n    width: 60%;\n  }\n}\n<\/style>\n    <\/div>\n \r\n\r\n        <\/div>\n      <\/div>\n\n            \n<style>\n#banner-1609706004 {\n  padding-top: 88px;\n  background-color: rgb(0,0,0);\n}\n#banner-1609706004 .banner-bg img {\n  object-position: 0% 43%;\n}\n@media (min-width:550px) {\n  #banner-1609706004 {\n    padding-top: 300px;\n  }\n}\n<\/style>\n  <\/div>\n\n\n\t<div id=\"gap-116529585\" class=\"gap-element clearfix hide-for-small\" style=\"display:block; height:auto;\">\n\t\t\n<style>\n#gap-116529585 {\n  padding-top: 30px;\n}\n<\/style>\n\t<\/div>\n\t\n\t<div id=\"gap-824004740\" class=\"gap-element clearfix\" style=\"display:block; height:auto;\">\n\t\t\n<style>\n#gap-824004740 {\n  padding-top: 30px;\n}\n<\/style>\n\t<\/div>\n\t\n<div class=\"row\"  id=\"row-406783414\">\n\n\t<div id=\"col-1853855330\" class=\"col small-12 large-12\"  >\n\t\t\t\t<div class=\"col-inner\"  >\n\t\t\t\n\t\t\t\n<h2>Hochwertiges Lehrerbedarf f\u00fcr Vorschulen und Grundschulen<\/h2>\n<p>Wir von Teia Education &amp; Play liefern Hochwertiges Lehrerbedarf wie Entwicklungsspielzeug, Montessori Material, Waldorfspielzeug, Kreativmaterial und M\u00f6bel f\u00fcr Schulen\u00a0an Lehrern und allen Arten von \u00f6ffentlichen und privaten Schulen zusammen &#8211; nicht nur in der Schweiz, sondern auf der ganzen Welt!<\/p>\n<h2>Warum mit uns arbeiten?<\/h2>\n<p>Wir bem\u00fchen uns um einen exzellenten Kundenservice und bieten iin unserem Laden qualitativ hochwertiges Lehrerbedarf wie\u00a0<a href=\"https:\/\/teiaeducation.ch\/de\/produkt-kategorie\/lernthemen\/\">p\u00e4dagogisches Material<\/a> und <a href=\"https:\/\/teiaeducation.ch\/de\/produkt-kategorie\/spielen\/\">Entwicklungsspielzeug<\/a>, <a href=\"https:\/\/teiaeducation.ch\/de\/produkt-kategorie\/bildungsmethode\/montessori-paedagogik-material-spielzeug\/\">Montessori-Materialien<\/a>, <a href=\"https:\/\/teiaeducation.ch\/de\/produkt-kategorie\/bildungsmethode\/waldorf-steiner-paedagogik\/\">Waldorfspielzeug<\/a>, <a href=\"https:\/\/teiaeducation.ch\/de\/produkt-kategorie\/malen-basteln\/\">kreatives Material<\/a>, offenes Spielzeug, <a href=\"https:\/\/teiaeducation.ch\/de\/produkt-kategorie\/klassenzimmer-essenzien\/moebel-lagerung\/\">M\u00f6bel<\/a> und Aufbewahrungsl\u00f6sungen f\u00fcr Vorschulen und Grundschulen.<\/p>\n<p>Alle unsere Produkte sind von den zust\u00e4ndigen Beh\u00f6rden zertifiziert, erf\u00fcllen die strengen internationalen und europ\u00e4ischen Sicherheitsvorschriften f\u00fcr die Spielzeugherstellung und sind frei von Giftstoffen. Sie sind nachhaltig und werden mit Respekt f\u00fcr die Umwelt und die Menschen, die sie herstellen, hergestellt und halten jahrelangem und robustem Gebrauch stand.<\/p>\n<p>Unsere von Bildungsexperten entwickelten, spezialisierten Lehrerbedarf unterst\u00fctzen die Entwicklung und das spielerische Lernen und entsprechen dabei international bew\u00e4hrten Lehrpl\u00e4nen und Lernzielen.<\/p>\n<p>Wenn Sie auf der Suche nach p\u00e4dagogischem Material, Spielzeug oder Ressourcen f\u00fcr Ihre Vorschule, Ihr Fr\u00fchf\u00f6rderzentrum oder Ihre Grundschule sind, z\u00f6gern Sie nicht, uns zu <a href=\"https:\/\/teiaeducation.ch\/de\/kontakt\/\">kontaktieren<\/a>.<\/p>\n<p>Gerne er\u00f6ffnen wir f\u00fcr Sie ein Konto und erm\u00f6glichen Ihnen den Zugang zu unserem Schulportal, wo Sie unsere Markenkataloge und Preislisten herunterladen k\u00f6nnen.<\/p>\n<h2>Rabatt und kostenlose Lieferung<\/h2>\n<p>Wir bieten Sonderpreise und Rabatte f\u00fcr Schulen auf der ganzen Welt, die auch von Sonderangeboten profitieren, die wir das ganze Jahr \u00fcber mit unseren Lieferanten aushandeln.<\/p>\n<p>Die Lieferung ist kostenlos (nur in der Schweiz) ab einem Bestellwert von 120 Schweizer Franken.<\/p>\n<h2>Zertifizierter Lieferant<\/h2>\n<p>Um Ihnen zus\u00e4tzliche Sicherheit zu geben, wurden wir von der Beschaffungsabteilung verschiedener Schweizer Kantone vorab genehmigt und haben Vereinbarungen zur Lieferung an \u00f6ffentliche Schulen und Lehrer abgeschlossen:<\/p>\n<p>Teia Education &amp; Play ist offizieller Lieferant der Centrale commune d&#8217;achats (<a href=\"https:\/\/ge.ch\/annuaire\/service\/2317\">CCA<\/a>) des Kantons Genf sowie der Direction des achats et de la logistique (<a href=\"https:\/\/www.vd.ch\/toutes-les-autorites\/departements\/departement-des-finances-et-des-relations-exterieures-dfire\/direction-generale-des-immeubles-et-du-patrimoine-dgip\/dal\/\">DAL<\/a>) des Kantons Waadt.<\/p>\n<p>Unser Angebot an p\u00e4dagogischem (Montessori-) Material und Entwicklungsspielzeug ist vom Departement f\u00fcr \u00f6ffentliche Bildung, Erziehung und Jugend (<a href=\"https:\/\/www.ge.ch\/organisation\/departement-instruction-publique-formation-jeunesse-dip\">DIP<\/a>) sowie vom Service de l&#8217;enseignement priv\u00e9 (<a href=\"https:\/\/www.ge.ch\/organisation\/service-enseignement-prive\">SEP<\/a>) des Kantons Genf anerkannt.<\/p>\n<p>Wir sind Mitglied der Association Montessori Suisse (<a href=\"https:\/\/www.montessori-suisse.ch\/\">AMS<\/a>) und des Spielwaren Verband Schweiz (<a href=\"https:\/\/www.spielwarenverband.ch\">SVS<\/a>.)<\/p>\n<h2>Verwaltungsrechnung<\/h2>\n<p>Bestellungen von Schulen und Lehrern k\u00f6nnen \u00fcber unseren Webshop aufgegeben werden, aber wir empfehlen Ihnen, sich direkt an <a href=\"mailto:in**@***********on.ch\" data-original-string=\"P59nFF7p2q1Yt3rQcUz1Dg==7eaS45V4mbX2At5ZySq+BV3i1XKnBSzL9wVvoNrcOtm1rg=\" title=\"Dieser Kontakt wurde von Anti-Spam by CleanTalk verschl\u00fcsselt. Klicken Sie hier, um ihn zu entschl\u00fcsseln. Sollte der Kontakt danach nicht angezeigt werden, \u00fcberpr\u00fcfen Sie bitte, dass JavaScript in Ihrem Browser aktiviert ist.\">uns zu wenden<\/a>, um von unseren Sonderpreisen, Rabatten und Bestellungen auf Rechnung zu profitieren.<\/p>\n<p>F\u00fcr jede Bestellung wird eine detaillierte Rechnung f\u00fcr die Schulverwaltung erstellt.<\/p>\n<h2>Kostenloses Informationsangebot<\/h2>\n<p>Wir bieten zahlreiche Dienstleistungen an, die auf Ihre individuellen Bed\u00fcrfnisse zugeschnitten sind. Wenn Sie mit uns besprechen m\u00f6chten, wie wir Ihnen in Ihrer Schule behilflich sein k\u00f6nnen, oder wenn Sie eine Preisliste unserer Marken, ein detailliertes, unverbindliches Informationsangebot oder einen ma\u00dfgeschneiderten Plan f\u00fcr Ihr Klassenzimmer erhalten m\u00f6chten, z\u00f6gern Sie nicht, uns zu kontaktieren.<\/p>\n<p>Sobald die Reisebeschr\u00e4nkungen aufgehoben sind, kommen wir gerne zu Ihnen und demonstrieren Ihnen unsere Produkte (nur in der Schweiz). In der Zwischenzeit k\u00f6nnen wir Treffen und Demonstrationen per Videokonferenz organisieren.<\/p>\n<p>Wir sprechen flie\u00dfend Franz\u00f6sisch, Englisch, Niederl\u00e4ndisch und Deutsch.<\/p>\n<h2>Lehrerbedarf f\u00fcr Montessori und Waldorf Steiner Schulen<\/h2>\n<p>Wenn Sie sich im Namen einer Montessori- oder Steiner-Schule an uns wenden, konsultieren Sie bitte die unten stehenden Seiten:<\/p>\n<p><a href=\"https:\/\/teiaeducation.ch\/de\/vorschul-und-grundschulbedarf-entwicklungsspielzeug-montessori-material\/material-und-moebel-fuer-montessori-schulen\/\">Montessori Schulbedarf<\/a> &gt;<\/p>\n<p><a href=\"https:\/\/teiaeducation.ch\/de\/spielzeug-und-natuerlichen-kreatives-materialien-fuer-waldorf-steiner-schulen\/\">Waldorf Steiner Schulbedarf<\/a> &gt;<\/p>\n\t\t<\/div>\n\t\t\t\t\t<\/div>\n\n\t\n<\/div>\n","protected":false},"excerpt":{"rendered":"","protected":false},"author":1,"featured_media":41662,"parent":0,"menu_order":2,"comment_status":"closed","ping_status":"closed","template":"page-blank.php","meta":{"footnotes":""},"class_list":["post-41975","page","type-page","status-publish","has-post-thumbnail","hentry"],"yoast_head":"<!-- This site is optimized with the Yoast SEO Premium plugin v25.8 (Yoast SEO v27.4) - https:\/\/yoast.com\/product\/yoast-seo-premium-wordpress\/ -->\n<title>Laden f\u00fcr Lehrerbedarf und Montessori Material f\u00fcr Schulen<\/title>\n<meta name=\"description\" content=\"Laden f\u00fcr hochwertiges Lehrerbedarf wie Entwicklungsspielzeug, Montessori Material, Waldorfspielzeug, Kreativmaterial und M\u00f6bel f\u00fcr Schulen.\" \/>\n<meta name=\"robots\" content=\"index, follow, max-snippet:-1, max-image-preview:large, max-video-preview:-1\" \/>\n<link rel=\"canonical\" href=\"https:\/\/teiaeducation.ch\/de\/vorschul-und-grundschulbedarf-entwicklungsspielzeug-montessori-material\/\" \/>\n<meta property=\"og:locale\" content=\"de_DE\" \/>\n<meta property=\"og:type\" content=\"article\" \/>\n<meta property=\"og:title\" content=\"Lehrerbedarf f\u00fcr Vorschulen und Grundschulen\" \/>\n<meta property=\"og:description\" content=\"Laden f\u00fcr hochwertiges Lehrerbedarf wie Entwicklungsspielzeug, Montessori Material, Waldorfspielzeug, Kreativmaterial und M\u00f6bel f\u00fcr Schulen.\" \/>\n<meta property=\"og:url\" content=\"https:\/\/teiaeducation.ch\/de\/vorschul-und-grundschulbedarf-entwicklungsspielzeug-montessori-material\/\" \/>\n<meta property=\"og:site_name\" content=\"Sustainable Educational Products &amp; Ecological Toys\u00a0\" \/>\n<meta property=\"article:publisher\" content=\"https:\/\/www.facebook.com\/teiaeducation\/\" \/>\n<meta property=\"article:modified_time\" content=\"2022-11-11T07:41:40+00:00\" \/>\n<meta property=\"og:image\" content=\"https:\/\/teiaeducation.ch\/wp-content\/uploads\/2019\/03\/AdobeStock_154984903.jpeg\" \/>\n\t<meta property=\"og:image:width\" content=\"1200\" \/>\n\t<meta property=\"og:image:height\" content=\"800\" \/>\n\t<meta property=\"og:image:type\" content=\"image\/jpeg\" \/>\n<script type=\"application\/ld+json\" class=\"yoast-schema-graph\">{\"@context\":\"https:\\\/\\\/schema.org\",\"@graph\":[{\"@type\":\"WebPage\",\"@id\":\"https:\\\/\\\/teiaeducation.ch\\\/de\\\/vorschul-und-grundschulbedarf-entwicklungsspielzeug-montessori-material\\\/\",\"url\":\"https:\\\/\\\/teiaeducation.ch\\\/de\\\/vorschul-und-grundschulbedarf-entwicklungsspielzeug-montessori-material\\\/\",\"name\":\"Laden f\u00fcr Lehrerbedarf und Montessori Material f\u00fcr Schulen\",\"isPartOf\":{\"@id\":\"https:\\\/\\\/teiaeducation.ch\\\/de\\\/#website\"},\"primaryImageOfPage\":{\"@id\":\"https:\\\/\\\/teiaeducation.ch\\\/de\\\/vorschul-und-grundschulbedarf-entwicklungsspielzeug-montessori-material\\\/#primaryimage\"},\"image\":{\"@id\":\"https:\\\/\\\/teiaeducation.ch\\\/de\\\/vorschul-und-grundschulbedarf-entwicklungsspielzeug-montessori-material\\\/#primaryimage\"},\"thumbnailUrl\":\"https:\\\/\\\/teiaeducation.ch\\\/wp-content\\\/uploads\\\/2019\\\/03\\\/AdobeStock_154984903.jpeg\",\"datePublished\":\"2021-11-24T10:57:59+00:00\",\"dateModified\":\"2022-11-11T07:41:40+00:00\",\"description\":\"Laden f\u00fcr hochwertiges Lehrerbedarf wie Entwicklungsspielzeug, Montessori Material, Waldorfspielzeug, Kreativmaterial und M\u00f6bel f\u00fcr Schulen.\",\"breadcrumb\":{\"@id\":\"https:\\\/\\\/teiaeducation.ch\\\/de\\\/vorschul-und-grundschulbedarf-entwicklungsspielzeug-montessori-material\\\/#breadcrumb\"},\"inLanguage\":\"de-CH\",\"potentialAction\":[{\"@type\":\"ReadAction\",\"target\":[\"https:\\\/\\\/teiaeducation.ch\\\/de\\\/vorschul-und-grundschulbedarf-entwicklungsspielzeug-montessori-material\\\/\"]}]},{\"@type\":\"ImageObject\",\"inLanguage\":\"de-CH\",\"@id\":\"https:\\\/\\\/teiaeducation.ch\\\/de\\\/vorschul-und-grundschulbedarf-entwicklungsspielzeug-montessori-material\\\/#primaryimage\",\"url\":\"https:\\\/\\\/teiaeducation.ch\\\/wp-content\\\/uploads\\\/2019\\\/03\\\/AdobeStock_154984903.jpeg\",\"contentUrl\":\"https:\\\/\\\/teiaeducation.ch\\\/wp-content\\\/uploads\\\/2019\\\/03\\\/AdobeStock_154984903.jpeg\",\"width\":1200,\"height\":800,\"caption\":\"Laden f\u00fcr hochwertiges Schulbedarf wie Entwicklungsspielzeug, Montessori-Material, Waldorfspielzeug, Kreativmaterial und M\u00f6bel f\u00fcr Schulen.\"},{\"@type\":\"BreadcrumbList\",\"@id\":\"https:\\\/\\\/teiaeducation.ch\\\/de\\\/vorschul-und-grundschulbedarf-entwicklungsspielzeug-montessori-material\\\/#breadcrumb\",\"itemListElement\":[{\"@type\":\"ListItem\",\"position\":1,\"name\":\"Home\",\"item\":\"https:\\\/\\\/teiaeducation.ch\\\/de\\\/\"},{\"@type\":\"ListItem\",\"position\":2,\"name\":\"Lehrerbedarf f\u00fcr Vorschulen und Grundschulen\"}]},{\"@type\":\"WebSite\",\"@id\":\"https:\\\/\\\/teiaeducation.ch\\\/de\\\/#website\",\"url\":\"https:\\\/\\\/teiaeducation.ch\\\/de\\\/\",\"name\":\"Sustainable Educational Products &amp; Ecological Toys\u00a0\",\"description\":\"Specialised Swiss shop selling sustainable educational toys and games, AMI certified Montessori materials, handmade ecological wooden Waldorf toys and arts &amp; crafts supplies, school supplies, children&#039;s furniture and Montessori reference and parenting books.\",\"publisher\":{\"@id\":\"https:\\\/\\\/teiaeducation.ch\\\/de\\\/#organization\"},\"alternateName\":\"Teia Education & Play\",\"potentialAction\":[{\"@type\":\"SearchAction\",\"target\":{\"@type\":\"EntryPoint\",\"urlTemplate\":\"https:\\\/\\\/teiaeducation.ch\\\/de\\\/?s={search_term_string}\"},\"query-input\":{\"@type\":\"PropertyValueSpecification\",\"valueRequired\":true,\"valueName\":\"search_term_string\"}}],\"inLanguage\":\"de-CH\"},{\"@type\":\"Organization\",\"@id\":\"https:\\\/\\\/teiaeducation.ch\\\/de\\\/#organization\",\"name\":\"Teia Education & Play\",\"url\":\"https:\\\/\\\/teiaeducation.ch\\\/de\\\/\",\"logo\":{\"@type\":\"ImageObject\",\"inLanguage\":\"de-CH\",\"@id\":\"https:\\\/\\\/teiaeducation.ch\\\/de\\\/#\\\/schema\\\/logo\\\/image\\\/\",\"url\":\"https:\\\/\\\/teiaeducation.ch\\\/wp-content\\\/uploads\\\/2020\\\/11\\\/Teia-Education-Switzerland-e1620156442216.jpg\",\"contentUrl\":\"https:\\\/\\\/teiaeducation.ch\\\/wp-content\\\/uploads\\\/2020\\\/11\\\/Teia-Education-Switzerland-e1620156442216.jpg\",\"width\":166,\"height\":145,\"caption\":\"Teia Education & Play\"},\"image\":{\"@id\":\"https:\\\/\\\/teiaeducation.ch\\\/de\\\/#\\\/schema\\\/logo\\\/image\\\/\"},\"sameAs\":[\"https:\\\/\\\/www.facebook.com\\\/teiaeducation\\\/\",\"https:\\\/\\\/x.com\\\/EducationTeia\",\"https:\\\/\\\/www.instagram.com\\\/teia.education\\\/\",\"https:\\\/\\\/www.linkedin.com\\\/company\\\/35501660\",\"https:\\\/\\\/www.pinterest.ch\\\/TeiaEducation\\\/\"]}]}<\/script>\n<!-- \/ Yoast SEO Premium plugin. -->","yoast_head_json":{"title":"Laden f\u00fcr Lehrerbedarf und Montessori Material f\u00fcr Schulen","description":"Laden f\u00fcr hochwertiges Lehrerbedarf wie Entwicklungsspielzeug, Montessori Material, Waldorfspielzeug, Kreativmaterial und M\u00f6bel f\u00fcr Schulen.","robots":{"index":"index","follow":"follow","max-snippet":"max-snippet:-1","max-image-preview":"max-image-preview:large","max-video-preview":"max-video-preview:-1"},"canonical":"https:\/\/teiaeducation.ch\/de\/vorschul-und-grundschulbedarf-entwicklungsspielzeug-montessori-material\/","og_locale":"de_DE","og_type":"article","og_title":"Lehrerbedarf f\u00fcr Vorschulen und Grundschulen","og_description":"Laden f\u00fcr hochwertiges Lehrerbedarf wie Entwicklungsspielzeug, Montessori Material, Waldorfspielzeug, Kreativmaterial und M\u00f6bel f\u00fcr Schulen.","og_url":"https:\/\/teiaeducation.ch\/de\/vorschul-und-grundschulbedarf-entwicklungsspielzeug-montessori-material\/","og_site_name":"Sustainable Educational Products &amp; Ecological Toys\u00a0","article_publisher":"https:\/\/www.facebook.com\/teiaeducation\/","article_modified_time":"2022-11-11T07:41:40+00:00","og_image":[{"width":1200,"height":800,"url":"https:\/\/teiaeducation.ch\/wp-content\/uploads\/2019\/03\/AdobeStock_154984903.jpeg","type":"image\/jpeg"}],"schema":{"@context":"https:\/\/schema.org","@graph":[{"@type":"WebPage","@id":"https:\/\/teiaeducation.ch\/de\/vorschul-und-grundschulbedarf-entwicklungsspielzeug-montessori-material\/","url":"https:\/\/teiaeducation.ch\/de\/vorschul-und-grundschulbedarf-entwicklungsspielzeug-montessori-material\/","name":"Laden f\u00fcr Lehrerbedarf und Montessori Material f\u00fcr Schulen","isPartOf":{"@id":"https:\/\/teiaeducation.ch\/de\/#website"},"primaryImageOfPage":{"@id":"https:\/\/teiaeducation.ch\/de\/vorschul-und-grundschulbedarf-entwicklungsspielzeug-montessori-material\/#primaryimage"},"image":{"@id":"https:\/\/teiaeducation.ch\/de\/vorschul-und-grundschulbedarf-entwicklungsspielzeug-montessori-material\/#primaryimage"},"thumbnailUrl":"https:\/\/teiaeducation.ch\/wp-content\/uploads\/2019\/03\/AdobeStock_154984903.jpeg","datePublished":"2021-11-24T10:57:59+00:00","dateModified":"2022-11-11T07:41:40+00:00","description":"Laden f\u00fcr hochwertiges Lehrerbedarf wie Entwicklungsspielzeug, Montessori Material, Waldorfspielzeug, Kreativmaterial und M\u00f6bel f\u00fcr Schulen.","breadcrumb":{"@id":"https:\/\/teiaeducation.ch\/de\/vorschul-und-grundschulbedarf-entwicklungsspielzeug-montessori-material\/#breadcrumb"},"inLanguage":"de-CH","potentialAction":[{"@type":"ReadAction","target":["https:\/\/teiaeducation.ch\/de\/vorschul-und-grundschulbedarf-entwicklungsspielzeug-montessori-material\/"]}]},{"@type":"ImageObject","inLanguage":"de-CH","@id":"https:\/\/teiaeducation.ch\/de\/vorschul-und-grundschulbedarf-entwicklungsspielzeug-montessori-material\/#primaryimage","url":"https:\/\/teiaeducation.ch\/wp-content\/uploads\/2019\/03\/AdobeStock_154984903.jpeg","contentUrl":"https:\/\/teiaeducation.ch\/wp-content\/uploads\/2019\/03\/AdobeStock_154984903.jpeg","width":1200,"height":800,"caption":"Laden f\u00fcr hochwertiges Schulbedarf wie Entwicklungsspielzeug, Montessori-Material, Waldorfspielzeug, Kreativmaterial und M\u00f6bel f\u00fcr Schulen."},{"@type":"BreadcrumbList","@id":"https:\/\/teiaeducation.ch\/de\/vorschul-und-grundschulbedarf-entwicklungsspielzeug-montessori-material\/#breadcrumb","itemListElement":[{"@type":"ListItem","position":1,"name":"Home","item":"https:\/\/teiaeducation.ch\/de\/"},{"@type":"ListItem","position":2,"name":"Lehrerbedarf f\u00fcr Vorschulen und Grundschulen"}]},{"@type":"WebSite","@id":"https:\/\/teiaeducation.ch\/de\/#website","url":"https:\/\/teiaeducation.ch\/de\/","name":"Sustainable Educational Products &amp; Ecological Toys\u00a0","description":"Specialised Swiss shop selling sustainable educational toys and games, AMI certified Montessori materials, handmade ecological wooden Waldorf toys and arts &amp; crafts supplies, school supplies, children&#039;s furniture and Montessori reference and parenting books.","publisher":{"@id":"https:\/\/teiaeducation.ch\/de\/#organization"},"alternateName":"Teia Education & Play","potentialAction":[{"@type":"SearchAction","target":{"@type":"EntryPoint","urlTemplate":"https:\/\/teiaeducation.ch\/de\/?s={search_term_string}"},"query-input":{"@type":"PropertyValueSpecification","valueRequired":true,"valueName":"search_term_string"}}],"inLanguage":"de-CH"},{"@type":"Organization","@id":"https:\/\/teiaeducation.ch\/de\/#organization","name":"Teia Education & Play","url":"https:\/\/teiaeducation.ch\/de\/","logo":{"@type":"ImageObject","inLanguage":"de-CH","@id":"https:\/\/teiaeducation.ch\/de\/#\/schema\/logo\/image\/","url":"https:\/\/teiaeducation.ch\/wp-content\/uploads\/2020\/11\/Teia-Education-Switzerland-e1620156442216.jpg","contentUrl":"https:\/\/teiaeducation.ch\/wp-content\/uploads\/2020\/11\/Teia-Education-Switzerland-e1620156442216.jpg","width":166,"height":145,"caption":"Teia Education & Play"},"image":{"@id":"https:\/\/teiaeducation.ch\/de\/#\/schema\/logo\/image\/"},"sameAs":["https:\/\/www.facebook.com\/teiaeducation\/","https:\/\/x.com\/EducationTeia","https:\/\/www.instagram.com\/teia.education\/","https:\/\/www.linkedin.com\/company\/35501660","https:\/\/www.pinterest.ch\/TeiaEducation\/"]}]}},"_links":{"self":[{"href":"https:\/\/teiaeducation.ch\/de\/wp-json\/wp\/v2\/pages\/41975","targetHints":{"allow":["GET"]}}],"collection":[{"href":"https:\/\/teiaeducation.ch\/de\/wp-json\/wp\/v2\/pages"}],"about":[{"href":"https:\/\/teiaeducation.ch\/de\/wp-json\/wp\/v2\/types\/page"}],"author":[{"embeddable":true,"href":"https:\/\/teiaeducation.ch\/de\/wp-json\/wp\/v2\/users\/1"}],"replies":[{"embeddable":true,"href":"https:\/\/teiaeducation.ch\/de\/wp-json\/wp\/v2\/comments?post=41975"}],"version-history":[{"count":0,"href":"https:\/\/teiaeducation.ch\/de\/wp-json\/wp\/v2\/pages\/41975\/revisions"}],"wp:featuredmedia":[{"embeddable":true,"href":"https:\/\/teiaeducation.ch\/de\/wp-json\/wp\/v2\/media\/41662"}],"wp:attachment":[{"href":"https:\/\/teiaeducation.ch\/de\/wp-json\/wp\/v2\/media?parent=41975"}],"curies":[{"name":"wp","href":"https:\/\/api.w.org\/{rel}","templated":true}]}}