{"id":41987,"date":"2021-11-24T13:37:12","date_gmt":"2021-11-24T12:37:12","guid":{"rendered":"https:\/\/teiaeducation.ch\/vorschul-und-grundschulbedarf-entwicklungsspielzeug-montessori-material\/zubehoer-fuer-montessori-schulen\/"},"modified":"2022-01-11T09:25:23","modified_gmt":"2022-01-11T08:25:23","slug":"material-und-moebel-fuer-montessori-schulen","status":"publish","type":"page","link":"https:\/\/teiaeducation.ch\/de\/vorschul-und-grundschulbedarf-entwicklungsspielzeug-montessori-material\/material-und-moebel-fuer-montessori-schulen\/","title":{"rendered":"Material und M\u00f6bel f\u00fcr Montessori Schulen"},"content":{"rendered":"\n  <div class=\"banner has-hover hide-for-small\" id=\"banner-1579796061\">\n          <div class=\"banner-inner fill\">\n        <div class=\"banner-bg fill\" >\n            <img loading=\"lazy\" decoding=\"async\" width=\"1020\" height=\"574\" src=\"https:\/\/teiaeducation.ch\/wp-content\/uploads\/2020\/08\/Montessori-school-1400x788.jpg\" class=\"bg attachment-large size-large\" alt=\"Montessori school\" \/>                                    \n                    <\/div>\n\t\t\n        <div class=\"banner-layers container\">\n            <div class=\"fill banner-link\"><\/div>            \n\n   <div id=\"text-box-692062625\" class=\"text-box banner-layer x50 md-x50 lg-x50 y50 md-y50 lg-y50 res-text\">\n                                <div class=\"text-box-content text \">\n              \n              <div class=\"text-inner text-center\">\n                  \n\n<h6 style=\"text-align: center;\">Teia Education &amp; play<\/h6>\n<h1 class=\"uppercase\" style=\"text-align: center;\"><span style=\"font-size: 80%;\">Montessori <br \/><\/span><span style=\"font-size: 80%;\">Schulen<\/span><\/h1>\n\n              <\/div>\n           <\/div>\n                            \n<style>\n#text-box-692062625 .text-box-content {\n  background-color: rgba(255, 255, 255, 0.77);\n  font-size: 100%;\n}\n#text-box-692062625 .text-inner {\n  padding: 30px 30px 18px 30px;\n}\n#text-box-692062625 {\n  width: 77%;\n}\n@media (min-width:550px) {\n  #text-box-692062625 {\n    width: 60%;\n  }\n}\n<\/style>\n    <\/div>\n \n\n        <\/div>\n      <\/div>\n\n            \n<style>\n#banner-1579796061 {\n  padding-top: 88px;\n  background-color: rgb(0,0,0);\n}\n#banner-1579796061 .banner-bg img {\n  object-position: 0% 54%;\n}\n@media (min-width:550px) {\n  #banner-1579796061 {\n    padding-top: 300px;\n  }\n}\n<\/style>\n  <\/div>\n\n\n\t<div id=\"gap-1917015248\" class=\"gap-element clearfix hide-for-small\" style=\"display:block; height:auto;\">\n\t\t\n<style>\n#gap-1917015248 {\n  padding-top: 30px;\n}\n<\/style>\n\t<\/div>\n\t\n\t<div id=\"gap-1564980717\" class=\"gap-element clearfix\" style=\"display:block; height:auto;\">\n\t\t\n<style>\n#gap-1564980717 {\n  padding-top: 30px;\n}\n<\/style>\n\t<\/div>\n\t\n<div class=\"row\"  id=\"row-733445256\">\n\n\t<div id=\"col-1245922339\" class=\"col small-12 large-12\"  >\n\t\t\t\t<div class=\"col-inner\"  >\n\t\t\t\n\t\t\t\n<h2>Material und M\u00f6bel f\u00fcr Montessori Schulen<\/h2>\n<p>Wir von Teia Education &amp; Play liefern Montessori Material an Montessori Schulen, Lehrern \u00f6ffentlicher und privater Schulen und Beratern &#8211; nicht nur in der Schweiz, sondern auf der ganzen Welt!<\/p>\n<h2>Warum mit uns arbeiten?<\/h2>\n<p>Wir bem\u00fchen uns um einen exzellenten Kundenservice und bieten ihnen eine fachkundige Beratung. Wir sind der offizielle Schweizer Shop und Flagship Distributor der von der Association Montessori Internationale (<a href=\"https:\/\/montessori-ami.org\">AMI<\/a>) zertifizierten Heutink International Marken <a href=\"https:\/\/teiaeducation.ch\/de\/produkt-kategorie\/unsere-marken\/nienhuis-montessori-schweiz\/\">Nienhuis Montessori<\/a> und <a href=\"https:\/\/teiaeducation.ch\/de\/produkt-kategorie\/unsere-marken\/gonzagarredi-montessori-de\/\">Gonzagarredi Montessori<\/a>.<\/p>\n<p>Unsere hochwertigen und originellen <a href=\"https:\/\/teiaeducation.ch\/de\/produkt-kategorie\/bildungsmethode\/montessori-paedagogik-material-spielzeug\/\">Montessori Materialien<\/a>, M\u00f6bel und Lehrplanunterst\u00fctzungen erf\u00fcllen garantiert die Anforderungen der p\u00e4dagogischen Methode Maria Montessoris in Bezug auf spontanes Lernen und sind die nat\u00fcrliche Wahl f\u00fcr Montessori Schulen und viele andere Arten von Bildungseinrichtungen.<\/p>\n<p>Unser Montessori Material eignet sich auch hervorragend zur Unterst\u00fctzung von Therapieumgebungen, denn wir liefern auch an Spezialschulen, die Kinder mit mittleren bis schweren geistigen Behinderungen aufnehmen, (Kinder-)Psychologen und Psychiater sowie Alten- und Pflegeheime (&#8220;Montessori f\u00fcr \u00e4ltere Menschen&#8221;).<\/p>\n<p>Neben dem kompletten Sortiment an AMI-zertifizierten Materialien von Nienhuis und Gonzagarredi Montessori bieten wir ein sorgf\u00e4ltig ausgew\u00e4hltes Sortiment an hochwertigen Lehr- und <a href=\"https:\/\/teiaeducation.ch\/de\/produkt-kategorie\/lernthemen\/\">Lernmaterialien<\/a>, Montessori inspiriertes Spielzeug, Puzzles, Figuren und Kreativmaterialien, die jede vorbereitete Montessori-Umgebung erg\u00e4nzen.<\/p>\n<p>Gerne er\u00f6ffnen wir f\u00fcr Sie ein Konto und erm\u00f6glichen Ihnen den Zugang zu unserem Schulportal, wo Sie unsere Markenkataloge und Preislisten herunterladen k\u00f6nnen.<\/p>\n<h2>Rabatt und kostenlose Lieferung<\/h2>\n<p>Wir bieten Montessori Schulen auf der ganzen Welt Sonderpreise und Rabatte an auf unser Material, und Sie werden auch von Sonderangeboten profitieren, die wir das ganze Jahr \u00fcber mit unseren Lieferanten aushandeln.<\/p>\n<p>Die Lieferung ist kostenlos (nur in der Schweiz) ab einem Bestellwert von 120 Schweizer Franken.<\/p>\n<h2>Zertifizierter Lieferant<\/h2>\n<p>Wir sind Mitglied der Association Montessori Suisse (<a href=\"https:\/\/www.montessori-suisse.ch\/\">AMS<\/a>) und setzen uns aktiv f\u00fcr den Schutz des Namens Montessori in der Schweiz und f\u00fcr alle Institutionen und Personen ein, die die Qualit\u00e4tskriterien der Montessori-P\u00e4dagogik erf\u00fcllen wollen.<\/p>\n<p>Um Ihnen zus\u00e4tzliche Sicherheit zu geben, wurden wir von der Beschaffungsabteilung verschiedener Schweizer Kantone vorab genehmigt und haben Vereinbarungen zur Lieferung an \u00f6ffentliche Schulen und Lehrer abgeschlossen:<\/p>\n<p>Teia Education &amp; Play ist offizieller Lieferant der Centrale commune d&#8217;achats (<a href=\"https:\/\/ge.ch\/annuaire\/service\/2317\">CCA<\/a>) des Kantons Genf sowie der Direction des achats et de la logistique (<a href=\"https:\/\/www.vd.ch\/toutes-les-autorites\/departements\/departement-des-finances-et-des-relations-exterieures-dfire\/direction-generale-des-immeubles-et-du-patrimoine-dgip\/dal\/\">DAL<\/a>) des Kantons Waadt.<\/p>\n<p>Unser Angebot an p\u00e4dagogischem (Montessori-) Material und Entwicklungsspielzeug ist vom Departement f\u00fcr \u00f6ffentliche Bildung, Erziehung und Jugend (<a href=\"https:\/\/www.ge.ch\/organisation\/departement-instruction-publique-formation-jeunesse-dip\">DIP<\/a>) sowie vom Service de l\u2019enseignement priv\u00e9 (<a href=\"https:\/\/www.ge.ch\/organisation\/service-enseignement-prive\">SEP<\/a>) des Kantons Genf anerkannt.<\/p>\n<h2>Verwaltungsrechnung<\/h2>\n<p>Bestellungen von Schulen und Lehrern k\u00f6nnen \u00fcber unseren Webshop aufgegeben werden, aber wir empfehlen Ihnen, sich direkt an <a href=\"mailto:in**@***********on.ch\" data-original-string=\"FtH4riimDDqqPM\/iOnvX6A==7eaZNfPYOwbSbwJ6B414jMZvS2cWAFCkIzR\/tf88hlprOg=\" title=\"Dieser Kontakt wurde von Anti-Spam by CleanTalk verschl\u00fcsselt. Klicken Sie hier, um ihn zu entschl\u00fcsseln. Sollte der Kontakt danach nicht angezeigt werden, \u00fcberpr\u00fcfen Sie bitte, dass JavaScript in Ihrem Browser aktiviert ist.\">uns zu wenden<\/a>, um von unseren Sonderpreisen, Rabatten und Bestellungen auf Rechnung zu profitieren.<\/p>\n<p>F\u00fcr jede Bestellung wird eine detaillierte Rechnung f\u00fcr die Schulverwaltung erstellt.<\/p>\n<h2>Montessori M\u00f6bel<\/h2>\n<p>Mit den richtigen M\u00f6beln und Aufbewahrungsl\u00f6sungen wird ein Klassenzimmer oder eine vorbereitete Lernumgebung zu einem Ort, an dem Kinder sich wohlf\u00fchlen, lernen, sich entwickeln und gedeihen k\u00f6nnen.<\/p>\n<p>Unsere Montessori <a href=\"https:\/\/teiaeducation.ch\/de\/produkt-kategorie\/klassenzimmer-essenzien\/moebel-lagerung\/\">M\u00f6bel<\/a> sind so konzipiert, dass sie sich an die Gr\u00f6\u00dfe des Kindes anpassen und ihm erm\u00f6glichen, seine Unabh\u00e4ngigkeit zu entwickeln. Wir bieten das gesamte Sortiment an M\u00f6beln f\u00fcr Kleinkinder, Kinderg\u00e4rten und Grundschulen der AMI-zertifizierten Marken Nienhuis und Gonzagarredi.<\/p>\n<h2>Lassen Sie uns Ihr Klassenzimmer gestalten!<\/h2>\n<p>Er\u00f6ffnen Sie eine Montessori Schule, wollen Sie eine von Montessori inspirierte Lernumgebung einrichten oder bestehende Ressourcen auffrischen?<\/p>\n<p>In Zusammenarbeit mit unseren Marken Gonzagarredi und Nienhuis Montessori bieten wir ein aufregendes neues Konzept an &#8211; ein ma\u00dfgeschneidertes Klassenzimmer mit 2D\/3D-Technologie, das ausschlie\u00dflich nach Ihren W\u00fcnschen und unter Verwendung der besten Qualit\u00e4tsm\u00f6bel und Aufbewahrungsl\u00f6sungen entworfen und gestaltet wird.<\/p>\n<p>Dieser Service ist v\u00f6llig kostenlos und wir k\u00f6nnen Ihnen einen unverbindlichen Kostenvoranschlag unterbreiten. Bitte <a href=\"https:\/\/teiaeducation.ch\/de\/kontakt\/\">kontaktieren<\/a> Sie uns f\u00fcr weitere Details.<\/p>\n<h2>Nachschlagewerke und Montessori AMI-Ausbildungsb\u00fccher<\/h2>\n<p>F\u00fcr Montessori-Lehrer und Studenten der AMI-Diplom- und Zertifikatskurse bieten wir eine umfangreiche Bibliothek mit allen von Nienhuis Montessori vertriebenen <a href=\"https:\/\/teiaeducation.ch\/de\/produkt-kategorie\/lernunterstuetzung\/referenz-buecher\/montessori-buecher\/\">Montessori B\u00fcchern<\/a> sowie die von der Montessori-Pierson Publishing Company ver\u00f6ffentlichten B\u00fccher und bisher unver\u00f6ffentlichten Schriften von Dr. Maria Montessori.<\/p>\n<h2>Kostenloses Informationsangebot<\/h2>\n<p>Wir bieten zahlreiche Dienstleistungen an, die auf Ihre individuellen Bed\u00fcrfnisse zugeschnitten sind. Wenn Sie mit uns besprechen m\u00f6chten, wie wir Ihnen in Ihrer Schule behilflich sein k\u00f6nnen, oder wenn Sie eine Preisliste unserer Marken, ein detailliertes, unverbindliches Informationsangebot oder einen ma\u00dfgeschneiderten Plan f\u00fcr Ihr Klassenzimmer erhalten m\u00f6chten, z\u00f6gern Sie nicht, uns zu kontaktieren.<\/p>\n<p>Sobald die Reisebeschr\u00e4nkungen aufgehoben sind, kommen wir gerne zu Ihnen und demonstrieren Ihnen unsere Produkte (nur in der Schweiz). In der Zwischenzeit k\u00f6nnen wir Treffen und Demonstrationen per Videokonferenz organisieren.<\/p>\n<p>Wir sprechen flie\u00dfend Franz\u00f6sisch, Englisch, Niederl\u00e4ndisch und Deutsch.<\/p>\n\t\t<\/div>\n\t\t\t\t\t<\/div>\n\n\t\n<\/div>\n","protected":false},"excerpt":{"rendered":"","protected":false},"author":1,"featured_media":41692,"parent":41975,"menu_order":0,"comment_status":"closed","ping_status":"closed","template":"page-blank.php","meta":{"footnotes":""},"class_list":["post-41987","page","type-page","status-publish","has-post-thumbnail","hentry"],"yoast_head":"<!-- This site is optimized with the Yoast SEO Premium plugin v25.8 (Yoast SEO v27.4) - https:\/\/yoast.com\/product\/yoast-seo-premium-wordpress\/ -->\n<title>Spezialisierter Lieferant von Material | Montessori Schulen &amp; Grundschulen<\/title>\n<meta name=\"description\" content=\"Spezialisierter Lieferant f\u00fcr Montessori Schulen und Grundschulen mit (AMI) zertifiziertem Montessori Material von Nienhuis und Gonzagarredi.\" \/>\n<meta name=\"robots\" content=\"index, follow, max-snippet:-1, max-image-preview:large, max-video-preview:-1\" \/>\n<link rel=\"canonical\" href=\"https:\/\/teiaeducation.ch\/de\/vorschul-und-grundschulbedarf-entwicklungsspielzeug-montessori-material\/material-und-moebel-fuer-montessori-schulen\/\" \/>\n<meta property=\"og:locale\" content=\"de_DE\" \/>\n<meta property=\"og:type\" content=\"article\" \/>\n<meta property=\"og:title\" content=\"Material und M\u00f6bel f\u00fcr Montessori Schulen\" \/>\n<meta property=\"og:description\" content=\"Spezialisierter Lieferant f\u00fcr Montessori Schulen und Grundschulen mit (AMI) zertifiziertem Montessori Material von Nienhuis und Gonzagarredi.\" \/>\n<meta property=\"og:url\" content=\"https:\/\/teiaeducation.ch\/de\/vorschul-und-grundschulbedarf-entwicklungsspielzeug-montessori-material\/material-und-moebel-fuer-montessori-schulen\/\" \/>\n<meta property=\"og:site_name\" content=\"Sustainable Educational Products &amp; Ecological Toys\u00a0\" \/>\n<meta property=\"article:publisher\" content=\"https:\/\/www.facebook.com\/teiaeducation\/\" \/>\n<meta property=\"article:modified_time\" content=\"2022-01-11T08:25:23+00:00\" \/>\n<meta property=\"og:image\" content=\"https:\/\/teiaeducation.ch\/wp-content\/uploads\/2020\/09\/Teia-Education-Switzerland-Nienhuis-Montessori.jpg\" \/>\n\t<meta property=\"og:image:width\" content=\"500\" \/>\n\t<meta property=\"og:image:height\" content=\"231\" \/>\n\t<meta property=\"og:image:type\" content=\"image\/jpeg\" \/>\n<script type=\"application\/ld+json\" class=\"yoast-schema-graph\">{\"@context\":\"https:\\\/\\\/schema.org\",\"@graph\":[{\"@type\":\"WebPage\",\"@id\":\"https:\\\/\\\/teiaeducation.ch\\\/de\\\/vorschul-und-grundschulbedarf-entwicklungsspielzeug-montessori-material\\\/material-und-moebel-fuer-montessori-schulen\\\/\",\"url\":\"https:\\\/\\\/teiaeducation.ch\\\/de\\\/vorschul-und-grundschulbedarf-entwicklungsspielzeug-montessori-material\\\/material-und-moebel-fuer-montessori-schulen\\\/\",\"name\":\"Spezialisierter Lieferant von Material | Montessori Schulen & Grundschulen\",\"isPartOf\":{\"@id\":\"https:\\\/\\\/teiaeducation.ch\\\/de\\\/#website\"},\"primaryImageOfPage\":{\"@id\":\"https:\\\/\\\/teiaeducation.ch\\\/de\\\/vorschul-und-grundschulbedarf-entwicklungsspielzeug-montessori-material\\\/material-und-moebel-fuer-montessori-schulen\\\/#primaryimage\"},\"image\":{\"@id\":\"https:\\\/\\\/teiaeducation.ch\\\/de\\\/vorschul-und-grundschulbedarf-entwicklungsspielzeug-montessori-material\\\/material-und-moebel-fuer-montessori-schulen\\\/#primaryimage\"},\"thumbnailUrl\":\"https:\\\/\\\/teiaeducation.ch\\\/wp-content\\\/uploads\\\/2020\\\/09\\\/Teia-Education-Switzerland-Nienhuis-Montessori.jpg\",\"datePublished\":\"2021-11-24T12:37:12+00:00\",\"dateModified\":\"2022-01-11T08:25:23+00:00\",\"description\":\"Spezialisierter Lieferant f\u00fcr Montessori Schulen und Grundschulen mit (AMI) zertifiziertem Montessori Material von Nienhuis und Gonzagarredi.\",\"breadcrumb\":{\"@id\":\"https:\\\/\\\/teiaeducation.ch\\\/de\\\/vorschul-und-grundschulbedarf-entwicklungsspielzeug-montessori-material\\\/material-und-moebel-fuer-montessori-schulen\\\/#breadcrumb\"},\"inLanguage\":\"de-CH\",\"potentialAction\":[{\"@type\":\"ReadAction\",\"target\":[\"https:\\\/\\\/teiaeducation.ch\\\/de\\\/vorschul-und-grundschulbedarf-entwicklungsspielzeug-montessori-material\\\/material-und-moebel-fuer-montessori-schulen\\\/\"]}]},{\"@type\":\"ImageObject\",\"inLanguage\":\"de-CH\",\"@id\":\"https:\\\/\\\/teiaeducation.ch\\\/de\\\/vorschul-und-grundschulbedarf-entwicklungsspielzeug-montessori-material\\\/material-und-moebel-fuer-montessori-schulen\\\/#primaryimage\",\"url\":\"https:\\\/\\\/teiaeducation.ch\\\/wp-content\\\/uploads\\\/2020\\\/09\\\/Teia-Education-Switzerland-Nienhuis-Montessori.jpg\",\"contentUrl\":\"https:\\\/\\\/teiaeducation.ch\\\/wp-content\\\/uploads\\\/2020\\\/09\\\/Teia-Education-Switzerland-Nienhuis-Montessori.jpg\",\"width\":500,\"height\":231,\"caption\":\"Spezialisierter Lieferant f\u00fcr Montessori Schulen und Grundschulen mit (AMI) zertifiziertem Montessori Material von Nienhuis und Gonzagarredi.\"},{\"@type\":\"BreadcrumbList\",\"@id\":\"https:\\\/\\\/teiaeducation.ch\\\/de\\\/vorschul-und-grundschulbedarf-entwicklungsspielzeug-montessori-material\\\/material-und-moebel-fuer-montessori-schulen\\\/#breadcrumb\",\"itemListElement\":[{\"@type\":\"ListItem\",\"position\":1,\"name\":\"Home\",\"item\":\"https:\\\/\\\/teiaeducation.ch\\\/de\\\/\"},{\"@type\":\"ListItem\",\"position\":2,\"name\":\"Lehrerbedarf f\u00fcr Vorschulen und Grundschulen\",\"item\":\"https:\\\/\\\/teiaeducation.ch\\\/de\\\/vorschul-und-grundschulbedarf-entwicklungsspielzeug-montessori-material\\\/\"},{\"@type\":\"ListItem\",\"position\":3,\"name\":\"Material und M\u00f6bel f\u00fcr Montessori Schulen\"}]},{\"@type\":\"WebSite\",\"@id\":\"https:\\\/\\\/teiaeducation.ch\\\/de\\\/#website\",\"url\":\"https:\\\/\\\/teiaeducation.ch\\\/de\\\/\",\"name\":\"Sustainable Educational Products &amp; Ecological Toys\u00a0\",\"description\":\"Specialised Swiss shop selling sustainable educational toys and games, AMI certified Montessori materials, handmade ecological wooden Waldorf toys and arts &amp; crafts supplies, school supplies, children&#039;s furniture and Montessori reference and parenting books.\",\"publisher\":{\"@id\":\"https:\\\/\\\/teiaeducation.ch\\\/de\\\/#organization\"},\"alternateName\":\"Teia Education & Play\",\"potentialAction\":[{\"@type\":\"SearchAction\",\"target\":{\"@type\":\"EntryPoint\",\"urlTemplate\":\"https:\\\/\\\/teiaeducation.ch\\\/de\\\/?s={search_term_string}\"},\"query-input\":{\"@type\":\"PropertyValueSpecification\",\"valueRequired\":true,\"valueName\":\"search_term_string\"}}],\"inLanguage\":\"de-CH\"},{\"@type\":\"Organization\",\"@id\":\"https:\\\/\\\/teiaeducation.ch\\\/de\\\/#organization\",\"name\":\"Teia Education & Play\",\"url\":\"https:\\\/\\\/teiaeducation.ch\\\/de\\\/\",\"logo\":{\"@type\":\"ImageObject\",\"inLanguage\":\"de-CH\",\"@id\":\"https:\\\/\\\/teiaeducation.ch\\\/de\\\/#\\\/schema\\\/logo\\\/image\\\/\",\"url\":\"https:\\\/\\\/teiaeducation.ch\\\/wp-content\\\/uploads\\\/2020\\\/11\\\/Teia-Education-Switzerland-e1620156442216.jpg\",\"contentUrl\":\"https:\\\/\\\/teiaeducation.ch\\\/wp-content\\\/uploads\\\/2020\\\/11\\\/Teia-Education-Switzerland-e1620156442216.jpg\",\"width\":166,\"height\":145,\"caption\":\"Teia Education & Play\"},\"image\":{\"@id\":\"https:\\\/\\\/teiaeducation.ch\\\/de\\\/#\\\/schema\\\/logo\\\/image\\\/\"},\"sameAs\":[\"https:\\\/\\\/www.facebook.com\\\/teiaeducation\\\/\",\"https:\\\/\\\/x.com\\\/EducationTeia\",\"https:\\\/\\\/www.instagram.com\\\/teia.education\\\/\",\"https:\\\/\\\/www.linkedin.com\\\/company\\\/35501660\",\"https:\\\/\\\/www.pinterest.ch\\\/TeiaEducation\\\/\"]}]}<\/script>\n<!-- \/ Yoast SEO Premium plugin. -->","yoast_head_json":{"title":"Spezialisierter Lieferant von Material | Montessori Schulen & Grundschulen","description":"Spezialisierter Lieferant f\u00fcr Montessori Schulen und Grundschulen mit (AMI) zertifiziertem Montessori Material von Nienhuis und Gonzagarredi.","robots":{"index":"index","follow":"follow","max-snippet":"max-snippet:-1","max-image-preview":"max-image-preview:large","max-video-preview":"max-video-preview:-1"},"canonical":"https:\/\/teiaeducation.ch\/de\/vorschul-und-grundschulbedarf-entwicklungsspielzeug-montessori-material\/material-und-moebel-fuer-montessori-schulen\/","og_locale":"de_DE","og_type":"article","og_title":"Material und M\u00f6bel f\u00fcr Montessori Schulen","og_description":"Spezialisierter Lieferant f\u00fcr Montessori Schulen und Grundschulen mit (AMI) zertifiziertem Montessori Material von Nienhuis und Gonzagarredi.","og_url":"https:\/\/teiaeducation.ch\/de\/vorschul-und-grundschulbedarf-entwicklungsspielzeug-montessori-material\/material-und-moebel-fuer-montessori-schulen\/","og_site_name":"Sustainable Educational Products &amp; Ecological Toys\u00a0","article_publisher":"https:\/\/www.facebook.com\/teiaeducation\/","article_modified_time":"2022-01-11T08:25:23+00:00","og_image":[{"width":500,"height":231,"url":"https:\/\/teiaeducation.ch\/wp-content\/uploads\/2020\/09\/Teia-Education-Switzerland-Nienhuis-Montessori.jpg","type":"image\/jpeg"}],"schema":{"@context":"https:\/\/schema.org","@graph":[{"@type":"WebPage","@id":"https:\/\/teiaeducation.ch\/de\/vorschul-und-grundschulbedarf-entwicklungsspielzeug-montessori-material\/material-und-moebel-fuer-montessori-schulen\/","url":"https:\/\/teiaeducation.ch\/de\/vorschul-und-grundschulbedarf-entwicklungsspielzeug-montessori-material\/material-und-moebel-fuer-montessori-schulen\/","name":"Spezialisierter Lieferant von Material | Montessori Schulen & Grundschulen","isPartOf":{"@id":"https:\/\/teiaeducation.ch\/de\/#website"},"primaryImageOfPage":{"@id":"https:\/\/teiaeducation.ch\/de\/vorschul-und-grundschulbedarf-entwicklungsspielzeug-montessori-material\/material-und-moebel-fuer-montessori-schulen\/#primaryimage"},"image":{"@id":"https:\/\/teiaeducation.ch\/de\/vorschul-und-grundschulbedarf-entwicklungsspielzeug-montessori-material\/material-und-moebel-fuer-montessori-schulen\/#primaryimage"},"thumbnailUrl":"https:\/\/teiaeducation.ch\/wp-content\/uploads\/2020\/09\/Teia-Education-Switzerland-Nienhuis-Montessori.jpg","datePublished":"2021-11-24T12:37:12+00:00","dateModified":"2022-01-11T08:25:23+00:00","description":"Spezialisierter Lieferant f\u00fcr Montessori Schulen und Grundschulen mit (AMI) zertifiziertem Montessori Material von Nienhuis und Gonzagarredi.","breadcrumb":{"@id":"https:\/\/teiaeducation.ch\/de\/vorschul-und-grundschulbedarf-entwicklungsspielzeug-montessori-material\/material-und-moebel-fuer-montessori-schulen\/#breadcrumb"},"inLanguage":"de-CH","potentialAction":[{"@type":"ReadAction","target":["https:\/\/teiaeducation.ch\/de\/vorschul-und-grundschulbedarf-entwicklungsspielzeug-montessori-material\/material-und-moebel-fuer-montessori-schulen\/"]}]},{"@type":"ImageObject","inLanguage":"de-CH","@id":"https:\/\/teiaeducation.ch\/de\/vorschul-und-grundschulbedarf-entwicklungsspielzeug-montessori-material\/material-und-moebel-fuer-montessori-schulen\/#primaryimage","url":"https:\/\/teiaeducation.ch\/wp-content\/uploads\/2020\/09\/Teia-Education-Switzerland-Nienhuis-Montessori.jpg","contentUrl":"https:\/\/teiaeducation.ch\/wp-content\/uploads\/2020\/09\/Teia-Education-Switzerland-Nienhuis-Montessori.jpg","width":500,"height":231,"caption":"Spezialisierter Lieferant f\u00fcr Montessori Schulen und Grundschulen mit (AMI) zertifiziertem Montessori Material von Nienhuis und Gonzagarredi."},{"@type":"BreadcrumbList","@id":"https:\/\/teiaeducation.ch\/de\/vorschul-und-grundschulbedarf-entwicklungsspielzeug-montessori-material\/material-und-moebel-fuer-montessori-schulen\/#breadcrumb","itemListElement":[{"@type":"ListItem","position":1,"name":"Home","item":"https:\/\/teiaeducation.ch\/de\/"},{"@type":"ListItem","position":2,"name":"Lehrerbedarf f\u00fcr Vorschulen und Grundschulen","item":"https:\/\/teiaeducation.ch\/de\/vorschul-und-grundschulbedarf-entwicklungsspielzeug-montessori-material\/"},{"@type":"ListItem","position":3,"name":"Material und M\u00f6bel f\u00fcr Montessori Schulen"}]},{"@type":"WebSite","@id":"https:\/\/teiaeducation.ch\/de\/#website","url":"https:\/\/teiaeducation.ch\/de\/","name":"Sustainable Educational Products &amp; Ecological Toys\u00a0","description":"Specialised Swiss shop selling sustainable educational toys and games, AMI certified Montessori materials, handmade ecological wooden Waldorf toys and arts &amp; crafts supplies, school supplies, children&#039;s furniture and Montessori reference and parenting books.","publisher":{"@id":"https:\/\/teiaeducation.ch\/de\/#organization"},"alternateName":"Teia Education & Play","potentialAction":[{"@type":"SearchAction","target":{"@type":"EntryPoint","urlTemplate":"https:\/\/teiaeducation.ch\/de\/?s={search_term_string}"},"query-input":{"@type":"PropertyValueSpecification","valueRequired":true,"valueName":"search_term_string"}}],"inLanguage":"de-CH"},{"@type":"Organization","@id":"https:\/\/teiaeducation.ch\/de\/#organization","name":"Teia Education & Play","url":"https:\/\/teiaeducation.ch\/de\/","logo":{"@type":"ImageObject","inLanguage":"de-CH","@id":"https:\/\/teiaeducation.ch\/de\/#\/schema\/logo\/image\/","url":"https:\/\/teiaeducation.ch\/wp-content\/uploads\/2020\/11\/Teia-Education-Switzerland-e1620156442216.jpg","contentUrl":"https:\/\/teiaeducation.ch\/wp-content\/uploads\/2020\/11\/Teia-Education-Switzerland-e1620156442216.jpg","width":166,"height":145,"caption":"Teia Education & Play"},"image":{"@id":"https:\/\/teiaeducation.ch\/de\/#\/schema\/logo\/image\/"},"sameAs":["https:\/\/www.facebook.com\/teiaeducation\/","https:\/\/x.com\/EducationTeia","https:\/\/www.instagram.com\/teia.education\/","https:\/\/www.linkedin.com\/company\/35501660","https:\/\/www.pinterest.ch\/TeiaEducation\/"]}]}},"_links":{"self":[{"href":"https:\/\/teiaeducation.ch\/de\/wp-json\/wp\/v2\/pages\/41987","targetHints":{"allow":["GET"]}}],"collection":[{"href":"https:\/\/teiaeducation.ch\/de\/wp-json\/wp\/v2\/pages"}],"about":[{"href":"https:\/\/teiaeducation.ch\/de\/wp-json\/wp\/v2\/types\/page"}],"author":[{"embeddable":true,"href":"https:\/\/teiaeducation.ch\/de\/wp-json\/wp\/v2\/users\/1"}],"replies":[{"embeddable":true,"href":"https:\/\/teiaeducation.ch\/de\/wp-json\/wp\/v2\/comments?post=41987"}],"version-history":[{"count":13,"href":"https:\/\/teiaeducation.ch\/de\/wp-json\/wp\/v2\/pages\/41987\/revisions"}],"predecessor-version":[{"id":43546,"href":"https:\/\/teiaeducation.ch\/de\/wp-json\/wp\/v2\/pages\/41987\/revisions\/43546"}],"up":[{"embeddable":true,"href":"https:\/\/teiaeducation.ch\/de\/wp-json\/wp\/v2\/pages\/41975"}],"wp:featuredmedia":[{"embeddable":true,"href":"https:\/\/teiaeducation.ch\/de\/wp-json\/wp\/v2\/media\/41692"}],"wp:attachment":[{"href":"https:\/\/teiaeducation.ch\/de\/wp-json\/wp\/v2\/media?parent=41987"}],"curies":[{"name":"wp","href":"https:\/\/api.w.org\/{rel}","templated":true}]}}