{"id":41999,"date":"2021-11-24T14:37:39","date_gmt":"2021-11-24T13:37:39","guid":{"rendered":"https:\/\/teiaeducation.ch\/waldorf-steiner-schulen-spielzeug\/"},"modified":"2024-10-16T14:35:18","modified_gmt":"2024-10-16T12:35:18","slug":"spielzeug-und-natuerlichen-kreatives-materialien-fuer-waldorf-steiner-schulen","status":"publish","type":"page","link":"https:\/\/teiaeducation.ch\/de\/spielzeug-und-natuerlichen-kreatives-materialien-fuer-waldorf-steiner-schulen\/","title":{"rendered":"Spielzeug und nat\u00fcrlichen Kreatives Materialien f\u00fcr Waldorf Steiner Schulen"},"content":{"rendered":"\n  <div class=\"banner has-hover hide-for-small\" id=\"banner-266956300\">\n          <div class=\"banner-inner fill\">\n        <div class=\"banner-bg fill\" >\n            <img fetchpriority=\"high\" decoding=\"async\" width=\"1020\" height=\"690\" src=\"https:\/\/teiaeducation.ch\/wp-content\/uploads\/2021\/06\/Waldorf-Steiner-schools-supplies-1182x800.png\" class=\"bg attachment-large size-large\" alt=\"Waldorf Steiner schools supplies\" \/>                                    \n                    <\/div>\n\t\t\n        <div class=\"banner-layers container\">\n            <div class=\"fill banner-link\"><\/div>            \r\n\r\n   <div id=\"text-box-907266454\" class=\"text-box banner-layer x50 md-x50 lg-x50 y50 md-y50 lg-y50 res-text\">\n                                <div class=\"text-box-content text \">\n              \n              <div class=\"text-inner text-center\">\n                  \r\n<h6 style=\"text-align: center;\">Teia Education &amp; play<\/h6>\r\n<h1 class=\"uppercase\" style=\"text-align: center;\"><span style=\"font-size: 80%;\">Rudolf Steiner <\/span><span style=\"font-size: 80%;\">schulen <\/span><span style=\"font-size: 80%;\">\/ WALDORFSCHULE<\/span><\/h1>\r\n              <\/div>\n           <\/div>\n                            \n<style>\n#text-box-907266454 .text-box-content {\n  background-color: rgba(255, 255, 255, 0.77);\n  font-size: 100%;\n}\n#text-box-907266454 .text-inner {\n  padding: 30px 30px 18px 30px;\n}\n#text-box-907266454 {\n  width: 77%;\n}\n@media (min-width:550px) {\n  #text-box-907266454 {\n    width: 60%;\n  }\n}\n<\/style>\n    <\/div>\n \r\n\r\n        <\/div>\n      <\/div>\n\n            \n<style>\n#banner-266956300 {\n  padding-top: 88px;\n  background-color: rgb(0,0,0);\n}\n#banner-266956300 .banner-bg img {\n  object-position: 0% 14%;\n}\n@media (min-width:550px) {\n  #banner-266956300 {\n    padding-top: 300px;\n  }\n}\n<\/style>\n  <\/div>\n\n\n\t<div id=\"gap-412842449\" class=\"gap-element clearfix hide-for-small\" style=\"display:block; height:auto;\">\n\t\t\n<style>\n#gap-412842449 {\n  padding-top: 30px;\n}\n<\/style>\n\t<\/div>\n\t\n\t<div id=\"gap-768590620\" class=\"gap-element clearfix\" style=\"display:block; height:auto;\">\n\t\t\n<style>\n#gap-768590620 {\n  padding-top: 30px;\n}\n<\/style>\n\t<\/div>\n\t\n<div class=\"row\"  id=\"row-743413546\">\n\n\t<div id=\"col-461879129\" class=\"col small-12 large-12\"  >\n\t\t\t\t<div class=\"col-inner\"  >\n\t\t\t\n\t\t\t\n<h2>Rudolf Steiner (Waldorf)\u00a0Spielzeug und nat\u00fcrlichen Kreatives Materialien<\/h2>\n<p>Wir von Teia Education &amp; Play liefern handgefertigtem <a href=\"https:\/\/teiaeducation.ch\/de\/produkt-kategorie\/kinder-spielzeug\/waldorfspielzeug\/\">Waldorf Spielzeug<\/a>, <a href=\"https:\/\/teiaeducation.ch\/de\/produkt-kategorie\/kinder-spielzeug\/handgefertigtes-holzspielzeug\/\"><span class=\"ux-menu-link__text\">Handgefertigtes Holzspielzeug<\/span><\/a>, <a href=\"https:\/\/teiaeducation.ch\/de\/produkt-kategorie\/kinder-spielzeug\/waldorfpuppen\/\"><span class=\"ux-menu-link__text\">Waldorfpuppen<\/span><\/a>, <a href=\"https:\/\/teiaeducation.ch\/de\/produkt-kategorie\/kinder-spielzeug\/stoffspielzeug\/\"><span class=\"ux-menu-link__text\">Stoffspielzeug<\/span><\/a> und nat\u00fcrlichen <a href=\"https:\/\/teiaeducation.ch\/de\/produkt-kategorie\/malen-basteln\/\">Kreatives Materialien<\/a> an <strong>Rudolf Steiner Schulen \/ Waldorfschule<\/strong>, Lehrern \u00f6ffentlicher und privater Schulen und Beratern zusammen &#8211; nicht nur in der Schweiz, sondern auf der ganzen Welt!<\/p>\n<h2>Warum mit uns arbeiten?<\/h2>\n<p>Wir bem\u00fchen uns, einen ausgezeichneten Kundenservice zu bieten und beliefern Rudolf Steiner Schulen \/ Waldorfschule und jede Art von Bildungseinrichtung, ob sie mit der <a href=\"https:\/\/teiaeducation.ch\/de\/produkt-kategorie\/bildungsmethode\/waldorf-steiner-paedagogik\/\">Waldorfp\u00e4dagogik<\/a> \u00fcbereinstimmen oder nicht, und die daran interessiert ist, die urspr\u00fcnglichen und inspirierten <strong>Waldorf Produkte<\/strong> in ihren Lehrplan zu integrieren.<\/p>\n<p>Unser Sortiment umfasst hochwertige Kreatives Materialien, Handarbeits- und Bastelbedarf, handgefertigtes Waldorfspielzeug aus Holz, Waldorfpuppen, <a href=\"https:\/\/teiaeducation.ch\/de\/produkt-kategorie\/unsere-marken\/sarahs-silks-de\/seidenspieltuecher-einfarbig\/\">Spielseide<\/a> und Stoffe, <a href=\"https:\/\/teiaeducation.ch\/de\/product\/book-anthroposophy-a-z-henk-van-oort\/\">Anthroposophie<\/a>&#8211; und <a href=\"https:\/\/teiaeducation.ch\/de\/produkt-kategorie\/lernunterstuetzung\/referenz-buecher\/waldorf-steiner-buecher\/\">Fachb\u00fccher<\/a>, Eurythmiebedarf, Musikinstrumente, Notizb\u00fccher, Schreibger\u00e4te und M\u00f6bel.<\/p>\n<p>Wir liefern die gesamte Produktpalette von <a href=\"https:\/\/teiaeducation.ch\/de\/produkt-kategorie\/unsere-marken\/mercurius-de\/\">Mercurius<\/a> und den von Mercurius in Europa vertretenen <strong>Waldorf Marken<\/strong>. (Artemis, Auris, Chroroi, <a href=\"https:\/\/teiaeducation.ch\/de\/produkt-kategorie\/unsere-marken\/debresk-de\/\">Debresk<\/a>, Dipam, <a href=\"https:\/\/teiaeducation.ch\/de\/produkt-kategorie\/unsere-marken\/filges-de\/\">Filges<\/a>, <a href=\"https:\/\/teiaeducation.ch\/de\/produkt-kategorie\/unsere-marken\/filia-de\/\">Filia<\/a>, <a href=\"https:\/\/teiaeducation.ch\/de\/produkt-kategorie\/unsere-marken\/lyra-de\/\">Lyra<\/a>, <a href=\"https:\/\/teiaeducation.ch\/de\/produkt-kategorie\/unsere-marken\/nanchen-natur-bio-puppen\/\">Nanchen Natur<\/a>, <a href=\"https:\/\/teiaeducation.ch\/de\/produkt-kategorie\/unsere-marken\/sarahs-silks-de\/\">Sarah\u2019s Silks<\/a> and <a href=\"https:\/\/teiaeducation.ch\/de\/produkt-kategorie\/unsere-marken\/stockmar-de\/\">Stockmar<\/a>).<\/p>\n<p>Neben dem Mercurius Sortiment bieten wir auch eine sorgf\u00e4ltig ausgew\u00e4hlte Auswahl an hochwertigem <strong>Waldorf Holzspielzeug<\/strong> der handwerklichen Marken <a href=\"https:\/\/teiaeducation.ch\/de\/produkt-kategorie\/unsere-marken\/flockmen-de\/\">Flockmen<\/a>, <a href=\"https:\/\/teiaeducation.ch\/de\/produkt-kategorie\/unsere-marken\/glueckskaefer\/\">Gl\u00fccksk\u00e4fer<\/a>, <a href=\"https:\/\/teiaeducation.ch\/de\/produkt-kategorie\/unsere-marken\/grapat-de\/\">Grapat<\/a> und <a href=\"https:\/\/teiaeducation.ch\/de\/produkt-kategorie\/unsere-marken\/grimms-holzspielzeug\/\">Grimm&#8217;s<\/a> an, das jede vorbereitete Rudolf Steiner Umgebung erg\u00e4nzt.<\/p>\n<p>Gerne er\u00f6ffnen wir f\u00fcr Sie ein Konto und erm\u00f6glichen Ihnen den Zugang zu unserem Schulportal, wo Sie unsere Markenkataloge und Preislisten herunterladen k\u00f6nnen.<\/p>\n<h2>Rabatt und kostenlose Lieferung<\/h2>\n<p>Wir bieten <strong>Sonderpreise und Rabatte<\/strong> f\u00fcr Waldorfschule \/ Rudolf Steiner Schulen und p\u00e4dagogische Einrichtungen weltweit.<\/p>\n<p>Schulen profitieren auch von Sonderangeboten, die wir das ganze Jahr \u00fcber mit unseren Lieferanten aushandeln.<\/p>\n<p>Die Lieferung ist kostenlos (nur in der Schweiz) ab einem Bestellwert von 120 Schweizer Franken.<\/p>\n<h2>Zertifizierter Lieferant<\/h2>\n<p>Um Ihnen zus\u00e4tzliche Sicherheit zu geben, wurden wir von der Beschaffungsabteilung verschiedener Schweizer Kantone vorab genehmigt und haben Vereinbarungen zur Lieferung an \u00f6ffentliche Schulen und Lehrer abgeschlossen:<\/p>\n<p>Teia Education &amp; Play ist offizieller Lieferant der Centrale commune d&#8217;achats (<a href=\"https:\/\/ge.ch\/annuaire\/service\/2317\">CCA<\/a>) des Kantons Genf sowie der Direction des achats et de la logistique (<a href=\"https:\/\/www.vd.ch\/toutes-les-autorites\/departements\/departement-des-finances-et-des-relations-exterieures-dfire\/direction-generale-des-immeubles-et-du-patrimoine-dgip\/dal\/\">DAL<\/a>) des Kantons Waadt.<\/p>\n<p>Unser Angebot an p\u00e4dagogischem (Montessori-) Material und Entwicklungsspielzeug ist vom Departement f\u00fcr \u00f6ffentliche Bildung, Erziehung und Jugend (<a href=\"https:\/\/www.ge.ch\/organisation\/departement-instruction-publique-formation-jeunesse-dip\">DIP<\/a>) sowie vom Service de l\u2019enseignement priv\u00e9 (<a href=\"https:\/\/www.ge.ch\/organisation\/service-enseignement-prive\">SEP<\/a>) des Kantons Genf anerkannt.<\/p>\n<h2>Verwaltungsrechnung<\/h2>\n<p>Bestellungen von <strong>Rudolf Steiner Schulen und Lehrern<\/strong>, und Einzelpersonen, die im Sinne der <strong>Waldorfp\u00e4dagogik <\/strong>unterrichten, k\u00f6nnen \u00fcber unseren Webshop aufgegeben werden, aber wir empfehlen Ihnen, sich direkt an <a href=\"mailto:in**@***********on.ch\" data-original-string=\"0eA136GhNofqDzQ0nsJVhg==7eadyQq27n8ou3Nmhnsc3jL1wwjEebzTtCF1Vh1\/U+Gyuo=\" title=\"Dieser Kontakt wurde von Anti-Spam by CleanTalk verschl\u00fcsselt. Klicken Sie hier, um ihn zu entschl\u00fcsseln. Sollte der Kontakt danach nicht angezeigt werden, \u00fcberpr\u00fcfen Sie bitte, dass JavaScript in Ihrem Browser aktiviert ist.\">uns zu wenden<\/a>, um von unseren Sonderpreisen, Rabatten und <strong>Bestellungen auf Rechnung<\/strong> zu profitieren.<\/p>\n<p>F\u00fcr jede Bestellung wird eine detaillierte <strong>Rechnung f\u00fcr die Schulverwaltung<\/strong> erstellt.<\/p>\n<h2>Waldorf Holzm\u00f6bel<\/h2>\n<p>Mit den richtigen <strong>M\u00f6beln und Aufbewahrungsl\u00f6sungen<\/strong> wird ein Klassenzimmer oder eine vorbereitete Lernumgebung zu einem Ort, an dem Kinder sich wohlf\u00fchlen, lernen, sich entwickeln und gedeihen k\u00f6nnen.<\/p>\n<p>Unsere <strong>Waldorfm\u00f6bel aus Holz<\/strong> aus nachhaltiger Forstwirtschaft sind so konzipiert, dass sie die Umgebung an die Gr\u00f6\u00dfe des Kindes anpassen, so dass es sich wohlf\u00fchlt und sich auf seine Aktivit\u00e4ten an einem typischen Schultag konzentrieren kann.<\/p>\n<p>Wir bieten die gesamte Palette der <strong>Mercurius M\u00f6bel<\/strong> und <strong>Gl\u00fccksk\u00e4fer M\u00f6bel<\/strong> an, darunter Unterrichtsst\u00fchle, Unterrichtstische, Lehrerpulte, B\u00e4nke, <a href=\"https:\/\/teiaeducation.ch\/de\/produkt-kategorie\/feier-festlichkeiten\/natur-saisonale-tische-de\/\">Jahreszeitentische<\/a> und Spielst\u00e4nder.<\/p>\n<h2>Kostenloses Informationsangebot<\/h2>\n<p>Wir bieten zahlreiche Dienstleistungen an, die auf Ihre individuellen Bed\u00fcrfnisse zugeschnitten sind. Wenn Sie mit uns besprechen m\u00f6chten, wie wir Ihnen in Ihrer <strong>Waldorfschule<\/strong> behilflich sein k\u00f6nnen, oder wenn Sie eine <strong>Preisliste unserer Marken<\/strong>, ein detailliertes, unverbindliches Informationsangebot oder einen ma\u00dfgeschneiderten <strong>Plan f\u00fcr Ihr Klassenzimmer<\/strong> erhalten m\u00f6chten, z\u00f6gern Sie nicht, uns zu kontaktieren.<\/p>\n<p>Sobald die Reisebeschr\u00e4nkungen aufgehoben sind, kommen wir gerne zu Ihnen und demonstrieren Ihnen unsere Produkte (nur in der Schweiz). In der Zwischenzeit k\u00f6nnen wir Treffen und Demonstrationen per Videokonferenz organisieren.<\/p>\n<p>Wir sprechen flie\u00dfend Franz\u00f6sisch, Englisch, Niederl\u00e4ndisch und Deutsch.<\/p>\n\t\t<\/div>\n\t\t\t\t\t<\/div>\n\n\t\n<\/div>\n","protected":false},"excerpt":{"rendered":"","protected":false},"author":1,"featured_media":41718,"parent":0,"menu_order":0,"comment_status":"closed","ping_status":"closed","template":"page-blank.php","meta":{"footnotes":""},"class_list":["post-41999","page","type-page","status-publish","has-post-thumbnail","hentry"],"yoast_head":"<!-- This site is optimized with the Yoast SEO Premium plugin v25.8 (Yoast SEO v27.4) - https:\/\/yoast.com\/product\/yoast-seo-premium-wordpress\/ -->\n<title>Spielzeug &amp; Kreatives Materialien - Rudolf Steiner Waldorf Schule<\/title>\n<meta name=\"description\" content=\"Spezialisierter Lieferant Rudolf Steiner Waldorf Schulen - handgefertigtem Spielzeug aus Holz und Stoff &amp; nat\u00fcrlichen Kreatives Materialien.\" \/>\n<meta name=\"robots\" content=\"index, follow, max-snippet:-1, max-image-preview:large, max-video-preview:-1\" \/>\n<link rel=\"canonical\" href=\"https:\/\/teiaeducation.ch\/de\/spielzeug-und-natuerlichen-kreatives-materialien-fuer-waldorf-steiner-schulen\/\" \/>\n<meta property=\"og:locale\" content=\"de_DE\" \/>\n<meta property=\"og:type\" content=\"article\" \/>\n<meta property=\"og:title\" content=\"Spielzeug und nat\u00fcrlichen Kreatives Materialien f\u00fcr Waldorf Steiner Schulen\" \/>\n<meta property=\"og:description\" content=\"Spezialisierter Lieferant Rudolf Steiner Waldorf Schulen - handgefertigtem Spielzeug aus Holz und Stoff &amp; nat\u00fcrlichen Kreatives Materialien.\" \/>\n<meta property=\"og:url\" content=\"https:\/\/teiaeducation.ch\/de\/spielzeug-und-natuerlichen-kreatives-materialien-fuer-waldorf-steiner-schulen\/\" \/>\n<meta property=\"og:site_name\" content=\"Sustainable Educational Products &amp; Ecological Toys\u00a0\" \/>\n<meta property=\"article:publisher\" content=\"https:\/\/www.facebook.com\/teiaeducation\/\" \/>\n<meta property=\"article:modified_time\" content=\"2024-10-16T12:35:18+00:00\" \/>\n<meta property=\"og:image\" content=\"https:\/\/teiaeducation.ch\/wp-content\/uploads\/2021\/10\/Waldorf-Art-Supplies-and-Crafting-Ideas.jpg\" \/>\n\t<meta property=\"og:image:width\" content=\"900\" \/>\n\t<meta property=\"og:image:height\" content=\"900\" \/>\n\t<meta property=\"og:image:type\" content=\"image\/jpeg\" \/>\n<script type=\"application\/ld+json\" class=\"yoast-schema-graph\">{\"@context\":\"https:\\\/\\\/schema.org\",\"@graph\":[{\"@type\":\"WebPage\",\"@id\":\"https:\\\/\\\/teiaeducation.ch\\\/de\\\/spielzeug-und-natuerlichen-kreatives-materialien-fuer-waldorf-steiner-schulen\\\/\",\"url\":\"https:\\\/\\\/teiaeducation.ch\\\/de\\\/spielzeug-und-natuerlichen-kreatives-materialien-fuer-waldorf-steiner-schulen\\\/\",\"name\":\"Spielzeug & Kreatives Materialien - Rudolf Steiner Waldorf Schule\",\"isPartOf\":{\"@id\":\"https:\\\/\\\/teiaeducation.ch\\\/de\\\/#website\"},\"primaryImageOfPage\":{\"@id\":\"https:\\\/\\\/teiaeducation.ch\\\/de\\\/spielzeug-und-natuerlichen-kreatives-materialien-fuer-waldorf-steiner-schulen\\\/#primaryimage\"},\"image\":{\"@id\":\"https:\\\/\\\/teiaeducation.ch\\\/de\\\/spielzeug-und-natuerlichen-kreatives-materialien-fuer-waldorf-steiner-schulen\\\/#primaryimage\"},\"thumbnailUrl\":\"https:\\\/\\\/teiaeducation.ch\\\/wp-content\\\/uploads\\\/2021\\\/10\\\/Waldorf-Art-Supplies-and-Crafting-Ideas.jpg\",\"datePublished\":\"2021-11-24T13:37:39+00:00\",\"dateModified\":\"2024-10-16T12:35:18+00:00\",\"description\":\"Spezialisierter Lieferant Rudolf Steiner Waldorf Schulen - handgefertigtem Spielzeug aus Holz und Stoff & nat\u00fcrlichen Kreatives Materialien.\",\"breadcrumb\":{\"@id\":\"https:\\\/\\\/teiaeducation.ch\\\/de\\\/spielzeug-und-natuerlichen-kreatives-materialien-fuer-waldorf-steiner-schulen\\\/#breadcrumb\"},\"inLanguage\":\"de-CH\",\"potentialAction\":[{\"@type\":\"ReadAction\",\"target\":[\"https:\\\/\\\/teiaeducation.ch\\\/de\\\/spielzeug-und-natuerlichen-kreatives-materialien-fuer-waldorf-steiner-schulen\\\/\"]}]},{\"@type\":\"ImageObject\",\"inLanguage\":\"de-CH\",\"@id\":\"https:\\\/\\\/teiaeducation.ch\\\/de\\\/spielzeug-und-natuerlichen-kreatives-materialien-fuer-waldorf-steiner-schulen\\\/#primaryimage\",\"url\":\"https:\\\/\\\/teiaeducation.ch\\\/wp-content\\\/uploads\\\/2021\\\/10\\\/Waldorf-Art-Supplies-and-Crafting-Ideas.jpg\",\"contentUrl\":\"https:\\\/\\\/teiaeducation.ch\\\/wp-content\\\/uploads\\\/2021\\\/10\\\/Waldorf-Art-Supplies-and-Crafting-Ideas.jpg\",\"width\":900,\"height\":900,\"caption\":\"Waldorf rudolf Steiner Spielzeug und nat\u00fcrlichen Kreatives Materialien\"},{\"@type\":\"BreadcrumbList\",\"@id\":\"https:\\\/\\\/teiaeducation.ch\\\/de\\\/spielzeug-und-natuerlichen-kreatives-materialien-fuer-waldorf-steiner-schulen\\\/#breadcrumb\",\"itemListElement\":[{\"@type\":\"ListItem\",\"position\":1,\"name\":\"Home\",\"item\":\"https:\\\/\\\/teiaeducation.ch\\\/de\\\/\"},{\"@type\":\"ListItem\",\"position\":2,\"name\":\"Spielzeug und nat\u00fcrlichen Kreatives Materialien f\u00fcr Waldorf Steiner Schulen\"}]},{\"@type\":\"WebSite\",\"@id\":\"https:\\\/\\\/teiaeducation.ch\\\/de\\\/#website\",\"url\":\"https:\\\/\\\/teiaeducation.ch\\\/de\\\/\",\"name\":\"Sustainable Educational Products &amp; Ecological Toys\u00a0\",\"description\":\"Specialised Swiss shop selling sustainable educational toys and games, AMI certified Montessori materials, handmade ecological wooden Waldorf toys and arts &amp; crafts supplies, school supplies, children&#039;s furniture and Montessori reference and parenting books.\",\"publisher\":{\"@id\":\"https:\\\/\\\/teiaeducation.ch\\\/de\\\/#organization\"},\"alternateName\":\"Teia Education & Play\",\"potentialAction\":[{\"@type\":\"SearchAction\",\"target\":{\"@type\":\"EntryPoint\",\"urlTemplate\":\"https:\\\/\\\/teiaeducation.ch\\\/de\\\/?s={search_term_string}\"},\"query-input\":{\"@type\":\"PropertyValueSpecification\",\"valueRequired\":true,\"valueName\":\"search_term_string\"}}],\"inLanguage\":\"de-CH\"},{\"@type\":\"Organization\",\"@id\":\"https:\\\/\\\/teiaeducation.ch\\\/de\\\/#organization\",\"name\":\"Teia Education & Play\",\"url\":\"https:\\\/\\\/teiaeducation.ch\\\/de\\\/\",\"logo\":{\"@type\":\"ImageObject\",\"inLanguage\":\"de-CH\",\"@id\":\"https:\\\/\\\/teiaeducation.ch\\\/de\\\/#\\\/schema\\\/logo\\\/image\\\/\",\"url\":\"https:\\\/\\\/teiaeducation.ch\\\/wp-content\\\/uploads\\\/2020\\\/11\\\/Teia-Education-Switzerland-e1620156442216.jpg\",\"contentUrl\":\"https:\\\/\\\/teiaeducation.ch\\\/wp-content\\\/uploads\\\/2020\\\/11\\\/Teia-Education-Switzerland-e1620156442216.jpg\",\"width\":166,\"height\":145,\"caption\":\"Teia Education & Play\"},\"image\":{\"@id\":\"https:\\\/\\\/teiaeducation.ch\\\/de\\\/#\\\/schema\\\/logo\\\/image\\\/\"},\"sameAs\":[\"https:\\\/\\\/www.facebook.com\\\/teiaeducation\\\/\",\"https:\\\/\\\/x.com\\\/EducationTeia\",\"https:\\\/\\\/www.instagram.com\\\/teia.education\\\/\",\"https:\\\/\\\/www.linkedin.com\\\/company\\\/35501660\",\"https:\\\/\\\/www.pinterest.ch\\\/TeiaEducation\\\/\"]}]}<\/script>\n<!-- \/ Yoast SEO Premium plugin. -->","yoast_head_json":{"title":"Spielzeug & Kreatives Materialien - Rudolf Steiner Waldorf Schule","description":"Spezialisierter Lieferant Rudolf Steiner Waldorf Schulen - handgefertigtem Spielzeug aus Holz und Stoff & nat\u00fcrlichen Kreatives Materialien.","robots":{"index":"index","follow":"follow","max-snippet":"max-snippet:-1","max-image-preview":"max-image-preview:large","max-video-preview":"max-video-preview:-1"},"canonical":"https:\/\/teiaeducation.ch\/de\/spielzeug-und-natuerlichen-kreatives-materialien-fuer-waldorf-steiner-schulen\/","og_locale":"de_DE","og_type":"article","og_title":"Spielzeug und nat\u00fcrlichen Kreatives Materialien f\u00fcr Waldorf Steiner Schulen","og_description":"Spezialisierter Lieferant Rudolf Steiner Waldorf Schulen - handgefertigtem Spielzeug aus Holz und Stoff & nat\u00fcrlichen Kreatives Materialien.","og_url":"https:\/\/teiaeducation.ch\/de\/spielzeug-und-natuerlichen-kreatives-materialien-fuer-waldorf-steiner-schulen\/","og_site_name":"Sustainable Educational Products &amp; Ecological Toys\u00a0","article_publisher":"https:\/\/www.facebook.com\/teiaeducation\/","article_modified_time":"2024-10-16T12:35:18+00:00","og_image":[{"width":900,"height":900,"url":"https:\/\/teiaeducation.ch\/wp-content\/uploads\/2021\/10\/Waldorf-Art-Supplies-and-Crafting-Ideas.jpg","type":"image\/jpeg"}],"schema":{"@context":"https:\/\/schema.org","@graph":[{"@type":"WebPage","@id":"https:\/\/teiaeducation.ch\/de\/spielzeug-und-natuerlichen-kreatives-materialien-fuer-waldorf-steiner-schulen\/","url":"https:\/\/teiaeducation.ch\/de\/spielzeug-und-natuerlichen-kreatives-materialien-fuer-waldorf-steiner-schulen\/","name":"Spielzeug & Kreatives Materialien - Rudolf Steiner Waldorf Schule","isPartOf":{"@id":"https:\/\/teiaeducation.ch\/de\/#website"},"primaryImageOfPage":{"@id":"https:\/\/teiaeducation.ch\/de\/spielzeug-und-natuerlichen-kreatives-materialien-fuer-waldorf-steiner-schulen\/#primaryimage"},"image":{"@id":"https:\/\/teiaeducation.ch\/de\/spielzeug-und-natuerlichen-kreatives-materialien-fuer-waldorf-steiner-schulen\/#primaryimage"},"thumbnailUrl":"https:\/\/teiaeducation.ch\/wp-content\/uploads\/2021\/10\/Waldorf-Art-Supplies-and-Crafting-Ideas.jpg","datePublished":"2021-11-24T13:37:39+00:00","dateModified":"2024-10-16T12:35:18+00:00","description":"Spezialisierter Lieferant Rudolf Steiner Waldorf Schulen - handgefertigtem Spielzeug aus Holz und Stoff & nat\u00fcrlichen Kreatives Materialien.","breadcrumb":{"@id":"https:\/\/teiaeducation.ch\/de\/spielzeug-und-natuerlichen-kreatives-materialien-fuer-waldorf-steiner-schulen\/#breadcrumb"},"inLanguage":"de-CH","potentialAction":[{"@type":"ReadAction","target":["https:\/\/teiaeducation.ch\/de\/spielzeug-und-natuerlichen-kreatives-materialien-fuer-waldorf-steiner-schulen\/"]}]},{"@type":"ImageObject","inLanguage":"de-CH","@id":"https:\/\/teiaeducation.ch\/de\/spielzeug-und-natuerlichen-kreatives-materialien-fuer-waldorf-steiner-schulen\/#primaryimage","url":"https:\/\/teiaeducation.ch\/wp-content\/uploads\/2021\/10\/Waldorf-Art-Supplies-and-Crafting-Ideas.jpg","contentUrl":"https:\/\/teiaeducation.ch\/wp-content\/uploads\/2021\/10\/Waldorf-Art-Supplies-and-Crafting-Ideas.jpg","width":900,"height":900,"caption":"Waldorf rudolf Steiner Spielzeug und nat\u00fcrlichen Kreatives Materialien"},{"@type":"BreadcrumbList","@id":"https:\/\/teiaeducation.ch\/de\/spielzeug-und-natuerlichen-kreatives-materialien-fuer-waldorf-steiner-schulen\/#breadcrumb","itemListElement":[{"@type":"ListItem","position":1,"name":"Home","item":"https:\/\/teiaeducation.ch\/de\/"},{"@type":"ListItem","position":2,"name":"Spielzeug und nat\u00fcrlichen Kreatives Materialien f\u00fcr Waldorf Steiner Schulen"}]},{"@type":"WebSite","@id":"https:\/\/teiaeducation.ch\/de\/#website","url":"https:\/\/teiaeducation.ch\/de\/","name":"Sustainable Educational Products &amp; Ecological Toys\u00a0","description":"Specialised Swiss shop selling sustainable educational toys and games, AMI certified Montessori materials, handmade ecological wooden Waldorf toys and arts &amp; crafts supplies, school supplies, children&#039;s furniture and Montessori reference and parenting books.","publisher":{"@id":"https:\/\/teiaeducation.ch\/de\/#organization"},"alternateName":"Teia Education & Play","potentialAction":[{"@type":"SearchAction","target":{"@type":"EntryPoint","urlTemplate":"https:\/\/teiaeducation.ch\/de\/?s={search_term_string}"},"query-input":{"@type":"PropertyValueSpecification","valueRequired":true,"valueName":"search_term_string"}}],"inLanguage":"de-CH"},{"@type":"Organization","@id":"https:\/\/teiaeducation.ch\/de\/#organization","name":"Teia Education & Play","url":"https:\/\/teiaeducation.ch\/de\/","logo":{"@type":"ImageObject","inLanguage":"de-CH","@id":"https:\/\/teiaeducation.ch\/de\/#\/schema\/logo\/image\/","url":"https:\/\/teiaeducation.ch\/wp-content\/uploads\/2020\/11\/Teia-Education-Switzerland-e1620156442216.jpg","contentUrl":"https:\/\/teiaeducation.ch\/wp-content\/uploads\/2020\/11\/Teia-Education-Switzerland-e1620156442216.jpg","width":166,"height":145,"caption":"Teia Education & Play"},"image":{"@id":"https:\/\/teiaeducation.ch\/de\/#\/schema\/logo\/image\/"},"sameAs":["https:\/\/www.facebook.com\/teiaeducation\/","https:\/\/x.com\/EducationTeia","https:\/\/www.instagram.com\/teia.education\/","https:\/\/www.linkedin.com\/company\/35501660","https:\/\/www.pinterest.ch\/TeiaEducation\/"]}]}},"_links":{"self":[{"href":"https:\/\/teiaeducation.ch\/de\/wp-json\/wp\/v2\/pages\/41999","targetHints":{"allow":["GET"]}}],"collection":[{"href":"https:\/\/teiaeducation.ch\/de\/wp-json\/wp\/v2\/pages"}],"about":[{"href":"https:\/\/teiaeducation.ch\/de\/wp-json\/wp\/v2\/types\/page"}],"author":[{"embeddable":true,"href":"https:\/\/teiaeducation.ch\/de\/wp-json\/wp\/v2\/users\/1"}],"replies":[{"embeddable":true,"href":"https:\/\/teiaeducation.ch\/de\/wp-json\/wp\/v2\/comments?post=41999"}],"version-history":[{"count":0,"href":"https:\/\/teiaeducation.ch\/de\/wp-json\/wp\/v2\/pages\/41999\/revisions"}],"wp:featuredmedia":[{"embeddable":true,"href":"https:\/\/teiaeducation.ch\/de\/wp-json\/wp\/v2\/media\/41718"}],"wp:attachment":[{"href":"https:\/\/teiaeducation.ch\/de\/wp-json\/wp\/v2\/media?parent=41999"}],"curies":[{"name":"wp","href":"https:\/\/api.w.org\/{rel}","templated":true}]}}