{"id":12317,"date":"2019-05-20T21:53:17","date_gmt":"2019-05-20T19:53:17","guid":{"rendered":"https:\/\/teiaeducation.ch\/?post_type=product&#038;p=12317"},"modified":"2025-12-16T12:59:15","modified_gmt":"2025-12-16T11:59:15","slug":"book-atelier-montessori-french-carol-guy-james-barratt","status":"publish","type":"product","link":"https:\/\/teiaeducation.ch\/de\/produkt\/book-atelier-montessori-french-carol-guy-james-barratt\/","title":{"rendered":"Atelier Montessori (French) &#8211; Carol Guy &#038; James Barratt"},"content":{"rendered":"<p>The Atelier Montessori (Montessori workshop) hard cover book in French by Carol Guy &amp; James Barratt has been written to accompany and improve the practical formation of Montessori preschool teachers working with children of two to six years of age. The book also facilitates parents\u2019 comprehension of their children\u2019s activities with the Montessori material.<\/p>\n<p><em>Ce livre explique la m\u00e9thode didactique Montessori et la fa\u00e7on d\u2019utiliser ce mat\u00e9riel en harmonie avec la philosophie Montessori. Il d\u00e9crit pas \u00e0 pas le cheminement des activit\u00e9s de l\u2019enfant au cours de sa progression d\u2019apprentissage.<\/em><\/p>\n<p><em>Les activit\u00e9s d\u00e9crites aussi aident \u00e0 maintenir une atmosph\u00e8re de classe qui servira aux enfants \u00e0 acqu\u00e9rir des aptitudes \u00e0 travers leurs propres activit\u00e9s et aideront les parents \u00e0 mieux comprendre les activit\u00e9s de leurs enfants \u00e0 l\u2019\u00e9cole ainsi qu\u2019\u00e0 la maison.<\/em><\/p>\n<p>This book is also available in <a href=\"https:\/\/teiaeducation.ch\/product\/book-montessori-workshop-carol-guy-james-barratt\/\" target=\"_blank\" rel=\"noopener noreferrer\">English<\/a>.<\/p>\n<p>Contents:<\/p>\n<p>1 hardcover book<\/p>\n","protected":false},"excerpt":{"rendered":"<p>Item number: 517700<\/p>\n<p>The Montessori atelier book (French) by Carol Guy &amp; James Barratt accompanies and improve the practical formation of Montessori preschool teachers.<\/p>\n","protected":false},"featured_media":7183,"comment_status":"open","ping_status":"closed","template":"","meta":[],"product_brand":[30177],"product_cat":[33,7061,91,19628,74,120,19630,168,869],"product_tag":[889,962,924,961,923,460],"class_list":{"0":"post-12317","1":"product","2":"type-product","3":"status-publish","4":"has-post-thumbnail","6":"product_brand-nienhuis-montessori","7":"product_cat-books","8":"product_cat-learning-materials-toys-montessori-waldorf-froebel","9":"product_cat-learning-support","10":"product_cat-montessori-books","11":"product_cat-nienhuis-montessori-educational-materials","12":"product_cat-brands","13":"product_cat-parenting-books","14":"product_cat-reference-books-montessori-curriculum-support","15":"product_cat-the-montessori-pedagogy-materials-toys","16":"product_tag-books-more","17":"product_tag-carol-guy-james-barratt","18":"product_tag-instructional","19":"product_tag-livre-atelier-montessori","20":"product_tag-manuals","21":"product_tag-nienhuis-montessori","23":"first","24":"outofstock","25":"taxable","26":"shipping-taxable","27":"purchasable","28":"product-type-simple"},"yoast_head":"<!-- This site is optimized with the Yoast SEO plugin v27.1.1 - https:\/\/yoast.com\/product\/yoast-seo-wordpress\/ -->\n<title>Book Atelier Montessori in french by Carol Guy &amp; James Barratt<\/title>\n<meta name=\"description\" content=\"The Montessori atelier book (French) by Carol Guy &amp; James Barratt accompanies and improve the practical formation of Montessori preschool teachers.\" \/>\n<meta name=\"robots\" content=\"index, follow, max-snippet:-1, max-image-preview:large, max-video-preview:-1\" \/>\n<link rel=\"canonical\" href=\"https:\/\/teiaeducation.ch\/de\/produkt\/book-atelier-montessori-french-carol-guy-james-barratt\/\" \/>\n<meta property=\"og:locale\" content=\"de_DE\" \/>\n<meta property=\"og:type\" content=\"article\" \/>\n<meta property=\"og:title\" content=\"Book Atelier Montessori in french by Carol Guy &amp; James Barratt\" \/>\n<meta property=\"og:description\" content=\"The Montessori atelier book (French) by Carol Guy &amp; James Barratt accompanies and improve the practical formation of Montessori preschool teachers.\" \/>\n<meta property=\"og:url\" content=\"https:\/\/teiaeducation.ch\/de\/produkt\/book-atelier-montessori-french-carol-guy-james-barratt\/\" \/>\n<meta property=\"og:site_name\" content=\"Sustainable Educational Products &amp; Ecological Toys\u00a0\" \/>\n<meta property=\"article:publisher\" content=\"https:\/\/www.facebook.com\/teiaeducation\/\" \/>\n<meta property=\"article:modified_time\" content=\"2025-12-16T11:59:15+00:00\" \/>\n<meta property=\"og:image\" content=\"https:\/\/teiaeducation.ch\/wp-content\/uploads\/2019\/05\/400_517700_main_or_1-scaled-scaled.jpg\" \/>\n\t<meta property=\"og:image:width\" content=\"2048\" \/>\n\t<meta property=\"og:image:height\" content=\"2048\" \/>\n\t<meta property=\"og:image:type\" content=\"image\/jpeg\" \/>\n<script type=\"application\/ld+json\" class=\"yoast-schema-graph\">{\"@context\":\"https:\/\/schema.org\",\"@graph\":[{\"@type\":\"WebPage\",\"@id\":\"https:\/\/teiaeducation.ch\/de\/produkt\/book-atelier-montessori-french-carol-guy-james-barratt\/\",\"url\":\"https:\/\/teiaeducation.ch\/de\/produkt\/book-atelier-montessori-french-carol-guy-james-barratt\/\",\"name\":\"Book Atelier Montessori in french by Carol Guy & James Barratt\",\"isPartOf\":{\"@id\":\"https:\/\/teiaeducation.ch\/de\/#website\"},\"primaryImageOfPage\":{\"@id\":\"https:\/\/teiaeducation.ch\/de\/produkt\/book-atelier-montessori-french-carol-guy-james-barratt\/#primaryimage\"},\"image\":{\"@id\":\"https:\/\/teiaeducation.ch\/de\/produkt\/book-atelier-montessori-french-carol-guy-james-barratt\/#primaryimage\"},\"thumbnailUrl\":\"https:\/\/teiaeducation.ch\/wp-content\/uploads\/2019\/05\/400_517700_main_or_1-scaled-scaled.jpg\",\"datePublished\":\"2019-05-20T19:53:17+00:00\",\"dateModified\":\"2025-12-16T11:59:15+00:00\",\"description\":\"The Montessori atelier book (French) by Carol Guy & James Barratt accompanies and improve the practical formation of Montessori preschool teachers.\",\"breadcrumb\":{\"@id\":\"https:\/\/teiaeducation.ch\/de\/produkt\/book-atelier-montessori-french-carol-guy-james-barratt\/#breadcrumb\"},\"inLanguage\":\"de-CH\",\"potentialAction\":[{\"@type\":\"ReadAction\",\"target\":[\"https:\/\/teiaeducation.ch\/de\/produkt\/book-atelier-montessori-french-carol-guy-james-barratt\/\"]}]},{\"@type\":\"ImageObject\",\"inLanguage\":\"de-CH\",\"@id\":\"https:\/\/teiaeducation.ch\/de\/produkt\/book-atelier-montessori-french-carol-guy-james-barratt\/#primaryimage\",\"url\":\"https:\/\/teiaeducation.ch\/wp-content\/uploads\/2019\/05\/400_517700_main_or_1-scaled-scaled.jpg\",\"contentUrl\":\"https:\/\/teiaeducation.ch\/wp-content\/uploads\/2019\/05\/400_517700_main_or_1-scaled-scaled.jpg\",\"width\":2048,\"height\":2048,\"caption\":\"Atelier Montessori (French) - Nienhuis Montessori\"},{\"@type\":\"BreadcrumbList\",\"@id\":\"https:\/\/teiaeducation.ch\/de\/produkt\/book-atelier-montessori-french-carol-guy-james-barratt\/#breadcrumb\",\"itemListElement\":[{\"@type\":\"ListItem\",\"position\":1,\"name\":\"Home\",\"item\":\"https:\/\/teiaeducation.ch\/de\/\"},{\"@type\":\"ListItem\",\"position\":2,\"name\":\"Laden\",\"item\":\"https:\/\/teiaeducation.ch\/de\/shop\/\"},{\"@type\":\"ListItem\",\"position\":3,\"name\":\"Lernunterst\u00fctzung\",\"item\":\"https:\/\/teiaeducation.ch\/de\/produkt-kategorie\/lernunterstuetzung\/\"},{\"@type\":\"ListItem\",\"position\":4,\"name\":\"Referenz-B\u00fccher\",\"item\":\"https:\/\/teiaeducation.ch\/de\/produkt-kategorie\/lernunterstuetzung\/referenz-buecher\/\"},{\"@type\":\"ListItem\",\"position\":5,\"name\":\"Atelier Montessori (French) &#8211; Carol Guy &#038; James Barratt\"}]},{\"@type\":\"WebSite\",\"@id\":\"https:\/\/teiaeducation.ch\/de\/#website\",\"url\":\"https:\/\/teiaeducation.ch\/de\/\",\"name\":\"Sustainable Educational Products &amp; Ecological Toys\u00a0\",\"description\":\"Specialised Swiss shop selling sustainable educational toys and games, AMI certified Montessori materials, handmade ecological wooden Waldorf toys and arts &amp; crafts supplies, school supplies, children&#039;s furniture and Montessori reference and parenting books.\",\"publisher\":{\"@id\":\"https:\/\/teiaeducation.ch\/de\/#organization\"},\"alternateName\":\"Teia Education & Play\",\"potentialAction\":[{\"@type\":\"SearchAction\",\"target\":{\"@type\":\"EntryPoint\",\"urlTemplate\":\"https:\/\/teiaeducation.ch\/de\/?s={search_term_string}\"},\"query-input\":{\"@type\":\"PropertyValueSpecification\",\"valueRequired\":true,\"valueName\":\"search_term_string\"}}],\"inLanguage\":\"de-CH\"},{\"@type\":\"Organization\",\"@id\":\"https:\/\/teiaeducation.ch\/de\/#organization\",\"name\":\"Teia Education & Play\",\"url\":\"https:\/\/teiaeducation.ch\/de\/\",\"logo\":{\"@type\":\"ImageObject\",\"inLanguage\":\"de-CH\",\"@id\":\"https:\/\/teiaeducation.ch\/de\/#\/schema\/logo\/image\/\",\"url\":\"https:\/\/teiaeducation.ch\/wp-content\/uploads\/2020\/11\/Teia-Education-Switzerland-e1620156442216.jpg\",\"contentUrl\":\"https:\/\/teiaeducation.ch\/wp-content\/uploads\/2020\/11\/Teia-Education-Switzerland-e1620156442216.jpg\",\"width\":166,\"height\":145,\"caption\":\"Teia Education & Play\"},\"image\":{\"@id\":\"https:\/\/teiaeducation.ch\/de\/#\/schema\/logo\/image\/\"},\"sameAs\":[\"https:\/\/www.facebook.com\/teiaeducation\/\",\"https:\/\/x.com\/EducationTeia\",\"https:\/\/www.instagram.com\/teia.education\/\",\"https:\/\/www.linkedin.com\/company\/35501660\",\"https:\/\/www.pinterest.ch\/TeiaEducation\/\"]}]}<\/script>\n<!-- \/ Yoast SEO plugin. -->","yoast_head_json":{"title":"Book Atelier Montessori in french by Carol Guy & James Barratt","description":"The Montessori atelier book (French) by Carol Guy & James Barratt accompanies and improve the practical formation of Montessori preschool teachers.","robots":{"index":"index","follow":"follow","max-snippet":"max-snippet:-1","max-image-preview":"max-image-preview:large","max-video-preview":"max-video-preview:-1"},"canonical":"https:\/\/teiaeducation.ch\/de\/produkt\/book-atelier-montessori-french-carol-guy-james-barratt\/","og_locale":"de_DE","og_type":"article","og_title":"Book Atelier Montessori in french by Carol Guy & James Barratt","og_description":"The Montessori atelier book (French) by Carol Guy & James Barratt accompanies and improve the practical formation of Montessori preschool teachers.","og_url":"https:\/\/teiaeducation.ch\/de\/produkt\/book-atelier-montessori-french-carol-guy-james-barratt\/","og_site_name":"Sustainable Educational Products &amp; Ecological Toys\u00a0","article_publisher":"https:\/\/www.facebook.com\/teiaeducation\/","article_modified_time":"2025-12-16T11:59:15+00:00","og_image":[{"width":2048,"height":2048,"url":"https:\/\/teiaeducation.ch\/wp-content\/uploads\/2019\/05\/400_517700_main_or_1-scaled-scaled.jpg","type":"image\/jpeg"}],"schema":{"@context":"https:\/\/schema.org","@graph":[{"@type":"WebPage","@id":"https:\/\/teiaeducation.ch\/de\/produkt\/book-atelier-montessori-french-carol-guy-james-barratt\/","url":"https:\/\/teiaeducation.ch\/de\/produkt\/book-atelier-montessori-french-carol-guy-james-barratt\/","name":"Book Atelier Montessori in french by Carol Guy & James Barratt","isPartOf":{"@id":"https:\/\/teiaeducation.ch\/de\/#website"},"primaryImageOfPage":{"@id":"https:\/\/teiaeducation.ch\/de\/produkt\/book-atelier-montessori-french-carol-guy-james-barratt\/#primaryimage"},"image":{"@id":"https:\/\/teiaeducation.ch\/de\/produkt\/book-atelier-montessori-french-carol-guy-james-barratt\/#primaryimage"},"thumbnailUrl":"https:\/\/teiaeducation.ch\/wp-content\/uploads\/2019\/05\/400_517700_main_or_1-scaled-scaled.jpg","datePublished":"2019-05-20T19:53:17+00:00","dateModified":"2025-12-16T11:59:15+00:00","description":"The Montessori atelier book (French) by Carol Guy & James Barratt accompanies and improve the practical formation of Montessori preschool teachers.","breadcrumb":{"@id":"https:\/\/teiaeducation.ch\/de\/produkt\/book-atelier-montessori-french-carol-guy-james-barratt\/#breadcrumb"},"inLanguage":"de-CH","potentialAction":[{"@type":"ReadAction","target":["https:\/\/teiaeducation.ch\/de\/produkt\/book-atelier-montessori-french-carol-guy-james-barratt\/"]}]},{"@type":"ImageObject","inLanguage":"de-CH","@id":"https:\/\/teiaeducation.ch\/de\/produkt\/book-atelier-montessori-french-carol-guy-james-barratt\/#primaryimage","url":"https:\/\/teiaeducation.ch\/wp-content\/uploads\/2019\/05\/400_517700_main_or_1-scaled-scaled.jpg","contentUrl":"https:\/\/teiaeducation.ch\/wp-content\/uploads\/2019\/05\/400_517700_main_or_1-scaled-scaled.jpg","width":2048,"height":2048,"caption":"Atelier Montessori (French) - Nienhuis Montessori"},{"@type":"BreadcrumbList","@id":"https:\/\/teiaeducation.ch\/de\/produkt\/book-atelier-montessori-french-carol-guy-james-barratt\/#breadcrumb","itemListElement":[{"@type":"ListItem","position":1,"name":"Home","item":"https:\/\/teiaeducation.ch\/de\/"},{"@type":"ListItem","position":2,"name":"Laden","item":"https:\/\/teiaeducation.ch\/de\/shop\/"},{"@type":"ListItem","position":3,"name":"Lernunterst\u00fctzung","item":"https:\/\/teiaeducation.ch\/de\/produkt-kategorie\/lernunterstuetzung\/"},{"@type":"ListItem","position":4,"name":"Referenz-B\u00fccher","item":"https:\/\/teiaeducation.ch\/de\/produkt-kategorie\/lernunterstuetzung\/referenz-buecher\/"},{"@type":"ListItem","position":5,"name":"Atelier Montessori (French) &#8211; Carol Guy &#038; James Barratt"}]},{"@type":"WebSite","@id":"https:\/\/teiaeducation.ch\/de\/#website","url":"https:\/\/teiaeducation.ch\/de\/","name":"Sustainable Educational Products &amp; Ecological Toys\u00a0","description":"Specialised Swiss shop selling sustainable educational toys and games, AMI certified Montessori materials, handmade ecological wooden Waldorf toys and arts &amp; crafts supplies, school supplies, children&#039;s furniture and Montessori reference and parenting books.","publisher":{"@id":"https:\/\/teiaeducation.ch\/de\/#organization"},"alternateName":"Teia Education & Play","potentialAction":[{"@type":"SearchAction","target":{"@type":"EntryPoint","urlTemplate":"https:\/\/teiaeducation.ch\/de\/?s={search_term_string}"},"query-input":{"@type":"PropertyValueSpecification","valueRequired":true,"valueName":"search_term_string"}}],"inLanguage":"de-CH"},{"@type":"Organization","@id":"https:\/\/teiaeducation.ch\/de\/#organization","name":"Teia Education & Play","url":"https:\/\/teiaeducation.ch\/de\/","logo":{"@type":"ImageObject","inLanguage":"de-CH","@id":"https:\/\/teiaeducation.ch\/de\/#\/schema\/logo\/image\/","url":"https:\/\/teiaeducation.ch\/wp-content\/uploads\/2020\/11\/Teia-Education-Switzerland-e1620156442216.jpg","contentUrl":"https:\/\/teiaeducation.ch\/wp-content\/uploads\/2020\/11\/Teia-Education-Switzerland-e1620156442216.jpg","width":166,"height":145,"caption":"Teia Education & Play"},"image":{"@id":"https:\/\/teiaeducation.ch\/de\/#\/schema\/logo\/image\/"},"sameAs":["https:\/\/www.facebook.com\/teiaeducation\/","https:\/\/x.com\/EducationTeia","https:\/\/www.instagram.com\/teia.education\/","https:\/\/www.linkedin.com\/company\/35501660","https:\/\/www.pinterest.ch\/TeiaEducation\/"]}]}},"_links":{"self":[{"href":"https:\/\/teiaeducation.ch\/de\/wp-json\/wp\/v2\/product\/12317","targetHints":{"allow":["GET"]}}],"collection":[{"href":"https:\/\/teiaeducation.ch\/de\/wp-json\/wp\/v2\/product"}],"about":[{"href":"https:\/\/teiaeducation.ch\/de\/wp-json\/wp\/v2\/types\/product"}],"replies":[{"embeddable":true,"href":"https:\/\/teiaeducation.ch\/de\/wp-json\/wp\/v2\/comments?post=12317"}],"wp:featuredmedia":[{"embeddable":true,"href":"https:\/\/teiaeducation.ch\/de\/wp-json\/wp\/v2\/media\/7183"}],"wp:attachment":[{"href":"https:\/\/teiaeducation.ch\/de\/wp-json\/wp\/v2\/media?parent=12317"}],"wp:term":[{"taxonomy":"product_brand","embeddable":true,"href":"https:\/\/teiaeducation.ch\/de\/wp-json\/wp\/v2\/product_brand?post=12317"},{"taxonomy":"product_cat","embeddable":true,"href":"https:\/\/teiaeducation.ch\/de\/wp-json\/wp\/v2\/product_cat?post=12317"},{"taxonomy":"product_tag","embeddable":true,"href":"https:\/\/teiaeducation.ch\/de\/wp-json\/wp\/v2\/product_tag?post=12317"}],"curies":[{"name":"wp","href":"https:\/\/api.w.org\/{rel}","templated":true}]}}