{"id":12784,"date":"2019-05-20T22:02:48","date_gmt":"2019-05-20T20:02:48","guid":{"rendered":"https:\/\/teiaeducation.ch\/?post_type=product&#038;p=12784"},"modified":"2026-04-17T10:42:24","modified_gmt":"2026-04-17T08:42:24","slug":"book-educateurs-sans-frontieres-english-renilde-montessori","status":"publish","type":"product","link":"https:\/\/teiaeducation.ch\/de\/produkt\/book-educateurs-sans-frontieres-english-renilde-montessori\/","title":{"rendered":"\u00c9ducateurs sans fronti\u00e8res (English) &#8211; Renilde Montessori"},"content":{"rendered":"<p>The book \u00e9ducateurs sans fronti\u00e8res (in English) is written by Renilde Montessori and published by Nienhuis Montessori.<\/p>\n<p>In this book, Renilde offers her own personal collection of snippets on child education.<\/p>\n<p>She conveys a series of underlying messages which provide an insightful theoretical basis for the concept of \u00c9ducateurs sans Fronti\u00e8res.<\/p>\n<p>Contents:<\/p>\n<p>1 soft cover book &#8211; 76 pages &#8211; 2005 edition<\/p>\n<h2>About Nienhuis Montessori<\/h2>\n<p>Dutch brand\u00a0<a href=\"https:\/\/teiaeducation.ch\/product-category\/brands\/nienhuis-montessori-educational-materials\/\">Nienhuis Montessori<\/a>\u00a0is the world\u2019s leading\u00a0<a href=\"https:\/\/teiaeducation.ch\/what-is-montessori-education\/\">Montessori<\/a>\u00a0brand, that honours and continues the legacy of Maria Montessori, and manufactures the widest and most innovative range of Montessori materials,\u00a0<a href=\"https:\/\/teiaeducation.ch\/product-category\/classroom-essentials\/montessori-furniture\/\">furniture<\/a>\u00a0and\u00a0<a href=\"https:\/\/teiaeducation.ch\/product-category\/brands\/nienhuis-montessori-educational-materials\/add-ons\/\">related products<\/a>. The high quality Nienhuis Montessori products provides children with the tools they need to become independent and critical thinkers. All Nienhuis Montessori materials are certified by the Association Montessori Internationale (<a href=\"https:\/\/montessori-ami.org\/\">AMI<\/a>) Materials Committee and are meticulously crafted to isolate difficulty so that children can focus, gain mastery, and flourish.<\/p>\n<p>Nienhuis Montessori is one of the brands managed by the Dutch company Heutink International, that provides the very best global educational brands, which are geared towards learning through\u00a0<a href=\"https:\/\/teiaeducation.ch\/product-category\/hgh-quality-toys-play\/\">play<\/a>.<\/p>\n","protected":false},"excerpt":{"rendered":"<p>Item number: 520100<\/p>\n<p>The book \u00e9ducateurs sans fronti\u00e8res (English) written by Renilde Montessori offers her own personal collection of snippets on child education.<\/p>\n","protected":false},"featured_media":7944,"comment_status":"open","ping_status":"closed","template":"","meta":[],"product_brand":[30177],"product_cat":[33,7061,91,19628,74,120,168,869],"product_tag":[29694,889,972,925,654,460,892,973],"class_list":{"0":"post-12784","1":"product","2":"type-product","3":"status-publish","4":"has-post-thumbnail","6":"product_brand-nienhuis-montessori","7":"product_cat-books","8":"product_cat-learning-materials-toys-montessori-waldorf-froebel","9":"product_cat-learning-support","10":"product_cat-montessori-books","11":"product_cat-nienhuis-montessori-educational-materials","12":"product_cat-brands","13":"product_cat-reference-books-montessori-curriculum-support","14":"product_cat-the-montessori-pedagogy-materials-toys","15":"product_tag-book-educateurs-sans-frontieres-renilde-montessori","16":"product_tag-books-more","17":"product_tag-educateurs-sans-frontieres-book","18":"product_tag-for-teachers","19":"product_tag-montessori-books","20":"product_tag-nienhuis-montessori","21":"product_tag-reference","22":"product_tag-renilde-montessori","24":"first","25":"instock","26":"taxable","27":"shipping-taxable","28":"purchasable","29":"product-type-simple"},"yoast_head":"<!-- This site is optimized with the Yoast SEO Premium plugin v25.8 (Yoast SEO v27.4) - https:\/\/yoast.com\/product\/yoast-seo-premium-wordpress\/ -->\n<title>\u00c9ducateurs sans fronti\u00e8res book (English) - Renilde Montessori<\/title>\n<meta name=\"description\" content=\"The book \u00e9ducateurs sans fronti\u00e8res (English) written by Renilde Montessori offers her own personal collection of snippets on child education.\" \/>\n<meta name=\"robots\" content=\"index, follow, max-snippet:-1, max-image-preview:large, max-video-preview:-1\" \/>\n<link rel=\"canonical\" href=\"https:\/\/teiaeducation.ch\/de\/produkt\/book-educateurs-sans-frontieres-english-renilde-montessori\/\" \/>\n<meta property=\"og:locale\" content=\"de_DE\" \/>\n<meta property=\"og:type\" content=\"article\" \/>\n<meta property=\"og:title\" content=\"\u00c9ducateurs sans fronti\u00e8res (English) - Renilde Montessori\" \/>\n<meta property=\"og:description\" content=\"The book \u00e9ducateurs sans fronti\u00e8res (English) written by Renilde Montessori offers her own personal collection of snippets on child education.\" \/>\n<meta property=\"og:url\" content=\"https:\/\/teiaeducation.ch\/de\/produkt\/book-educateurs-sans-frontieres-english-renilde-montessori\/\" \/>\n<meta property=\"og:site_name\" content=\"Sustainable Educational Products &amp; Ecological Toys\u00a0\" \/>\n<meta property=\"article:publisher\" content=\"https:\/\/www.facebook.com\/teiaeducation\/\" \/>\n<meta property=\"article:modified_time\" content=\"2026-04-17T08:42:24+00:00\" \/>\n<meta property=\"og:image\" content=\"https:\/\/teiaeducation.ch\/wp-content\/uploads\/2019\/05\/400_520100_main_or_1-scaled-scaled.jpg\" \/>\n\t<meta property=\"og:image:width\" content=\"2048\" \/>\n\t<meta property=\"og:image:height\" content=\"2048\" \/>\n\t<meta property=\"og:image:type\" content=\"image\/jpeg\" \/>\n<script type=\"application\/ld+json\" class=\"yoast-schema-graph\">{\"@context\":\"https:\\\/\\\/schema.org\",\"@graph\":[{\"@type\":\"WebPage\",\"@id\":\"https:\\\/\\\/teiaeducation.ch\\\/de\\\/produkt\\\/book-educateurs-sans-frontieres-english-renilde-montessori\\\/\",\"url\":\"https:\\\/\\\/teiaeducation.ch\\\/de\\\/produkt\\\/book-educateurs-sans-frontieres-english-renilde-montessori\\\/\",\"name\":\"\u00c9ducateurs sans fronti\u00e8res book (English) - Renilde Montessori\",\"isPartOf\":{\"@id\":\"https:\\\/\\\/teiaeducation.ch\\\/de\\\/#website\"},\"primaryImageOfPage\":{\"@id\":\"https:\\\/\\\/teiaeducation.ch\\\/de\\\/produkt\\\/book-educateurs-sans-frontieres-english-renilde-montessori\\\/#primaryimage\"},\"image\":{\"@id\":\"https:\\\/\\\/teiaeducation.ch\\\/de\\\/produkt\\\/book-educateurs-sans-frontieres-english-renilde-montessori\\\/#primaryimage\"},\"thumbnailUrl\":\"https:\\\/\\\/teiaeducation.ch\\\/wp-content\\\/uploads\\\/2019\\\/05\\\/400_520100_main_or_1-scaled-scaled.jpg\",\"datePublished\":\"2019-05-20T20:02:48+00:00\",\"dateModified\":\"2026-04-17T08:42:24+00:00\",\"description\":\"The book \u00e9ducateurs sans fronti\u00e8res (English) written by Renilde Montessori offers her own personal collection of snippets on child education.\",\"breadcrumb\":{\"@id\":\"https:\\\/\\\/teiaeducation.ch\\\/de\\\/produkt\\\/book-educateurs-sans-frontieres-english-renilde-montessori\\\/#breadcrumb\"},\"inLanguage\":\"de-CH\",\"potentialAction\":[{\"@type\":\"ReadAction\",\"target\":[\"https:\\\/\\\/teiaeducation.ch\\\/de\\\/produkt\\\/book-educateurs-sans-frontieres-english-renilde-montessori\\\/\"]}]},{\"@type\":\"ImageObject\",\"inLanguage\":\"de-CH\",\"@id\":\"https:\\\/\\\/teiaeducation.ch\\\/de\\\/produkt\\\/book-educateurs-sans-frontieres-english-renilde-montessori\\\/#primaryimage\",\"url\":\"https:\\\/\\\/teiaeducation.ch\\\/wp-content\\\/uploads\\\/2019\\\/05\\\/400_520100_main_or_1-scaled-scaled.jpg\",\"contentUrl\":\"https:\\\/\\\/teiaeducation.ch\\\/wp-content\\\/uploads\\\/2019\\\/05\\\/400_520100_main_or_1-scaled-scaled.jpg\",\"width\":2048,\"height\":2048,\"caption\":\"\u00c9ducateurs Sans Fronti\u00e8res - Nienhuis Montessori\"},{\"@type\":\"BreadcrumbList\",\"@id\":\"https:\\\/\\\/teiaeducation.ch\\\/de\\\/produkt\\\/book-educateurs-sans-frontieres-english-renilde-montessori\\\/#breadcrumb\",\"itemListElement\":[{\"@type\":\"ListItem\",\"position\":1,\"name\":\"Home\",\"item\":\"https:\\\/\\\/teiaeducation.ch\\\/de\\\/\"},{\"@type\":\"ListItem\",\"position\":2,\"name\":\"Laden\",\"item\":\"https:\\\/\\\/teiaeducation.ch\\\/de\\\/shop\\\/\"},{\"@type\":\"ListItem\",\"position\":3,\"name\":\"Lernunterst\u00fctzung\",\"item\":\"https:\\\/\\\/teiaeducation.ch\\\/de\\\/produkt-kategorie\\\/lernunterstuetzung\\\/\"},{\"@type\":\"ListItem\",\"position\":4,\"name\":\"Referenz-B\u00fccher\",\"item\":\"https:\\\/\\\/teiaeducation.ch\\\/de\\\/produkt-kategorie\\\/lernunterstuetzung\\\/referenz-buecher\\\/\"},{\"@type\":\"ListItem\",\"position\":5,\"name\":\"\u00c9ducateurs sans fronti\u00e8res (English) &#8211; Renilde Montessori\"}]},{\"@type\":\"WebSite\",\"@id\":\"https:\\\/\\\/teiaeducation.ch\\\/de\\\/#website\",\"url\":\"https:\\\/\\\/teiaeducation.ch\\\/de\\\/\",\"name\":\"Sustainable Educational Products &amp; Ecological Toys\u00a0\",\"description\":\"Specialised Swiss shop selling sustainable educational toys and games, AMI certified Montessori materials, handmade ecological wooden Waldorf toys and arts &amp; crafts supplies, school supplies, children&#039;s furniture and Montessori reference and parenting books.\",\"publisher\":{\"@id\":\"https:\\\/\\\/teiaeducation.ch\\\/de\\\/#organization\"},\"alternateName\":\"Teia Education & Play\",\"potentialAction\":[{\"@type\":\"SearchAction\",\"target\":{\"@type\":\"EntryPoint\",\"urlTemplate\":\"https:\\\/\\\/teiaeducation.ch\\\/de\\\/?s={search_term_string}\"},\"query-input\":{\"@type\":\"PropertyValueSpecification\",\"valueRequired\":true,\"valueName\":\"search_term_string\"}}],\"inLanguage\":\"de-CH\"},{\"@type\":\"Organization\",\"@id\":\"https:\\\/\\\/teiaeducation.ch\\\/de\\\/#organization\",\"name\":\"Teia Education & Play\",\"url\":\"https:\\\/\\\/teiaeducation.ch\\\/de\\\/\",\"logo\":{\"@type\":\"ImageObject\",\"inLanguage\":\"de-CH\",\"@id\":\"https:\\\/\\\/teiaeducation.ch\\\/de\\\/#\\\/schema\\\/logo\\\/image\\\/\",\"url\":\"https:\\\/\\\/teiaeducation.ch\\\/wp-content\\\/uploads\\\/2020\\\/11\\\/Teia-Education-Switzerland-e1620156442216.jpg\",\"contentUrl\":\"https:\\\/\\\/teiaeducation.ch\\\/wp-content\\\/uploads\\\/2020\\\/11\\\/Teia-Education-Switzerland-e1620156442216.jpg\",\"width\":166,\"height\":145,\"caption\":\"Teia Education & Play\"},\"image\":{\"@id\":\"https:\\\/\\\/teiaeducation.ch\\\/de\\\/#\\\/schema\\\/logo\\\/image\\\/\"},\"sameAs\":[\"https:\\\/\\\/www.facebook.com\\\/teiaeducation\\\/\",\"https:\\\/\\\/x.com\\\/EducationTeia\",\"https:\\\/\\\/www.instagram.com\\\/teia.education\\\/\",\"https:\\\/\\\/www.linkedin.com\\\/company\\\/35501660\",\"https:\\\/\\\/www.pinterest.ch\\\/TeiaEducation\\\/\"]}]}<\/script>\n<meta property=\"product:price:amount\" content=\"19.95\" \/>\n<meta property=\"product:price:currency\" content=\"CHF\" \/>\n<meta property=\"og:availability\" content=\"instock\" \/>\n<meta property=\"product:availability\" content=\"instock\" \/>\n<meta property=\"product:retailer_item_id\" content=\"00000000000000000000000000000000000000000000012784\" \/>\n<meta property=\"product:condition\" content=\"new\" \/>\n<!-- \/ Yoast SEO Premium plugin. -->","yoast_head_json":{"title":"\u00c9ducateurs sans fronti\u00e8res book (English) - Renilde Montessori","description":"The book \u00e9ducateurs sans fronti\u00e8res (English) written by Renilde Montessori offers her own personal collection of snippets on child education.","robots":{"index":"index","follow":"follow","max-snippet":"max-snippet:-1","max-image-preview":"max-image-preview:large","max-video-preview":"max-video-preview:-1"},"canonical":"https:\/\/teiaeducation.ch\/de\/produkt\/book-educateurs-sans-frontieres-english-renilde-montessori\/","og_locale":"de_DE","og_type":"article","og_title":"\u00c9ducateurs sans fronti\u00e8res (English) - Renilde Montessori","og_description":"The book \u00e9ducateurs sans fronti\u00e8res (English) written by Renilde Montessori offers her own personal collection of snippets on child education.","og_url":"https:\/\/teiaeducation.ch\/de\/produkt\/book-educateurs-sans-frontieres-english-renilde-montessori\/","og_site_name":"Sustainable Educational Products &amp; Ecological Toys\u00a0","article_publisher":"https:\/\/www.facebook.com\/teiaeducation\/","article_modified_time":"2026-04-17T08:42:24+00:00","og_image":[{"width":2048,"height":2048,"url":"https:\/\/teiaeducation.ch\/wp-content\/uploads\/2019\/05\/400_520100_main_or_1-scaled-scaled.jpg","type":"image\/jpeg"}],"schema":{"@context":"https:\/\/schema.org","@graph":[{"@type":"WebPage","@id":"https:\/\/teiaeducation.ch\/de\/produkt\/book-educateurs-sans-frontieres-english-renilde-montessori\/","url":"https:\/\/teiaeducation.ch\/de\/produkt\/book-educateurs-sans-frontieres-english-renilde-montessori\/","name":"\u00c9ducateurs sans fronti\u00e8res book (English) - Renilde Montessori","isPartOf":{"@id":"https:\/\/teiaeducation.ch\/de\/#website"},"primaryImageOfPage":{"@id":"https:\/\/teiaeducation.ch\/de\/produkt\/book-educateurs-sans-frontieres-english-renilde-montessori\/#primaryimage"},"image":{"@id":"https:\/\/teiaeducation.ch\/de\/produkt\/book-educateurs-sans-frontieres-english-renilde-montessori\/#primaryimage"},"thumbnailUrl":"https:\/\/teiaeducation.ch\/wp-content\/uploads\/2019\/05\/400_520100_main_or_1-scaled-scaled.jpg","datePublished":"2019-05-20T20:02:48+00:00","dateModified":"2026-04-17T08:42:24+00:00","description":"The book \u00e9ducateurs sans fronti\u00e8res (English) written by Renilde Montessori offers her own personal collection of snippets on child education.","breadcrumb":{"@id":"https:\/\/teiaeducation.ch\/de\/produkt\/book-educateurs-sans-frontieres-english-renilde-montessori\/#breadcrumb"},"inLanguage":"de-CH","potentialAction":[{"@type":"ReadAction","target":["https:\/\/teiaeducation.ch\/de\/produkt\/book-educateurs-sans-frontieres-english-renilde-montessori\/"]}]},{"@type":"ImageObject","inLanguage":"de-CH","@id":"https:\/\/teiaeducation.ch\/de\/produkt\/book-educateurs-sans-frontieres-english-renilde-montessori\/#primaryimage","url":"https:\/\/teiaeducation.ch\/wp-content\/uploads\/2019\/05\/400_520100_main_or_1-scaled-scaled.jpg","contentUrl":"https:\/\/teiaeducation.ch\/wp-content\/uploads\/2019\/05\/400_520100_main_or_1-scaled-scaled.jpg","width":2048,"height":2048,"caption":"\u00c9ducateurs Sans Fronti\u00e8res - Nienhuis Montessori"},{"@type":"BreadcrumbList","@id":"https:\/\/teiaeducation.ch\/de\/produkt\/book-educateurs-sans-frontieres-english-renilde-montessori\/#breadcrumb","itemListElement":[{"@type":"ListItem","position":1,"name":"Home","item":"https:\/\/teiaeducation.ch\/de\/"},{"@type":"ListItem","position":2,"name":"Laden","item":"https:\/\/teiaeducation.ch\/de\/shop\/"},{"@type":"ListItem","position":3,"name":"Lernunterst\u00fctzung","item":"https:\/\/teiaeducation.ch\/de\/produkt-kategorie\/lernunterstuetzung\/"},{"@type":"ListItem","position":4,"name":"Referenz-B\u00fccher","item":"https:\/\/teiaeducation.ch\/de\/produkt-kategorie\/lernunterstuetzung\/referenz-buecher\/"},{"@type":"ListItem","position":5,"name":"\u00c9ducateurs sans fronti\u00e8res (English) &#8211; Renilde Montessori"}]},{"@type":"WebSite","@id":"https:\/\/teiaeducation.ch\/de\/#website","url":"https:\/\/teiaeducation.ch\/de\/","name":"Sustainable Educational Products &amp; Ecological Toys\u00a0","description":"Specialised Swiss shop selling sustainable educational toys and games, AMI certified Montessori materials, handmade ecological wooden Waldorf toys and arts &amp; crafts supplies, school supplies, children&#039;s furniture and Montessori reference and parenting books.","publisher":{"@id":"https:\/\/teiaeducation.ch\/de\/#organization"},"alternateName":"Teia Education & Play","potentialAction":[{"@type":"SearchAction","target":{"@type":"EntryPoint","urlTemplate":"https:\/\/teiaeducation.ch\/de\/?s={search_term_string}"},"query-input":{"@type":"PropertyValueSpecification","valueRequired":true,"valueName":"search_term_string"}}],"inLanguage":"de-CH"},{"@type":"Organization","@id":"https:\/\/teiaeducation.ch\/de\/#organization","name":"Teia Education & Play","url":"https:\/\/teiaeducation.ch\/de\/","logo":{"@type":"ImageObject","inLanguage":"de-CH","@id":"https:\/\/teiaeducation.ch\/de\/#\/schema\/logo\/image\/","url":"https:\/\/teiaeducation.ch\/wp-content\/uploads\/2020\/11\/Teia-Education-Switzerland-e1620156442216.jpg","contentUrl":"https:\/\/teiaeducation.ch\/wp-content\/uploads\/2020\/11\/Teia-Education-Switzerland-e1620156442216.jpg","width":166,"height":145,"caption":"Teia Education & Play"},"image":{"@id":"https:\/\/teiaeducation.ch\/de\/#\/schema\/logo\/image\/"},"sameAs":["https:\/\/www.facebook.com\/teiaeducation\/","https:\/\/x.com\/EducationTeia","https:\/\/www.instagram.com\/teia.education\/","https:\/\/www.linkedin.com\/company\/35501660","https:\/\/www.pinterest.ch\/TeiaEducation\/"]}]},"product_price_amount":"19.95","product_price_currency":"CHF","og_availability":"instock","product_availability":"instock","product_retailer_item_id":"00000000000000000000000000000000000000000000012784","product_condition":"new"},"_links":{"self":[{"href":"https:\/\/teiaeducation.ch\/de\/wp-json\/wp\/v2\/product\/12784","targetHints":{"allow":["GET"]}}],"collection":[{"href":"https:\/\/teiaeducation.ch\/de\/wp-json\/wp\/v2\/product"}],"about":[{"href":"https:\/\/teiaeducation.ch\/de\/wp-json\/wp\/v2\/types\/product"}],"replies":[{"embeddable":true,"href":"https:\/\/teiaeducation.ch\/de\/wp-json\/wp\/v2\/comments?post=12784"}],"wp:featuredmedia":[{"embeddable":true,"href":"https:\/\/teiaeducation.ch\/de\/wp-json\/wp\/v2\/media\/7944"}],"wp:attachment":[{"href":"https:\/\/teiaeducation.ch\/de\/wp-json\/wp\/v2\/media?parent=12784"}],"wp:term":[{"taxonomy":"product_brand","embeddable":true,"href":"https:\/\/teiaeducation.ch\/de\/wp-json\/wp\/v2\/product_brand?post=12784"},{"taxonomy":"product_cat","embeddable":true,"href":"https:\/\/teiaeducation.ch\/de\/wp-json\/wp\/v2\/product_cat?post=12784"},{"taxonomy":"product_tag","embeddable":true,"href":"https:\/\/teiaeducation.ch\/de\/wp-json\/wp\/v2\/product_tag?post=12784"}],"curies":[{"name":"wp","href":"https:\/\/api.w.org\/{rel}","templated":true}]}}