{"id":24356,"date":"2020-03-28T17:48:35","date_gmt":"2020-03-28T16:48:35","guid":{"rendered":"https:\/\/teiaeducation.ch\/?post_type=product&#038;p=24356"},"modified":"2026-02-12T12:47:35","modified_gmt":"2026-02-12T11:47:35","slug":"flower-balancing-game-sina-spielzeug","status":"publish","type":"product","link":"https:\/\/teiaeducation.ch\/de\/produkt\/flower-balancing-game-sina-spielzeug\/","title":{"rendered":"Flower balancing game &#8211; SINA Spielzeug"},"content":{"rendered":"<p>The SINA Spielzeug flower balancing game set contains 6\u00a0high-quality handmade wooden hemispheres that split into halves, 6 felt flower cut-outs made from sheep&#8217;s wool in the <a href=\"https:\/\/teiaeducation.ch\/product-category\/learning-themes\/sensory-motor-skills\/learning-about-colour\/\">colours<\/a> of the rainbow as well as 6 natural <a href=\"https:\/\/teiaeducation.ch\/product-category\/play\/wooden-building-blocks\/\">wooden blocks<\/a> in different heights.<\/p>\n<p>The flowers can also be used as spinning tops and spun on any flat surface such as the floor or be played with as a loose parts toy. Playing with the flower balancing game develops fine <a href=\"https:\/\/teiaeducation.ch\/product-category\/learning-themes\/sensory-motor-skills\/motor-skills\/\">motor skills<\/a>, dexterity, hand-eye coordination and aesthetic design. The set is entirely handmade in Germany.<\/p>\n<p>A set of three SINA Spielzeug <a href=\"https:\/\/teiaeducation.ch\/product\/flower-spinning-tops-sina-spielzeug\/\">spinning tops<\/a>\u00a0is also available in our web shop.<\/p>\n<p>The SINA flower balancing game is suitable for children aged 0 months and up.<\/p>\n<p>Contents:<\/p>\n<p>Contents:<\/p>\n<p>6 thick round wooden blocks in three different lengths, untreated<br \/>\n6 pairs of colourful hemispheres to put together<br \/>\n6 colourful sheep&#8217;s wool felt cutouts in the shape of flowers<br \/>\nOne large cotton bag<\/p>\n<h2>About SINA Spielzeug<\/h2>\n<p>German toy brand <a href=\"https:\/\/teiaeducation.ch\/product-category\/brands\/sina-spielzeug\/\">SINA Spielzeug<\/a> has been creating <a href=\"https:\/\/teiaeducation.ch\/product-category\/hgh-quality-toys-play\/handmade-wooden-toys\/\">wooden toys<\/a> for over 30 years of the highest quality which are designed to encourage adults and children to play together. SINA Spielzeug has a strong regional identity and employs local craftsmen who grew up in the area and are drawn to wood as a natural material. They infuse playfulness, happiness and wholeheartedness in the brand\u2019s soul!<\/p>\n<p>All SINA Spielzeug toys are designed and made by hand in the company\u2019s own workshop in Neuhausen\/Erzgebirge, Germany. Developed and manufactured with the utmost care, each SINA product carries the CE mark and complies with all the legal requirements of the European Toys Safety Directive 2009\/48\/EC and EN 71 for the safety of toys. Several of the SINA toys have been awarded with the <a href=\"https:\/\/www.spielgut.de\">Spielgut\u00ae<\/a> seal.<\/p>\n<p>High safety and ethical standards are required from suppliers of raw materials as well as a guarantee that all materials and constituent parts are safe for children and free of toxins. A family company at heart, SINA\u2019s range includes didactic wooden toys, <a href=\"https:\/\/teiaeducation.ch\/product-category\/brands\/sina-spielzeug\/build-thread\/\">wooden playing items<\/a> for therapeutical use, early learning toys for <a href=\"https:\/\/teiaeducation.ch\/product-category\/brands\/sina-spielzeug\/infant-toddler-toys\/\">infants and toddlers<\/a> and playing items including the gifts or <a href=\"https:\/\/teiaeducation.ch\/product-category\/brands\/sina-spielzeug\/froebel-gaben-playing-items\/\">gaben<\/a> of the <a href=\"https:\/\/teiaeducation.ch\/2022\/05\/24\/who-was-froebel-and-what-are-froebels-gifts\/\">Froebel (Fr\u00f6bel) pedagogy<\/a>.<\/p>\n<p>SINA Spielzeug is a member of the <a href=\"https:\/\/www.dvsi.de\">Deutscher Verband der Spielwarenindustrie<\/a>, the <a href=\"https:\/\/gutesholzspielzeug.de\">Fachgruppe Holzspielzeug<\/a> and the <a href=\"https:\/\/www.pfv.info\">Pestalozzi-Fr\u00f6bel-Verband<\/a>.<\/p>\n","protected":false},"excerpt":{"rendered":"<p>Item number: 20007<\/p>\n<p>SINA Spielzeug flower balancing game is entirely handmade in Germany and develops fine motor skills, dexterity and hand-eye coordination!<\/p>\n","protected":false},"featured_media":72273,"comment_status":"open","ping_status":"closed","template":"","meta":[],"product_brand":[32352],"product_cat":[77,18521,119,7061,22766,8257,8262,8470,318,121,346,5155,10299,120,10283,22322,319,81,10300,7064,329,18008,18767,23581,17876,871],"product_tag":[24519,5898,8472,8474,8471,8961,8325],"class_list":{"0":"post-24356","1":"product","2":"type-product","3":"status-publish","4":"has-post-thumbnail","6":"product_brand-sina-spielzeug","7":"product_cat-1-3-years-toddler","8":"product_cat-active-toys","9":"product_cat-age-range","10":"product_cat-learning-materials-toys-montessori-waldorf-froebel","11":"product_cat-handmade-wooden-toys","12":"product_cat-homeschool-supplies","13":"product_cat-infant-toddler-play-learn","14":"product_cat-infant-toddler-toys","15":"product_cat-learning-about-colour","16":"product_cat-learning-themes","17":"product_cat-motor-skills","18":"product_cat-new-arrivals","19":"product_cat-open-ended-play","20":"product_cat-brands","21":"product_cat-hgh-quality-toys-play","22":"product_cat-seasonal-collections","23":"product_cat-senses","24":"product_cat-sensory-motor-skills","25":"product_cat-sensory-play","26":"product_cat-sina-spielzeug","27":"product_cat-sorting","28":"product_cat-spinning-tops","29":"product_cat-spring-collection","30":"product_cat-summer-collection","31":"product_cat-toy-storage","32":"product_cat-traditional-education-materials-toys","33":"product_tag-flower-balancing-game-sina-spielzeug","34":"product_tag-handmade-wooden-toys","35":"product_tag-infant-and-toddler-toys","36":"product_tag-made-in-germany","37":"product_tag-sina-spielzeug","38":"product_tag-wooden-balancing-game","39":"product_tag-wooden-educational-toys","41":"first","42":"instock","43":"taxable","44":"shipping-taxable","45":"purchasable","46":"product-type-simple"},"yoast_head":"<!-- This site is optimized with the Yoast SEO plugin v27.3 - https:\/\/yoast.com\/product\/yoast-seo-wordpress\/ -->\n<title>Flower balancing game - SINA Spielzeug - Teia Education &amp; Play<\/title>\n<meta name=\"description\" content=\"SINA Spielzeug flower balancing game is entirely handmade in Germany and develops fine motor skills, dexterity and hand-eye coordination.\" \/>\n<meta name=\"robots\" content=\"index, follow, max-snippet:-1, max-image-preview:large, max-video-preview:-1\" \/>\n<link rel=\"canonical\" href=\"https:\/\/teiaeducation.ch\/de\/produkt\/flower-balancing-game-sina-spielzeug\/\" \/>\n<meta property=\"og:locale\" content=\"de_DE\" \/>\n<meta property=\"og:type\" content=\"article\" \/>\n<meta property=\"og:title\" content=\"Flower balancing game - SINA Spielzeug - Teia Education &amp; Play\" \/>\n<meta property=\"og:description\" content=\"SINA Spielzeug flower balancing game is entirely handmade in Germany and develops fine motor skills, dexterity and hand-eye coordination.\" \/>\n<meta property=\"og:url\" content=\"https:\/\/teiaeducation.ch\/de\/produkt\/flower-balancing-game-sina-spielzeug\/\" \/>\n<meta property=\"og:site_name\" content=\"Sustainable Educational Products &amp; Ecological Toys\u00a0\" \/>\n<meta property=\"article:publisher\" content=\"https:\/\/www.facebook.com\/teiaeducation\/\" \/>\n<meta property=\"article:modified_time\" content=\"2026-02-12T11:47:35+00:00\" \/>\n<meta property=\"og:image\" content=\"https:\/\/teiaeducation.ch\/wp-content\/uploads\/2020\/03\/Flower-balancing-game-SINA-Spielzeug-1-1.jpg\" \/>\n\t<meta property=\"og:image:width\" content=\"1920\" \/>\n\t<meta property=\"og:image:height\" content=\"1920\" \/>\n\t<meta property=\"og:image:type\" content=\"image\/jpeg\" \/>\n<script type=\"application\/ld+json\" class=\"yoast-schema-graph\">{\"@context\":\"https:\\\/\\\/schema.org\",\"@graph\":[{\"@type\":\"WebPage\",\"@id\":\"https:\\\/\\\/teiaeducation.ch\\\/de\\\/produkt\\\/flower-balancing-game-sina-spielzeug\\\/\",\"url\":\"https:\\\/\\\/teiaeducation.ch\\\/de\\\/produkt\\\/flower-balancing-game-sina-spielzeug\\\/\",\"name\":\"Flower balancing game - SINA Spielzeug - Teia Education & Play\",\"isPartOf\":{\"@id\":\"https:\\\/\\\/teiaeducation.ch\\\/de\\\/#website\"},\"primaryImageOfPage\":{\"@id\":\"https:\\\/\\\/teiaeducation.ch\\\/de\\\/produkt\\\/flower-balancing-game-sina-spielzeug\\\/#primaryimage\"},\"image\":{\"@id\":\"https:\\\/\\\/teiaeducation.ch\\\/de\\\/produkt\\\/flower-balancing-game-sina-spielzeug\\\/#primaryimage\"},\"thumbnailUrl\":\"https:\\\/\\\/teiaeducation.ch\\\/wp-content\\\/uploads\\\/2020\\\/03\\\/Flower-balancing-game-SINA-Spielzeug-1-1.jpg\",\"datePublished\":\"2020-03-28T16:48:35+00:00\",\"dateModified\":\"2026-02-12T11:47:35+00:00\",\"description\":\"SINA Spielzeug flower balancing game is entirely handmade in Germany and develops fine motor skills, dexterity and hand-eye coordination.\",\"breadcrumb\":{\"@id\":\"https:\\\/\\\/teiaeducation.ch\\\/de\\\/produkt\\\/flower-balancing-game-sina-spielzeug\\\/#breadcrumb\"},\"inLanguage\":\"de-CH\",\"potentialAction\":[{\"@type\":\"ReadAction\",\"target\":[\"https:\\\/\\\/teiaeducation.ch\\\/de\\\/produkt\\\/flower-balancing-game-sina-spielzeug\\\/\"]}]},{\"@type\":\"ImageObject\",\"inLanguage\":\"de-CH\",\"@id\":\"https:\\\/\\\/teiaeducation.ch\\\/de\\\/produkt\\\/flower-balancing-game-sina-spielzeug\\\/#primaryimage\",\"url\":\"https:\\\/\\\/teiaeducation.ch\\\/wp-content\\\/uploads\\\/2020\\\/03\\\/Flower-balancing-game-SINA-Spielzeug-1-1.jpg\",\"contentUrl\":\"https:\\\/\\\/teiaeducation.ch\\\/wp-content\\\/uploads\\\/2020\\\/03\\\/Flower-balancing-game-SINA-Spielzeug-1-1.jpg\",\"width\":1920,\"height\":1920,\"caption\":\"sechs dicke Holzst\u00e4be in drei unterschiedlichen L\u00e4ngen, unbehandelt sechs Paar bunte Halbkugeln zum Zusammenstecken sechs bunte Schafwollfilz-Zuschnitte in Bl\u00fctenform ein gro\u00dfes S\u00e4ckchen aus Baumwolle\"},{\"@type\":\"BreadcrumbList\",\"@id\":\"https:\\\/\\\/teiaeducation.ch\\\/de\\\/produkt\\\/flower-balancing-game-sina-spielzeug\\\/#breadcrumb\",\"itemListElement\":[{\"@type\":\"ListItem\",\"position\":1,\"name\":\"Home\",\"item\":\"https:\\\/\\\/teiaeducation.ch\\\/de\\\/\"},{\"@type\":\"ListItem\",\"position\":2,\"name\":\"Laden\",\"item\":\"https:\\\/\\\/teiaeducation.ch\\\/de\\\/shop\\\/\"},{\"@type\":\"ListItem\",\"position\":3,\"name\":\"Unsere Marken\",\"item\":\"https:\\\/\\\/teiaeducation.ch\\\/de\\\/produkt-kategorie\\\/unsere-marken\\\/\"},{\"@type\":\"ListItem\",\"position\":4,\"name\":\"SINA Spielzeug\",\"item\":\"https:\\\/\\\/teiaeducation.ch\\\/de\\\/produkt-kategorie\\\/unsere-marken\\\/sina-spielzeug-de\\\/\"},{\"@type\":\"ListItem\",\"position\":5,\"name\":\"Baby- und Kleinkindspielzeug\",\"item\":\"https:\\\/\\\/teiaeducation.ch\\\/de\\\/produkt-kategorie\\\/unsere-marken\\\/sina-spielzeug-de\\\/baby-und-kleinkindspielzeug\\\/\"},{\"@type\":\"ListItem\",\"position\":6,\"name\":\"Flower balancing game &#8211; SINA Spielzeug\"}]},{\"@type\":\"WebSite\",\"@id\":\"https:\\\/\\\/teiaeducation.ch\\\/de\\\/#website\",\"url\":\"https:\\\/\\\/teiaeducation.ch\\\/de\\\/\",\"name\":\"Sustainable Educational Products &amp; Ecological Toys\u00a0\",\"description\":\"Specialised Swiss shop selling sustainable educational toys and games, AMI certified Montessori materials, handmade ecological wooden Waldorf toys and arts &amp; crafts supplies, school supplies, children&#039;s furniture and Montessori reference and parenting books.\",\"publisher\":{\"@id\":\"https:\\\/\\\/teiaeducation.ch\\\/de\\\/#organization\"},\"alternateName\":\"Teia Education & Play\",\"potentialAction\":[{\"@type\":\"SearchAction\",\"target\":{\"@type\":\"EntryPoint\",\"urlTemplate\":\"https:\\\/\\\/teiaeducation.ch\\\/de\\\/?s={search_term_string}\"},\"query-input\":{\"@type\":\"PropertyValueSpecification\",\"valueRequired\":true,\"valueName\":\"search_term_string\"}}],\"inLanguage\":\"de-CH\"},{\"@type\":\"Organization\",\"@id\":\"https:\\\/\\\/teiaeducation.ch\\\/de\\\/#organization\",\"name\":\"Teia Education & Play\",\"url\":\"https:\\\/\\\/teiaeducation.ch\\\/de\\\/\",\"logo\":{\"@type\":\"ImageObject\",\"inLanguage\":\"de-CH\",\"@id\":\"https:\\\/\\\/teiaeducation.ch\\\/de\\\/#\\\/schema\\\/logo\\\/image\\\/\",\"url\":\"https:\\\/\\\/teiaeducation.ch\\\/wp-content\\\/uploads\\\/2020\\\/11\\\/Teia-Education-Switzerland-e1620156442216.jpg\",\"contentUrl\":\"https:\\\/\\\/teiaeducation.ch\\\/wp-content\\\/uploads\\\/2020\\\/11\\\/Teia-Education-Switzerland-e1620156442216.jpg\",\"width\":166,\"height\":145,\"caption\":\"Teia Education & Play\"},\"image\":{\"@id\":\"https:\\\/\\\/teiaeducation.ch\\\/de\\\/#\\\/schema\\\/logo\\\/image\\\/\"},\"sameAs\":[\"https:\\\/\\\/www.facebook.com\\\/teiaeducation\\\/\",\"https:\\\/\\\/x.com\\\/EducationTeia\",\"https:\\\/\\\/www.instagram.com\\\/teia.education\\\/\",\"https:\\\/\\\/www.linkedin.com\\\/company\\\/35501660\",\"https:\\\/\\\/www.pinterest.ch\\\/TeiaEducation\\\/\"]}]}<\/script>\n<!-- \/ Yoast SEO plugin. -->","yoast_head_json":{"title":"Flower balancing game - SINA Spielzeug - Teia Education & Play","description":"SINA Spielzeug flower balancing game is entirely handmade in Germany and develops fine motor skills, dexterity and hand-eye coordination.","robots":{"index":"index","follow":"follow","max-snippet":"max-snippet:-1","max-image-preview":"max-image-preview:large","max-video-preview":"max-video-preview:-1"},"canonical":"https:\/\/teiaeducation.ch\/de\/produkt\/flower-balancing-game-sina-spielzeug\/","og_locale":"de_DE","og_type":"article","og_title":"Flower balancing game - SINA Spielzeug - Teia Education & Play","og_description":"SINA Spielzeug flower balancing game is entirely handmade in Germany and develops fine motor skills, dexterity and hand-eye coordination.","og_url":"https:\/\/teiaeducation.ch\/de\/produkt\/flower-balancing-game-sina-spielzeug\/","og_site_name":"Sustainable Educational Products &amp; Ecological Toys\u00a0","article_publisher":"https:\/\/www.facebook.com\/teiaeducation\/","article_modified_time":"2026-02-12T11:47:35+00:00","og_image":[{"width":1920,"height":1920,"url":"https:\/\/teiaeducation.ch\/wp-content\/uploads\/2020\/03\/Flower-balancing-game-SINA-Spielzeug-1-1.jpg","type":"image\/jpeg"}],"schema":{"@context":"https:\/\/schema.org","@graph":[{"@type":"WebPage","@id":"https:\/\/teiaeducation.ch\/de\/produkt\/flower-balancing-game-sina-spielzeug\/","url":"https:\/\/teiaeducation.ch\/de\/produkt\/flower-balancing-game-sina-spielzeug\/","name":"Flower balancing game - SINA Spielzeug - Teia Education & Play","isPartOf":{"@id":"https:\/\/teiaeducation.ch\/de\/#website"},"primaryImageOfPage":{"@id":"https:\/\/teiaeducation.ch\/de\/produkt\/flower-balancing-game-sina-spielzeug\/#primaryimage"},"image":{"@id":"https:\/\/teiaeducation.ch\/de\/produkt\/flower-balancing-game-sina-spielzeug\/#primaryimage"},"thumbnailUrl":"https:\/\/teiaeducation.ch\/wp-content\/uploads\/2020\/03\/Flower-balancing-game-SINA-Spielzeug-1-1.jpg","datePublished":"2020-03-28T16:48:35+00:00","dateModified":"2026-02-12T11:47:35+00:00","description":"SINA Spielzeug flower balancing game is entirely handmade in Germany and develops fine motor skills, dexterity and hand-eye coordination.","breadcrumb":{"@id":"https:\/\/teiaeducation.ch\/de\/produkt\/flower-balancing-game-sina-spielzeug\/#breadcrumb"},"inLanguage":"de-CH","potentialAction":[{"@type":"ReadAction","target":["https:\/\/teiaeducation.ch\/de\/produkt\/flower-balancing-game-sina-spielzeug\/"]}]},{"@type":"ImageObject","inLanguage":"de-CH","@id":"https:\/\/teiaeducation.ch\/de\/produkt\/flower-balancing-game-sina-spielzeug\/#primaryimage","url":"https:\/\/teiaeducation.ch\/wp-content\/uploads\/2020\/03\/Flower-balancing-game-SINA-Spielzeug-1-1.jpg","contentUrl":"https:\/\/teiaeducation.ch\/wp-content\/uploads\/2020\/03\/Flower-balancing-game-SINA-Spielzeug-1-1.jpg","width":1920,"height":1920,"caption":"sechs dicke Holzst\u00e4be in drei unterschiedlichen L\u00e4ngen, unbehandelt sechs Paar bunte Halbkugeln zum Zusammenstecken sechs bunte Schafwollfilz-Zuschnitte in Bl\u00fctenform ein gro\u00dfes S\u00e4ckchen aus Baumwolle"},{"@type":"BreadcrumbList","@id":"https:\/\/teiaeducation.ch\/de\/produkt\/flower-balancing-game-sina-spielzeug\/#breadcrumb","itemListElement":[{"@type":"ListItem","position":1,"name":"Home","item":"https:\/\/teiaeducation.ch\/de\/"},{"@type":"ListItem","position":2,"name":"Laden","item":"https:\/\/teiaeducation.ch\/de\/shop\/"},{"@type":"ListItem","position":3,"name":"Unsere Marken","item":"https:\/\/teiaeducation.ch\/de\/produkt-kategorie\/unsere-marken\/"},{"@type":"ListItem","position":4,"name":"SINA Spielzeug","item":"https:\/\/teiaeducation.ch\/de\/produkt-kategorie\/unsere-marken\/sina-spielzeug-de\/"},{"@type":"ListItem","position":5,"name":"Baby- und Kleinkindspielzeug","item":"https:\/\/teiaeducation.ch\/de\/produkt-kategorie\/unsere-marken\/sina-spielzeug-de\/baby-und-kleinkindspielzeug\/"},{"@type":"ListItem","position":6,"name":"Flower balancing game &#8211; SINA Spielzeug"}]},{"@type":"WebSite","@id":"https:\/\/teiaeducation.ch\/de\/#website","url":"https:\/\/teiaeducation.ch\/de\/","name":"Sustainable Educational Products &amp; Ecological Toys\u00a0","description":"Specialised Swiss shop selling sustainable educational toys and games, AMI certified Montessori materials, handmade ecological wooden Waldorf toys and arts &amp; crafts supplies, school supplies, children&#039;s furniture and Montessori reference and parenting books.","publisher":{"@id":"https:\/\/teiaeducation.ch\/de\/#organization"},"alternateName":"Teia Education & Play","potentialAction":[{"@type":"SearchAction","target":{"@type":"EntryPoint","urlTemplate":"https:\/\/teiaeducation.ch\/de\/?s={search_term_string}"},"query-input":{"@type":"PropertyValueSpecification","valueRequired":true,"valueName":"search_term_string"}}],"inLanguage":"de-CH"},{"@type":"Organization","@id":"https:\/\/teiaeducation.ch\/de\/#organization","name":"Teia Education & Play","url":"https:\/\/teiaeducation.ch\/de\/","logo":{"@type":"ImageObject","inLanguage":"de-CH","@id":"https:\/\/teiaeducation.ch\/de\/#\/schema\/logo\/image\/","url":"https:\/\/teiaeducation.ch\/wp-content\/uploads\/2020\/11\/Teia-Education-Switzerland-e1620156442216.jpg","contentUrl":"https:\/\/teiaeducation.ch\/wp-content\/uploads\/2020\/11\/Teia-Education-Switzerland-e1620156442216.jpg","width":166,"height":145,"caption":"Teia Education & Play"},"image":{"@id":"https:\/\/teiaeducation.ch\/de\/#\/schema\/logo\/image\/"},"sameAs":["https:\/\/www.facebook.com\/teiaeducation\/","https:\/\/x.com\/EducationTeia","https:\/\/www.instagram.com\/teia.education\/","https:\/\/www.linkedin.com\/company\/35501660","https:\/\/www.pinterest.ch\/TeiaEducation\/"]}]}},"_links":{"self":[{"href":"https:\/\/teiaeducation.ch\/de\/wp-json\/wp\/v2\/product\/24356","targetHints":{"allow":["GET"]}}],"collection":[{"href":"https:\/\/teiaeducation.ch\/de\/wp-json\/wp\/v2\/product"}],"about":[{"href":"https:\/\/teiaeducation.ch\/de\/wp-json\/wp\/v2\/types\/product"}],"replies":[{"embeddable":true,"href":"https:\/\/teiaeducation.ch\/de\/wp-json\/wp\/v2\/comments?post=24356"}],"wp:featuredmedia":[{"embeddable":true,"href":"https:\/\/teiaeducation.ch\/de\/wp-json\/wp\/v2\/media\/72273"}],"wp:attachment":[{"href":"https:\/\/teiaeducation.ch\/de\/wp-json\/wp\/v2\/media?parent=24356"}],"wp:term":[{"taxonomy":"product_brand","embeddable":true,"href":"https:\/\/teiaeducation.ch\/de\/wp-json\/wp\/v2\/product_brand?post=24356"},{"taxonomy":"product_cat","embeddable":true,"href":"https:\/\/teiaeducation.ch\/de\/wp-json\/wp\/v2\/product_cat?post=24356"},{"taxonomy":"product_tag","embeddable":true,"href":"https:\/\/teiaeducation.ch\/de\/wp-json\/wp\/v2\/product_tag?post=24356"}],"curies":[{"name":"wp","href":"https:\/\/api.w.org\/{rel}","templated":true}]}}