{"id":35166,"date":"2021-04-11T15:33:18","date_gmt":"2021-04-11T13:33:18","guid":{"rendered":"https:\/\/teiaeducation.ch\/?post_type=product&#038;p=35166"},"modified":"2026-03-13T14:21:11","modified_gmt":"2026-03-13T13:21:11","slug":"4-piece-metal-bucket-set-red-blue-gluckskafer","status":"publish","type":"product","link":"https:\/\/teiaeducation.ch\/de\/produkt\/4-piece-metal-bucket-set-red-blue-gluckskafer\/","title":{"rendered":"4-piece metal bucket set red\/blue &#8211; Gl\u00fccksk\u00e4fer"},"content":{"rendered":"<p>Gl\u00fccksk\u00e4fer&#8217;s 4-piece metal bucket and spade set in red and blue includes a child size bucket, rake, a sieve and a small shovel. The perfect metal bucket and spade set for plenty of fun in the sandpit, at the seaside or in the garden!<\/p>\n<p>This high quality metal set of traditional sand or garden tools are robust, very well made and the perfect size for children. The bucket measures 15cm in height, the rake is 24cm long and the shovel is 22cm long. The sieve is 17cm in diameter.<\/p>\n<p>This metal children&#8217;s bucket and spade play set is a wonderful long-lasting alternative to plastic, with smooth wooden handles and bright red or blue painted (powder-coated) metal. This lovely set comes in a cotton net bag for easy storage and transporation to the beach.<\/p>\n<p>Children can have lots of outdoor fun playing at the beach or sandpit with these sand toys or helping in the garden, raking and digging or building in the sand. Inspire junior gardeners or invite hours of beach fun and Waldorf <a href=\"https:\/\/teiaeducation.ch\/product-category\/play\/nature-play\/\">nature play<\/a> or let little ones learn through imitation with these child-sized tools in the Montessori pedagogy.<\/p>\n<p>The Gl\u00fccksk\u00e4fer 4-piece metal bucket set is recommended for ages 2 and up.<\/p>\n<p>Contents:<\/p>\n<p>5 items, including 4 wood and metal pieces &#8211; 1 bucket, 1 rake, 1 shovel &amp; 1 sieve<br \/>\n1 cotton net bag for storage and transport<\/p>\n<h2>About Gl\u00fccksk\u00e4fer<\/h2>\n<p>German brand Gl\u00fccksk\u00e4fer is a small, ethical, family-run company that has been producing high-quality traditional\u00a0toys\u00a0for over 60 years. Designed following\u00a0<a href=\"https:\/\/teiaeducation.ch\/product-category\/education-method\/waldorf-steiner-toys-craft-materials\/\">Waldorf<\/a>\u00a0and\u00a0<a href=\"https:\/\/teiaeducation.ch\/product-category\/education-method\/the-montessori-pedagogy-materials-toys\/\">Montessori<\/a> principles and in collaboration with pedagogues, parents, doctors and midwives, the beautiful handmade Gl\u00fccksk\u00e4fer <a href=\"https:\/\/teiaeducation.ch\/product-category\/hgh-quality-toys-play\/\">toys<\/a>\u00a0aim to promote a child\u2019s development through creative and independent play. Their range of handmade toys and colourful play sets are a beautiful addition to toy shelves, a play room or to be featured in a window still!<\/p>\n<p>Ideal for playing with at home, nursery, Waldorf or <a href=\"https:\/\/teiaeducation.ch\/waldorf-steiner-schools-supplies\/\">Rudolf Steiner school<\/a>, the range of <a href=\"https:\/\/teiaeducation.ch\/product-category\/brands\/gluckskafer\/\">Gl\u00fccksk\u00e4fer<\/a> colourful shapes toys are\u00a0crafted by hand according to the <a href=\"https:\/\/teiaeducation.ch\/product-category\/hgh-quality-toys-play\/waldorf-toys\/\">Waldorf<\/a> philosophy which is well-known to encourage children to discover creative play independently and without limitations. The <a href=\"https:\/\/teiaeducation.ch\/product-category\/hgh-quality-toys-play\/handmade-wooden-toys\/\">wooden toys<\/a> are coloured by hand with non-toxic water-based paints and are not finished with lacquer to ensure the original characteristics of the wood and the grain shows through. The surface of the FSC certified European wood pieces are left slightly rough making them fully stackable and less slippery.<\/p>\n<p>Gl\u00fccksk\u00e4fer&#8217;s Waldorf-inspired wooden toys, range of children\u2019s tools, <a href=\"https:\/\/teiaeducation.ch\/product-category\/play\/imaginative-role-play\/\">pretend play<\/a> toys, children\u2019s furniture, wooden\u00a0<a href=\"https:\/\/teiaeducation.ch\/product-category\/celebrations\/birthdays\/\">birthday<\/a>\u00a0decorations and Waldorf <a href=\"https:\/\/teiaeducation.ch\/product-category\/creative-art-craft\/crafting-tools-storage\/\">crafting tools<\/a> are designed in Germany and made in Europe. The brand is part of traditional German toy makers Nic Toys, renowned for the highest standards of quality products designed to support child development manufactured ethically and sustainably.<\/p>\n<p>Each Gl\u00fccksk\u00e4fer toy is\u00a0CE certified and complies with the European standard for toy safety (EN 71).<\/p>\n","protected":false},"excerpt":{"rendered":"<p>Item number: 535064<\/p>\n<p>Gl\u00fccksk\u00e4fer&#8217;s 4-piece metal bucket and spade set includes a child size bucket, rake, sieve and small shovel for the seaside, sandpit or gardening tools.<\/p>\n","protected":false},"featured_media":35170,"comment_status":"open","ping_status":"closed","template":"","meta":[],"product_brand":[32328],"product_cat":[77,96,18521,119,348,10245,84,19618,12030,121,18755,5155,120,23099,10283,95,20390,22322,18767,23581],"product_tag":[18996,18981,18991,18992,13508,18997,18993,18995,18994,19001,18998,18999,19000],"class_list":{"0":"post-35166","1":"product","2":"type-product","3":"status-publish","4":"has-post-thumbnail","6":"product_brand-gluckskafer","7":"product_cat-1-3-years-toddler","8":"product_cat-3-6-years-preschool","9":"product_cat-active-toys","10":"product_cat-age-range","11":"product_cat-botany","12":"product_cat-creative-art-craft","13":"product_cat-culture-science","14":"product_cat-gardening","15":"product_cat-gluckskafer-brands","16":"product_cat-learning-themes","17":"product_cat-nature-play","18":"product_cat-new-arrivals","19":"product_cat-brands","20":"product_cat-outdoor-toys","21":"product_cat-hgh-quality-toys-play","22":"product_cat-practical-life-exercises","23":"product_cat-sand-toys","24":"product_cat-seasonal-collections","25":"product_cat-spring-collection","26":"product_cat-summer-collection","27":"product_tag-alternative-to-plastic-toys","28":"product_tag-childrens-garden-tools","29":"product_tag-childrens-metal-bucket-and-spade","30":"product_tag-gluckskafer-metal-bucket-set","31":"product_tag-gluckskafer-switzerland","32":"product_tag-green-beach-toys","33":"product_tag-metal-and-wood-childrens-garden-tools-sand-toys","34":"product_tag-metal-bucket-and-spade-set","35":"product_tag-metal-childrens-sand-tools","36":"product_tag-metal-gardening-toys","37":"product_tag-montessori-garden-tools","38":"product_tag-montessori-sand-tools","39":"product_tag-waldorf-outdoor-toys","41":"first","42":"outofstock","43":"taxable","44":"shipping-taxable","45":"purchasable","46":"product-type-simple"},"yoast_head":"<!-- This site is optimized with the Yoast SEO plugin v27.1.1 - https:\/\/yoast.com\/product\/yoast-seo-wordpress\/ -->\n<title>4-piece metal bucket set red\/blue - Gl\u00fccksk\u00e4fer<\/title>\n<meta name=\"description\" content=\"Gl\u00fccksk\u00e4fer&#039;s 4-piece metal bucket &amp; spade set includes a child size bucket, rake, sieve and shovel for the seaside, sandpit or gardening.\" \/>\n<meta name=\"robots\" content=\"index, follow, max-snippet:-1, max-image-preview:large, max-video-preview:-1\" \/>\n<link rel=\"canonical\" href=\"https:\/\/teiaeducation.ch\/de\/produkt\/4-piece-metal-bucket-set-red-blue-gluckskafer\/\" \/>\n<meta property=\"og:locale\" content=\"de_DE\" \/>\n<meta property=\"og:type\" content=\"article\" \/>\n<meta property=\"og:title\" content=\"4-piece metal bucket set red\/blue - Gl\u00fccksk\u00e4fer\" \/>\n<meta property=\"og:description\" content=\"Gl\u00fccksk\u00e4fer&#039;s 4-piece metal bucket &amp; spade set includes a child size bucket, rake, sieve and shovel for the seaside, sandpit or gardening.\" \/>\n<meta property=\"og:url\" content=\"https:\/\/teiaeducation.ch\/de\/produkt\/4-piece-metal-bucket-set-red-blue-gluckskafer\/\" \/>\n<meta property=\"og:site_name\" content=\"Sustainable Educational Products &amp; Ecological Toys\u00a0\" \/>\n<meta property=\"article:publisher\" content=\"https:\/\/www.facebook.com\/teiaeducation\/\" \/>\n<meta property=\"article:modified_time\" content=\"2026-03-13T13:21:11+00:00\" \/>\n<meta property=\"og:image\" content=\"https:\/\/teiaeducation.ch\/wp-content\/uploads\/2021\/04\/4-piece-metal-bucket-set-red-blue-Gluckskafer.jpg\" \/>\n\t<meta property=\"og:image:width\" content=\"575\" \/>\n\t<meta property=\"og:image:height\" content=\"575\" \/>\n\t<meta property=\"og:image:type\" content=\"image\/jpeg\" \/>\n<script type=\"application\/ld+json\" class=\"yoast-schema-graph\">{\"@context\":\"https:\/\/schema.org\",\"@graph\":[{\"@type\":\"WebPage\",\"@id\":\"https:\/\/teiaeducation.ch\/de\/produkt\/4-piece-metal-bucket-set-red-blue-gluckskafer\/\",\"url\":\"https:\/\/teiaeducation.ch\/de\/produkt\/4-piece-metal-bucket-set-red-blue-gluckskafer\/\",\"name\":\"4-piece metal bucket set red\/blue - Gl\u00fccksk\u00e4fer\",\"isPartOf\":{\"@id\":\"https:\/\/teiaeducation.ch\/de\/#website\"},\"primaryImageOfPage\":{\"@id\":\"https:\/\/teiaeducation.ch\/de\/produkt\/4-piece-metal-bucket-set-red-blue-gluckskafer\/#primaryimage\"},\"image\":{\"@id\":\"https:\/\/teiaeducation.ch\/de\/produkt\/4-piece-metal-bucket-set-red-blue-gluckskafer\/#primaryimage\"},\"thumbnailUrl\":\"https:\/\/teiaeducation.ch\/wp-content\/uploads\/2021\/04\/4-piece-metal-bucket-set-red-blue-Gluckskafer.jpg\",\"datePublished\":\"2021-04-11T13:33:18+00:00\",\"dateModified\":\"2026-03-13T13:21:11+00:00\",\"description\":\"Gl\u00fccksk\u00e4fer's 4-piece metal bucket & spade set includes a child size bucket, rake, sieve and shovel for the seaside, sandpit or gardening.\",\"breadcrumb\":{\"@id\":\"https:\/\/teiaeducation.ch\/de\/produkt\/4-piece-metal-bucket-set-red-blue-gluckskafer\/#breadcrumb\"},\"inLanguage\":\"de-CH\",\"potentialAction\":[{\"@type\":\"ReadAction\",\"target\":[\"https:\/\/teiaeducation.ch\/de\/produkt\/4-piece-metal-bucket-set-red-blue-gluckskafer\/\"]}]},{\"@type\":\"ImageObject\",\"inLanguage\":\"de-CH\",\"@id\":\"https:\/\/teiaeducation.ch\/de\/produkt\/4-piece-metal-bucket-set-red-blue-gluckskafer\/#primaryimage\",\"url\":\"https:\/\/teiaeducation.ch\/wp-content\/uploads\/2021\/04\/4-piece-metal-bucket-set-red-blue-Gluckskafer.jpg\",\"contentUrl\":\"https:\/\/teiaeducation.ch\/wp-content\/uploads\/2021\/04\/4-piece-metal-bucket-set-red-blue-Gluckskafer.jpg\",\"width\":575,\"height\":575,\"caption\":\"Child size gardening sand tools 4-piece metal bucket set red\/blue - Gl\u00fccksk\u00e4fer\"},{\"@type\":\"BreadcrumbList\",\"@id\":\"https:\/\/teiaeducation.ch\/de\/produkt\/4-piece-metal-bucket-set-red-blue-gluckskafer\/#breadcrumb\",\"itemListElement\":[{\"@type\":\"ListItem\",\"position\":1,\"name\":\"Home\",\"item\":\"https:\/\/teiaeducation.ch\/de\/\"},{\"@type\":\"ListItem\",\"position\":2,\"name\":\"Laden\",\"item\":\"https:\/\/teiaeducation.ch\/de\/shop\/\"},{\"@type\":\"ListItem\",\"position\":3,\"name\":\"Unsere Marken\",\"item\":\"https:\/\/teiaeducation.ch\/de\/produkt-kategorie\/unsere-marken\/\"},{\"@type\":\"ListItem\",\"position\":4,\"name\":\"Gl\u00fccksk\u00e4fer\",\"item\":\"https:\/\/teiaeducation.ch\/de\/produkt-kategorie\/unsere-marken\/glueckskaefer\/\"},{\"@type\":\"ListItem\",\"position\":5,\"name\":\"4-piece metal bucket set red\/blue &#8211; Gl\u00fccksk\u00e4fer\"}]},{\"@type\":\"WebSite\",\"@id\":\"https:\/\/teiaeducation.ch\/de\/#website\",\"url\":\"https:\/\/teiaeducation.ch\/de\/\",\"name\":\"Sustainable Educational Products &amp; Ecological Toys\u00a0\",\"description\":\"Specialised Swiss shop selling sustainable educational toys and games, AMI certified Montessori materials, handmade ecological wooden Waldorf toys and arts &amp; crafts supplies, school supplies, children&#039;s furniture and Montessori reference and parenting books.\",\"publisher\":{\"@id\":\"https:\/\/teiaeducation.ch\/de\/#organization\"},\"alternateName\":\"Teia Education & Play\",\"potentialAction\":[{\"@type\":\"SearchAction\",\"target\":{\"@type\":\"EntryPoint\",\"urlTemplate\":\"https:\/\/teiaeducation.ch\/de\/?s={search_term_string}\"},\"query-input\":{\"@type\":\"PropertyValueSpecification\",\"valueRequired\":true,\"valueName\":\"search_term_string\"}}],\"inLanguage\":\"de-CH\"},{\"@type\":\"Organization\",\"@id\":\"https:\/\/teiaeducation.ch\/de\/#organization\",\"name\":\"Teia Education & Play\",\"url\":\"https:\/\/teiaeducation.ch\/de\/\",\"logo\":{\"@type\":\"ImageObject\",\"inLanguage\":\"de-CH\",\"@id\":\"https:\/\/teiaeducation.ch\/de\/#\/schema\/logo\/image\/\",\"url\":\"https:\/\/teiaeducation.ch\/wp-content\/uploads\/2020\/11\/Teia-Education-Switzerland-e1620156442216.jpg\",\"contentUrl\":\"https:\/\/teiaeducation.ch\/wp-content\/uploads\/2020\/11\/Teia-Education-Switzerland-e1620156442216.jpg\",\"width\":166,\"height\":145,\"caption\":\"Teia Education & Play\"},\"image\":{\"@id\":\"https:\/\/teiaeducation.ch\/de\/#\/schema\/logo\/image\/\"},\"sameAs\":[\"https:\/\/www.facebook.com\/teiaeducation\/\",\"https:\/\/x.com\/EducationTeia\",\"https:\/\/www.instagram.com\/teia.education\/\",\"https:\/\/www.linkedin.com\/company\/35501660\",\"https:\/\/www.pinterest.ch\/TeiaEducation\/\"]}]}<\/script>\n<!-- \/ Yoast SEO plugin. -->","yoast_head_json":{"title":"4-piece metal bucket set red\/blue - Gl\u00fccksk\u00e4fer","description":"Gl\u00fccksk\u00e4fer's 4-piece metal bucket & spade set includes a child size bucket, rake, sieve and shovel for the seaside, sandpit or gardening.","robots":{"index":"index","follow":"follow","max-snippet":"max-snippet:-1","max-image-preview":"max-image-preview:large","max-video-preview":"max-video-preview:-1"},"canonical":"https:\/\/teiaeducation.ch\/de\/produkt\/4-piece-metal-bucket-set-red-blue-gluckskafer\/","og_locale":"de_DE","og_type":"article","og_title":"4-piece metal bucket set red\/blue - Gl\u00fccksk\u00e4fer","og_description":"Gl\u00fccksk\u00e4fer's 4-piece metal bucket & spade set includes a child size bucket, rake, sieve and shovel for the seaside, sandpit or gardening.","og_url":"https:\/\/teiaeducation.ch\/de\/produkt\/4-piece-metal-bucket-set-red-blue-gluckskafer\/","og_site_name":"Sustainable Educational Products &amp; Ecological Toys\u00a0","article_publisher":"https:\/\/www.facebook.com\/teiaeducation\/","article_modified_time":"2026-03-13T13:21:11+00:00","og_image":[{"width":575,"height":575,"url":"https:\/\/teiaeducation.ch\/wp-content\/uploads\/2021\/04\/4-piece-metal-bucket-set-red-blue-Gluckskafer.jpg","type":"image\/jpeg"}],"schema":{"@context":"https:\/\/schema.org","@graph":[{"@type":"WebPage","@id":"https:\/\/teiaeducation.ch\/de\/produkt\/4-piece-metal-bucket-set-red-blue-gluckskafer\/","url":"https:\/\/teiaeducation.ch\/de\/produkt\/4-piece-metal-bucket-set-red-blue-gluckskafer\/","name":"4-piece metal bucket set red\/blue - Gl\u00fccksk\u00e4fer","isPartOf":{"@id":"https:\/\/teiaeducation.ch\/de\/#website"},"primaryImageOfPage":{"@id":"https:\/\/teiaeducation.ch\/de\/produkt\/4-piece-metal-bucket-set-red-blue-gluckskafer\/#primaryimage"},"image":{"@id":"https:\/\/teiaeducation.ch\/de\/produkt\/4-piece-metal-bucket-set-red-blue-gluckskafer\/#primaryimage"},"thumbnailUrl":"https:\/\/teiaeducation.ch\/wp-content\/uploads\/2021\/04\/4-piece-metal-bucket-set-red-blue-Gluckskafer.jpg","datePublished":"2021-04-11T13:33:18+00:00","dateModified":"2026-03-13T13:21:11+00:00","description":"Gl\u00fccksk\u00e4fer's 4-piece metal bucket & spade set includes a child size bucket, rake, sieve and shovel for the seaside, sandpit or gardening.","breadcrumb":{"@id":"https:\/\/teiaeducation.ch\/de\/produkt\/4-piece-metal-bucket-set-red-blue-gluckskafer\/#breadcrumb"},"inLanguage":"de-CH","potentialAction":[{"@type":"ReadAction","target":["https:\/\/teiaeducation.ch\/de\/produkt\/4-piece-metal-bucket-set-red-blue-gluckskafer\/"]}]},{"@type":"ImageObject","inLanguage":"de-CH","@id":"https:\/\/teiaeducation.ch\/de\/produkt\/4-piece-metal-bucket-set-red-blue-gluckskafer\/#primaryimage","url":"https:\/\/teiaeducation.ch\/wp-content\/uploads\/2021\/04\/4-piece-metal-bucket-set-red-blue-Gluckskafer.jpg","contentUrl":"https:\/\/teiaeducation.ch\/wp-content\/uploads\/2021\/04\/4-piece-metal-bucket-set-red-blue-Gluckskafer.jpg","width":575,"height":575,"caption":"Child size gardening sand tools 4-piece metal bucket set red\/blue - Gl\u00fccksk\u00e4fer"},{"@type":"BreadcrumbList","@id":"https:\/\/teiaeducation.ch\/de\/produkt\/4-piece-metal-bucket-set-red-blue-gluckskafer\/#breadcrumb","itemListElement":[{"@type":"ListItem","position":1,"name":"Home","item":"https:\/\/teiaeducation.ch\/de\/"},{"@type":"ListItem","position":2,"name":"Laden","item":"https:\/\/teiaeducation.ch\/de\/shop\/"},{"@type":"ListItem","position":3,"name":"Unsere Marken","item":"https:\/\/teiaeducation.ch\/de\/produkt-kategorie\/unsere-marken\/"},{"@type":"ListItem","position":4,"name":"Gl\u00fccksk\u00e4fer","item":"https:\/\/teiaeducation.ch\/de\/produkt-kategorie\/unsere-marken\/glueckskaefer\/"},{"@type":"ListItem","position":5,"name":"4-piece metal bucket set red\/blue &#8211; Gl\u00fccksk\u00e4fer"}]},{"@type":"WebSite","@id":"https:\/\/teiaeducation.ch\/de\/#website","url":"https:\/\/teiaeducation.ch\/de\/","name":"Sustainable Educational Products &amp; Ecological Toys\u00a0","description":"Specialised Swiss shop selling sustainable educational toys and games, AMI certified Montessori materials, handmade ecological wooden Waldorf toys and arts &amp; crafts supplies, school supplies, children&#039;s furniture and Montessori reference and parenting books.","publisher":{"@id":"https:\/\/teiaeducation.ch\/de\/#organization"},"alternateName":"Teia Education & Play","potentialAction":[{"@type":"SearchAction","target":{"@type":"EntryPoint","urlTemplate":"https:\/\/teiaeducation.ch\/de\/?s={search_term_string}"},"query-input":{"@type":"PropertyValueSpecification","valueRequired":true,"valueName":"search_term_string"}}],"inLanguage":"de-CH"},{"@type":"Organization","@id":"https:\/\/teiaeducation.ch\/de\/#organization","name":"Teia Education & Play","url":"https:\/\/teiaeducation.ch\/de\/","logo":{"@type":"ImageObject","inLanguage":"de-CH","@id":"https:\/\/teiaeducation.ch\/de\/#\/schema\/logo\/image\/","url":"https:\/\/teiaeducation.ch\/wp-content\/uploads\/2020\/11\/Teia-Education-Switzerland-e1620156442216.jpg","contentUrl":"https:\/\/teiaeducation.ch\/wp-content\/uploads\/2020\/11\/Teia-Education-Switzerland-e1620156442216.jpg","width":166,"height":145,"caption":"Teia Education & Play"},"image":{"@id":"https:\/\/teiaeducation.ch\/de\/#\/schema\/logo\/image\/"},"sameAs":["https:\/\/www.facebook.com\/teiaeducation\/","https:\/\/x.com\/EducationTeia","https:\/\/www.instagram.com\/teia.education\/","https:\/\/www.linkedin.com\/company\/35501660","https:\/\/www.pinterest.ch\/TeiaEducation\/"]}]}},"_links":{"self":[{"href":"https:\/\/teiaeducation.ch\/de\/wp-json\/wp\/v2\/product\/35166","targetHints":{"allow":["GET"]}}],"collection":[{"href":"https:\/\/teiaeducation.ch\/de\/wp-json\/wp\/v2\/product"}],"about":[{"href":"https:\/\/teiaeducation.ch\/de\/wp-json\/wp\/v2\/types\/product"}],"replies":[{"embeddable":true,"href":"https:\/\/teiaeducation.ch\/de\/wp-json\/wp\/v2\/comments?post=35166"}],"wp:featuredmedia":[{"embeddable":true,"href":"https:\/\/teiaeducation.ch\/de\/wp-json\/wp\/v2\/media\/35170"}],"wp:attachment":[{"href":"https:\/\/teiaeducation.ch\/de\/wp-json\/wp\/v2\/media?parent=35166"}],"wp:term":[{"taxonomy":"product_brand","embeddable":true,"href":"https:\/\/teiaeducation.ch\/de\/wp-json\/wp\/v2\/product_brand?post=35166"},{"taxonomy":"product_cat","embeddable":true,"href":"https:\/\/teiaeducation.ch\/de\/wp-json\/wp\/v2\/product_cat?post=35166"},{"taxonomy":"product_tag","embeddable":true,"href":"https:\/\/teiaeducation.ch\/de\/wp-json\/wp\/v2\/product_tag?post=35166"}],"curies":[{"name":"wp","href":"https:\/\/api.w.org\/{rel}","templated":true}]}}