{"id":40181,"date":"2021-09-27T16:19:19","date_gmt":"2021-09-27T14:19:19","guid":{"rendered":"https:\/\/teiaeducation.ch\/product\/englisches-alphabet-kartenspiel-grimms\/"},"modified":"2023-08-22T09:39:40","modified_gmt":"2023-08-22T07:39:40","slug":"englisches-alphabet-kartenspiel-grimms","status":"publish","type":"product","link":"https:\/\/teiaeducation.ch\/de\/produkt\/englisches-alphabet-kartenspiel-grimms\/","title":{"rendered":"Englisches Alphabet Kartenspiel &#8211; Grimm&#8217;s"},"content":{"rendered":"<p>Grimm&#8217;s Englisches Alphabet Kartenspiel ist ein wundersch\u00f6n illustriertes Set mit 48 Buchstaben Karten, das Kindern hilft, das Alphabet zu lernen und einfache W\u00f6rter zu buchstabieren.<\/p>\n<p>Jede Karte zeigt sowohl die Gro\u00df- als auch die Kleinschreibung des <a href=\"https:\/\/teiaeducation.ch\/product-category\/learning-themes\/literacy-language\/letters\/\">Buchstabens<\/a> und eine h\u00fcbsche Aquarellillustration eines Tieres, das mit diesem Buchstaben beginnt oder ihn enth\u00e4lt.<\/p>\n<p>Um das Buchstabieren unserer W\u00f6rter zu erleichtern, enth\u00e4lt das Spiel drei Karten f\u00fcr die Buchstaben A, E, I, O, zwei Karten f\u00fcr die Buchstaben C, D, F, G, H, L, M, N, P, R, S, T, U und eine Karte f\u00fcr die Buchstaben B, J, K, Q, V, W, X, Y, Z. Die Karten sind 7 x 10,5 cm gro\u00df und werden in einer Stapelbox zusammen mit einer Anleitungskarte in Englisch und Deutsch mit Spiel- und Lernideen geliefert.<\/p>\n<p>Diese farbenfrohen Karten laden dazu ein, spielerisch zu lernen, den <a href=\"https:\/\/teiaeducation.ch\/product-category\/learning-themes\/literacy-language\/vocabulary-2\/\">Wortschatz<\/a> mit allen <a href=\"https:\/\/teiaeducation.ch\/product-category\/play\/animals-farms\/\">Tiernamen<\/a> zu erweitern und viele Alphabet-Spiele zu spielen. Sie k\u00f6nnen auch zur Illustration von W\u00f6rtern auf einer Jahreszeiten- oder <a href=\"https:\/\/teiaeducation.ch\/product-category\/celebrations\/nature-seasonal-tables\/\">Waldorfnaturtafel<\/a> verwendet werden.<\/p>\n<p>Inhalt:<\/p>\n<p>1 x 48 Buchstaben-Kartenspiel<br \/>\nEine Anleitungskarte in Englisch und Deutsch mit Spiel- und Lernideen<\/p>\n<h2>\u00dcber Grimm&#8217;s<\/h2>\n<p>Ideal zum Spielen zu Hause, im Kindergarten, in der <a href=\"https:\/\/teiaeducation.ch\/waldorf-steiner-schools-supplies\/\">Waldorf- oder Steiner-Schule<\/a>. Die sch\u00f6nen <a href=\"https:\/\/teiaeducation.ch\/product-category\/brands\/grimms\/\">Grimm&#8217;s Naturholzspielzeuge<\/a> werden nach der <a href=\"https:\/\/teiaeducation.ch\/product-category\/education-method\/waldorf-steiner-toys-craft-materials\/\">Waldorf-Philosophie<\/a> hergestellt, die daf\u00fcr bekannt ist, dass sie Kinder dazu ermutigt, das kreative Spiel selbstst\u00e4ndig, ohne Einschr\u00e4nkungen und in einem gem\u00fctlichen Tempo zu entdecken. Die Grimm&#8217;s Holzspielzeuge werden von Hand mit ungiftigen Farben auf Wasserbasis gef\u00e4rbt und nicht lackiert, damit die urspr\u00fcnglichen Eigenschaften des Holzes und die Maserung erhalten bleiben. Die Oberfl\u00e4che der FSC-zertifizierten europ\u00e4ischen Holz ist leicht rau, wodurch sie vollst\u00e4ndig stapelbar und weniger rutschig sind.<\/p>\n<p>Grimm&#8217;s <a href=\"https:\/\/teiaeducation.ch\/product-category\/hgh-quality-toys-play\/handmade-wooden-toys\/\">handgefertigtes Holzspielzeug<\/a> wird in den Grimm&#8217;s Werken in Deutschland sowie in mehreren Werkst\u00e4tten in ganz Europa aus verschiedenen Holzarten wie Erle, Linde, Buche und Ahorn hergestellt. Alle H\u00f6lzer, die f\u00fcr die Herstellung der Grimm&#8217;s-Spielzeuge verwendet werden, stammen aus nachhaltig bewirtschafteten europ\u00e4ischen W\u00e4ldern.<\/p>\n<p>Bitte beachten Sie, dass Grimm&#8217;s Spielzeuge immer Unikate sind, die einzigartige, von der Natur geschaffene Zeichen tragen. Die Maserung des Holzes weist wechselnde Strukturen und Farben auf, die von seiner nat\u00fcrlichen Herkunft zeugen. Die einzigartigen Variationen, Markierungen, \u00c4ste, Muster, schwarzen Streifen oder dunklen Flecken, die im Holz eines Grimm&#8217;s Spielzeugs sichtbar sein k\u00f6nnen, sind ein Beweis f\u00fcr Qualit\u00e4t, keine M\u00e4ngel.<\/p>\n","protected":false},"excerpt":{"rendered":"<p>Artikelnummer: gri40540<\/p>\n<p>Grimm&#8217;s Englisches Alphabet Kartenspiel ist ein illustriertes Set mit 48 Karten, mit dem Kinder das Alphabet lernen und einfache W\u00f6rter buchstabieren k\u00f6nnen!<\/p>\n","protected":false},"featured_media":40182,"comment_status":"open","ping_status":"closed","template":"","meta":[],"product_brand":[],"product_cat":[21444,21445,22033,21524,23651,21479,21532,21465,21491,21484,22422,21640,24875,21509,21443,22349,21563,22362,21678,21482,21564,21483,22919],"product_tag":[21738,21737,21739,21720,21719,21715,21733,21734,21732,21735,21736],"class_list":{"0":"post-40181","1":"product","2":"type-product","3":"status-publish","4":"has-post-thumbnail","6":"product_cat-1-3-jahre-kleinkind","7":"product_cat-3-6-jahre-vorschule","8":"product_cat-adventskalender-geschenke-strumpffueller","9":"product_cat-alphabetisierung-sprache","10":"product_cat-back-to-school-de","11":"product_cat-lernmaterialien-spielzeug-montessori-waldorf-steiner-froebel","12":"product_cat-buchstaben-das-alphabet","13":"product_cat-feier-festlichkeiten","14":"product_cat-geschenk-guide-lerngeschenke","15":"product_cat-geschenk-guides","16":"product_cat-geschenke-fuer-das-osterkoerbchen","17":"product_cat-grimms-holzspielzeug","18":"product_cat-lernen-erfahren","19":"product_cat-lernthemen","20":"product_cat-nach-alter","21":"product_cat-natur-saisonale-tische-de","22":"product_cat-neuheiten","23":"product_cat-saisonale-kollektionen","24":"product_cat-kinder-spielzeug","25":"product_cat-traditionelle-bildung","26":"product_cat-unsere-marken","27":"product_cat-waldorf-steiner-paedagogik","28":"product_cat-waldorfspielzeug","29":"product_tag-alphabetische-karten","30":"product_tag-alphabetische-lernspiele","31":"product_tag-englisches-alphabet-illustrierte-buchstaben-kartenspiel-grimms","32":"product_tag-grimms-schweiz-de","33":"product_tag-grimms-suisse-de","34":"product_tag-grimms-switzerland-de","35":"product_tag-grimms-alphabet-karten","36":"product_tag-grimms-buchstaben-karten","37":"product_tag-grimms-englisches-alphabet-kartenspiel","38":"product_tag-tier-buchstaben-karten","39":"product_tag-tieralphabet-karten","41":"first","42":"instock","43":"taxable","44":"shipping-taxable","45":"purchasable","46":"product-type-simple"},"yoast_head":"<!-- This site is optimized with the Yoast SEO Premium plugin v25.8 (Yoast SEO v27.4) - https:\/\/yoast.com\/product\/yoast-seo-premium-wordpress\/ -->\n<title>Englisches Alphabet Kartenspiel - Grimm&#039;s<\/title>\n<meta name=\"description\" content=\"Grimm&#039;s Englisches Alphabet Kartenspiel ist ein illustriertes Set mit 48 Karten, mit dem Kinder das Alphabet lernen und einfache W\u00f6rter buchstabieren k\u00f6nnen\" \/>\n<meta name=\"robots\" content=\"index, follow, max-snippet:-1, max-image-preview:large, max-video-preview:-1\" \/>\n<link rel=\"canonical\" href=\"https:\/\/teiaeducation.ch\/de\/produkt\/englisches-alphabet-kartenspiel-grimms\/\" \/>\n<meta property=\"og:locale\" content=\"de_DE\" \/>\n<meta property=\"og:type\" content=\"article\" \/>\n<meta property=\"og:title\" content=\"Englisches Alphabet Kartenspiel - Grimm&#039;s\" \/>\n<meta property=\"og:description\" content=\"Grimm&#039;s Englisches Alphabet Kartenspiel ist ein illustriertes Set mit 48 Karten, mit dem Kinder das Alphabet lernen und einfache W\u00f6rter buchstabieren k\u00f6nnen\" \/>\n<meta property=\"og:url\" content=\"https:\/\/teiaeducation.ch\/de\/produkt\/englisches-alphabet-kartenspiel-grimms\/\" \/>\n<meta property=\"og:site_name\" content=\"Sustainable Educational Products &amp; Ecological Toys\u00a0\" \/>\n<meta property=\"article:publisher\" content=\"https:\/\/www.facebook.com\/teiaeducation\/\" \/>\n<meta property=\"article:modified_time\" content=\"2023-08-22T07:39:40+00:00\" \/>\n<meta property=\"og:image\" content=\"https:\/\/teiaeducation.ch\/wp-content\/uploads\/2021\/06\/English-alphabet-card-game-Grimms.jpg\" \/>\n\t<meta property=\"og:image:width\" content=\"800\" \/>\n\t<meta property=\"og:image:height\" content=\"800\" \/>\n\t<meta property=\"og:image:type\" content=\"image\/jpeg\" \/>\n<script type=\"application\/ld+json\" class=\"yoast-schema-graph\">{\"@context\":\"https:\\\/\\\/schema.org\",\"@graph\":[{\"@type\":\"WebPage\",\"@id\":\"https:\\\/\\\/teiaeducation.ch\\\/de\\\/produkt\\\/englisches-alphabet-kartenspiel-grimms\\\/\",\"url\":\"https:\\\/\\\/teiaeducation.ch\\\/de\\\/produkt\\\/englisches-alphabet-kartenspiel-grimms\\\/\",\"name\":\"Englisches Alphabet Kartenspiel - Grimm's\",\"isPartOf\":{\"@id\":\"https:\\\/\\\/teiaeducation.ch\\\/de\\\/#website\"},\"primaryImageOfPage\":{\"@id\":\"https:\\\/\\\/teiaeducation.ch\\\/de\\\/produkt\\\/englisches-alphabet-kartenspiel-grimms\\\/#primaryimage\"},\"image\":{\"@id\":\"https:\\\/\\\/teiaeducation.ch\\\/de\\\/produkt\\\/englisches-alphabet-kartenspiel-grimms\\\/#primaryimage\"},\"thumbnailUrl\":\"https:\\\/\\\/teiaeducation.ch\\\/wp-content\\\/uploads\\\/2021\\\/06\\\/English-alphabet-card-game-Grimms.jpg\",\"datePublished\":\"2021-09-27T14:19:19+00:00\",\"dateModified\":\"2023-08-22T07:39:40+00:00\",\"description\":\"Grimm's Englisches Alphabet Kartenspiel ist ein illustriertes Set mit 48 Karten, mit dem Kinder das Alphabet lernen und einfache W\u00f6rter buchstabieren k\u00f6nnen\",\"breadcrumb\":{\"@id\":\"https:\\\/\\\/teiaeducation.ch\\\/de\\\/produkt\\\/englisches-alphabet-kartenspiel-grimms\\\/#breadcrumb\"},\"inLanguage\":\"de-CH\",\"potentialAction\":[{\"@type\":\"ReadAction\",\"target\":[\"https:\\\/\\\/teiaeducation.ch\\\/de\\\/produkt\\\/englisches-alphabet-kartenspiel-grimms\\\/\"]}]},{\"@type\":\"ImageObject\",\"inLanguage\":\"de-CH\",\"@id\":\"https:\\\/\\\/teiaeducation.ch\\\/de\\\/produkt\\\/englisches-alphabet-kartenspiel-grimms\\\/#primaryimage\",\"url\":\"https:\\\/\\\/teiaeducation.ch\\\/wp-content\\\/uploads\\\/2021\\\/06\\\/English-alphabet-card-game-Grimms.jpg\",\"contentUrl\":\"https:\\\/\\\/teiaeducation.ch\\\/wp-content\\\/uploads\\\/2021\\\/06\\\/English-alphabet-card-game-Grimms.jpg\",\"width\":800,\"height\":800,\"caption\":\"Englisches Alphabet Kartenspiel - Grimm's\"},{\"@type\":\"BreadcrumbList\",\"@id\":\"https:\\\/\\\/teiaeducation.ch\\\/de\\\/produkt\\\/englisches-alphabet-kartenspiel-grimms\\\/#breadcrumb\",\"itemListElement\":[{\"@type\":\"ListItem\",\"position\":1,\"name\":\"Home\",\"item\":\"https:\\\/\\\/teiaeducation.ch\\\/de\\\/\"},{\"@type\":\"ListItem\",\"position\":2,\"name\":\"Laden\",\"item\":\"https:\\\/\\\/teiaeducation.ch\\\/de\\\/shop\\\/\"},{\"@type\":\"ListItem\",\"position\":3,\"name\":\"Unsere Marken\",\"item\":\"https:\\\/\\\/teiaeducation.ch\\\/de\\\/produkt-kategorie\\\/unsere-marken\\\/\"},{\"@type\":\"ListItem\",\"position\":4,\"name\":\"Grimm's\",\"item\":\"https:\\\/\\\/teiaeducation.ch\\\/de\\\/produkt-kategorie\\\/unsere-marken\\\/grimms-holzspielzeug\\\/\"},{\"@type\":\"ListItem\",\"position\":5,\"name\":\"Englisches Alphabet Kartenspiel &#8211; Grimm&#8217;s\"}]},{\"@type\":\"WebSite\",\"@id\":\"https:\\\/\\\/teiaeducation.ch\\\/de\\\/#website\",\"url\":\"https:\\\/\\\/teiaeducation.ch\\\/de\\\/\",\"name\":\"Sustainable Educational Products &amp; Ecological Toys\u00a0\",\"description\":\"Specialised Swiss shop selling sustainable educational toys and games, AMI certified Montessori materials, handmade ecological wooden Waldorf toys and arts &amp; crafts supplies, school supplies, children&#039;s furniture and Montessori reference and parenting books.\",\"publisher\":{\"@id\":\"https:\\\/\\\/teiaeducation.ch\\\/de\\\/#organization\"},\"alternateName\":\"Teia Education & Play\",\"potentialAction\":[{\"@type\":\"SearchAction\",\"target\":{\"@type\":\"EntryPoint\",\"urlTemplate\":\"https:\\\/\\\/teiaeducation.ch\\\/de\\\/?s={search_term_string}\"},\"query-input\":{\"@type\":\"PropertyValueSpecification\",\"valueRequired\":true,\"valueName\":\"search_term_string\"}}],\"inLanguage\":\"de-CH\"},{\"@type\":\"Organization\",\"@id\":\"https:\\\/\\\/teiaeducation.ch\\\/de\\\/#organization\",\"name\":\"Teia Education & Play\",\"url\":\"https:\\\/\\\/teiaeducation.ch\\\/de\\\/\",\"logo\":{\"@type\":\"ImageObject\",\"inLanguage\":\"de-CH\",\"@id\":\"https:\\\/\\\/teiaeducation.ch\\\/de\\\/#\\\/schema\\\/logo\\\/image\\\/\",\"url\":\"https:\\\/\\\/teiaeducation.ch\\\/wp-content\\\/uploads\\\/2020\\\/11\\\/Teia-Education-Switzerland-e1620156442216.jpg\",\"contentUrl\":\"https:\\\/\\\/teiaeducation.ch\\\/wp-content\\\/uploads\\\/2020\\\/11\\\/Teia-Education-Switzerland-e1620156442216.jpg\",\"width\":166,\"height\":145,\"caption\":\"Teia Education & Play\"},\"image\":{\"@id\":\"https:\\\/\\\/teiaeducation.ch\\\/de\\\/#\\\/schema\\\/logo\\\/image\\\/\"},\"sameAs\":[\"https:\\\/\\\/www.facebook.com\\\/teiaeducation\\\/\",\"https:\\\/\\\/x.com\\\/EducationTeia\",\"https:\\\/\\\/www.instagram.com\\\/teia.education\\\/\",\"https:\\\/\\\/www.linkedin.com\\\/company\\\/35501660\",\"https:\\\/\\\/www.pinterest.ch\\\/TeiaEducation\\\/\"]}]}<\/script>\n<meta property=\"product:price:amount\" content=\"22.90\" \/>\n<meta property=\"product:price:currency\" content=\"CHF\" \/>\n<meta property=\"og:availability\" content=\"instock\" \/>\n<meta property=\"product:availability\" content=\"instock\" \/>\n<meta property=\"product:retailer_item_id\" content=\"00000000000000000000000000000000000000000000037585\" \/>\n<meta property=\"product:condition\" content=\"new\" \/>\n<!-- \/ Yoast SEO Premium plugin. -->","yoast_head_json":{"title":"Englisches Alphabet Kartenspiel - Grimm's","description":"Grimm's Englisches Alphabet Kartenspiel ist ein illustriertes Set mit 48 Karten, mit dem Kinder das Alphabet lernen und einfache W\u00f6rter buchstabieren k\u00f6nnen","robots":{"index":"index","follow":"follow","max-snippet":"max-snippet:-1","max-image-preview":"max-image-preview:large","max-video-preview":"max-video-preview:-1"},"canonical":"https:\/\/teiaeducation.ch\/de\/produkt\/englisches-alphabet-kartenspiel-grimms\/","og_locale":"de_DE","og_type":"article","og_title":"Englisches Alphabet Kartenspiel - Grimm's","og_description":"Grimm's Englisches Alphabet Kartenspiel ist ein illustriertes Set mit 48 Karten, mit dem Kinder das Alphabet lernen und einfache W\u00f6rter buchstabieren k\u00f6nnen","og_url":"https:\/\/teiaeducation.ch\/de\/produkt\/englisches-alphabet-kartenspiel-grimms\/","og_site_name":"Sustainable Educational Products &amp; Ecological Toys\u00a0","article_publisher":"https:\/\/www.facebook.com\/teiaeducation\/","article_modified_time":"2023-08-22T07:39:40+00:00","og_image":[{"width":800,"height":800,"url":"https:\/\/teiaeducation.ch\/wp-content\/uploads\/2021\/06\/English-alphabet-card-game-Grimms.jpg","type":"image\/jpeg"}],"schema":{"@context":"https:\/\/schema.org","@graph":[{"@type":"WebPage","@id":"https:\/\/teiaeducation.ch\/de\/produkt\/englisches-alphabet-kartenspiel-grimms\/","url":"https:\/\/teiaeducation.ch\/de\/produkt\/englisches-alphabet-kartenspiel-grimms\/","name":"Englisches Alphabet Kartenspiel - Grimm's","isPartOf":{"@id":"https:\/\/teiaeducation.ch\/de\/#website"},"primaryImageOfPage":{"@id":"https:\/\/teiaeducation.ch\/de\/produkt\/englisches-alphabet-kartenspiel-grimms\/#primaryimage"},"image":{"@id":"https:\/\/teiaeducation.ch\/de\/produkt\/englisches-alphabet-kartenspiel-grimms\/#primaryimage"},"thumbnailUrl":"https:\/\/teiaeducation.ch\/wp-content\/uploads\/2021\/06\/English-alphabet-card-game-Grimms.jpg","datePublished":"2021-09-27T14:19:19+00:00","dateModified":"2023-08-22T07:39:40+00:00","description":"Grimm's Englisches Alphabet Kartenspiel ist ein illustriertes Set mit 48 Karten, mit dem Kinder das Alphabet lernen und einfache W\u00f6rter buchstabieren k\u00f6nnen","breadcrumb":{"@id":"https:\/\/teiaeducation.ch\/de\/produkt\/englisches-alphabet-kartenspiel-grimms\/#breadcrumb"},"inLanguage":"de-CH","potentialAction":[{"@type":"ReadAction","target":["https:\/\/teiaeducation.ch\/de\/produkt\/englisches-alphabet-kartenspiel-grimms\/"]}]},{"@type":"ImageObject","inLanguage":"de-CH","@id":"https:\/\/teiaeducation.ch\/de\/produkt\/englisches-alphabet-kartenspiel-grimms\/#primaryimage","url":"https:\/\/teiaeducation.ch\/wp-content\/uploads\/2021\/06\/English-alphabet-card-game-Grimms.jpg","contentUrl":"https:\/\/teiaeducation.ch\/wp-content\/uploads\/2021\/06\/English-alphabet-card-game-Grimms.jpg","width":800,"height":800,"caption":"Englisches Alphabet Kartenspiel - Grimm's"},{"@type":"BreadcrumbList","@id":"https:\/\/teiaeducation.ch\/de\/produkt\/englisches-alphabet-kartenspiel-grimms\/#breadcrumb","itemListElement":[{"@type":"ListItem","position":1,"name":"Home","item":"https:\/\/teiaeducation.ch\/de\/"},{"@type":"ListItem","position":2,"name":"Laden","item":"https:\/\/teiaeducation.ch\/de\/shop\/"},{"@type":"ListItem","position":3,"name":"Unsere Marken","item":"https:\/\/teiaeducation.ch\/de\/produkt-kategorie\/unsere-marken\/"},{"@type":"ListItem","position":4,"name":"Grimm's","item":"https:\/\/teiaeducation.ch\/de\/produkt-kategorie\/unsere-marken\/grimms-holzspielzeug\/"},{"@type":"ListItem","position":5,"name":"Englisches Alphabet Kartenspiel &#8211; Grimm&#8217;s"}]},{"@type":"WebSite","@id":"https:\/\/teiaeducation.ch\/de\/#website","url":"https:\/\/teiaeducation.ch\/de\/","name":"Sustainable Educational Products &amp; Ecological Toys\u00a0","description":"Specialised Swiss shop selling sustainable educational toys and games, AMI certified Montessori materials, handmade ecological wooden Waldorf toys and arts &amp; crafts supplies, school supplies, children&#039;s furniture and Montessori reference and parenting books.","publisher":{"@id":"https:\/\/teiaeducation.ch\/de\/#organization"},"alternateName":"Teia Education & Play","potentialAction":[{"@type":"SearchAction","target":{"@type":"EntryPoint","urlTemplate":"https:\/\/teiaeducation.ch\/de\/?s={search_term_string}"},"query-input":{"@type":"PropertyValueSpecification","valueRequired":true,"valueName":"search_term_string"}}],"inLanguage":"de-CH"},{"@type":"Organization","@id":"https:\/\/teiaeducation.ch\/de\/#organization","name":"Teia Education & Play","url":"https:\/\/teiaeducation.ch\/de\/","logo":{"@type":"ImageObject","inLanguage":"de-CH","@id":"https:\/\/teiaeducation.ch\/de\/#\/schema\/logo\/image\/","url":"https:\/\/teiaeducation.ch\/wp-content\/uploads\/2020\/11\/Teia-Education-Switzerland-e1620156442216.jpg","contentUrl":"https:\/\/teiaeducation.ch\/wp-content\/uploads\/2020\/11\/Teia-Education-Switzerland-e1620156442216.jpg","width":166,"height":145,"caption":"Teia Education & Play"},"image":{"@id":"https:\/\/teiaeducation.ch\/de\/#\/schema\/logo\/image\/"},"sameAs":["https:\/\/www.facebook.com\/teiaeducation\/","https:\/\/x.com\/EducationTeia","https:\/\/www.instagram.com\/teia.education\/","https:\/\/www.linkedin.com\/company\/35501660","https:\/\/www.pinterest.ch\/TeiaEducation\/"]}]},"product_price_amount":"22.90","product_price_currency":"CHF","og_availability":"instock","product_availability":"instock","product_retailer_item_id":"00000000000000000000000000000000000000000000037585","product_condition":"new"},"_links":{"self":[{"href":"https:\/\/teiaeducation.ch\/de\/wp-json\/wp\/v2\/product\/40181","targetHints":{"allow":["GET"]}}],"collection":[{"href":"https:\/\/teiaeducation.ch\/de\/wp-json\/wp\/v2\/product"}],"about":[{"href":"https:\/\/teiaeducation.ch\/de\/wp-json\/wp\/v2\/types\/product"}],"replies":[{"embeddable":true,"href":"https:\/\/teiaeducation.ch\/de\/wp-json\/wp\/v2\/comments?post=40181"}],"wp:featuredmedia":[{"embeddable":true,"href":"https:\/\/teiaeducation.ch\/de\/wp-json\/wp\/v2\/media\/40182"}],"wp:attachment":[{"href":"https:\/\/teiaeducation.ch\/de\/wp-json\/wp\/v2\/media?parent=40181"}],"wp:term":[{"taxonomy":"product_brand","embeddable":true,"href":"https:\/\/teiaeducation.ch\/de\/wp-json\/wp\/v2\/product_brand?post=40181"},{"taxonomy":"product_cat","embeddable":true,"href":"https:\/\/teiaeducation.ch\/de\/wp-json\/wp\/v2\/product_cat?post=40181"},{"taxonomy":"product_tag","embeddable":true,"href":"https:\/\/teiaeducation.ch\/de\/wp-json\/wp\/v2\/product_tag?post=40181"}],"curies":[{"name":"wp","href":"https:\/\/api.w.org\/{rel}","templated":true}]}}