{"id":40201,"date":"2021-09-27T16:08:15","date_gmt":"2021-09-27T14:08:15","guid":{"rendered":"https:\/\/teiaeducation.ch\/product\/steckspiel-kleine-bauwalzen-pastell-grimms\/"},"modified":"2023-08-22T09:56:58","modified_gmt":"2023-08-22T07:56:58","slug":"kleine-bauwalzen-pastell-grimms","status":"publish","type":"product","link":"https:\/\/teiaeducation.ch\/de\/produkt\/kleine-bauwalzen-pastell-grimms\/","title":{"rendered":"Steckspiel Kleine Walzen Pastell &#8211; Grimm&#8217;s"},"content":{"rendered":"<p>Grimm&#8217;s Steckspiel Kleine Walzen Pastell ist ein handgefertigtes Holzspielzeug mit 12 sch\u00f6nen pastellfarbenen Zylinderbl\u00f6cken in einem Sortierbrett f\u00fcr viel <a href=\"https:\/\/teiaeducation.ch\/product-category\/play\/stacking-toys\/\">Stapel-<\/a>, Zuordnungs- und <a href=\"https:\/\/teiaeducation.ch\/product-category\/play\/sorting\/\">Sortierspa\u00df<\/a>!<\/p>\n<p>Das Zuordnen der <a href=\"https:\/\/teiaeducation.ch\/product-category\/learning-themes\/sensory-motor-skills\/learning-about-colour\/\">Farben<\/a> und das Einsetzen der Walzen in die L\u00f6cher auf das Holztablett\u00a0f\u00f6rdert die <a href=\"https:\/\/teiaeducation.ch\/product-category\/learning-themes\/sensory-motor-skills\/motor-skills\/\">Feinmotorik<\/a>, die Probleml\u00f6sungsf\u00e4higkeit und die Konzentration der Kinder. Ein gro\u00dfartiges und vielseitiges Holzspielzeug, das sich sowohl f\u00fcr Sortierspiele <a href=\"https:\/\/teiaeducation.ch\/product-category\/hgh-quality-toys-play\/montessori-toys\/\">im Montessori-Stil<\/a> als auch f\u00fcr das offene <a href=\"https:\/\/teiaeducation.ch\/product-category\/hgh-quality-toys-play\/waldorf-toys\/\">Waldorfspiel<\/a> eignet.<\/p>\n<p>Die 12 Grimm&#8217;s Pastell Walzen\u00a0haben einen Durchmesser von 3 cm und eine H\u00f6he von 3 cm, 6 cm oder 9 cm. Das Holztablett misst 18 x 14 cm.<\/p>\n<p>Jede Bauwalzen ist in einem anderen sch\u00f6nen, leuchtenden Pastellton gehalten, und ihre Form eignet sich perfekt zum Stapeln und Bauen, wobei sie dem Spiel eine zus\u00e4tzliche Dimension der rollenden Bewegung verleiht. Setzen Sie sie in ihr Holztablett ein oder stellen Sie sie in einer Reihe auf, um eine sch\u00f6ne dekorative Erg\u00e4nzung f\u00fcr jedes Kinderzimmer oder Spielzeugregal zu erhalten.<\/p>\n<p>Grimm&#8217;s Steckspiel Kleine Bauwalzen Pastell ist aus nachhaltigem Erlenholz gefertigt und mit ungiftiger Beize auf Wasserbasis in sch\u00f6nen Pastellt\u00f6nen handbemalt, so dass es auch f\u00fcr kleine Kinder geeignet ist. Dieses Set bietet unendlich viele M\u00f6glichkeiten f\u00fcr kreatives Spielen, das Herstellen von Skulpturen und die Verbesserung der Feinmotorik. Das Holztablett ist mit einem ungiftigen \u00d6l auf Pflanzenbasis behandelt.<\/p>\n<p>Grimm&#8217;s Steckspiel Kleine Bauwalzen Pastell wird f\u00fcr Kinder ab 3 Jahren empfohlen.<\/p>\n<p>Warnung: Erstickungsgefahr. Nicht geeignet f\u00fcr Kinder unter 3 Jahren<\/p>\n<p>Inhalt:<\/p>\n<p>12 Holzwalzen<br \/>\n1 Holztablett<\/p>\n<h2>\u00dcber Grimm&#8217;s<\/h2>\n<p>Ideal zum Spielen zu Hause, im Kindergarten, in der <a href=\"https:\/\/teiaeducation.ch\/waldorf-steiner-schools-supplies\/\">Waldorf- oder Steiner-Schule<\/a>. Die sch\u00f6nen <a href=\"https:\/\/teiaeducation.ch\/product-category\/brands\/grimms\/\">Grimm&#8217;s Naturholzspielzeuge<\/a> werden nach der <a href=\"https:\/\/teiaeducation.ch\/product-category\/education-method\/waldorf-steiner-toys-craft-materials\/\">Waldorf-Philosophie<\/a> hergestellt, die daf\u00fcr bekannt ist, dass sie Kinder dazu ermutigt, das kreative Spiel selbstst\u00e4ndig, ohne Einschr\u00e4nkungen und in einem gem\u00fctlichen Tempo zu entdecken. Die Grimm&#8217;s Holzspielzeuge werden von Hand mit ungiftigen Farben auf Wasserbasis gef\u00e4rbt und nicht lackiert, damit die urspr\u00fcnglichen Eigenschaften des Holzes und die Maserung erhalten bleiben. Die Oberfl\u00e4che der FSC-zertifizierten europ\u00e4ischen Holz ist leicht rau, wodurch sie vollst\u00e4ndig stapelbar und weniger rutschig sind.<\/p>\n<p>Grimm&#8217;s <a href=\"https:\/\/teiaeducation.ch\/product-category\/hgh-quality-toys-play\/handmade-wooden-toys\/\">handgefertigtes Holzspielzeug<\/a> wird in den Grimm&#8217;s Werken in Deutschland sowie in mehreren Werkst\u00e4tten in ganz Europa aus verschiedenen Holzarten wie Erle, Linde, Buche und Ahorn hergestellt. Alle H\u00f6lzer, die f\u00fcr die Herstellung der Grimm&#8217;s-Spielzeuge verwendet werden, stammen aus nachhaltig bewirtschafteten europ\u00e4ischen W\u00e4ldern.<\/p>\n<p>Bitte beachten Sie, dass Grimm&#8217;s Spielzeuge immer Unikate sind, die einzigartige, von der Natur geschaffene Zeichen tragen. Die Maserung des Holzes weist wechselnde Strukturen und Farben auf, die von seiner nat\u00fcrlichen Herkunft zeugen. Die einzigartigen Variationen, Markierungen, \u00c4ste, Muster, schwarzen Streifen oder dunklen Flecken, die im Holz eines Grimm&#8217;s Spielzeugs sichtbar sein k\u00f6nnen, sind ein Beweis f\u00fcr Qualit\u00e4t, keine M\u00e4ngel.<\/p>\n","protected":false},"excerpt":{"rendered":"<p>Artikelnummer: gri10574<\/p>\n<p>Grimm&#8217;s Steckspiel Kleine Walzen Pastell von Grimm&#8217;s mit zylindrischen Bl\u00f6cken in ein Holztablett bietet viel Spa\u00df beim Stapeln, Zuordnen und Sortieren!<\/p>\n","protected":false},"featured_media":40202,"comment_status":"open","ping_status":"closed","template":"","meta":[],"product_brand":[],"product_cat":[21445,21704,21558,21690,21640,23075,21707,21509,21559,21443,21563,21557,21697,21678,21699,24866,21564,22919],"product_tag":[21720,21744,21719,21715,21746,21747,21745,21742,21743,21741],"class_list":{"0":"post-40201","1":"product","2":"type-product","3":"status-publish","4":"has-post-thumbnail","6":"product_cat-3-6-jahre-vorschule","7":"product_cat-baukloetze-aus-holz","8":"product_cat-farbe-lernen","9":"product_cat-spiele-mit-offenem-ende","10":"product_cat-grimms-holzspielzeug","11":"product_cat-handgefertigtes-holzspielzeug","12":"product_cat-holzpuzzles","13":"product_cat-lernthemen","14":"product_cat-motorische-fertigkeiten","15":"product_cat-nach-alter","16":"product_cat-neuheiten","17":"product_cat-sensorische-motorische-fertigkeiten","18":"product_cat-sortieren","19":"product_cat-kinder-spielzeug","20":"product_cat-stapelspielzeug","21":"product_cat-stecken-sortieren","22":"product_cat-unsere-marken","23":"product_cat-waldorfspielzeug","24":"product_tag-grimms-schweiz-de","25":"product_tag-grimms-steckspiel-kleine-walzen-pastell","26":"product_tag-grimms-suisse-de","27":"product_tag-grimms-switzerland-de","28":"product_tag-grimms-walzen","29":"product_tag-grimms-walzen-de","30":"product_tag-grimms-zuordnungsspiel","31":"product_tag-montessori-spielzeug","32":"product_tag-nachhaltiges-holzspielzeug","33":"product_tag-waldorfspielzeug","35":"first","36":"instock","37":"taxable","38":"shipping-taxable","39":"purchasable","40":"product-type-simple"},"yoast_head":"<!-- This site is optimized with the Yoast SEO plugin v27.1.1 - https:\/\/yoast.com\/product\/yoast-seo-wordpress\/ -->\n<title>Steckspiel Kleine Walzen Pastell - Grimm&#039;s<\/title>\n<meta name=\"description\" content=\"Grimm&#039;s Steckspiel Kleine Walzen Pastell von Grimm&#039;s mit zylindrischen Bl\u00f6cken in ein Holztablett bietet viel Spa\u00df beim Stapeln, Zuordnen und Sortieren!\" \/>\n<meta name=\"robots\" content=\"index, follow, max-snippet:-1, max-image-preview:large, max-video-preview:-1\" \/>\n<link rel=\"canonical\" href=\"https:\/\/teiaeducation.ch\/de\/produkt\/kleine-bauwalzen-pastell-grimms\/\" \/>\n<meta property=\"og:locale\" content=\"de_DE\" \/>\n<meta property=\"og:type\" content=\"article\" \/>\n<meta property=\"og:title\" content=\"Steckspiel Kleine Walzen Pastell - Grimm&#039;s\" \/>\n<meta property=\"og:description\" content=\"Grimm&#039;s Steckspiel Kleine Walzen Pastell von Grimm&#039;s mit zylindrischen Bl\u00f6cken in ein Holztablett bietet viel Spa\u00df beim Stapeln, Zuordnen und Sortieren!\" \/>\n<meta property=\"og:url\" content=\"https:\/\/teiaeducation.ch\/de\/produkt\/kleine-bauwalzen-pastell-grimms\/\" \/>\n<meta property=\"og:site_name\" content=\"Sustainable Educational Products &amp; Ecological Toys\u00a0\" \/>\n<meta property=\"article:publisher\" content=\"https:\/\/www.facebook.com\/teiaeducation\/\" \/>\n<meta property=\"article:modified_time\" content=\"2023-08-22T07:56:58+00:00\" \/>\n<meta property=\"og:image\" content=\"https:\/\/teiaeducation.ch\/wp-content\/uploads\/2021\/06\/Small-pastel-rollers-stacking-game-Grimms.jpg\" \/>\n\t<meta property=\"og:image:width\" content=\"600\" \/>\n\t<meta property=\"og:image:height\" content=\"600\" \/>\n\t<meta property=\"og:image:type\" content=\"image\/jpeg\" \/>\n<script type=\"application\/ld+json\" class=\"yoast-schema-graph\">{\"@context\":\"https:\/\/schema.org\",\"@graph\":[{\"@type\":\"WebPage\",\"@id\":\"https:\/\/teiaeducation.ch\/de\/produkt\/kleine-bauwalzen-pastell-grimms\/\",\"url\":\"https:\/\/teiaeducation.ch\/de\/produkt\/kleine-bauwalzen-pastell-grimms\/\",\"name\":\"Steckspiel Kleine Walzen Pastell - Grimm's\",\"isPartOf\":{\"@id\":\"https:\/\/teiaeducation.ch\/de\/#website\"},\"primaryImageOfPage\":{\"@id\":\"https:\/\/teiaeducation.ch\/de\/produkt\/kleine-bauwalzen-pastell-grimms\/#primaryimage\"},\"image\":{\"@id\":\"https:\/\/teiaeducation.ch\/de\/produkt\/kleine-bauwalzen-pastell-grimms\/#primaryimage\"},\"thumbnailUrl\":\"https:\/\/teiaeducation.ch\/wp-content\/uploads\/2021\/06\/Small-pastel-rollers-stacking-game-Grimms.jpg\",\"datePublished\":\"2021-09-27T14:08:15+00:00\",\"dateModified\":\"2023-08-22T07:56:58+00:00\",\"description\":\"Grimm's Steckspiel Kleine Walzen Pastell von Grimm's mit zylindrischen Bl\u00f6cken in ein Holztablett bietet viel Spa\u00df beim Stapeln, Zuordnen und Sortieren!\",\"breadcrumb\":{\"@id\":\"https:\/\/teiaeducation.ch\/de\/produkt\/kleine-bauwalzen-pastell-grimms\/#breadcrumb\"},\"inLanguage\":\"de-CH\",\"potentialAction\":[{\"@type\":\"ReadAction\",\"target\":[\"https:\/\/teiaeducation.ch\/de\/produkt\/kleine-bauwalzen-pastell-grimms\/\"]}]},{\"@type\":\"ImageObject\",\"inLanguage\":\"de-CH\",\"@id\":\"https:\/\/teiaeducation.ch\/de\/produkt\/kleine-bauwalzen-pastell-grimms\/#primaryimage\",\"url\":\"https:\/\/teiaeducation.ch\/wp-content\/uploads\/2021\/06\/Small-pastel-rollers-stacking-game-Grimms.jpg\",\"contentUrl\":\"https:\/\/teiaeducation.ch\/wp-content\/uploads\/2021\/06\/Small-pastel-rollers-stacking-game-Grimms.jpg\",\"width\":600,\"height\":600,\"caption\":\"Steckspiel Kleine Bauwalzen Pastell - Grimm's\"},{\"@type\":\"BreadcrumbList\",\"@id\":\"https:\/\/teiaeducation.ch\/de\/produkt\/kleine-bauwalzen-pastell-grimms\/#breadcrumb\",\"itemListElement\":[{\"@type\":\"ListItem\",\"position\":1,\"name\":\"Home\",\"item\":\"https:\/\/teiaeducation.ch\/de\/\"},{\"@type\":\"ListItem\",\"position\":2,\"name\":\"Laden\",\"item\":\"https:\/\/teiaeducation.ch\/de\/shop\/\"},{\"@type\":\"ListItem\",\"position\":3,\"name\":\"Unsere Marken\",\"item\":\"https:\/\/teiaeducation.ch\/de\/produkt-kategorie\/unsere-marken\/\"},{\"@type\":\"ListItem\",\"position\":4,\"name\":\"Grimm's\",\"item\":\"https:\/\/teiaeducation.ch\/de\/produkt-kategorie\/unsere-marken\/grimms-holzspielzeug\/\"},{\"@type\":\"ListItem\",\"position\":5,\"name\":\"Steckspiel Kleine Walzen Pastell &#8211; Grimm&#8217;s\"}]},{\"@type\":\"WebSite\",\"@id\":\"https:\/\/teiaeducation.ch\/de\/#website\",\"url\":\"https:\/\/teiaeducation.ch\/de\/\",\"name\":\"Sustainable Educational Products &amp; Ecological Toys\u00a0\",\"description\":\"Specialised Swiss shop selling sustainable educational toys and games, AMI certified Montessori materials, handmade ecological wooden Waldorf toys and arts &amp; crafts supplies, school supplies, children&#039;s furniture and Montessori reference and parenting books.\",\"publisher\":{\"@id\":\"https:\/\/teiaeducation.ch\/de\/#organization\"},\"alternateName\":\"Teia Education & Play\",\"potentialAction\":[{\"@type\":\"SearchAction\",\"target\":{\"@type\":\"EntryPoint\",\"urlTemplate\":\"https:\/\/teiaeducation.ch\/de\/?s={search_term_string}\"},\"query-input\":{\"@type\":\"PropertyValueSpecification\",\"valueRequired\":true,\"valueName\":\"search_term_string\"}}],\"inLanguage\":\"de-CH\"},{\"@type\":\"Organization\",\"@id\":\"https:\/\/teiaeducation.ch\/de\/#organization\",\"name\":\"Teia Education & Play\",\"url\":\"https:\/\/teiaeducation.ch\/de\/\",\"logo\":{\"@type\":\"ImageObject\",\"inLanguage\":\"de-CH\",\"@id\":\"https:\/\/teiaeducation.ch\/de\/#\/schema\/logo\/image\/\",\"url\":\"https:\/\/teiaeducation.ch\/wp-content\/uploads\/2020\/11\/Teia-Education-Switzerland-e1620156442216.jpg\",\"contentUrl\":\"https:\/\/teiaeducation.ch\/wp-content\/uploads\/2020\/11\/Teia-Education-Switzerland-e1620156442216.jpg\",\"width\":166,\"height\":145,\"caption\":\"Teia Education & Play\"},\"image\":{\"@id\":\"https:\/\/teiaeducation.ch\/de\/#\/schema\/logo\/image\/\"},\"sameAs\":[\"https:\/\/www.facebook.com\/teiaeducation\/\",\"https:\/\/x.com\/EducationTeia\",\"https:\/\/www.instagram.com\/teia.education\/\",\"https:\/\/www.linkedin.com\/company\/35501660\",\"https:\/\/www.pinterest.ch\/TeiaEducation\/\"]}]}<\/script>\n<!-- \/ Yoast SEO plugin. -->","yoast_head_json":{"title":"Steckspiel Kleine Walzen Pastell - Grimm's","description":"Grimm's Steckspiel Kleine Walzen Pastell von Grimm's mit zylindrischen Bl\u00f6cken in ein Holztablett bietet viel Spa\u00df beim Stapeln, Zuordnen und Sortieren!","robots":{"index":"index","follow":"follow","max-snippet":"max-snippet:-1","max-image-preview":"max-image-preview:large","max-video-preview":"max-video-preview:-1"},"canonical":"https:\/\/teiaeducation.ch\/de\/produkt\/kleine-bauwalzen-pastell-grimms\/","og_locale":"de_DE","og_type":"article","og_title":"Steckspiel Kleine Walzen Pastell - Grimm's","og_description":"Grimm's Steckspiel Kleine Walzen Pastell von Grimm's mit zylindrischen Bl\u00f6cken in ein Holztablett bietet viel Spa\u00df beim Stapeln, Zuordnen und Sortieren!","og_url":"https:\/\/teiaeducation.ch\/de\/produkt\/kleine-bauwalzen-pastell-grimms\/","og_site_name":"Sustainable Educational Products &amp; Ecological Toys\u00a0","article_publisher":"https:\/\/www.facebook.com\/teiaeducation\/","article_modified_time":"2023-08-22T07:56:58+00:00","og_image":[{"width":600,"height":600,"url":"https:\/\/teiaeducation.ch\/wp-content\/uploads\/2021\/06\/Small-pastel-rollers-stacking-game-Grimms.jpg","type":"image\/jpeg"}],"schema":{"@context":"https:\/\/schema.org","@graph":[{"@type":"WebPage","@id":"https:\/\/teiaeducation.ch\/de\/produkt\/kleine-bauwalzen-pastell-grimms\/","url":"https:\/\/teiaeducation.ch\/de\/produkt\/kleine-bauwalzen-pastell-grimms\/","name":"Steckspiel Kleine Walzen Pastell - Grimm's","isPartOf":{"@id":"https:\/\/teiaeducation.ch\/de\/#website"},"primaryImageOfPage":{"@id":"https:\/\/teiaeducation.ch\/de\/produkt\/kleine-bauwalzen-pastell-grimms\/#primaryimage"},"image":{"@id":"https:\/\/teiaeducation.ch\/de\/produkt\/kleine-bauwalzen-pastell-grimms\/#primaryimage"},"thumbnailUrl":"https:\/\/teiaeducation.ch\/wp-content\/uploads\/2021\/06\/Small-pastel-rollers-stacking-game-Grimms.jpg","datePublished":"2021-09-27T14:08:15+00:00","dateModified":"2023-08-22T07:56:58+00:00","description":"Grimm's Steckspiel Kleine Walzen Pastell von Grimm's mit zylindrischen Bl\u00f6cken in ein Holztablett bietet viel Spa\u00df beim Stapeln, Zuordnen und Sortieren!","breadcrumb":{"@id":"https:\/\/teiaeducation.ch\/de\/produkt\/kleine-bauwalzen-pastell-grimms\/#breadcrumb"},"inLanguage":"de-CH","potentialAction":[{"@type":"ReadAction","target":["https:\/\/teiaeducation.ch\/de\/produkt\/kleine-bauwalzen-pastell-grimms\/"]}]},{"@type":"ImageObject","inLanguage":"de-CH","@id":"https:\/\/teiaeducation.ch\/de\/produkt\/kleine-bauwalzen-pastell-grimms\/#primaryimage","url":"https:\/\/teiaeducation.ch\/wp-content\/uploads\/2021\/06\/Small-pastel-rollers-stacking-game-Grimms.jpg","contentUrl":"https:\/\/teiaeducation.ch\/wp-content\/uploads\/2021\/06\/Small-pastel-rollers-stacking-game-Grimms.jpg","width":600,"height":600,"caption":"Steckspiel Kleine Bauwalzen Pastell - Grimm's"},{"@type":"BreadcrumbList","@id":"https:\/\/teiaeducation.ch\/de\/produkt\/kleine-bauwalzen-pastell-grimms\/#breadcrumb","itemListElement":[{"@type":"ListItem","position":1,"name":"Home","item":"https:\/\/teiaeducation.ch\/de\/"},{"@type":"ListItem","position":2,"name":"Laden","item":"https:\/\/teiaeducation.ch\/de\/shop\/"},{"@type":"ListItem","position":3,"name":"Unsere Marken","item":"https:\/\/teiaeducation.ch\/de\/produkt-kategorie\/unsere-marken\/"},{"@type":"ListItem","position":4,"name":"Grimm's","item":"https:\/\/teiaeducation.ch\/de\/produkt-kategorie\/unsere-marken\/grimms-holzspielzeug\/"},{"@type":"ListItem","position":5,"name":"Steckspiel Kleine Walzen Pastell &#8211; Grimm&#8217;s"}]},{"@type":"WebSite","@id":"https:\/\/teiaeducation.ch\/de\/#website","url":"https:\/\/teiaeducation.ch\/de\/","name":"Sustainable Educational Products &amp; Ecological Toys\u00a0","description":"Specialised Swiss shop selling sustainable educational toys and games, AMI certified Montessori materials, handmade ecological wooden Waldorf toys and arts &amp; crafts supplies, school supplies, children&#039;s furniture and Montessori reference and parenting books.","publisher":{"@id":"https:\/\/teiaeducation.ch\/de\/#organization"},"alternateName":"Teia Education & Play","potentialAction":[{"@type":"SearchAction","target":{"@type":"EntryPoint","urlTemplate":"https:\/\/teiaeducation.ch\/de\/?s={search_term_string}"},"query-input":{"@type":"PropertyValueSpecification","valueRequired":true,"valueName":"search_term_string"}}],"inLanguage":"de-CH"},{"@type":"Organization","@id":"https:\/\/teiaeducation.ch\/de\/#organization","name":"Teia Education & Play","url":"https:\/\/teiaeducation.ch\/de\/","logo":{"@type":"ImageObject","inLanguage":"de-CH","@id":"https:\/\/teiaeducation.ch\/de\/#\/schema\/logo\/image\/","url":"https:\/\/teiaeducation.ch\/wp-content\/uploads\/2020\/11\/Teia-Education-Switzerland-e1620156442216.jpg","contentUrl":"https:\/\/teiaeducation.ch\/wp-content\/uploads\/2020\/11\/Teia-Education-Switzerland-e1620156442216.jpg","width":166,"height":145,"caption":"Teia Education & Play"},"image":{"@id":"https:\/\/teiaeducation.ch\/de\/#\/schema\/logo\/image\/"},"sameAs":["https:\/\/www.facebook.com\/teiaeducation\/","https:\/\/x.com\/EducationTeia","https:\/\/www.instagram.com\/teia.education\/","https:\/\/www.linkedin.com\/company\/35501660","https:\/\/www.pinterest.ch\/TeiaEducation\/"]}]}},"_links":{"self":[{"href":"https:\/\/teiaeducation.ch\/de\/wp-json\/wp\/v2\/product\/40201","targetHints":{"allow":["GET"]}}],"collection":[{"href":"https:\/\/teiaeducation.ch\/de\/wp-json\/wp\/v2\/product"}],"about":[{"href":"https:\/\/teiaeducation.ch\/de\/wp-json\/wp\/v2\/types\/product"}],"replies":[{"embeddable":true,"href":"https:\/\/teiaeducation.ch\/de\/wp-json\/wp\/v2\/comments?post=40201"}],"wp:featuredmedia":[{"embeddable":true,"href":"https:\/\/teiaeducation.ch\/de\/wp-json\/wp\/v2\/media\/40202"}],"wp:attachment":[{"href":"https:\/\/teiaeducation.ch\/de\/wp-json\/wp\/v2\/media?parent=40201"}],"wp:term":[{"taxonomy":"product_brand","embeddable":true,"href":"https:\/\/teiaeducation.ch\/de\/wp-json\/wp\/v2\/product_brand?post=40201"},{"taxonomy":"product_cat","embeddable":true,"href":"https:\/\/teiaeducation.ch\/de\/wp-json\/wp\/v2\/product_cat?post=40201"},{"taxonomy":"product_tag","embeddable":true,"href":"https:\/\/teiaeducation.ch\/de\/wp-json\/wp\/v2\/product_tag?post=40201"}],"curies":[{"name":"wp","href":"https:\/\/api.w.org\/{rel}","templated":true}]}}