{"id":40205,"date":"2021-09-27T15:00:52","date_gmt":"2021-09-27T13:00:52","guid":{"rendered":"https:\/\/teiaeducation.ch\/product\/regenbogen-zahlenland-10-teile-grimms\/"},"modified":"2023-08-22T10:02:39","modified_gmt":"2023-08-22T08:02:39","slug":"regenbogen-zahlenland-grimms","status":"publish","type":"product","link":"https:\/\/teiaeducation.ch\/de\/produkt\/regenbogen-zahlenland-grimms\/","title":{"rendered":"Regenbogen Zahlenland &#8211; Grimm&#8217;s"},"content":{"rendered":"<p>Inspiriert von der <a href=\"https:\/\/teiaeducation.ch\/product-category\/hgh-quality-toys-play\/waldorf-toys\/\">Waldorf<\/a> Steiner P\u00e4dagogik ist der Grimm&#8217;s 10-teilige Regenbogen Zahlenland\u00a0aus der Kollektion 2021 ein handgefertigtes, nachhaltiges <a href=\"https:\/\/teiaeducation.ch\/product-category\/learning-themes\/\">Holz-Lernspielzeug<\/a> mit zeitlosem Reiz. Sie besteht aus 10 B\u00f6gen, die von Hand aus einem einzigen Holzblock geschnitten wurden. Der Regenbogen ist aus Lindenholz gefertigt und in sch\u00f6nen hellen Farbt\u00f6nen mit ungiftiger Beize auf Wasserbasis bemalt, so dass er auch f\u00fcr (kleine) Kinder geeignet ist.<\/p>\n<p>Dieser gro\u00dfformatige Regenbogen misst ca. 27,5 (L\u00e4nge) x 13,5 cm (H\u00f6he) und bietet endlose M\u00f6glichkeiten zum Lernen, <a href=\"https:\/\/teiaeducation.ch\/product-category\/learning-themes\/mathematics-numeracy\/counting\/\">Zahlen<\/a> und kreativen Spielen. Der Grimm&#8217;s Regenbogen Zahlenland ist auch eine sch\u00f6ne Erg\u00e4nzung f\u00fcr jedes Spielzimmer, Klassenzimmer oder Kinderzimmer.<\/p>\n<p>Es ist Teil der Grimm&#8217;s Zahlenwelt und der Sammlung <a href=\"https:\/\/teiaeducation.ch\/product-category\/brands\/grimms\/learn-experience\/\">Lernen &amp; Erfahren<\/a>, in der Spiele perfekt zusammenpassen. Kinder k\u00f6nnen die abstraktere Welt der <a href=\"https:\/\/teiaeducation.ch\/product-category\/learning-themes\/mathematics-numeracy\/numbers\/\">Zahlen<\/a> auf vielf\u00e4ltige Weise spielerisch und einfach mit ihren Sinnen entdecken. Sie k\u00f6nnen erkennen, was zusammengeh\u00f6rt, und so die Welt der Zahlen f\u00fcr sich entdecken und unendlich viele M\u00f6glichkeiten entdecken, die abstrakte Welt der Zahlen mit den verschiedenen Sinnen zu entdecken!<\/p>\n<p>Der Grimm&#8217;s Regenbogen Zahlenland kann von Kleinkindern auch als Spielzeug zum Stapeln, Sortieren und Bauen verwendet werden, und wenn die Kinder \u00e4lter werden, werden sie ihn als Wiege f\u00fcr ihre geliebten Puppen, als Zaun f\u00fcr Tiere, als Tunnel oder Br\u00fccke f\u00fcr Fahrzeuge, als Haus f\u00fcr Zwerge und Puppenstubenpuppen oder zum Bauen erstaunlicher Skulpturen verwenden. Es eignet sich auch zur Verwendung auf einem <a href=\"https:\/\/teiaeducation.ch\/product-category\/celebrations\/nature-seasonal-tables\/\">Waldorf-Natur- oder Jahreszeitentisch<\/a> oder als Erg\u00e4nzung zu Krippenfiguren f\u00fcr eine Weihnachtsszene.<\/p>\n<p>Der Grimm&#8217;s 10-teilige gro\u00dfe Regenbogen Zahlenland ist f\u00fcr Kinder ab 2 Jahren geeignet.<\/p>\n<p>Inhalt:<\/p>\n<p>1 gro\u00dfer 10-teiliger Regenbogen aus Holz<\/p>\n<h2>\u00dcber Grimm&#8217;s<\/h2>\n<p>Ideal zum Spielen zu Hause, im Kindergarten, in der <a href=\"https:\/\/teiaeducation.ch\/waldorf-steiner-schools-supplies\/\">Waldorf- oder Steiner-Schule<\/a>. Die sch\u00f6nen <a href=\"https:\/\/teiaeducation.ch\/product-category\/brands\/grimms\/\">Grimm&#8217;s Naturholzspielzeuge<\/a> werden nach der <a href=\"https:\/\/teiaeducation.ch\/product-category\/education-method\/waldorf-steiner-toys-craft-materials\/\">Waldorf-Philosophie<\/a> hergestellt, die daf\u00fcr bekannt ist, dass sie Kinder dazu ermutigt, das kreative Spiel selbstst\u00e4ndig, ohne Einschr\u00e4nkungen und in einem gem\u00fctlichen Tempo zu entdecken. Die Grimm&#8217;s Holzspielzeuge werden von Hand mit ungiftigen Farben auf Wasserbasis gef\u00e4rbt und nicht lackiert, damit die urspr\u00fcnglichen Eigenschaften des Holzes und die Maserung erhalten bleiben. Die Oberfl\u00e4che der FSC-zertifizierten europ\u00e4ischen Holz ist leicht rau, wodurch sie vollst\u00e4ndig stapelbar und weniger rutschig sind.<\/p>\n<p>Grimm&#8217;s <a href=\"https:\/\/teiaeducation.ch\/product-category\/hgh-quality-toys-play\/handmade-wooden-toys\/\">handgefertigtes Holzspielzeug<\/a> wird in den Grimm&#8217;s Werken in Deutschland sowie in mehreren Werkst\u00e4tten in ganz Europa aus verschiedenen Holzarten wie Erle, Linde, Buche und Ahorn hergestellt. Alle H\u00f6lzer, die f\u00fcr die Herstellung der Grimm&#8217;s-Spielzeuge verwendet werden, stammen aus nachhaltig bewirtschafteten europ\u00e4ischen W\u00e4ldern.<\/p>\n<p>Bitte beachten Sie, dass Grimm&#8217;s Spielzeuge immer Unikate sind, die einzigartige, von der Natur geschaffene Zeichen tragen. Die Maserung des Holzes weist wechselnde Strukturen und Farben auf, die von seiner nat\u00fcrlichen Herkunft zeugen. Die einzigartigen Variationen, Markierungen, \u00c4ste, Muster, schwarzen Streifen oder dunklen Flecken, die im Holz eines Grimm&#8217;s Spielzeugs sichtbar sein k\u00f6nnen, sind ein Beweis f\u00fcr Qualit\u00e4t, keine M\u00e4ngel.<\/p>\n","protected":false},"excerpt":{"rendered":"<p>Artikelnummer: gri10707<\/p>\n<p>Inspiriert von der Waldorf Steiner P\u00e4dagogik ist der Grimm&#8217;s Z\u00e4hl-Regenbogen ein handgefertigtes, nachhaltiges Holzstapelspielzeug mit zeitlosem Reiz!<\/p>\n","protected":false},"featured_media":40206,"comment_status":"open","ping_status":"closed","template":"","meta":[],"product_brand":[],"product_cat":[21445,21446,23651,24871,21479,21558,21690,21491,21640,23075,24875,21509,21537,21559,21443,21563,22362,21557,21678,21699,21564,21483,22919,21540,21547],"product_tag":[21755,21715,21753,21751,21752,21754,21750,21713,21714],"class_list":{"0":"post-40205","1":"product","2":"type-product","3":"status-publish","4":"has-post-thumbnail","6":"product_cat-3-6-jahre-vorschule","7":"product_cat-6-12-jahre-grundschule","8":"product_cat-back-to-school-de","9":"product_cat-bau-regenbogenwelten","10":"product_cat-lernmaterialien-spielzeug-montessori-waldorf-steiner-froebel","11":"product_cat-farbe-lernen","12":"product_cat-spiele-mit-offenem-ende","13":"product_cat-geschenk-guide-lerngeschenke","14":"product_cat-grimms-holzspielzeug","15":"product_cat-handgefertigtes-holzspielzeug","16":"product_cat-lernen-erfahren","17":"product_cat-lernthemen","18":"product_cat-mathematik-rechnen","19":"product_cat-motorische-fertigkeiten","20":"product_cat-nach-alter","21":"product_cat-neuheiten","22":"product_cat-saisonale-kollektionen","23":"product_cat-sensorische-motorische-fertigkeiten","24":"product_cat-kinder-spielzeug","25":"product_cat-stapelspielzeug","26":"product_cat-unsere-marken","27":"product_cat-waldorf-steiner-paedagogik","28":"product_cat-waldorfspielzeug","29":"product_cat-zaehlen","30":"product_cat-ziffern","31":"product_tag-grimms-regenbogen-zahlenland-10-teile","32":"product_tag-grimms-switzerland-de","33":"product_tag-grimms-groser-sonnenuntergangs-regenbogen","34":"product_tag-grimms-holzspielzeugladen-de","35":"product_tag-grimms-regenbogenspielzeug","36":"product_tag-grimms-sonnenuntergang-holz-regenbogen-stapler-spielzeug","37":"product_tag-groser-regenbogen-12-stuck-grimms","38":"product_tag-holzspielzeug-mit-offenem-ende","39":"product_tag-waldorfspielzeug-aus-holz","41":"first","42":"instock","43":"taxable","44":"shipping-taxable","45":"purchasable","46":"product-type-simple"},"yoast_head":"<!-- This site is optimized with the Yoast SEO Premium plugin v25.8 (Yoast SEO v27.4) - https:\/\/yoast.com\/product\/yoast-seo-premium-wordpress\/ -->\n<title>Regenbogen Zahlenland - Grimm&#039;s<\/title>\n<meta name=\"description\" content=\"Inspiriert von der Waldorfp\u00e4dagogik, der Grimm&#039;s 10-teilige Regenbogen Zahlenland ist ein handgefertigtes, nachhaltiges Holzspielzeug mit zeitlosem Reiz.\" \/>\n<meta name=\"robots\" content=\"index, follow, max-snippet:-1, max-image-preview:large, max-video-preview:-1\" \/>\n<link rel=\"canonical\" href=\"https:\/\/teiaeducation.ch\/de\/produkt\/regenbogen-zahlenland-grimms\/\" \/>\n<meta property=\"og:locale\" content=\"de_DE\" \/>\n<meta property=\"og:type\" content=\"article\" \/>\n<meta property=\"og:title\" content=\"Regenbogen Zahlenland - Grimm&#039;s\" \/>\n<meta property=\"og:description\" content=\"Inspiriert von der Waldorfp\u00e4dagogik, der Grimm&#039;s 10-teilige Regenbogen Zahlenland ist ein handgefertigtes, nachhaltiges Holzspielzeug mit zeitlosem Reiz.\" \/>\n<meta property=\"og:url\" content=\"https:\/\/teiaeducation.ch\/de\/produkt\/regenbogen-zahlenland-grimms\/\" \/>\n<meta property=\"og:site_name\" content=\"Sustainable Educational Products &amp; Ecological Toys\u00a0\" \/>\n<meta property=\"article:publisher\" content=\"https:\/\/www.facebook.com\/teiaeducation\/\" \/>\n<meta property=\"article:modified_time\" content=\"2023-08-22T08:02:39+00:00\" \/>\n<meta property=\"og:image\" content=\"https:\/\/teiaeducation.ch\/wp-content\/uploads\/2020\/08\/Counting-rainbow-10-Pieces-Grimms.jpg\" \/>\n\t<meta property=\"og:image:width\" content=\"1200\" \/>\n\t<meta property=\"og:image:height\" content=\"1200\" \/>\n\t<meta property=\"og:image:type\" content=\"image\/jpeg\" \/>\n<script type=\"application\/ld+json\" class=\"yoast-schema-graph\">{\"@context\":\"https:\\\/\\\/schema.org\",\"@graph\":[{\"@type\":\"WebPage\",\"@id\":\"https:\\\/\\\/teiaeducation.ch\\\/de\\\/produkt\\\/regenbogen-zahlenland-grimms\\\/\",\"url\":\"https:\\\/\\\/teiaeducation.ch\\\/de\\\/produkt\\\/regenbogen-zahlenland-grimms\\\/\",\"name\":\"Regenbogen Zahlenland - Grimm's\",\"isPartOf\":{\"@id\":\"https:\\\/\\\/teiaeducation.ch\\\/de\\\/#website\"},\"primaryImageOfPage\":{\"@id\":\"https:\\\/\\\/teiaeducation.ch\\\/de\\\/produkt\\\/regenbogen-zahlenland-grimms\\\/#primaryimage\"},\"image\":{\"@id\":\"https:\\\/\\\/teiaeducation.ch\\\/de\\\/produkt\\\/regenbogen-zahlenland-grimms\\\/#primaryimage\"},\"thumbnailUrl\":\"https:\\\/\\\/teiaeducation.ch\\\/wp-content\\\/uploads\\\/2020\\\/08\\\/Counting-rainbow-10-Pieces-Grimms.jpg\",\"datePublished\":\"2021-09-27T13:00:52+00:00\",\"dateModified\":\"2023-08-22T08:02:39+00:00\",\"description\":\"Inspiriert von der Waldorfp\u00e4dagogik, der Grimm's 10-teilige Regenbogen Zahlenland ist ein handgefertigtes, nachhaltiges Holzspielzeug mit zeitlosem Reiz.\",\"breadcrumb\":{\"@id\":\"https:\\\/\\\/teiaeducation.ch\\\/de\\\/produkt\\\/regenbogen-zahlenland-grimms\\\/#breadcrumb\"},\"inLanguage\":\"de-CH\",\"potentialAction\":[{\"@type\":\"ReadAction\",\"target\":[\"https:\\\/\\\/teiaeducation.ch\\\/de\\\/produkt\\\/regenbogen-zahlenland-grimms\\\/\"]}]},{\"@type\":\"ImageObject\",\"inLanguage\":\"de-CH\",\"@id\":\"https:\\\/\\\/teiaeducation.ch\\\/de\\\/produkt\\\/regenbogen-zahlenland-grimms\\\/#primaryimage\",\"url\":\"https:\\\/\\\/teiaeducation.ch\\\/wp-content\\\/uploads\\\/2020\\\/08\\\/Counting-rainbow-10-Pieces-Grimms.jpg\",\"contentUrl\":\"https:\\\/\\\/teiaeducation.ch\\\/wp-content\\\/uploads\\\/2020\\\/08\\\/Counting-rainbow-10-Pieces-Grimms.jpg\",\"width\":1200,\"height\":1200,\"caption\":\"Regenbogen Zahlenland (10 Teile) - Grimm's Handgefertigtes nachhaltiges Holzspielzeug\"},{\"@type\":\"BreadcrumbList\",\"@id\":\"https:\\\/\\\/teiaeducation.ch\\\/de\\\/produkt\\\/regenbogen-zahlenland-grimms\\\/#breadcrumb\",\"itemListElement\":[{\"@type\":\"ListItem\",\"position\":1,\"name\":\"Home\",\"item\":\"https:\\\/\\\/teiaeducation.ch\\\/de\\\/\"},{\"@type\":\"ListItem\",\"position\":2,\"name\":\"Laden\",\"item\":\"https:\\\/\\\/teiaeducation.ch\\\/de\\\/shop\\\/\"},{\"@type\":\"ListItem\",\"position\":3,\"name\":\"Unsere Marken\",\"item\":\"https:\\\/\\\/teiaeducation.ch\\\/de\\\/produkt-kategorie\\\/unsere-marken\\\/\"},{\"@type\":\"ListItem\",\"position\":4,\"name\":\"Grimm's\",\"item\":\"https:\\\/\\\/teiaeducation.ch\\\/de\\\/produkt-kategorie\\\/unsere-marken\\\/grimms-holzspielzeug\\\/\"},{\"@type\":\"ListItem\",\"position\":5,\"name\":\"Regenbogen Zahlenland &#8211; Grimm&#8217;s\"}]},{\"@type\":\"WebSite\",\"@id\":\"https:\\\/\\\/teiaeducation.ch\\\/de\\\/#website\",\"url\":\"https:\\\/\\\/teiaeducation.ch\\\/de\\\/\",\"name\":\"Sustainable Educational Products &amp; Ecological Toys\u00a0\",\"description\":\"Specialised Swiss shop selling sustainable educational toys and games, AMI certified Montessori materials, handmade ecological wooden Waldorf toys and arts &amp; crafts supplies, school supplies, children&#039;s furniture and Montessori reference and parenting books.\",\"publisher\":{\"@id\":\"https:\\\/\\\/teiaeducation.ch\\\/de\\\/#organization\"},\"alternateName\":\"Teia Education & Play\",\"potentialAction\":[{\"@type\":\"SearchAction\",\"target\":{\"@type\":\"EntryPoint\",\"urlTemplate\":\"https:\\\/\\\/teiaeducation.ch\\\/de\\\/?s={search_term_string}\"},\"query-input\":{\"@type\":\"PropertyValueSpecification\",\"valueRequired\":true,\"valueName\":\"search_term_string\"}}],\"inLanguage\":\"de-CH\"},{\"@type\":\"Organization\",\"@id\":\"https:\\\/\\\/teiaeducation.ch\\\/de\\\/#organization\",\"name\":\"Teia Education & Play\",\"url\":\"https:\\\/\\\/teiaeducation.ch\\\/de\\\/\",\"logo\":{\"@type\":\"ImageObject\",\"inLanguage\":\"de-CH\",\"@id\":\"https:\\\/\\\/teiaeducation.ch\\\/de\\\/#\\\/schema\\\/logo\\\/image\\\/\",\"url\":\"https:\\\/\\\/teiaeducation.ch\\\/wp-content\\\/uploads\\\/2020\\\/11\\\/Teia-Education-Switzerland-e1620156442216.jpg\",\"contentUrl\":\"https:\\\/\\\/teiaeducation.ch\\\/wp-content\\\/uploads\\\/2020\\\/11\\\/Teia-Education-Switzerland-e1620156442216.jpg\",\"width\":166,\"height\":145,\"caption\":\"Teia Education & Play\"},\"image\":{\"@id\":\"https:\\\/\\\/teiaeducation.ch\\\/de\\\/#\\\/schema\\\/logo\\\/image\\\/\"},\"sameAs\":[\"https:\\\/\\\/www.facebook.com\\\/teiaeducation\\\/\",\"https:\\\/\\\/x.com\\\/EducationTeia\",\"https:\\\/\\\/www.instagram.com\\\/teia.education\\\/\",\"https:\\\/\\\/www.linkedin.com\\\/company\\\/35501660\",\"https:\\\/\\\/www.pinterest.ch\\\/TeiaEducation\\\/\"]}]}<\/script>\n<meta property=\"product:price:amount\" content=\"85.90\" \/>\n<meta property=\"product:price:currency\" content=\"CHF\" \/>\n<meta property=\"og:availability\" content=\"instock\" \/>\n<meta property=\"product:availability\" content=\"instock\" \/>\n<meta property=\"product:retailer_item_id\" content=\"00000000000000000000000000000000000000000000035550\" \/>\n<meta property=\"product:condition\" content=\"new\" \/>\n<!-- \/ Yoast SEO Premium plugin. -->","yoast_head_json":{"title":"Regenbogen Zahlenland - Grimm's","description":"Inspiriert von der Waldorfp\u00e4dagogik, der Grimm's 10-teilige Regenbogen Zahlenland ist ein handgefertigtes, nachhaltiges Holzspielzeug mit zeitlosem Reiz.","robots":{"index":"index","follow":"follow","max-snippet":"max-snippet:-1","max-image-preview":"max-image-preview:large","max-video-preview":"max-video-preview:-1"},"canonical":"https:\/\/teiaeducation.ch\/de\/produkt\/regenbogen-zahlenland-grimms\/","og_locale":"de_DE","og_type":"article","og_title":"Regenbogen Zahlenland - Grimm's","og_description":"Inspiriert von der Waldorfp\u00e4dagogik, der Grimm's 10-teilige Regenbogen Zahlenland ist ein handgefertigtes, nachhaltiges Holzspielzeug mit zeitlosem Reiz.","og_url":"https:\/\/teiaeducation.ch\/de\/produkt\/regenbogen-zahlenland-grimms\/","og_site_name":"Sustainable Educational Products &amp; Ecological Toys\u00a0","article_publisher":"https:\/\/www.facebook.com\/teiaeducation\/","article_modified_time":"2023-08-22T08:02:39+00:00","og_image":[{"width":1200,"height":1200,"url":"https:\/\/teiaeducation.ch\/wp-content\/uploads\/2020\/08\/Counting-rainbow-10-Pieces-Grimms.jpg","type":"image\/jpeg"}],"schema":{"@context":"https:\/\/schema.org","@graph":[{"@type":"WebPage","@id":"https:\/\/teiaeducation.ch\/de\/produkt\/regenbogen-zahlenland-grimms\/","url":"https:\/\/teiaeducation.ch\/de\/produkt\/regenbogen-zahlenland-grimms\/","name":"Regenbogen Zahlenland - Grimm's","isPartOf":{"@id":"https:\/\/teiaeducation.ch\/de\/#website"},"primaryImageOfPage":{"@id":"https:\/\/teiaeducation.ch\/de\/produkt\/regenbogen-zahlenland-grimms\/#primaryimage"},"image":{"@id":"https:\/\/teiaeducation.ch\/de\/produkt\/regenbogen-zahlenland-grimms\/#primaryimage"},"thumbnailUrl":"https:\/\/teiaeducation.ch\/wp-content\/uploads\/2020\/08\/Counting-rainbow-10-Pieces-Grimms.jpg","datePublished":"2021-09-27T13:00:52+00:00","dateModified":"2023-08-22T08:02:39+00:00","description":"Inspiriert von der Waldorfp\u00e4dagogik, der Grimm's 10-teilige Regenbogen Zahlenland ist ein handgefertigtes, nachhaltiges Holzspielzeug mit zeitlosem Reiz.","breadcrumb":{"@id":"https:\/\/teiaeducation.ch\/de\/produkt\/regenbogen-zahlenland-grimms\/#breadcrumb"},"inLanguage":"de-CH","potentialAction":[{"@type":"ReadAction","target":["https:\/\/teiaeducation.ch\/de\/produkt\/regenbogen-zahlenland-grimms\/"]}]},{"@type":"ImageObject","inLanguage":"de-CH","@id":"https:\/\/teiaeducation.ch\/de\/produkt\/regenbogen-zahlenland-grimms\/#primaryimage","url":"https:\/\/teiaeducation.ch\/wp-content\/uploads\/2020\/08\/Counting-rainbow-10-Pieces-Grimms.jpg","contentUrl":"https:\/\/teiaeducation.ch\/wp-content\/uploads\/2020\/08\/Counting-rainbow-10-Pieces-Grimms.jpg","width":1200,"height":1200,"caption":"Regenbogen Zahlenland (10 Teile) - Grimm's Handgefertigtes nachhaltiges Holzspielzeug"},{"@type":"BreadcrumbList","@id":"https:\/\/teiaeducation.ch\/de\/produkt\/regenbogen-zahlenland-grimms\/#breadcrumb","itemListElement":[{"@type":"ListItem","position":1,"name":"Home","item":"https:\/\/teiaeducation.ch\/de\/"},{"@type":"ListItem","position":2,"name":"Laden","item":"https:\/\/teiaeducation.ch\/de\/shop\/"},{"@type":"ListItem","position":3,"name":"Unsere Marken","item":"https:\/\/teiaeducation.ch\/de\/produkt-kategorie\/unsere-marken\/"},{"@type":"ListItem","position":4,"name":"Grimm's","item":"https:\/\/teiaeducation.ch\/de\/produkt-kategorie\/unsere-marken\/grimms-holzspielzeug\/"},{"@type":"ListItem","position":5,"name":"Regenbogen Zahlenland &#8211; Grimm&#8217;s"}]},{"@type":"WebSite","@id":"https:\/\/teiaeducation.ch\/de\/#website","url":"https:\/\/teiaeducation.ch\/de\/","name":"Sustainable Educational Products &amp; Ecological Toys\u00a0","description":"Specialised Swiss shop selling sustainable educational toys and games, AMI certified Montessori materials, handmade ecological wooden Waldorf toys and arts &amp; crafts supplies, school supplies, children&#039;s furniture and Montessori reference and parenting books.","publisher":{"@id":"https:\/\/teiaeducation.ch\/de\/#organization"},"alternateName":"Teia Education & Play","potentialAction":[{"@type":"SearchAction","target":{"@type":"EntryPoint","urlTemplate":"https:\/\/teiaeducation.ch\/de\/?s={search_term_string}"},"query-input":{"@type":"PropertyValueSpecification","valueRequired":true,"valueName":"search_term_string"}}],"inLanguage":"de-CH"},{"@type":"Organization","@id":"https:\/\/teiaeducation.ch\/de\/#organization","name":"Teia Education & Play","url":"https:\/\/teiaeducation.ch\/de\/","logo":{"@type":"ImageObject","inLanguage":"de-CH","@id":"https:\/\/teiaeducation.ch\/de\/#\/schema\/logo\/image\/","url":"https:\/\/teiaeducation.ch\/wp-content\/uploads\/2020\/11\/Teia-Education-Switzerland-e1620156442216.jpg","contentUrl":"https:\/\/teiaeducation.ch\/wp-content\/uploads\/2020\/11\/Teia-Education-Switzerland-e1620156442216.jpg","width":166,"height":145,"caption":"Teia Education & Play"},"image":{"@id":"https:\/\/teiaeducation.ch\/de\/#\/schema\/logo\/image\/"},"sameAs":["https:\/\/www.facebook.com\/teiaeducation\/","https:\/\/x.com\/EducationTeia","https:\/\/www.instagram.com\/teia.education\/","https:\/\/www.linkedin.com\/company\/35501660","https:\/\/www.pinterest.ch\/TeiaEducation\/"]}]},"product_price_amount":"85.90","product_price_currency":"CHF","og_availability":"instock","product_availability":"instock","product_retailer_item_id":"00000000000000000000000000000000000000000000035550","product_condition":"new"},"_links":{"self":[{"href":"https:\/\/teiaeducation.ch\/de\/wp-json\/wp\/v2\/product\/40205","targetHints":{"allow":["GET"]}}],"collection":[{"href":"https:\/\/teiaeducation.ch\/de\/wp-json\/wp\/v2\/product"}],"about":[{"href":"https:\/\/teiaeducation.ch\/de\/wp-json\/wp\/v2\/types\/product"}],"replies":[{"embeddable":true,"href":"https:\/\/teiaeducation.ch\/de\/wp-json\/wp\/v2\/comments?post=40205"}],"wp:featuredmedia":[{"embeddable":true,"href":"https:\/\/teiaeducation.ch\/de\/wp-json\/wp\/v2\/media\/40206"}],"wp:attachment":[{"href":"https:\/\/teiaeducation.ch\/de\/wp-json\/wp\/v2\/media?parent=40205"}],"wp:term":[{"taxonomy":"product_brand","embeddable":true,"href":"https:\/\/teiaeducation.ch\/de\/wp-json\/wp\/v2\/product_brand?post=40205"},{"taxonomy":"product_cat","embeddable":true,"href":"https:\/\/teiaeducation.ch\/de\/wp-json\/wp\/v2\/product_cat?post=40205"},{"taxonomy":"product_tag","embeddable":true,"href":"https:\/\/teiaeducation.ch\/de\/wp-json\/wp\/v2\/product_tag?post=40205"}],"curies":[{"name":"wp","href":"https:\/\/api.w.org\/{rel}","templated":true}]}}