{"id":40367,"date":"2021-07-08T14:55:53","date_gmt":"2021-07-08T12:55:53","guid":{"rendered":"https:\/\/teiaeducation.ch\/product\/mandalay-meer-erzi\/"},"modified":"2024-07-22T20:31:40","modified_gmt":"2024-07-22T18:31:40","slug":"mandalay-meer-erzi","status":"publish","type":"product","link":"https:\/\/teiaeducation.ch\/de\/produkt\/mandalay-meer-erzi\/","title":{"rendered":"MandaLay Meer &#8211; Erzi"},"content":{"rendered":"<p>Erzi&#8217;s MandaLay Meer ist ein lustiges, <a href=\"https:\/\/teiaeducation.ch\/product-category\/learning-themes\/\">lehrreiches<\/a> und sehr kreatives Mandalaset aus Holz!<\/p>\n<p>Mit 102 Holzteilen in verschiedenen ansprechenden <a href=\"https:\/\/teiaeducation.ch\/product-category\/learning-themes\/sensory-motor-skills\/learning-about-colour\/\">Farben<\/a> und <a href=\"https:\/\/teiaeducation.ch\/product-category\/learning-themes\/mathematics-numeracy\/shapes\/\">Formen<\/a> k\u00f6nnen Kinder unendlich viele sch\u00f6ne <a href=\"https:\/\/teiaeducation.ch\/product-category\/play\/wooden-mandalas\/\">Mandalas<\/a> gestalten. Es inspiriert Kinder mit wundersch\u00f6nen Meeresformen, wie Fischen, Seesternen und blauen Wellen.<\/p>\n<p>Die Mandalays von Erzi f\u00f6rdern die Kreativit\u00e4t und das freie Spiel sowie das Legen, Stapeln, Ordnen, Kombinieren, Z\u00e4hlen, Sortieren und die <a href=\"https:\/\/teiaeducation.ch\/product-category\/learning-themes\/sensory-motor-skills\/motor-skills\/\">Feinmotorik<\/a> und sind somit wunderbare p\u00e4dagogische Allesk\u00f6nner! Sie eignen sich sowohl f\u00fcr das von <a href=\"https:\/\/teiaeducation.ch\/product-category\/hgh-quality-toys-play\/waldorf-toys\/\">Waldorf<\/a> inspirierte Spiel mit losen Teilen und k\u00fcnstlerischen Aktivit\u00e4ten als auch f\u00fcr das Lernen und Spielen im <a href=\"https:\/\/teiaeducation.ch\/product-category\/hgh-quality-toys-play\/montessori-toys\/\">Montessori<\/a>-Stil.<\/p>\n<p>Das Erzi MandaLay Meer-Set enth\u00e4lt au\u00dferdem eine wundersch\u00f6ne Spielmatte mit einem feinen Liniennetz, das eine gleichm\u00e4\u00dfige Platzierung der Motive erm\u00f6glicht.<\/p>\n<p>Die Erzi MandaLay Meer Holzmandalas sind aus massiver Buche gefertigt und mit ungiftiger Farbe auf Wasserbasis lackiert. Die Spielmatte ist farbig bedruckt und hat die Ma\u00dfe 40 x 40 cm. Dieses hochwertige Holzlehrmittel wird nachhaltig in Deutschland hergestellt.<\/p>\n<p>Warnung: Nicht geeignet f\u00fcr Kinder unter 36 Monaten. Erstickungsgefahr. Kleine Teile.<\/p>\n<p>Erzi MandaLay Meer ist f\u00fcr Kinder ab 3 Jahren geeignet.<\/p>\n<p>Inhalt:<\/p>\n<p>102 Holzteile zum Legen und Spielen<br \/>\n1 farbig bedruckte Spielmatte (40 x 40 cm)<br \/>\n1 Satz Anleitungen<\/p>\n<h2>\u00dcber Erzi<\/h2>\n<p>Das umfangreiche Erzi-Sortiment tr\u00e4gt das unverwechselbare G\u00fctesiegel &#8220;made in Germany&#8221;, denn es stammt aus dem Erzgebirge.<\/p>\n<p><a href=\"https:\/\/teiaeducation.ch\/product-category\/brands\/erzi\/\">Erzi<\/a> verwendet f\u00fcr die Herstellung seiner Spielzeuge Holz aus der Region, das mit dem <a href=\"https:\/\/fsc.org\/en\">FSC<\/a>-Siegel (Forest Stewardship Council) zertifiziert und verbessert wurde. Alle Oberfl\u00e4chenbehandlungen wie Farben und Lacke auf Wasserbasis sind ungiftig und jedes Erzi Produkt entspricht den h\u00f6chsten Sicherheitsstandards f\u00fcr Spielzeug. Die hochwertigen <a href=\"https:\/\/teiaeducation.ch\/product-category\/hgh-quality-toys-play\/handmade-wooden-toys\/\">Holzspielzeuge<\/a> und <a href=\"https:\/\/teiaeducation.ch\/product-category\/learning-themes\/\">Lernprodukte<\/a> von Erzi zeichnen sich durch eine gro\u00dfe Vielfalt an nat\u00fcrlichen <a href=\"https:\/\/teiaeducation.ch\/product-category\/learning-themes\/mathematics-numeracy\/shapes\/\">Formen<\/a> und <a href=\"https:\/\/teiaeducation.ch\/product-category\/learning-themes\/sensory-motor-skills\/learning-about-colour\/\">Farben<\/a> aus und sind langlebig und nachhaltig.<\/p>\n","protected":false},"excerpt":{"rendered":"<p>Artikelnummer: 42282<\/p>\n<p>Erzi&#8217;s MandaLay Meer Mandala aus Holz ist ein lustiges, lehrreiches und sehr kreatives Aktivit\u00e4tsset, mit dem man eine unendliche Anzahl sch\u00f6ner Mandalas erstellen kann!<\/p>\n","protected":false},"featured_media":40368,"comment_status":"open","ping_status":"closed","template":"","meta":[],"product_brand":[],"product_cat":[21445,21446,21479,21622,21558,21550,21690,21544,21491,23075,21706,21447,21624,21509,21537,21443,21563,22362,21557,21695,23636,21697,21678,21699,21482,21564],"product_tag":[21890,21899,21887,21886,21885,21891,21898,21894,21893,21896,21892,21895,21888,28090,21889,21897],"class_list":{"0":"post-40367","1":"product","2":"type-product","3":"status-publish","4":"has-post-thumbnail","6":"product_cat-3-6-jahre-vorschule","7":"product_cat-6-12-jahre-grundschule","8":"product_cat-lernmaterialien-spielzeug-montessori-waldorf-steiner-froebel","9":"product_cat-erzi-klassisches-holzspielzeug-de","10":"product_cat-farbe-lernen","11":"product_cat-formen","12":"product_cat-spiele-mit-offenem-ende","13":"product_cat-geometrie-de","14":"product_cat-geschenk-guide-lerngeschenke","15":"product_cat-handgefertigtes-holzspielzeug","16":"product_cat-holz-mandalas","17":"product_cat-malen-basteln","18":"product_cat-lernmaterialien","19":"product_cat-lernthemen","20":"product_cat-mathematik-rechnen","21":"product_cat-nach-alter","22":"product_cat-neuheiten","23":"product_cat-saisonale-kollektionen","24":"product_cat-sensorische-motorische-fertigkeiten","25":"product_cat-sinnliches-spiel","26":"product_cat-sommer-kollektion","27":"product_cat-sortieren","28":"product_cat-kinder-spielzeug","29":"product_cat-stapelspielzeug","30":"product_cat-traditionelle-bildung","31":"product_cat-unsere-marken","32":"product_tag-erzi-mandalay-de","33":"product_tag-erzi-mandalay-meer","34":"product_tag-erzi-schweiz-de","35":"product_tag-erzi-suisse-de","36":"product_tag-erzi-switzerland-de","37":"product_tag-erzi-mandalas-de","38":"product_tag-holzspielzeug-mit-meeresmotiven","39":"product_tag-kreatives-spielzeug","40":"product_tag-kreatives-spielzeug-aus-holz","41":"product_tag-lose-teile-sets","42":"product_tag-mandala-sets-de","43":"product_tag-mandala-set-fur-kinder","44":"product_tag-mandalas-aus-holz","45":"product_tag-mandalay-meer-erzi","46":"product_tag-montessori-materialien","47":"product_tag-waldorf-materialien","49":"first","50":"instock","51":"taxable","52":"shipping-taxable","53":"purchasable","54":"product-type-simple"},"yoast_head":"<!-- This site is optimized with the Yoast SEO Premium plugin v25.8 (Yoast SEO v27.4) - https:\/\/yoast.com\/product\/yoast-seo-premium-wordpress\/ -->\n<title>MandaLay Meer - Erzi<\/title>\n<meta name=\"description\" content=\"Erzi&#039;s MandaLay Meer Mandala aus Holz ist ein lustiges, lehrreiches und sehr kreatives Aktivit\u00e4tsset, mit dem man eine unendliche Anzahl sch\u00f6ner Mandalas erstellen kann.\" \/>\n<meta name=\"robots\" content=\"index, follow, max-snippet:-1, max-image-preview:large, max-video-preview:-1\" \/>\n<link rel=\"canonical\" href=\"https:\/\/teiaeducation.ch\/de\/produkt\/mandalay-meer-erzi\/\" \/>\n<meta property=\"og:locale\" content=\"de_DE\" \/>\n<meta property=\"og:type\" content=\"article\" \/>\n<meta property=\"og:title\" content=\"MandaLay Meer - Erzi\" \/>\n<meta property=\"og:description\" content=\"Erzi&#039;s MandaLay Meer Mandala aus Holz ist ein lustiges, lehrreiches und sehr kreatives Aktivit\u00e4tsset, mit dem man eine unendliche Anzahl sch\u00f6ner Mandalas erstellen kann.\" \/>\n<meta property=\"og:url\" content=\"https:\/\/teiaeducation.ch\/de\/produkt\/mandalay-meer-erzi\/\" \/>\n<meta property=\"og:site_name\" content=\"Sustainable Educational Products &amp; Ecological Toys\u00a0\" \/>\n<meta property=\"article:publisher\" content=\"https:\/\/www.facebook.com\/teiaeducation\/\" \/>\n<meta property=\"article:modified_time\" content=\"2024-07-22T18:31:40+00:00\" \/>\n<meta property=\"og:image\" content=\"https:\/\/teiaeducation.ch\/wp-content\/uploads\/2021\/07\/MandaLay-ocean-Erzi-scaled.jpg\" \/>\n\t<meta property=\"og:image:width\" content=\"900\" \/>\n\t<meta property=\"og:image:height\" content=\"900\" \/>\n\t<meta property=\"og:image:type\" content=\"image\/jpeg\" \/>\n<script type=\"application\/ld+json\" class=\"yoast-schema-graph\">{\"@context\":\"https:\\\/\\\/schema.org\",\"@graph\":[{\"@type\":\"WebPage\",\"@id\":\"https:\\\/\\\/teiaeducation.ch\\\/de\\\/produkt\\\/mandalay-meer-erzi\\\/\",\"url\":\"https:\\\/\\\/teiaeducation.ch\\\/de\\\/produkt\\\/mandalay-meer-erzi\\\/\",\"name\":\"MandaLay Meer - Erzi\",\"isPartOf\":{\"@id\":\"https:\\\/\\\/teiaeducation.ch\\\/de\\\/#website\"},\"primaryImageOfPage\":{\"@id\":\"https:\\\/\\\/teiaeducation.ch\\\/de\\\/produkt\\\/mandalay-meer-erzi\\\/#primaryimage\"},\"image\":{\"@id\":\"https:\\\/\\\/teiaeducation.ch\\\/de\\\/produkt\\\/mandalay-meer-erzi\\\/#primaryimage\"},\"thumbnailUrl\":\"https:\\\/\\\/teiaeducation.ch\\\/wp-content\\\/uploads\\\/2021\\\/07\\\/MandaLay-ocean-Erzi-scaled.jpg\",\"datePublished\":\"2021-07-08T12:55:53+00:00\",\"dateModified\":\"2024-07-22T18:31:40+00:00\",\"description\":\"Erzi's MandaLay Meer Mandala aus Holz ist ein lustiges, lehrreiches und sehr kreatives Aktivit\u00e4tsset, mit dem man eine unendliche Anzahl sch\u00f6ner Mandalas erstellen kann.\",\"breadcrumb\":{\"@id\":\"https:\\\/\\\/teiaeducation.ch\\\/de\\\/produkt\\\/mandalay-meer-erzi\\\/#breadcrumb\"},\"inLanguage\":\"de-CH\",\"potentialAction\":[{\"@type\":\"ReadAction\",\"target\":[\"https:\\\/\\\/teiaeducation.ch\\\/de\\\/produkt\\\/mandalay-meer-erzi\\\/\"]}]},{\"@type\":\"ImageObject\",\"inLanguage\":\"de-CH\",\"@id\":\"https:\\\/\\\/teiaeducation.ch\\\/de\\\/produkt\\\/mandalay-meer-erzi\\\/#primaryimage\",\"url\":\"https:\\\/\\\/teiaeducation.ch\\\/wp-content\\\/uploads\\\/2021\\\/07\\\/MandaLay-ocean-Erzi-scaled.jpg\",\"contentUrl\":\"https:\\\/\\\/teiaeducation.ch\\\/wp-content\\\/uploads\\\/2021\\\/07\\\/MandaLay-ocean-Erzi-scaled.jpg\",\"width\":900,\"height\":900,\"caption\":\"MandaLay Meer - Erzi\"},{\"@type\":\"BreadcrumbList\",\"@id\":\"https:\\\/\\\/teiaeducation.ch\\\/de\\\/produkt\\\/mandalay-meer-erzi\\\/#breadcrumb\",\"itemListElement\":[{\"@type\":\"ListItem\",\"position\":1,\"name\":\"Home\",\"item\":\"https:\\\/\\\/teiaeducation.ch\\\/de\\\/\"},{\"@type\":\"ListItem\",\"position\":2,\"name\":\"Laden\",\"item\":\"https:\\\/\\\/teiaeducation.ch\\\/de\\\/shop\\\/\"},{\"@type\":\"ListItem\",\"position\":3,\"name\":\"Unsere Marken\",\"item\":\"https:\\\/\\\/teiaeducation.ch\\\/de\\\/produkt-kategorie\\\/unsere-marken\\\/\"},{\"@type\":\"ListItem\",\"position\":4,\"name\":\"Erzi\",\"item\":\"https:\\\/\\\/teiaeducation.ch\\\/de\\\/produkt-kategorie\\\/unsere-marken\\\/erzi-klassisches-holzspielzeug-de\\\/\"},{\"@type\":\"ListItem\",\"position\":5,\"name\":\"Lernmaterialien\",\"item\":\"https:\\\/\\\/teiaeducation.ch\\\/de\\\/produkt-kategorie\\\/unsere-marken\\\/erzi-klassisches-holzspielzeug-de\\\/lernmaterialien\\\/\"},{\"@type\":\"ListItem\",\"position\":6,\"name\":\"MandaLay Meer &#8211; Erzi\"}]},{\"@type\":\"WebSite\",\"@id\":\"https:\\\/\\\/teiaeducation.ch\\\/de\\\/#website\",\"url\":\"https:\\\/\\\/teiaeducation.ch\\\/de\\\/\",\"name\":\"Sustainable Educational Products &amp; Ecological Toys\u00a0\",\"description\":\"Specialised Swiss shop selling sustainable educational toys and games, AMI certified Montessori materials, handmade ecological wooden Waldorf toys and arts &amp; crafts supplies, school supplies, children&#039;s furniture and Montessori reference and parenting books.\",\"publisher\":{\"@id\":\"https:\\\/\\\/teiaeducation.ch\\\/de\\\/#organization\"},\"alternateName\":\"Teia Education & Play\",\"potentialAction\":[{\"@type\":\"SearchAction\",\"target\":{\"@type\":\"EntryPoint\",\"urlTemplate\":\"https:\\\/\\\/teiaeducation.ch\\\/de\\\/?s={search_term_string}\"},\"query-input\":{\"@type\":\"PropertyValueSpecification\",\"valueRequired\":true,\"valueName\":\"search_term_string\"}}],\"inLanguage\":\"de-CH\"},{\"@type\":\"Organization\",\"@id\":\"https:\\\/\\\/teiaeducation.ch\\\/de\\\/#organization\",\"name\":\"Teia Education & Play\",\"url\":\"https:\\\/\\\/teiaeducation.ch\\\/de\\\/\",\"logo\":{\"@type\":\"ImageObject\",\"inLanguage\":\"de-CH\",\"@id\":\"https:\\\/\\\/teiaeducation.ch\\\/de\\\/#\\\/schema\\\/logo\\\/image\\\/\",\"url\":\"https:\\\/\\\/teiaeducation.ch\\\/wp-content\\\/uploads\\\/2020\\\/11\\\/Teia-Education-Switzerland-e1620156442216.jpg\",\"contentUrl\":\"https:\\\/\\\/teiaeducation.ch\\\/wp-content\\\/uploads\\\/2020\\\/11\\\/Teia-Education-Switzerland-e1620156442216.jpg\",\"width\":166,\"height\":145,\"caption\":\"Teia Education & Play\"},\"image\":{\"@id\":\"https:\\\/\\\/teiaeducation.ch\\\/de\\\/#\\\/schema\\\/logo\\\/image\\\/\"},\"sameAs\":[\"https:\\\/\\\/www.facebook.com\\\/teiaeducation\\\/\",\"https:\\\/\\\/x.com\\\/EducationTeia\",\"https:\\\/\\\/www.instagram.com\\\/teia.education\\\/\",\"https:\\\/\\\/www.linkedin.com\\\/company\\\/35501660\",\"https:\\\/\\\/www.pinterest.ch\\\/TeiaEducation\\\/\"]}]}<\/script>\n<meta property=\"product:price:amount\" content=\"48.50\" \/>\n<meta property=\"product:price:currency\" content=\"CHF\" \/>\n<meta property=\"og:availability\" content=\"instock\" \/>\n<meta property=\"product:availability\" content=\"instock\" \/>\n<meta property=\"product:retailer_item_id\" content=\"00000000000000000000000000000000000000000000037745\" \/>\n<meta property=\"product:condition\" content=\"new\" \/>\n<!-- \/ Yoast SEO Premium plugin. -->","yoast_head_json":{"title":"MandaLay Meer - Erzi","description":"Erzi's MandaLay Meer Mandala aus Holz ist ein lustiges, lehrreiches und sehr kreatives Aktivit\u00e4tsset, mit dem man eine unendliche Anzahl sch\u00f6ner Mandalas erstellen kann.","robots":{"index":"index","follow":"follow","max-snippet":"max-snippet:-1","max-image-preview":"max-image-preview:large","max-video-preview":"max-video-preview:-1"},"canonical":"https:\/\/teiaeducation.ch\/de\/produkt\/mandalay-meer-erzi\/","og_locale":"de_DE","og_type":"article","og_title":"MandaLay Meer - Erzi","og_description":"Erzi's MandaLay Meer Mandala aus Holz ist ein lustiges, lehrreiches und sehr kreatives Aktivit\u00e4tsset, mit dem man eine unendliche Anzahl sch\u00f6ner Mandalas erstellen kann.","og_url":"https:\/\/teiaeducation.ch\/de\/produkt\/mandalay-meer-erzi\/","og_site_name":"Sustainable Educational Products &amp; Ecological Toys\u00a0","article_publisher":"https:\/\/www.facebook.com\/teiaeducation\/","article_modified_time":"2024-07-22T18:31:40+00:00","og_image":[{"width":900,"height":900,"url":"https:\/\/teiaeducation.ch\/wp-content\/uploads\/2021\/07\/MandaLay-ocean-Erzi-scaled.jpg","type":"image\/jpeg"}],"schema":{"@context":"https:\/\/schema.org","@graph":[{"@type":"WebPage","@id":"https:\/\/teiaeducation.ch\/de\/produkt\/mandalay-meer-erzi\/","url":"https:\/\/teiaeducation.ch\/de\/produkt\/mandalay-meer-erzi\/","name":"MandaLay Meer - Erzi","isPartOf":{"@id":"https:\/\/teiaeducation.ch\/de\/#website"},"primaryImageOfPage":{"@id":"https:\/\/teiaeducation.ch\/de\/produkt\/mandalay-meer-erzi\/#primaryimage"},"image":{"@id":"https:\/\/teiaeducation.ch\/de\/produkt\/mandalay-meer-erzi\/#primaryimage"},"thumbnailUrl":"https:\/\/teiaeducation.ch\/wp-content\/uploads\/2021\/07\/MandaLay-ocean-Erzi-scaled.jpg","datePublished":"2021-07-08T12:55:53+00:00","dateModified":"2024-07-22T18:31:40+00:00","description":"Erzi's MandaLay Meer Mandala aus Holz ist ein lustiges, lehrreiches und sehr kreatives Aktivit\u00e4tsset, mit dem man eine unendliche Anzahl sch\u00f6ner Mandalas erstellen kann.","breadcrumb":{"@id":"https:\/\/teiaeducation.ch\/de\/produkt\/mandalay-meer-erzi\/#breadcrumb"},"inLanguage":"de-CH","potentialAction":[{"@type":"ReadAction","target":["https:\/\/teiaeducation.ch\/de\/produkt\/mandalay-meer-erzi\/"]}]},{"@type":"ImageObject","inLanguage":"de-CH","@id":"https:\/\/teiaeducation.ch\/de\/produkt\/mandalay-meer-erzi\/#primaryimage","url":"https:\/\/teiaeducation.ch\/wp-content\/uploads\/2021\/07\/MandaLay-ocean-Erzi-scaled.jpg","contentUrl":"https:\/\/teiaeducation.ch\/wp-content\/uploads\/2021\/07\/MandaLay-ocean-Erzi-scaled.jpg","width":900,"height":900,"caption":"MandaLay Meer - Erzi"},{"@type":"BreadcrumbList","@id":"https:\/\/teiaeducation.ch\/de\/produkt\/mandalay-meer-erzi\/#breadcrumb","itemListElement":[{"@type":"ListItem","position":1,"name":"Home","item":"https:\/\/teiaeducation.ch\/de\/"},{"@type":"ListItem","position":2,"name":"Laden","item":"https:\/\/teiaeducation.ch\/de\/shop\/"},{"@type":"ListItem","position":3,"name":"Unsere Marken","item":"https:\/\/teiaeducation.ch\/de\/produkt-kategorie\/unsere-marken\/"},{"@type":"ListItem","position":4,"name":"Erzi","item":"https:\/\/teiaeducation.ch\/de\/produkt-kategorie\/unsere-marken\/erzi-klassisches-holzspielzeug-de\/"},{"@type":"ListItem","position":5,"name":"Lernmaterialien","item":"https:\/\/teiaeducation.ch\/de\/produkt-kategorie\/unsere-marken\/erzi-klassisches-holzspielzeug-de\/lernmaterialien\/"},{"@type":"ListItem","position":6,"name":"MandaLay Meer &#8211; Erzi"}]},{"@type":"WebSite","@id":"https:\/\/teiaeducation.ch\/de\/#website","url":"https:\/\/teiaeducation.ch\/de\/","name":"Sustainable Educational Products &amp; Ecological Toys\u00a0","description":"Specialised Swiss shop selling sustainable educational toys and games, AMI certified Montessori materials, handmade ecological wooden Waldorf toys and arts &amp; crafts supplies, school supplies, children&#039;s furniture and Montessori reference and parenting books.","publisher":{"@id":"https:\/\/teiaeducation.ch\/de\/#organization"},"alternateName":"Teia Education & Play","potentialAction":[{"@type":"SearchAction","target":{"@type":"EntryPoint","urlTemplate":"https:\/\/teiaeducation.ch\/de\/?s={search_term_string}"},"query-input":{"@type":"PropertyValueSpecification","valueRequired":true,"valueName":"search_term_string"}}],"inLanguage":"de-CH"},{"@type":"Organization","@id":"https:\/\/teiaeducation.ch\/de\/#organization","name":"Teia Education & Play","url":"https:\/\/teiaeducation.ch\/de\/","logo":{"@type":"ImageObject","inLanguage":"de-CH","@id":"https:\/\/teiaeducation.ch\/de\/#\/schema\/logo\/image\/","url":"https:\/\/teiaeducation.ch\/wp-content\/uploads\/2020\/11\/Teia-Education-Switzerland-e1620156442216.jpg","contentUrl":"https:\/\/teiaeducation.ch\/wp-content\/uploads\/2020\/11\/Teia-Education-Switzerland-e1620156442216.jpg","width":166,"height":145,"caption":"Teia Education & Play"},"image":{"@id":"https:\/\/teiaeducation.ch\/de\/#\/schema\/logo\/image\/"},"sameAs":["https:\/\/www.facebook.com\/teiaeducation\/","https:\/\/x.com\/EducationTeia","https:\/\/www.instagram.com\/teia.education\/","https:\/\/www.linkedin.com\/company\/35501660","https:\/\/www.pinterest.ch\/TeiaEducation\/"]}]},"product_price_amount":"48.50","product_price_currency":"CHF","og_availability":"instock","product_availability":"instock","product_retailer_item_id":"00000000000000000000000000000000000000000000037745","product_condition":"new"},"_links":{"self":[{"href":"https:\/\/teiaeducation.ch\/de\/wp-json\/wp\/v2\/product\/40367","targetHints":{"allow":["GET"]}}],"collection":[{"href":"https:\/\/teiaeducation.ch\/de\/wp-json\/wp\/v2\/product"}],"about":[{"href":"https:\/\/teiaeducation.ch\/de\/wp-json\/wp\/v2\/types\/product"}],"replies":[{"embeddable":true,"href":"https:\/\/teiaeducation.ch\/de\/wp-json\/wp\/v2\/comments?post=40367"}],"wp:featuredmedia":[{"embeddable":true,"href":"https:\/\/teiaeducation.ch\/de\/wp-json\/wp\/v2\/media\/40368"}],"wp:attachment":[{"href":"https:\/\/teiaeducation.ch\/de\/wp-json\/wp\/v2\/media?parent=40367"}],"wp:term":[{"taxonomy":"product_brand","embeddable":true,"href":"https:\/\/teiaeducation.ch\/de\/wp-json\/wp\/v2\/product_brand?post=40367"},{"taxonomy":"product_cat","embeddable":true,"href":"https:\/\/teiaeducation.ch\/de\/wp-json\/wp\/v2\/product_cat?post=40367"},{"taxonomy":"product_tag","embeddable":true,"href":"https:\/\/teiaeducation.ch\/de\/wp-json\/wp\/v2\/product_tag?post=40367"}],"curies":[{"name":"wp","href":"https:\/\/api.w.org\/{rel}","templated":true}]}}