{"id":40389,"date":"2021-03-18T11:27:11","date_gmt":"2021-03-18T10:27:11","guid":{"rendered":"https:\/\/teiaeducation.ch\/product\/holzfiguren-baby-sticks-grapat\/"},"modified":"2025-12-10T09:28:22","modified_gmt":"2025-12-10T08:28:22","slug":"baby-sticks-holzfiguren-grapat","status":"publish","type":"product","link":"https:\/\/teiaeducation.ch\/de\/produkt\/baby-sticks-holzfiguren-grapat\/","title":{"rendered":"Holzfiguren Baby Sticks &#8211; Grapat"},"content":{"rendered":"<p>Dieses bezaubernde <a href=\"https:\/\/teiaeducation.ch\/de\/produkt-kategorie\/kinder-spielzeug\/holzfiguren\/\">Holzspielzeugfiguren<\/a>\u00a0Baby Sticks Set aus der Grapat 2021-Kollektion enth\u00e4lt 6 Babygr\u00f6\u00dfen des Original-<a href=\"https:\/\/teiaeducation.ch\/de\/produkt\/holzfiguren-nins-sticks-grapat\/\">Sticks<\/a>-Sets. In ihrer eigenen Pappr\u00f6hre bilden die Baby Sticks eine sch\u00f6ne kleine Sammlung von handgefertigten, nachhaltigen Holzfiguren in sch\u00f6nen, leuchtenden Regenbogenfarben.<\/p>\n<p>Die Baby Sticks Holzfiguren sind Teil der Grapat Kollektion &#8220;simple little things&#8221;, &#8220;Spielzeug, das nach den Vorstellungen des Kindes gestaltet werden kann, und einfache kleine Dinge, die uns Freude, Sch\u00f6nheit und Spiel bringen&#8221;.<\/p>\n<p>Die M\u00f6glichkeiten sind endlos! Dieses entz\u00fcckende Set bietet kreative Inspiration f\u00fcr <a href=\"https:\/\/teiaeducation.ch\/de\/produkt-kategorie\/lernthemen\/alphabetisierung-sprache\/geschichtenerzaehlen\/\">Geschichten<\/a> und Abenteuer und bildet zusammen mit dem gro\u00dfen Sticks-Set eine komplette Familie!<\/p>\n<p>Die taktilen und farbenfrohen Baby Sticks Holzfiguren sind jeweils etwa 4,2 cm hoch. Sie sind vollst\u00e4ndig aus Holz gefertigt und von Hand in 6 verschiedenen sch\u00f6nen Regenbogenfarben bemalt. Jede Holzfigur ist glatt und angenehm anzufassen und mit nat\u00fcrlichem Bienenwachs veredelt.<\/p>\n<p>Das Grapat Baby Sticks Holzfiguren Set ist f\u00fcr Kinder ab 36 Monaten geeignet.<\/p>\n<p>Inhalt:<\/p>\n<p>6 Holzelemente<br \/>\n6 Pappr\u00f6hren<\/p>\n<h2>\u00dcber Grapat<\/h2>\n<p>Die spanische Marke <a href=\"https:\/\/teiaeducation.ch\/de\/produkt-kategorie\/unsere-marken\/grapat-de\/\">Grapat<\/a>, inspiriert von der <a href=\"https:\/\/teiaeducation.ch\/de\/produkt-kategorie\/bildungsmethode\/waldorf-steiner-paedagogik\/\">Waldorfp\u00e4dagogik<\/a>, ist bekannt f\u00fcr ihr wundersch\u00f6nes Holzspielzeug mit offenem Ende, das freies und selbst\u00e4ndiges Spielen f\u00f6rdert. Die Grapat Philosophie basiert auf der Bereitstellung von Spielzeugen, die die Kinder ermutigen zur <a href=\"https:\/\/teiaeducation.ch\/de\/produkt-kategorie\/malen-basteln\/\">Kreativit\u00e4t<\/a> anregen, damit sie ihre eigenen <a href=\"https:\/\/teiaeducation.ch\/de\/produkt-kategorie\/kinder-spielzeug\/spiele-mit-offenem-ende\/\">Freie Spiele<\/a> und <a href=\"https:\/\/teiaeducation.ch\/de\/produkt-kategorie\/kinder-spielzeug\/phantasievoll-rollenspiel\/\">Fantasiewelten<\/a> erfinden k\u00f6nnen.<\/p>\n<p>Alle <a href=\"https:\/\/teiaeducation.ch\/de\/produkt-kategorie\/kinder-spielzeug\/handgefertigtes-holzspielzeug\/\">Holzspielzeuge<\/a> von Grapat werden in verschiedenen Werkst\u00e4tten in Katalonien, Spanien, nach traditionellen Verfahren aus Holz aus nachhaltiger Forstwirtschaft handgefertigt und von Hand mit Farben auf Wasserbasis bemalt. Die Grapat-Spielzeuge sind f\u00fcr Kleinkinder sicher, da sie ungiftig sind und den europ\u00e4ischen Sicherheitsvorschriften der Richtlinie EN \/ 71-3: 2014 + A1: 2014 \/ 2013 zur Sicherheit von Spielzeug entsprechen. Ein gro\u00dfer Teil der Grapat-Spielzeugkollektion tr\u00e4gt das renommierte <a href=\"https:\/\/www.spielgut.de\">Spielgut<\/a>\u00ae-Siegel.<\/p>\n","protected":false},"excerpt":{"rendered":"<p>Artikelnummer: 21-231<\/p>\n<p>Handgefertigten, nachhaltigen Holzspielzeugfiguren Set Baby Sticks in Regenbogenfarben, eingebettet in Pappr\u00f6hren &#8211; Grapat 2021-Kollektion.<\/p>\n","protected":false},"featured_media":40390,"comment_status":"closed","ping_status":"closed","template":"","meta":[],"product_brand":[],"product_cat":[21445,21446,21479,21558,21465,21690,21670,21487,21636,21637,23075,21705,21517,21510,21509,21443,21563,21687,21557,21697,21678,21564,21483,22919],"product_tag":[21908,21912,21913,21914,21911,21909,21910,21741],"class_list":{"0":"post-40389","1":"product","2":"type-product","3":"status-publish","4":"has-post-thumbnail","6":"product_cat-3-6-jahre-vorschule","7":"product_cat-6-12-jahre-grundschule","8":"product_cat-lernmaterialien-spielzeug-montessori-waldorf-steiner-froebel","9":"product_cat-farbe-lernen","10":"product_cat-feier-festlichkeiten","11":"product_cat-spiele-mit-offenem-ende","12":"product_cat-fruehjahrskollektion","13":"product_cat-geschenk-guide-3-6-jahre-vorschule","14":"product_cat-grapat-de","15":"product_cat-grapat-komplett-sets","16":"product_cat-handgefertigtes-holzspielzeug","17":"product_cat-holzfiguren","18":"product_cat-humangeographie-kultur","19":"product_cat-kultur-wissenschaft","20":"product_cat-lernthemen","21":"product_cat-nach-alter","22":"product_cat-neuheiten","23":"product_cat-phantasievoll-rollenspiel","24":"product_cat-sensorische-motorische-fertigkeiten","25":"product_cat-sortieren","26":"product_cat-kinder-spielzeug","27":"product_cat-unsere-marken","28":"product_cat-waldorf-steiner-paedagogik","29":"product_cat-waldorfspielzeug","30":"product_tag-grapat-de","31":"product_tag-grapat-kollektion-2021","32":"product_tag-grapat-simple-little-things-kollektion","33":"product_tag-grapat-together-de","34":"product_tag-handgefertigtes-holzspielzeug","35":"product_tag-spiel-mit-offenem-ende","36":"product_tag-spielzeug-mit-offenem-ende","37":"product_tag-waldorfspielzeug","39":"first","40":"instock","41":"taxable","42":"shipping-taxable","43":"purchasable","44":"product-type-simple"},"yoast_head":"<!-- This site is optimized with the Yoast SEO Premium plugin v25.8 (Yoast SEO v27.4) - https:\/\/yoast.com\/product\/yoast-seo-premium-wordpress\/ -->\n<title>Holzfiguren Baby Sticks - Grapat - Teia Education &amp; Play<\/title>\n<meta name=\"description\" content=\"Handgefertigten, nachhaltigen Holzspielzeugfiguren Set Baby Sticks in Regenbogenfarben, eingebettet in Pappr\u00f6hren - Grapat 2021-Kollektion.\" \/>\n<meta name=\"robots\" content=\"index, follow, max-snippet:-1, max-image-preview:large, max-video-preview:-1\" \/>\n<link rel=\"canonical\" href=\"https:\/\/teiaeducation.ch\/de\/produkt\/baby-sticks-holzfiguren-grapat\/\" \/>\n<meta property=\"og:locale\" content=\"de_DE\" \/>\n<meta property=\"og:type\" content=\"article\" \/>\n<meta property=\"og:title\" content=\"Holzfiguren Baby Sticks - Grapat\" \/>\n<meta property=\"og:description\" content=\"Handgefertigten, nachhaltigen Holzspielzeugfiguren Set Baby Sticks in Regenbogenfarben, eingebettet in Pappr\u00f6hren - Grapat 2021-Kollektion.\" \/>\n<meta property=\"og:url\" content=\"https:\/\/teiaeducation.ch\/de\/produkt\/baby-sticks-holzfiguren-grapat\/\" \/>\n<meta property=\"og:site_name\" content=\"Sustainable Educational Products &amp; Ecological Toys\u00a0\" \/>\n<meta property=\"article:publisher\" content=\"https:\/\/www.facebook.com\/teiaeducation\/\" \/>\n<meta property=\"article:modified_time\" content=\"2025-12-10T08:28:22+00:00\" \/>\n<meta property=\"og:image\" content=\"https:\/\/teiaeducation.ch\/wp-content\/uploads\/2021\/03\/Baby-sticks-Handmade-sustainable-open-ended-wooden-toy-figures-Grapat-simple-little-things.jpg\" \/>\n\t<meta property=\"og:image:width\" content=\"2000\" \/>\n\t<meta property=\"og:image:height\" content=\"1335\" \/>\n\t<meta property=\"og:image:type\" content=\"image\/jpeg\" \/>\n<script type=\"application\/ld+json\" class=\"yoast-schema-graph\">{\"@context\":\"https:\\\/\\\/schema.org\",\"@graph\":[{\"@type\":\"WebPage\",\"@id\":\"https:\\\/\\\/teiaeducation.ch\\\/de\\\/produkt\\\/baby-sticks-holzfiguren-grapat\\\/\",\"url\":\"https:\\\/\\\/teiaeducation.ch\\\/de\\\/produkt\\\/baby-sticks-holzfiguren-grapat\\\/\",\"name\":\"Holzfiguren Baby Sticks - Grapat - Teia Education & Play\",\"isPartOf\":{\"@id\":\"https:\\\/\\\/teiaeducation.ch\\\/de\\\/#website\"},\"primaryImageOfPage\":{\"@id\":\"https:\\\/\\\/teiaeducation.ch\\\/de\\\/produkt\\\/baby-sticks-holzfiguren-grapat\\\/#primaryimage\"},\"image\":{\"@id\":\"https:\\\/\\\/teiaeducation.ch\\\/de\\\/produkt\\\/baby-sticks-holzfiguren-grapat\\\/#primaryimage\"},\"thumbnailUrl\":\"https:\\\/\\\/teiaeducation.ch\\\/wp-content\\\/uploads\\\/2021\\\/03\\\/Baby-sticks-Handmade-sustainable-open-ended-wooden-toy-figures-Grapat-simple-little-things.jpg\",\"datePublished\":\"2021-03-18T10:27:11+00:00\",\"dateModified\":\"2025-12-10T08:28:22+00:00\",\"description\":\"Handgefertigten, nachhaltigen Holzspielzeugfiguren Set Baby Sticks in Regenbogenfarben, eingebettet in Pappr\u00f6hren - Grapat 2021-Kollektion.\",\"breadcrumb\":{\"@id\":\"https:\\\/\\\/teiaeducation.ch\\\/de\\\/produkt\\\/baby-sticks-holzfiguren-grapat\\\/#breadcrumb\"},\"inLanguage\":\"de-CH\",\"potentialAction\":[{\"@type\":\"ReadAction\",\"target\":[\"https:\\\/\\\/teiaeducation.ch\\\/de\\\/produkt\\\/baby-sticks-holzfiguren-grapat\\\/\"]}]},{\"@type\":\"ImageObject\",\"inLanguage\":\"de-CH\",\"@id\":\"https:\\\/\\\/teiaeducation.ch\\\/de\\\/produkt\\\/baby-sticks-holzfiguren-grapat\\\/#primaryimage\",\"url\":\"https:\\\/\\\/teiaeducation.ch\\\/wp-content\\\/uploads\\\/2021\\\/03\\\/Baby-sticks-Handmade-sustainable-open-ended-wooden-toy-figures-Grapat-simple-little-things.jpg\",\"contentUrl\":\"https:\\\/\\\/teiaeducation.ch\\\/wp-content\\\/uploads\\\/2021\\\/03\\\/Baby-sticks-Handmade-sustainable-open-ended-wooden-toy-figures-Grapat-simple-little-things.jpg\",\"width\":2000,\"height\":1335,\"caption\":\"Baby Sticks Handgefertigte nachhaltige Holzspielzeugfiguren Grapat simple little things\"},{\"@type\":\"BreadcrumbList\",\"@id\":\"https:\\\/\\\/teiaeducation.ch\\\/de\\\/produkt\\\/baby-sticks-holzfiguren-grapat\\\/#breadcrumb\",\"itemListElement\":[{\"@type\":\"ListItem\",\"position\":1,\"name\":\"Home\",\"item\":\"https:\\\/\\\/teiaeducation.ch\\\/de\\\/\"},{\"@type\":\"ListItem\",\"position\":2,\"name\":\"Laden\",\"item\":\"https:\\\/\\\/teiaeducation.ch\\\/de\\\/shop\\\/\"},{\"@type\":\"ListItem\",\"position\":3,\"name\":\"Unsere Marken\",\"item\":\"https:\\\/\\\/teiaeducation.ch\\\/de\\\/produkt-kategorie\\\/unsere-marken\\\/\"},{\"@type\":\"ListItem\",\"position\":4,\"name\":\"Grapat\",\"item\":\"https:\\\/\\\/teiaeducation.ch\\\/de\\\/produkt-kategorie\\\/unsere-marken\\\/grapat-de\\\/\"},{\"@type\":\"ListItem\",\"position\":5,\"name\":\"Grapat Komplett-Sets\",\"item\":\"https:\\\/\\\/teiaeducation.ch\\\/de\\\/produkt-kategorie\\\/unsere-marken\\\/grapat-de\\\/grapat-komplett-sets\\\/\"},{\"@type\":\"ListItem\",\"position\":6,\"name\":\"Holzfiguren Baby Sticks &#8211; Grapat\"}]},{\"@type\":\"WebSite\",\"@id\":\"https:\\\/\\\/teiaeducation.ch\\\/de\\\/#website\",\"url\":\"https:\\\/\\\/teiaeducation.ch\\\/de\\\/\",\"name\":\"Sustainable Educational Products &amp; Ecological Toys\u00a0\",\"description\":\"Specialised Swiss shop selling sustainable educational toys and games, AMI certified Montessori materials, handmade ecological wooden Waldorf toys and arts &amp; crafts supplies, school supplies, children&#039;s furniture and Montessori reference and parenting books.\",\"publisher\":{\"@id\":\"https:\\\/\\\/teiaeducation.ch\\\/de\\\/#organization\"},\"alternateName\":\"Teia Education & Play\",\"potentialAction\":[{\"@type\":\"SearchAction\",\"target\":{\"@type\":\"EntryPoint\",\"urlTemplate\":\"https:\\\/\\\/teiaeducation.ch\\\/de\\\/?s={search_term_string}\"},\"query-input\":{\"@type\":\"PropertyValueSpecification\",\"valueRequired\":true,\"valueName\":\"search_term_string\"}}],\"inLanguage\":\"de-CH\"},{\"@type\":\"Organization\",\"@id\":\"https:\\\/\\\/teiaeducation.ch\\\/de\\\/#organization\",\"name\":\"Teia Education & Play\",\"url\":\"https:\\\/\\\/teiaeducation.ch\\\/de\\\/\",\"logo\":{\"@type\":\"ImageObject\",\"inLanguage\":\"de-CH\",\"@id\":\"https:\\\/\\\/teiaeducation.ch\\\/de\\\/#\\\/schema\\\/logo\\\/image\\\/\",\"url\":\"https:\\\/\\\/teiaeducation.ch\\\/wp-content\\\/uploads\\\/2020\\\/11\\\/Teia-Education-Switzerland-e1620156442216.jpg\",\"contentUrl\":\"https:\\\/\\\/teiaeducation.ch\\\/wp-content\\\/uploads\\\/2020\\\/11\\\/Teia-Education-Switzerland-e1620156442216.jpg\",\"width\":166,\"height\":145,\"caption\":\"Teia Education & Play\"},\"image\":{\"@id\":\"https:\\\/\\\/teiaeducation.ch\\\/de\\\/#\\\/schema\\\/logo\\\/image\\\/\"},\"sameAs\":[\"https:\\\/\\\/www.facebook.com\\\/teiaeducation\\\/\",\"https:\\\/\\\/x.com\\\/EducationTeia\",\"https:\\\/\\\/www.instagram.com\\\/teia.education\\\/\",\"https:\\\/\\\/www.linkedin.com\\\/company\\\/35501660\",\"https:\\\/\\\/www.pinterest.ch\\\/TeiaEducation\\\/\"]}]}<\/script>\n<meta property=\"product:price:amount\" content=\"23.00\" \/>\n<meta property=\"product:price:currency\" content=\"CHF\" \/>\n<meta property=\"og:availability\" content=\"instock\" \/>\n<meta property=\"product:availability\" content=\"instock\" \/>\n<meta property=\"product:retailer_item_id\" content=\"0000000000000000000000000000000000000000000002329302\" \/>\n<meta property=\"product:condition\" content=\"new\" \/>\n<!-- \/ Yoast SEO Premium plugin. -->","yoast_head_json":{"title":"Holzfiguren Baby Sticks - Grapat - Teia Education & Play","description":"Handgefertigten, nachhaltigen Holzspielzeugfiguren Set Baby Sticks in Regenbogenfarben, eingebettet in Pappr\u00f6hren - Grapat 2021-Kollektion.","robots":{"index":"index","follow":"follow","max-snippet":"max-snippet:-1","max-image-preview":"max-image-preview:large","max-video-preview":"max-video-preview:-1"},"canonical":"https:\/\/teiaeducation.ch\/de\/produkt\/baby-sticks-holzfiguren-grapat\/","og_locale":"de_DE","og_type":"article","og_title":"Holzfiguren Baby Sticks - Grapat","og_description":"Handgefertigten, nachhaltigen Holzspielzeugfiguren Set Baby Sticks in Regenbogenfarben, eingebettet in Pappr\u00f6hren - Grapat 2021-Kollektion.","og_url":"https:\/\/teiaeducation.ch\/de\/produkt\/baby-sticks-holzfiguren-grapat\/","og_site_name":"Sustainable Educational Products &amp; Ecological Toys\u00a0","article_publisher":"https:\/\/www.facebook.com\/teiaeducation\/","article_modified_time":"2025-12-10T08:28:22+00:00","og_image":[{"width":2000,"height":1335,"url":"https:\/\/teiaeducation.ch\/wp-content\/uploads\/2021\/03\/Baby-sticks-Handmade-sustainable-open-ended-wooden-toy-figures-Grapat-simple-little-things.jpg","type":"image\/jpeg"}],"schema":{"@context":"https:\/\/schema.org","@graph":[{"@type":"WebPage","@id":"https:\/\/teiaeducation.ch\/de\/produkt\/baby-sticks-holzfiguren-grapat\/","url":"https:\/\/teiaeducation.ch\/de\/produkt\/baby-sticks-holzfiguren-grapat\/","name":"Holzfiguren Baby Sticks - Grapat - Teia Education & Play","isPartOf":{"@id":"https:\/\/teiaeducation.ch\/de\/#website"},"primaryImageOfPage":{"@id":"https:\/\/teiaeducation.ch\/de\/produkt\/baby-sticks-holzfiguren-grapat\/#primaryimage"},"image":{"@id":"https:\/\/teiaeducation.ch\/de\/produkt\/baby-sticks-holzfiguren-grapat\/#primaryimage"},"thumbnailUrl":"https:\/\/teiaeducation.ch\/wp-content\/uploads\/2021\/03\/Baby-sticks-Handmade-sustainable-open-ended-wooden-toy-figures-Grapat-simple-little-things.jpg","datePublished":"2021-03-18T10:27:11+00:00","dateModified":"2025-12-10T08:28:22+00:00","description":"Handgefertigten, nachhaltigen Holzspielzeugfiguren Set Baby Sticks in Regenbogenfarben, eingebettet in Pappr\u00f6hren - Grapat 2021-Kollektion.","breadcrumb":{"@id":"https:\/\/teiaeducation.ch\/de\/produkt\/baby-sticks-holzfiguren-grapat\/#breadcrumb"},"inLanguage":"de-CH","potentialAction":[{"@type":"ReadAction","target":["https:\/\/teiaeducation.ch\/de\/produkt\/baby-sticks-holzfiguren-grapat\/"]}]},{"@type":"ImageObject","inLanguage":"de-CH","@id":"https:\/\/teiaeducation.ch\/de\/produkt\/baby-sticks-holzfiguren-grapat\/#primaryimage","url":"https:\/\/teiaeducation.ch\/wp-content\/uploads\/2021\/03\/Baby-sticks-Handmade-sustainable-open-ended-wooden-toy-figures-Grapat-simple-little-things.jpg","contentUrl":"https:\/\/teiaeducation.ch\/wp-content\/uploads\/2021\/03\/Baby-sticks-Handmade-sustainable-open-ended-wooden-toy-figures-Grapat-simple-little-things.jpg","width":2000,"height":1335,"caption":"Baby Sticks Handgefertigte nachhaltige Holzspielzeugfiguren Grapat simple little things"},{"@type":"BreadcrumbList","@id":"https:\/\/teiaeducation.ch\/de\/produkt\/baby-sticks-holzfiguren-grapat\/#breadcrumb","itemListElement":[{"@type":"ListItem","position":1,"name":"Home","item":"https:\/\/teiaeducation.ch\/de\/"},{"@type":"ListItem","position":2,"name":"Laden","item":"https:\/\/teiaeducation.ch\/de\/shop\/"},{"@type":"ListItem","position":3,"name":"Unsere Marken","item":"https:\/\/teiaeducation.ch\/de\/produkt-kategorie\/unsere-marken\/"},{"@type":"ListItem","position":4,"name":"Grapat","item":"https:\/\/teiaeducation.ch\/de\/produkt-kategorie\/unsere-marken\/grapat-de\/"},{"@type":"ListItem","position":5,"name":"Grapat Komplett-Sets","item":"https:\/\/teiaeducation.ch\/de\/produkt-kategorie\/unsere-marken\/grapat-de\/grapat-komplett-sets\/"},{"@type":"ListItem","position":6,"name":"Holzfiguren Baby Sticks &#8211; Grapat"}]},{"@type":"WebSite","@id":"https:\/\/teiaeducation.ch\/de\/#website","url":"https:\/\/teiaeducation.ch\/de\/","name":"Sustainable Educational Products &amp; Ecological Toys\u00a0","description":"Specialised Swiss shop selling sustainable educational toys and games, AMI certified Montessori materials, handmade ecological wooden Waldorf toys and arts &amp; crafts supplies, school supplies, children&#039;s furniture and Montessori reference and parenting books.","publisher":{"@id":"https:\/\/teiaeducation.ch\/de\/#organization"},"alternateName":"Teia Education & Play","potentialAction":[{"@type":"SearchAction","target":{"@type":"EntryPoint","urlTemplate":"https:\/\/teiaeducation.ch\/de\/?s={search_term_string}"},"query-input":{"@type":"PropertyValueSpecification","valueRequired":true,"valueName":"search_term_string"}}],"inLanguage":"de-CH"},{"@type":"Organization","@id":"https:\/\/teiaeducation.ch\/de\/#organization","name":"Teia Education & Play","url":"https:\/\/teiaeducation.ch\/de\/","logo":{"@type":"ImageObject","inLanguage":"de-CH","@id":"https:\/\/teiaeducation.ch\/de\/#\/schema\/logo\/image\/","url":"https:\/\/teiaeducation.ch\/wp-content\/uploads\/2020\/11\/Teia-Education-Switzerland-e1620156442216.jpg","contentUrl":"https:\/\/teiaeducation.ch\/wp-content\/uploads\/2020\/11\/Teia-Education-Switzerland-e1620156442216.jpg","width":166,"height":145,"caption":"Teia Education & Play"},"image":{"@id":"https:\/\/teiaeducation.ch\/de\/#\/schema\/logo\/image\/"},"sameAs":["https:\/\/www.facebook.com\/teiaeducation\/","https:\/\/x.com\/EducationTeia","https:\/\/www.instagram.com\/teia.education\/","https:\/\/www.linkedin.com\/company\/35501660","https:\/\/www.pinterest.ch\/TeiaEducation\/"]}]},"product_price_amount":"23.00","product_price_currency":"CHF","og_availability":"instock","product_availability":"instock","product_retailer_item_id":"0000000000000000000000000000000000000000000002329302","product_condition":"new"},"_links":{"self":[{"href":"https:\/\/teiaeducation.ch\/de\/wp-json\/wp\/v2\/product\/40389","targetHints":{"allow":["GET"]}}],"collection":[{"href":"https:\/\/teiaeducation.ch\/de\/wp-json\/wp\/v2\/product"}],"about":[{"href":"https:\/\/teiaeducation.ch\/de\/wp-json\/wp\/v2\/types\/product"}],"replies":[{"embeddable":true,"href":"https:\/\/teiaeducation.ch\/de\/wp-json\/wp\/v2\/comments?post=40389"}],"wp:featuredmedia":[{"embeddable":true,"href":"https:\/\/teiaeducation.ch\/de\/wp-json\/wp\/v2\/media\/40390"}],"wp:attachment":[{"href":"https:\/\/teiaeducation.ch\/de\/wp-json\/wp\/v2\/media?parent=40389"}],"wp:term":[{"taxonomy":"product_brand","embeddable":true,"href":"https:\/\/teiaeducation.ch\/de\/wp-json\/wp\/v2\/product_brand?post=40389"},{"taxonomy":"product_cat","embeddable":true,"href":"https:\/\/teiaeducation.ch\/de\/wp-json\/wp\/v2\/product_cat?post=40389"},{"taxonomy":"product_tag","embeddable":true,"href":"https:\/\/teiaeducation.ch\/de\/wp-json\/wp\/v2\/product_tag?post=40389"}],"curies":[{"name":"wp","href":"https:\/\/api.w.org\/{rel}","templated":true}]}}