{"id":40395,"date":"2021-03-18T10:03:16","date_gmt":"2021-03-18T09:03:16","guid":{"rendered":"https:\/\/teiaeducation.ch\/product\/holzfiguren-together-grapat\/"},"modified":"2025-12-10T09:31:50","modified_gmt":"2025-12-10T08:31:50","slug":"together-holzfiguren-grapat","status":"publish","type":"product","link":"https:\/\/teiaeducation.ch\/de\/produkt\/together-holzfiguren-grapat\/","title":{"rendered":"Holzfiguren Together &#8211; Grapat"},"content":{"rendered":"<p>Das Together Set aus der Grapat 2021 Kollektion besteht aus einer sch\u00f6nen Kollektion von handgefertigten, nachhaltigen <a href=\"https:\/\/teiaeducation.ch\/de\/produkt-kategorie\/kinder-spielzeug\/holzfiguren\/\">Holzfiguren<\/a> perfekt f\u00fcr das freie Spiel in sch\u00f6nen hellen und pastellfarbenen Regenbogenfarben. Gemeinsam ist besser!<\/p>\n<p>Dieses entz\u00fcckende und integrative Set stellt die Vielfalt unserer Welt dar und zeigt die Unterschiede zwischen den Menschen in Form, Hautfarbe und Farbe, die den Reichtum der Welt an Sch\u00f6nheit und <a href=\"https:\/\/teiaeducation.ch\/de\/produkt-kategorie\/lernthemen\/kultur-wissenschaft\/\">Kulturen<\/a> repr\u00e4sentieren. Die Together Holzfiguren sind Teil der Grapat Kollektion \u201csimple little things\u201d, \u201cSpielzeug, das nach den Vorstellungen des Kindes gestaltet werden kann, und einfache kleine Dinge, die uns Freude, Sch\u00f6nheit und Spiel bringen\u201d.<\/p>\n<p>Grapat Together besteht aus 12 Nins in 3 verschiedenen Hautt\u00f6nen. Das Set enth\u00e4lt 3 gestreifte Nins, 3 breite Nins, 3 schmale Nins und 3 Baby Nins. Im Lieferumfang ist eine Tasche aus nachhaltiger Baumwolle enthalten, in der das Set aufbewahrt werden kann und in der die Nins bei Abenteuern und der Nahrungssuche in der <a href=\"https:\/\/teiaeducation.ch\/de\/produkt-kategorie\/kinder-spielzeug\/naturspiel\/\">Natur<\/a> mitgenommen werden k\u00f6nnen.<\/p>\n<p>Die greifbaren und farbenfrohen Together Holzfiguren sind vollst\u00e4ndig aus Holz gefertigt und von Hand in 12 verschiedenen Regenbogenfarben bemalt. Jede Holzfigur ist glatt und angenehm anzufassen und mit nat\u00fcrlichem Bienenwachs veredelt. Die Nins messen etwa jede in der H\u00f6he:<\/p>\n<p>3 schmale Nins (6,5 cm)<br \/>\n3 breite Nins (6.5cm)<br \/>\n3 gestreifte Nins (6.5cm)<br \/>\n3 baby Nins (3.8cm)<\/p>\n<p>Das Grapat Together Holzfiguren Set ist f\u00fcr Kinder ab 36 Monaten geeignet.<\/p>\n<p>Inhalt:<\/p>\n<p>12 Holzfiguren<br \/>\n1 Baumwolltasche<\/p>\n<h2>\u00dcber Grapat<\/h2>\n<p>Die spanische Marke <a href=\"https:\/\/teiaeducation.ch\/de\/produkt-kategorie\/unsere-marken\/grapat-de\/\">Grapat<\/a>, inspiriert von der <a href=\"https:\/\/teiaeducation.ch\/de\/produkt-kategorie\/bildungsmethode\/waldorf-steiner-paedagogik\/\">Waldorfp\u00e4dagogik<\/a>, ist bekannt f\u00fcr ihr wundersch\u00f6nes Holzspielzeug mit offenem Ende, das freies und selbst\u00e4ndiges Spielen f\u00f6rdert. Die Grapat Philosophie basiert auf der Bereitstellung von Spielzeugen, die die Kinder ermutigen zur <a href=\"https:\/\/teiaeducation.ch\/de\/produkt-kategorie\/malen-basteln\/\">Kreativit\u00e4t<\/a> anregen, damit sie ihre eigenen <a href=\"https:\/\/teiaeducation.ch\/de\/produkt-kategorie\/kinder-spielzeug\/spiele-mit-offenem-ende\/\">Freie Spiele<\/a> und <a href=\"https:\/\/teiaeducation.ch\/de\/produkt-kategorie\/kinder-spielzeug\/phantasievoll-rollenspiel\/\">Fantasiewelten<\/a> erfinden k\u00f6nnen.<\/p>\n<p>Alle <a href=\"https:\/\/teiaeducation.ch\/de\/produkt-kategorie\/kinder-spielzeug\/handgefertigtes-holzspielzeug\/\">Holzspielzeuge<\/a> von Grapat werden in verschiedenen Werkst\u00e4tten in Katalonien, Spanien, nach traditionellen Verfahren aus Holz aus nachhaltiger Forstwirtschaft handgefertigt und von Hand mit Farben auf Wasserbasis bemalt. Die Grapat-Spielzeuge sind f\u00fcr Kleinkinder sicher, da sie ungiftig sind und den europ\u00e4ischen Sicherheitsvorschriften der Richtlinie EN \/ 71-3: 2014 + A1: 2014 \/ 2013 zur Sicherheit von Spielzeug entsprechen. Ein gro\u00dfer Teil der Grapat-Spielzeugkollektion tr\u00e4gt das renommierte <a href=\"https:\/\/www.spielgut.de\">Spielgut<\/a>\u00ae-Siegel.<\/p>\n","protected":false},"excerpt":{"rendered":"<p>Artikelnummer: 21-230<\/p>\n<p>Das Together Set aus der Grapat 2021-Kollektion besteht aus einer sch\u00f6nen Sammlung von handgefertigten, nachhaltigen Holzspielzeugfiguren mit offenen Enden.<\/p>\n","protected":false},"featured_media":40396,"comment_status":"closed","ping_status":"closed","template":"","meta":[],"product_brand":[],"product_cat":[21445,21446,21479,21558,21465,21690,21670,21487,21484,21636,21637,23075,21705,21517,21510,21509,21443,21563,21687,22362,21557,21697,21678,21564,24314,21483,22919],"product_tag":[21908,21912,21913,21914,21911,21909,21910,21741],"class_list":{"0":"post-40395","1":"product","2":"type-product","3":"status-publish","4":"has-post-thumbnail","6":"product_cat-3-6-jahre-vorschule","7":"product_cat-6-12-jahre-grundschule","8":"product_cat-lernmaterialien-spielzeug-montessori-waldorf-steiner-froebel","9":"product_cat-farbe-lernen","10":"product_cat-feier-festlichkeiten","11":"product_cat-spiele-mit-offenem-ende","12":"product_cat-fruehjahrskollektion","13":"product_cat-geschenk-guide-3-6-jahre-vorschule","14":"product_cat-geschenk-guides","15":"product_cat-grapat-de","16":"product_cat-grapat-komplett-sets","17":"product_cat-handgefertigtes-holzspielzeug","18":"product_cat-holzfiguren","19":"product_cat-humangeographie-kultur","20":"product_cat-kultur-wissenschaft","21":"product_cat-lernthemen","22":"product_cat-nach-alter","23":"product_cat-neuheiten","24":"product_cat-phantasievoll-rollenspiel","25":"product_cat-saisonale-kollektionen","26":"product_cat-sensorische-motorische-fertigkeiten","27":"product_cat-sortieren","28":"product_cat-kinder-spielzeug","29":"product_cat-unsere-marken","30":"product_cat-valentinstag","31":"product_cat-waldorf-steiner-paedagogik","32":"product_cat-waldorfspielzeug","33":"product_tag-grapat-de","34":"product_tag-grapat-kollektion-2021","35":"product_tag-grapat-simple-little-things-kollektion","36":"product_tag-grapat-together-de","37":"product_tag-handgefertigtes-holzspielzeug","38":"product_tag-spiel-mit-offenem-ende","39":"product_tag-spielzeug-mit-offenem-ende","40":"product_tag-waldorfspielzeug","42":"first","43":"outofstock","44":"taxable","45":"shipping-taxable","46":"purchasable","47":"product-type-simple"},"yoast_head":"<!-- This site is optimized with the Yoast SEO plugin v27.1.1 - https:\/\/yoast.com\/product\/yoast-seo-wordpress\/ -->\n<title>Holzfiguren Together - Grapat - Teia Education &amp; Play<\/title>\n<meta name=\"description\" content=\"Das Together Set aus der Grapat 2021 Kollektion besteht aus einer sch\u00f6nen Sammlung von handgefertigten, nachhaltigen Holzfiguren.\" \/>\n<meta name=\"robots\" content=\"index, follow, max-snippet:-1, max-image-preview:large, max-video-preview:-1\" \/>\n<link rel=\"canonical\" href=\"https:\/\/teiaeducation.ch\/de\/produkt\/together-holzfiguren-grapat\/\" \/>\n<meta property=\"og:locale\" content=\"de_DE\" \/>\n<meta property=\"og:type\" content=\"article\" \/>\n<meta property=\"og:title\" content=\"Holzfiguren Together - Grapat - Teia Education &amp; Play\" \/>\n<meta property=\"og:description\" content=\"Das Together Set aus der Grapat 2021 Kollektion besteht aus einer sch\u00f6nen Sammlung von handgefertigten, nachhaltigen Holzfiguren.\" \/>\n<meta property=\"og:url\" content=\"https:\/\/teiaeducation.ch\/de\/produkt\/together-holzfiguren-grapat\/\" \/>\n<meta property=\"og:site_name\" content=\"Sustainable Educational Products &amp; Ecological Toys\u00a0\" \/>\n<meta property=\"article:publisher\" content=\"https:\/\/www.facebook.com\/teiaeducation\/\" \/>\n<meta property=\"article:modified_time\" content=\"2025-12-10T08:31:50+00:00\" \/>\n<meta property=\"og:image\" content=\"https:\/\/teiaeducation.ch\/wp-content\/uploads\/2021\/03\/Together-Handmade-sustainable-open-ended-wooden-toy-figures-Grapat.jpg\" \/>\n\t<meta property=\"og:image:width\" content=\"2000\" \/>\n\t<meta property=\"og:image:height\" content=\"1335\" \/>\n\t<meta property=\"og:image:type\" content=\"image\/jpeg\" \/>\n<script type=\"application\/ld+json\" class=\"yoast-schema-graph\">{\"@context\":\"https:\/\/schema.org\",\"@graph\":[{\"@type\":\"WebPage\",\"@id\":\"https:\/\/teiaeducation.ch\/de\/produkt\/together-holzfiguren-grapat\/\",\"url\":\"https:\/\/teiaeducation.ch\/de\/produkt\/together-holzfiguren-grapat\/\",\"name\":\"Holzfiguren Together - Grapat - Teia Education & Play\",\"isPartOf\":{\"@id\":\"https:\/\/teiaeducation.ch\/de\/#website\"},\"primaryImageOfPage\":{\"@id\":\"https:\/\/teiaeducation.ch\/de\/produkt\/together-holzfiguren-grapat\/#primaryimage\"},\"image\":{\"@id\":\"https:\/\/teiaeducation.ch\/de\/produkt\/together-holzfiguren-grapat\/#primaryimage\"},\"thumbnailUrl\":\"https:\/\/teiaeducation.ch\/wp-content\/uploads\/2021\/03\/Together-Handmade-sustainable-open-ended-wooden-toy-figures-Grapat.jpg\",\"datePublished\":\"2021-03-18T09:03:16+00:00\",\"dateModified\":\"2025-12-10T08:31:50+00:00\",\"description\":\"Das Together Set aus der Grapat 2021 Kollektion besteht aus einer sch\u00f6nen Sammlung von handgefertigten, nachhaltigen Holzfiguren.\",\"breadcrumb\":{\"@id\":\"https:\/\/teiaeducation.ch\/de\/produkt\/together-holzfiguren-grapat\/#breadcrumb\"},\"inLanguage\":\"de-CH\",\"potentialAction\":[{\"@type\":\"ReadAction\",\"target\":[\"https:\/\/teiaeducation.ch\/de\/produkt\/together-holzfiguren-grapat\/\"]}]},{\"@type\":\"ImageObject\",\"inLanguage\":\"de-CH\",\"@id\":\"https:\/\/teiaeducation.ch\/de\/produkt\/together-holzfiguren-grapat\/#primaryimage\",\"url\":\"https:\/\/teiaeducation.ch\/wp-content\/uploads\/2021\/03\/Together-Handmade-sustainable-open-ended-wooden-toy-figures-Grapat.jpg\",\"contentUrl\":\"https:\/\/teiaeducation.ch\/wp-content\/uploads\/2021\/03\/Together-Handmade-sustainable-open-ended-wooden-toy-figures-Grapat.jpg\",\"width\":2000,\"height\":1335,\"caption\":\"Together Handmade nachhaltige offene Holzspielzeugfiguren Grapat\"},{\"@type\":\"BreadcrumbList\",\"@id\":\"https:\/\/teiaeducation.ch\/de\/produkt\/together-holzfiguren-grapat\/#breadcrumb\",\"itemListElement\":[{\"@type\":\"ListItem\",\"position\":1,\"name\":\"Home\",\"item\":\"https:\/\/teiaeducation.ch\/de\/\"},{\"@type\":\"ListItem\",\"position\":2,\"name\":\"Laden\",\"item\":\"https:\/\/teiaeducation.ch\/de\/shop\/\"},{\"@type\":\"ListItem\",\"position\":3,\"name\":\"Unsere Marken\",\"item\":\"https:\/\/teiaeducation.ch\/de\/produkt-kategorie\/unsere-marken\/\"},{\"@type\":\"ListItem\",\"position\":4,\"name\":\"Grapat\",\"item\":\"https:\/\/teiaeducation.ch\/de\/produkt-kategorie\/unsere-marken\/grapat-de\/\"},{\"@type\":\"ListItem\",\"position\":5,\"name\":\"Grapat Komplett-Sets\",\"item\":\"https:\/\/teiaeducation.ch\/de\/produkt-kategorie\/unsere-marken\/grapat-de\/grapat-komplett-sets\/\"},{\"@type\":\"ListItem\",\"position\":6,\"name\":\"Holzfiguren Together &#8211; Grapat\"}]},{\"@type\":\"WebSite\",\"@id\":\"https:\/\/teiaeducation.ch\/de\/#website\",\"url\":\"https:\/\/teiaeducation.ch\/de\/\",\"name\":\"Sustainable Educational Products &amp; Ecological Toys\u00a0\",\"description\":\"Specialised Swiss shop selling sustainable educational toys and games, AMI certified Montessori materials, handmade ecological wooden Waldorf toys and arts &amp; crafts supplies, school supplies, children&#039;s furniture and Montessori reference and parenting books.\",\"publisher\":{\"@id\":\"https:\/\/teiaeducation.ch\/de\/#organization\"},\"alternateName\":\"Teia Education & Play\",\"potentialAction\":[{\"@type\":\"SearchAction\",\"target\":{\"@type\":\"EntryPoint\",\"urlTemplate\":\"https:\/\/teiaeducation.ch\/de\/?s={search_term_string}\"},\"query-input\":{\"@type\":\"PropertyValueSpecification\",\"valueRequired\":true,\"valueName\":\"search_term_string\"}}],\"inLanguage\":\"de-CH\"},{\"@type\":\"Organization\",\"@id\":\"https:\/\/teiaeducation.ch\/de\/#organization\",\"name\":\"Teia Education & Play\",\"url\":\"https:\/\/teiaeducation.ch\/de\/\",\"logo\":{\"@type\":\"ImageObject\",\"inLanguage\":\"de-CH\",\"@id\":\"https:\/\/teiaeducation.ch\/de\/#\/schema\/logo\/image\/\",\"url\":\"https:\/\/teiaeducation.ch\/wp-content\/uploads\/2020\/11\/Teia-Education-Switzerland-e1620156442216.jpg\",\"contentUrl\":\"https:\/\/teiaeducation.ch\/wp-content\/uploads\/2020\/11\/Teia-Education-Switzerland-e1620156442216.jpg\",\"width\":166,\"height\":145,\"caption\":\"Teia Education & Play\"},\"image\":{\"@id\":\"https:\/\/teiaeducation.ch\/de\/#\/schema\/logo\/image\/\"},\"sameAs\":[\"https:\/\/www.facebook.com\/teiaeducation\/\",\"https:\/\/x.com\/EducationTeia\",\"https:\/\/www.instagram.com\/teia.education\/\",\"https:\/\/www.linkedin.com\/company\/35501660\",\"https:\/\/www.pinterest.ch\/TeiaEducation\/\"]}]}<\/script>\n<!-- \/ Yoast SEO plugin. -->","yoast_head_json":{"title":"Holzfiguren Together - Grapat - Teia Education & Play","description":"Das Together Set aus der Grapat 2021 Kollektion besteht aus einer sch\u00f6nen Sammlung von handgefertigten, nachhaltigen Holzfiguren.","robots":{"index":"index","follow":"follow","max-snippet":"max-snippet:-1","max-image-preview":"max-image-preview:large","max-video-preview":"max-video-preview:-1"},"canonical":"https:\/\/teiaeducation.ch\/de\/produkt\/together-holzfiguren-grapat\/","og_locale":"de_DE","og_type":"article","og_title":"Holzfiguren Together - Grapat - Teia Education & Play","og_description":"Das Together Set aus der Grapat 2021 Kollektion besteht aus einer sch\u00f6nen Sammlung von handgefertigten, nachhaltigen Holzfiguren.","og_url":"https:\/\/teiaeducation.ch\/de\/produkt\/together-holzfiguren-grapat\/","og_site_name":"Sustainable Educational Products &amp; Ecological Toys\u00a0","article_publisher":"https:\/\/www.facebook.com\/teiaeducation\/","article_modified_time":"2025-12-10T08:31:50+00:00","og_image":[{"width":2000,"height":1335,"url":"https:\/\/teiaeducation.ch\/wp-content\/uploads\/2021\/03\/Together-Handmade-sustainable-open-ended-wooden-toy-figures-Grapat.jpg","type":"image\/jpeg"}],"schema":{"@context":"https:\/\/schema.org","@graph":[{"@type":"WebPage","@id":"https:\/\/teiaeducation.ch\/de\/produkt\/together-holzfiguren-grapat\/","url":"https:\/\/teiaeducation.ch\/de\/produkt\/together-holzfiguren-grapat\/","name":"Holzfiguren Together - Grapat - Teia Education & Play","isPartOf":{"@id":"https:\/\/teiaeducation.ch\/de\/#website"},"primaryImageOfPage":{"@id":"https:\/\/teiaeducation.ch\/de\/produkt\/together-holzfiguren-grapat\/#primaryimage"},"image":{"@id":"https:\/\/teiaeducation.ch\/de\/produkt\/together-holzfiguren-grapat\/#primaryimage"},"thumbnailUrl":"https:\/\/teiaeducation.ch\/wp-content\/uploads\/2021\/03\/Together-Handmade-sustainable-open-ended-wooden-toy-figures-Grapat.jpg","datePublished":"2021-03-18T09:03:16+00:00","dateModified":"2025-12-10T08:31:50+00:00","description":"Das Together Set aus der Grapat 2021 Kollektion besteht aus einer sch\u00f6nen Sammlung von handgefertigten, nachhaltigen Holzfiguren.","breadcrumb":{"@id":"https:\/\/teiaeducation.ch\/de\/produkt\/together-holzfiguren-grapat\/#breadcrumb"},"inLanguage":"de-CH","potentialAction":[{"@type":"ReadAction","target":["https:\/\/teiaeducation.ch\/de\/produkt\/together-holzfiguren-grapat\/"]}]},{"@type":"ImageObject","inLanguage":"de-CH","@id":"https:\/\/teiaeducation.ch\/de\/produkt\/together-holzfiguren-grapat\/#primaryimage","url":"https:\/\/teiaeducation.ch\/wp-content\/uploads\/2021\/03\/Together-Handmade-sustainable-open-ended-wooden-toy-figures-Grapat.jpg","contentUrl":"https:\/\/teiaeducation.ch\/wp-content\/uploads\/2021\/03\/Together-Handmade-sustainable-open-ended-wooden-toy-figures-Grapat.jpg","width":2000,"height":1335,"caption":"Together Handmade nachhaltige offene Holzspielzeugfiguren Grapat"},{"@type":"BreadcrumbList","@id":"https:\/\/teiaeducation.ch\/de\/produkt\/together-holzfiguren-grapat\/#breadcrumb","itemListElement":[{"@type":"ListItem","position":1,"name":"Home","item":"https:\/\/teiaeducation.ch\/de\/"},{"@type":"ListItem","position":2,"name":"Laden","item":"https:\/\/teiaeducation.ch\/de\/shop\/"},{"@type":"ListItem","position":3,"name":"Unsere Marken","item":"https:\/\/teiaeducation.ch\/de\/produkt-kategorie\/unsere-marken\/"},{"@type":"ListItem","position":4,"name":"Grapat","item":"https:\/\/teiaeducation.ch\/de\/produkt-kategorie\/unsere-marken\/grapat-de\/"},{"@type":"ListItem","position":5,"name":"Grapat Komplett-Sets","item":"https:\/\/teiaeducation.ch\/de\/produkt-kategorie\/unsere-marken\/grapat-de\/grapat-komplett-sets\/"},{"@type":"ListItem","position":6,"name":"Holzfiguren Together &#8211; Grapat"}]},{"@type":"WebSite","@id":"https:\/\/teiaeducation.ch\/de\/#website","url":"https:\/\/teiaeducation.ch\/de\/","name":"Sustainable Educational Products &amp; Ecological Toys\u00a0","description":"Specialised Swiss shop selling sustainable educational toys and games, AMI certified Montessori materials, handmade ecological wooden Waldorf toys and arts &amp; crafts supplies, school supplies, children&#039;s furniture and Montessori reference and parenting books.","publisher":{"@id":"https:\/\/teiaeducation.ch\/de\/#organization"},"alternateName":"Teia Education & Play","potentialAction":[{"@type":"SearchAction","target":{"@type":"EntryPoint","urlTemplate":"https:\/\/teiaeducation.ch\/de\/?s={search_term_string}"},"query-input":{"@type":"PropertyValueSpecification","valueRequired":true,"valueName":"search_term_string"}}],"inLanguage":"de-CH"},{"@type":"Organization","@id":"https:\/\/teiaeducation.ch\/de\/#organization","name":"Teia Education & Play","url":"https:\/\/teiaeducation.ch\/de\/","logo":{"@type":"ImageObject","inLanguage":"de-CH","@id":"https:\/\/teiaeducation.ch\/de\/#\/schema\/logo\/image\/","url":"https:\/\/teiaeducation.ch\/wp-content\/uploads\/2020\/11\/Teia-Education-Switzerland-e1620156442216.jpg","contentUrl":"https:\/\/teiaeducation.ch\/wp-content\/uploads\/2020\/11\/Teia-Education-Switzerland-e1620156442216.jpg","width":166,"height":145,"caption":"Teia Education & Play"},"image":{"@id":"https:\/\/teiaeducation.ch\/de\/#\/schema\/logo\/image\/"},"sameAs":["https:\/\/www.facebook.com\/teiaeducation\/","https:\/\/x.com\/EducationTeia","https:\/\/www.instagram.com\/teia.education\/","https:\/\/www.linkedin.com\/company\/35501660","https:\/\/www.pinterest.ch\/TeiaEducation\/"]}]}},"_links":{"self":[{"href":"https:\/\/teiaeducation.ch\/de\/wp-json\/wp\/v2\/product\/40395","targetHints":{"allow":["GET"]}}],"collection":[{"href":"https:\/\/teiaeducation.ch\/de\/wp-json\/wp\/v2\/product"}],"about":[{"href":"https:\/\/teiaeducation.ch\/de\/wp-json\/wp\/v2\/types\/product"}],"replies":[{"embeddable":true,"href":"https:\/\/teiaeducation.ch\/de\/wp-json\/wp\/v2\/comments?post=40395"}],"wp:featuredmedia":[{"embeddable":true,"href":"https:\/\/teiaeducation.ch\/de\/wp-json\/wp\/v2\/media\/40396"}],"wp:attachment":[{"href":"https:\/\/teiaeducation.ch\/de\/wp-json\/wp\/v2\/media?parent=40395"}],"wp:term":[{"taxonomy":"product_brand","embeddable":true,"href":"https:\/\/teiaeducation.ch\/de\/wp-json\/wp\/v2\/product_brand?post=40395"},{"taxonomy":"product_cat","embeddable":true,"href":"https:\/\/teiaeducation.ch\/de\/wp-json\/wp\/v2\/product_cat?post=40395"},{"taxonomy":"product_tag","embeddable":true,"href":"https:\/\/teiaeducation.ch\/de\/wp-json\/wp\/v2\/product_tag?post=40395"}],"curies":[{"name":"wp","href":"https:\/\/api.w.org\/{rel}","templated":true}]}}