{"id":41053,"date":"2021-11-12T08:54:35","date_gmt":"2021-11-12T07:54:35","guid":{"rendered":"https:\/\/teiaeducation.ch\/?post_type=product&#038;p=41053"},"modified":"2026-03-13T14:00:11","modified_gmt":"2026-03-13T13:00:11","slug":"wooden-lucet-knitting-fork-gluckskafer","status":"publish","type":"product","link":"https:\/\/teiaeducation.ch\/de\/produkt\/wooden-lucet-knitting-fork-gluckskafer\/","title":{"rendered":"Wooden lucet \/ knitting fork &#8211; Gl\u00fccksk\u00e4fer"},"content":{"rendered":"<p>Gl\u00fccksk\u00e4fer&#8217;s wooden lucet or knitting fork\u00a0is a (Waldorf) handicraft tool used in cord making and braiding. A traditional and very old <a href=\"https:\/\/teiaeducation.ch\/product-category\/creative-art-craft\/crafting-tools-storage\/\">crafting tool<\/a>, the lucet fork has been used for generations dating back to Medieval and Viking periods. The knitting fork is a simple and efficient tool to introduce <a href=\"https:\/\/teiaeducation.ch\/product-category\/creative-art-craft\/knitting\/\">knitting<\/a> crafts to children, and even for young children to master the basic principles of knitting.<\/p>\n<p>The tool is used in\u00a0cord making\u00a0or braiding formed by a series of loops, like spool or finger knitting, and, unlike other braiding techniques, lucet braids can be created without pre-measuring threads and so is suited for very long cords.\u00a0The lucet cord is created by making loop-like knots with wool or cotton <a href=\"https:\/\/teiaeducation.ch\/product\/cotton-knitting-thread-primary-colours-filges\/\">knitting thread<\/a> that won\u2019t unravel when cut. It\u2019s an easy and quick way to knit a cord of various thicknesses that can be used for many purposes.\u00a0The Gl\u00fccksk\u00e4fer wooden lucet \/ knitting fork features two prongs to wind yarn around and to pull through the hole in the handle.<\/p>\n<p>Knitting is a highly tactile experience and a fun, creative Waldorf handwork activity. It is taught in Waldorf Schools worldwide from around the age of 6 and projects can range from beginner to advanced.<\/p>\n<p>The craft of knitting has many benefits for children, including the development of fine <a href=\"https:\/\/teiaeducation.ch\/product-category\/learning-themes\/sensory-motor-skills\/motor-skills\/\">motor dexterity<\/a>, hand-eye coordination and the concentration and patience required for focused attention on a task. It enhances the ability to understand and follow processes and encourages problem solving skills in overcoming any mistakes.<\/p>\n<p>Knitting is a calming and satisfying handicraft, providing children with a sense of pride and achievement in their creations too. The <a href=\"https:\/\/teiaeducation.ch\/product-category\/learning-themes\/sensory-motor-skills\/senses\/\">sensorial<\/a> experience of working with natural fibres creates an active connection to the natural world for both children. Knitting is used in both Montessori and Waldorf education and is one of the Waldorf handcrafts.<\/p>\n<p>German brand Gl\u00fccksk\u00e4fer are well-known in Waldorf and Montessori education for their child-size, real tools specially designed to help children grow in independence.<\/p>\n<p>Attention! Not suitable for children under 36 months due to risk of impact in the throat area from sharp objects.<\/p>\n<p>Contents:<\/p>\n<p>1 wooden lucet \/ knitting fork (17 \u00d7 4 \u00d7 1cm)<\/p>\n<h2>About Gl\u00fccksk\u00e4fer<\/h2>\n<p>German brand Gl\u00fccksk\u00e4fer is a small, ethical, family-run company that has been producing high-quality traditional\u00a0toys\u00a0for over 60 years. Designed following\u00a0<a href=\"https:\/\/teiaeducation.ch\/product-category\/education-method\/waldorf-steiner-toys-craft-materials\/\">Waldorf<\/a>\u00a0and\u00a0<a href=\"https:\/\/teiaeducation.ch\/product-category\/education-method\/the-montessori-pedagogy-materials-toys\/\">Montessori<\/a> principles and in collaboration with pedagogues, parents, doctors and midwives, the beautiful handmade Gl\u00fccksk\u00e4fer <a href=\"https:\/\/teiaeducation.ch\/product-category\/hgh-quality-toys-play\/\">toys<\/a>\u00a0aim to promote a child\u2019s development through creative and independent play. Their range of handmade toys and colourful play sets are a beautiful addition to toy shelves, a play room or to be featured in a window still!<\/p>\n<p>Ideal for playing with at home, nursery, Waldorf or <a href=\"https:\/\/teiaeducation.ch\/waldorf-steiner-schools-supplies\/\">Rudolf Steiner school<\/a>, the range of <a href=\"https:\/\/teiaeducation.ch\/product-category\/brands\/gluckskafer\/\">Gl\u00fccksk\u00e4fer<\/a> colourful shapes toys are\u00a0crafted by hand according to the <a href=\"https:\/\/teiaeducation.ch\/product-category\/hgh-quality-toys-play\/waldorf-toys\/\">Waldorf<\/a> philosophy which is well-known to encourage children to discover creative play independently and without limitations. The <a href=\"https:\/\/teiaeducation.ch\/product-category\/hgh-quality-toys-play\/handmade-wooden-toys\/\">wooden toys<\/a> are coloured by hand with non-toxic water-based paints and are not finished with lacquer to ensure the original characteristics of the wood and the grain shows through. The surface of the FSC certified European wood pieces are left slightly rough making them fully stackable and less slippery.<\/p>\n<p>Gl\u00fccksk\u00e4fer&#8217;s Waldorf-inspired wooden toys, range of children\u2019s tools, <a href=\"https:\/\/teiaeducation.ch\/product-category\/play\/imaginative-role-play\/\">pretend play<\/a> toys, children\u2019s furniture, wooden\u00a0<a href=\"https:\/\/teiaeducation.ch\/product-category\/celebrations\/birthdays\/\">birthday<\/a>\u00a0decorations and Waldorf <a href=\"https:\/\/teiaeducation.ch\/product-category\/creative-art-craft\/crafting-tools-storage\/\">crafting tools<\/a> are designed in Germany and made in Europe. The brand is part of traditional German toy makers Nic Toys, renowned for the highest standards of quality products designed to support child development manufactured ethically and sustainably.<\/p>\n<p>Each Gl\u00fccksk\u00e4fer toy is\u00a0CE certified and complies with the European standard for toy safety (EN 71).<\/p>\n","protected":false},"excerpt":{"rendered":"<p>Item number: 540005<\/p>\n<p>Gl\u00fccksk\u00e4fer&#8217;s wooden lucet \/ knitting fork\u00a0is a traditional crafting tool, used for generations dating back to Medieval and Viking periods<\/p>\n","protected":false},"featured_media":41054,"comment_status":"open","ping_status":"closed","template":"","meta":[],"product_brand":[32328],"product_cat":[96,97,21997,119,16822,10245,19624,7061,14957,21253,12030,21400,121,346,5155,120,22322,81,870,22274],"product_tag":[22003,22008,18167,19778,22004,22005,22007,22006],"class_list":{"0":"post-41053","1":"product","2":"type-product","3":"status-publish","4":"has-post-thumbnail","6":"product_brand-gluckskafer","7":"product_cat-3-6-years-preschool","8":"product_cat-6-12-years-primary","9":"product_cat-advent-calendar-gifts-stocking-stuffers","10":"product_cat-age-range","11":"product_cat-autumn-collection","12":"product_cat-creative-art-craft","13":"product_cat-crafting-tools-storage","14":"product_cat-learning-materials-toys-montessori-waldorf-froebel","15":"product_cat-gift-guide-creative","16":"product_cat-gifts-guides","17":"product_cat-gluckskafer-brands","18":"product_cat-knitting","19":"product_cat-learning-themes","20":"product_cat-motor-skills","21":"product_cat-new-arrivals","22":"product_cat-brands","23":"product_cat-seasonal-collections","24":"product_cat-sensory-motor-skills","25":"product_cat-waldorf-steiner-toys-craft-materials","26":"product_cat-winter-collection","27":"product_tag-childrens-knitting-crafts","28":"product_tag-lucet-knitting-fork-for-children","29":"product_tag-made-in-europe","30":"product_tag-waldorf-handcraft-supplies","31":"product_tag-waldorf-handicraft-tools-gluckskafer","32":"product_tag-waldorf-knitting-tools-gluckskafer","33":"product_tag-wooden-knitting-fork-gluckskafer","34":"product_tag-wooden-lucet-fork-gluckskafer","36":"first","37":"outofstock","38":"taxable","39":"shipping-taxable","40":"purchasable","41":"product-type-simple"},"yoast_head":"<!-- This site is optimized with the Yoast SEO plugin v27.1.1 - https:\/\/yoast.com\/product\/yoast-seo-wordpress\/ -->\n<title>Wooden lucet \/ knitting fork - Gl\u00fccksk\u00e4fer - Teia Education &amp; Play<\/title>\n<meta name=\"description\" content=\"Gl\u00fccksk\u00e4fer&#039;s wooden lucet \/ knitting fork\u00a0is a traditional crafting tool, used for generations dating back to Medieval and Viking periods\u00a0\" \/>\n<meta name=\"robots\" content=\"index, follow, max-snippet:-1, max-image-preview:large, max-video-preview:-1\" \/>\n<link rel=\"canonical\" href=\"https:\/\/teiaeducation.ch\/de\/produkt\/wooden-lucet-knitting-fork-gluckskafer\/\" \/>\n<meta property=\"og:locale\" content=\"de_DE\" \/>\n<meta property=\"og:type\" content=\"article\" \/>\n<meta property=\"og:title\" content=\"Wooden lucet \/ knitting fork - Gl\u00fccksk\u00e4fer - Teia Education &amp; Play\" \/>\n<meta property=\"og:description\" content=\"Gl\u00fccksk\u00e4fer&#039;s wooden lucet \/ knitting fork\u00a0is a traditional crafting tool, used for generations dating back to Medieval and Viking periods\u00a0\" \/>\n<meta property=\"og:url\" content=\"https:\/\/teiaeducation.ch\/de\/produkt\/wooden-lucet-knitting-fork-gluckskafer\/\" \/>\n<meta property=\"og:site_name\" content=\"Sustainable Educational Products &amp; Ecological Toys\u00a0\" \/>\n<meta property=\"article:publisher\" content=\"https:\/\/www.facebook.com\/teiaeducation\/\" \/>\n<meta property=\"article:modified_time\" content=\"2026-03-13T13:00:11+00:00\" \/>\n<meta property=\"og:image\" content=\"https:\/\/teiaeducation.ch\/wp-content\/uploads\/2021\/11\/Wooden-lucet-knitting-fork-Waldorf-handicraft-tools-Gluckskafer.jpg\" \/>\n\t<meta property=\"og:image:width\" content=\"1000\" \/>\n\t<meta property=\"og:image:height\" content=\"1000\" \/>\n\t<meta property=\"og:image:type\" content=\"image\/jpeg\" \/>\n<script type=\"application\/ld+json\" class=\"yoast-schema-graph\">{\"@context\":\"https:\/\/schema.org\",\"@graph\":[{\"@type\":\"WebPage\",\"@id\":\"https:\/\/teiaeducation.ch\/de\/produkt\/wooden-lucet-knitting-fork-gluckskafer\/\",\"url\":\"https:\/\/teiaeducation.ch\/de\/produkt\/wooden-lucet-knitting-fork-gluckskafer\/\",\"name\":\"Wooden lucet \/ knitting fork - Gl\u00fccksk\u00e4fer - Teia Education & Play\",\"isPartOf\":{\"@id\":\"https:\/\/teiaeducation.ch\/de\/#website\"},\"primaryImageOfPage\":{\"@id\":\"https:\/\/teiaeducation.ch\/de\/produkt\/wooden-lucet-knitting-fork-gluckskafer\/#primaryimage\"},\"image\":{\"@id\":\"https:\/\/teiaeducation.ch\/de\/produkt\/wooden-lucet-knitting-fork-gluckskafer\/#primaryimage\"},\"thumbnailUrl\":\"https:\/\/teiaeducation.ch\/wp-content\/uploads\/2021\/11\/Wooden-lucet-knitting-fork-Waldorf-handicraft-tools-Gluckskafer.jpg\",\"datePublished\":\"2021-11-12T07:54:35+00:00\",\"dateModified\":\"2026-03-13T13:00:11+00:00\",\"description\":\"Gl\u00fccksk\u00e4fer's wooden lucet \/ knitting fork\u00a0is a traditional crafting tool, used for generations dating back to Medieval and Viking periods\u00a0\",\"breadcrumb\":{\"@id\":\"https:\/\/teiaeducation.ch\/de\/produkt\/wooden-lucet-knitting-fork-gluckskafer\/#breadcrumb\"},\"inLanguage\":\"de-CH\",\"potentialAction\":[{\"@type\":\"ReadAction\",\"target\":[\"https:\/\/teiaeducation.ch\/de\/produkt\/wooden-lucet-knitting-fork-gluckskafer\/\"]}]},{\"@type\":\"ImageObject\",\"inLanguage\":\"de-CH\",\"@id\":\"https:\/\/teiaeducation.ch\/de\/produkt\/wooden-lucet-knitting-fork-gluckskafer\/#primaryimage\",\"url\":\"https:\/\/teiaeducation.ch\/wp-content\/uploads\/2021\/11\/Wooden-lucet-knitting-fork-Waldorf-handicraft-tools-Gluckskafer.jpg\",\"contentUrl\":\"https:\/\/teiaeducation.ch\/wp-content\/uploads\/2021\/11\/Wooden-lucet-knitting-fork-Waldorf-handicraft-tools-Gluckskafer.jpg\",\"width\":1000,\"height\":1000,\"caption\":\"Wooden lucet (knitting) fork \/ Waldorf handicraft tools - Gl\u00fccksk\u00e4fer\"},{\"@type\":\"BreadcrumbList\",\"@id\":\"https:\/\/teiaeducation.ch\/de\/produkt\/wooden-lucet-knitting-fork-gluckskafer\/#breadcrumb\",\"itemListElement\":[{\"@type\":\"ListItem\",\"position\":1,\"name\":\"Home\",\"item\":\"https:\/\/teiaeducation.ch\/de\/\"},{\"@type\":\"ListItem\",\"position\":2,\"name\":\"Laden\",\"item\":\"https:\/\/teiaeducation.ch\/de\/shop\/\"},{\"@type\":\"ListItem\",\"position\":3,\"name\":\"Unsere Marken\",\"item\":\"https:\/\/teiaeducation.ch\/de\/produkt-kategorie\/unsere-marken\/\"},{\"@type\":\"ListItem\",\"position\":4,\"name\":\"Gl\u00fccksk\u00e4fer\",\"item\":\"https:\/\/teiaeducation.ch\/de\/produkt-kategorie\/unsere-marken\/glueckskaefer\/\"},{\"@type\":\"ListItem\",\"position\":5,\"name\":\"Wooden lucet \/ knitting fork &#8211; Gl\u00fccksk\u00e4fer\"}]},{\"@type\":\"WebSite\",\"@id\":\"https:\/\/teiaeducation.ch\/de\/#website\",\"url\":\"https:\/\/teiaeducation.ch\/de\/\",\"name\":\"Sustainable Educational Products &amp; Ecological Toys\u00a0\",\"description\":\"Specialised Swiss shop selling sustainable educational toys and games, AMI certified Montessori materials, handmade ecological wooden Waldorf toys and arts &amp; crafts supplies, school supplies, children&#039;s furniture and Montessori reference and parenting books.\",\"publisher\":{\"@id\":\"https:\/\/teiaeducation.ch\/de\/#organization\"},\"alternateName\":\"Teia Education & Play\",\"potentialAction\":[{\"@type\":\"SearchAction\",\"target\":{\"@type\":\"EntryPoint\",\"urlTemplate\":\"https:\/\/teiaeducation.ch\/de\/?s={search_term_string}\"},\"query-input\":{\"@type\":\"PropertyValueSpecification\",\"valueRequired\":true,\"valueName\":\"search_term_string\"}}],\"inLanguage\":\"de-CH\"},{\"@type\":\"Organization\",\"@id\":\"https:\/\/teiaeducation.ch\/de\/#organization\",\"name\":\"Teia Education & Play\",\"url\":\"https:\/\/teiaeducation.ch\/de\/\",\"logo\":{\"@type\":\"ImageObject\",\"inLanguage\":\"de-CH\",\"@id\":\"https:\/\/teiaeducation.ch\/de\/#\/schema\/logo\/image\/\",\"url\":\"https:\/\/teiaeducation.ch\/wp-content\/uploads\/2020\/11\/Teia-Education-Switzerland-e1620156442216.jpg\",\"contentUrl\":\"https:\/\/teiaeducation.ch\/wp-content\/uploads\/2020\/11\/Teia-Education-Switzerland-e1620156442216.jpg\",\"width\":166,\"height\":145,\"caption\":\"Teia Education & Play\"},\"image\":{\"@id\":\"https:\/\/teiaeducation.ch\/de\/#\/schema\/logo\/image\/\"},\"sameAs\":[\"https:\/\/www.facebook.com\/teiaeducation\/\",\"https:\/\/x.com\/EducationTeia\",\"https:\/\/www.instagram.com\/teia.education\/\",\"https:\/\/www.linkedin.com\/company\/35501660\",\"https:\/\/www.pinterest.ch\/TeiaEducation\/\"]}]}<\/script>\n<!-- \/ Yoast SEO plugin. -->","yoast_head_json":{"title":"Wooden lucet \/ knitting fork - Gl\u00fccksk\u00e4fer - Teia Education & Play","description":"Gl\u00fccksk\u00e4fer's wooden lucet \/ knitting fork\u00a0is a traditional crafting tool, used for generations dating back to Medieval and Viking periods\u00a0","robots":{"index":"index","follow":"follow","max-snippet":"max-snippet:-1","max-image-preview":"max-image-preview:large","max-video-preview":"max-video-preview:-1"},"canonical":"https:\/\/teiaeducation.ch\/de\/produkt\/wooden-lucet-knitting-fork-gluckskafer\/","og_locale":"de_DE","og_type":"article","og_title":"Wooden lucet \/ knitting fork - Gl\u00fccksk\u00e4fer - Teia Education & Play","og_description":"Gl\u00fccksk\u00e4fer's wooden lucet \/ knitting fork\u00a0is a traditional crafting tool, used for generations dating back to Medieval and Viking periods\u00a0","og_url":"https:\/\/teiaeducation.ch\/de\/produkt\/wooden-lucet-knitting-fork-gluckskafer\/","og_site_name":"Sustainable Educational Products &amp; Ecological Toys\u00a0","article_publisher":"https:\/\/www.facebook.com\/teiaeducation\/","article_modified_time":"2026-03-13T13:00:11+00:00","og_image":[{"width":1000,"height":1000,"url":"https:\/\/teiaeducation.ch\/wp-content\/uploads\/2021\/11\/Wooden-lucet-knitting-fork-Waldorf-handicraft-tools-Gluckskafer.jpg","type":"image\/jpeg"}],"schema":{"@context":"https:\/\/schema.org","@graph":[{"@type":"WebPage","@id":"https:\/\/teiaeducation.ch\/de\/produkt\/wooden-lucet-knitting-fork-gluckskafer\/","url":"https:\/\/teiaeducation.ch\/de\/produkt\/wooden-lucet-knitting-fork-gluckskafer\/","name":"Wooden lucet \/ knitting fork - Gl\u00fccksk\u00e4fer - Teia Education & Play","isPartOf":{"@id":"https:\/\/teiaeducation.ch\/de\/#website"},"primaryImageOfPage":{"@id":"https:\/\/teiaeducation.ch\/de\/produkt\/wooden-lucet-knitting-fork-gluckskafer\/#primaryimage"},"image":{"@id":"https:\/\/teiaeducation.ch\/de\/produkt\/wooden-lucet-knitting-fork-gluckskafer\/#primaryimage"},"thumbnailUrl":"https:\/\/teiaeducation.ch\/wp-content\/uploads\/2021\/11\/Wooden-lucet-knitting-fork-Waldorf-handicraft-tools-Gluckskafer.jpg","datePublished":"2021-11-12T07:54:35+00:00","dateModified":"2026-03-13T13:00:11+00:00","description":"Gl\u00fccksk\u00e4fer's wooden lucet \/ knitting fork\u00a0is a traditional crafting tool, used for generations dating back to Medieval and Viking periods\u00a0","breadcrumb":{"@id":"https:\/\/teiaeducation.ch\/de\/produkt\/wooden-lucet-knitting-fork-gluckskafer\/#breadcrumb"},"inLanguage":"de-CH","potentialAction":[{"@type":"ReadAction","target":["https:\/\/teiaeducation.ch\/de\/produkt\/wooden-lucet-knitting-fork-gluckskafer\/"]}]},{"@type":"ImageObject","inLanguage":"de-CH","@id":"https:\/\/teiaeducation.ch\/de\/produkt\/wooden-lucet-knitting-fork-gluckskafer\/#primaryimage","url":"https:\/\/teiaeducation.ch\/wp-content\/uploads\/2021\/11\/Wooden-lucet-knitting-fork-Waldorf-handicraft-tools-Gluckskafer.jpg","contentUrl":"https:\/\/teiaeducation.ch\/wp-content\/uploads\/2021\/11\/Wooden-lucet-knitting-fork-Waldorf-handicraft-tools-Gluckskafer.jpg","width":1000,"height":1000,"caption":"Wooden lucet (knitting) fork \/ Waldorf handicraft tools - Gl\u00fccksk\u00e4fer"},{"@type":"BreadcrumbList","@id":"https:\/\/teiaeducation.ch\/de\/produkt\/wooden-lucet-knitting-fork-gluckskafer\/#breadcrumb","itemListElement":[{"@type":"ListItem","position":1,"name":"Home","item":"https:\/\/teiaeducation.ch\/de\/"},{"@type":"ListItem","position":2,"name":"Laden","item":"https:\/\/teiaeducation.ch\/de\/shop\/"},{"@type":"ListItem","position":3,"name":"Unsere Marken","item":"https:\/\/teiaeducation.ch\/de\/produkt-kategorie\/unsere-marken\/"},{"@type":"ListItem","position":4,"name":"Gl\u00fccksk\u00e4fer","item":"https:\/\/teiaeducation.ch\/de\/produkt-kategorie\/unsere-marken\/glueckskaefer\/"},{"@type":"ListItem","position":5,"name":"Wooden lucet \/ knitting fork &#8211; Gl\u00fccksk\u00e4fer"}]},{"@type":"WebSite","@id":"https:\/\/teiaeducation.ch\/de\/#website","url":"https:\/\/teiaeducation.ch\/de\/","name":"Sustainable Educational Products &amp; Ecological Toys\u00a0","description":"Specialised Swiss shop selling sustainable educational toys and games, AMI certified Montessori materials, handmade ecological wooden Waldorf toys and arts &amp; crafts supplies, school supplies, children&#039;s furniture and Montessori reference and parenting books.","publisher":{"@id":"https:\/\/teiaeducation.ch\/de\/#organization"},"alternateName":"Teia Education & Play","potentialAction":[{"@type":"SearchAction","target":{"@type":"EntryPoint","urlTemplate":"https:\/\/teiaeducation.ch\/de\/?s={search_term_string}"},"query-input":{"@type":"PropertyValueSpecification","valueRequired":true,"valueName":"search_term_string"}}],"inLanguage":"de-CH"},{"@type":"Organization","@id":"https:\/\/teiaeducation.ch\/de\/#organization","name":"Teia Education & Play","url":"https:\/\/teiaeducation.ch\/de\/","logo":{"@type":"ImageObject","inLanguage":"de-CH","@id":"https:\/\/teiaeducation.ch\/de\/#\/schema\/logo\/image\/","url":"https:\/\/teiaeducation.ch\/wp-content\/uploads\/2020\/11\/Teia-Education-Switzerland-e1620156442216.jpg","contentUrl":"https:\/\/teiaeducation.ch\/wp-content\/uploads\/2020\/11\/Teia-Education-Switzerland-e1620156442216.jpg","width":166,"height":145,"caption":"Teia Education & Play"},"image":{"@id":"https:\/\/teiaeducation.ch\/de\/#\/schema\/logo\/image\/"},"sameAs":["https:\/\/www.facebook.com\/teiaeducation\/","https:\/\/x.com\/EducationTeia","https:\/\/www.instagram.com\/teia.education\/","https:\/\/www.linkedin.com\/company\/35501660","https:\/\/www.pinterest.ch\/TeiaEducation\/"]}]}},"_links":{"self":[{"href":"https:\/\/teiaeducation.ch\/de\/wp-json\/wp\/v2\/product\/41053","targetHints":{"allow":["GET"]}}],"collection":[{"href":"https:\/\/teiaeducation.ch\/de\/wp-json\/wp\/v2\/product"}],"about":[{"href":"https:\/\/teiaeducation.ch\/de\/wp-json\/wp\/v2\/types\/product"}],"replies":[{"embeddable":true,"href":"https:\/\/teiaeducation.ch\/de\/wp-json\/wp\/v2\/comments?post=41053"}],"wp:featuredmedia":[{"embeddable":true,"href":"https:\/\/teiaeducation.ch\/de\/wp-json\/wp\/v2\/media\/41054"}],"wp:attachment":[{"href":"https:\/\/teiaeducation.ch\/de\/wp-json\/wp\/v2\/media?parent=41053"}],"wp:term":[{"taxonomy":"product_brand","embeddable":true,"href":"https:\/\/teiaeducation.ch\/de\/wp-json\/wp\/v2\/product_brand?post=41053"},{"taxonomy":"product_cat","embeddable":true,"href":"https:\/\/teiaeducation.ch\/de\/wp-json\/wp\/v2\/product_cat?post=41053"},{"taxonomy":"product_tag","embeddable":true,"href":"https:\/\/teiaeducation.ch\/de\/wp-json\/wp\/v2\/product_tag?post=41053"}],"curies":[{"name":"wp","href":"https:\/\/api.w.org\/{rel}","templated":true}]}}