{"id":42811,"date":"2021-12-10T14:02:18","date_gmt":"2021-12-10T13:02:18","guid":{"rendered":"https:\/\/teiaeducation.ch\/?post_type=product&#038;p=42811"},"modified":"2023-08-02T16:29:53","modified_gmt":"2023-08-02T14:29:53","slug":"baukasten-vier-temperamente-grimms","status":"publish","type":"product","link":"https:\/\/teiaeducation.ch\/de\/produkt\/baukasten-vier-temperamente-grimms\/","title":{"rendered":"Baukasten vier Temperamente &#8211; Grimm&#8217;s"},"content":{"rendered":"<p>Grimm&#8217;s Baukasten vier Temperamente ist eine wundersch\u00f6ne Sammlung von 61 Holzkl\u00f6tzen und ist eine \u00dcbersetzung der vier Temperamente, die in der Waldorfp\u00e4dagogik anerkannt sind, in eine Sprache von Form und Farbe.<\/p>\n<p>Die farbenfrohen und frei geformten individuellen Holzbaukl\u00f6tze erinnern an Tiere und verschiedene andere Lebewesen. Durch die Kombination der Bauelemente dieses Sets entsteht immer etwas Neues, das die Fantasie des Kindes anregt und befl\u00fcgelt. Das vorherrschende Temperament bestimmt die spezifische Stimmung, in der sich jemand normalerweise befindet. Sie beeinflusst, wie wir f\u00fchlen und das Leben erleben, wie wir denken, handeln oder reagieren.<\/p>\n<p>Dieses sch\u00f6ne Set zeigt die vier Temperamente: sanguinisch, cholerisch, phlegmatisch und melancholisch:<\/p>\n<p>&#8211; Das melancholische Temperament hat eine mitf\u00fchlende und eher traurige Natur. Sie ist blau, nach innen in die Tiefe gewandt, mit Kanten, Kurven und Ausdauer &#8211; wie ihr Element, die Erde.<br \/>\n&#8211; Das cholerische Temperament hat eine aktive und feurige Natur, ist rot, zackig und manchmal scharfkantig. Seine Impulsivit\u00e4t geh\u00f6rt zum Element Feuer.<br \/>\n&#8211; Das phlegmatische Temperament ist best\u00e4ndig und zufrieden. Sie ist gr\u00fcn und ruhig wie die Oberfl\u00e4che eines Teiches. Seine Kurven und weichen Formen entsprechen seinem<br \/>\nElement, dem Wasser.<br \/>\n&#8211; Das sanguinische Temperament strahlt Fr\u00f6hlichkeit und Optimismus aus. Sie ist gelb und leuchtet von innen, verliert sich in der Peripherie oder im Himmel. Luft ist sein Element.<\/p>\n<p>Durch eine spielerische Ann\u00e4herung an die charakteristischen Merkmale der einzelnen Temperamente kann ein Gef\u00fchl f\u00fcr ihr Wesen entwickelt werden. Und jeder Mensch ist eine einzigartige Mischung aus allen vier Temperamenten.<\/p>\n<p>Der Grimm&#8217;s Baukasten Vier Temperamente bietet unendlich viele M\u00f6glichkeiten zum Lernen und kreativen Spielen. Jeder Block ist ca. 4 cm dick, aus Lindenholz gefertigt und in sch\u00f6nen hellen Farbt\u00f6nen mit ungiftiger Beize auf Wasserbasis bemalt, so dass er auch f\u00fcr Kinder geeignet ist. Die 61 Freiform Baukl\u00f6tze werden in einem Holzrahmen mit den Ma\u00dfen 44,5 x 44,5 cm aufbewahrt.<\/p>\n<p>Der Grimm&#8217;s Baukasten vier Temperamente ist f\u00fcr Kinder ab 3 Jahren geeignet.<\/p>\n<p>Inhalt:<\/p>\n<p>61 Holzbaukl\u00f6tze<br \/>\n1 Holzrahmen<br \/>\nPapier-Legevorlage in Originalgr\u00f6\u00dfe<\/p>\n<h2>\u00dcber Grimm&#8217;s<\/h2>\n<p>Ideal zum Spielen zu Hause, im Kindergarten, in der <a href=\"https:\/\/teiaeducation.ch\/waldorf-steiner-schools-supplies\/\">Waldorf- oder Steiner-Schule<\/a>. Die sch\u00f6nen <a href=\"https:\/\/teiaeducation.ch\/product-category\/brands\/grimms\/\">Grimm&#8217;s Naturholzspielzeuge<\/a> werden nach der <a href=\"https:\/\/teiaeducation.ch\/product-category\/education-method\/waldorf-steiner-toys-craft-materials\/\">Waldorf-Philosophie<\/a> hergestellt, die daf\u00fcr bekannt ist, dass sie Kinder dazu ermutigt, das kreative Spiel selbstst\u00e4ndig, ohne Einschr\u00e4nkungen und in einem gem\u00fctlichen Tempo zu entdecken. Die Grimm&#8217;s Holzspielzeuge werden von Hand mit ungiftigen Farben auf Wasserbasis gef\u00e4rbt und nicht lackiert, damit die urspr\u00fcnglichen Eigenschaften des Holzes und die Maserung erhalten bleiben. Die Oberfl\u00e4che der FSC-zertifizierten europ\u00e4ischen Holz ist leicht rau, wodurch sie vollst\u00e4ndig stapelbar und weniger rutschig sind.<\/p>\n<p>Grimm&#8217;s <a href=\"https:\/\/teiaeducation.ch\/product-category\/hgh-quality-toys-play\/handmade-wooden-toys\/\">handgefertigtes Holzspielzeug<\/a> wird in den Grimm&#8217;s Werken in Deutschland sowie in mehreren Werkst\u00e4tten in ganz Europa aus verschiedenen Holzarten wie Erle, Linde, Buche und Ahorn hergestellt. Alle H\u00f6lzer, die f\u00fcr die Herstellung der Grimm&#8217;s-Spielzeuge verwendet werden, stammen aus nachhaltig bewirtschafteten europ\u00e4ischen W\u00e4ldern.<\/p>\n<p>Bitte beachten Sie, dass Grimm&#8217;s Spielzeuge immer Unikate sind, die einzigartige, von der Natur geschaffene Zeichen tragen. Die Maserung des Holzes weist wechselnde Strukturen und Farben auf, die von seiner nat\u00fcrlichen Herkunft zeugen. Die einzigartigen Variationen, Markierungen, \u00c4ste, Muster, schwarzen Streifen oder dunklen Flecken, die im Holz eines Grimm&#8217;s Spielzeugs sichtbar sein k\u00f6nnen, sind ein Beweis f\u00fcr Qualit\u00e4t, keine M\u00e4ngel.<\/p>\n","protected":false},"excerpt":{"rendered":"<p>Artikelnummer: gri10209<\/p>\n<p>Der Grimm&#8217;s Baukasten vier Temperamente mit 61 Holzkl\u00f6tzen ist eine \u00dcbersetzung der in der Waldorfp\u00e4dagogik anerkannten vier Temperamente.<\/p>\n","protected":false},"featured_media":42827,"comment_status":"open","ping_status":"closed","template":"","meta":[],"product_brand":[],"product_cat":[21445,21446,23651,24871,21704,21479,21558,21550,21690,21488,21491,21484,21640,23075,21510,21509,21537,22182,21559,21443,21563,22362,21557,21678,21699,21564,21483,22919],"product_tag":[22186,21715,21751,21752,21713,21714],"class_list":{"0":"post-42811","1":"product","2":"type-product","3":"status-publish","4":"has-post-thumbnail","6":"product_cat-3-6-jahre-vorschule","7":"product_cat-6-12-jahre-grundschule","8":"product_cat-back-to-school-de","9":"product_cat-bau-regenbogenwelten","10":"product_cat-baukloetze-aus-holz","11":"product_cat-lernmaterialien-spielzeug-montessori-waldorf-steiner-froebel","12":"product_cat-farbe-lernen","13":"product_cat-formen","14":"product_cat-spiele-mit-offenem-ende","15":"product_cat-geschenk-guide-6-12-jahre-grundschule","16":"product_cat-geschenk-guide-lerngeschenke","17":"product_cat-geschenk-guides","18":"product_cat-grimms-holzspielzeug","19":"product_cat-handgefertigtes-holzspielzeug","20":"product_cat-kultur-wissenschaft","21":"product_cat-lernthemen","22":"product_cat-mathematik-rechnen","23":"product_cat-montessori-spielzeug","24":"product_cat-motorische-fertigkeiten","25":"product_cat-nach-alter","26":"product_cat-neuheiten","27":"product_cat-saisonale-kollektionen","28":"product_cat-sensorische-motorische-fertigkeiten","29":"product_cat-kinder-spielzeug","30":"product_cat-stapelspielzeug","31":"product_cat-unsere-marken","32":"product_cat-waldorf-steiner-paedagogik","33":"product_cat-waldorfspielzeug","34":"product_tag-baukasten-vier-temperamente-grimms","35":"product_tag-grimms-switzerland-de","36":"product_tag-grimms-holzspielzeugladen-de","37":"product_tag-grimms-regenbogenspielzeug","38":"product_tag-holzspielzeug-mit-offenem-ende","39":"product_tag-waldorfspielzeug-aus-holz","41":"first","42":"instock","43":"taxable","44":"shipping-taxable","45":"purchasable","46":"product-type-simple"},"yoast_head":"<!-- This site is optimized with the Yoast SEO plugin v27.1.1 - https:\/\/yoast.com\/product\/yoast-seo-wordpress\/ -->\n<title>Baukasten vier temperamente - Grimm&#039;s - Teia Education &amp; Play<\/title>\n<meta name=\"description\" content=\"Der Grimm&#039;s Baukasten vier Temperamente mit 61 Holzkl\u00f6tzen ist eine \u00dcbersetzung der in der Waldorfp\u00e4dagogik anerkannten vier Temperamente.\" \/>\n<meta name=\"robots\" content=\"index, follow, max-snippet:-1, max-image-preview:large, max-video-preview:-1\" \/>\n<link rel=\"canonical\" href=\"https:\/\/teiaeducation.ch\/de\/produkt\/baukasten-vier-temperamente-grimms\/\" \/>\n<meta property=\"og:locale\" content=\"de_DE\" \/>\n<meta property=\"og:type\" content=\"article\" \/>\n<meta property=\"og:title\" content=\"Baukasten vier temperamente - Grimm&#039;s - Teia Education &amp; Play\" \/>\n<meta property=\"og:description\" content=\"Der Grimm&#039;s Baukasten vier Temperamente mit 61 Holzkl\u00f6tzen ist eine \u00dcbersetzung der in der Waldorfp\u00e4dagogik anerkannten vier Temperamente.\" \/>\n<meta property=\"og:url\" content=\"https:\/\/teiaeducation.ch\/de\/produkt\/baukasten-vier-temperamente-grimms\/\" \/>\n<meta property=\"og:site_name\" content=\"Sustainable Educational Products &amp; Ecological Toys\u00a0\" \/>\n<meta property=\"article:publisher\" content=\"https:\/\/www.facebook.com\/teiaeducation\/\" \/>\n<meta property=\"article:modified_time\" content=\"2023-08-02T14:29:53+00:00\" \/>\n<meta property=\"og:image\" content=\"https:\/\/teiaeducation.ch\/wp-content\/uploads\/2021\/12\/Grimms-building-set-four-temperaments-is-a-beautiful-collection-of-61-wooden-blocks-and-is-a-translation-of-the-four-temperaments-recognised-in-Waldorf-education-into-a-language-of-form-and-colour..jpg\" \/>\n\t<meta property=\"og:image:width\" content=\"900\" \/>\n\t<meta property=\"og:image:height\" content=\"900\" \/>\n\t<meta property=\"og:image:type\" content=\"image\/jpeg\" \/>\n<script type=\"application\/ld+json\" class=\"yoast-schema-graph\">{\"@context\":\"https:\/\/schema.org\",\"@graph\":[{\"@type\":\"WebPage\",\"@id\":\"https:\/\/teiaeducation.ch\/de\/produkt\/baukasten-vier-temperamente-grimms\/\",\"url\":\"https:\/\/teiaeducation.ch\/de\/produkt\/baukasten-vier-temperamente-grimms\/\",\"name\":\"Baukasten vier temperamente - Grimm's - Teia Education & Play\",\"isPartOf\":{\"@id\":\"https:\/\/teiaeducation.ch\/de\/#website\"},\"primaryImageOfPage\":{\"@id\":\"https:\/\/teiaeducation.ch\/de\/produkt\/baukasten-vier-temperamente-grimms\/#primaryimage\"},\"image\":{\"@id\":\"https:\/\/teiaeducation.ch\/de\/produkt\/baukasten-vier-temperamente-grimms\/#primaryimage\"},\"thumbnailUrl\":\"https:\/\/teiaeducation.ch\/wp-content\/uploads\/2021\/12\/Grimms-building-set-four-temperaments-is-a-beautiful-collection-of-61-wooden-blocks-and-is-a-translation-of-the-four-temperaments-recognised-in-Waldorf-education-into-a-language-of-form-and-colour..jpg\",\"datePublished\":\"2021-12-10T13:02:18+00:00\",\"dateModified\":\"2023-08-02T14:29:53+00:00\",\"description\":\"Der Grimm's Baukasten vier Temperamente mit 61 Holzkl\u00f6tzen ist eine \u00dcbersetzung der in der Waldorfp\u00e4dagogik anerkannten vier Temperamente.\",\"breadcrumb\":{\"@id\":\"https:\/\/teiaeducation.ch\/de\/produkt\/baukasten-vier-temperamente-grimms\/#breadcrumb\"},\"inLanguage\":\"de-CH\",\"potentialAction\":[{\"@type\":\"ReadAction\",\"target\":[\"https:\/\/teiaeducation.ch\/de\/produkt\/baukasten-vier-temperamente-grimms\/\"]}]},{\"@type\":\"ImageObject\",\"inLanguage\":\"de-CH\",\"@id\":\"https:\/\/teiaeducation.ch\/de\/produkt\/baukasten-vier-temperamente-grimms\/#primaryimage\",\"url\":\"https:\/\/teiaeducation.ch\/wp-content\/uploads\/2021\/12\/Grimms-building-set-four-temperaments-is-a-beautiful-collection-of-61-wooden-blocks-and-is-a-translation-of-the-four-temperaments-recognised-in-Waldorf-education-into-a-language-of-form-and-colour..jpg\",\"contentUrl\":\"https:\/\/teiaeducation.ch\/wp-content\/uploads\/2021\/12\/Grimms-building-set-four-temperaments-is-a-beautiful-collection-of-61-wooden-blocks-and-is-a-translation-of-the-four-temperaments-recognised-in-Waldorf-education-into-a-language-of-form-and-colour..jpg\",\"width\":900,\"height\":900,\"caption\":\"Baukasten vier Temperamente Grimm's Holzkl\u00f6tze Waldorf\"},{\"@type\":\"BreadcrumbList\",\"@id\":\"https:\/\/teiaeducation.ch\/de\/produkt\/baukasten-vier-temperamente-grimms\/#breadcrumb\",\"itemListElement\":[{\"@type\":\"ListItem\",\"position\":1,\"name\":\"Home\",\"item\":\"https:\/\/teiaeducation.ch\/de\/\"},{\"@type\":\"ListItem\",\"position\":2,\"name\":\"Laden\",\"item\":\"https:\/\/teiaeducation.ch\/de\/shop\/\"},{\"@type\":\"ListItem\",\"position\":3,\"name\":\"Unsere Marken\",\"item\":\"https:\/\/teiaeducation.ch\/de\/produkt-kategorie\/unsere-marken\/\"},{\"@type\":\"ListItem\",\"position\":4,\"name\":\"Grimm's\",\"item\":\"https:\/\/teiaeducation.ch\/de\/produkt-kategorie\/unsere-marken\/grimms-holzspielzeug\/\"},{\"@type\":\"ListItem\",\"position\":5,\"name\":\"Baukasten vier Temperamente &#8211; Grimm&#8217;s\"}]},{\"@type\":\"WebSite\",\"@id\":\"https:\/\/teiaeducation.ch\/de\/#website\",\"url\":\"https:\/\/teiaeducation.ch\/de\/\",\"name\":\"Sustainable Educational Products &amp; Ecological Toys\u00a0\",\"description\":\"Specialised Swiss shop selling sustainable educational toys and games, AMI certified Montessori materials, handmade ecological wooden Waldorf toys and arts &amp; crafts supplies, school supplies, children&#039;s furniture and Montessori reference and parenting books.\",\"publisher\":{\"@id\":\"https:\/\/teiaeducation.ch\/de\/#organization\"},\"alternateName\":\"Teia Education & Play\",\"potentialAction\":[{\"@type\":\"SearchAction\",\"target\":{\"@type\":\"EntryPoint\",\"urlTemplate\":\"https:\/\/teiaeducation.ch\/de\/?s={search_term_string}\"},\"query-input\":{\"@type\":\"PropertyValueSpecification\",\"valueRequired\":true,\"valueName\":\"search_term_string\"}}],\"inLanguage\":\"de-CH\"},{\"@type\":\"Organization\",\"@id\":\"https:\/\/teiaeducation.ch\/de\/#organization\",\"name\":\"Teia Education & Play\",\"url\":\"https:\/\/teiaeducation.ch\/de\/\",\"logo\":{\"@type\":\"ImageObject\",\"inLanguage\":\"de-CH\",\"@id\":\"https:\/\/teiaeducation.ch\/de\/#\/schema\/logo\/image\/\",\"url\":\"https:\/\/teiaeducation.ch\/wp-content\/uploads\/2020\/11\/Teia-Education-Switzerland-e1620156442216.jpg\",\"contentUrl\":\"https:\/\/teiaeducation.ch\/wp-content\/uploads\/2020\/11\/Teia-Education-Switzerland-e1620156442216.jpg\",\"width\":166,\"height\":145,\"caption\":\"Teia Education & Play\"},\"image\":{\"@id\":\"https:\/\/teiaeducation.ch\/de\/#\/schema\/logo\/image\/\"},\"sameAs\":[\"https:\/\/www.facebook.com\/teiaeducation\/\",\"https:\/\/x.com\/EducationTeia\",\"https:\/\/www.instagram.com\/teia.education\/\",\"https:\/\/www.linkedin.com\/company\/35501660\",\"https:\/\/www.pinterest.ch\/TeiaEducation\/\"]}]}<\/script>\n<!-- \/ Yoast SEO plugin. -->","yoast_head_json":{"title":"Baukasten vier temperamente - Grimm's - Teia Education & Play","description":"Der Grimm's Baukasten vier Temperamente mit 61 Holzkl\u00f6tzen ist eine \u00dcbersetzung der in der Waldorfp\u00e4dagogik anerkannten vier Temperamente.","robots":{"index":"index","follow":"follow","max-snippet":"max-snippet:-1","max-image-preview":"max-image-preview:large","max-video-preview":"max-video-preview:-1"},"canonical":"https:\/\/teiaeducation.ch\/de\/produkt\/baukasten-vier-temperamente-grimms\/","og_locale":"de_DE","og_type":"article","og_title":"Baukasten vier temperamente - Grimm's - Teia Education & Play","og_description":"Der Grimm's Baukasten vier Temperamente mit 61 Holzkl\u00f6tzen ist eine \u00dcbersetzung der in der Waldorfp\u00e4dagogik anerkannten vier Temperamente.","og_url":"https:\/\/teiaeducation.ch\/de\/produkt\/baukasten-vier-temperamente-grimms\/","og_site_name":"Sustainable Educational Products &amp; Ecological Toys\u00a0","article_publisher":"https:\/\/www.facebook.com\/teiaeducation\/","article_modified_time":"2023-08-02T14:29:53+00:00","og_image":[{"width":900,"height":900,"url":"https:\/\/teiaeducation.ch\/wp-content\/uploads\/2021\/12\/Grimms-building-set-four-temperaments-is-a-beautiful-collection-of-61-wooden-blocks-and-is-a-translation-of-the-four-temperaments-recognised-in-Waldorf-education-into-a-language-of-form-and-colour..jpg","type":"image\/jpeg"}],"schema":{"@context":"https:\/\/schema.org","@graph":[{"@type":"WebPage","@id":"https:\/\/teiaeducation.ch\/de\/produkt\/baukasten-vier-temperamente-grimms\/","url":"https:\/\/teiaeducation.ch\/de\/produkt\/baukasten-vier-temperamente-grimms\/","name":"Baukasten vier temperamente - Grimm's - Teia Education & Play","isPartOf":{"@id":"https:\/\/teiaeducation.ch\/de\/#website"},"primaryImageOfPage":{"@id":"https:\/\/teiaeducation.ch\/de\/produkt\/baukasten-vier-temperamente-grimms\/#primaryimage"},"image":{"@id":"https:\/\/teiaeducation.ch\/de\/produkt\/baukasten-vier-temperamente-grimms\/#primaryimage"},"thumbnailUrl":"https:\/\/teiaeducation.ch\/wp-content\/uploads\/2021\/12\/Grimms-building-set-four-temperaments-is-a-beautiful-collection-of-61-wooden-blocks-and-is-a-translation-of-the-four-temperaments-recognised-in-Waldorf-education-into-a-language-of-form-and-colour..jpg","datePublished":"2021-12-10T13:02:18+00:00","dateModified":"2023-08-02T14:29:53+00:00","description":"Der Grimm's Baukasten vier Temperamente mit 61 Holzkl\u00f6tzen ist eine \u00dcbersetzung der in der Waldorfp\u00e4dagogik anerkannten vier Temperamente.","breadcrumb":{"@id":"https:\/\/teiaeducation.ch\/de\/produkt\/baukasten-vier-temperamente-grimms\/#breadcrumb"},"inLanguage":"de-CH","potentialAction":[{"@type":"ReadAction","target":["https:\/\/teiaeducation.ch\/de\/produkt\/baukasten-vier-temperamente-grimms\/"]}]},{"@type":"ImageObject","inLanguage":"de-CH","@id":"https:\/\/teiaeducation.ch\/de\/produkt\/baukasten-vier-temperamente-grimms\/#primaryimage","url":"https:\/\/teiaeducation.ch\/wp-content\/uploads\/2021\/12\/Grimms-building-set-four-temperaments-is-a-beautiful-collection-of-61-wooden-blocks-and-is-a-translation-of-the-four-temperaments-recognised-in-Waldorf-education-into-a-language-of-form-and-colour..jpg","contentUrl":"https:\/\/teiaeducation.ch\/wp-content\/uploads\/2021\/12\/Grimms-building-set-four-temperaments-is-a-beautiful-collection-of-61-wooden-blocks-and-is-a-translation-of-the-four-temperaments-recognised-in-Waldorf-education-into-a-language-of-form-and-colour..jpg","width":900,"height":900,"caption":"Baukasten vier Temperamente Grimm's Holzkl\u00f6tze Waldorf"},{"@type":"BreadcrumbList","@id":"https:\/\/teiaeducation.ch\/de\/produkt\/baukasten-vier-temperamente-grimms\/#breadcrumb","itemListElement":[{"@type":"ListItem","position":1,"name":"Home","item":"https:\/\/teiaeducation.ch\/de\/"},{"@type":"ListItem","position":2,"name":"Laden","item":"https:\/\/teiaeducation.ch\/de\/shop\/"},{"@type":"ListItem","position":3,"name":"Unsere Marken","item":"https:\/\/teiaeducation.ch\/de\/produkt-kategorie\/unsere-marken\/"},{"@type":"ListItem","position":4,"name":"Grimm's","item":"https:\/\/teiaeducation.ch\/de\/produkt-kategorie\/unsere-marken\/grimms-holzspielzeug\/"},{"@type":"ListItem","position":5,"name":"Baukasten vier Temperamente &#8211; Grimm&#8217;s"}]},{"@type":"WebSite","@id":"https:\/\/teiaeducation.ch\/de\/#website","url":"https:\/\/teiaeducation.ch\/de\/","name":"Sustainable Educational Products &amp; Ecological Toys\u00a0","description":"Specialised Swiss shop selling sustainable educational toys and games, AMI certified Montessori materials, handmade ecological wooden Waldorf toys and arts &amp; crafts supplies, school supplies, children&#039;s furniture and Montessori reference and parenting books.","publisher":{"@id":"https:\/\/teiaeducation.ch\/de\/#organization"},"alternateName":"Teia Education & Play","potentialAction":[{"@type":"SearchAction","target":{"@type":"EntryPoint","urlTemplate":"https:\/\/teiaeducation.ch\/de\/?s={search_term_string}"},"query-input":{"@type":"PropertyValueSpecification","valueRequired":true,"valueName":"search_term_string"}}],"inLanguage":"de-CH"},{"@type":"Organization","@id":"https:\/\/teiaeducation.ch\/de\/#organization","name":"Teia Education & Play","url":"https:\/\/teiaeducation.ch\/de\/","logo":{"@type":"ImageObject","inLanguage":"de-CH","@id":"https:\/\/teiaeducation.ch\/de\/#\/schema\/logo\/image\/","url":"https:\/\/teiaeducation.ch\/wp-content\/uploads\/2020\/11\/Teia-Education-Switzerland-e1620156442216.jpg","contentUrl":"https:\/\/teiaeducation.ch\/wp-content\/uploads\/2020\/11\/Teia-Education-Switzerland-e1620156442216.jpg","width":166,"height":145,"caption":"Teia Education & Play"},"image":{"@id":"https:\/\/teiaeducation.ch\/de\/#\/schema\/logo\/image\/"},"sameAs":["https:\/\/www.facebook.com\/teiaeducation\/","https:\/\/x.com\/EducationTeia","https:\/\/www.instagram.com\/teia.education\/","https:\/\/www.linkedin.com\/company\/35501660","https:\/\/www.pinterest.ch\/TeiaEducation\/"]}]}},"_links":{"self":[{"href":"https:\/\/teiaeducation.ch\/de\/wp-json\/wp\/v2\/product\/42811","targetHints":{"allow":["GET"]}}],"collection":[{"href":"https:\/\/teiaeducation.ch\/de\/wp-json\/wp\/v2\/product"}],"about":[{"href":"https:\/\/teiaeducation.ch\/de\/wp-json\/wp\/v2\/types\/product"}],"replies":[{"embeddable":true,"href":"https:\/\/teiaeducation.ch\/de\/wp-json\/wp\/v2\/comments?post=42811"}],"wp:featuredmedia":[{"embeddable":true,"href":"https:\/\/teiaeducation.ch\/de\/wp-json\/wp\/v2\/media\/42827"}],"wp:attachment":[{"href":"https:\/\/teiaeducation.ch\/de\/wp-json\/wp\/v2\/media?parent=42811"}],"wp:term":[{"taxonomy":"product_brand","embeddable":true,"href":"https:\/\/teiaeducation.ch\/de\/wp-json\/wp\/v2\/product_brand?post=42811"},{"taxonomy":"product_cat","embeddable":true,"href":"https:\/\/teiaeducation.ch\/de\/wp-json\/wp\/v2\/product_cat?post=42811"},{"taxonomy":"product_tag","embeddable":true,"href":"https:\/\/teiaeducation.ch\/de\/wp-json\/wp\/v2\/product_tag?post=42811"}],"curies":[{"name":"wp","href":"https:\/\/api.w.org\/{rel}","templated":true}]}}