{"id":42975,"date":"2021-12-09T13:23:12","date_gmt":"2021-12-09T12:23:12","guid":{"rendered":"https:\/\/teiaeducation.ch\/?post_type=product&#038;p=42975"},"modified":"2026-03-13T13:59:20","modified_gmt":"2026-03-13T12:59:20","slug":"brass-candle-holder-gluckskafer","status":"publish","type":"product","link":"https:\/\/teiaeducation.ch\/de\/produkt\/brass-candle-holder-gluckskafer\/","title":{"rendered":"Brass candle holder &#8211; Gl\u00fccksk\u00e4fer"},"content":{"rendered":"<p>The brass candle holder is an insert accessory from our <a href=\"https:\/\/teiaeducation.ch\/product-category\/celebrations\/\">celebrations collection<\/a> to turn your Gl\u00fccksk\u00e4fer birthday ring, Christmas advent ring or Waldorf celebrations ring into a candleholder. This holder fits into the Gl\u00fccksk\u00e4fer <a href=\"https:\/\/teiaeducation.ch\/product\/birthday-ring-natural-wood-gluckskafer\/\">birthday rings<\/a>, <a href=\"https:\/\/teiaeducation.ch\/product\/wooden-birthday-train-gluckskafer\/\">birthday train<\/a>, as well as any Grimm&#8217;s\u00a0Spiel und Holz\u00a0celebration <a href=\"https:\/\/teiaeducation.ch\/product\/small-natural-wood-birthday-ring-grimms\/\">rings<\/a>, birthday and advent <a href=\"https:\/\/teiaeducation.ch\/product\/colourful-birthday-spiral-grimms\/\">spiral<\/a>. The insert holder has been sized to fit our range of birthday ring <a href=\"https:\/\/teiaeducation.ch\/?s=candle+gluckskafer&amp;post_type=product&amp;lang=en\">candles<\/a> only.<\/p>\n<p>Sold individually. Please note candles will not stand in the various rings and spirals without this insert.<\/p>\n<p>The brass candle holder is made in Germany by AHS Spielzeug for Gl\u00fccksk\u00e4fer.<\/p>\n<p>Warning! The Gl\u00fccksk\u00e4fer brass candle holder insert is not a safety device. This\u00a0is a decorative item and is not suitable for playing. Candles may still burn the wooden support used in conjunction such as the celebrations ring if left unattended. Please always use caution when burning candles.<\/p>\n<p>For safety if using candles, please use candle holders and ensure that there is no draft and that no decorative figure is near the flames. This item \u00a0is suited for children aged 14 years and up.<\/p>\n<p>Contents:<\/p>\n<p>1 brass candle holder<\/p>\n<h2>About Gl\u00fccksk\u00e4fer<\/h2>\n<p>German brand Gl\u00fccksk\u00e4fer is a small, ethical, family-run company that has been producing high-quality traditional\u00a0toys\u00a0for over 60 years. Designed following\u00a0<a href=\"https:\/\/teiaeducation.ch\/product-category\/education-method\/waldorf-steiner-toys-craft-materials\/\">Waldorf<\/a>\u00a0and\u00a0<a href=\"https:\/\/teiaeducation.ch\/product-category\/education-method\/the-montessori-pedagogy-materials-toys\/\">Montessori<\/a> principles and in collaboration with pedagogues, parents, doctors and midwives, the beautiful handmade Gl\u00fccksk\u00e4fer <a href=\"https:\/\/teiaeducation.ch\/product-category\/hgh-quality-toys-play\/\">toys<\/a>\u00a0aim to promote a child\u2019s development through creative and independent play. Their range of handmade toys and colourful play sets are a beautiful addition to toy shelves, a play room or to be featured in a window still!<\/p>\n<p>Ideal for playing with at home, nursery, Waldorf or <a href=\"https:\/\/teiaeducation.ch\/waldorf-steiner-schools-supplies\/\">Rudolf Steiner school<\/a>, the range of <a href=\"https:\/\/teiaeducation.ch\/product-category\/brands\/gluckskafer\/\">Gl\u00fccksk\u00e4fer<\/a> colourful shapes toys are\u00a0crafted by hand according to the <a href=\"https:\/\/teiaeducation.ch\/product-category\/hgh-quality-toys-play\/waldorf-toys\/\">Waldorf<\/a> philosophy which is well-known to encourage children to discover creative play independently and without limitations. The <a href=\"https:\/\/teiaeducation.ch\/product-category\/hgh-quality-toys-play\/handmade-wooden-toys\/\">wooden toys<\/a> are coloured by hand with non-toxic water-based paints and are not finished with lacquer to ensure the original characteristics of the wood and the grain shows through. The surface of the FSC certified European wood pieces are left slightly rough making them fully stackable and less slippery.<\/p>\n<p>Gl\u00fccksk\u00e4fer&#8217;s Waldorf-inspired wooden toys, range of children\u2019s tools, <a href=\"https:\/\/teiaeducation.ch\/product-category\/play\/imaginative-role-play\/\">pretend play<\/a> toys, children\u2019s furniture, wooden\u00a0<a href=\"https:\/\/teiaeducation.ch\/product-category\/celebrations\/birthdays\/\">birthday<\/a>\u00a0decorations and Waldorf <a href=\"https:\/\/teiaeducation.ch\/product-category\/creative-art-craft\/crafting-tools-storage\/\">crafting tools<\/a> are designed in Germany and made in Europe. The brand is part of traditional German toy makers Nic Toys, renowned for the highest standards of quality products designed to support child development manufactured ethically and sustainably.<\/p>\n<p>Each Gl\u00fccksk\u00e4fer toy is\u00a0CE certified and complies with the European standard for toy safety (EN 71).<\/p>\n","protected":false},"excerpt":{"rendered":"<p>Item number: 522701<\/p>\n<p>A brass\u00a0insert accessory to turn your Gl\u00fccksk\u00e4fer birthday ring, Christmas advent ring or Waldorf celebrations ring into a candle holder<\/p>\n","protected":false},"featured_media":42984,"comment_status":"open","ping_status":"closed","template":"","meta":[],"product_brand":[32328,32332],"product_cat":[119,16822,22275,16982,7061,24848,12030,16874,22276,5155,120,10283,22278,22322,18767,870,22767,22274],"product_tag":[11948,13454,12007,15583,13508,18007,5898,8474,12029,11950],"class_list":{"0":"post-42975","1":"product","2":"type-product","3":"status-publish","4":"has-post-thumbnail","6":"product_brand-gluckskafer","7":"product_brand-grimms","8":"product_cat-age-range","9":"product_cat-autumn-collection","10":"product_cat-birthdays","11":"product_cat-celebrations","12":"product_cat-learning-materials-toys-montessori-waldorf-froebel","13":"product_cat-family-celebrations-rituals","14":"product_cat-gluckskafer-brands","15":"product_cat-grimms","16":"product_cat-nature-seasonal-tables","17":"product_cat-new-arrivals","18":"product_cat-brands","19":"product_cat-hgh-quality-toys-play","20":"product_cat-rituals-advent","21":"product_cat-seasonal-collections","22":"product_cat-spring-collection","23":"product_cat-waldorf-steiner-toys-craft-materials","24":"product_cat-waldorf-toys","25":"product_cat-winter-collection","26":"product_tag-gluckskafer","27":"product_tag-gluckskafer-colourful-shapes-range","28":"product_tag-gluckskafer-colourful-shapes-wood","29":"product_tag-gluckskafer-colourful-shapes-wooden","30":"product_tag-gluckskafer-switzerland","31":"product_tag-handmade-wooden-spinning-top-gluckskafer","32":"product_tag-handmade-wooden-toys","33":"product_tag-made-in-germany","34":"product_tag-waldorf-wooden-toy","35":"product_tag-waldorf-wooden-toys","37":"first","38":"outofstock","39":"taxable","40":"shipping-taxable","41":"purchasable","42":"product-type-simple"},"yoast_head":"<!-- This site is optimized with the Yoast SEO plugin v27.1.1 - https:\/\/yoast.com\/product\/yoast-seo-wordpress\/ -->\n<title>Brass candle holder - Gl\u00fccksk\u00e4fer - Teia Education &amp; Play<\/title>\n<meta name=\"description\" content=\"A brass\u00a0insert accessory to turn your Gl\u00fccksk\u00e4fer birthday ring, Christmas advent ring or Waldorf celebrations ring into a candle holder\" \/>\n<meta name=\"robots\" content=\"index, follow, max-snippet:-1, max-image-preview:large, max-video-preview:-1\" \/>\n<link rel=\"canonical\" href=\"https:\/\/teiaeducation.ch\/de\/produkt\/brass-candle-holder-gluckskafer\/\" \/>\n<meta property=\"og:locale\" content=\"de_DE\" \/>\n<meta property=\"og:type\" content=\"article\" \/>\n<meta property=\"og:title\" content=\"Brass candle holder - Gl\u00fccksk\u00e4fer - Teia Education &amp; Play\" \/>\n<meta property=\"og:description\" content=\"A brass\u00a0insert accessory to turn your Gl\u00fccksk\u00e4fer birthday ring, Christmas advent ring or Waldorf celebrations ring into a candle holder\" \/>\n<meta property=\"og:url\" content=\"https:\/\/teiaeducation.ch\/de\/produkt\/brass-candle-holder-gluckskafer\/\" \/>\n<meta property=\"og:site_name\" content=\"Sustainable Educational Products &amp; Ecological Toys\u00a0\" \/>\n<meta property=\"article:publisher\" content=\"https:\/\/www.facebook.com\/teiaeducation\/\" \/>\n<meta property=\"article:modified_time\" content=\"2026-03-13T12:59:20+00:00\" \/>\n<meta property=\"og:image\" content=\"https:\/\/teiaeducation.ch\/wp-content\/uploads\/2021\/12\/Brass-candle-holder-Waldorf-celebrations-ring-accessory-Gluckskafer-2.jpg\" \/>\n\t<meta property=\"og:image:width\" content=\"922\" \/>\n\t<meta property=\"og:image:height\" content=\"900\" \/>\n\t<meta property=\"og:image:type\" content=\"image\/jpeg\" \/>\n<script type=\"application\/ld+json\" class=\"yoast-schema-graph\">{\"@context\":\"https:\/\/schema.org\",\"@graph\":[{\"@type\":\"WebPage\",\"@id\":\"https:\/\/teiaeducation.ch\/de\/produkt\/brass-candle-holder-gluckskafer\/\",\"url\":\"https:\/\/teiaeducation.ch\/de\/produkt\/brass-candle-holder-gluckskafer\/\",\"name\":\"Brass candle holder - Gl\u00fccksk\u00e4fer - Teia Education & Play\",\"isPartOf\":{\"@id\":\"https:\/\/teiaeducation.ch\/de\/#website\"},\"primaryImageOfPage\":{\"@id\":\"https:\/\/teiaeducation.ch\/de\/produkt\/brass-candle-holder-gluckskafer\/#primaryimage\"},\"image\":{\"@id\":\"https:\/\/teiaeducation.ch\/de\/produkt\/brass-candle-holder-gluckskafer\/#primaryimage\"},\"thumbnailUrl\":\"https:\/\/teiaeducation.ch\/wp-content\/uploads\/2021\/12\/Brass-candle-holder-Waldorf-celebrations-ring-accessory-Gluckskafer-2.jpg\",\"datePublished\":\"2021-12-09T12:23:12+00:00\",\"dateModified\":\"2026-03-13T12:59:20+00:00\",\"description\":\"A brass\u00a0insert accessory to turn your Gl\u00fccksk\u00e4fer birthday ring, Christmas advent ring or Waldorf celebrations ring into a candle holder\",\"breadcrumb\":{\"@id\":\"https:\/\/teiaeducation.ch\/de\/produkt\/brass-candle-holder-gluckskafer\/#breadcrumb\"},\"inLanguage\":\"de-CH\",\"potentialAction\":[{\"@type\":\"ReadAction\",\"target\":[\"https:\/\/teiaeducation.ch\/de\/produkt\/brass-candle-holder-gluckskafer\/\"]}]},{\"@type\":\"ImageObject\",\"inLanguage\":\"de-CH\",\"@id\":\"https:\/\/teiaeducation.ch\/de\/produkt\/brass-candle-holder-gluckskafer\/#primaryimage\",\"url\":\"https:\/\/teiaeducation.ch\/wp-content\/uploads\/2021\/12\/Brass-candle-holder-Waldorf-celebrations-ring-accessory-Gluckskafer-2.jpg\",\"contentUrl\":\"https:\/\/teiaeducation.ch\/wp-content\/uploads\/2021\/12\/Brass-candle-holder-Waldorf-celebrations-ring-accessory-Gluckskafer-2.jpg\",\"width\":922,\"height\":900,\"caption\":\"Brass candle holder : Waldorf celebrations ring accessory\u00a0- Gl\u00fccksk\u00e4fer\"},{\"@type\":\"BreadcrumbList\",\"@id\":\"https:\/\/teiaeducation.ch\/de\/produkt\/brass-candle-holder-gluckskafer\/#breadcrumb\",\"itemListElement\":[{\"@type\":\"ListItem\",\"position\":1,\"name\":\"Home\",\"item\":\"https:\/\/teiaeducation.ch\/de\/\"},{\"@type\":\"ListItem\",\"position\":2,\"name\":\"Laden\",\"item\":\"https:\/\/teiaeducation.ch\/de\/shop\/\"},{\"@type\":\"ListItem\",\"position\":3,\"name\":\"Unsere Marken\",\"item\":\"https:\/\/teiaeducation.ch\/de\/produkt-kategorie\/unsere-marken\/\"},{\"@type\":\"ListItem\",\"position\":4,\"name\":\"Gl\u00fccksk\u00e4fer\",\"item\":\"https:\/\/teiaeducation.ch\/de\/produkt-kategorie\/unsere-marken\/glueckskaefer\/\"},{\"@type\":\"ListItem\",\"position\":5,\"name\":\"Brass candle holder &#8211; Gl\u00fccksk\u00e4fer\"}]},{\"@type\":\"WebSite\",\"@id\":\"https:\/\/teiaeducation.ch\/de\/#website\",\"url\":\"https:\/\/teiaeducation.ch\/de\/\",\"name\":\"Sustainable Educational Products &amp; Ecological Toys\u00a0\",\"description\":\"Specialised Swiss shop selling sustainable educational toys and games, AMI certified Montessori materials, handmade ecological wooden Waldorf toys and arts &amp; crafts supplies, school supplies, children&#039;s furniture and Montessori reference and parenting books.\",\"publisher\":{\"@id\":\"https:\/\/teiaeducation.ch\/de\/#organization\"},\"alternateName\":\"Teia Education & Play\",\"potentialAction\":[{\"@type\":\"SearchAction\",\"target\":{\"@type\":\"EntryPoint\",\"urlTemplate\":\"https:\/\/teiaeducation.ch\/de\/?s={search_term_string}\"},\"query-input\":{\"@type\":\"PropertyValueSpecification\",\"valueRequired\":true,\"valueName\":\"search_term_string\"}}],\"inLanguage\":\"de-CH\"},{\"@type\":\"Organization\",\"@id\":\"https:\/\/teiaeducation.ch\/de\/#organization\",\"name\":\"Teia Education & Play\",\"url\":\"https:\/\/teiaeducation.ch\/de\/\",\"logo\":{\"@type\":\"ImageObject\",\"inLanguage\":\"de-CH\",\"@id\":\"https:\/\/teiaeducation.ch\/de\/#\/schema\/logo\/image\/\",\"url\":\"https:\/\/teiaeducation.ch\/wp-content\/uploads\/2020\/11\/Teia-Education-Switzerland-e1620156442216.jpg\",\"contentUrl\":\"https:\/\/teiaeducation.ch\/wp-content\/uploads\/2020\/11\/Teia-Education-Switzerland-e1620156442216.jpg\",\"width\":166,\"height\":145,\"caption\":\"Teia Education & Play\"},\"image\":{\"@id\":\"https:\/\/teiaeducation.ch\/de\/#\/schema\/logo\/image\/\"},\"sameAs\":[\"https:\/\/www.facebook.com\/teiaeducation\/\",\"https:\/\/x.com\/EducationTeia\",\"https:\/\/www.instagram.com\/teia.education\/\",\"https:\/\/www.linkedin.com\/company\/35501660\",\"https:\/\/www.pinterest.ch\/TeiaEducation\/\"]}]}<\/script>\n<!-- \/ Yoast SEO plugin. -->","yoast_head_json":{"title":"Brass candle holder - Gl\u00fccksk\u00e4fer - Teia Education & Play","description":"A brass\u00a0insert accessory to turn your Gl\u00fccksk\u00e4fer birthday ring, Christmas advent ring or Waldorf celebrations ring into a candle holder","robots":{"index":"index","follow":"follow","max-snippet":"max-snippet:-1","max-image-preview":"max-image-preview:large","max-video-preview":"max-video-preview:-1"},"canonical":"https:\/\/teiaeducation.ch\/de\/produkt\/brass-candle-holder-gluckskafer\/","og_locale":"de_DE","og_type":"article","og_title":"Brass candle holder - Gl\u00fccksk\u00e4fer - Teia Education & Play","og_description":"A brass\u00a0insert accessory to turn your Gl\u00fccksk\u00e4fer birthday ring, Christmas advent ring or Waldorf celebrations ring into a candle holder","og_url":"https:\/\/teiaeducation.ch\/de\/produkt\/brass-candle-holder-gluckskafer\/","og_site_name":"Sustainable Educational Products &amp; Ecological Toys\u00a0","article_publisher":"https:\/\/www.facebook.com\/teiaeducation\/","article_modified_time":"2026-03-13T12:59:20+00:00","og_image":[{"width":922,"height":900,"url":"https:\/\/teiaeducation.ch\/wp-content\/uploads\/2021\/12\/Brass-candle-holder-Waldorf-celebrations-ring-accessory-Gluckskafer-2.jpg","type":"image\/jpeg"}],"schema":{"@context":"https:\/\/schema.org","@graph":[{"@type":"WebPage","@id":"https:\/\/teiaeducation.ch\/de\/produkt\/brass-candle-holder-gluckskafer\/","url":"https:\/\/teiaeducation.ch\/de\/produkt\/brass-candle-holder-gluckskafer\/","name":"Brass candle holder - Gl\u00fccksk\u00e4fer - Teia Education & Play","isPartOf":{"@id":"https:\/\/teiaeducation.ch\/de\/#website"},"primaryImageOfPage":{"@id":"https:\/\/teiaeducation.ch\/de\/produkt\/brass-candle-holder-gluckskafer\/#primaryimage"},"image":{"@id":"https:\/\/teiaeducation.ch\/de\/produkt\/brass-candle-holder-gluckskafer\/#primaryimage"},"thumbnailUrl":"https:\/\/teiaeducation.ch\/wp-content\/uploads\/2021\/12\/Brass-candle-holder-Waldorf-celebrations-ring-accessory-Gluckskafer-2.jpg","datePublished":"2021-12-09T12:23:12+00:00","dateModified":"2026-03-13T12:59:20+00:00","description":"A brass\u00a0insert accessory to turn your Gl\u00fccksk\u00e4fer birthday ring, Christmas advent ring or Waldorf celebrations ring into a candle holder","breadcrumb":{"@id":"https:\/\/teiaeducation.ch\/de\/produkt\/brass-candle-holder-gluckskafer\/#breadcrumb"},"inLanguage":"de-CH","potentialAction":[{"@type":"ReadAction","target":["https:\/\/teiaeducation.ch\/de\/produkt\/brass-candle-holder-gluckskafer\/"]}]},{"@type":"ImageObject","inLanguage":"de-CH","@id":"https:\/\/teiaeducation.ch\/de\/produkt\/brass-candle-holder-gluckskafer\/#primaryimage","url":"https:\/\/teiaeducation.ch\/wp-content\/uploads\/2021\/12\/Brass-candle-holder-Waldorf-celebrations-ring-accessory-Gluckskafer-2.jpg","contentUrl":"https:\/\/teiaeducation.ch\/wp-content\/uploads\/2021\/12\/Brass-candle-holder-Waldorf-celebrations-ring-accessory-Gluckskafer-2.jpg","width":922,"height":900,"caption":"Brass candle holder : Waldorf celebrations ring accessory\u00a0- Gl\u00fccksk\u00e4fer"},{"@type":"BreadcrumbList","@id":"https:\/\/teiaeducation.ch\/de\/produkt\/brass-candle-holder-gluckskafer\/#breadcrumb","itemListElement":[{"@type":"ListItem","position":1,"name":"Home","item":"https:\/\/teiaeducation.ch\/de\/"},{"@type":"ListItem","position":2,"name":"Laden","item":"https:\/\/teiaeducation.ch\/de\/shop\/"},{"@type":"ListItem","position":3,"name":"Unsere Marken","item":"https:\/\/teiaeducation.ch\/de\/produkt-kategorie\/unsere-marken\/"},{"@type":"ListItem","position":4,"name":"Gl\u00fccksk\u00e4fer","item":"https:\/\/teiaeducation.ch\/de\/produkt-kategorie\/unsere-marken\/glueckskaefer\/"},{"@type":"ListItem","position":5,"name":"Brass candle holder &#8211; Gl\u00fccksk\u00e4fer"}]},{"@type":"WebSite","@id":"https:\/\/teiaeducation.ch\/de\/#website","url":"https:\/\/teiaeducation.ch\/de\/","name":"Sustainable Educational Products &amp; Ecological Toys\u00a0","description":"Specialised Swiss shop selling sustainable educational toys and games, AMI certified Montessori materials, handmade ecological wooden Waldorf toys and arts &amp; crafts supplies, school supplies, children&#039;s furniture and Montessori reference and parenting books.","publisher":{"@id":"https:\/\/teiaeducation.ch\/de\/#organization"},"alternateName":"Teia Education & Play","potentialAction":[{"@type":"SearchAction","target":{"@type":"EntryPoint","urlTemplate":"https:\/\/teiaeducation.ch\/de\/?s={search_term_string}"},"query-input":{"@type":"PropertyValueSpecification","valueRequired":true,"valueName":"search_term_string"}}],"inLanguage":"de-CH"},{"@type":"Organization","@id":"https:\/\/teiaeducation.ch\/de\/#organization","name":"Teia Education & Play","url":"https:\/\/teiaeducation.ch\/de\/","logo":{"@type":"ImageObject","inLanguage":"de-CH","@id":"https:\/\/teiaeducation.ch\/de\/#\/schema\/logo\/image\/","url":"https:\/\/teiaeducation.ch\/wp-content\/uploads\/2020\/11\/Teia-Education-Switzerland-e1620156442216.jpg","contentUrl":"https:\/\/teiaeducation.ch\/wp-content\/uploads\/2020\/11\/Teia-Education-Switzerland-e1620156442216.jpg","width":166,"height":145,"caption":"Teia Education & Play"},"image":{"@id":"https:\/\/teiaeducation.ch\/de\/#\/schema\/logo\/image\/"},"sameAs":["https:\/\/www.facebook.com\/teiaeducation\/","https:\/\/x.com\/EducationTeia","https:\/\/www.instagram.com\/teia.education\/","https:\/\/www.linkedin.com\/company\/35501660","https:\/\/www.pinterest.ch\/TeiaEducation\/"]}]}},"_links":{"self":[{"href":"https:\/\/teiaeducation.ch\/de\/wp-json\/wp\/v2\/product\/42975","targetHints":{"allow":["GET"]}}],"collection":[{"href":"https:\/\/teiaeducation.ch\/de\/wp-json\/wp\/v2\/product"}],"about":[{"href":"https:\/\/teiaeducation.ch\/de\/wp-json\/wp\/v2\/types\/product"}],"replies":[{"embeddable":true,"href":"https:\/\/teiaeducation.ch\/de\/wp-json\/wp\/v2\/comments?post=42975"}],"wp:featuredmedia":[{"embeddable":true,"href":"https:\/\/teiaeducation.ch\/de\/wp-json\/wp\/v2\/media\/42984"}],"wp:attachment":[{"href":"https:\/\/teiaeducation.ch\/de\/wp-json\/wp\/v2\/media?parent=42975"}],"wp:term":[{"taxonomy":"product_brand","embeddable":true,"href":"https:\/\/teiaeducation.ch\/de\/wp-json\/wp\/v2\/product_brand?post=42975"},{"taxonomy":"product_cat","embeddable":true,"href":"https:\/\/teiaeducation.ch\/de\/wp-json\/wp\/v2\/product_cat?post=42975"},{"taxonomy":"product_tag","embeddable":true,"href":"https:\/\/teiaeducation.ch\/de\/wp-json\/wp\/v2\/product_tag?post=42975"}],"curies":[{"name":"wp","href":"https:\/\/api.w.org\/{rel}","templated":true}]}}