{"id":43176,"date":"2021-12-16T15:12:40","date_gmt":"2021-12-16T17:44:20","guid":{"rendered":"https:\/\/teiaeducation.ch\/product\/stapelsteine-sassi-gentili\/"},"modified":"2021-12-16T20:48:26","modified_gmt":"2021-12-16T19:48:26","slug":"stapelsteine-aus-holz-sassi-gentili","status":"publish","type":"product","link":"https:\/\/teiaeducation.ch\/de\/produkt\/stapelsteine-aus-holz-sassi-gentili\/","title":{"rendered":"Stapelsteine &#8211; Sassi Gentili"},"content":{"rendered":"<p>Farbige Stapelsteine aus Holz &#8211; Sassi Gentili<\/p>\n<p>Die sch\u00f6nen Sassi Gentili Stapelsteine aus Holz werden Ihren Kindern stundenlanges, ruhiges Spiel ohne Bildschirm bieten! Diese facettenreichen Holzkl\u00f6tze in wundersch\u00f6nen Regenbogenfarben sehen aus wie Felsen oder Edelsteine und lassen sich prima stapeln.<\/p>\n<p>Inspiriert von der <a href=\"https:\/\/teiaeducation.ch\/de\/produkt-kategorie\/bildungsmethode\/montessori-paedagogik-material-spielzeug\/\">Montessori<\/a>-P\u00e4dagogik, f\u00f6rdert das Spielen mit den Sassi Gentili Stapelsteine Logik, Motorik und Kreativit\u00e4t, alles grundlegende Elemente der kindlichen Entwicklung. Verwenden Sie sie in Z\u00e4hl-, Sortier- und Balancierspielen, um auf spielerische Weise Konzentration und Aufmerksamkeit zu f\u00f6rdern, oder lassen Sie die Kinder sie im freien Spiel nach Belieben erkunden. Auch Erwachsene werden das Spiel lieben!<\/p>\n<p>Dieses wundersch\u00f6ne Set aus Stapelsteine aus Holz enth\u00e4lt 21 St\u00fccke in lebhaften Farben und verschiedenen Gr\u00f6\u00dfen, darunter gro\u00df (5 x 3,4 cm), mittel (3,6 x 2,4 cm) und klein (4 x 2,2 cm). <span style=\"font-weight: 400;\">Jede Packung enth\u00e4lt einen praktischen Aufbewahrungsbeutel aus Leinen.<\/span> Die Geschenkbox misst 12 x 12 x 20cm.<\/p>\n<p>Die Sassi Gentili Stapelsteine werden nachhaltig in Italien aus 100% FSC-zertifiziertem Buchenholz hergestellt. Alle Farben sind ungiftig und auf pflanzlicher Basis, mit nat\u00fcrlichen Farben und Harzen, die aus Kiefern und Apfelb\u00e4umen gewonnen werden. Die Stapelsteine von Sassi Gentili sind CE-zertifiziert und entsprechen der Richtlinie 2009\/48\/EG und den Sicherheitsnormen EN71-3.<\/p>\n<p>Sassi Gentili ist eine ethische italienische Spielzeugmarke, die nat\u00fcrliche Holzspielzeuge und Lernspiele f\u00fcr inspirierendes, bildschirmfreies Spielen herstellt. Jede Phase der Herstellung und der Bemalung ist umweltfreundlich und ber\u00fccksichtigt die Sicherheit des Kindes. F\u00fcr jedes verkaufte Produkt pflanzt Sassi Gentili einen Baum mit Ecologi. Diese aufregende neue Marke wurde im Jahr 2020 gegr\u00fcndet, nachdem die Gr\u00fcnder zu Beginn der COVID-19-Pandemie ihren Arbeitsplatz verloren hatten. Ihre beiden Ziele waren, ein Unternehmen zu schaffen, das zu 100 % umweltfreundlich ist und sich auch auf soziale Fragen und Vielfalt konzentriert.<\/p>\n<p>Alle f\u00fcr die Spielzeuge von Sassi Gentili verwendeten Materialien, von den Rohstoffen bis zur Verpackung, sind FSC-zertifiziert, recycelt oder recycelbar. Sassi Gentili arbeitet mit ECOLOGI zusammen, um f\u00fcr jedes verkaufte Produkt einen Baum zu pflanzen und 5% des Umsatzes an den Verein &#8220;Senza Limiti&#8221; zu spenden, der sich f\u00fcr sportliche Aktivit\u00e4ten von Kindern und Jugendlichen mit Behinderungen einsetzt.<\/p>\n<p>Die Sassi Gentili Stapelsteine aus Holz sind f\u00fcr Kinder ab 3 Jahren geeignet. Bitte w\u00e4hlen Sie die gew\u00fcnschte Sprache der Verpackung.<\/p>\n<p>Inhalt:<\/p>\n<p>21 Stapelsteine aus Holz<br \/>\n1 Aufbewahrungsbeutel aus Leinen<br \/>\n1 Geschenkbox aus Karton.<\/p>\n","protected":false},"excerpt":{"rendered":"<p>Artikel Nummer: SGST001<\/p>\n<p>Die Farbige Sassi Gentili Stapelsteine aus Holz sind von der Montessori-P\u00e4dagogik inspiriert und werden nachhaltig in Italien hergestellt.<\/p>\n","protected":false},"featured_media":43163,"comment_status":"open","ping_status":"closed","template":"","meta":[],"product_brand":[],"product_cat":[21444,21445,21704,21479,21690,21670,21487,21484,22422,23075,21509,21481,22182,21559,21443,21689,21563,22362,22242,21557,21695,23636,21697,21678,21699,21482,21564],"product_tag":[22248,22249,22251,22250,22247,22243,22244,22241,22245,22246,22252],"class_list":{"0":"post-43176","1":"product","2":"type-product","3":"status-publish","4":"has-post-thumbnail","6":"product_cat-1-3-jahre-kleinkind","7":"product_cat-3-6-jahre-vorschule","8":"product_cat-baukloetze-aus-holz","9":"product_cat-lernmaterialien-spielzeug-montessori-waldorf-steiner-froebel","10":"product_cat-spiele-mit-offenem-ende","11":"product_cat-fruehjahrskollektion","12":"product_cat-geschenk-guide-3-6-jahre-vorschule","13":"product_cat-geschenk-guides","14":"product_cat-geschenke-fuer-das-osterkoerbchen","15":"product_cat-handgefertigtes-holzspielzeug","16":"product_cat-lernthemen","17":"product_cat-montessori-paedagogik-material-spielzeug","18":"product_cat-montessori-spielzeug","19":"product_cat-motorische-fertigkeiten","20":"product_cat-nach-alter","21":"product_cat-naturspiel","22":"product_cat-neuheiten","23":"product_cat-saisonale-kollektionen","24":"product_cat-sassi-gentili-de","25":"product_cat-sensorische-motorische-fertigkeiten","26":"product_cat-sinnliches-spiel","27":"product_cat-sommer-kollektion","28":"product_cat-sortieren","29":"product_cat-kinder-spielzeug","30":"product_cat-stapelspielzeug","31":"product_cat-traditionelle-bildung","32":"product_cat-unsere-marken","33":"product_tag-art-steine","34":"product_tag-balanciersteine","35":"product_tag-felsen-aus-holz","36":"product_tag-holz-edelsteine","37":"product_tag-sanfte-steine","38":"product_tag-sassi-gentili-de","39":"product_tag-spielzeug-hergestellt-in-italien","40":"product_tag-stapelspielzeug-aus-holz","41":"product_tag-stapelsteine-aus-holz","42":"product_tag-stapelsteine-aus-holz-de","43":"product_tag-umweltfreundliches-holzspielzeug","45":"first","46":"outofstock","47":"taxable","48":"shipping-taxable","49":"purchasable","50":"product-type-variable"},"yoast_head":"<!-- This site is optimized with the Yoast SEO plugin v27.1.1 - https:\/\/yoast.com\/product\/yoast-seo-wordpress\/ -->\n<title>Farbige Stapelsteine aus Holz - Sassi Gentili - Teia Education &amp; Play<\/title>\n<meta name=\"description\" content=\"Die Farbige Sassi Gentili Stapelsteine aus Holz sind von der Montessori-P\u00e4dagogik inspiriert und werden nachhaltig in Italien hergestellt.\" \/>\n<meta name=\"robots\" content=\"index, follow, max-snippet:-1, max-image-preview:large, max-video-preview:-1\" \/>\n<link rel=\"canonical\" href=\"https:\/\/teiaeducation.ch\/de\/produkt\/stapelsteine-aus-holz-sassi-gentili\/\" \/>\n<meta property=\"og:locale\" content=\"de_DE\" \/>\n<meta property=\"og:type\" content=\"article\" \/>\n<meta property=\"og:title\" content=\"Farbige Stapelsteine aus Holz - Sassi Gentili - Teia Education &amp; Play\" \/>\n<meta property=\"og:description\" content=\"Die Farbige Sassi Gentili Stapelsteine aus Holz sind von der Montessori-P\u00e4dagogik inspiriert und werden nachhaltig in Italien hergestellt.\" \/>\n<meta property=\"og:url\" content=\"https:\/\/teiaeducation.ch\/de\/produkt\/stapelsteine-aus-holz-sassi-gentili\/\" \/>\n<meta property=\"og:site_name\" content=\"Sustainable Educational Products &amp; Ecological Toys\u00a0\" \/>\n<meta property=\"article:publisher\" content=\"https:\/\/www.facebook.com\/teiaeducation\/\" \/>\n<meta property=\"article:modified_time\" content=\"2021-12-16T19:48:26+00:00\" \/>\n<meta property=\"og:image\" content=\"https:\/\/teiaeducation.ch\/wp-content\/uploads\/2021\/12\/Handmade-Wooden-Stacking-Rocks-Coloured_Sassi-Gentili1.webp\" \/>\n\t<meta property=\"og:image:width\" content=\"1080\" \/>\n\t<meta property=\"og:image:height\" content=\"1439\" \/>\n\t<meta property=\"og:image:type\" content=\"image\/webp\" \/>\n<script type=\"application\/ld+json\" class=\"yoast-schema-graph\">{\"@context\":\"https:\/\/schema.org\",\"@graph\":[{\"@type\":\"WebPage\",\"@id\":\"https:\/\/teiaeducation.ch\/de\/produkt\/stapelsteine-aus-holz-sassi-gentili\/\",\"url\":\"https:\/\/teiaeducation.ch\/de\/produkt\/stapelsteine-aus-holz-sassi-gentili\/\",\"name\":\"Farbige Stapelsteine aus Holz - Sassi Gentili - Teia Education & Play\",\"isPartOf\":{\"@id\":\"https:\/\/teiaeducation.ch\/de\/#website\"},\"primaryImageOfPage\":{\"@id\":\"https:\/\/teiaeducation.ch\/de\/produkt\/stapelsteine-aus-holz-sassi-gentili\/#primaryimage\"},\"image\":{\"@id\":\"https:\/\/teiaeducation.ch\/de\/produkt\/stapelsteine-aus-holz-sassi-gentili\/#primaryimage\"},\"thumbnailUrl\":\"https:\/\/teiaeducation.ch\/wp-content\/uploads\/2021\/12\/Handmade-Wooden-Stacking-Rocks-Coloured_Sassi-Gentili1.webp\",\"datePublished\":\"2021-12-16T17:44:20+00:00\",\"dateModified\":\"2021-12-16T19:48:26+00:00\",\"description\":\"Die Farbige Sassi Gentili Stapelsteine aus Holz sind von der Montessori-P\u00e4dagogik inspiriert und werden nachhaltig in Italien hergestellt.\",\"breadcrumb\":{\"@id\":\"https:\/\/teiaeducation.ch\/de\/produkt\/stapelsteine-aus-holz-sassi-gentili\/#breadcrumb\"},\"inLanguage\":\"de-CH\",\"potentialAction\":[{\"@type\":\"ReadAction\",\"target\":[\"https:\/\/teiaeducation.ch\/de\/produkt\/stapelsteine-aus-holz-sassi-gentili\/\"]}]},{\"@type\":\"ImageObject\",\"inLanguage\":\"de-CH\",\"@id\":\"https:\/\/teiaeducation.ch\/de\/produkt\/stapelsteine-aus-holz-sassi-gentili\/#primaryimage\",\"url\":\"https:\/\/teiaeducation.ch\/wp-content\/uploads\/2021\/12\/Handmade-Wooden-Stacking-Rocks-Coloured_Sassi-Gentili1.webp\",\"contentUrl\":\"https:\/\/teiaeducation.ch\/wp-content\/uploads\/2021\/12\/Handmade-Wooden-Stacking-Rocks-Coloured_Sassi-Gentili1.webp\",\"width\":1080,\"height\":1439,\"caption\":\"Handgefertigte Stapelsteine aus Holz Bunt_Sassi Gentili\"},{\"@type\":\"BreadcrumbList\",\"@id\":\"https:\/\/teiaeducation.ch\/de\/produkt\/stapelsteine-aus-holz-sassi-gentili\/#breadcrumb\",\"itemListElement\":[{\"@type\":\"ListItem\",\"position\":1,\"name\":\"Home\",\"item\":\"https:\/\/teiaeducation.ch\/de\/\"},{\"@type\":\"ListItem\",\"position\":2,\"name\":\"Laden\",\"item\":\"https:\/\/teiaeducation.ch\/de\/shop\/\"},{\"@type\":\"ListItem\",\"position\":3,\"name\":\"Unsere Marken\",\"item\":\"https:\/\/teiaeducation.ch\/de\/produkt-kategorie\/unsere-marken\/\"},{\"@type\":\"ListItem\",\"position\":4,\"name\":\"Sassi Gentili\",\"item\":\"https:\/\/teiaeducation.ch\/de\/produkt-kategorie\/unsere-marken\/sassi-gentili-de\/\"},{\"@type\":\"ListItem\",\"position\":5,\"name\":\"Stapelsteine &#8211; Sassi Gentili\"}]},{\"@type\":\"WebSite\",\"@id\":\"https:\/\/teiaeducation.ch\/de\/#website\",\"url\":\"https:\/\/teiaeducation.ch\/de\/\",\"name\":\"Sustainable Educational Products &amp; Ecological Toys\u00a0\",\"description\":\"Specialised Swiss shop selling sustainable educational toys and games, AMI certified Montessori materials, handmade ecological wooden Waldorf toys and arts &amp; crafts supplies, school supplies, children&#039;s furniture and Montessori reference and parenting books.\",\"publisher\":{\"@id\":\"https:\/\/teiaeducation.ch\/de\/#organization\"},\"alternateName\":\"Teia Education & Play\",\"potentialAction\":[{\"@type\":\"SearchAction\",\"target\":{\"@type\":\"EntryPoint\",\"urlTemplate\":\"https:\/\/teiaeducation.ch\/de\/?s={search_term_string}\"},\"query-input\":{\"@type\":\"PropertyValueSpecification\",\"valueRequired\":true,\"valueName\":\"search_term_string\"}}],\"inLanguage\":\"de-CH\"},{\"@type\":\"Organization\",\"@id\":\"https:\/\/teiaeducation.ch\/de\/#organization\",\"name\":\"Teia Education & Play\",\"url\":\"https:\/\/teiaeducation.ch\/de\/\",\"logo\":{\"@type\":\"ImageObject\",\"inLanguage\":\"de-CH\",\"@id\":\"https:\/\/teiaeducation.ch\/de\/#\/schema\/logo\/image\/\",\"url\":\"https:\/\/teiaeducation.ch\/wp-content\/uploads\/2020\/11\/Teia-Education-Switzerland-e1620156442216.jpg\",\"contentUrl\":\"https:\/\/teiaeducation.ch\/wp-content\/uploads\/2020\/11\/Teia-Education-Switzerland-e1620156442216.jpg\",\"width\":166,\"height\":145,\"caption\":\"Teia Education & Play\"},\"image\":{\"@id\":\"https:\/\/teiaeducation.ch\/de\/#\/schema\/logo\/image\/\"},\"sameAs\":[\"https:\/\/www.facebook.com\/teiaeducation\/\",\"https:\/\/x.com\/EducationTeia\",\"https:\/\/www.instagram.com\/teia.education\/\",\"https:\/\/www.linkedin.com\/company\/35501660\",\"https:\/\/www.pinterest.ch\/TeiaEducation\/\"]}]}<\/script>\n<!-- \/ Yoast SEO plugin. -->","yoast_head_json":{"title":"Farbige Stapelsteine aus Holz - Sassi Gentili - Teia Education & Play","description":"Die Farbige Sassi Gentili Stapelsteine aus Holz sind von der Montessori-P\u00e4dagogik inspiriert und werden nachhaltig in Italien hergestellt.","robots":{"index":"index","follow":"follow","max-snippet":"max-snippet:-1","max-image-preview":"max-image-preview:large","max-video-preview":"max-video-preview:-1"},"canonical":"https:\/\/teiaeducation.ch\/de\/produkt\/stapelsteine-aus-holz-sassi-gentili\/","og_locale":"de_DE","og_type":"article","og_title":"Farbige Stapelsteine aus Holz - Sassi Gentili - Teia Education & Play","og_description":"Die Farbige Sassi Gentili Stapelsteine aus Holz sind von der Montessori-P\u00e4dagogik inspiriert und werden nachhaltig in Italien hergestellt.","og_url":"https:\/\/teiaeducation.ch\/de\/produkt\/stapelsteine-aus-holz-sassi-gentili\/","og_site_name":"Sustainable Educational Products &amp; Ecological Toys\u00a0","article_publisher":"https:\/\/www.facebook.com\/teiaeducation\/","article_modified_time":"2021-12-16T19:48:26+00:00","og_image":[{"width":1080,"height":1439,"url":"https:\/\/teiaeducation.ch\/wp-content\/uploads\/2021\/12\/Handmade-Wooden-Stacking-Rocks-Coloured_Sassi-Gentili1.webp","type":"image\/webp"}],"schema":{"@context":"https:\/\/schema.org","@graph":[{"@type":"WebPage","@id":"https:\/\/teiaeducation.ch\/de\/produkt\/stapelsteine-aus-holz-sassi-gentili\/","url":"https:\/\/teiaeducation.ch\/de\/produkt\/stapelsteine-aus-holz-sassi-gentili\/","name":"Farbige Stapelsteine aus Holz - Sassi Gentili - Teia Education & Play","isPartOf":{"@id":"https:\/\/teiaeducation.ch\/de\/#website"},"primaryImageOfPage":{"@id":"https:\/\/teiaeducation.ch\/de\/produkt\/stapelsteine-aus-holz-sassi-gentili\/#primaryimage"},"image":{"@id":"https:\/\/teiaeducation.ch\/de\/produkt\/stapelsteine-aus-holz-sassi-gentili\/#primaryimage"},"thumbnailUrl":"https:\/\/teiaeducation.ch\/wp-content\/uploads\/2021\/12\/Handmade-Wooden-Stacking-Rocks-Coloured_Sassi-Gentili1.webp","datePublished":"2021-12-16T17:44:20+00:00","dateModified":"2021-12-16T19:48:26+00:00","description":"Die Farbige Sassi Gentili Stapelsteine aus Holz sind von der Montessori-P\u00e4dagogik inspiriert und werden nachhaltig in Italien hergestellt.","breadcrumb":{"@id":"https:\/\/teiaeducation.ch\/de\/produkt\/stapelsteine-aus-holz-sassi-gentili\/#breadcrumb"},"inLanguage":"de-CH","potentialAction":[{"@type":"ReadAction","target":["https:\/\/teiaeducation.ch\/de\/produkt\/stapelsteine-aus-holz-sassi-gentili\/"]}]},{"@type":"ImageObject","inLanguage":"de-CH","@id":"https:\/\/teiaeducation.ch\/de\/produkt\/stapelsteine-aus-holz-sassi-gentili\/#primaryimage","url":"https:\/\/teiaeducation.ch\/wp-content\/uploads\/2021\/12\/Handmade-Wooden-Stacking-Rocks-Coloured_Sassi-Gentili1.webp","contentUrl":"https:\/\/teiaeducation.ch\/wp-content\/uploads\/2021\/12\/Handmade-Wooden-Stacking-Rocks-Coloured_Sassi-Gentili1.webp","width":1080,"height":1439,"caption":"Handgefertigte Stapelsteine aus Holz Bunt_Sassi Gentili"},{"@type":"BreadcrumbList","@id":"https:\/\/teiaeducation.ch\/de\/produkt\/stapelsteine-aus-holz-sassi-gentili\/#breadcrumb","itemListElement":[{"@type":"ListItem","position":1,"name":"Home","item":"https:\/\/teiaeducation.ch\/de\/"},{"@type":"ListItem","position":2,"name":"Laden","item":"https:\/\/teiaeducation.ch\/de\/shop\/"},{"@type":"ListItem","position":3,"name":"Unsere Marken","item":"https:\/\/teiaeducation.ch\/de\/produkt-kategorie\/unsere-marken\/"},{"@type":"ListItem","position":4,"name":"Sassi Gentili","item":"https:\/\/teiaeducation.ch\/de\/produkt-kategorie\/unsere-marken\/sassi-gentili-de\/"},{"@type":"ListItem","position":5,"name":"Stapelsteine &#8211; Sassi Gentili"}]},{"@type":"WebSite","@id":"https:\/\/teiaeducation.ch\/de\/#website","url":"https:\/\/teiaeducation.ch\/de\/","name":"Sustainable Educational Products &amp; Ecological Toys\u00a0","description":"Specialised Swiss shop selling sustainable educational toys and games, AMI certified Montessori materials, handmade ecological wooden Waldorf toys and arts &amp; crafts supplies, school supplies, children&#039;s furniture and Montessori reference and parenting books.","publisher":{"@id":"https:\/\/teiaeducation.ch\/de\/#organization"},"alternateName":"Teia Education & Play","potentialAction":[{"@type":"SearchAction","target":{"@type":"EntryPoint","urlTemplate":"https:\/\/teiaeducation.ch\/de\/?s={search_term_string}"},"query-input":{"@type":"PropertyValueSpecification","valueRequired":true,"valueName":"search_term_string"}}],"inLanguage":"de-CH"},{"@type":"Organization","@id":"https:\/\/teiaeducation.ch\/de\/#organization","name":"Teia Education & Play","url":"https:\/\/teiaeducation.ch\/de\/","logo":{"@type":"ImageObject","inLanguage":"de-CH","@id":"https:\/\/teiaeducation.ch\/de\/#\/schema\/logo\/image\/","url":"https:\/\/teiaeducation.ch\/wp-content\/uploads\/2020\/11\/Teia-Education-Switzerland-e1620156442216.jpg","contentUrl":"https:\/\/teiaeducation.ch\/wp-content\/uploads\/2020\/11\/Teia-Education-Switzerland-e1620156442216.jpg","width":166,"height":145,"caption":"Teia Education & Play"},"image":{"@id":"https:\/\/teiaeducation.ch\/de\/#\/schema\/logo\/image\/"},"sameAs":["https:\/\/www.facebook.com\/teiaeducation\/","https:\/\/x.com\/EducationTeia","https:\/\/www.instagram.com\/teia.education\/","https:\/\/www.linkedin.com\/company\/35501660","https:\/\/www.pinterest.ch\/TeiaEducation\/"]}]}},"_links":{"self":[{"href":"https:\/\/teiaeducation.ch\/de\/wp-json\/wp\/v2\/product\/43176","targetHints":{"allow":["GET"]}}],"collection":[{"href":"https:\/\/teiaeducation.ch\/de\/wp-json\/wp\/v2\/product"}],"about":[{"href":"https:\/\/teiaeducation.ch\/de\/wp-json\/wp\/v2\/types\/product"}],"replies":[{"embeddable":true,"href":"https:\/\/teiaeducation.ch\/de\/wp-json\/wp\/v2\/comments?post=43176"}],"wp:featuredmedia":[{"embeddable":true,"href":"https:\/\/teiaeducation.ch\/de\/wp-json\/wp\/v2\/media\/43163"}],"wp:attachment":[{"href":"https:\/\/teiaeducation.ch\/de\/wp-json\/wp\/v2\/media?parent=43176"}],"wp:term":[{"taxonomy":"product_brand","embeddable":true,"href":"https:\/\/teiaeducation.ch\/de\/wp-json\/wp\/v2\/product_brand?post=43176"},{"taxonomy":"product_cat","embeddable":true,"href":"https:\/\/teiaeducation.ch\/de\/wp-json\/wp\/v2\/product_cat?post=43176"},{"taxonomy":"product_tag","embeddable":true,"href":"https:\/\/teiaeducation.ch\/de\/wp-json\/wp\/v2\/product_tag?post=43176"}],"curies":[{"name":"wp","href":"https:\/\/api.w.org\/{rel}","templated":true}]}}