{"id":44418,"date":"2022-02-22T11:52:55","date_gmt":"2022-02-22T10:52:55","guid":{"rendered":"https:\/\/teiaeducation.ch\/?post_type=product&#038;p=44418"},"modified":"2025-12-10T10:57:17","modified_gmt":"2025-12-10T09:57:17","slug":"mandala-tulpen-grapat-2022-wild-kollektion","status":"publish","type":"product","link":"https:\/\/teiaeducation.ch\/de\/produkt\/mandala-tulpen-grapat-2022-wild-kollektion\/","title":{"rendered":"Mandala Tulpen &#8211; Grapat 2022 Wild Kollektion"},"content":{"rendered":"<p>Das Mandala Tulpen Set aus der Grapat 2022 Wild Kollektion besteht aus 12 Sets mit 3 handgefertigten Holzspielzeug Tulpen in sch\u00f6nen hellen und pastellfarbenen Gelbt\u00f6nen. Das Mandala-Tulpen-Set ist Teil der Grapat Wild-Serie, die f\u00fcr &#8220;frei sein und offen spielen&#8221; steht. Und zu sein, wer immer du willst. Es ist genau das, was du sein sollst.&#8221;<\/p>\n<p><a href=\"https:\/\/teiaeducation.ch\/de\/produkt-kategorie\/unsere-marken\/grapat-de\/grapat-mandalas-lose-teile\/\">Grapat Mandalas<\/a> sind kleine Teile, die einzeln im Spiel mit losen Teilen oder als Elemente in Erg\u00e4nzung zu anderen kleinen Weltspielzeugen oder Baus\u00e4tzen f\u00fcr Kinder ab 3 Jahren verwendet werden k\u00f6nnen. Mandalas laden Kinder zum <a href=\"https:\/\/teiaeducation.ch\/de\/produkt-kategorie\/malen-basteln\/\">Gestalten<\/a> ein, und als beliebte Form der Meditation sind sie auch eine gute M\u00f6glichkeit, die Achtsamkeit zu steigern, die Konzentration zu verbessern und die <a href=\"https:\/\/teiaeducation.ch\/de\/produkt-kategorie\/lernthemen\/sensorische-motorische-fertigkeiten\/motorische-fertigkeiten\/\">motorischen F\u00e4higkeiten<\/a> zu verfeinern. Sie k\u00f6nnen auch verwendet werden, um das symbolische Spiel zu bereichern oder um das <a href=\"https:\/\/teiaeducation.ch\/de\/produkt-kategorie\/lernthemen\/mathematik-rechnen\/zaehlen\/\">Z\u00e4hlen<\/a> und <a href=\"https:\/\/teiaeducation.ch\/de\/produkt-kategorie\/kinder-spielzeug\/sortieren\/\">Sortieren<\/a> zu \u00fcben.<\/p>\n<p>Diese entz\u00fcckenden kleinen Holzspielzeuge eignen sich auch hervorragend f\u00fcr Rollenspiele, um Essen zum Kochen vorzut\u00e4uschen, f\u00fcr einen Marktstand oder auf Waldorf-Jahreszeiten- und <a href=\"https:\/\/teiaeducation.ch\/de\/produkt-kategorie\/feier-festlichkeiten\/natur-saisonale-tische-de\/\">Naturtischen<\/a> mit Gegenst\u00e4nden, die auf Naturwanderungen gefunden wurden.<\/p>\n<p>Die taktilen und farbenfrohen Tulpen sind jeweils ca. 4 cm gro\u00df und werden vollst\u00e4ndig aus Holz gefertigt und von Hand bemalt. Jede Holzfigur ist glatt und angenehm anzufassen und mit nat\u00fcrlichem Bienenwachs veredelt.<\/p>\n<p>Das Grapat Mandala Tulpen Set ist f\u00fcr Kinder ab 36 Monaten geeignet.<\/p>\n<p>Inhalt:<\/p>\n<p>36 Holzelemente<\/p>\n<h2>\u00dcber Grapat<\/h2>\n<p>Die spanische Marke <a href=\"https:\/\/teiaeducation.ch\/de\/produkt-kategorie\/unsere-marken\/grapat-de\/\">Grapat<\/a>, inspiriert von der <a href=\"https:\/\/teiaeducation.ch\/de\/produkt-kategorie\/bildungsmethode\/waldorf-steiner-paedagogik\/\">Waldorfp\u00e4dagogik<\/a>, ist bekannt f\u00fcr ihr wundersch\u00f6nes Holzspielzeug mit offenem Ende, das freies und selbst\u00e4ndiges Spielen f\u00f6rdert. Die Grapat Philosophie basiert auf der Bereitstellung von Spielzeugen, die die Kinder ermutigen zur <a href=\"https:\/\/teiaeducation.ch\/de\/produkt-kategorie\/malen-basteln\/\">Kreativit\u00e4t<\/a> anregen, damit sie ihre eigenen <a href=\"https:\/\/teiaeducation.ch\/de\/produkt-kategorie\/kinder-spielzeug\/spiele-mit-offenem-ende\/\">Freie Spiele<\/a> und <a href=\"https:\/\/teiaeducation.ch\/de\/produkt-kategorie\/kinder-spielzeug\/phantasievoll-rollenspiel\/\">Fantasiewelten<\/a> erfinden k\u00f6nnen.<\/p>\n<p>Alle <a href=\"https:\/\/teiaeducation.ch\/de\/produkt-kategorie\/kinder-spielzeug\/handgefertigtes-holzspielzeug\/\">Holzspielzeuge<\/a> von Grapat werden in verschiedenen Werkst\u00e4tten in Katalonien, Spanien, nach traditionellen Verfahren aus Holz aus nachhaltiger Forstwirtschaft handgefertigt und von Hand mit Farben auf Wasserbasis bemalt. Die Grapat-Spielzeuge sind f\u00fcr Kleinkinder sicher, da sie ungiftig sind und den europ\u00e4ischen Sicherheitsvorschriften der Richtlinie EN \/ 71-3: 2014 + A1: 2014 \/ 2013 zur Sicherheit von Spielzeug entsprechen. Ein gro\u00dfer Teil der Grapat-Spielzeugkollektion tr\u00e4gt das renommierte <a href=\"https:\/\/www.spielgut.de\">Spielgut<\/a>\u00ae-Siegel.<\/p>\n","protected":false},"excerpt":{"rendered":"<p>Artikelnummer: 21-240<\/p>\n<p>Das Mandala Tulpen Set aus der Grapat 2022 Wild Kollektion besteht aus 36 handgefertigten, nachhaltigen Holzspielzeug Tulpen in sch\u00f6nen Pastellfarben.<\/p>\n","protected":false},"featured_media":44440,"comment_status":"closed","ping_status":"closed","template":"","meta":[],"product_brand":[],"product_cat":[21445,21446,21479,21465,21690,21670,21487,21484,22422,21636,21639,23075,21705,21443,22349,21563,22362,21697,21678,21699,21564,24314,21483,22919],"product_tag":[21908,22449,22448,21916,22450,21911,22460,21909,21910,21741],"class_list":{"0":"post-44418","1":"product","2":"type-product","3":"status-publish","4":"has-post-thumbnail","6":"product_cat-3-6-jahre-vorschule","7":"product_cat-6-12-jahre-grundschule","8":"product_cat-lernmaterialien-spielzeug-montessori-waldorf-steiner-froebel","9":"product_cat-feier-festlichkeiten","10":"product_cat-spiele-mit-offenem-ende","11":"product_cat-fruehjahrskollektion","12":"product_cat-geschenk-guide-3-6-jahre-vorschule","13":"product_cat-geschenk-guides","14":"product_cat-geschenke-fuer-das-osterkoerbchen","15":"product_cat-grapat-de","16":"product_cat-grapat-mandalas-lose-teile","17":"product_cat-handgefertigtes-holzspielzeug","18":"product_cat-holzfiguren","19":"product_cat-nach-alter","20":"product_cat-natur-saisonale-tische-de","21":"product_cat-neuheiten","22":"product_cat-saisonale-kollektionen","23":"product_cat-sortieren","24":"product_cat-kinder-spielzeug","25":"product_cat-stapelspielzeug","26":"product_cat-unsere-marken","27":"product_cat-valentinstag","28":"product_cat-waldorf-steiner-paedagogik","29":"product_cat-waldorfspielzeug","30":"product_tag-grapat-de","31":"product_tag-grapat-2022-wild-kollection","32":"product_tag-grapat-holzspielzeug","33":"product_tag-grapat-mandala-de","34":"product_tag-grapat-wild-de","35":"product_tag-handgefertigtes-holzspielzeug","36":"product_tag-mandala-tulpen-grapat","37":"product_tag-spiel-mit-offenem-ende","38":"product_tag-spielzeug-mit-offenem-ende","39":"product_tag-waldorfspielzeug","41":"first","42":"instock","43":"taxable","44":"shipping-taxable","45":"purchasable","46":"product-type-simple"},"yoast_head":"<!-- This site is optimized with the Yoast SEO plugin v27.1.1 - https:\/\/yoast.com\/product\/yoast-seo-wordpress\/ -->\n<title>Mandala Tulpen - Grapat 2022 Wild Kollektion<\/title>\n<meta name=\"description\" content=\"Das Mandala Tulpen Set aus der Grapat 2022 Wild Kollektion besteht aus 36 handgefertigten, Holzspielzeug Tulpen in sch\u00f6nen Pastellfarben.\" \/>\n<meta name=\"robots\" content=\"index, follow, max-snippet:-1, max-image-preview:large, max-video-preview:-1\" \/>\n<link rel=\"canonical\" href=\"https:\/\/teiaeducation.ch\/de\/produkt\/mandala-tulpen-grapat-2022-wild-kollektion\/\" \/>\n<meta property=\"og:locale\" content=\"de_DE\" \/>\n<meta property=\"og:type\" content=\"article\" \/>\n<meta property=\"og:title\" content=\"Mandala Tulpen - Grapat 2022 Wild Kollektion\" \/>\n<meta property=\"og:description\" content=\"Das Mandala Tulpen Set aus der Grapat 2022 Wild Kollektion besteht aus 36 handgefertigten, Holzspielzeug Tulpen in sch\u00f6nen Pastellfarben.\" \/>\n<meta property=\"og:url\" content=\"https:\/\/teiaeducation.ch\/de\/produkt\/mandala-tulpen-grapat-2022-wild-kollektion\/\" \/>\n<meta property=\"og:site_name\" content=\"Sustainable Educational Products &amp; Ecological Toys\u00a0\" \/>\n<meta property=\"article:publisher\" content=\"https:\/\/www.facebook.com\/teiaeducation\/\" \/>\n<meta property=\"article:modified_time\" content=\"2025-12-10T09:57:17+00:00\" \/>\n<meta property=\"og:image\" content=\"https:\/\/teiaeducation.ch\/wp-content\/uploads\/2022\/02\/Mandala-Tulips-Joguines-Grapat-2022-Wild-Collection6.jpg\" \/>\n\t<meta property=\"og:image:width\" content=\"900\" \/>\n\t<meta property=\"og:image:height\" content=\"600\" \/>\n\t<meta property=\"og:image:type\" content=\"image\/jpeg\" \/>\n<script type=\"application\/ld+json\" class=\"yoast-schema-graph\">{\"@context\":\"https:\/\/schema.org\",\"@graph\":[{\"@type\":\"WebPage\",\"@id\":\"https:\/\/teiaeducation.ch\/de\/produkt\/mandala-tulpen-grapat-2022-wild-kollektion\/\",\"url\":\"https:\/\/teiaeducation.ch\/de\/produkt\/mandala-tulpen-grapat-2022-wild-kollektion\/\",\"name\":\"Mandala Tulpen - Grapat 2022 Wild Kollektion\",\"isPartOf\":{\"@id\":\"https:\/\/teiaeducation.ch\/de\/#website\"},\"primaryImageOfPage\":{\"@id\":\"https:\/\/teiaeducation.ch\/de\/produkt\/mandala-tulpen-grapat-2022-wild-kollektion\/#primaryimage\"},\"image\":{\"@id\":\"https:\/\/teiaeducation.ch\/de\/produkt\/mandala-tulpen-grapat-2022-wild-kollektion\/#primaryimage\"},\"thumbnailUrl\":\"https:\/\/teiaeducation.ch\/wp-content\/uploads\/2022\/02\/Mandala-Tulips-Joguines-Grapat-2022-Wild-Collection6.jpg\",\"datePublished\":\"2022-02-22T10:52:55+00:00\",\"dateModified\":\"2025-12-10T09:57:17+00:00\",\"description\":\"Das Mandala Tulpen Set aus der Grapat 2022 Wild Kollektion besteht aus 36 handgefertigten, Holzspielzeug Tulpen in sch\u00f6nen Pastellfarben.\",\"breadcrumb\":{\"@id\":\"https:\/\/teiaeducation.ch\/de\/produkt\/mandala-tulpen-grapat-2022-wild-kollektion\/#breadcrumb\"},\"inLanguage\":\"de-CH\",\"potentialAction\":[{\"@type\":\"ReadAction\",\"target\":[\"https:\/\/teiaeducation.ch\/de\/produkt\/mandala-tulpen-grapat-2022-wild-kollektion\/\"]}]},{\"@type\":\"ImageObject\",\"inLanguage\":\"de-CH\",\"@id\":\"https:\/\/teiaeducation.ch\/de\/produkt\/mandala-tulpen-grapat-2022-wild-kollektion\/#primaryimage\",\"url\":\"https:\/\/teiaeducation.ch\/wp-content\/uploads\/2022\/02\/Mandala-Tulips-Joguines-Grapat-2022-Wild-Collection6.jpg\",\"contentUrl\":\"https:\/\/teiaeducation.ch\/wp-content\/uploads\/2022\/02\/Mandala-Tulips-Joguines-Grapat-2022-Wild-Collection6.jpg\",\"width\":900,\"height\":600,\"caption\":\"Mandala Tulpen - Joguines Grapat 2022 Wild Kollektion\"},{\"@type\":\"BreadcrumbList\",\"@id\":\"https:\/\/teiaeducation.ch\/de\/produkt\/mandala-tulpen-grapat-2022-wild-kollektion\/#breadcrumb\",\"itemListElement\":[{\"@type\":\"ListItem\",\"position\":1,\"name\":\"Home\",\"item\":\"https:\/\/teiaeducation.ch\/de\/\"},{\"@type\":\"ListItem\",\"position\":2,\"name\":\"Laden\",\"item\":\"https:\/\/teiaeducation.ch\/de\/shop\/\"},{\"@type\":\"ListItem\",\"position\":3,\"name\":\"Unsere Marken\",\"item\":\"https:\/\/teiaeducation.ch\/de\/produkt-kategorie\/unsere-marken\/\"},{\"@type\":\"ListItem\",\"position\":4,\"name\":\"Grapat\",\"item\":\"https:\/\/teiaeducation.ch\/de\/produkt-kategorie\/unsere-marken\/grapat-de\/\"},{\"@type\":\"ListItem\",\"position\":5,\"name\":\"Grapat Mandalas &amp; Lose Teile\",\"item\":\"https:\/\/teiaeducation.ch\/de\/produkt-kategorie\/unsere-marken\/grapat-de\/grapat-mandalas-lose-teile\/\"},{\"@type\":\"ListItem\",\"position\":6,\"name\":\"Mandala Tulpen &#8211; Grapat 2022 Wild Kollektion\"}]},{\"@type\":\"WebSite\",\"@id\":\"https:\/\/teiaeducation.ch\/de\/#website\",\"url\":\"https:\/\/teiaeducation.ch\/de\/\",\"name\":\"Sustainable Educational Products &amp; Ecological Toys\u00a0\",\"description\":\"Specialised Swiss shop selling sustainable educational toys and games, AMI certified Montessori materials, handmade ecological wooden Waldorf toys and arts &amp; crafts supplies, school supplies, children&#039;s furniture and Montessori reference and parenting books.\",\"publisher\":{\"@id\":\"https:\/\/teiaeducation.ch\/de\/#organization\"},\"alternateName\":\"Teia Education & Play\",\"potentialAction\":[{\"@type\":\"SearchAction\",\"target\":{\"@type\":\"EntryPoint\",\"urlTemplate\":\"https:\/\/teiaeducation.ch\/de\/?s={search_term_string}\"},\"query-input\":{\"@type\":\"PropertyValueSpecification\",\"valueRequired\":true,\"valueName\":\"search_term_string\"}}],\"inLanguage\":\"de-CH\"},{\"@type\":\"Organization\",\"@id\":\"https:\/\/teiaeducation.ch\/de\/#organization\",\"name\":\"Teia Education & Play\",\"url\":\"https:\/\/teiaeducation.ch\/de\/\",\"logo\":{\"@type\":\"ImageObject\",\"inLanguage\":\"de-CH\",\"@id\":\"https:\/\/teiaeducation.ch\/de\/#\/schema\/logo\/image\/\",\"url\":\"https:\/\/teiaeducation.ch\/wp-content\/uploads\/2020\/11\/Teia-Education-Switzerland-e1620156442216.jpg\",\"contentUrl\":\"https:\/\/teiaeducation.ch\/wp-content\/uploads\/2020\/11\/Teia-Education-Switzerland-e1620156442216.jpg\",\"width\":166,\"height\":145,\"caption\":\"Teia Education & Play\"},\"image\":{\"@id\":\"https:\/\/teiaeducation.ch\/de\/#\/schema\/logo\/image\/\"},\"sameAs\":[\"https:\/\/www.facebook.com\/teiaeducation\/\",\"https:\/\/x.com\/EducationTeia\",\"https:\/\/www.instagram.com\/teia.education\/\",\"https:\/\/www.linkedin.com\/company\/35501660\",\"https:\/\/www.pinterest.ch\/TeiaEducation\/\"]}]}<\/script>\n<!-- \/ Yoast SEO plugin. -->","yoast_head_json":{"title":"Mandala Tulpen - Grapat 2022 Wild Kollektion","description":"Das Mandala Tulpen Set aus der Grapat 2022 Wild Kollektion besteht aus 36 handgefertigten, Holzspielzeug Tulpen in sch\u00f6nen Pastellfarben.","robots":{"index":"index","follow":"follow","max-snippet":"max-snippet:-1","max-image-preview":"max-image-preview:large","max-video-preview":"max-video-preview:-1"},"canonical":"https:\/\/teiaeducation.ch\/de\/produkt\/mandala-tulpen-grapat-2022-wild-kollektion\/","og_locale":"de_DE","og_type":"article","og_title":"Mandala Tulpen - Grapat 2022 Wild Kollektion","og_description":"Das Mandala Tulpen Set aus der Grapat 2022 Wild Kollektion besteht aus 36 handgefertigten, Holzspielzeug Tulpen in sch\u00f6nen Pastellfarben.","og_url":"https:\/\/teiaeducation.ch\/de\/produkt\/mandala-tulpen-grapat-2022-wild-kollektion\/","og_site_name":"Sustainable Educational Products &amp; Ecological Toys\u00a0","article_publisher":"https:\/\/www.facebook.com\/teiaeducation\/","article_modified_time":"2025-12-10T09:57:17+00:00","og_image":[{"width":900,"height":600,"url":"https:\/\/teiaeducation.ch\/wp-content\/uploads\/2022\/02\/Mandala-Tulips-Joguines-Grapat-2022-Wild-Collection6.jpg","type":"image\/jpeg"}],"schema":{"@context":"https:\/\/schema.org","@graph":[{"@type":"WebPage","@id":"https:\/\/teiaeducation.ch\/de\/produkt\/mandala-tulpen-grapat-2022-wild-kollektion\/","url":"https:\/\/teiaeducation.ch\/de\/produkt\/mandala-tulpen-grapat-2022-wild-kollektion\/","name":"Mandala Tulpen - Grapat 2022 Wild Kollektion","isPartOf":{"@id":"https:\/\/teiaeducation.ch\/de\/#website"},"primaryImageOfPage":{"@id":"https:\/\/teiaeducation.ch\/de\/produkt\/mandala-tulpen-grapat-2022-wild-kollektion\/#primaryimage"},"image":{"@id":"https:\/\/teiaeducation.ch\/de\/produkt\/mandala-tulpen-grapat-2022-wild-kollektion\/#primaryimage"},"thumbnailUrl":"https:\/\/teiaeducation.ch\/wp-content\/uploads\/2022\/02\/Mandala-Tulips-Joguines-Grapat-2022-Wild-Collection6.jpg","datePublished":"2022-02-22T10:52:55+00:00","dateModified":"2025-12-10T09:57:17+00:00","description":"Das Mandala Tulpen Set aus der Grapat 2022 Wild Kollektion besteht aus 36 handgefertigten, Holzspielzeug Tulpen in sch\u00f6nen Pastellfarben.","breadcrumb":{"@id":"https:\/\/teiaeducation.ch\/de\/produkt\/mandala-tulpen-grapat-2022-wild-kollektion\/#breadcrumb"},"inLanguage":"de-CH","potentialAction":[{"@type":"ReadAction","target":["https:\/\/teiaeducation.ch\/de\/produkt\/mandala-tulpen-grapat-2022-wild-kollektion\/"]}]},{"@type":"ImageObject","inLanguage":"de-CH","@id":"https:\/\/teiaeducation.ch\/de\/produkt\/mandala-tulpen-grapat-2022-wild-kollektion\/#primaryimage","url":"https:\/\/teiaeducation.ch\/wp-content\/uploads\/2022\/02\/Mandala-Tulips-Joguines-Grapat-2022-Wild-Collection6.jpg","contentUrl":"https:\/\/teiaeducation.ch\/wp-content\/uploads\/2022\/02\/Mandala-Tulips-Joguines-Grapat-2022-Wild-Collection6.jpg","width":900,"height":600,"caption":"Mandala Tulpen - Joguines Grapat 2022 Wild Kollektion"},{"@type":"BreadcrumbList","@id":"https:\/\/teiaeducation.ch\/de\/produkt\/mandala-tulpen-grapat-2022-wild-kollektion\/#breadcrumb","itemListElement":[{"@type":"ListItem","position":1,"name":"Home","item":"https:\/\/teiaeducation.ch\/de\/"},{"@type":"ListItem","position":2,"name":"Laden","item":"https:\/\/teiaeducation.ch\/de\/shop\/"},{"@type":"ListItem","position":3,"name":"Unsere Marken","item":"https:\/\/teiaeducation.ch\/de\/produkt-kategorie\/unsere-marken\/"},{"@type":"ListItem","position":4,"name":"Grapat","item":"https:\/\/teiaeducation.ch\/de\/produkt-kategorie\/unsere-marken\/grapat-de\/"},{"@type":"ListItem","position":5,"name":"Grapat Mandalas &amp; Lose Teile","item":"https:\/\/teiaeducation.ch\/de\/produkt-kategorie\/unsere-marken\/grapat-de\/grapat-mandalas-lose-teile\/"},{"@type":"ListItem","position":6,"name":"Mandala Tulpen &#8211; Grapat 2022 Wild Kollektion"}]},{"@type":"WebSite","@id":"https:\/\/teiaeducation.ch\/de\/#website","url":"https:\/\/teiaeducation.ch\/de\/","name":"Sustainable Educational Products &amp; Ecological Toys\u00a0","description":"Specialised Swiss shop selling sustainable educational toys and games, AMI certified Montessori materials, handmade ecological wooden Waldorf toys and arts &amp; crafts supplies, school supplies, children&#039;s furniture and Montessori reference and parenting books.","publisher":{"@id":"https:\/\/teiaeducation.ch\/de\/#organization"},"alternateName":"Teia Education & Play","potentialAction":[{"@type":"SearchAction","target":{"@type":"EntryPoint","urlTemplate":"https:\/\/teiaeducation.ch\/de\/?s={search_term_string}"},"query-input":{"@type":"PropertyValueSpecification","valueRequired":true,"valueName":"search_term_string"}}],"inLanguage":"de-CH"},{"@type":"Organization","@id":"https:\/\/teiaeducation.ch\/de\/#organization","name":"Teia Education & Play","url":"https:\/\/teiaeducation.ch\/de\/","logo":{"@type":"ImageObject","inLanguage":"de-CH","@id":"https:\/\/teiaeducation.ch\/de\/#\/schema\/logo\/image\/","url":"https:\/\/teiaeducation.ch\/wp-content\/uploads\/2020\/11\/Teia-Education-Switzerland-e1620156442216.jpg","contentUrl":"https:\/\/teiaeducation.ch\/wp-content\/uploads\/2020\/11\/Teia-Education-Switzerland-e1620156442216.jpg","width":166,"height":145,"caption":"Teia Education & Play"},"image":{"@id":"https:\/\/teiaeducation.ch\/de\/#\/schema\/logo\/image\/"},"sameAs":["https:\/\/www.facebook.com\/teiaeducation\/","https:\/\/x.com\/EducationTeia","https:\/\/www.instagram.com\/teia.education\/","https:\/\/www.linkedin.com\/company\/35501660","https:\/\/www.pinterest.ch\/TeiaEducation\/"]}]}},"_links":{"self":[{"href":"https:\/\/teiaeducation.ch\/de\/wp-json\/wp\/v2\/product\/44418","targetHints":{"allow":["GET"]}}],"collection":[{"href":"https:\/\/teiaeducation.ch\/de\/wp-json\/wp\/v2\/product"}],"about":[{"href":"https:\/\/teiaeducation.ch\/de\/wp-json\/wp\/v2\/types\/product"}],"replies":[{"embeddable":true,"href":"https:\/\/teiaeducation.ch\/de\/wp-json\/wp\/v2\/comments?post=44418"}],"wp:featuredmedia":[{"embeddable":true,"href":"https:\/\/teiaeducation.ch\/de\/wp-json\/wp\/v2\/media\/44440"}],"wp:attachment":[{"href":"https:\/\/teiaeducation.ch\/de\/wp-json\/wp\/v2\/media?parent=44418"}],"wp:term":[{"taxonomy":"product_brand","embeddable":true,"href":"https:\/\/teiaeducation.ch\/de\/wp-json\/wp\/v2\/product_brand?post=44418"},{"taxonomy":"product_cat","embeddable":true,"href":"https:\/\/teiaeducation.ch\/de\/wp-json\/wp\/v2\/product_cat?post=44418"},{"taxonomy":"product_tag","embeddable":true,"href":"https:\/\/teiaeducation.ch\/de\/wp-json\/wp\/v2\/product_tag?post=44418"}],"curies":[{"name":"wp","href":"https:\/\/api.w.org\/{rel}","templated":true}]}}