{"id":44613,"date":"2022-02-22T10:49:21","date_gmt":"2022-02-22T09:49:21","guid":{"rendered":"https:\/\/teiaeducation.ch\/product\/ooh-lala-grapat-2022-wild-kollektion\/"},"modified":"2025-12-10T10:59:33","modified_gmt":"2025-12-10T09:59:33","slug":"ooh-lala-grapat-2022-wild-kollektion","status":"publish","type":"product","link":"https:\/\/teiaeducation.ch\/de\/produkt\/ooh-lala-grapat-2022-wild-kollektion\/","title":{"rendered":"Ooh-lala! &#8211; Grapat 2022 Wild Kollektion"},"content":{"rendered":"<p>Ooh-lala! ist eine h\u00fcbsche 3er-Familie aus der Grapat 2022 Wild Kollektion mit Holzspielzeugpuppen in verschiedenen <a href=\"https:\/\/teiaeducation.ch\/de\/produkt-kategorie\/lernthemen\/mathematik-rechnen\/formen\/\">Formen<\/a> und <a href=\"https:\/\/teiaeducation.ch\/de\/produkt-kategorie\/lernthemen\/mathematik-rechnen\/groesse\/\">Gr\u00f6\u00dfen<\/a>. Dieses Set ist eine sch\u00f6ne kleine Sammlung von handgefertigten, nachhaltigen <a href=\"https:\/\/teiaeducation.ch\/de\/produkt-kategorie\/kinder-spielzeug\/holzfiguren\/\">Holzspielzeugfiguren<\/a> mit offenen Enden in sch\u00f6nen Erdt\u00f6nen.<\/p>\n<p>Die ooh-lala! Familie ist Teil der Grapat Wild Kollektion, die f\u00fcr &#8220;frei sein und offen spielen&#8221; steht. Und zu sein, wer immer du willst. Das ist genau das, was du sein sollst.&#8221;<\/p>\n<p>Die M\u00f6glichkeiten sind endlos! Dieses sch\u00f6ne Set bietet kreative Anregungen f\u00fcr <a href=\"https:\/\/teiaeducation.ch\/de\/produkt-kategorie\/lernthemen\/alphabetisierung-sprache\/geschichtenerzaehlen\/\">Geschichten<\/a> und Abenteuer. Zusammen mit den anderen Grapat-Sets bilden sie eine komplette Familie.<\/p>\n<p>Die ooh-lala! Holzpuppen sind 3,7 bis 6,5 cm hoch und sind taktil und sch\u00f6n bunt. Sie sind vollst\u00e4ndig aus Holz gefertigt und von Hand bemalt. Jede Holzfigur ist glatt und angenehm anzufassen und mit nat\u00fcrlichem Bienenwachs veredelt.<\/p>\n<p>Grapat ooh-lala! ist f\u00fcr Kinder ab 18 Monaten geeignet.<\/p>\n<p>Inhalt:<\/p>\n<p>3 Holzelemente<\/p>\n<h2>\u00dcber Grapat<\/h2>\n<p>Die spanische Marke <a href=\"https:\/\/teiaeducation.ch\/de\/produkt-kategorie\/unsere-marken\/grapat-de\/\">Grapat<\/a>, inspiriert von der <a href=\"https:\/\/teiaeducation.ch\/de\/produkt-kategorie\/bildungsmethode\/waldorf-steiner-paedagogik\/\">Waldorfp\u00e4dagogik<\/a>, ist bekannt f\u00fcr ihr wundersch\u00f6nes Holzspielzeug mit offenem Ende, das freies und selbst\u00e4ndiges Spielen f\u00f6rdert. Die Grapat Philosophie basiert auf der Bereitstellung von Spielzeugen, die die Kinder ermutigen zur <a href=\"https:\/\/teiaeducation.ch\/de\/produkt-kategorie\/malen-basteln\/\">Kreativit\u00e4t<\/a> anregen, damit sie ihre eigenen <a href=\"https:\/\/teiaeducation.ch\/de\/produkt-kategorie\/kinder-spielzeug\/spiele-mit-offenem-ende\/\">Freie Spiele<\/a> und <a href=\"https:\/\/teiaeducation.ch\/de\/produkt-kategorie\/kinder-spielzeug\/phantasievoll-rollenspiel\/\">Fantasiewelten<\/a> erfinden k\u00f6nnen.<\/p>\n<p>Alle <a href=\"https:\/\/teiaeducation.ch\/de\/produkt-kategorie\/kinder-spielzeug\/handgefertigtes-holzspielzeug\/\">Holzspielzeuge<\/a> von Grapat werden in verschiedenen Werkst\u00e4tten in Katalonien, Spanien, nach traditionellen Verfahren aus Holz aus nachhaltiger Forstwirtschaft handgefertigt und von Hand mit Farben auf Wasserbasis bemalt. Die Grapat-Spielzeuge sind f\u00fcr Kleinkinder sicher, da sie ungiftig sind und den europ\u00e4ischen Sicherheitsvorschriften der Richtlinie EN \/ 71-3: 2014 + A1: 2014 \/ 2013 zur Sicherheit von Spielzeug entsprechen. Ein gro\u00dfer Teil der Grapat-Spielzeugkollektion tr\u00e4gt das renommierte <a href=\"https:\/\/www.spielgut.de\">Spielgut<\/a>\u00ae-Siegel.<\/p>\n","protected":false},"excerpt":{"rendered":"<p>Artikelnummer: 22-234<\/p>\n<p>Ooh-lala ist eine h\u00fcbsche 3er-Familie aus der Grapat 2022 Wild Kollektion mit Holzspielzeugpuppen in verschiedenen Formen und Gr\u00f6\u00dfen.<\/p>\n","protected":false},"featured_media":44312,"comment_status":"open","ping_status":"closed","template":"","meta":[],"product_brand":[],"product_cat":[21444,21445,21446,21690,21670,21484,22422,21636,21637,23075,21705,21443,21563,22362,21695,21678,21564,22919],"product_tag":[21908,22449,22448,22147,22447,22450,22451,22462],"class_list":{"0":"post-44613","1":"product","2":"type-product","3":"status-publish","4":"has-post-thumbnail","6":"product_cat-1-3-jahre-kleinkind","7":"product_cat-3-6-jahre-vorschule","8":"product_cat-6-12-jahre-grundschule","9":"product_cat-spiele-mit-offenem-ende","10":"product_cat-fruehjahrskollektion","11":"product_cat-geschenk-guides","12":"product_cat-geschenke-fuer-das-osterkoerbchen","13":"product_cat-grapat-de","14":"product_cat-grapat-komplett-sets","15":"product_cat-handgefertigtes-holzspielzeug","16":"product_cat-holzfiguren","17":"product_cat-nach-alter","18":"product_cat-neuheiten","19":"product_cat-saisonale-kollektionen","20":"product_cat-sinnliches-spiel","21":"product_cat-kinder-spielzeug","22":"product_cat-unsere-marken","23":"product_cat-waldorfspielzeug","24":"product_tag-grapat-de","25":"product_tag-grapat-2022-wild-kollection","26":"product_tag-grapat-holzspielzeug","27":"product_tag-grapat-schweiz","28":"product_tag-grapat-spanien","29":"product_tag-grapat-wild-de","30":"product_tag-joguines-grapat-de","31":"product_tag-ooh-lala-grapat-2022-wild-kollektion","33":"first","34":"instock","35":"taxable","36":"shipping-taxable","37":"purchasable","38":"product-type-simple"},"yoast_head":"<!-- This site is optimized with the Yoast SEO plugin v27.1.1 - https:\/\/yoast.com\/product\/yoast-seo-wordpress\/ -->\n<title>Ooh-lala! - Grapat 2022 Wild Kollektion - Teia Education &amp; Play<\/title>\n<meta name=\"description\" content=\"Ooh-lala ist eine h\u00fcbsche 3er-Familie aus der Grapat 2022 Wild Kollektion mit Holzspielzeugpuppen in verschiedenen Formen und Gr\u00f6\u00dfen.\" \/>\n<meta name=\"robots\" content=\"index, follow, max-snippet:-1, max-image-preview:large, max-video-preview:-1\" \/>\n<link rel=\"canonical\" href=\"https:\/\/teiaeducation.ch\/de\/produkt\/ooh-lala-grapat-2022-wild-kollektion\/\" \/>\n<meta property=\"og:locale\" content=\"de_DE\" \/>\n<meta property=\"og:type\" content=\"article\" \/>\n<meta property=\"og:title\" content=\"Ooh-lala! - Grapat 2022 Wild Kollektion - Teia Education &amp; Play\" \/>\n<meta property=\"og:description\" content=\"Ooh-lala ist eine h\u00fcbsche 3er-Familie aus der Grapat 2022 Wild Kollektion mit Holzspielzeugpuppen in verschiedenen Formen und Gr\u00f6\u00dfen.\" \/>\n<meta property=\"og:url\" content=\"https:\/\/teiaeducation.ch\/de\/produkt\/ooh-lala-grapat-2022-wild-kollektion\/\" \/>\n<meta property=\"og:site_name\" content=\"Sustainable Educational Products &amp; Ecological Toys\u00a0\" \/>\n<meta property=\"article:publisher\" content=\"https:\/\/www.facebook.com\/teiaeducation\/\" \/>\n<meta property=\"article:modified_time\" content=\"2025-12-10T09:59:33+00:00\" \/>\n<meta property=\"og:image\" content=\"https:\/\/teiaeducation.ch\/wp-content\/uploads\/2022\/02\/Ooh-lala-Joguines-Grapat-2022-Wild-Collection7.jpg\" \/>\n\t<meta property=\"og:image:width\" content=\"900\" \/>\n\t<meta property=\"og:image:height\" content=\"600\" \/>\n\t<meta property=\"og:image:type\" content=\"image\/jpeg\" \/>\n<script type=\"application\/ld+json\" class=\"yoast-schema-graph\">{\"@context\":\"https:\/\/schema.org\",\"@graph\":[{\"@type\":\"WebPage\",\"@id\":\"https:\/\/teiaeducation.ch\/de\/produkt\/ooh-lala-grapat-2022-wild-kollektion\/\",\"url\":\"https:\/\/teiaeducation.ch\/de\/produkt\/ooh-lala-grapat-2022-wild-kollektion\/\",\"name\":\"Ooh-lala! - Grapat 2022 Wild Kollektion - Teia Education & Play\",\"isPartOf\":{\"@id\":\"https:\/\/teiaeducation.ch\/de\/#website\"},\"primaryImageOfPage\":{\"@id\":\"https:\/\/teiaeducation.ch\/de\/produkt\/ooh-lala-grapat-2022-wild-kollektion\/#primaryimage\"},\"image\":{\"@id\":\"https:\/\/teiaeducation.ch\/de\/produkt\/ooh-lala-grapat-2022-wild-kollektion\/#primaryimage\"},\"thumbnailUrl\":\"https:\/\/teiaeducation.ch\/wp-content\/uploads\/2022\/02\/Ooh-lala-Joguines-Grapat-2022-Wild-Collection7.jpg\",\"datePublished\":\"2022-02-22T09:49:21+00:00\",\"dateModified\":\"2025-12-10T09:59:33+00:00\",\"description\":\"Ooh-lala ist eine h\u00fcbsche 3er-Familie aus der Grapat 2022 Wild Kollektion mit Holzspielzeugpuppen in verschiedenen Formen und Gr\u00f6\u00dfen.\",\"breadcrumb\":{\"@id\":\"https:\/\/teiaeducation.ch\/de\/produkt\/ooh-lala-grapat-2022-wild-kollektion\/#breadcrumb\"},\"inLanguage\":\"de-CH\",\"potentialAction\":[{\"@type\":\"ReadAction\",\"target\":[\"https:\/\/teiaeducation.ch\/de\/produkt\/ooh-lala-grapat-2022-wild-kollektion\/\"]}]},{\"@type\":\"ImageObject\",\"inLanguage\":\"de-CH\",\"@id\":\"https:\/\/teiaeducation.ch\/de\/produkt\/ooh-lala-grapat-2022-wild-kollektion\/#primaryimage\",\"url\":\"https:\/\/teiaeducation.ch\/wp-content\/uploads\/2022\/02\/Ooh-lala-Joguines-Grapat-2022-Wild-Collection7.jpg\",\"contentUrl\":\"https:\/\/teiaeducation.ch\/wp-content\/uploads\/2022\/02\/Ooh-lala-Joguines-Grapat-2022-Wild-Collection7.jpg\",\"width\":900,\"height\":600,\"caption\":\"Ooh-lala! - Joguines Grapat 2022 Wild Kollektion\"},{\"@type\":\"BreadcrumbList\",\"@id\":\"https:\/\/teiaeducation.ch\/de\/produkt\/ooh-lala-grapat-2022-wild-kollektion\/#breadcrumb\",\"itemListElement\":[{\"@type\":\"ListItem\",\"position\":1,\"name\":\"Home\",\"item\":\"https:\/\/teiaeducation.ch\/de\/\"},{\"@type\":\"ListItem\",\"position\":2,\"name\":\"Laden\",\"item\":\"https:\/\/teiaeducation.ch\/de\/shop\/\"},{\"@type\":\"ListItem\",\"position\":3,\"name\":\"Unsere Marken\",\"item\":\"https:\/\/teiaeducation.ch\/de\/produkt-kategorie\/unsere-marken\/\"},{\"@type\":\"ListItem\",\"position\":4,\"name\":\"Grapat\",\"item\":\"https:\/\/teiaeducation.ch\/de\/produkt-kategorie\/unsere-marken\/grapat-de\/\"},{\"@type\":\"ListItem\",\"position\":5,\"name\":\"Grapat Komplett-Sets\",\"item\":\"https:\/\/teiaeducation.ch\/de\/produkt-kategorie\/unsere-marken\/grapat-de\/grapat-komplett-sets\/\"},{\"@type\":\"ListItem\",\"position\":6,\"name\":\"Ooh-lala! &#8211; Grapat 2022 Wild Kollektion\"}]},{\"@type\":\"WebSite\",\"@id\":\"https:\/\/teiaeducation.ch\/de\/#website\",\"url\":\"https:\/\/teiaeducation.ch\/de\/\",\"name\":\"Sustainable Educational Products &amp; Ecological Toys\u00a0\",\"description\":\"Specialised Swiss shop selling sustainable educational toys and games, AMI certified Montessori materials, handmade ecological wooden Waldorf toys and arts &amp; crafts supplies, school supplies, children&#039;s furniture and Montessori reference and parenting books.\",\"publisher\":{\"@id\":\"https:\/\/teiaeducation.ch\/de\/#organization\"},\"alternateName\":\"Teia Education & Play\",\"potentialAction\":[{\"@type\":\"SearchAction\",\"target\":{\"@type\":\"EntryPoint\",\"urlTemplate\":\"https:\/\/teiaeducation.ch\/de\/?s={search_term_string}\"},\"query-input\":{\"@type\":\"PropertyValueSpecification\",\"valueRequired\":true,\"valueName\":\"search_term_string\"}}],\"inLanguage\":\"de-CH\"},{\"@type\":\"Organization\",\"@id\":\"https:\/\/teiaeducation.ch\/de\/#organization\",\"name\":\"Teia Education & Play\",\"url\":\"https:\/\/teiaeducation.ch\/de\/\",\"logo\":{\"@type\":\"ImageObject\",\"inLanguage\":\"de-CH\",\"@id\":\"https:\/\/teiaeducation.ch\/de\/#\/schema\/logo\/image\/\",\"url\":\"https:\/\/teiaeducation.ch\/wp-content\/uploads\/2020\/11\/Teia-Education-Switzerland-e1620156442216.jpg\",\"contentUrl\":\"https:\/\/teiaeducation.ch\/wp-content\/uploads\/2020\/11\/Teia-Education-Switzerland-e1620156442216.jpg\",\"width\":166,\"height\":145,\"caption\":\"Teia Education & Play\"},\"image\":{\"@id\":\"https:\/\/teiaeducation.ch\/de\/#\/schema\/logo\/image\/\"},\"sameAs\":[\"https:\/\/www.facebook.com\/teiaeducation\/\",\"https:\/\/x.com\/EducationTeia\",\"https:\/\/www.instagram.com\/teia.education\/\",\"https:\/\/www.linkedin.com\/company\/35501660\",\"https:\/\/www.pinterest.ch\/TeiaEducation\/\"]}]}<\/script>\n<!-- \/ Yoast SEO plugin. -->","yoast_head_json":{"title":"Ooh-lala! - Grapat 2022 Wild Kollektion - Teia Education & Play","description":"Ooh-lala ist eine h\u00fcbsche 3er-Familie aus der Grapat 2022 Wild Kollektion mit Holzspielzeugpuppen in verschiedenen Formen und Gr\u00f6\u00dfen.","robots":{"index":"index","follow":"follow","max-snippet":"max-snippet:-1","max-image-preview":"max-image-preview:large","max-video-preview":"max-video-preview:-1"},"canonical":"https:\/\/teiaeducation.ch\/de\/produkt\/ooh-lala-grapat-2022-wild-kollektion\/","og_locale":"de_DE","og_type":"article","og_title":"Ooh-lala! - Grapat 2022 Wild Kollektion - Teia Education & Play","og_description":"Ooh-lala ist eine h\u00fcbsche 3er-Familie aus der Grapat 2022 Wild Kollektion mit Holzspielzeugpuppen in verschiedenen Formen und Gr\u00f6\u00dfen.","og_url":"https:\/\/teiaeducation.ch\/de\/produkt\/ooh-lala-grapat-2022-wild-kollektion\/","og_site_name":"Sustainable Educational Products &amp; Ecological Toys\u00a0","article_publisher":"https:\/\/www.facebook.com\/teiaeducation\/","article_modified_time":"2025-12-10T09:59:33+00:00","og_image":[{"width":900,"height":600,"url":"https:\/\/teiaeducation.ch\/wp-content\/uploads\/2022\/02\/Ooh-lala-Joguines-Grapat-2022-Wild-Collection7.jpg","type":"image\/jpeg"}],"schema":{"@context":"https:\/\/schema.org","@graph":[{"@type":"WebPage","@id":"https:\/\/teiaeducation.ch\/de\/produkt\/ooh-lala-grapat-2022-wild-kollektion\/","url":"https:\/\/teiaeducation.ch\/de\/produkt\/ooh-lala-grapat-2022-wild-kollektion\/","name":"Ooh-lala! - Grapat 2022 Wild Kollektion - Teia Education & Play","isPartOf":{"@id":"https:\/\/teiaeducation.ch\/de\/#website"},"primaryImageOfPage":{"@id":"https:\/\/teiaeducation.ch\/de\/produkt\/ooh-lala-grapat-2022-wild-kollektion\/#primaryimage"},"image":{"@id":"https:\/\/teiaeducation.ch\/de\/produkt\/ooh-lala-grapat-2022-wild-kollektion\/#primaryimage"},"thumbnailUrl":"https:\/\/teiaeducation.ch\/wp-content\/uploads\/2022\/02\/Ooh-lala-Joguines-Grapat-2022-Wild-Collection7.jpg","datePublished":"2022-02-22T09:49:21+00:00","dateModified":"2025-12-10T09:59:33+00:00","description":"Ooh-lala ist eine h\u00fcbsche 3er-Familie aus der Grapat 2022 Wild Kollektion mit Holzspielzeugpuppen in verschiedenen Formen und Gr\u00f6\u00dfen.","breadcrumb":{"@id":"https:\/\/teiaeducation.ch\/de\/produkt\/ooh-lala-grapat-2022-wild-kollektion\/#breadcrumb"},"inLanguage":"de-CH","potentialAction":[{"@type":"ReadAction","target":["https:\/\/teiaeducation.ch\/de\/produkt\/ooh-lala-grapat-2022-wild-kollektion\/"]}]},{"@type":"ImageObject","inLanguage":"de-CH","@id":"https:\/\/teiaeducation.ch\/de\/produkt\/ooh-lala-grapat-2022-wild-kollektion\/#primaryimage","url":"https:\/\/teiaeducation.ch\/wp-content\/uploads\/2022\/02\/Ooh-lala-Joguines-Grapat-2022-Wild-Collection7.jpg","contentUrl":"https:\/\/teiaeducation.ch\/wp-content\/uploads\/2022\/02\/Ooh-lala-Joguines-Grapat-2022-Wild-Collection7.jpg","width":900,"height":600,"caption":"Ooh-lala! - Joguines Grapat 2022 Wild Kollektion"},{"@type":"BreadcrumbList","@id":"https:\/\/teiaeducation.ch\/de\/produkt\/ooh-lala-grapat-2022-wild-kollektion\/#breadcrumb","itemListElement":[{"@type":"ListItem","position":1,"name":"Home","item":"https:\/\/teiaeducation.ch\/de\/"},{"@type":"ListItem","position":2,"name":"Laden","item":"https:\/\/teiaeducation.ch\/de\/shop\/"},{"@type":"ListItem","position":3,"name":"Unsere Marken","item":"https:\/\/teiaeducation.ch\/de\/produkt-kategorie\/unsere-marken\/"},{"@type":"ListItem","position":4,"name":"Grapat","item":"https:\/\/teiaeducation.ch\/de\/produkt-kategorie\/unsere-marken\/grapat-de\/"},{"@type":"ListItem","position":5,"name":"Grapat Komplett-Sets","item":"https:\/\/teiaeducation.ch\/de\/produkt-kategorie\/unsere-marken\/grapat-de\/grapat-komplett-sets\/"},{"@type":"ListItem","position":6,"name":"Ooh-lala! &#8211; Grapat 2022 Wild Kollektion"}]},{"@type":"WebSite","@id":"https:\/\/teiaeducation.ch\/de\/#website","url":"https:\/\/teiaeducation.ch\/de\/","name":"Sustainable Educational Products &amp; Ecological Toys\u00a0","description":"Specialised Swiss shop selling sustainable educational toys and games, AMI certified Montessori materials, handmade ecological wooden Waldorf toys and arts &amp; crafts supplies, school supplies, children&#039;s furniture and Montessori reference and parenting books.","publisher":{"@id":"https:\/\/teiaeducation.ch\/de\/#organization"},"alternateName":"Teia Education & Play","potentialAction":[{"@type":"SearchAction","target":{"@type":"EntryPoint","urlTemplate":"https:\/\/teiaeducation.ch\/de\/?s={search_term_string}"},"query-input":{"@type":"PropertyValueSpecification","valueRequired":true,"valueName":"search_term_string"}}],"inLanguage":"de-CH"},{"@type":"Organization","@id":"https:\/\/teiaeducation.ch\/de\/#organization","name":"Teia Education & Play","url":"https:\/\/teiaeducation.ch\/de\/","logo":{"@type":"ImageObject","inLanguage":"de-CH","@id":"https:\/\/teiaeducation.ch\/de\/#\/schema\/logo\/image\/","url":"https:\/\/teiaeducation.ch\/wp-content\/uploads\/2020\/11\/Teia-Education-Switzerland-e1620156442216.jpg","contentUrl":"https:\/\/teiaeducation.ch\/wp-content\/uploads\/2020\/11\/Teia-Education-Switzerland-e1620156442216.jpg","width":166,"height":145,"caption":"Teia Education & Play"},"image":{"@id":"https:\/\/teiaeducation.ch\/de\/#\/schema\/logo\/image\/"},"sameAs":["https:\/\/www.facebook.com\/teiaeducation\/","https:\/\/x.com\/EducationTeia","https:\/\/www.instagram.com\/teia.education\/","https:\/\/www.linkedin.com\/company\/35501660","https:\/\/www.pinterest.ch\/TeiaEducation\/"]}]}},"_links":{"self":[{"href":"https:\/\/teiaeducation.ch\/de\/wp-json\/wp\/v2\/product\/44613","targetHints":{"allow":["GET"]}}],"collection":[{"href":"https:\/\/teiaeducation.ch\/de\/wp-json\/wp\/v2\/product"}],"about":[{"href":"https:\/\/teiaeducation.ch\/de\/wp-json\/wp\/v2\/types\/product"}],"replies":[{"embeddable":true,"href":"https:\/\/teiaeducation.ch\/de\/wp-json\/wp\/v2\/comments?post=44613"}],"wp:featuredmedia":[{"embeddable":true,"href":"https:\/\/teiaeducation.ch\/de\/wp-json\/wp\/v2\/media\/44312"}],"wp:attachment":[{"href":"https:\/\/teiaeducation.ch\/de\/wp-json\/wp\/v2\/media?parent=44613"}],"wp:term":[{"taxonomy":"product_brand","embeddable":true,"href":"https:\/\/teiaeducation.ch\/de\/wp-json\/wp\/v2\/product_brand?post=44613"},{"taxonomy":"product_cat","embeddable":true,"href":"https:\/\/teiaeducation.ch\/de\/wp-json\/wp\/v2\/product_cat?post=44613"},{"taxonomy":"product_tag","embeddable":true,"href":"https:\/\/teiaeducation.ch\/de\/wp-json\/wp\/v2\/product_tag?post=44613"}],"curies":[{"name":"wp","href":"https:\/\/api.w.org\/{rel}","templated":true}]}}