{"id":45539,"date":"2020-12-11T11:35:11","date_gmt":"2020-12-11T10:35:11","guid":{"rendered":"https:\/\/teiaeducation.ch\/product\/kinder-fernglas-aus-holz-le-toy-van\/"},"modified":"2025-08-25T11:48:31","modified_gmt":"2025-08-25T09:48:31","slug":"kinder-fernglas-aus-holz-le-toy-van","status":"publish","type":"product","link":"https:\/\/teiaeducation.ch\/de\/produkt\/kinder-fernglas-aus-holz-le-toy-van\/","title":{"rendered":"Spielzeug Fernglas aus Holz &#8211; Le Toy Van"},"content":{"rendered":"<p>Die h\u00fcbschen, nachhaltigen Ferngl\u00e4ser aus Massivholz f\u00fcr Kinder von Le Toy Van mit Kaleidoskop-Linsen sind ein multisensorisches Rollenspielzeug, das kleine Entdecker begeistern wird!<\/p>\n<p>Dieses multisensorische Spielzeug regt Kinder zu kreativem und fantasievollem Spiel an und weckt ihre Neugierde auf die Welt um sie herum!<\/p>\n<p>Das h\u00f6lzerne Fernglas misst 10,6 x 8,5 x 4,6 cm. Es hat 2 drehbare Linsen mit beweglichen Kaleidoskopen f\u00fcr eine wunderbare Art, die Welt zu betrachten und lustige Formen und Farben f\u00fcr eine zus\u00e4tzliche Ebene der Entdeckung zu schaffen.<\/p>\n<p>Die Ferngl\u00e4ser werden unter ethischen Kriterien aus nachhaltigem Kautschukholz hergestellt, wobei alle Kanten f\u00fcr einen sicheren und weichen Griff gegl\u00e4ttet und mit ungiftigen Farben auf Wasserbasis in leuchtenden Farben bemalt sind. Das Fernglas ist mit einem niedlichen Marienk\u00e4ferbild verziert, das zum Erforschen der Natur anregt.<\/p>\n<p>Das Le Toy Van Fernglas aus Holz f\u00f6rdert die Entwicklung und das Lernen Ihres Kindes durch fantasievolles Spiel.<\/p>\n<p>Das Le Toy Van holz Fernglas ist f\u00fcr Kinder ab 18 Monaten geeignet.<\/p>\n<p>Inhalt:<\/p>\n<p>1 Holz Fernglas Set<\/p>\n<h2>Uber Le Toy Van<\/h2>\n<p><a href=\"https:\/\/teiaeducation.ch\/de\/produkt-kategorie\/unsere-marken\/le-toy-van-de\/\">Le Toy Van<\/a> ist ein englisches Spielzeugunternehmen, das 1995 gegr\u00fcndet wurde und sich auf hochwertiges traditionelles <a href=\"https:\/\/teiaeducation.ch\/de\/produkt-kategorie\/kinder-spielzeug\/handgefertigtes-holzspielzeug\/\">Holzspielzeug<\/a> spezialisiert hat, das einen neuen, zeitgem\u00e4\u00dfen Stil erhalten hat.<\/p>\n<p>Alle Spielzeuge von Le Toy Van werden unter Einhaltung strenger Qualit\u00e4ts-, Sicherheits- und Nachhaltigkeitsstandards ethisch einwandfrei hergestellt, wobei nat\u00fcrliche Materialien wie nachwachsendes, glattes Kautschukholz verwendet werden. Es wurde nach den h\u00f6chsten Sicherheitsstandards getestet und entspricht den EN-71- und ASTM-Sicherheitsnormen.<\/p>\n<p>Diese innovativen und wundersch\u00f6n gestalteten Spielzeuge f\u00f6rdern das fr\u00fche Lernen durch <a href=\"https:\/\/teiaeducation.ch\/de\/produkt-kategorie\/kinder-spielzeug\/phantasievoll-rollenspiel\/\">fantasievolles Rollenspiel<\/a> und bieten zahlreiche M\u00f6glichkeiten zur <a href=\"https:\/\/teiaeducation.ch\/de\/produkt-kategorie\/lernthemen\/alphabetisierung-sprache\/\">sprachlichen<\/a> und sozialen Entwicklung sowie zur F\u00f6rderung der <a href=\"https:\/\/teiaeducation.ch\/de\/produkt-kategorie\/lernthemen\/sensorische-motorische-fertigkeiten\/motorische-fertigkeiten\/\">Feinmotorik<\/a>. Sie sind langlebig und sorgen f\u00fcr generations\u00fcbergreifenden Spielspa\u00df!<\/p>\n","protected":false},"excerpt":{"rendered":"<p>Artikelnummer: ltvpl116<\/p>\n<p>Das Holzfernglas mit Kaleidoskop-Linsen von Le Toy Van ist ein multisensorisches, nachhaltiges Spielzeug, das zu fantasievollem Rollenspiel und Neugierde anregt!<\/p>\n","protected":false},"featured_media":45540,"comment_status":"open","ping_status":"closed","template":"","meta":[],"product_brand":[],"product_cat":[21444,21445,21670,21487,21484,22422,21464,21585,21509,21559,21443,21563,21687,22362,21557,21562,21695,23636,21678,21564],"product_tag":[22684,22681,22677,22686,22687,22674,22679,22675,22683,22676,22678,22680,22682,22685],"class_list":{"0":"post-45539","1":"product","2":"type-product","3":"status-publish","4":"has-post-thumbnail","6":"product_cat-1-3-jahre-kleinkind","7":"product_cat-3-6-jahre-vorschule","8":"product_cat-fruehjahrskollektion","9":"product_cat-geschenk-guide-3-6-jahre-vorschule","10":"product_cat-geschenk-guides","11":"product_cat-geschenke-fuer-das-osterkoerbchen","12":"product_cat-herbstkollektion","13":"product_cat-le-toy-van-de","14":"product_cat-lernthemen","15":"product_cat-motorische-fertigkeiten","16":"product_cat-nach-alter","17":"product_cat-neuheiten","18":"product_cat-phantasievoll-rollenspiel","19":"product_cat-saisonale-kollektionen","20":"product_cat-sensorische-motorische-fertigkeiten","21":"product_cat-sinne","22":"product_cat-sinnliches-spiel","23":"product_cat-sommer-kollektion","24":"product_cat-kinder-spielzeug","25":"product_cat-unsere-marken","26":"product_tag-ethisches-holzspielzeug","27":"product_tag-kaleidoskop-fernglas-kinder","28":"product_tag-kaleidoskop-spielzeug","29":"product_tag-kinder-fernglas-aus-holz","30":"product_tag-kinder-fernglas-holz","31":"product_tag-le-toy-van-de","32":"product_tag-le-toy-van-fernglas-kinder","33":"product_tag-le-toy-van-schweiz","34":"product_tag-nachhaltiges-spielzeug","35":"product_tag-rollenspielzeug","36":"product_tag-rollenspielzeug-aus-holz","37":"product_tag-spielzeug-fernglas-aus-holz","38":"product_tag-spielzeug-mit-entdeckerthemen","39":"product_tag-zubehor-fur-fantasievolles-spielen","41":"first","42":"outofstock","43":"taxable","44":"shipping-taxable","45":"purchasable","46":"product-type-simple"},"yoast_head":"<!-- This site is optimized with the Yoast SEO plugin v27.1.1 - https:\/\/yoast.com\/product\/yoast-seo-wordpress\/ -->\n<title>Spielzeug Party Kamera aus Holz - Le Toy Van<\/title>\n<meta name=\"description\" content=\"Das h\u00f6lzerne Fernglas f\u00fcr Kinder von Le Toy Van ist ein nachhaltiges, multisensorisches Spielzeug, das zu fantasievollem Spiel und Neugier anregt.\" \/>\n<meta name=\"robots\" content=\"index, follow, max-snippet:-1, max-image-preview:large, max-video-preview:-1\" \/>\n<link rel=\"canonical\" href=\"https:\/\/teiaeducation.ch\/de\/produkt\/kinder-fernglas-aus-holz-le-toy-van\/\" \/>\n<meta property=\"og:locale\" content=\"de_DE\" \/>\n<meta property=\"og:type\" content=\"article\" \/>\n<meta property=\"og:title\" content=\"Spielzeug Party Kamera aus Holz - Le Toy Van\" \/>\n<meta property=\"og:description\" content=\"Das h\u00f6lzerne Fernglas f\u00fcr Kinder von Le Toy Van ist ein nachhaltiges, multisensorisches Spielzeug, das zu fantasievollem Spiel und Neugier anregt.\" \/>\n<meta property=\"og:url\" content=\"https:\/\/teiaeducation.ch\/de\/produkt\/kinder-fernglas-aus-holz-le-toy-van\/\" \/>\n<meta property=\"og:site_name\" content=\"Sustainable Educational Products &amp; Ecological Toys\u00a0\" \/>\n<meta property=\"article:publisher\" content=\"https:\/\/www.facebook.com\/teiaeducation\/\" \/>\n<meta property=\"article:modified_time\" content=\"2025-08-25T09:48:31+00:00\" \/>\n<meta property=\"og:image\" content=\"https:\/\/teiaeducation.ch\/wp-content\/uploads\/2020\/12\/Wooden-binoculars-\u2013-Le-Toy-Van.jpg\" \/>\n\t<meta property=\"og:image:width\" content=\"900\" \/>\n\t<meta property=\"og:image:height\" content=\"900\" \/>\n\t<meta property=\"og:image:type\" content=\"image\/jpeg\" \/>\n<script type=\"application\/ld+json\" class=\"yoast-schema-graph\">{\"@context\":\"https:\/\/schema.org\",\"@graph\":[{\"@type\":\"WebPage\",\"@id\":\"https:\/\/teiaeducation.ch\/de\/produkt\/kinder-fernglas-aus-holz-le-toy-van\/\",\"url\":\"https:\/\/teiaeducation.ch\/de\/produkt\/kinder-fernglas-aus-holz-le-toy-van\/\",\"name\":\"Spielzeug Party Kamera aus Holz - Le Toy Van\",\"isPartOf\":{\"@id\":\"https:\/\/teiaeducation.ch\/de\/#website\"},\"primaryImageOfPage\":{\"@id\":\"https:\/\/teiaeducation.ch\/de\/produkt\/kinder-fernglas-aus-holz-le-toy-van\/#primaryimage\"},\"image\":{\"@id\":\"https:\/\/teiaeducation.ch\/de\/produkt\/kinder-fernglas-aus-holz-le-toy-van\/#primaryimage\"},\"thumbnailUrl\":\"https:\/\/teiaeducation.ch\/wp-content\/uploads\/2020\/12\/Wooden-binoculars-\u2013-Le-Toy-Van.jpg\",\"datePublished\":\"2020-12-11T10:35:11+00:00\",\"dateModified\":\"2025-08-25T09:48:31+00:00\",\"description\":\"Das h\u00f6lzerne Fernglas f\u00fcr Kinder von Le Toy Van ist ein nachhaltiges, multisensorisches Spielzeug, das zu fantasievollem Spiel und Neugier anregt.\",\"breadcrumb\":{\"@id\":\"https:\/\/teiaeducation.ch\/de\/produkt\/kinder-fernglas-aus-holz-le-toy-van\/#breadcrumb\"},\"inLanguage\":\"de-CH\",\"potentialAction\":[{\"@type\":\"ReadAction\",\"target\":[\"https:\/\/teiaeducation.ch\/de\/produkt\/kinder-fernglas-aus-holz-le-toy-van\/\"]}]},{\"@type\":\"ImageObject\",\"inLanguage\":\"de-CH\",\"@id\":\"https:\/\/teiaeducation.ch\/de\/produkt\/kinder-fernglas-aus-holz-le-toy-van\/#primaryimage\",\"url\":\"https:\/\/teiaeducation.ch\/wp-content\/uploads\/2020\/12\/Wooden-binoculars-\u2013-Le-Toy-Van.jpg\",\"contentUrl\":\"https:\/\/teiaeducation.ch\/wp-content\/uploads\/2020\/12\/Wooden-binoculars-\u2013-Le-Toy-Van.jpg\",\"width\":900,\"height\":900,\"caption\":\"Spielzeug Fernglas aus Holz \/ Multisensorisches Spielzeug zum fantasievollen Spielen \u2013 Le Toy Van\"},{\"@type\":\"BreadcrumbList\",\"@id\":\"https:\/\/teiaeducation.ch\/de\/produkt\/kinder-fernglas-aus-holz-le-toy-van\/#breadcrumb\",\"itemListElement\":[{\"@type\":\"ListItem\",\"position\":1,\"name\":\"Home\",\"item\":\"https:\/\/teiaeducation.ch\/de\/\"},{\"@type\":\"ListItem\",\"position\":2,\"name\":\"Laden\",\"item\":\"https:\/\/teiaeducation.ch\/de\/shop\/\"},{\"@type\":\"ListItem\",\"position\":3,\"name\":\"Unsere Marken\",\"item\":\"https:\/\/teiaeducation.ch\/de\/produkt-kategorie\/unsere-marken\/\"},{\"@type\":\"ListItem\",\"position\":4,\"name\":\"Le Toy Van\",\"item\":\"https:\/\/teiaeducation.ch\/de\/produkt-kategorie\/unsere-marken\/le-toy-van-de\/\"},{\"@type\":\"ListItem\",\"position\":5,\"name\":\"Spielzeug Fernglas aus Holz &#8211; Le Toy Van\"}]},{\"@type\":\"WebSite\",\"@id\":\"https:\/\/teiaeducation.ch\/de\/#website\",\"url\":\"https:\/\/teiaeducation.ch\/de\/\",\"name\":\"Sustainable Educational Products &amp; Ecological Toys\u00a0\",\"description\":\"Specialised Swiss shop selling sustainable educational toys and games, AMI certified Montessori materials, handmade ecological wooden Waldorf toys and arts &amp; crafts supplies, school supplies, children&#039;s furniture and Montessori reference and parenting books.\",\"publisher\":{\"@id\":\"https:\/\/teiaeducation.ch\/de\/#organization\"},\"alternateName\":\"Teia Education & Play\",\"potentialAction\":[{\"@type\":\"SearchAction\",\"target\":{\"@type\":\"EntryPoint\",\"urlTemplate\":\"https:\/\/teiaeducation.ch\/de\/?s={search_term_string}\"},\"query-input\":{\"@type\":\"PropertyValueSpecification\",\"valueRequired\":true,\"valueName\":\"search_term_string\"}}],\"inLanguage\":\"de-CH\"},{\"@type\":\"Organization\",\"@id\":\"https:\/\/teiaeducation.ch\/de\/#organization\",\"name\":\"Teia Education & Play\",\"url\":\"https:\/\/teiaeducation.ch\/de\/\",\"logo\":{\"@type\":\"ImageObject\",\"inLanguage\":\"de-CH\",\"@id\":\"https:\/\/teiaeducation.ch\/de\/#\/schema\/logo\/image\/\",\"url\":\"https:\/\/teiaeducation.ch\/wp-content\/uploads\/2020\/11\/Teia-Education-Switzerland-e1620156442216.jpg\",\"contentUrl\":\"https:\/\/teiaeducation.ch\/wp-content\/uploads\/2020\/11\/Teia-Education-Switzerland-e1620156442216.jpg\",\"width\":166,\"height\":145,\"caption\":\"Teia Education & Play\"},\"image\":{\"@id\":\"https:\/\/teiaeducation.ch\/de\/#\/schema\/logo\/image\/\"},\"sameAs\":[\"https:\/\/www.facebook.com\/teiaeducation\/\",\"https:\/\/x.com\/EducationTeia\",\"https:\/\/www.instagram.com\/teia.education\/\",\"https:\/\/www.linkedin.com\/company\/35501660\",\"https:\/\/www.pinterest.ch\/TeiaEducation\/\"]}]}<\/script>\n<!-- \/ Yoast SEO plugin. -->","yoast_head_json":{"title":"Spielzeug Party Kamera aus Holz - Le Toy Van","description":"Das h\u00f6lzerne Fernglas f\u00fcr Kinder von Le Toy Van ist ein nachhaltiges, multisensorisches Spielzeug, das zu fantasievollem Spiel und Neugier anregt.","robots":{"index":"index","follow":"follow","max-snippet":"max-snippet:-1","max-image-preview":"max-image-preview:large","max-video-preview":"max-video-preview:-1"},"canonical":"https:\/\/teiaeducation.ch\/de\/produkt\/kinder-fernglas-aus-holz-le-toy-van\/","og_locale":"de_DE","og_type":"article","og_title":"Spielzeug Party Kamera aus Holz - Le Toy Van","og_description":"Das h\u00f6lzerne Fernglas f\u00fcr Kinder von Le Toy Van ist ein nachhaltiges, multisensorisches Spielzeug, das zu fantasievollem Spiel und Neugier anregt.","og_url":"https:\/\/teiaeducation.ch\/de\/produkt\/kinder-fernglas-aus-holz-le-toy-van\/","og_site_name":"Sustainable Educational Products &amp; Ecological Toys\u00a0","article_publisher":"https:\/\/www.facebook.com\/teiaeducation\/","article_modified_time":"2025-08-25T09:48:31+00:00","og_image":[{"width":900,"height":900,"url":"https:\/\/teiaeducation.ch\/wp-content\/uploads\/2020\/12\/Wooden-binoculars-\u2013-Le-Toy-Van.jpg","type":"image\/jpeg"}],"schema":{"@context":"https:\/\/schema.org","@graph":[{"@type":"WebPage","@id":"https:\/\/teiaeducation.ch\/de\/produkt\/kinder-fernglas-aus-holz-le-toy-van\/","url":"https:\/\/teiaeducation.ch\/de\/produkt\/kinder-fernglas-aus-holz-le-toy-van\/","name":"Spielzeug Party Kamera aus Holz - Le Toy Van","isPartOf":{"@id":"https:\/\/teiaeducation.ch\/de\/#website"},"primaryImageOfPage":{"@id":"https:\/\/teiaeducation.ch\/de\/produkt\/kinder-fernglas-aus-holz-le-toy-van\/#primaryimage"},"image":{"@id":"https:\/\/teiaeducation.ch\/de\/produkt\/kinder-fernglas-aus-holz-le-toy-van\/#primaryimage"},"thumbnailUrl":"https:\/\/teiaeducation.ch\/wp-content\/uploads\/2020\/12\/Wooden-binoculars-\u2013-Le-Toy-Van.jpg","datePublished":"2020-12-11T10:35:11+00:00","dateModified":"2025-08-25T09:48:31+00:00","description":"Das h\u00f6lzerne Fernglas f\u00fcr Kinder von Le Toy Van ist ein nachhaltiges, multisensorisches Spielzeug, das zu fantasievollem Spiel und Neugier anregt.","breadcrumb":{"@id":"https:\/\/teiaeducation.ch\/de\/produkt\/kinder-fernglas-aus-holz-le-toy-van\/#breadcrumb"},"inLanguage":"de-CH","potentialAction":[{"@type":"ReadAction","target":["https:\/\/teiaeducation.ch\/de\/produkt\/kinder-fernglas-aus-holz-le-toy-van\/"]}]},{"@type":"ImageObject","inLanguage":"de-CH","@id":"https:\/\/teiaeducation.ch\/de\/produkt\/kinder-fernglas-aus-holz-le-toy-van\/#primaryimage","url":"https:\/\/teiaeducation.ch\/wp-content\/uploads\/2020\/12\/Wooden-binoculars-\u2013-Le-Toy-Van.jpg","contentUrl":"https:\/\/teiaeducation.ch\/wp-content\/uploads\/2020\/12\/Wooden-binoculars-\u2013-Le-Toy-Van.jpg","width":900,"height":900,"caption":"Spielzeug Fernglas aus Holz \/ Multisensorisches Spielzeug zum fantasievollen Spielen \u2013 Le Toy Van"},{"@type":"BreadcrumbList","@id":"https:\/\/teiaeducation.ch\/de\/produkt\/kinder-fernglas-aus-holz-le-toy-van\/#breadcrumb","itemListElement":[{"@type":"ListItem","position":1,"name":"Home","item":"https:\/\/teiaeducation.ch\/de\/"},{"@type":"ListItem","position":2,"name":"Laden","item":"https:\/\/teiaeducation.ch\/de\/shop\/"},{"@type":"ListItem","position":3,"name":"Unsere Marken","item":"https:\/\/teiaeducation.ch\/de\/produkt-kategorie\/unsere-marken\/"},{"@type":"ListItem","position":4,"name":"Le Toy Van","item":"https:\/\/teiaeducation.ch\/de\/produkt-kategorie\/unsere-marken\/le-toy-van-de\/"},{"@type":"ListItem","position":5,"name":"Spielzeug Fernglas aus Holz &#8211; Le Toy Van"}]},{"@type":"WebSite","@id":"https:\/\/teiaeducation.ch\/de\/#website","url":"https:\/\/teiaeducation.ch\/de\/","name":"Sustainable Educational Products &amp; Ecological Toys\u00a0","description":"Specialised Swiss shop selling sustainable educational toys and games, AMI certified Montessori materials, handmade ecological wooden Waldorf toys and arts &amp; crafts supplies, school supplies, children&#039;s furniture and Montessori reference and parenting books.","publisher":{"@id":"https:\/\/teiaeducation.ch\/de\/#organization"},"alternateName":"Teia Education & Play","potentialAction":[{"@type":"SearchAction","target":{"@type":"EntryPoint","urlTemplate":"https:\/\/teiaeducation.ch\/de\/?s={search_term_string}"},"query-input":{"@type":"PropertyValueSpecification","valueRequired":true,"valueName":"search_term_string"}}],"inLanguage":"de-CH"},{"@type":"Organization","@id":"https:\/\/teiaeducation.ch\/de\/#organization","name":"Teia Education & Play","url":"https:\/\/teiaeducation.ch\/de\/","logo":{"@type":"ImageObject","inLanguage":"de-CH","@id":"https:\/\/teiaeducation.ch\/de\/#\/schema\/logo\/image\/","url":"https:\/\/teiaeducation.ch\/wp-content\/uploads\/2020\/11\/Teia-Education-Switzerland-e1620156442216.jpg","contentUrl":"https:\/\/teiaeducation.ch\/wp-content\/uploads\/2020\/11\/Teia-Education-Switzerland-e1620156442216.jpg","width":166,"height":145,"caption":"Teia Education & Play"},"image":{"@id":"https:\/\/teiaeducation.ch\/de\/#\/schema\/logo\/image\/"},"sameAs":["https:\/\/www.facebook.com\/teiaeducation\/","https:\/\/x.com\/EducationTeia","https:\/\/www.instagram.com\/teia.education\/","https:\/\/www.linkedin.com\/company\/35501660","https:\/\/www.pinterest.ch\/TeiaEducation\/"]}]}},"_links":{"self":[{"href":"https:\/\/teiaeducation.ch\/de\/wp-json\/wp\/v2\/product\/45539","targetHints":{"allow":["GET"]}}],"collection":[{"href":"https:\/\/teiaeducation.ch\/de\/wp-json\/wp\/v2\/product"}],"about":[{"href":"https:\/\/teiaeducation.ch\/de\/wp-json\/wp\/v2\/types\/product"}],"replies":[{"embeddable":true,"href":"https:\/\/teiaeducation.ch\/de\/wp-json\/wp\/v2\/comments?post=45539"}],"wp:featuredmedia":[{"embeddable":true,"href":"https:\/\/teiaeducation.ch\/de\/wp-json\/wp\/v2\/media\/45540"}],"wp:attachment":[{"href":"https:\/\/teiaeducation.ch\/de\/wp-json\/wp\/v2\/media?parent=45539"}],"wp:term":[{"taxonomy":"product_brand","embeddable":true,"href":"https:\/\/teiaeducation.ch\/de\/wp-json\/wp\/v2\/product_brand?post=45539"},{"taxonomy":"product_cat","embeddable":true,"href":"https:\/\/teiaeducation.ch\/de\/wp-json\/wp\/v2\/product_cat?post=45539"},{"taxonomy":"product_tag","embeddable":true,"href":"https:\/\/teiaeducation.ch\/de\/wp-json\/wp\/v2\/product_tag?post=45539"}],"curies":[{"name":"wp","href":"https:\/\/api.w.org\/{rel}","templated":true}]}}