{"id":46286,"date":"2022-03-25T17:04:14","date_gmt":"2022-03-25T16:04:14","guid":{"rendered":"https:\/\/teiaeducation.ch\/product\/kinder-lehruhr-aus-holz-waldorf-family\/"},"modified":"2024-11-10T21:07:16","modified_gmt":"2024-11-10T20:07:16","slug":"kinder-lehruhr-aus-holz-waldorf-family","status":"publish","type":"product","link":"https:\/\/teiaeducation.ch\/de\/produkt\/kinder-lehruhr-aus-holz-waldorf-family\/","title":{"rendered":"Kinder Lehruhr aus Holz &#8211; Waldorf Family"},"content":{"rendered":"<p>Erfreuen Sie sich an den sch\u00f6nen Regenbogenfarben der Waldorf Family Kinder Lehruhr mit beweglichen Zeigern, w\u00e4hrend Ihr Kind lernt, die <a href=\"https:\/\/teiaeducation.ch\/product-category\/learning-themes\/mathematics-numeracy\/time\/\">Zeit<\/a> abzulesen. Es kann auch die Illustrationen erforschen, die eine Reise durch eine Vielzahl von Aktivit\u00e4ten darstellen, die mit dem Tagesrhythmus eines Kindes \u00fcbereinstimmen!<\/p>\n<p>Als Teil der <a href=\"https:\/\/teiaeducation.ch\/product-category\/learning-themes\/mathematics-numeracy\/numbers\/\">Zahlen<\/a>&#8211; und Mathematik-Kollektion verf\u00fcgt die Lehreruhr f\u00fcr Kinder \u00fcber ausgerichtete Zeiger, die direkt auf die Stunden oder Minuten zeigen, um Kindern zu helfen, das eine vom anderen zu unterscheiden. Auch die Minuten- und Stundenzeiger sind bewusst unterschiedlich gef\u00e4rbt, um die Unterscheidung zu erleichtern. Die Zahlen 1-60 sind ebenfalls enthalten, damit die Kinder erkennen k\u00f6nnen, dass 60 Minuten zu einer Stunde geh\u00f6ren &#8211; was auch hilfreich sein kann, um das Konzept der Sekunden zu erkl\u00e4ren.<\/p>\n<p>Um den \u00e4u\u00dferen Rand der Uhr herum wurden einige gebr\u00e4uchliche Phrasen geschrieben, um die Zeit anzuzeigen. Diese S\u00e4tze k\u00f6nnen unabh\u00e4ngig voneinander verwendet werden, um einen Zeitsatz zu bilden, wenn das Kind mit dem <a href=\"https:\/\/teiaeducation.ch\/product-category\/learning-themes\/literacy-language\/learning-to-write\/\">Schreiben<\/a> beginnt. Es lohnt sich auch, die Kinder zu fragen, warum der Mond in der Mitte der Uhr stehen k\u00f6nnte. Als Erwachsene wissen wir, dass die 12-Stunden-Uhr an einem Tag zweimal um die Zahlen l\u00e4uft, aber es lohnt sich, dieses Konzept mit Kindern zu erforschen, w\u00e4hrend sie lernen.<\/p>\n<p>Die Basis der h\u00f6lzernen Kinder Lehruhr ist aus 9 mm FSC-zertifiziertem, nachhaltigem Garnicia-Sperrholz gefertigt. Die H\u00e4nde sind ebenfalls aus Garnicia-Holz und werden mit einem Messingstift fixiert.<\/p>\n<p><a href=\"https:\/\/teiaeducation.ch\/product-category\/brands\/waldorf-family\/\">Waldorf Family<\/a> by Stephanie Green ist eine englische Marke und im Herzen ein nachhaltiges Unternehmen. F\u00fcr die hochwertigen, handgefertigten Heimdekor- und Bildungsprodukte der Marke werden ausschlie\u00dflich nat\u00fcrliche und umweltfreundliche Materialien wie FSC-zertifiziertes Holz und Recyclingpapier verwendet.<\/p>\n<p>Die wundersch\u00f6n illustrierten Produkte der Waldorf-Familie sind vom jahreszeitlichen Leben und der Natur inspiriert und zielen darauf ab, H\u00e4nde, Herzen und Verstand anzusprechen. Die farbenfrohen, handgefertigten Holzspielzeuge und Lernmittel der Waldorf-Familie umfassen Materialien zum Lernen \u00fcber die Jahreszeiten, die Zeitrechnung, das Alphabet, die Lebenszyklen, das Wetter, die Monate des Jahres und die Phasen des Mondes. Getreu der Waldorfp\u00e4dagogik stellen diese wundersch\u00f6nen handgefertigten Produkte eine Verbindung zur nat\u00fcrlichen Welt her und f\u00f6rdern das langsame Leben als Teil des Familienlebens.<\/p>\n<p>Die <a href=\"https:\/\/teiaeducation.ch\/product-category\/education-method\/waldorf-steiner-toys-craft-materials\/\">Waldorf<\/a> Family Kinder Lehruhr aus Holz ist ideal, um den Tagesablauf eines Kindes zu rhythmisieren und Familienroutinen zu etablieren &#8211; sie ist f\u00fcr Kinder ab 6 Jahren geeignet. Diese Uhr ist in Deutsch und Englisch verf\u00fcgbar, bitte w\u00e4hlen Sie Ihre bevorzugte Sprache.<\/p>\n<p>Inhalt:<\/p>\n<p>1 Lernuhr aus Holz mit beweglichen Zeigern<\/p>\n","protected":false},"excerpt":{"rendered":"<p>Artikelnummer: TCWW20<\/p>\n<p>Die Waldorf Family Kinder Lehruhr aus Holz mit beweglichen Zeigern zeigt sch\u00f6ne Illustrationen, die mit dem Tagesrhythmus des Kindes mitschwingen!<\/p>\n","protected":false},"featured_media":45763,"comment_status":"open","ping_status":"closed","template":"","meta":[],"product_brand":[],"product_cat":[21446,21524,23651,21479,21554,21491,21484,21535,21509,21537,21443,21563,22362,21494,21496,21564,22870,21483],"product_tag":[22874,22871,22873,22872,22877,22875,22876,22878],"class_list":{"0":"post-46286","1":"product","2":"type-product","3":"status-publish","4":"has-post-thumbnail","6":"product_cat-6-12-jahre-grundschule","7":"product_cat-alphabetisierung-sprache","8":"product_cat-back-to-school-de","9":"product_cat-lernmaterialien-spielzeug-montessori-waldorf-steiner-froebel","10":"product_cat-die-zeit","11":"product_cat-geschenk-guide-lerngeschenke","12":"product_cat-geschenk-guides","13":"product_cat-geschichtenerzaehlen","14":"product_cat-lernthemen","15":"product_cat-mathematik-rechnen","16":"product_cat-nach-alter","17":"product_cat-neuheiten","18":"product_cat-saisonale-kollektionen","19":"product_cat-schulbedarf-fuer-zuhause","20":"product_cat-schulbedarf-fuer-zuhause-6-12-jahre","21":"product_cat-unsere-marken","22":"product_cat-waldorf-family-de","23":"product_cat-waldorf-steiner-paedagogik","24":"product_tag-kinder-lehruhr-aus-holz-waldorf","25":"product_tag-kinder-lehruhr-aus-holz-waldorf-family","26":"product_tag-lehruhr-mit-beweglichen-zeigern","27":"product_tag-waldorf-family-uhr","28":"product_tag-waldorf-lehrmittel","29":"product_tag-waldorf-uhr-kinderrhythmus-des-tages","30":"product_tag-waldorf-waldorf-lehruhr-illustrationen","31":"product_tag-waldorfpadagogik-zur-zeitmessung","33":"first","34":"instock","35":"taxable","36":"shipping-taxable","37":"purchasable","38":"product-type-variable"},"yoast_head":"<!-- This site is optimized with the Yoast SEO plugin v27.1.1 - https:\/\/yoast.com\/product\/yoast-seo-wordpress\/ -->\n<title>Kinder Lehruhr aus Holz - Waldorf Family - Teia Education &amp; Play<\/title>\n<meta name=\"description\" content=\"Die Waldorf Family Kinder Lehruhr aus Holz mit beweglichen Zeigern zeigt sch\u00f6ne Illustrationen, die mit dem Tagesrhythmus des Kindes mitschwingen!\" \/>\n<meta name=\"robots\" content=\"index, follow, max-snippet:-1, max-image-preview:large, max-video-preview:-1\" \/>\n<link rel=\"canonical\" href=\"https:\/\/teiaeducation.ch\/de\/produkt\/kinder-lehruhr-aus-holz-waldorf-family\/\" \/>\n<meta property=\"og:locale\" content=\"de_DE\" \/>\n<meta property=\"og:type\" content=\"article\" \/>\n<meta property=\"og:title\" content=\"Kinder Lehruhr aus Holz - Waldorf Family - Teia Education &amp; Play\" \/>\n<meta property=\"og:description\" content=\"Die Waldorf Family Kinder Lehruhr aus Holz mit beweglichen Zeigern zeigt sch\u00f6ne Illustrationen, die mit dem Tagesrhythmus des Kindes mitschwingen!\" \/>\n<meta property=\"og:url\" content=\"https:\/\/teiaeducation.ch\/de\/produkt\/kinder-lehruhr-aus-holz-waldorf-family\/\" \/>\n<meta property=\"og:site_name\" content=\"Sustainable Educational Products &amp; Ecological Toys\u00a0\" \/>\n<meta property=\"article:publisher\" content=\"https:\/\/www.facebook.com\/teiaeducation\/\" \/>\n<meta property=\"article:modified_time\" content=\"2024-11-10T20:07:16+00:00\" \/>\n<meta property=\"og:image\" content=\"https:\/\/teiaeducation.ch\/wp-content\/uploads\/2022\/03\/Childrens-Teaching-Clock-by-Waldorf-Family-.jpg\" \/>\n\t<meta property=\"og:image:width\" content=\"900\" \/>\n\t<meta property=\"og:image:height\" content=\"900\" \/>\n\t<meta property=\"og:image:type\" content=\"image\/jpeg\" \/>\n<script type=\"application\/ld+json\" class=\"yoast-schema-graph\">{\"@context\":\"https:\/\/schema.org\",\"@graph\":[{\"@type\":\"WebPage\",\"@id\":\"https:\/\/teiaeducation.ch\/de\/produkt\/kinder-lehruhr-aus-holz-waldorf-family\/\",\"url\":\"https:\/\/teiaeducation.ch\/de\/produkt\/kinder-lehruhr-aus-holz-waldorf-family\/\",\"name\":\"Kinder Lehruhr aus Holz - Waldorf Family - Teia Education & Play\",\"isPartOf\":{\"@id\":\"https:\/\/teiaeducation.ch\/de\/#website\"},\"primaryImageOfPage\":{\"@id\":\"https:\/\/teiaeducation.ch\/de\/produkt\/kinder-lehruhr-aus-holz-waldorf-family\/#primaryimage\"},\"image\":{\"@id\":\"https:\/\/teiaeducation.ch\/de\/produkt\/kinder-lehruhr-aus-holz-waldorf-family\/#primaryimage\"},\"thumbnailUrl\":\"https:\/\/teiaeducation.ch\/wp-content\/uploads\/2022\/03\/Childrens-Teaching-Clock-by-Waldorf-Family-.jpg\",\"datePublished\":\"2022-03-25T16:04:14+00:00\",\"dateModified\":\"2024-11-10T20:07:16+00:00\",\"description\":\"Die Waldorf Family Kinder Lehruhr aus Holz mit beweglichen Zeigern zeigt sch\u00f6ne Illustrationen, die mit dem Tagesrhythmus des Kindes mitschwingen!\",\"breadcrumb\":{\"@id\":\"https:\/\/teiaeducation.ch\/de\/produkt\/kinder-lehruhr-aus-holz-waldorf-family\/#breadcrumb\"},\"inLanguage\":\"de-CH\",\"potentialAction\":[{\"@type\":\"ReadAction\",\"target\":[\"https:\/\/teiaeducation.ch\/de\/produkt\/kinder-lehruhr-aus-holz-waldorf-family\/\"]}]},{\"@type\":\"ImageObject\",\"inLanguage\":\"de-CH\",\"@id\":\"https:\/\/teiaeducation.ch\/de\/produkt\/kinder-lehruhr-aus-holz-waldorf-family\/#primaryimage\",\"url\":\"https:\/\/teiaeducation.ch\/wp-content\/uploads\/2022\/03\/Childrens-Teaching-Clock-by-Waldorf-Family-.jpg\",\"contentUrl\":\"https:\/\/teiaeducation.ch\/wp-content\/uploads\/2022\/03\/Childrens-Teaching-Clock-by-Waldorf-Family-.jpg\",\"width\":900,\"height\":900,\"caption\":\"Kinder Lehruhr aus Holz Waldorf Family\"},{\"@type\":\"BreadcrumbList\",\"@id\":\"https:\/\/teiaeducation.ch\/de\/produkt\/kinder-lehruhr-aus-holz-waldorf-family\/#breadcrumb\",\"itemListElement\":[{\"@type\":\"ListItem\",\"position\":1,\"name\":\"Home\",\"item\":\"https:\/\/teiaeducation.ch\/de\/\"},{\"@type\":\"ListItem\",\"position\":2,\"name\":\"Laden\",\"item\":\"https:\/\/teiaeducation.ch\/de\/shop\/\"},{\"@type\":\"ListItem\",\"position\":3,\"name\":\"Unsere Marken\",\"item\":\"https:\/\/teiaeducation.ch\/de\/produkt-kategorie\/unsere-marken\/\"},{\"@type\":\"ListItem\",\"position\":4,\"name\":\"Waldorf Family\",\"item\":\"https:\/\/teiaeducation.ch\/de\/produkt-kategorie\/unsere-marken\/waldorf-family-de\/\"},{\"@type\":\"ListItem\",\"position\":5,\"name\":\"Kinder Lehruhr aus Holz &#8211; Waldorf Family\"}]},{\"@type\":\"WebSite\",\"@id\":\"https:\/\/teiaeducation.ch\/de\/#website\",\"url\":\"https:\/\/teiaeducation.ch\/de\/\",\"name\":\"Sustainable Educational Products &amp; Ecological Toys\u00a0\",\"description\":\"Specialised Swiss shop selling sustainable educational toys and games, AMI certified Montessori materials, handmade ecological wooden Waldorf toys and arts &amp; crafts supplies, school supplies, children&#039;s furniture and Montessori reference and parenting books.\",\"publisher\":{\"@id\":\"https:\/\/teiaeducation.ch\/de\/#organization\"},\"alternateName\":\"Teia Education & Play\",\"potentialAction\":[{\"@type\":\"SearchAction\",\"target\":{\"@type\":\"EntryPoint\",\"urlTemplate\":\"https:\/\/teiaeducation.ch\/de\/?s={search_term_string}\"},\"query-input\":{\"@type\":\"PropertyValueSpecification\",\"valueRequired\":true,\"valueName\":\"search_term_string\"}}],\"inLanguage\":\"de-CH\"},{\"@type\":\"Organization\",\"@id\":\"https:\/\/teiaeducation.ch\/de\/#organization\",\"name\":\"Teia Education & Play\",\"url\":\"https:\/\/teiaeducation.ch\/de\/\",\"logo\":{\"@type\":\"ImageObject\",\"inLanguage\":\"de-CH\",\"@id\":\"https:\/\/teiaeducation.ch\/de\/#\/schema\/logo\/image\/\",\"url\":\"https:\/\/teiaeducation.ch\/wp-content\/uploads\/2020\/11\/Teia-Education-Switzerland-e1620156442216.jpg\",\"contentUrl\":\"https:\/\/teiaeducation.ch\/wp-content\/uploads\/2020\/11\/Teia-Education-Switzerland-e1620156442216.jpg\",\"width\":166,\"height\":145,\"caption\":\"Teia Education & Play\"},\"image\":{\"@id\":\"https:\/\/teiaeducation.ch\/de\/#\/schema\/logo\/image\/\"},\"sameAs\":[\"https:\/\/www.facebook.com\/teiaeducation\/\",\"https:\/\/x.com\/EducationTeia\",\"https:\/\/www.instagram.com\/teia.education\/\",\"https:\/\/www.linkedin.com\/company\/35501660\",\"https:\/\/www.pinterest.ch\/TeiaEducation\/\"]}]}<\/script>\n<!-- \/ Yoast SEO plugin. -->","yoast_head_json":{"title":"Kinder Lehruhr aus Holz - Waldorf Family - Teia Education & Play","description":"Die Waldorf Family Kinder Lehruhr aus Holz mit beweglichen Zeigern zeigt sch\u00f6ne Illustrationen, die mit dem Tagesrhythmus des Kindes mitschwingen!","robots":{"index":"index","follow":"follow","max-snippet":"max-snippet:-1","max-image-preview":"max-image-preview:large","max-video-preview":"max-video-preview:-1"},"canonical":"https:\/\/teiaeducation.ch\/de\/produkt\/kinder-lehruhr-aus-holz-waldorf-family\/","og_locale":"de_DE","og_type":"article","og_title":"Kinder Lehruhr aus Holz - Waldorf Family - Teia Education & Play","og_description":"Die Waldorf Family Kinder Lehruhr aus Holz mit beweglichen Zeigern zeigt sch\u00f6ne Illustrationen, die mit dem Tagesrhythmus des Kindes mitschwingen!","og_url":"https:\/\/teiaeducation.ch\/de\/produkt\/kinder-lehruhr-aus-holz-waldorf-family\/","og_site_name":"Sustainable Educational Products &amp; Ecological Toys\u00a0","article_publisher":"https:\/\/www.facebook.com\/teiaeducation\/","article_modified_time":"2024-11-10T20:07:16+00:00","og_image":[{"width":900,"height":900,"url":"https:\/\/teiaeducation.ch\/wp-content\/uploads\/2022\/03\/Childrens-Teaching-Clock-by-Waldorf-Family-.jpg","type":"image\/jpeg"}],"schema":{"@context":"https:\/\/schema.org","@graph":[{"@type":"WebPage","@id":"https:\/\/teiaeducation.ch\/de\/produkt\/kinder-lehruhr-aus-holz-waldorf-family\/","url":"https:\/\/teiaeducation.ch\/de\/produkt\/kinder-lehruhr-aus-holz-waldorf-family\/","name":"Kinder Lehruhr aus Holz - Waldorf Family - Teia Education & Play","isPartOf":{"@id":"https:\/\/teiaeducation.ch\/de\/#website"},"primaryImageOfPage":{"@id":"https:\/\/teiaeducation.ch\/de\/produkt\/kinder-lehruhr-aus-holz-waldorf-family\/#primaryimage"},"image":{"@id":"https:\/\/teiaeducation.ch\/de\/produkt\/kinder-lehruhr-aus-holz-waldorf-family\/#primaryimage"},"thumbnailUrl":"https:\/\/teiaeducation.ch\/wp-content\/uploads\/2022\/03\/Childrens-Teaching-Clock-by-Waldorf-Family-.jpg","datePublished":"2022-03-25T16:04:14+00:00","dateModified":"2024-11-10T20:07:16+00:00","description":"Die Waldorf Family Kinder Lehruhr aus Holz mit beweglichen Zeigern zeigt sch\u00f6ne Illustrationen, die mit dem Tagesrhythmus des Kindes mitschwingen!","breadcrumb":{"@id":"https:\/\/teiaeducation.ch\/de\/produkt\/kinder-lehruhr-aus-holz-waldorf-family\/#breadcrumb"},"inLanguage":"de-CH","potentialAction":[{"@type":"ReadAction","target":["https:\/\/teiaeducation.ch\/de\/produkt\/kinder-lehruhr-aus-holz-waldorf-family\/"]}]},{"@type":"ImageObject","inLanguage":"de-CH","@id":"https:\/\/teiaeducation.ch\/de\/produkt\/kinder-lehruhr-aus-holz-waldorf-family\/#primaryimage","url":"https:\/\/teiaeducation.ch\/wp-content\/uploads\/2022\/03\/Childrens-Teaching-Clock-by-Waldorf-Family-.jpg","contentUrl":"https:\/\/teiaeducation.ch\/wp-content\/uploads\/2022\/03\/Childrens-Teaching-Clock-by-Waldorf-Family-.jpg","width":900,"height":900,"caption":"Kinder Lehruhr aus Holz Waldorf Family"},{"@type":"BreadcrumbList","@id":"https:\/\/teiaeducation.ch\/de\/produkt\/kinder-lehruhr-aus-holz-waldorf-family\/#breadcrumb","itemListElement":[{"@type":"ListItem","position":1,"name":"Home","item":"https:\/\/teiaeducation.ch\/de\/"},{"@type":"ListItem","position":2,"name":"Laden","item":"https:\/\/teiaeducation.ch\/de\/shop\/"},{"@type":"ListItem","position":3,"name":"Unsere Marken","item":"https:\/\/teiaeducation.ch\/de\/produkt-kategorie\/unsere-marken\/"},{"@type":"ListItem","position":4,"name":"Waldorf Family","item":"https:\/\/teiaeducation.ch\/de\/produkt-kategorie\/unsere-marken\/waldorf-family-de\/"},{"@type":"ListItem","position":5,"name":"Kinder Lehruhr aus Holz &#8211; Waldorf Family"}]},{"@type":"WebSite","@id":"https:\/\/teiaeducation.ch\/de\/#website","url":"https:\/\/teiaeducation.ch\/de\/","name":"Sustainable Educational Products &amp; Ecological Toys\u00a0","description":"Specialised Swiss shop selling sustainable educational toys and games, AMI certified Montessori materials, handmade ecological wooden Waldorf toys and arts &amp; crafts supplies, school supplies, children&#039;s furniture and Montessori reference and parenting books.","publisher":{"@id":"https:\/\/teiaeducation.ch\/de\/#organization"},"alternateName":"Teia Education & Play","potentialAction":[{"@type":"SearchAction","target":{"@type":"EntryPoint","urlTemplate":"https:\/\/teiaeducation.ch\/de\/?s={search_term_string}"},"query-input":{"@type":"PropertyValueSpecification","valueRequired":true,"valueName":"search_term_string"}}],"inLanguage":"de-CH"},{"@type":"Organization","@id":"https:\/\/teiaeducation.ch\/de\/#organization","name":"Teia Education & Play","url":"https:\/\/teiaeducation.ch\/de\/","logo":{"@type":"ImageObject","inLanguage":"de-CH","@id":"https:\/\/teiaeducation.ch\/de\/#\/schema\/logo\/image\/","url":"https:\/\/teiaeducation.ch\/wp-content\/uploads\/2020\/11\/Teia-Education-Switzerland-e1620156442216.jpg","contentUrl":"https:\/\/teiaeducation.ch\/wp-content\/uploads\/2020\/11\/Teia-Education-Switzerland-e1620156442216.jpg","width":166,"height":145,"caption":"Teia Education & Play"},"image":{"@id":"https:\/\/teiaeducation.ch\/de\/#\/schema\/logo\/image\/"},"sameAs":["https:\/\/www.facebook.com\/teiaeducation\/","https:\/\/x.com\/EducationTeia","https:\/\/www.instagram.com\/teia.education\/","https:\/\/www.linkedin.com\/company\/35501660","https:\/\/www.pinterest.ch\/TeiaEducation\/"]}]}},"_links":{"self":[{"href":"https:\/\/teiaeducation.ch\/de\/wp-json\/wp\/v2\/product\/46286","targetHints":{"allow":["GET"]}}],"collection":[{"href":"https:\/\/teiaeducation.ch\/de\/wp-json\/wp\/v2\/product"}],"about":[{"href":"https:\/\/teiaeducation.ch\/de\/wp-json\/wp\/v2\/types\/product"}],"replies":[{"embeddable":true,"href":"https:\/\/teiaeducation.ch\/de\/wp-json\/wp\/v2\/comments?post=46286"}],"wp:featuredmedia":[{"embeddable":true,"href":"https:\/\/teiaeducation.ch\/de\/wp-json\/wp\/v2\/media\/45763"}],"wp:attachment":[{"href":"https:\/\/teiaeducation.ch\/de\/wp-json\/wp\/v2\/media?parent=46286"}],"wp:term":[{"taxonomy":"product_brand","embeddable":true,"href":"https:\/\/teiaeducation.ch\/de\/wp-json\/wp\/v2\/product_brand?post=46286"},{"taxonomy":"product_cat","embeddable":true,"href":"https:\/\/teiaeducation.ch\/de\/wp-json\/wp\/v2\/product_cat?post=46286"},{"taxonomy":"product_tag","embeddable":true,"href":"https:\/\/teiaeducation.ch\/de\/wp-json\/wp\/v2\/product_tag?post=46286"}],"curies":[{"name":"wp","href":"https:\/\/api.w.org\/{rel}","templated":true}]}}