{"id":46477,"date":"2021-05-26T14:49:47","date_gmt":"2021-05-26T12:49:47","guid":{"rendered":"https:\/\/teiaeducation.ch\/product\/baby-kleinkind-montessori-spiegel-mit-holzschiene-educo\/"},"modified":"2024-09-17T10:51:02","modified_gmt":"2024-09-17T08:51:02","slug":"montessori-baby-kleinkind-spiegel-mit-holzschiene-educo","status":"publish","type":"product","link":"https:\/\/teiaeducation.ch\/de\/produkt\/montessori-baby-kleinkind-spiegel-mit-holzschiene-educo\/","title":{"rendered":"Baby \/ Kleinkind Montessori Spiegel mit Holzschiene &#8211; Educo"},"content":{"rendered":"<p>Der unzerbrechliche Spiegel von Educo mit Holzschiene f\u00fcr das <a href=\"https:\/\/teiaeducation.ch\/de\/produkt-kategorie\/unsere-marken\/nienhuis-montessori-schweiz\/baby-kleinkind-nienhuis-montessori\/\">Baby und Kleinkind<\/a> ist ein unverzichtbares Element in jeder vorbereiteten <a href=\"https:\/\/teiaeducation.ch\/product-category\/education-method\/montessori\/\">Montessori<\/a> Umgebung! Der solide und Unbrechbarer Spiegel der niederl\u00e4ndischen Marke Educo von Heutink International sorgt f\u00fcr Unterhaltung und ist f\u00fcr die Entwicklung und Erkundung des Babys wichtig. Schon sehr fr\u00fch im Leben sind Babys und Kleinkinder von Spiegeln fasziniert. Indem sie sich selbst im Spiegel betrachten, entdecken sie ihre eigene Identit\u00e4t und ihre Bewegungen.<\/p>\n<p>Der Spiegel misst 127 x 69 cm, ist mit Holz umrahmt und verf\u00fcgt \u00fcber einen Holzhandlauf, der in 3 H\u00f6hen verstellbar ist. An der Holzschiene k\u00f6nnen sich die Babys hochziehen und am Spiegel entlanglaufen. Der Spiegel kann sowohl horizontal als auch vertikal an der Wand befestigt werden und eignet sich sowohl f\u00fcr den Einsatz zu Hause als auch in Kindertagesst\u00e4tten und Kinderg\u00e4rten.<\/p>\n<p>Der unzerbrechliche Montessori Spiegel f\u00fcr Baby&#8217;s und Kleinkinder mit Holzschiene von Educo ist f\u00fcr Kinder ab 0 Jahren geeignet.<\/p>\n<p>Inhalt:<\/p>\n<p>1 Unbrechbarer Spiegel mit verstellbarer Holzschiene<\/p>\n<p><em>Wir haben diesen Artikel derzeit nicht auf Lager, aber er ist auf Vorbestellung erh\u00e4ltlich. Dieser Artikel wird f\u00fcr Sie bei unserem Lieferanten bestellt. Aufgrund der Einfuhr aus der Europ\u00e4ischen Union in die Schweiz erwarten wir eine Lieferzeit von 2 bis maximal 3 Wochen.<\/em><\/p>\n\t<div id=\"gap-761050528\" class=\"gap-element clearfix\" style=\"display:block; height:auto;\">\n\t\t\n<style>\n#gap-761050528 {\n  padding-top: 20px;\n}\n<\/style>\n\t<\/div>\n\t\n<h2>\u00dcber Educo<\/h2>\n<p>Die niederl\u00e4ndische Marke <a href=\"https:\/\/teiaeducation.ch\/product-category\/brands\/educo\/\">Educo<\/a> steht f\u00fcr eine bunte Welt des spielerischen <a href=\"https:\/\/teiaeducation.ch\/product-category\/learning-themes\/\">Lernens<\/a>, herausfordernde Lernspiele und Spielzeuge! Die hochwertigen und langlebigen Educo Produkte orientieren sich an Alltagssituationen und helfen Babys und Kindern, Spiele mit regul\u00e4ren Themen zu verbinden und den Lernprozess in eine Simulation ihrer nat\u00fcrlichen Umgebung zu verwandeln.<\/p>\n<p>Das Educo-Sortiment ist in drei Entwicklungsbereiche unterteilt: <a href=\"https:\/\/teiaeducation.ch\/product-category\/brands\/educo\/motor-play\/\">Motorik<\/a>, <a href=\"https:\/\/teiaeducation.ch\/product-category\/brands\/educo\/language-play\/\">Sprache<\/a> und <a href=\"https:\/\/teiaeducation.ch\/product-category\/brands\/educo\/mathematical-play\/\">Mathematik<\/a>. Im Jahr 2023 wurde ein umfassendes Sortiment an <a href=\"https:\/\/teiaeducation.ch\/product-category\/brands\/educo\/montessori-toys-range-0-3-years\/\">Montessori Spielzeug<\/a> f\u00fcr Kinder im Alter von 0 bis 3 Jahren eingef\u00fchrt, um das Wachstum und die Entwicklung der Kleinen bestm\u00f6glich zu f\u00f6rdern.<\/p>\n<p>Die aktiven, spielerischen Lernprodukte von Educo sind haupts\u00e4chlich aus Holz gefertigt und bestehen aus nachhaltigen Materialien wie Farben und Lacken auf Wasserbasis. Die <a href=\"https:\/\/teiaeducation.ch\/product-category\/hgh-quality-toys-play\/\">Spielzeuge<\/a> sind so konzipiert, dass sie \u00fcber viele Jahre hinweg robust verwendet werden k\u00f6nnen, spielerisches Lernen f\u00f6rdern und Kinder im Alter von 0-12 Jahren zu Wachstum und Erfolg inspirieren.<\/p>\n<p>Sie erf\u00fcllen die Anforderungen der verschiedenen europ\u00e4ischen und internationalen Sicherheitsvorschriften f\u00fcr Spielzeug und entsprechen der Richtlinie 2009\/48\/EG \u00fcber die Sicherheit von Spielzeug, einschlie\u00dflich EN81 und ASTM.<\/p>\n","protected":false},"excerpt":{"rendered":"<p>Artikelnumber: E522574<\/p>\n<p>Der unzerbrechliche Spiegel von Educo mit Holzschiene f\u00fcr das Baby und Kleinkind ist ein unverzichtbares Element in jeder vorbereiteten Montessori Umgebung!<\/p>\n","protected":false},"featured_media":46478,"comment_status":"closed","ping_status":"closed","template":"","meta":[],"product_brand":[],"product_cat":[25967,21444,21679,21479,21599,21485,21484,21474,21650,21509,21498,21481,22182,21478,21443,21572,21494,21557,21562,21695,21678,21497,21477,21482,21564],"product_tag":[22969,22972,22974,22970,22973,22971,22975,22977,22976],"class_list":{"0":"post-46477","1":"product","2":"type-product","3":"status-publish","4":"has-post-thumbnail","6":"product_cat-0-12-monate-baby","7":"product_cat-1-3-jahre-kleinkind","8":"product_cat-aktiv-spielzeug","9":"product_cat-lernmaterialien-spielzeug-montessori-waldorf-steiner-froebel","10":"product_cat-educo-de","11":"product_cat-geschenk-guide-0-12-monate-baby","12":"product_cat-geschenk-guides","13":"product_cat-klassenzimmer-essenzien","14":"product_cat-baby-kleinkind-nienhuis-montessori","15":"product_cat-lernthemen","16":"product_cat-montessori-materialien-fuer-zuhause-schulbedarf-fuer-zuhause","17":"product_cat-montessori-paedagogik-material-spielzeug","18":"product_cat-montessori-spielzeug","19":"product_cat-montessori-mobel","20":"product_cat-nach-alter","21":"product_cat-nienhuis-montessori-schweiz","22":"product_cat-schulbedarf-fuer-zuhause","23":"product_cat-sensorische-motorische-fertigkeiten","24":"product_cat-sinne","25":"product_cat-sinnliches-spiel","26":"product_cat-kinder-spielzeug","27":"product_cat-spielen-und-lernen-fuer-babys-kleinkinder","28":"product_cat-spielzimmer-mobel-schulmobel-aufbewahrungsmobel","29":"product_cat-traditionelle-bildung","30":"product_cat-unsere-marken","31":"product_tag-baby-kleinkind-0-3","32":"product_tag-baby-kleinkind-spiegel-mit-holzschiene","33":"product_tag-baby-spiegel","34":"product_tag-bewegung","35":"product_tag-educo-baby-kleinkind-mobel","36":"product_tag-grobmotorische-fahigkeiten","37":"product_tag-montessori-baby-spiegel","38":"product_tag-montessori-spiegel","39":"product_tag-montessori-spiegel-fur-baby","41":"first","42":"onbackorder","43":"taxable","44":"shipping-taxable","45":"purchasable","46":"product-type-simple"},"yoast_head":"<!-- This site is optimized with the Yoast SEO plugin v27.1.1 - https:\/\/yoast.com\/product\/yoast-seo-wordpress\/ -->\n<title>Baby \/ Kleinkind Montessori Spiegel mit Holzschiene - Educo<\/title>\n<meta name=\"description\" content=\"Der unzerbrechliche Spiegel von Educo mit Holzschiene f\u00fcr das Baby und Kleinkind ist ein unverzichtbares Element in jeder vorbereiteten Montessori Umgebung!\" \/>\n<meta name=\"robots\" content=\"index, follow, max-snippet:-1, max-image-preview:large, max-video-preview:-1\" \/>\n<link rel=\"canonical\" href=\"https:\/\/teiaeducation.ch\/de\/produkt\/montessori-baby-kleinkind-spiegel-mit-holzschiene-educo\/\" \/>\n<meta property=\"og:locale\" content=\"de_DE\" \/>\n<meta property=\"og:type\" content=\"article\" \/>\n<meta property=\"og:title\" content=\"Baby \/ Kleinkind Montessori Spiegel mit Holzschiene - Educo\" \/>\n<meta property=\"og:description\" content=\"Der unzerbrechliche Spiegel von Educo mit Holzschiene f\u00fcr das Baby und Kleinkind ist ein unverzichtbares Element in jeder vorbereiteten Montessori Umgebung!\" \/>\n<meta property=\"og:url\" content=\"https:\/\/teiaeducation.ch\/de\/produkt\/montessori-baby-kleinkind-spiegel-mit-holzschiene-educo\/\" \/>\n<meta property=\"og:site_name\" content=\"Sustainable Educational Products &amp; Ecological Toys\u00a0\" \/>\n<meta property=\"article:publisher\" content=\"https:\/\/www.facebook.com\/teiaeducation\/\" \/>\n<meta property=\"article:modified_time\" content=\"2024-09-17T08:51:02+00:00\" \/>\n<meta property=\"og:image\" content=\"https:\/\/teiaeducation.ch\/wp-content\/uploads\/2019\/05\/400_E522574_main_or_1-scaled.jpg\" \/>\n\t<meta property=\"og:image:width\" content=\"2048\" \/>\n\t<meta property=\"og:image:height\" content=\"2048\" \/>\n\t<meta property=\"og:image:type\" content=\"image\/jpeg\" \/>\n<script type=\"application\/ld+json\" class=\"yoast-schema-graph\">{\"@context\":\"https:\/\/schema.org\",\"@graph\":[{\"@type\":\"WebPage\",\"@id\":\"https:\/\/teiaeducation.ch\/de\/produkt\/montessori-baby-kleinkind-spiegel-mit-holzschiene-educo\/\",\"url\":\"https:\/\/teiaeducation.ch\/de\/produkt\/montessori-baby-kleinkind-spiegel-mit-holzschiene-educo\/\",\"name\":\"Baby \/ Kleinkind Montessori Spiegel mit Holzschiene - Educo\",\"isPartOf\":{\"@id\":\"https:\/\/teiaeducation.ch\/de\/#website\"},\"primaryImageOfPage\":{\"@id\":\"https:\/\/teiaeducation.ch\/de\/produkt\/montessori-baby-kleinkind-spiegel-mit-holzschiene-educo\/#primaryimage\"},\"image\":{\"@id\":\"https:\/\/teiaeducation.ch\/de\/produkt\/montessori-baby-kleinkind-spiegel-mit-holzschiene-educo\/#primaryimage\"},\"thumbnailUrl\":\"https:\/\/teiaeducation.ch\/wp-content\/uploads\/2019\/05\/400_E522574_main_or_1-scaled.jpg\",\"datePublished\":\"2021-05-26T12:49:47+00:00\",\"dateModified\":\"2024-09-17T08:51:02+00:00\",\"description\":\"Der unzerbrechliche Spiegel von Educo mit Holzschiene f\u00fcr das Baby und Kleinkind ist ein unverzichtbares Element in jeder vorbereiteten Montessori Umgebung!\",\"breadcrumb\":{\"@id\":\"https:\/\/teiaeducation.ch\/de\/produkt\/montessori-baby-kleinkind-spiegel-mit-holzschiene-educo\/#breadcrumb\"},\"inLanguage\":\"de-CH\",\"potentialAction\":[{\"@type\":\"ReadAction\",\"target\":[\"https:\/\/teiaeducation.ch\/de\/produkt\/montessori-baby-kleinkind-spiegel-mit-holzschiene-educo\/\"]}]},{\"@type\":\"ImageObject\",\"inLanguage\":\"de-CH\",\"@id\":\"https:\/\/teiaeducation.ch\/de\/produkt\/montessori-baby-kleinkind-spiegel-mit-holzschiene-educo\/#primaryimage\",\"url\":\"https:\/\/teiaeducation.ch\/wp-content\/uploads\/2019\/05\/400_E522574_main_or_1-scaled.jpg\",\"contentUrl\":\"https:\/\/teiaeducation.ch\/wp-content\/uploads\/2019\/05\/400_E522574_main_or_1-scaled.jpg\",\"width\":2048,\"height\":2048,\"caption\":\"Unbrechbarer Baby \/ Kleinkind Montessori Spiegel mit Holzschiene - Educo\"},{\"@type\":\"BreadcrumbList\",\"@id\":\"https:\/\/teiaeducation.ch\/de\/produkt\/montessori-baby-kleinkind-spiegel-mit-holzschiene-educo\/#breadcrumb\",\"itemListElement\":[{\"@type\":\"ListItem\",\"position\":1,\"name\":\"Home\",\"item\":\"https:\/\/teiaeducation.ch\/de\/\"},{\"@type\":\"ListItem\",\"position\":2,\"name\":\"Laden\",\"item\":\"https:\/\/teiaeducation.ch\/de\/shop\/\"},{\"@type\":\"ListItem\",\"position\":3,\"name\":\"Unsere Marken\",\"item\":\"https:\/\/teiaeducation.ch\/de\/produkt-kategorie\/unsere-marken\/\"},{\"@type\":\"ListItem\",\"position\":4,\"name\":\"Nienhuis Montessori Schweiz\",\"item\":\"https:\/\/teiaeducation.ch\/de\/produkt-kategorie\/unsere-marken\/nienhuis-montessori-schweiz\/\"},{\"@type\":\"ListItem\",\"position\":5,\"name\":\"Kleinkindmaterial\",\"item\":\"https:\/\/teiaeducation.ch\/de\/produkt-kategorie\/unsere-marken\/nienhuis-montessori-schweiz\/baby-kleinkind-nienhuis-montessori\/\"},{\"@type\":\"ListItem\",\"position\":6,\"name\":\"Baby \/ Kleinkind Montessori Spiegel mit Holzschiene &#8211; Educo\"}]},{\"@type\":\"WebSite\",\"@id\":\"https:\/\/teiaeducation.ch\/de\/#website\",\"url\":\"https:\/\/teiaeducation.ch\/de\/\",\"name\":\"Sustainable Educational Products &amp; Ecological Toys\u00a0\",\"description\":\"Specialised Swiss shop selling sustainable educational toys and games, AMI certified Montessori materials, handmade ecological wooden Waldorf toys and arts &amp; crafts supplies, school supplies, children&#039;s furniture and Montessori reference and parenting books.\",\"publisher\":{\"@id\":\"https:\/\/teiaeducation.ch\/de\/#organization\"},\"alternateName\":\"Teia Education & Play\",\"potentialAction\":[{\"@type\":\"SearchAction\",\"target\":{\"@type\":\"EntryPoint\",\"urlTemplate\":\"https:\/\/teiaeducation.ch\/de\/?s={search_term_string}\"},\"query-input\":{\"@type\":\"PropertyValueSpecification\",\"valueRequired\":true,\"valueName\":\"search_term_string\"}}],\"inLanguage\":\"de-CH\"},{\"@type\":\"Organization\",\"@id\":\"https:\/\/teiaeducation.ch\/de\/#organization\",\"name\":\"Teia Education & Play\",\"url\":\"https:\/\/teiaeducation.ch\/de\/\",\"logo\":{\"@type\":\"ImageObject\",\"inLanguage\":\"de-CH\",\"@id\":\"https:\/\/teiaeducation.ch\/de\/#\/schema\/logo\/image\/\",\"url\":\"https:\/\/teiaeducation.ch\/wp-content\/uploads\/2020\/11\/Teia-Education-Switzerland-e1620156442216.jpg\",\"contentUrl\":\"https:\/\/teiaeducation.ch\/wp-content\/uploads\/2020\/11\/Teia-Education-Switzerland-e1620156442216.jpg\",\"width\":166,\"height\":145,\"caption\":\"Teia Education & Play\"},\"image\":{\"@id\":\"https:\/\/teiaeducation.ch\/de\/#\/schema\/logo\/image\/\"},\"sameAs\":[\"https:\/\/www.facebook.com\/teiaeducation\/\",\"https:\/\/x.com\/EducationTeia\",\"https:\/\/www.instagram.com\/teia.education\/\",\"https:\/\/www.linkedin.com\/company\/35501660\",\"https:\/\/www.pinterest.ch\/TeiaEducation\/\"]}]}<\/script>\n<!-- \/ Yoast SEO plugin. -->","yoast_head_json":{"title":"Baby \/ Kleinkind Montessori Spiegel mit Holzschiene - Educo","description":"Der unzerbrechliche Spiegel von Educo mit Holzschiene f\u00fcr das Baby und Kleinkind ist ein unverzichtbares Element in jeder vorbereiteten Montessori Umgebung!","robots":{"index":"index","follow":"follow","max-snippet":"max-snippet:-1","max-image-preview":"max-image-preview:large","max-video-preview":"max-video-preview:-1"},"canonical":"https:\/\/teiaeducation.ch\/de\/produkt\/montessori-baby-kleinkind-spiegel-mit-holzschiene-educo\/","og_locale":"de_DE","og_type":"article","og_title":"Baby \/ Kleinkind Montessori Spiegel mit Holzschiene - Educo","og_description":"Der unzerbrechliche Spiegel von Educo mit Holzschiene f\u00fcr das Baby und Kleinkind ist ein unverzichtbares Element in jeder vorbereiteten Montessori Umgebung!","og_url":"https:\/\/teiaeducation.ch\/de\/produkt\/montessori-baby-kleinkind-spiegel-mit-holzschiene-educo\/","og_site_name":"Sustainable Educational Products &amp; Ecological Toys\u00a0","article_publisher":"https:\/\/www.facebook.com\/teiaeducation\/","article_modified_time":"2024-09-17T08:51:02+00:00","og_image":[{"width":2048,"height":2048,"url":"https:\/\/teiaeducation.ch\/wp-content\/uploads\/2019\/05\/400_E522574_main_or_1-scaled.jpg","type":"image\/jpeg"}],"schema":{"@context":"https:\/\/schema.org","@graph":[{"@type":"WebPage","@id":"https:\/\/teiaeducation.ch\/de\/produkt\/montessori-baby-kleinkind-spiegel-mit-holzschiene-educo\/","url":"https:\/\/teiaeducation.ch\/de\/produkt\/montessori-baby-kleinkind-spiegel-mit-holzschiene-educo\/","name":"Baby \/ Kleinkind Montessori Spiegel mit Holzschiene - Educo","isPartOf":{"@id":"https:\/\/teiaeducation.ch\/de\/#website"},"primaryImageOfPage":{"@id":"https:\/\/teiaeducation.ch\/de\/produkt\/montessori-baby-kleinkind-spiegel-mit-holzschiene-educo\/#primaryimage"},"image":{"@id":"https:\/\/teiaeducation.ch\/de\/produkt\/montessori-baby-kleinkind-spiegel-mit-holzschiene-educo\/#primaryimage"},"thumbnailUrl":"https:\/\/teiaeducation.ch\/wp-content\/uploads\/2019\/05\/400_E522574_main_or_1-scaled.jpg","datePublished":"2021-05-26T12:49:47+00:00","dateModified":"2024-09-17T08:51:02+00:00","description":"Der unzerbrechliche Spiegel von Educo mit Holzschiene f\u00fcr das Baby und Kleinkind ist ein unverzichtbares Element in jeder vorbereiteten Montessori Umgebung!","breadcrumb":{"@id":"https:\/\/teiaeducation.ch\/de\/produkt\/montessori-baby-kleinkind-spiegel-mit-holzschiene-educo\/#breadcrumb"},"inLanguage":"de-CH","potentialAction":[{"@type":"ReadAction","target":["https:\/\/teiaeducation.ch\/de\/produkt\/montessori-baby-kleinkind-spiegel-mit-holzschiene-educo\/"]}]},{"@type":"ImageObject","inLanguage":"de-CH","@id":"https:\/\/teiaeducation.ch\/de\/produkt\/montessori-baby-kleinkind-spiegel-mit-holzschiene-educo\/#primaryimage","url":"https:\/\/teiaeducation.ch\/wp-content\/uploads\/2019\/05\/400_E522574_main_or_1-scaled.jpg","contentUrl":"https:\/\/teiaeducation.ch\/wp-content\/uploads\/2019\/05\/400_E522574_main_or_1-scaled.jpg","width":2048,"height":2048,"caption":"Unbrechbarer Baby \/ Kleinkind Montessori Spiegel mit Holzschiene - Educo"},{"@type":"BreadcrumbList","@id":"https:\/\/teiaeducation.ch\/de\/produkt\/montessori-baby-kleinkind-spiegel-mit-holzschiene-educo\/#breadcrumb","itemListElement":[{"@type":"ListItem","position":1,"name":"Home","item":"https:\/\/teiaeducation.ch\/de\/"},{"@type":"ListItem","position":2,"name":"Laden","item":"https:\/\/teiaeducation.ch\/de\/shop\/"},{"@type":"ListItem","position":3,"name":"Unsere Marken","item":"https:\/\/teiaeducation.ch\/de\/produkt-kategorie\/unsere-marken\/"},{"@type":"ListItem","position":4,"name":"Nienhuis Montessori Schweiz","item":"https:\/\/teiaeducation.ch\/de\/produkt-kategorie\/unsere-marken\/nienhuis-montessori-schweiz\/"},{"@type":"ListItem","position":5,"name":"Kleinkindmaterial","item":"https:\/\/teiaeducation.ch\/de\/produkt-kategorie\/unsere-marken\/nienhuis-montessori-schweiz\/baby-kleinkind-nienhuis-montessori\/"},{"@type":"ListItem","position":6,"name":"Baby \/ Kleinkind Montessori Spiegel mit Holzschiene &#8211; Educo"}]},{"@type":"WebSite","@id":"https:\/\/teiaeducation.ch\/de\/#website","url":"https:\/\/teiaeducation.ch\/de\/","name":"Sustainable Educational Products &amp; Ecological Toys\u00a0","description":"Specialised Swiss shop selling sustainable educational toys and games, AMI certified Montessori materials, handmade ecological wooden Waldorf toys and arts &amp; crafts supplies, school supplies, children&#039;s furniture and Montessori reference and parenting books.","publisher":{"@id":"https:\/\/teiaeducation.ch\/de\/#organization"},"alternateName":"Teia Education & Play","potentialAction":[{"@type":"SearchAction","target":{"@type":"EntryPoint","urlTemplate":"https:\/\/teiaeducation.ch\/de\/?s={search_term_string}"},"query-input":{"@type":"PropertyValueSpecification","valueRequired":true,"valueName":"search_term_string"}}],"inLanguage":"de-CH"},{"@type":"Organization","@id":"https:\/\/teiaeducation.ch\/de\/#organization","name":"Teia Education & Play","url":"https:\/\/teiaeducation.ch\/de\/","logo":{"@type":"ImageObject","inLanguage":"de-CH","@id":"https:\/\/teiaeducation.ch\/de\/#\/schema\/logo\/image\/","url":"https:\/\/teiaeducation.ch\/wp-content\/uploads\/2020\/11\/Teia-Education-Switzerland-e1620156442216.jpg","contentUrl":"https:\/\/teiaeducation.ch\/wp-content\/uploads\/2020\/11\/Teia-Education-Switzerland-e1620156442216.jpg","width":166,"height":145,"caption":"Teia Education & Play"},"image":{"@id":"https:\/\/teiaeducation.ch\/de\/#\/schema\/logo\/image\/"},"sameAs":["https:\/\/www.facebook.com\/teiaeducation\/","https:\/\/x.com\/EducationTeia","https:\/\/www.instagram.com\/teia.education\/","https:\/\/www.linkedin.com\/company\/35501660","https:\/\/www.pinterest.ch\/TeiaEducation\/"]}]}},"_links":{"self":[{"href":"https:\/\/teiaeducation.ch\/de\/wp-json\/wp\/v2\/product\/46477","targetHints":{"allow":["GET"]}}],"collection":[{"href":"https:\/\/teiaeducation.ch\/de\/wp-json\/wp\/v2\/product"}],"about":[{"href":"https:\/\/teiaeducation.ch\/de\/wp-json\/wp\/v2\/types\/product"}],"replies":[{"embeddable":true,"href":"https:\/\/teiaeducation.ch\/de\/wp-json\/wp\/v2\/comments?post=46477"}],"wp:featuredmedia":[{"embeddable":true,"href":"https:\/\/teiaeducation.ch\/de\/wp-json\/wp\/v2\/media\/46478"}],"wp:attachment":[{"href":"https:\/\/teiaeducation.ch\/de\/wp-json\/wp\/v2\/media?parent=46477"}],"wp:term":[{"taxonomy":"product_brand","embeddable":true,"href":"https:\/\/teiaeducation.ch\/de\/wp-json\/wp\/v2\/product_brand?post=46477"},{"taxonomy":"product_cat","embeddable":true,"href":"https:\/\/teiaeducation.ch\/de\/wp-json\/wp\/v2\/product_cat?post=46477"},{"taxonomy":"product_tag","embeddable":true,"href":"https:\/\/teiaeducation.ch\/de\/wp-json\/wp\/v2\/product_tag?post=46477"}],"curies":[{"name":"wp","href":"https:\/\/api.w.org\/{rel}","templated":true}]}}