{"id":46487,"date":"2022-04-08T14:49:02","date_gmt":"2022-04-08T12:49:02","guid":{"rendered":"https:\/\/teiaeducation.ch\/product\/baby-kleinkind-montessori-regal-mit-2-ebenen-nienhuis-montessori\/"},"modified":"2024-05-02T09:28:01","modified_gmt":"2024-05-02T07:28:01","slug":"schrank-mit-2-brettern-fur-kleinkinder-nienhuis-montessori","status":"publish","type":"product","link":"https:\/\/teiaeducation.ch\/de\/produkt\/schrank-mit-2-brettern-fur-kleinkinder-nienhuis-montessori\/","title":{"rendered":"Schrank mit 2 Brettern f\u00fcr Kleinkinder (73,5 x 30 x 64 cm) &#8211; Nienhuis Montessori"},"content":{"rendered":"<p>Das hochwertige Schrank mit 2 Brettern aus der Nienhuis Montessori M\u00f6belkollektion f\u00fcr Babys und Kleinkinder hat eine offene R\u00fcckseite, ist niedrig und hat zwei obere und einen unteren Boden.<\/p>\n<p>Komplett von Hand aus Birkenholz gefertigt, bereichert dieses Baby \/ Kleinkind Schrank jeden <a href=\"https:\/\/teiaeducation.ch\/product-category\/education-method\/the-montessori-pedagogy-materials-toys\/\">Montessori<\/a> Kindergarten, Nido, vorbereitete Umgebung oder Spielzimmer und Kinderzimmer zu Hause.<\/p>\n<p>Obwohl viele der Konzepte die bei der Gestaltung von M\u00f6beln f\u00fcr die Umgebung \u00e4lterer Kinder verwendet werden, auch f\u00fcr die Umgebung von Babys und Kleinkindern gelten, aber der Gr\u00f6\u00dfe und des Entwicklungsalters von <a href=\"https:\/\/teiaeducation.ch\/product-category\/brands\/nienhuis-montessori-educational-materials\/infant-toddler\/\">Kleinkindern<\/a> gibt es jedoch eine Reihe von wichtigen Faktoren, die ber\u00fccksichtigt werden m\u00fcssen. Eines der wichtigsten Konzepte in der Montessori <a href=\"https:\/\/teiaeducation.ch\/school-supplies-switzerland\/montessori-schools-switzerland\/\">Umgebung<\/a> ist das Erlernen der Unabh\u00e4ngig<\/p>\n<p>Im Gegensatz zu den traditionellen &#8216;hohen&#8217; M\u00f6beln, bei denen ein Erwachsener eingreifen muss, sind die Montessori M\u00f6bel f\u00fcr Babys und Kleinkinder niedriger in der H\u00f6he und kleiner in der Gr\u00f6\u00dfe. So k\u00f6nnen sowohl das Kind als auch die Erzieherin oder die Eltern durch das Schrank hindurchsehen und gleichzeitig eine sichere Barriere aufrechterhalten.<\/p>\n<p>Das Schrank wird unmontiert und flach verpackt geliefert und misst: 73,5 x 30 x 64 cm.<\/p>\n<p>Dieses Schrank mit 2 Brettern ist geeignet f\u00fcr die Montessori vorbereitete Umgebung f\u00fcr Kinder im Alter von 0 bis 4 Jahren. Es wird von GAM (<a href=\"https:\/\/teiaeducation.ch\/product-category\/brands\/gonzagarredi-montessori\/\">Gonzagarredi Montessori<\/a>) f\u00fcr Nienhuis in Italien hergestellt.<\/p>\n<p>Inhalt:<\/p>\n<p>1 flach verpacktes Schrank<\/p>\n<p><em>Wir haben diesen Artikel derzeit nicht auf Lager, aber er ist auf Vorbestellung erh\u00e4ltlich. Dieser Artikel wird f\u00fcr Sie bei unserem Lieferanten bestellt. Aufgrund der Einfuhr aus der Europ\u00e4ischen Union in die Schweiz erwarten wir eine Lieferzeit von 2 bis maximal 3 Wochen.<\/em><\/p>\n\t<div id=\"gap-274630580\" class=\"gap-element clearfix\" style=\"display:block; height:auto;\">\n\t\t\n<style>\n#gap-274630580 {\n  padding-top: 20px;\n}\n<\/style>\n\t<\/div>\n\t\n<h2>\u00dcber Nienhuis Montessori<\/h2>\n<p>Die Niederl\u00e4ndische Marke <a href=\"https:\/\/teiaeducation.ch\/product-category\/brands\/nienhuis-montessori-educational-materials\/\">Nienhuis Montessori<\/a> ist die weltweit f\u00fchrende <a href=\"https:\/\/teiaeducation.ch\/what-is-montessori-education\/\">Montessori-Marke<\/a>, die das Erbe von Maria Montessori ehrt und fortf\u00fchrt und das breiteste und innovativste Sortiment an Montessori-Materialien, <a href=\"https:\/\/teiaeducation.ch\/product-category\/classroom-essentials\/montessori-furniture\/\">-M\u00f6beln<\/a> und <a href=\"https:\/\/teiaeducation.ch\/product-category\/brands\/nienhuis-montessori-educational-materials\/add-ons\/\">verwandten Produkten<\/a> herstellt. Die hochwertigen Nienhuis Montessori Produkte geben den Kindern die Werkzeuge, die sie brauchen, um Unabh\u00c3\u00a4ngig und kritisch zu denken. Alle Nienhuis Montessori Materialien sind vom Materialkomitee der Association Montessori Internationale (<a href=\"https:\/\/montessori-ami.org\/\">AMI<\/a>) zertifiziert und werden sorgf\u00e4ltig hergestellt, um Schwierigkeiten zu isolieren, so dass die Kinder sich konzentrieren, lernen und sich entwickeln k\u00f6nnen.<\/p>\n<p>Nienhuis Montessori ist eine der Marken des Niederlandischen Unternehmens Heutink International, das weltweit die besten pedagogischen Marken anbietet, die auf <a href=\"https:\/\/teiaeducation.ch\/product-category\/hgh-quality-toys-play\/\">spielerisches<\/a> Lernen ausgerichtet sind.<\/p>\n","protected":false},"excerpt":{"rendered":"<p>Artikelnumber: 104000<\/p>\n<p>Schrank f\u00fcr das Baby und Kleinkind mit 2 Brettern aus der Nienhuis Montessori M\u00f6belkollektion. Komplett von Hand aus Birkenholz gefertigt in Italien.<\/p>\n","protected":false},"featured_media":46488,"comment_status":"open","ping_status":"closed","template":"","meta":[],"product_brand":[],"product_cat":[21444,21479,21474,21650,21498,21481,22182,21478,21443,21572,21494,21678,21497,21703,21477,21564],"product_tag":[23002,22969,22988,22989,22987,22982,22991,22990,22984,22981,22985,22983,22986],"class_list":{"0":"post-46487","1":"product","2":"type-product","3":"status-publish","4":"has-post-thumbnail","6":"product_cat-1-3-jahre-kleinkind","7":"product_cat-lernmaterialien-spielzeug-montessori-waldorf-steiner-froebel","8":"product_cat-klassenzimmer-essenzien","9":"product_cat-baby-kleinkind-nienhuis-montessori","10":"product_cat-montessori-materialien-fuer-zuhause-schulbedarf-fuer-zuhause","11":"product_cat-montessori-paedagogik-material-spielzeug","12":"product_cat-montessori-spielzeug","13":"product_cat-montessori-mobel","14":"product_cat-nach-alter","15":"product_cat-nienhuis-montessori-schweiz","16":"product_cat-schulbedarf-fuer-zuhause","17":"product_cat-kinder-spielzeug","18":"product_cat-spielen-und-lernen-fuer-babys-kleinkinder","19":"product_cat-spielzeug-aufbewahrung","20":"product_cat-spielzimmer-mobel-schulmobel-aufbewahrungsmobel","21":"product_cat-unsere-marken","22":"product_tag-baby-kleinkind-montessori-regal-mit-2-ebenen","23":"product_tag-baby-kleinkind-0-3","24":"product_tag-kleinkind-regale-montessori","25":"product_tag-kleinkind-regale-montessori-de","26":"product_tag-kleinkindmobel-montessori","27":"product_tag-mobel","28":"product_tag-montessori-kindergarten-de","29":"product_tag-montessori-kindergarten-regal","30":"product_tag-montessori-mobel","31":"product_tag-nienhuis-montessori-de","32":"product_tag-nienhuis-montessori-mobel-kollektion","33":"product_tag-regale","34":"product_tag-sauglingsmobel-montessori","36":"first","37":"onbackorder","38":"sold-individually","39":"taxable","40":"shipping-taxable","41":"purchasable","42":"product-type-simple"},"yoast_head":"<!-- This site is optimized with the Yoast SEO plugin v27.1.1 - https:\/\/yoast.com\/product\/yoast-seo-wordpress\/ -->\n<title>Schrank mit 2 Brettern f\u00fcr Kleinkinder - Nienhuis Montessori<\/title>\n<meta name=\"description\" content=\"Schrank f\u00fcr das Baby und Kleinkind mit 2 Brettern aus der Nienhuis Montessori M\u00f6belkollektion. Komplett von Hand aus Birkenholz gefertigt in Italien.\" \/>\n<meta name=\"robots\" content=\"index, follow, max-snippet:-1, max-image-preview:large, max-video-preview:-1\" \/>\n<link rel=\"canonical\" href=\"https:\/\/teiaeducation.ch\/de\/produkt\/schrank-mit-2-brettern-fur-kleinkinder-nienhuis-montessori\/\" \/>\n<meta property=\"og:locale\" content=\"de_DE\" \/>\n<meta property=\"og:type\" content=\"article\" \/>\n<meta property=\"og:title\" content=\"Schrank mit 2 Brettern f\u00fcr Kleinkinder - Nienhuis Montessori\" \/>\n<meta property=\"og:description\" content=\"Schrank f\u00fcr das Baby und Kleinkind mit 2 Brettern aus der Nienhuis Montessori M\u00f6belkollektion. Komplett von Hand aus Birkenholz gefertigt in Italien.\" \/>\n<meta property=\"og:url\" content=\"https:\/\/teiaeducation.ch\/de\/produkt\/schrank-mit-2-brettern-fur-kleinkinder-nienhuis-montessori\/\" \/>\n<meta property=\"og:site_name\" content=\"Sustainable Educational Products &amp; Ecological Toys\u00a0\" \/>\n<meta property=\"article:publisher\" content=\"https:\/\/www.facebook.com\/teiaeducation\/\" \/>\n<meta property=\"article:modified_time\" content=\"2024-05-02T07:28:01+00:00\" \/>\n<meta property=\"og:image\" content=\"https:\/\/teiaeducation.ch\/wp-content\/uploads\/2019\/05\/400_104000_main_or_1-scaled.jpg\" \/>\n\t<meta property=\"og:image:width\" content=\"2048\" \/>\n\t<meta property=\"og:image:height\" content=\"2048\" \/>\n\t<meta property=\"og:image:type\" content=\"image\/jpeg\" \/>\n<script type=\"application\/ld+json\" class=\"yoast-schema-graph\">{\"@context\":\"https:\/\/schema.org\",\"@graph\":[{\"@type\":\"WebPage\",\"@id\":\"https:\/\/teiaeducation.ch\/de\/produkt\/schrank-mit-2-brettern-fur-kleinkinder-nienhuis-montessori\/\",\"url\":\"https:\/\/teiaeducation.ch\/de\/produkt\/schrank-mit-2-brettern-fur-kleinkinder-nienhuis-montessori\/\",\"name\":\"Schrank mit 2 Brettern f\u00fcr Kleinkinder - Nienhuis Montessori\",\"isPartOf\":{\"@id\":\"https:\/\/teiaeducation.ch\/de\/#website\"},\"primaryImageOfPage\":{\"@id\":\"https:\/\/teiaeducation.ch\/de\/produkt\/schrank-mit-2-brettern-fur-kleinkinder-nienhuis-montessori\/#primaryimage\"},\"image\":{\"@id\":\"https:\/\/teiaeducation.ch\/de\/produkt\/schrank-mit-2-brettern-fur-kleinkinder-nienhuis-montessori\/#primaryimage\"},\"thumbnailUrl\":\"https:\/\/teiaeducation.ch\/wp-content\/uploads\/2019\/05\/400_104000_main_or_1-scaled.jpg\",\"datePublished\":\"2022-04-08T12:49:02+00:00\",\"dateModified\":\"2024-05-02T07:28:01+00:00\",\"description\":\"Schrank f\u00fcr das Baby und Kleinkind mit 2 Brettern aus der Nienhuis Montessori M\u00f6belkollektion. Komplett von Hand aus Birkenholz gefertigt in Italien.\",\"breadcrumb\":{\"@id\":\"https:\/\/teiaeducation.ch\/de\/produkt\/schrank-mit-2-brettern-fur-kleinkinder-nienhuis-montessori\/#breadcrumb\"},\"inLanguage\":\"de-CH\",\"potentialAction\":[{\"@type\":\"ReadAction\",\"target\":[\"https:\/\/teiaeducation.ch\/de\/produkt\/schrank-mit-2-brettern-fur-kleinkinder-nienhuis-montessori\/\"]}]},{\"@type\":\"ImageObject\",\"inLanguage\":\"de-CH\",\"@id\":\"https:\/\/teiaeducation.ch\/de\/produkt\/schrank-mit-2-brettern-fur-kleinkinder-nienhuis-montessori\/#primaryimage\",\"url\":\"https:\/\/teiaeducation.ch\/wp-content\/uploads\/2019\/05\/400_104000_main_or_1-scaled.jpg\",\"contentUrl\":\"https:\/\/teiaeducation.ch\/wp-content\/uploads\/2019\/05\/400_104000_main_or_1-scaled.jpg\",\"width\":2048,\"height\":2048,\"caption\":\"Schrank mit 2 Brettern f\u00fcr Kleinkinder - Nienhuis Montessori\"},{\"@type\":\"BreadcrumbList\",\"@id\":\"https:\/\/teiaeducation.ch\/de\/produkt\/schrank-mit-2-brettern-fur-kleinkinder-nienhuis-montessori\/#breadcrumb\",\"itemListElement\":[{\"@type\":\"ListItem\",\"position\":1,\"name\":\"Home\",\"item\":\"https:\/\/teiaeducation.ch\/de\/\"},{\"@type\":\"ListItem\",\"position\":2,\"name\":\"Laden\",\"item\":\"https:\/\/teiaeducation.ch\/de\/shop\/\"},{\"@type\":\"ListItem\",\"position\":3,\"name\":\"Unsere Marken\",\"item\":\"https:\/\/teiaeducation.ch\/de\/produkt-kategorie\/unsere-marken\/\"},{\"@type\":\"ListItem\",\"position\":4,\"name\":\"Nienhuis Montessori Schweiz\",\"item\":\"https:\/\/teiaeducation.ch\/de\/produkt-kategorie\/unsere-marken\/nienhuis-montessori-schweiz\/\"},{\"@type\":\"ListItem\",\"position\":5,\"name\":\"Kleinkindmaterial\",\"item\":\"https:\/\/teiaeducation.ch\/de\/produkt-kategorie\/unsere-marken\/nienhuis-montessori-schweiz\/baby-kleinkind-nienhuis-montessori\/\"},{\"@type\":\"ListItem\",\"position\":6,\"name\":\"Schrank mit 2 Brettern f\u00fcr Kleinkinder (73,5 x 30 x 64 cm) &#8211; Nienhuis Montessori\"}]},{\"@type\":\"WebSite\",\"@id\":\"https:\/\/teiaeducation.ch\/de\/#website\",\"url\":\"https:\/\/teiaeducation.ch\/de\/\",\"name\":\"Sustainable Educational Products &amp; Ecological Toys\u00a0\",\"description\":\"Specialised Swiss shop selling sustainable educational toys and games, AMI certified Montessori materials, handmade ecological wooden Waldorf toys and arts &amp; crafts supplies, school supplies, children&#039;s furniture and Montessori reference and parenting books.\",\"publisher\":{\"@id\":\"https:\/\/teiaeducation.ch\/de\/#organization\"},\"alternateName\":\"Teia Education & Play\",\"potentialAction\":[{\"@type\":\"SearchAction\",\"target\":{\"@type\":\"EntryPoint\",\"urlTemplate\":\"https:\/\/teiaeducation.ch\/de\/?s={search_term_string}\"},\"query-input\":{\"@type\":\"PropertyValueSpecification\",\"valueRequired\":true,\"valueName\":\"search_term_string\"}}],\"inLanguage\":\"de-CH\"},{\"@type\":\"Organization\",\"@id\":\"https:\/\/teiaeducation.ch\/de\/#organization\",\"name\":\"Teia Education & Play\",\"url\":\"https:\/\/teiaeducation.ch\/de\/\",\"logo\":{\"@type\":\"ImageObject\",\"inLanguage\":\"de-CH\",\"@id\":\"https:\/\/teiaeducation.ch\/de\/#\/schema\/logo\/image\/\",\"url\":\"https:\/\/teiaeducation.ch\/wp-content\/uploads\/2020\/11\/Teia-Education-Switzerland-e1620156442216.jpg\",\"contentUrl\":\"https:\/\/teiaeducation.ch\/wp-content\/uploads\/2020\/11\/Teia-Education-Switzerland-e1620156442216.jpg\",\"width\":166,\"height\":145,\"caption\":\"Teia Education & Play\"},\"image\":{\"@id\":\"https:\/\/teiaeducation.ch\/de\/#\/schema\/logo\/image\/\"},\"sameAs\":[\"https:\/\/www.facebook.com\/teiaeducation\/\",\"https:\/\/x.com\/EducationTeia\",\"https:\/\/www.instagram.com\/teia.education\/\",\"https:\/\/www.linkedin.com\/company\/35501660\",\"https:\/\/www.pinterest.ch\/TeiaEducation\/\"]}]}<\/script>\n<!-- \/ Yoast SEO plugin. -->","yoast_head_json":{"title":"Schrank mit 2 Brettern f\u00fcr Kleinkinder - Nienhuis Montessori","description":"Schrank f\u00fcr das Baby und Kleinkind mit 2 Brettern aus der Nienhuis Montessori M\u00f6belkollektion. Komplett von Hand aus Birkenholz gefertigt in Italien.","robots":{"index":"index","follow":"follow","max-snippet":"max-snippet:-1","max-image-preview":"max-image-preview:large","max-video-preview":"max-video-preview:-1"},"canonical":"https:\/\/teiaeducation.ch\/de\/produkt\/schrank-mit-2-brettern-fur-kleinkinder-nienhuis-montessori\/","og_locale":"de_DE","og_type":"article","og_title":"Schrank mit 2 Brettern f\u00fcr Kleinkinder - Nienhuis Montessori","og_description":"Schrank f\u00fcr das Baby und Kleinkind mit 2 Brettern aus der Nienhuis Montessori M\u00f6belkollektion. Komplett von Hand aus Birkenholz gefertigt in Italien.","og_url":"https:\/\/teiaeducation.ch\/de\/produkt\/schrank-mit-2-brettern-fur-kleinkinder-nienhuis-montessori\/","og_site_name":"Sustainable Educational Products &amp; Ecological Toys\u00a0","article_publisher":"https:\/\/www.facebook.com\/teiaeducation\/","article_modified_time":"2024-05-02T07:28:01+00:00","og_image":[{"width":2048,"height":2048,"url":"https:\/\/teiaeducation.ch\/wp-content\/uploads\/2019\/05\/400_104000_main_or_1-scaled.jpg","type":"image\/jpeg"}],"schema":{"@context":"https:\/\/schema.org","@graph":[{"@type":"WebPage","@id":"https:\/\/teiaeducation.ch\/de\/produkt\/schrank-mit-2-brettern-fur-kleinkinder-nienhuis-montessori\/","url":"https:\/\/teiaeducation.ch\/de\/produkt\/schrank-mit-2-brettern-fur-kleinkinder-nienhuis-montessori\/","name":"Schrank mit 2 Brettern f\u00fcr Kleinkinder - Nienhuis Montessori","isPartOf":{"@id":"https:\/\/teiaeducation.ch\/de\/#website"},"primaryImageOfPage":{"@id":"https:\/\/teiaeducation.ch\/de\/produkt\/schrank-mit-2-brettern-fur-kleinkinder-nienhuis-montessori\/#primaryimage"},"image":{"@id":"https:\/\/teiaeducation.ch\/de\/produkt\/schrank-mit-2-brettern-fur-kleinkinder-nienhuis-montessori\/#primaryimage"},"thumbnailUrl":"https:\/\/teiaeducation.ch\/wp-content\/uploads\/2019\/05\/400_104000_main_or_1-scaled.jpg","datePublished":"2022-04-08T12:49:02+00:00","dateModified":"2024-05-02T07:28:01+00:00","description":"Schrank f\u00fcr das Baby und Kleinkind mit 2 Brettern aus der Nienhuis Montessori M\u00f6belkollektion. Komplett von Hand aus Birkenholz gefertigt in Italien.","breadcrumb":{"@id":"https:\/\/teiaeducation.ch\/de\/produkt\/schrank-mit-2-brettern-fur-kleinkinder-nienhuis-montessori\/#breadcrumb"},"inLanguage":"de-CH","potentialAction":[{"@type":"ReadAction","target":["https:\/\/teiaeducation.ch\/de\/produkt\/schrank-mit-2-brettern-fur-kleinkinder-nienhuis-montessori\/"]}]},{"@type":"ImageObject","inLanguage":"de-CH","@id":"https:\/\/teiaeducation.ch\/de\/produkt\/schrank-mit-2-brettern-fur-kleinkinder-nienhuis-montessori\/#primaryimage","url":"https:\/\/teiaeducation.ch\/wp-content\/uploads\/2019\/05\/400_104000_main_or_1-scaled.jpg","contentUrl":"https:\/\/teiaeducation.ch\/wp-content\/uploads\/2019\/05\/400_104000_main_or_1-scaled.jpg","width":2048,"height":2048,"caption":"Schrank mit 2 Brettern f\u00fcr Kleinkinder - Nienhuis Montessori"},{"@type":"BreadcrumbList","@id":"https:\/\/teiaeducation.ch\/de\/produkt\/schrank-mit-2-brettern-fur-kleinkinder-nienhuis-montessori\/#breadcrumb","itemListElement":[{"@type":"ListItem","position":1,"name":"Home","item":"https:\/\/teiaeducation.ch\/de\/"},{"@type":"ListItem","position":2,"name":"Laden","item":"https:\/\/teiaeducation.ch\/de\/shop\/"},{"@type":"ListItem","position":3,"name":"Unsere Marken","item":"https:\/\/teiaeducation.ch\/de\/produkt-kategorie\/unsere-marken\/"},{"@type":"ListItem","position":4,"name":"Nienhuis Montessori Schweiz","item":"https:\/\/teiaeducation.ch\/de\/produkt-kategorie\/unsere-marken\/nienhuis-montessori-schweiz\/"},{"@type":"ListItem","position":5,"name":"Kleinkindmaterial","item":"https:\/\/teiaeducation.ch\/de\/produkt-kategorie\/unsere-marken\/nienhuis-montessori-schweiz\/baby-kleinkind-nienhuis-montessori\/"},{"@type":"ListItem","position":6,"name":"Schrank mit 2 Brettern f\u00fcr Kleinkinder (73,5 x 30 x 64 cm) &#8211; Nienhuis Montessori"}]},{"@type":"WebSite","@id":"https:\/\/teiaeducation.ch\/de\/#website","url":"https:\/\/teiaeducation.ch\/de\/","name":"Sustainable Educational Products &amp; Ecological Toys\u00a0","description":"Specialised Swiss shop selling sustainable educational toys and games, AMI certified Montessori materials, handmade ecological wooden Waldorf toys and arts &amp; crafts supplies, school supplies, children&#039;s furniture and Montessori reference and parenting books.","publisher":{"@id":"https:\/\/teiaeducation.ch\/de\/#organization"},"alternateName":"Teia Education & Play","potentialAction":[{"@type":"SearchAction","target":{"@type":"EntryPoint","urlTemplate":"https:\/\/teiaeducation.ch\/de\/?s={search_term_string}"},"query-input":{"@type":"PropertyValueSpecification","valueRequired":true,"valueName":"search_term_string"}}],"inLanguage":"de-CH"},{"@type":"Organization","@id":"https:\/\/teiaeducation.ch\/de\/#organization","name":"Teia Education & Play","url":"https:\/\/teiaeducation.ch\/de\/","logo":{"@type":"ImageObject","inLanguage":"de-CH","@id":"https:\/\/teiaeducation.ch\/de\/#\/schema\/logo\/image\/","url":"https:\/\/teiaeducation.ch\/wp-content\/uploads\/2020\/11\/Teia-Education-Switzerland-e1620156442216.jpg","contentUrl":"https:\/\/teiaeducation.ch\/wp-content\/uploads\/2020\/11\/Teia-Education-Switzerland-e1620156442216.jpg","width":166,"height":145,"caption":"Teia Education & Play"},"image":{"@id":"https:\/\/teiaeducation.ch\/de\/#\/schema\/logo\/image\/"},"sameAs":["https:\/\/www.facebook.com\/teiaeducation\/","https:\/\/x.com\/EducationTeia","https:\/\/www.instagram.com\/teia.education\/","https:\/\/www.linkedin.com\/company\/35501660","https:\/\/www.pinterest.ch\/TeiaEducation\/"]}]}},"_links":{"self":[{"href":"https:\/\/teiaeducation.ch\/de\/wp-json\/wp\/v2\/product\/46487","targetHints":{"allow":["GET"]}}],"collection":[{"href":"https:\/\/teiaeducation.ch\/de\/wp-json\/wp\/v2\/product"}],"about":[{"href":"https:\/\/teiaeducation.ch\/de\/wp-json\/wp\/v2\/types\/product"}],"replies":[{"embeddable":true,"href":"https:\/\/teiaeducation.ch\/de\/wp-json\/wp\/v2\/comments?post=46487"}],"wp:featuredmedia":[{"embeddable":true,"href":"https:\/\/teiaeducation.ch\/de\/wp-json\/wp\/v2\/media\/46488"}],"wp:attachment":[{"href":"https:\/\/teiaeducation.ch\/de\/wp-json\/wp\/v2\/media?parent=46487"}],"wp:term":[{"taxonomy":"product_brand","embeddable":true,"href":"https:\/\/teiaeducation.ch\/de\/wp-json\/wp\/v2\/product_brand?post=46487"},{"taxonomy":"product_cat","embeddable":true,"href":"https:\/\/teiaeducation.ch\/de\/wp-json\/wp\/v2\/product_cat?post=46487"},{"taxonomy":"product_tag","embeddable":true,"href":"https:\/\/teiaeducation.ch\/de\/wp-json\/wp\/v2\/product_tag?post=46487"}],"curies":[{"name":"wp","href":"https:\/\/api.w.org\/{rel}","templated":true}]}}