{"id":46603,"date":"2020-06-30T16:30:01","date_gmt":"2020-06-30T14:30:01","guid":{"rendered":"https:\/\/teiaeducation.ch\/product\/waldorfpuppe-moepschen-rosa-32-cm-nanchen-natur\/"},"modified":"2022-04-12T09:22:33","modified_gmt":"2022-04-12T07:22:33","slug":"waldorfpuppe-mopschen-rosa-32-cm-nanchen-natur","status":"publish","type":"product","link":"https:\/\/teiaeducation.ch\/de\/produkt\/waldorfpuppe-mopschen-rosa-32-cm-nanchen-natur\/","title":{"rendered":"Waldorfpuppe M\u00f6pschen rosa (32 cm) &#8211; Nanchen Natur"},"content":{"rendered":"<p>Die Nanchen Natur Waldorfpuppe M\u00f6pschen mit Streifen in rosa wird in Handarbeit aus hochwertigsten Naturmaterialien in Deutschland hergestellt. Der K\u00f6rper und die M\u00fctze der <a href=\"https:\/\/teiaeducation.ch\/de\/produkt-kategorie\/spielen\/weiche-puppen\/\">Puppe<\/a> sind aus biozertifiziertem Bio-Baumwollfrottee gefertigt. Der Kopf und der K\u00f6rper sind mit reiner Bio-Schafschurwolle gestopft. Diese Waldorfpuppe ist sowohl f\u00fcr Babys als auch f\u00fcr Kleinkinder geeignet. M\u00f6pschen ist 32 Zentimeter gro\u00df und hat ein handbemaltes Gesicht, das ihm seine eigene Pers\u00f6nlichkeit und Einzigartigkeit verleiht. Die Puppe ist v\u00f6llig sicher und frei von Giftstoffen und gibt dem kleinen Kind ein Gef\u00fchl der Sicherheit, da es sie festhalten und kuscheln kann.<\/p>\n<p>Seit 1983 fertigt <a href=\"https:\/\/teiaeducation.ch\/de\/produkt-kategorie\/unsere-marken\/nanchen-natur-bio-puppen\/\">Nanchen Natur<\/a> in Handarbeit hochwertige, traditionelle Waldorfpuppen in ihrer kleinen Werkstatt in Martinhagen im Naturpark Habichtswald in Nordhessen, Deutschland. Die nachhaltigen und \u00f6ko-zertifizierten Stoff Waldorfpuppen der Linie Nanchen Natur werden aus 100% Bio-Schurwolle und 100% Bio-Baumwolle aus kontrolliert biologischem Anbau hergestellt. Die von Nanchen Natur verwendete Baumwolle und Wolle ist wie folgt gekennzeichnet:<\/p>\n<p>kbA &#8211; kontrolliert biologischem Anbau<br \/>\nkbT &#8211; kontrolliert biologische Tierhaltung<\/p>\n<p>Die Nanchen Waldorfpuppen werden in Handarbeit mit 100% Bio-Schurwolle gestopft und nehmen die K\u00f6rperw\u00e4rme an, so dass sie sich in Babys und Kinderarmen wunderbar weich und warm anf\u00fchlen. Die Gesichter der Nanchen Puppen werden einzeln von Hand bemalt, was ihnen einen einzigartigen Charakter verleiht. Die Puppen sind liebevoll in harmonischen Farbdesigns gestaltet und mit r\u00fccksichtsvollen und nachhaltigen Schnitten gefertigt, die fast keinen Abfall verursachen.<\/p>\n<p>Die Nanchen Natur Waldorfpuppe M\u00f6pschen misst 32 Zentimeter und ist f\u00fcr Babys ab 3 Monaten und Kleinkinder geeignet. Eine kleinere Version von <a href=\"https:\/\/teiaeducation.ch\/de\/produkt\/waldorfpuppe-mopschen-blau-28-cm-nanchen-natur\/\">M\u00f6pschen mit blaue Streifen<\/a> ist ebenfalls in unserem Webshop erh\u00e4ltlich.<\/p>\n<p>Inhalt:<\/p>\n<p>1 Puppe M\u00f6pschen in blau mit rosa Streifen (32 cm)<\/p>\n<p>Au\u00dfenmaterial: weiches Bio-Baumwollfrottee<br \/>\nInnenmaterial: reine Biowolle (Schurwolle)<\/p>\n<p><strong><br \/>\nPflegehinweise:<\/strong><\/p>\n<p>Diese Nanchen Natur M\u00f6pschen Puppe kann mit der Hand in kaltem oder lauwarmem Wasser gewaschen werden. Bitte vermeiden Sie Temperaturschwankungen des Wassers und das Auswringen und Reiben des Puppenstoffs.<\/p>\n","protected":false},"excerpt":{"rendered":"<p>Artikelnummer: 70920002<\/p>\n<p>Die Nanchen Natur Waldorfpuppe M\u00f6pschen mit Streifen in rosa wird in Handarbeit aus hochwertigsten Naturmaterialien in Deutschland hergestellt.<\/p>\n","protected":false},"featured_media":46604,"comment_status":"open","ping_status":"closed","template":"","meta":[],"product_brand":[],"product_cat":[25967,21444,21479,21484,21443,21574,21678,21685,21564,24314,21483,23045,22919,21696],"product_tag":[23054,23051,21712,23046,23047,23049,23048,23052,23053,23055,23050,23057],"class_list":{"0":"post-46603","1":"product","2":"type-product","3":"status-publish","4":"has-post-thumbnail","6":"product_cat-0-12-monate-baby","7":"product_cat-1-3-jahre-kleinkind","8":"product_cat-lernmaterialien-spielzeug-montessori-waldorf-steiner-froebel","9":"product_cat-geschenk-guides","10":"product_cat-nach-alter","11":"product_cat-nanchen-natur-bio-puppen","12":"product_cat-kinder-spielzeug","13":"product_cat-stoffspielzeug","14":"product_cat-unsere-marken","15":"product_cat-valentinstag","16":"product_cat-waldorf-steiner-paedagogik","17":"product_cat-waldorfpuppen","18":"product_cat-waldorfspielzeug","19":"product_cat-weiche-puppen","20":"product_tag-handgefertigte-waldorfpuppe","21":"product_tag-handgefertigte-waldorfpuppe-aus-stoff","22":"product_tag-hergestellt-in-deutschland","23":"product_tag-nanchen-natur-waldorfpuppe","24":"product_tag-nanchen-waldorf-dolls-switzerland","25":"product_tag-nanchen-waldorfpuppen-schweiz","26":"product_tag-nanchen-waldorfpuppen-suisse","27":"product_tag-oko-spielzeug","28":"product_tag-oko-zertifiziertes-spielzeug","29":"product_tag-puppe-aus-biozertifizierter-bio-baumwolle-und-schurwolle","30":"product_tag-waldorf-stoffpuppen","31":"product_tag-waldorfpuppe-mopschen-rosa-streifen-nanchen-natur","33":"first","34":"outofstock","35":"taxable","36":"shipping-taxable","37":"purchasable","38":"product-type-simple"},"yoast_head":"<!-- This site is optimized with the Yoast SEO plugin v27.1.1 - https:\/\/yoast.com\/product\/yoast-seo-wordpress\/ -->\n<title>Waldorfpuppe M\u00f6pschen rosa - Nanchen - Teia Education &amp; Play<\/title>\n<meta name=\"description\" content=\"Die Nanchen Natur Waldorfpuppe M\u00f6pschen in rosa wird in Handarbeit aus hochwertigsten Naturmaterialien in Deutschland hergestellt.\" \/>\n<meta name=\"robots\" content=\"index, follow, max-snippet:-1, max-image-preview:large, max-video-preview:-1\" \/>\n<link rel=\"canonical\" href=\"https:\/\/teiaeducation.ch\/de\/produkt\/waldorfpuppe-mopschen-rosa-32-cm-nanchen-natur\/\" \/>\n<meta property=\"og:locale\" content=\"de_DE\" \/>\n<meta property=\"og:type\" content=\"article\" \/>\n<meta property=\"og:title\" content=\"Waldorfpuppe M\u00f6pschen rosa - Nanchen - Teia Education &amp; Play\" \/>\n<meta property=\"og:description\" content=\"Die Nanchen Natur Waldorfpuppe M\u00f6pschen in rosa wird in Handarbeit aus hochwertigsten Naturmaterialien in Deutschland hergestellt.\" \/>\n<meta property=\"og:url\" content=\"https:\/\/teiaeducation.ch\/de\/produkt\/waldorfpuppe-mopschen-rosa-32-cm-nanchen-natur\/\" \/>\n<meta property=\"og:site_name\" content=\"Sustainable Educational Products &amp; Ecological Toys\u00a0\" \/>\n<meta property=\"article:publisher\" content=\"https:\/\/www.facebook.com\/teiaeducation\/\" \/>\n<meta property=\"article:modified_time\" content=\"2022-04-12T07:22:33+00:00\" \/>\n<meta property=\"og:image\" content=\"https:\/\/teiaeducation.ch\/wp-content\/uploads\/2020\/06\/Mopschen-doll-pink-stripes-32-cm-Nanchen-Natur-Puppen-Teia-Education-Switzerland-2.jpg\" \/>\n\t<meta property=\"og:image:width\" content=\"900\" \/>\n\t<meta property=\"og:image:height\" content=\"900\" \/>\n\t<meta property=\"og:image:type\" content=\"image\/jpeg\" \/>\n<script type=\"application\/ld+json\" class=\"yoast-schema-graph\">{\"@context\":\"https:\/\/schema.org\",\"@graph\":[{\"@type\":\"WebPage\",\"@id\":\"https:\/\/teiaeducation.ch\/de\/produkt\/waldorfpuppe-mopschen-rosa-32-cm-nanchen-natur\/\",\"url\":\"https:\/\/teiaeducation.ch\/de\/produkt\/waldorfpuppe-mopschen-rosa-32-cm-nanchen-natur\/\",\"name\":\"Waldorfpuppe M\u00f6pschen rosa - Nanchen - Teia Education & Play\",\"isPartOf\":{\"@id\":\"https:\/\/teiaeducation.ch\/de\/#website\"},\"primaryImageOfPage\":{\"@id\":\"https:\/\/teiaeducation.ch\/de\/produkt\/waldorfpuppe-mopschen-rosa-32-cm-nanchen-natur\/#primaryimage\"},\"image\":{\"@id\":\"https:\/\/teiaeducation.ch\/de\/produkt\/waldorfpuppe-mopschen-rosa-32-cm-nanchen-natur\/#primaryimage\"},\"thumbnailUrl\":\"https:\/\/teiaeducation.ch\/wp-content\/uploads\/2020\/06\/Mopschen-doll-pink-stripes-32-cm-Nanchen-Natur-Puppen-Teia-Education-Switzerland-2.jpg\",\"datePublished\":\"2020-06-30T14:30:01+00:00\",\"dateModified\":\"2022-04-12T07:22:33+00:00\",\"description\":\"Die Nanchen Natur Waldorfpuppe M\u00f6pschen in rosa wird in Handarbeit aus hochwertigsten Naturmaterialien in Deutschland hergestellt.\",\"breadcrumb\":{\"@id\":\"https:\/\/teiaeducation.ch\/de\/produkt\/waldorfpuppe-mopschen-rosa-32-cm-nanchen-natur\/#breadcrumb\"},\"inLanguage\":\"de-CH\",\"potentialAction\":[{\"@type\":\"ReadAction\",\"target\":[\"https:\/\/teiaeducation.ch\/de\/produkt\/waldorfpuppe-mopschen-rosa-32-cm-nanchen-natur\/\"]}]},{\"@type\":\"ImageObject\",\"inLanguage\":\"de-CH\",\"@id\":\"https:\/\/teiaeducation.ch\/de\/produkt\/waldorfpuppe-mopschen-rosa-32-cm-nanchen-natur\/#primaryimage\",\"url\":\"https:\/\/teiaeducation.ch\/wp-content\/uploads\/2020\/06\/Mopschen-doll-pink-stripes-32-cm-Nanchen-Natur-Puppen-Teia-Education-Switzerland-2.jpg\",\"contentUrl\":\"https:\/\/teiaeducation.ch\/wp-content\/uploads\/2020\/06\/Mopschen-doll-pink-stripes-32-cm-Nanchen-Natur-Puppen-Teia-Education-Switzerland-2.jpg\",\"width\":900,\"height\":900,\"caption\":\"Waldorfpuppe M\u00f6pschen: rosa (32 cm) - Nanchen Natur\"},{\"@type\":\"BreadcrumbList\",\"@id\":\"https:\/\/teiaeducation.ch\/de\/produkt\/waldorfpuppe-mopschen-rosa-32-cm-nanchen-natur\/#breadcrumb\",\"itemListElement\":[{\"@type\":\"ListItem\",\"position\":1,\"name\":\"Home\",\"item\":\"https:\/\/teiaeducation.ch\/de\/\"},{\"@type\":\"ListItem\",\"position\":2,\"name\":\"Laden\",\"item\":\"https:\/\/teiaeducation.ch\/de\/shop\/\"},{\"@type\":\"ListItem\",\"position\":3,\"name\":\"Unsere Marken\",\"item\":\"https:\/\/teiaeducation.ch\/de\/produkt-kategorie\/unsere-marken\/\"},{\"@type\":\"ListItem\",\"position\":4,\"name\":\"Nanchen Natur Bio Waldorfpuppen\",\"item\":\"https:\/\/teiaeducation.ch\/de\/produkt-kategorie\/unsere-marken\/nanchen-natur-bio-puppen\/\"},{\"@type\":\"ListItem\",\"position\":5,\"name\":\"Waldorfpuppe M\u00f6pschen rosa (32 cm) &#8211; Nanchen Natur\"}]},{\"@type\":\"WebSite\",\"@id\":\"https:\/\/teiaeducation.ch\/de\/#website\",\"url\":\"https:\/\/teiaeducation.ch\/de\/\",\"name\":\"Sustainable Educational Products &amp; Ecological Toys\u00a0\",\"description\":\"Specialised Swiss shop selling sustainable educational toys and games, AMI certified Montessori materials, handmade ecological wooden Waldorf toys and arts &amp; crafts supplies, school supplies, children&#039;s furniture and Montessori reference and parenting books.\",\"publisher\":{\"@id\":\"https:\/\/teiaeducation.ch\/de\/#organization\"},\"alternateName\":\"Teia Education & Play\",\"potentialAction\":[{\"@type\":\"SearchAction\",\"target\":{\"@type\":\"EntryPoint\",\"urlTemplate\":\"https:\/\/teiaeducation.ch\/de\/?s={search_term_string}\"},\"query-input\":{\"@type\":\"PropertyValueSpecification\",\"valueRequired\":true,\"valueName\":\"search_term_string\"}}],\"inLanguage\":\"de-CH\"},{\"@type\":\"Organization\",\"@id\":\"https:\/\/teiaeducation.ch\/de\/#organization\",\"name\":\"Teia Education & Play\",\"url\":\"https:\/\/teiaeducation.ch\/de\/\",\"logo\":{\"@type\":\"ImageObject\",\"inLanguage\":\"de-CH\",\"@id\":\"https:\/\/teiaeducation.ch\/de\/#\/schema\/logo\/image\/\",\"url\":\"https:\/\/teiaeducation.ch\/wp-content\/uploads\/2020\/11\/Teia-Education-Switzerland-e1620156442216.jpg\",\"contentUrl\":\"https:\/\/teiaeducation.ch\/wp-content\/uploads\/2020\/11\/Teia-Education-Switzerland-e1620156442216.jpg\",\"width\":166,\"height\":145,\"caption\":\"Teia Education & Play\"},\"image\":{\"@id\":\"https:\/\/teiaeducation.ch\/de\/#\/schema\/logo\/image\/\"},\"sameAs\":[\"https:\/\/www.facebook.com\/teiaeducation\/\",\"https:\/\/x.com\/EducationTeia\",\"https:\/\/www.instagram.com\/teia.education\/\",\"https:\/\/www.linkedin.com\/company\/35501660\",\"https:\/\/www.pinterest.ch\/TeiaEducation\/\"]}]}<\/script>\n<!-- \/ Yoast SEO plugin. -->","yoast_head_json":{"title":"Waldorfpuppe M\u00f6pschen rosa - Nanchen - Teia Education & Play","description":"Die Nanchen Natur Waldorfpuppe M\u00f6pschen in rosa wird in Handarbeit aus hochwertigsten Naturmaterialien in Deutschland hergestellt.","robots":{"index":"index","follow":"follow","max-snippet":"max-snippet:-1","max-image-preview":"max-image-preview:large","max-video-preview":"max-video-preview:-1"},"canonical":"https:\/\/teiaeducation.ch\/de\/produkt\/waldorfpuppe-mopschen-rosa-32-cm-nanchen-natur\/","og_locale":"de_DE","og_type":"article","og_title":"Waldorfpuppe M\u00f6pschen rosa - Nanchen - Teia Education & Play","og_description":"Die Nanchen Natur Waldorfpuppe M\u00f6pschen in rosa wird in Handarbeit aus hochwertigsten Naturmaterialien in Deutschland hergestellt.","og_url":"https:\/\/teiaeducation.ch\/de\/produkt\/waldorfpuppe-mopschen-rosa-32-cm-nanchen-natur\/","og_site_name":"Sustainable Educational Products &amp; Ecological Toys\u00a0","article_publisher":"https:\/\/www.facebook.com\/teiaeducation\/","article_modified_time":"2022-04-12T07:22:33+00:00","og_image":[{"width":900,"height":900,"url":"https:\/\/teiaeducation.ch\/wp-content\/uploads\/2020\/06\/Mopschen-doll-pink-stripes-32-cm-Nanchen-Natur-Puppen-Teia-Education-Switzerland-2.jpg","type":"image\/jpeg"}],"schema":{"@context":"https:\/\/schema.org","@graph":[{"@type":"WebPage","@id":"https:\/\/teiaeducation.ch\/de\/produkt\/waldorfpuppe-mopschen-rosa-32-cm-nanchen-natur\/","url":"https:\/\/teiaeducation.ch\/de\/produkt\/waldorfpuppe-mopschen-rosa-32-cm-nanchen-natur\/","name":"Waldorfpuppe M\u00f6pschen rosa - Nanchen - Teia Education & Play","isPartOf":{"@id":"https:\/\/teiaeducation.ch\/de\/#website"},"primaryImageOfPage":{"@id":"https:\/\/teiaeducation.ch\/de\/produkt\/waldorfpuppe-mopschen-rosa-32-cm-nanchen-natur\/#primaryimage"},"image":{"@id":"https:\/\/teiaeducation.ch\/de\/produkt\/waldorfpuppe-mopschen-rosa-32-cm-nanchen-natur\/#primaryimage"},"thumbnailUrl":"https:\/\/teiaeducation.ch\/wp-content\/uploads\/2020\/06\/Mopschen-doll-pink-stripes-32-cm-Nanchen-Natur-Puppen-Teia-Education-Switzerland-2.jpg","datePublished":"2020-06-30T14:30:01+00:00","dateModified":"2022-04-12T07:22:33+00:00","description":"Die Nanchen Natur Waldorfpuppe M\u00f6pschen in rosa wird in Handarbeit aus hochwertigsten Naturmaterialien in Deutschland hergestellt.","breadcrumb":{"@id":"https:\/\/teiaeducation.ch\/de\/produkt\/waldorfpuppe-mopschen-rosa-32-cm-nanchen-natur\/#breadcrumb"},"inLanguage":"de-CH","potentialAction":[{"@type":"ReadAction","target":["https:\/\/teiaeducation.ch\/de\/produkt\/waldorfpuppe-mopschen-rosa-32-cm-nanchen-natur\/"]}]},{"@type":"ImageObject","inLanguage":"de-CH","@id":"https:\/\/teiaeducation.ch\/de\/produkt\/waldorfpuppe-mopschen-rosa-32-cm-nanchen-natur\/#primaryimage","url":"https:\/\/teiaeducation.ch\/wp-content\/uploads\/2020\/06\/Mopschen-doll-pink-stripes-32-cm-Nanchen-Natur-Puppen-Teia-Education-Switzerland-2.jpg","contentUrl":"https:\/\/teiaeducation.ch\/wp-content\/uploads\/2020\/06\/Mopschen-doll-pink-stripes-32-cm-Nanchen-Natur-Puppen-Teia-Education-Switzerland-2.jpg","width":900,"height":900,"caption":"Waldorfpuppe M\u00f6pschen: rosa (32 cm) - Nanchen Natur"},{"@type":"BreadcrumbList","@id":"https:\/\/teiaeducation.ch\/de\/produkt\/waldorfpuppe-mopschen-rosa-32-cm-nanchen-natur\/#breadcrumb","itemListElement":[{"@type":"ListItem","position":1,"name":"Home","item":"https:\/\/teiaeducation.ch\/de\/"},{"@type":"ListItem","position":2,"name":"Laden","item":"https:\/\/teiaeducation.ch\/de\/shop\/"},{"@type":"ListItem","position":3,"name":"Unsere Marken","item":"https:\/\/teiaeducation.ch\/de\/produkt-kategorie\/unsere-marken\/"},{"@type":"ListItem","position":4,"name":"Nanchen Natur Bio Waldorfpuppen","item":"https:\/\/teiaeducation.ch\/de\/produkt-kategorie\/unsere-marken\/nanchen-natur-bio-puppen\/"},{"@type":"ListItem","position":5,"name":"Waldorfpuppe M\u00f6pschen rosa (32 cm) &#8211; Nanchen Natur"}]},{"@type":"WebSite","@id":"https:\/\/teiaeducation.ch\/de\/#website","url":"https:\/\/teiaeducation.ch\/de\/","name":"Sustainable Educational Products &amp; Ecological Toys\u00a0","description":"Specialised Swiss shop selling sustainable educational toys and games, AMI certified Montessori materials, handmade ecological wooden Waldorf toys and arts &amp; crafts supplies, school supplies, children&#039;s furniture and Montessori reference and parenting books.","publisher":{"@id":"https:\/\/teiaeducation.ch\/de\/#organization"},"alternateName":"Teia Education & Play","potentialAction":[{"@type":"SearchAction","target":{"@type":"EntryPoint","urlTemplate":"https:\/\/teiaeducation.ch\/de\/?s={search_term_string}"},"query-input":{"@type":"PropertyValueSpecification","valueRequired":true,"valueName":"search_term_string"}}],"inLanguage":"de-CH"},{"@type":"Organization","@id":"https:\/\/teiaeducation.ch\/de\/#organization","name":"Teia Education & Play","url":"https:\/\/teiaeducation.ch\/de\/","logo":{"@type":"ImageObject","inLanguage":"de-CH","@id":"https:\/\/teiaeducation.ch\/de\/#\/schema\/logo\/image\/","url":"https:\/\/teiaeducation.ch\/wp-content\/uploads\/2020\/11\/Teia-Education-Switzerland-e1620156442216.jpg","contentUrl":"https:\/\/teiaeducation.ch\/wp-content\/uploads\/2020\/11\/Teia-Education-Switzerland-e1620156442216.jpg","width":166,"height":145,"caption":"Teia Education & Play"},"image":{"@id":"https:\/\/teiaeducation.ch\/de\/#\/schema\/logo\/image\/"},"sameAs":["https:\/\/www.facebook.com\/teiaeducation\/","https:\/\/x.com\/EducationTeia","https:\/\/www.instagram.com\/teia.education\/","https:\/\/www.linkedin.com\/company\/35501660","https:\/\/www.pinterest.ch\/TeiaEducation\/"]}]}},"_links":{"self":[{"href":"https:\/\/teiaeducation.ch\/de\/wp-json\/wp\/v2\/product\/46603","targetHints":{"allow":["GET"]}}],"collection":[{"href":"https:\/\/teiaeducation.ch\/de\/wp-json\/wp\/v2\/product"}],"about":[{"href":"https:\/\/teiaeducation.ch\/de\/wp-json\/wp\/v2\/types\/product"}],"replies":[{"embeddable":true,"href":"https:\/\/teiaeducation.ch\/de\/wp-json\/wp\/v2\/comments?post=46603"}],"wp:featuredmedia":[{"embeddable":true,"href":"https:\/\/teiaeducation.ch\/de\/wp-json\/wp\/v2\/media\/46604"}],"wp:attachment":[{"href":"https:\/\/teiaeducation.ch\/de\/wp-json\/wp\/v2\/media?parent=46603"}],"wp:term":[{"taxonomy":"product_brand","embeddable":true,"href":"https:\/\/teiaeducation.ch\/de\/wp-json\/wp\/v2\/product_brand?post=46603"},{"taxonomy":"product_cat","embeddable":true,"href":"https:\/\/teiaeducation.ch\/de\/wp-json\/wp\/v2\/product_cat?post=46603"},{"taxonomy":"product_tag","embeddable":true,"href":"https:\/\/teiaeducation.ch\/de\/wp-json\/wp\/v2\/product_tag?post=46603"}],"curies":[{"name":"wp","href":"https:\/\/api.w.org\/{rel}","templated":true}]}}