{"id":46623,"date":"2020-05-29T22:09:06","date_gmt":"2020-05-29T20:09:06","guid":{"rendered":"https:\/\/teiaeducation.ch\/product\/seide-waldorfpuppe-blau-nanchen-natur\/"},"modified":"2026-01-21T13:34:20","modified_gmt":"2026-01-21T12:34:20","slug":"seide-waldorfpuppe-blau-nanchen-natur","status":"publish","type":"product","link":"https:\/\/teiaeducation.ch\/de\/produkt\/seide-waldorfpuppe-blau-nanchen-natur\/","title":{"rendered":"Waldorfpuppe aus Seide Blau &#8211; Nanchen Natur"},"content":{"rendered":"<p>Die Nanchen Natur seide Waldorfpuppe Blau wurde in Handarbeit aus hochwertigsten Naturmaterialien in Deutschland hergestellt.<\/p>\n<p>Der K\u00f6rper der f\u00fcr Babys und Kleinkinder geeigneten Puppe ist aus biozertifizierter und strapazierf\u00e4higer Seide gefertigt &#8211; der Kopf ist mit reiner Bio-Schafschurwolle gestopft. Das Gesicht der Puppe ist von Hand bemalt, was ihr ihre eigene Pers\u00f6nlichkeit und Einzigartigkeit verleiht. Der weich flie\u00dfende Kapuzenumhang in Rosa umgibt das Gesicht der Puppe &#8211; der K\u00f6rper ist aus wei\u00dfer Seide gefertigt.<\/p>\n<p>Diese h\u00fcbsche <a href=\"https:\/\/teiaeducation.ch\/product-category\/hgh-quality-toys-play\/waldorf-toys\/\">Waldorf<\/a>puppe ist v\u00f6llig sicher und schadstofffrei und gibt dem kleinen Kind ein Gef\u00fchl der Geborgenheit, etwas zum Festhalten und Kuscheln.<\/p>\n<p>Die Nanchen Natur seide Waldorfpuppe in rosa misst 30 x 21 Zentimeter und ist f\u00fcr Babys ab 3 Monaten und Kleinkinder geeignet.<\/p>\n<p>Inhalt:<\/p>\n<p>1 Seidenpuppe in Blau (30cm)<\/p>\n<p>Au\u00dfenmaterial: weiche Bio-Seide<br \/>\nInnenmaterial: reine Biowolle (Schurwolle)<\/p>\n<p><strong> <\/strong><\/p>\n<h2>Pflegehinweise<\/h2>\n<p>Diese Nanchen Natur seide Waldorfpuppe kann mit der Hand in kaltem oder lauwarmem Wasser gewaschen werden. Bitte vermeiden Sie Temperaturschwankungen des Wassers und das Auswringen und Reiben des Puppenstoffs.<\/p>\n<h2>\u00dcber Nanchen Natur<\/h2>\n<p>Seit 1983 fertigt <a href=\"https:\/\/teiaeducation.ch\/product-category\/brands\/nanchen-natur-organic-dolls\/\">Nanchen Natur<\/a> Puppen in ihrer kleinen Werkstatt in Martinhagen im Naturpark Habichtswald in Nordhessen, Deutschland, in Handarbeit hochwertige traditionelle <a href=\"https:\/\/teiaeducation.ch\/product-category\/hgh-quality-toys-play\/waldorf-dolls\/\">Waldorfpuppen<\/a>. Die nachhaltigen und \u00f6ko-zertifizierten Stoff Waldorfpuppen der Linie Nanchen Natur werden aus 100% Bio-Schurwolle und 100% Bio-Baumwolle aus kontrolliert biologischem Anbau hergestellt.<\/p>\n<p>Die von Nanchen Natur verwendete Baumwolle und Wolle ist wie folgt gekennzeichnet:<\/p>\n<p>kbA &#8211; kontrolliert biologischem Anbau<br \/>\nkbT &#8211; kontrolliert biologische Tierhaltung<\/p>\n<p>Die Nanchen Natur <a href=\"https:\/\/teiaeducation.ch\/product-category\/education-method\/waldorf-steiner-toys-craft-materials\/\">Waldorf<\/a>puppen werden in Handarbeit mit 100% Bio-Schurwolle gestopft und nehmen die K\u00f6rperw\u00e4rme auf, so dass sie sich im Arm von Babys und Kindern wunderbar weich und warm anf\u00fchlen. Die Gesichter der Nanchen Puppen werden einzeln von Hand bemalt, was ihnen einen einzigartigen Charakter verleiht. Die Puppen sind liebevoll in harmonischen Farbdesigns gestaltet und mit r\u00fccksichtsvollen und nachhaltigen Schnitten gefertigt, so dass fast kein Abfall entsteht.<\/p>\n<p><strong> <\/strong><\/p>\n","protected":false},"excerpt":{"rendered":"<p>Artikelnummer: 70920005<\/p>\n<p>Die Nanchen Natur seide Waldorfpuppe Blau wurde in Handarbeit aus hochwertigsten Naturmaterialien in Deutschland hergestellt.<\/p>\n","protected":false},"featured_media":46624,"comment_status":"open","ping_status":"closed","template":"","meta":[],"product_brand":[],"product_cat":[25967,21444,22033,21479,21492,21484,21443,21574,21678,21685,21564,21483,23045,22919,21696],"product_tag":[23054,23051,21712,23046,23047,23049,23048,23052,23053,23055,23059,23050],"class_list":{"0":"post-46623","1":"product","2":"type-product","3":"status-publish","4":"has-post-thumbnail","6":"product_cat-0-12-monate-baby","7":"product_cat-1-3-jahre-kleinkind","8":"product_cat-adventskalender-geschenke-strumpffueller","9":"product_cat-lernmaterialien-spielzeug-montessori-waldorf-steiner-froebel","10":"product_cat-geschenk-guide-stoffspielzeug","11":"product_cat-geschenk-guides","12":"product_cat-nach-alter","13":"product_cat-nanchen-natur-bio-puppen","14":"product_cat-kinder-spielzeug","15":"product_cat-stoffspielzeug","16":"product_cat-unsere-marken","17":"product_cat-waldorf-steiner-paedagogik","18":"product_cat-waldorfpuppen","19":"product_cat-waldorfspielzeug","20":"product_cat-weiche-puppen","21":"product_tag-handgefertigte-waldorfpuppe","22":"product_tag-handgefertigte-waldorfpuppe-aus-stoff","23":"product_tag-hergestellt-in-deutschland","24":"product_tag-nanchen-natur-waldorfpuppe","25":"product_tag-nanchen-waldorf-dolls-switzerland","26":"product_tag-nanchen-waldorfpuppen-schweiz","27":"product_tag-nanchen-waldorfpuppen-suisse","28":"product_tag-oko-spielzeug","29":"product_tag-oko-zertifiziertes-spielzeug","30":"product_tag-puppe-aus-biozertifizierter-bio-baumwolle-und-schurwolle","31":"product_tag-seide-waldorfpuppe-blau-nanchen-natur","32":"product_tag-waldorf-stoffpuppen","34":"first","35":"outofstock","36":"taxable","37":"shipping-taxable","38":"purchasable","39":"product-type-simple"},"yoast_head":"<!-- This site is optimized with the Yoast SEO plugin v27.1.1 - https:\/\/yoast.com\/product\/yoast-seo-wordpress\/ -->\n<title>Waldorfpuppe aus Seide Blau - Nanchen Natur<\/title>\n<meta name=\"description\" content=\"Die Nanchen Natur seide Waldorfpuppe Blau wurde in Handarbeit aus hochwertigsten Naturmaterialien in Deutschland hergestellt.\" \/>\n<meta name=\"robots\" content=\"index, follow, max-snippet:-1, max-image-preview:large, max-video-preview:-1\" \/>\n<link rel=\"canonical\" href=\"https:\/\/teiaeducation.ch\/de\/produkt\/seide-waldorfpuppe-blau-nanchen-natur\/\" \/>\n<meta property=\"og:locale\" content=\"de_DE\" \/>\n<meta property=\"og:type\" content=\"article\" \/>\n<meta property=\"og:title\" content=\"Waldorfpuppe aus Seide Blau - Nanchen Natur\" \/>\n<meta property=\"og:description\" content=\"Die Nanchen Natur seide Waldorfpuppe Blau wurde in Handarbeit aus hochwertigsten Naturmaterialien in Deutschland hergestellt.\" \/>\n<meta property=\"og:url\" content=\"https:\/\/teiaeducation.ch\/de\/produkt\/seide-waldorfpuppe-blau-nanchen-natur\/\" \/>\n<meta property=\"og:site_name\" content=\"Sustainable Educational Products &amp; Ecological Toys\u00a0\" \/>\n<meta property=\"article:publisher\" content=\"https:\/\/www.facebook.com\/teiaeducation\/\" \/>\n<meta property=\"article:modified_time\" content=\"2026-01-21T12:34:20+00:00\" \/>\n<meta property=\"og:image\" content=\"https:\/\/teiaeducation.ch\/wp-content\/uploads\/2020\/05\/Silk-Doll-Blue-Nanchen-Natur-Puppen-Teia-Education-Switzerland.jpg\" \/>\n\t<meta property=\"og:image:width\" content=\"1000\" \/>\n\t<meta property=\"og:image:height\" content=\"1000\" \/>\n\t<meta property=\"og:image:type\" content=\"image\/jpeg\" \/>\n<script type=\"application\/ld+json\" class=\"yoast-schema-graph\">{\"@context\":\"https:\/\/schema.org\",\"@graph\":[{\"@type\":\"WebPage\",\"@id\":\"https:\/\/teiaeducation.ch\/de\/produkt\/seide-waldorfpuppe-blau-nanchen-natur\/\",\"url\":\"https:\/\/teiaeducation.ch\/de\/produkt\/seide-waldorfpuppe-blau-nanchen-natur\/\",\"name\":\"Waldorfpuppe aus Seide Blau - Nanchen Natur\",\"isPartOf\":{\"@id\":\"https:\/\/teiaeducation.ch\/de\/#website\"},\"primaryImageOfPage\":{\"@id\":\"https:\/\/teiaeducation.ch\/de\/produkt\/seide-waldorfpuppe-blau-nanchen-natur\/#primaryimage\"},\"image\":{\"@id\":\"https:\/\/teiaeducation.ch\/de\/produkt\/seide-waldorfpuppe-blau-nanchen-natur\/#primaryimage\"},\"thumbnailUrl\":\"https:\/\/teiaeducation.ch\/wp-content\/uploads\/2020\/05\/Silk-Doll-Blue-Nanchen-Natur-Puppen-Teia-Education-Switzerland.jpg\",\"datePublished\":\"2020-05-29T20:09:06+00:00\",\"dateModified\":\"2026-01-21T12:34:20+00:00\",\"description\":\"Die Nanchen Natur seide Waldorfpuppe Blau wurde in Handarbeit aus hochwertigsten Naturmaterialien in Deutschland hergestellt.\",\"breadcrumb\":{\"@id\":\"https:\/\/teiaeducation.ch\/de\/produkt\/seide-waldorfpuppe-blau-nanchen-natur\/#breadcrumb\"},\"inLanguage\":\"de-CH\",\"potentialAction\":[{\"@type\":\"ReadAction\",\"target\":[\"https:\/\/teiaeducation.ch\/de\/produkt\/seide-waldorfpuppe-blau-nanchen-natur\/\"]}]},{\"@type\":\"ImageObject\",\"inLanguage\":\"de-CH\",\"@id\":\"https:\/\/teiaeducation.ch\/de\/produkt\/seide-waldorfpuppe-blau-nanchen-natur\/#primaryimage\",\"url\":\"https:\/\/teiaeducation.ch\/wp-content\/uploads\/2020\/05\/Silk-Doll-Blue-Nanchen-Natur-Puppen-Teia-Education-Switzerland.jpg\",\"contentUrl\":\"https:\/\/teiaeducation.ch\/wp-content\/uploads\/2020\/05\/Silk-Doll-Blue-Nanchen-Natur-Puppen-Teia-Education-Switzerland.jpg\",\"width\":1000,\"height\":1000,\"caption\":\"Seide Waldorfpuppe Blau Nanchen Natur Puppen\"},{\"@type\":\"BreadcrumbList\",\"@id\":\"https:\/\/teiaeducation.ch\/de\/produkt\/seide-waldorfpuppe-blau-nanchen-natur\/#breadcrumb\",\"itemListElement\":[{\"@type\":\"ListItem\",\"position\":1,\"name\":\"Home\",\"item\":\"https:\/\/teiaeducation.ch\/de\/\"},{\"@type\":\"ListItem\",\"position\":2,\"name\":\"Laden\",\"item\":\"https:\/\/teiaeducation.ch\/de\/shop\/\"},{\"@type\":\"ListItem\",\"position\":3,\"name\":\"Unsere Marken\",\"item\":\"https:\/\/teiaeducation.ch\/de\/produkt-kategorie\/unsere-marken\/\"},{\"@type\":\"ListItem\",\"position\":4,\"name\":\"Nanchen Natur Bio Waldorfpuppen\",\"item\":\"https:\/\/teiaeducation.ch\/de\/produkt-kategorie\/unsere-marken\/nanchen-natur-bio-puppen\/\"},{\"@type\":\"ListItem\",\"position\":5,\"name\":\"Waldorfpuppe aus Seide Blau &#8211; Nanchen Natur\"}]},{\"@type\":\"WebSite\",\"@id\":\"https:\/\/teiaeducation.ch\/de\/#website\",\"url\":\"https:\/\/teiaeducation.ch\/de\/\",\"name\":\"Sustainable Educational Products &amp; Ecological Toys\u00a0\",\"description\":\"Specialised Swiss shop selling sustainable educational toys and games, AMI certified Montessori materials, handmade ecological wooden Waldorf toys and arts &amp; crafts supplies, school supplies, children&#039;s furniture and Montessori reference and parenting books.\",\"publisher\":{\"@id\":\"https:\/\/teiaeducation.ch\/de\/#organization\"},\"alternateName\":\"Teia Education & Play\",\"potentialAction\":[{\"@type\":\"SearchAction\",\"target\":{\"@type\":\"EntryPoint\",\"urlTemplate\":\"https:\/\/teiaeducation.ch\/de\/?s={search_term_string}\"},\"query-input\":{\"@type\":\"PropertyValueSpecification\",\"valueRequired\":true,\"valueName\":\"search_term_string\"}}],\"inLanguage\":\"de-CH\"},{\"@type\":\"Organization\",\"@id\":\"https:\/\/teiaeducation.ch\/de\/#organization\",\"name\":\"Teia Education & Play\",\"url\":\"https:\/\/teiaeducation.ch\/de\/\",\"logo\":{\"@type\":\"ImageObject\",\"inLanguage\":\"de-CH\",\"@id\":\"https:\/\/teiaeducation.ch\/de\/#\/schema\/logo\/image\/\",\"url\":\"https:\/\/teiaeducation.ch\/wp-content\/uploads\/2020\/11\/Teia-Education-Switzerland-e1620156442216.jpg\",\"contentUrl\":\"https:\/\/teiaeducation.ch\/wp-content\/uploads\/2020\/11\/Teia-Education-Switzerland-e1620156442216.jpg\",\"width\":166,\"height\":145,\"caption\":\"Teia Education & Play\"},\"image\":{\"@id\":\"https:\/\/teiaeducation.ch\/de\/#\/schema\/logo\/image\/\"},\"sameAs\":[\"https:\/\/www.facebook.com\/teiaeducation\/\",\"https:\/\/x.com\/EducationTeia\",\"https:\/\/www.instagram.com\/teia.education\/\",\"https:\/\/www.linkedin.com\/company\/35501660\",\"https:\/\/www.pinterest.ch\/TeiaEducation\/\"]}]}<\/script>\n<!-- \/ Yoast SEO plugin. -->","yoast_head_json":{"title":"Waldorfpuppe aus Seide Blau - Nanchen Natur","description":"Die Nanchen Natur seide Waldorfpuppe Blau wurde in Handarbeit aus hochwertigsten Naturmaterialien in Deutschland hergestellt.","robots":{"index":"index","follow":"follow","max-snippet":"max-snippet:-1","max-image-preview":"max-image-preview:large","max-video-preview":"max-video-preview:-1"},"canonical":"https:\/\/teiaeducation.ch\/de\/produkt\/seide-waldorfpuppe-blau-nanchen-natur\/","og_locale":"de_DE","og_type":"article","og_title":"Waldorfpuppe aus Seide Blau - Nanchen Natur","og_description":"Die Nanchen Natur seide Waldorfpuppe Blau wurde in Handarbeit aus hochwertigsten Naturmaterialien in Deutschland hergestellt.","og_url":"https:\/\/teiaeducation.ch\/de\/produkt\/seide-waldorfpuppe-blau-nanchen-natur\/","og_site_name":"Sustainable Educational Products &amp; Ecological Toys\u00a0","article_publisher":"https:\/\/www.facebook.com\/teiaeducation\/","article_modified_time":"2026-01-21T12:34:20+00:00","og_image":[{"width":1000,"height":1000,"url":"https:\/\/teiaeducation.ch\/wp-content\/uploads\/2020\/05\/Silk-Doll-Blue-Nanchen-Natur-Puppen-Teia-Education-Switzerland.jpg","type":"image\/jpeg"}],"schema":{"@context":"https:\/\/schema.org","@graph":[{"@type":"WebPage","@id":"https:\/\/teiaeducation.ch\/de\/produkt\/seide-waldorfpuppe-blau-nanchen-natur\/","url":"https:\/\/teiaeducation.ch\/de\/produkt\/seide-waldorfpuppe-blau-nanchen-natur\/","name":"Waldorfpuppe aus Seide Blau - Nanchen Natur","isPartOf":{"@id":"https:\/\/teiaeducation.ch\/de\/#website"},"primaryImageOfPage":{"@id":"https:\/\/teiaeducation.ch\/de\/produkt\/seide-waldorfpuppe-blau-nanchen-natur\/#primaryimage"},"image":{"@id":"https:\/\/teiaeducation.ch\/de\/produkt\/seide-waldorfpuppe-blau-nanchen-natur\/#primaryimage"},"thumbnailUrl":"https:\/\/teiaeducation.ch\/wp-content\/uploads\/2020\/05\/Silk-Doll-Blue-Nanchen-Natur-Puppen-Teia-Education-Switzerland.jpg","datePublished":"2020-05-29T20:09:06+00:00","dateModified":"2026-01-21T12:34:20+00:00","description":"Die Nanchen Natur seide Waldorfpuppe Blau wurde in Handarbeit aus hochwertigsten Naturmaterialien in Deutschland hergestellt.","breadcrumb":{"@id":"https:\/\/teiaeducation.ch\/de\/produkt\/seide-waldorfpuppe-blau-nanchen-natur\/#breadcrumb"},"inLanguage":"de-CH","potentialAction":[{"@type":"ReadAction","target":["https:\/\/teiaeducation.ch\/de\/produkt\/seide-waldorfpuppe-blau-nanchen-natur\/"]}]},{"@type":"ImageObject","inLanguage":"de-CH","@id":"https:\/\/teiaeducation.ch\/de\/produkt\/seide-waldorfpuppe-blau-nanchen-natur\/#primaryimage","url":"https:\/\/teiaeducation.ch\/wp-content\/uploads\/2020\/05\/Silk-Doll-Blue-Nanchen-Natur-Puppen-Teia-Education-Switzerland.jpg","contentUrl":"https:\/\/teiaeducation.ch\/wp-content\/uploads\/2020\/05\/Silk-Doll-Blue-Nanchen-Natur-Puppen-Teia-Education-Switzerland.jpg","width":1000,"height":1000,"caption":"Seide Waldorfpuppe Blau Nanchen Natur Puppen"},{"@type":"BreadcrumbList","@id":"https:\/\/teiaeducation.ch\/de\/produkt\/seide-waldorfpuppe-blau-nanchen-natur\/#breadcrumb","itemListElement":[{"@type":"ListItem","position":1,"name":"Home","item":"https:\/\/teiaeducation.ch\/de\/"},{"@type":"ListItem","position":2,"name":"Laden","item":"https:\/\/teiaeducation.ch\/de\/shop\/"},{"@type":"ListItem","position":3,"name":"Unsere Marken","item":"https:\/\/teiaeducation.ch\/de\/produkt-kategorie\/unsere-marken\/"},{"@type":"ListItem","position":4,"name":"Nanchen Natur Bio Waldorfpuppen","item":"https:\/\/teiaeducation.ch\/de\/produkt-kategorie\/unsere-marken\/nanchen-natur-bio-puppen\/"},{"@type":"ListItem","position":5,"name":"Waldorfpuppe aus Seide Blau &#8211; Nanchen Natur"}]},{"@type":"WebSite","@id":"https:\/\/teiaeducation.ch\/de\/#website","url":"https:\/\/teiaeducation.ch\/de\/","name":"Sustainable Educational Products &amp; Ecological Toys\u00a0","description":"Specialised Swiss shop selling sustainable educational toys and games, AMI certified Montessori materials, handmade ecological wooden Waldorf toys and arts &amp; crafts supplies, school supplies, children&#039;s furniture and Montessori reference and parenting books.","publisher":{"@id":"https:\/\/teiaeducation.ch\/de\/#organization"},"alternateName":"Teia Education & Play","potentialAction":[{"@type":"SearchAction","target":{"@type":"EntryPoint","urlTemplate":"https:\/\/teiaeducation.ch\/de\/?s={search_term_string}"},"query-input":{"@type":"PropertyValueSpecification","valueRequired":true,"valueName":"search_term_string"}}],"inLanguage":"de-CH"},{"@type":"Organization","@id":"https:\/\/teiaeducation.ch\/de\/#organization","name":"Teia Education & Play","url":"https:\/\/teiaeducation.ch\/de\/","logo":{"@type":"ImageObject","inLanguage":"de-CH","@id":"https:\/\/teiaeducation.ch\/de\/#\/schema\/logo\/image\/","url":"https:\/\/teiaeducation.ch\/wp-content\/uploads\/2020\/11\/Teia-Education-Switzerland-e1620156442216.jpg","contentUrl":"https:\/\/teiaeducation.ch\/wp-content\/uploads\/2020\/11\/Teia-Education-Switzerland-e1620156442216.jpg","width":166,"height":145,"caption":"Teia Education & Play"},"image":{"@id":"https:\/\/teiaeducation.ch\/de\/#\/schema\/logo\/image\/"},"sameAs":["https:\/\/www.facebook.com\/teiaeducation\/","https:\/\/x.com\/EducationTeia","https:\/\/www.instagram.com\/teia.education\/","https:\/\/www.linkedin.com\/company\/35501660","https:\/\/www.pinterest.ch\/TeiaEducation\/"]}]}},"_links":{"self":[{"href":"https:\/\/teiaeducation.ch\/de\/wp-json\/wp\/v2\/product\/46623","targetHints":{"allow":["GET"]}}],"collection":[{"href":"https:\/\/teiaeducation.ch\/de\/wp-json\/wp\/v2\/product"}],"about":[{"href":"https:\/\/teiaeducation.ch\/de\/wp-json\/wp\/v2\/types\/product"}],"replies":[{"embeddable":true,"href":"https:\/\/teiaeducation.ch\/de\/wp-json\/wp\/v2\/comments?post=46623"}],"wp:featuredmedia":[{"embeddable":true,"href":"https:\/\/teiaeducation.ch\/de\/wp-json\/wp\/v2\/media\/46624"}],"wp:attachment":[{"href":"https:\/\/teiaeducation.ch\/de\/wp-json\/wp\/v2\/media?parent=46623"}],"wp:term":[{"taxonomy":"product_brand","embeddable":true,"href":"https:\/\/teiaeducation.ch\/de\/wp-json\/wp\/v2\/product_brand?post=46623"},{"taxonomy":"product_cat","embeddable":true,"href":"https:\/\/teiaeducation.ch\/de\/wp-json\/wp\/v2\/product_cat?post=46623"},{"taxonomy":"product_tag","embeddable":true,"href":"https:\/\/teiaeducation.ch\/de\/wp-json\/wp\/v2\/product_tag?post=46623"}],"curies":[{"name":"wp","href":"https:\/\/api.w.org\/{rel}","templated":true}]}}