{"id":46630,"date":"2020-05-29T12:59:03","date_gmt":"2020-05-29T10:59:03","guid":{"rendered":"https:\/\/teiaeducation.ch\/product\/waldorfpuppe-nuckel-nanchen-natur\/"},"modified":"2022-04-12T11:19:18","modified_gmt":"2022-04-12T09:19:18","slug":"waldorfpuppe-nuckel-nanchen-natur","status":"publish","type":"product","link":"https:\/\/teiaeducation.ch\/de\/produkt\/waldorfpuppe-nuckel-nanchen-natur\/","title":{"rendered":"Waldorfpuppe Nuckel &#8211; Nanchen Natur"},"content":{"rendered":"<p>Die Nanchen Natur Waldorfpuppe Nuckel mit kirschfarbenem Hut wurde in Handarbeit aus hochwertigsten Naturmaterialien in Deutschland hergestellt. Das breite K\u00f6rpertuch und der Hut die Kuschelpuppe sind aus bio-zertifiziertem Baumwollfrottee gefertigt &#8211; der Kopf ist mit reiner Bio-Schafschurwolle gestopft. Diese niedliche <a href=\"https:\/\/teiaeducation.ch\/de\/produkt-kategorie\/spielen\/weiche-puppen\/\">Puppe<\/a> ist f\u00fcr kleine Babys geeignet. Das Gesicht der Puppe ist von Hand bemalt, was ihr ihre eigene Pers\u00f6nlichkeit und Einzigartigkeit verleiht. V\u00f6llig unbedenklich und schadstofffrei bietet diese h\u00fcbsche Waldorfpuppe dem Baby ein Gef\u00fchl der Geborgenheit, etwas zum Festhalten, Kuscheln und Greifen, was die fr\u00fche Entwicklung der motorischen F\u00e4higkeiten f\u00f6rdert.<\/p>\n<p>Es wird empfohlen, dass Eltern mit die Kuschelpuppe schlafen oder sie auf der Haut tragen, bevor sie sie ihrem Baby geben. So nimmt die Puppe den K\u00f6rpergeruch der Eltern an und gibt dem Baby die N\u00e4he und Geborgenheit, die es braucht.<\/p>\n<p>Auch in der schmerzhaften Zahnungsphase kann die Kuschelpuppe ein schicksalhafter Begleiter sein, denn das Kauen auf dem Baumwoll-Frottee-Stoff lindert das wunde Zahnfleisch.<\/p>\n<p>Seit 1983 fertigt Nanchen Natur in Handarbeit hochwertige, traditionelle Waldorfpuppen in ihrer kleinen Werkstatt in Martinhagen im Naturpark Habichtswald in Nordhessen, Deutschland. Die nachhaltigen und \u00f6ko-zertifizierten Stoff Waldorfpuppen der Linie Nanchen Natur werden aus 100% Bio-Schurwolle und 100% Bio-Baumwolle aus kontrolliert biologischem Anbau hergestellt. Die von Nanchen Natur verwendete Baumwolle und Wolle ist wie folgt gekennzeichnet:<\/p>\n<p>kbA &#8211; kontrolliert biologischem Anbau<br \/>\nkbT &#8211; kontrolliert biologische Tierhaltung<\/p>\n<p>Die Nanchen <a href=\"https:\/\/teiaeducation.ch\/de\/produkt-kategorie\/bildungsmethode\/waldorf-steiner-paedagogik\/\">Waldorf<\/a>puppen\u00a0werden in Handarbeit mit 100% Bio-Schurwolle gestopft und nehmen die K\u00f6rperw\u00e4rme an, so dass sie sich in Babys und Kinderarmen wunderbar weich und warm anf\u00fchlen Die Gesichter der Nanchen Puppen werden einzeln von Hand bemalt, was ihnen einen einzigartigen Charakter verleiht. Die Puppen sind liebevoll in harmonischen Farbdesigns gestaltet und mit r\u00fccksichtsvollen und nachhaltigen Schnitten gefertigt, die fast keinen Abfall verursachen.<\/p>\n<p>Die Nanchen Natur Kuschelpuppe Nuckel ist 24 x 21 Zentimeter gro\u00df und f\u00fcr Babys ab 3 Monaten geeignet.<\/p>\n<p>Inhalt:<\/p>\n<p>1 Kuschelpuppe Nuckel (24 x 21 cm)<\/p>\n<p>Au\u00dfenmaterial: weiches Bio-Baumwollfrottee<br \/>\nInnenmaterial: reine Biowolle (Schurwolle)<\/p>\n<p><strong><br \/>\nPflegehinweise:<\/strong><\/p>\n<p>Diese Nanchen Natur Waldorfpuppe kann mit der Hand in kaltem oder lauwarmem Wasser gewaschen werden. Bitte vermeiden Sie Temperaturschwankungen des Wassers und das Auswringen und Reiben des Puppenstoffs.<\/p>\n","protected":false},"excerpt":{"rendered":"<p>Artikelnummer: 70920013<\/p>\n<p>Die Nanchen Natur Waldorfpuppe Nuckel wird aus biozertifizierter Baumwolle und Schurwolle in Deutschland hergestellt.<\/p>\n","protected":false},"featured_media":46631,"comment_status":"open","ping_status":"closed","template":"","meta":[],"product_brand":[],"product_cat":[25967,21444,21479,21485,21484,21443,21574,21678,21685,21564,21483,23045,22919,21696],"product_tag":[23054,23051,21712,23046,23061,23047,23049,23048,23052,23053,23055,23050],"class_list":{"0":"post-46630","1":"product","2":"type-product","3":"status-publish","4":"has-post-thumbnail","6":"product_cat-0-12-monate-baby","7":"product_cat-1-3-jahre-kleinkind","8":"product_cat-lernmaterialien-spielzeug-montessori-waldorf-steiner-froebel","9":"product_cat-geschenk-guide-0-12-monate-baby","10":"product_cat-geschenk-guides","11":"product_cat-nach-alter","12":"product_cat-nanchen-natur-bio-puppen","13":"product_cat-kinder-spielzeug","14":"product_cat-stoffspielzeug","15":"product_cat-unsere-marken","16":"product_cat-waldorf-steiner-paedagogik","17":"product_cat-waldorfpuppen","18":"product_cat-waldorfspielzeug","19":"product_cat-weiche-puppen","20":"product_tag-handgefertigte-waldorfpuppe","21":"product_tag-handgefertigte-waldorfpuppe-aus-stoff","22":"product_tag-hergestellt-in-deutschland","23":"product_tag-nanchen-natur-waldorfpuppe","24":"product_tag-nanchen-natur-waldorfpuppe-nuckel","25":"product_tag-nanchen-waldorf-dolls-switzerland","26":"product_tag-nanchen-waldorfpuppen-schweiz","27":"product_tag-nanchen-waldorfpuppen-suisse","28":"product_tag-oko-spielzeug","29":"product_tag-oko-zertifiziertes-spielzeug","30":"product_tag-puppe-aus-biozertifizierter-bio-baumwolle-und-schurwolle","31":"product_tag-waldorf-stoffpuppen","33":"first","34":"outofstock","35":"taxable","36":"shipping-taxable","37":"purchasable","38":"product-type-simple"},"yoast_head":"<!-- This site is optimized with the Yoast SEO plugin v27.1.1 - https:\/\/yoast.com\/product\/yoast-seo-wordpress\/ -->\n<title>Waldorfpuppe Nuckel - Nanchen - Teia Education &amp; Play<\/title>\n<meta name=\"description\" content=\"Die Nanchen Natur Waldorfpuppe Nuckel wird aus biozertifizierter Baumwolle und Schurwolle in Deutschland hergestellt.\" \/>\n<meta name=\"robots\" content=\"index, follow, max-snippet:-1, max-image-preview:large, max-video-preview:-1\" \/>\n<link rel=\"canonical\" href=\"https:\/\/teiaeducation.ch\/de\/produkt\/waldorfpuppe-nuckel-nanchen-natur\/\" \/>\n<meta property=\"og:locale\" content=\"de_DE\" \/>\n<meta property=\"og:type\" content=\"article\" \/>\n<meta property=\"og:title\" content=\"Waldorfpuppe Nuckel - Nanchen - Teia Education &amp; Play\" \/>\n<meta property=\"og:description\" content=\"Die Nanchen Natur Waldorfpuppe Nuckel wird aus biozertifizierter Baumwolle und Schurwolle in Deutschland hergestellt.\" \/>\n<meta property=\"og:url\" content=\"https:\/\/teiaeducation.ch\/de\/produkt\/waldorfpuppe-nuckel-nanchen-natur\/\" \/>\n<meta property=\"og:site_name\" content=\"Sustainable Educational Products &amp; Ecological Toys\u00a0\" \/>\n<meta property=\"article:publisher\" content=\"https:\/\/www.facebook.com\/teiaeducation\/\" \/>\n<meta property=\"article:modified_time\" content=\"2022-04-12T09:19:18+00:00\" \/>\n<meta property=\"og:image\" content=\"https:\/\/teiaeducation.ch\/wp-content\/uploads\/2020\/05\/Nuckel-Doll-With-Cherry-Hat-Nanchen-Natur-Puppen-Teia-Education-Switzerland.jpg\" \/>\n\t<meta property=\"og:image:width\" content=\"900\" \/>\n\t<meta property=\"og:image:height\" content=\"900\" \/>\n\t<meta property=\"og:image:type\" content=\"image\/jpeg\" \/>\n<script type=\"application\/ld+json\" class=\"yoast-schema-graph\">{\"@context\":\"https:\/\/schema.org\",\"@graph\":[{\"@type\":\"WebPage\",\"@id\":\"https:\/\/teiaeducation.ch\/de\/produkt\/waldorfpuppe-nuckel-nanchen-natur\/\",\"url\":\"https:\/\/teiaeducation.ch\/de\/produkt\/waldorfpuppe-nuckel-nanchen-natur\/\",\"name\":\"Waldorfpuppe Nuckel - Nanchen - Teia Education & Play\",\"isPartOf\":{\"@id\":\"https:\/\/teiaeducation.ch\/de\/#website\"},\"primaryImageOfPage\":{\"@id\":\"https:\/\/teiaeducation.ch\/de\/produkt\/waldorfpuppe-nuckel-nanchen-natur\/#primaryimage\"},\"image\":{\"@id\":\"https:\/\/teiaeducation.ch\/de\/produkt\/waldorfpuppe-nuckel-nanchen-natur\/#primaryimage\"},\"thumbnailUrl\":\"https:\/\/teiaeducation.ch\/wp-content\/uploads\/2020\/05\/Nuckel-Doll-With-Cherry-Hat-Nanchen-Natur-Puppen-Teia-Education-Switzerland.jpg\",\"datePublished\":\"2020-05-29T10:59:03+00:00\",\"dateModified\":\"2022-04-12T09:19:18+00:00\",\"description\":\"Die Nanchen Natur Waldorfpuppe Nuckel wird aus biozertifizierter Baumwolle und Schurwolle in Deutschland hergestellt.\",\"breadcrumb\":{\"@id\":\"https:\/\/teiaeducation.ch\/de\/produkt\/waldorfpuppe-nuckel-nanchen-natur\/#breadcrumb\"},\"inLanguage\":\"de-CH\",\"potentialAction\":[{\"@type\":\"ReadAction\",\"target\":[\"https:\/\/teiaeducation.ch\/de\/produkt\/waldorfpuppe-nuckel-nanchen-natur\/\"]}]},{\"@type\":\"ImageObject\",\"inLanguage\":\"de-CH\",\"@id\":\"https:\/\/teiaeducation.ch\/de\/produkt\/waldorfpuppe-nuckel-nanchen-natur\/#primaryimage\",\"url\":\"https:\/\/teiaeducation.ch\/wp-content\/uploads\/2020\/05\/Nuckel-Doll-With-Cherry-Hat-Nanchen-Natur-Puppen-Teia-Education-Switzerland.jpg\",\"contentUrl\":\"https:\/\/teiaeducation.ch\/wp-content\/uploads\/2020\/05\/Nuckel-Doll-With-Cherry-Hat-Nanchen-Natur-Puppen-Teia-Education-Switzerland.jpg\",\"width\":900,\"height\":900,\"caption\":\"Nuckel Waldorfpuppe mit kirschfarbenem Hut - Nanchen Natur Puppen\"},{\"@type\":\"BreadcrumbList\",\"@id\":\"https:\/\/teiaeducation.ch\/de\/produkt\/waldorfpuppe-nuckel-nanchen-natur\/#breadcrumb\",\"itemListElement\":[{\"@type\":\"ListItem\",\"position\":1,\"name\":\"Home\",\"item\":\"https:\/\/teiaeducation.ch\/de\/\"},{\"@type\":\"ListItem\",\"position\":2,\"name\":\"Laden\",\"item\":\"https:\/\/teiaeducation.ch\/de\/shop\/\"},{\"@type\":\"ListItem\",\"position\":3,\"name\":\"Unsere Marken\",\"item\":\"https:\/\/teiaeducation.ch\/de\/produkt-kategorie\/unsere-marken\/\"},{\"@type\":\"ListItem\",\"position\":4,\"name\":\"Nanchen Natur Bio Waldorfpuppen\",\"item\":\"https:\/\/teiaeducation.ch\/de\/produkt-kategorie\/unsere-marken\/nanchen-natur-bio-puppen\/\"},{\"@type\":\"ListItem\",\"position\":5,\"name\":\"Waldorfpuppe Nuckel &#8211; Nanchen Natur\"}]},{\"@type\":\"WebSite\",\"@id\":\"https:\/\/teiaeducation.ch\/de\/#website\",\"url\":\"https:\/\/teiaeducation.ch\/de\/\",\"name\":\"Sustainable Educational Products &amp; Ecological Toys\u00a0\",\"description\":\"Specialised Swiss shop selling sustainable educational toys and games, AMI certified Montessori materials, handmade ecological wooden Waldorf toys and arts &amp; crafts supplies, school supplies, children&#039;s furniture and Montessori reference and parenting books.\",\"publisher\":{\"@id\":\"https:\/\/teiaeducation.ch\/de\/#organization\"},\"alternateName\":\"Teia Education & Play\",\"potentialAction\":[{\"@type\":\"SearchAction\",\"target\":{\"@type\":\"EntryPoint\",\"urlTemplate\":\"https:\/\/teiaeducation.ch\/de\/?s={search_term_string}\"},\"query-input\":{\"@type\":\"PropertyValueSpecification\",\"valueRequired\":true,\"valueName\":\"search_term_string\"}}],\"inLanguage\":\"de-CH\"},{\"@type\":\"Organization\",\"@id\":\"https:\/\/teiaeducation.ch\/de\/#organization\",\"name\":\"Teia Education & Play\",\"url\":\"https:\/\/teiaeducation.ch\/de\/\",\"logo\":{\"@type\":\"ImageObject\",\"inLanguage\":\"de-CH\",\"@id\":\"https:\/\/teiaeducation.ch\/de\/#\/schema\/logo\/image\/\",\"url\":\"https:\/\/teiaeducation.ch\/wp-content\/uploads\/2020\/11\/Teia-Education-Switzerland-e1620156442216.jpg\",\"contentUrl\":\"https:\/\/teiaeducation.ch\/wp-content\/uploads\/2020\/11\/Teia-Education-Switzerland-e1620156442216.jpg\",\"width\":166,\"height\":145,\"caption\":\"Teia Education & Play\"},\"image\":{\"@id\":\"https:\/\/teiaeducation.ch\/de\/#\/schema\/logo\/image\/\"},\"sameAs\":[\"https:\/\/www.facebook.com\/teiaeducation\/\",\"https:\/\/x.com\/EducationTeia\",\"https:\/\/www.instagram.com\/teia.education\/\",\"https:\/\/www.linkedin.com\/company\/35501660\",\"https:\/\/www.pinterest.ch\/TeiaEducation\/\"]}]}<\/script>\n<!-- \/ Yoast SEO plugin. -->","yoast_head_json":{"title":"Waldorfpuppe Nuckel - Nanchen - Teia Education & Play","description":"Die Nanchen Natur Waldorfpuppe Nuckel wird aus biozertifizierter Baumwolle und Schurwolle in Deutschland hergestellt.","robots":{"index":"index","follow":"follow","max-snippet":"max-snippet:-1","max-image-preview":"max-image-preview:large","max-video-preview":"max-video-preview:-1"},"canonical":"https:\/\/teiaeducation.ch\/de\/produkt\/waldorfpuppe-nuckel-nanchen-natur\/","og_locale":"de_DE","og_type":"article","og_title":"Waldorfpuppe Nuckel - Nanchen - Teia Education & Play","og_description":"Die Nanchen Natur Waldorfpuppe Nuckel wird aus biozertifizierter Baumwolle und Schurwolle in Deutschland hergestellt.","og_url":"https:\/\/teiaeducation.ch\/de\/produkt\/waldorfpuppe-nuckel-nanchen-natur\/","og_site_name":"Sustainable Educational Products &amp; Ecological Toys\u00a0","article_publisher":"https:\/\/www.facebook.com\/teiaeducation\/","article_modified_time":"2022-04-12T09:19:18+00:00","og_image":[{"width":900,"height":900,"url":"https:\/\/teiaeducation.ch\/wp-content\/uploads\/2020\/05\/Nuckel-Doll-With-Cherry-Hat-Nanchen-Natur-Puppen-Teia-Education-Switzerland.jpg","type":"image\/jpeg"}],"schema":{"@context":"https:\/\/schema.org","@graph":[{"@type":"WebPage","@id":"https:\/\/teiaeducation.ch\/de\/produkt\/waldorfpuppe-nuckel-nanchen-natur\/","url":"https:\/\/teiaeducation.ch\/de\/produkt\/waldorfpuppe-nuckel-nanchen-natur\/","name":"Waldorfpuppe Nuckel - Nanchen - Teia Education & Play","isPartOf":{"@id":"https:\/\/teiaeducation.ch\/de\/#website"},"primaryImageOfPage":{"@id":"https:\/\/teiaeducation.ch\/de\/produkt\/waldorfpuppe-nuckel-nanchen-natur\/#primaryimage"},"image":{"@id":"https:\/\/teiaeducation.ch\/de\/produkt\/waldorfpuppe-nuckel-nanchen-natur\/#primaryimage"},"thumbnailUrl":"https:\/\/teiaeducation.ch\/wp-content\/uploads\/2020\/05\/Nuckel-Doll-With-Cherry-Hat-Nanchen-Natur-Puppen-Teia-Education-Switzerland.jpg","datePublished":"2020-05-29T10:59:03+00:00","dateModified":"2022-04-12T09:19:18+00:00","description":"Die Nanchen Natur Waldorfpuppe Nuckel wird aus biozertifizierter Baumwolle und Schurwolle in Deutschland hergestellt.","breadcrumb":{"@id":"https:\/\/teiaeducation.ch\/de\/produkt\/waldorfpuppe-nuckel-nanchen-natur\/#breadcrumb"},"inLanguage":"de-CH","potentialAction":[{"@type":"ReadAction","target":["https:\/\/teiaeducation.ch\/de\/produkt\/waldorfpuppe-nuckel-nanchen-natur\/"]}]},{"@type":"ImageObject","inLanguage":"de-CH","@id":"https:\/\/teiaeducation.ch\/de\/produkt\/waldorfpuppe-nuckel-nanchen-natur\/#primaryimage","url":"https:\/\/teiaeducation.ch\/wp-content\/uploads\/2020\/05\/Nuckel-Doll-With-Cherry-Hat-Nanchen-Natur-Puppen-Teia-Education-Switzerland.jpg","contentUrl":"https:\/\/teiaeducation.ch\/wp-content\/uploads\/2020\/05\/Nuckel-Doll-With-Cherry-Hat-Nanchen-Natur-Puppen-Teia-Education-Switzerland.jpg","width":900,"height":900,"caption":"Nuckel Waldorfpuppe mit kirschfarbenem Hut - Nanchen Natur Puppen"},{"@type":"BreadcrumbList","@id":"https:\/\/teiaeducation.ch\/de\/produkt\/waldorfpuppe-nuckel-nanchen-natur\/#breadcrumb","itemListElement":[{"@type":"ListItem","position":1,"name":"Home","item":"https:\/\/teiaeducation.ch\/de\/"},{"@type":"ListItem","position":2,"name":"Laden","item":"https:\/\/teiaeducation.ch\/de\/shop\/"},{"@type":"ListItem","position":3,"name":"Unsere Marken","item":"https:\/\/teiaeducation.ch\/de\/produkt-kategorie\/unsere-marken\/"},{"@type":"ListItem","position":4,"name":"Nanchen Natur Bio Waldorfpuppen","item":"https:\/\/teiaeducation.ch\/de\/produkt-kategorie\/unsere-marken\/nanchen-natur-bio-puppen\/"},{"@type":"ListItem","position":5,"name":"Waldorfpuppe Nuckel &#8211; Nanchen Natur"}]},{"@type":"WebSite","@id":"https:\/\/teiaeducation.ch\/de\/#website","url":"https:\/\/teiaeducation.ch\/de\/","name":"Sustainable Educational Products &amp; Ecological Toys\u00a0","description":"Specialised Swiss shop selling sustainable educational toys and games, AMI certified Montessori materials, handmade ecological wooden Waldorf toys and arts &amp; crafts supplies, school supplies, children&#039;s furniture and Montessori reference and parenting books.","publisher":{"@id":"https:\/\/teiaeducation.ch\/de\/#organization"},"alternateName":"Teia Education & Play","potentialAction":[{"@type":"SearchAction","target":{"@type":"EntryPoint","urlTemplate":"https:\/\/teiaeducation.ch\/de\/?s={search_term_string}"},"query-input":{"@type":"PropertyValueSpecification","valueRequired":true,"valueName":"search_term_string"}}],"inLanguage":"de-CH"},{"@type":"Organization","@id":"https:\/\/teiaeducation.ch\/de\/#organization","name":"Teia Education & Play","url":"https:\/\/teiaeducation.ch\/de\/","logo":{"@type":"ImageObject","inLanguage":"de-CH","@id":"https:\/\/teiaeducation.ch\/de\/#\/schema\/logo\/image\/","url":"https:\/\/teiaeducation.ch\/wp-content\/uploads\/2020\/11\/Teia-Education-Switzerland-e1620156442216.jpg","contentUrl":"https:\/\/teiaeducation.ch\/wp-content\/uploads\/2020\/11\/Teia-Education-Switzerland-e1620156442216.jpg","width":166,"height":145,"caption":"Teia Education & Play"},"image":{"@id":"https:\/\/teiaeducation.ch\/de\/#\/schema\/logo\/image\/"},"sameAs":["https:\/\/www.facebook.com\/teiaeducation\/","https:\/\/x.com\/EducationTeia","https:\/\/www.instagram.com\/teia.education\/","https:\/\/www.linkedin.com\/company\/35501660","https:\/\/www.pinterest.ch\/TeiaEducation\/"]}]}},"_links":{"self":[{"href":"https:\/\/teiaeducation.ch\/de\/wp-json\/wp\/v2\/product\/46630","targetHints":{"allow":["GET"]}}],"collection":[{"href":"https:\/\/teiaeducation.ch\/de\/wp-json\/wp\/v2\/product"}],"about":[{"href":"https:\/\/teiaeducation.ch\/de\/wp-json\/wp\/v2\/types\/product"}],"replies":[{"embeddable":true,"href":"https:\/\/teiaeducation.ch\/de\/wp-json\/wp\/v2\/comments?post=46630"}],"wp:featuredmedia":[{"embeddable":true,"href":"https:\/\/teiaeducation.ch\/de\/wp-json\/wp\/v2\/media\/46631"}],"wp:attachment":[{"href":"https:\/\/teiaeducation.ch\/de\/wp-json\/wp\/v2\/media?parent=46630"}],"wp:term":[{"taxonomy":"product_brand","embeddable":true,"href":"https:\/\/teiaeducation.ch\/de\/wp-json\/wp\/v2\/product_brand?post=46630"},{"taxonomy":"product_cat","embeddable":true,"href":"https:\/\/teiaeducation.ch\/de\/wp-json\/wp\/v2\/product_cat?post=46630"},{"taxonomy":"product_tag","embeddable":true,"href":"https:\/\/teiaeducation.ch\/de\/wp-json\/wp\/v2\/product_tag?post=46630"}],"curies":[{"name":"wp","href":"https:\/\/api.w.org\/{rel}","templated":true}]}}