{"id":46737,"date":"2020-06-19T15:53:12","date_gmt":"2020-06-19T13:53:12","guid":{"rendered":"https:\/\/teiaeducation.ch\/product\/wachsmalstifte-waldorfsortiment-stockmar\/"},"modified":"2024-10-18T14:55:34","modified_gmt":"2024-10-18T12:55:34","slug":"wachsmalstifte-waldorfsortiment-stockmar","status":"publish","type":"product","link":"https:\/\/teiaeducation.ch\/de\/produkt\/wachsmalstifte-waldorfsortiment-stockmar\/","title":{"rendered":"Wachsmalstifte Waldorfsortiment &#8211; Stockmar"},"content":{"rendered":"<p>Ein Set ungiftiger, hochwertiger Stockmar Wachsmalstifte in Waldorfsortiment. Das Set besteht aus einer Blechdose, einem kleinen Spachtel und 8 Wachsmalstiften mit einer L\u00e4nge von 8,3 cm und einem Durchmesser von 1,2 cm, die bequem in kleine H\u00e4nde passen. Die Stockmar Wachsmalstifte enthalten reines Bienenwachs als Bindemittel und gen\u00fcgen h\u00f6chsten p\u00e4dagogischen, \u00e4sthetischen und k\u00fcnstlerischen Anspr\u00fcchen und versprechen jahrelangen reinen <a href=\"https:\/\/teiaeducation.ch\/product-category\/creative-art-craft\/drawing-colouring\/\">Malspa\u00df<\/a>. Die Wachsmalstifte haben einen angenehmen Duft, der die <a href=\"https:\/\/teiaeducation.ch\/product-category\/learning-themes\/sensory-motor-skills\/senses\/\">Sinne<\/a> des Kindes anspricht.<\/p>\n<p>Die ungiftigen Wachsmalstifte mit ihren hervorragenden Zeicheneigenschaften, die garantiert nicht br\u00f6ckeln, kleben oder verschmieren, sind ein wesentlicher Bestandteil eines soliden Konzepts f\u00fcr die Kunsterziehung von Kindern.<\/p>\n<p>Die Farbskala der Wachsmalstifte folgt der erweiterten Fassung von Goethes &#8220;Farbenlehre&#8221;: Jeder im Sortiment enthaltene Ton ist so abgestimmt, dass er sich mit jeder der anderen Farben gut mischen l\u00e4sst. Harmonische Zwischenabstufungen und grenzenlose Farbverl\u00e4ufe sind auch beim Zeichnen, Malen, gro\u00dfz\u00fcgigen Auftragen, Schichten, Schaben oder Schmelzen von Farben m\u00f6glich. Die nat\u00fcrliche Transparenz des Wachses und das Fehlen von F\u00fcllstoffen f\u00fchren zu einer Lasurf\u00e4higkeit, die mit der von <a href=\"https:\/\/teiaeducation.ch\/de\/produkt\/aquarellfarben-set-in-holzbox-stockmar\/\">Aquarellfarbe<\/a> vergleichbar ist.<\/p>\n<p>Dieses Waldorfsortiment Wachsmalstifte Set enth\u00e4lt die folgenden Farben aus dem Stockmar Sortiment:<\/p>\n<p>01 Karminrot | 02 Zinnoberrot | 03 Orange | 04 Goldgelb | 05 Zitronengelb | 07 Gr\u00fcn | 10 Ultramarin | 12 Rotviolett.<\/p>\n<p>Nach dem Auftragen sind die Farben wischfest und haben eine hohe Leuchtkraft.<\/p>\n<p>Die Stockmar Wachsmalstifte sind f\u00fcr Kinder ab 3 Jahren geeignet und wurden mit dem Spielgut\u00ae-Siegel ausgezeichnet.<\/p>\n<p>Inhalt:<\/p>\n<p>8 Wachsmalstifte<br \/>\n1 Blechdose<br \/>\n1 Spachtel<\/p>\n<h2>\u00dcber Stockmar<\/h2>\n<p>Die renommierte Deutsche Marke <a href=\"https:\/\/teiaeducation.ch\/product-category\/brands\/stockmar\/\">Stockmar<\/a> produziert hochwertige Materialien, die in Rudolf Steiner \/ <a href=\"https:\/\/teiaeducation.ch\/waldorf-steiner-schools-supplies\/\">Waldorfschulen<\/a> auf der ganzen Welt verwendet werden. Stockmars Bienenwachs zum <a href=\"https:\/\/teiaeducation.ch\/product\/modelling-beeswax-15-stockmar\/\">Modellieren<\/a> und <a href=\"https:\/\/teiaeducation.ch\/product\/decorating-beeswax-wide-18-stockmar\/\">Dekorieren<\/a>, <a href=\"https:\/\/teiaeducation.ch\/product\/wax-stick-crayons-12-stockmar\/\">Wachsmalstifte<\/a>, Wachsmalbl\u00f6cke und <a href=\"https:\/\/teiaeducation.ch\/product\/watercolour-paints-assortment-6-colours-stockmar\/\">Aquarellfarben<\/a> sprechen alle Sinne des Kindes an.<\/p>\n<p>Die in Deutschland aus Bienenwachs hergestellten <a href=\"https:\/\/teiaeducation.ch\/product-category\/creative-art-craft\/\">Materialien<\/a> von Stockmar sind ungiftig und werden nach den h\u00f6chsten p\u00e4dagogischen, k\u00fcnstlerischen, sozialen und \u00f6kologischen Standards hergestellt und von unabh\u00e4ngigen Labors in Deutschland auf ihre Sicherheit und Reinheit gepr\u00fcft.<\/p>\n<p>Die breite und sorgf\u00e4ltig ausgew\u00e4hlte Farbpalette basiert auf <a href=\"https:\/\/teiaeducation.ch\/product\/large-colour-circle-goethe-grimms\/\">Goethes Farbkreis<\/a> und ist bei allen Stockmar Produkten einheitlich, um die Harmonie zwischen den <a href=\"https:\/\/teiaeducation.ch\/product-category\/learning-themes\/sensory-motor-skills\/learning-about-colour\/\">Farben<\/a> und beim Mischen verschiedener Medien zu gew\u00e4hrleisten. Die Materialien sind reich pigmentiert, um lebendige Kunstwerke zu schaffen, und sind extrem langlebig.<\/p>\n","protected":false},"excerpt":{"rendered":"<p>Artikelnummer: <span id=\"ctl00_ctl00_ctl00_SiteContent_SiteContent_SiteContent_uxGeneralInfo_uxItemNo\" class=\"lbl lblProductidValue\">85031001<\/span><\/p>\n<p>Die Wachsmalstifte des Stockmar Waldorfsortiment sind aus nat\u00fcrlichen Zutaten hergestellt und basieren auf der erweiterten Fassung der Goetheschen Farbenlehre!<\/p>\n","protected":false},"featured_media":46738,"comment_status":"open","ping_status":"closed","template":"","meta":[],"product_brand":[],"product_cat":[21445,21446,22033,21479,21484,22422,21447,21443,21563,21494,21495,21668,21482,21564,21483,21450],"product_tag":[23084,23082,23087,23080,23081,23079,23085,23083,23086,26957,26958],"class_list":{"0":"post-46737","1":"product","2":"type-product","3":"status-publish","4":"has-post-thumbnail","6":"product_cat-3-6-jahre-vorschule","7":"product_cat-6-12-jahre-grundschule","8":"product_cat-adventskalender-geschenke-strumpffueller","9":"product_cat-lernmaterialien-spielzeug-montessori-waldorf-steiner-froebel","10":"product_cat-geschenk-guides","11":"product_cat-geschenke-fuer-das-osterkoerbchen","12":"product_cat-malen-basteln","13":"product_cat-nach-alter","14":"product_cat-neuheiten","15":"product_cat-schulbedarf-fuer-zuhause","16":"product_cat-schulbedarf-fuer-zuhause-3-6-jahre","17":"product_cat-stockmar-de","18":"product_cat-traditionelle-bildung","19":"product_cat-unsere-marken","20":"product_cat-waldorf-steiner-paedagogik","21":"product_cat-zeichnen-malen","22":"product_tag-steiner-waldorfschulbedarf-schweiz","23":"product_tag-stockmar-deutschland","24":"product_tag-stockmar-naturliche-wachsmalstifte","25":"product_tag-stockmar-schweiz-de","26":"product_tag-stockmar-suisse-de","27":"product_tag-stockmar-switzerland-de","28":"product_tag-stockmar-wachsmalstifte-waldorfsortiment-stockmar","29":"product_tag-stockmar-waldorf-bedarf","30":"product_tag-ungiftige-wachsmalstifte","31":"product_tag-waldorf-farben","32":"product_tag-waldorf-farben-wachsmalstifte","34":"first","35":"instock","36":"taxable","37":"shipping-taxable","38":"purchasable","39":"product-type-simple"},"yoast_head":"<!-- This site is optimized with the Yoast SEO Premium plugin v25.8 (Yoast SEO v27.4) - https:\/\/yoast.com\/product\/yoast-seo-premium-wordpress\/ -->\n<title>Wachsmalstifte Waldorfsortiment - Stockmar<\/title>\n<meta name=\"description\" content=\"Die Wachsmalstifte des Stockmar Waldorfsortiment sind aus nat\u00fcrlichen Zutaten hergestellt und basieren auf der erweiterten Fassung von Goethes Farbenlehre.\" \/>\n<meta name=\"robots\" content=\"index, follow, max-snippet:-1, max-image-preview:large, max-video-preview:-1\" \/>\n<link rel=\"canonical\" href=\"https:\/\/teiaeducation.ch\/de\/produkt\/wachsmalstifte-waldorfsortiment-stockmar\/\" \/>\n<meta property=\"og:locale\" content=\"de_DE\" \/>\n<meta property=\"og:type\" content=\"article\" \/>\n<meta property=\"og:title\" content=\"Wachsmalstifte Waldorfsortiment - Stockmar\" \/>\n<meta property=\"og:description\" content=\"Die Wachsmalstifte des Stockmar Waldorfsortiment sind aus nat\u00fcrlichen Zutaten hergestellt und basieren auf der erweiterten Fassung von Goethes Farbenlehre.\" \/>\n<meta property=\"og:url\" content=\"https:\/\/teiaeducation.ch\/de\/produkt\/wachsmalstifte-waldorfsortiment-stockmar\/\" \/>\n<meta property=\"og:site_name\" content=\"Sustainable Educational Products &amp; Ecological Toys\u00a0\" \/>\n<meta property=\"article:publisher\" content=\"https:\/\/www.facebook.com\/teiaeducation\/\" \/>\n<meta property=\"article:modified_time\" content=\"2024-10-18T12:55:34+00:00\" \/>\n<meta property=\"og:image\" content=\"https:\/\/teiaeducation.ch\/wp-content\/uploads\/2020\/06\/Stockmar-wax-stick-crayons-Waldorf-assortment-Stockmar-1.jpg\" \/>\n\t<meta property=\"og:image:width\" content=\"432\" \/>\n\t<meta property=\"og:image:height\" content=\"432\" \/>\n\t<meta property=\"og:image:type\" content=\"image\/jpeg\" \/>\n<script type=\"application\/ld+json\" class=\"yoast-schema-graph\">{\"@context\":\"https:\\\/\\\/schema.org\",\"@graph\":[{\"@type\":\"WebPage\",\"@id\":\"https:\\\/\\\/teiaeducation.ch\\\/de\\\/produkt\\\/wachsmalstifte-waldorfsortiment-stockmar\\\/\",\"url\":\"https:\\\/\\\/teiaeducation.ch\\\/de\\\/produkt\\\/wachsmalstifte-waldorfsortiment-stockmar\\\/\",\"name\":\"Wachsmalstifte Waldorfsortiment - Stockmar\",\"isPartOf\":{\"@id\":\"https:\\\/\\\/teiaeducation.ch\\\/de\\\/#website\"},\"primaryImageOfPage\":{\"@id\":\"https:\\\/\\\/teiaeducation.ch\\\/de\\\/produkt\\\/wachsmalstifte-waldorfsortiment-stockmar\\\/#primaryimage\"},\"image\":{\"@id\":\"https:\\\/\\\/teiaeducation.ch\\\/de\\\/produkt\\\/wachsmalstifte-waldorfsortiment-stockmar\\\/#primaryimage\"},\"thumbnailUrl\":\"https:\\\/\\\/teiaeducation.ch\\\/wp-content\\\/uploads\\\/2020\\\/06\\\/Stockmar-wax-stick-crayons-Waldorf-assortment-Stockmar-1.jpg\",\"datePublished\":\"2020-06-19T13:53:12+00:00\",\"dateModified\":\"2024-10-18T12:55:34+00:00\",\"description\":\"Die Wachsmalstifte des Stockmar Waldorfsortiment sind aus nat\u00fcrlichen Zutaten hergestellt und basieren auf der erweiterten Fassung von Goethes Farbenlehre.\",\"breadcrumb\":{\"@id\":\"https:\\\/\\\/teiaeducation.ch\\\/de\\\/produkt\\\/wachsmalstifte-waldorfsortiment-stockmar\\\/#breadcrumb\"},\"inLanguage\":\"de-CH\",\"potentialAction\":[{\"@type\":\"ReadAction\",\"target\":[\"https:\\\/\\\/teiaeducation.ch\\\/de\\\/produkt\\\/wachsmalstifte-waldorfsortiment-stockmar\\\/\"]}]},{\"@type\":\"ImageObject\",\"inLanguage\":\"de-CH\",\"@id\":\"https:\\\/\\\/teiaeducation.ch\\\/de\\\/produkt\\\/wachsmalstifte-waldorfsortiment-stockmar\\\/#primaryimage\",\"url\":\"https:\\\/\\\/teiaeducation.ch\\\/wp-content\\\/uploads\\\/2020\\\/06\\\/Stockmar-wax-stick-crayons-Waldorf-assortment-Stockmar-1.jpg\",\"contentUrl\":\"https:\\\/\\\/teiaeducation.ch\\\/wp-content\\\/uploads\\\/2020\\\/06\\\/Stockmar-wax-stick-crayons-Waldorf-assortment-Stockmar-1.jpg\",\"width\":432,\"height\":432,\"caption\":\"Stockmar Wachsmalstifte: Waldorfsortiment - Stockmar\"},{\"@type\":\"BreadcrumbList\",\"@id\":\"https:\\\/\\\/teiaeducation.ch\\\/de\\\/produkt\\\/wachsmalstifte-waldorfsortiment-stockmar\\\/#breadcrumb\",\"itemListElement\":[{\"@type\":\"ListItem\",\"position\":1,\"name\":\"Home\",\"item\":\"https:\\\/\\\/teiaeducation.ch\\\/de\\\/\"},{\"@type\":\"ListItem\",\"position\":2,\"name\":\"Laden\",\"item\":\"https:\\\/\\\/teiaeducation.ch\\\/de\\\/shop\\\/\"},{\"@type\":\"ListItem\",\"position\":3,\"name\":\"Nach Alter\",\"item\":\"https:\\\/\\\/teiaeducation.ch\\\/de\\\/produkt-kategorie\\\/nach-alter\\\/\"},{\"@type\":\"ListItem\",\"position\":4,\"name\":\"3-6 Jahre Vorschule\",\"item\":\"https:\\\/\\\/teiaeducation.ch\\\/de\\\/produkt-kategorie\\\/nach-alter\\\/3-6-jahre-vorschule\\\/\"},{\"@type\":\"ListItem\",\"position\":5,\"name\":\"Wachsmalstifte Waldorfsortiment &#8211; Stockmar\"}]},{\"@type\":\"WebSite\",\"@id\":\"https:\\\/\\\/teiaeducation.ch\\\/de\\\/#website\",\"url\":\"https:\\\/\\\/teiaeducation.ch\\\/de\\\/\",\"name\":\"Sustainable Educational Products &amp; Ecological Toys\u00a0\",\"description\":\"Specialised Swiss shop selling sustainable educational toys and games, AMI certified Montessori materials, handmade ecological wooden Waldorf toys and arts &amp; crafts supplies, school supplies, children&#039;s furniture and Montessori reference and parenting books.\",\"publisher\":{\"@id\":\"https:\\\/\\\/teiaeducation.ch\\\/de\\\/#organization\"},\"alternateName\":\"Teia Education & Play\",\"potentialAction\":[{\"@type\":\"SearchAction\",\"target\":{\"@type\":\"EntryPoint\",\"urlTemplate\":\"https:\\\/\\\/teiaeducation.ch\\\/de\\\/?s={search_term_string}\"},\"query-input\":{\"@type\":\"PropertyValueSpecification\",\"valueRequired\":true,\"valueName\":\"search_term_string\"}}],\"inLanguage\":\"de-CH\"},{\"@type\":\"Organization\",\"@id\":\"https:\\\/\\\/teiaeducation.ch\\\/de\\\/#organization\",\"name\":\"Teia Education & Play\",\"url\":\"https:\\\/\\\/teiaeducation.ch\\\/de\\\/\",\"logo\":{\"@type\":\"ImageObject\",\"inLanguage\":\"de-CH\",\"@id\":\"https:\\\/\\\/teiaeducation.ch\\\/de\\\/#\\\/schema\\\/logo\\\/image\\\/\",\"url\":\"https:\\\/\\\/teiaeducation.ch\\\/wp-content\\\/uploads\\\/2020\\\/11\\\/Teia-Education-Switzerland-e1620156442216.jpg\",\"contentUrl\":\"https:\\\/\\\/teiaeducation.ch\\\/wp-content\\\/uploads\\\/2020\\\/11\\\/Teia-Education-Switzerland-e1620156442216.jpg\",\"width\":166,\"height\":145,\"caption\":\"Teia Education & Play\"},\"image\":{\"@id\":\"https:\\\/\\\/teiaeducation.ch\\\/de\\\/#\\\/schema\\\/logo\\\/image\\\/\"},\"sameAs\":[\"https:\\\/\\\/www.facebook.com\\\/teiaeducation\\\/\",\"https:\\\/\\\/x.com\\\/EducationTeia\",\"https:\\\/\\\/www.instagram.com\\\/teia.education\\\/\",\"https:\\\/\\\/www.linkedin.com\\\/company\\\/35501660\",\"https:\\\/\\\/www.pinterest.ch\\\/TeiaEducation\\\/\"]}]}<\/script>\n<meta property=\"product:price:amount\" content=\"17.90\" \/>\n<meta property=\"product:price:currency\" content=\"CHF\" \/>\n<meta property=\"og:availability\" content=\"instock\" \/>\n<meta property=\"product:availability\" content=\"instock\" \/>\n<meta property=\"product:retailer_item_id\" content=\"00000000000000000000000000000000000000000000027275\" \/>\n<meta property=\"product:condition\" content=\"new\" \/>\n<!-- \/ Yoast SEO Premium plugin. -->","yoast_head_json":{"title":"Wachsmalstifte Waldorfsortiment - Stockmar","description":"Die Wachsmalstifte des Stockmar Waldorfsortiment sind aus nat\u00fcrlichen Zutaten hergestellt und basieren auf der erweiterten Fassung von Goethes Farbenlehre.","robots":{"index":"index","follow":"follow","max-snippet":"max-snippet:-1","max-image-preview":"max-image-preview:large","max-video-preview":"max-video-preview:-1"},"canonical":"https:\/\/teiaeducation.ch\/de\/produkt\/wachsmalstifte-waldorfsortiment-stockmar\/","og_locale":"de_DE","og_type":"article","og_title":"Wachsmalstifte Waldorfsortiment - Stockmar","og_description":"Die Wachsmalstifte des Stockmar Waldorfsortiment sind aus nat\u00fcrlichen Zutaten hergestellt und basieren auf der erweiterten Fassung von Goethes Farbenlehre.","og_url":"https:\/\/teiaeducation.ch\/de\/produkt\/wachsmalstifte-waldorfsortiment-stockmar\/","og_site_name":"Sustainable Educational Products &amp; Ecological Toys\u00a0","article_publisher":"https:\/\/www.facebook.com\/teiaeducation\/","article_modified_time":"2024-10-18T12:55:34+00:00","og_image":[{"width":432,"height":432,"url":"https:\/\/teiaeducation.ch\/wp-content\/uploads\/2020\/06\/Stockmar-wax-stick-crayons-Waldorf-assortment-Stockmar-1.jpg","type":"image\/jpeg"}],"schema":{"@context":"https:\/\/schema.org","@graph":[{"@type":"WebPage","@id":"https:\/\/teiaeducation.ch\/de\/produkt\/wachsmalstifte-waldorfsortiment-stockmar\/","url":"https:\/\/teiaeducation.ch\/de\/produkt\/wachsmalstifte-waldorfsortiment-stockmar\/","name":"Wachsmalstifte Waldorfsortiment - Stockmar","isPartOf":{"@id":"https:\/\/teiaeducation.ch\/de\/#website"},"primaryImageOfPage":{"@id":"https:\/\/teiaeducation.ch\/de\/produkt\/wachsmalstifte-waldorfsortiment-stockmar\/#primaryimage"},"image":{"@id":"https:\/\/teiaeducation.ch\/de\/produkt\/wachsmalstifte-waldorfsortiment-stockmar\/#primaryimage"},"thumbnailUrl":"https:\/\/teiaeducation.ch\/wp-content\/uploads\/2020\/06\/Stockmar-wax-stick-crayons-Waldorf-assortment-Stockmar-1.jpg","datePublished":"2020-06-19T13:53:12+00:00","dateModified":"2024-10-18T12:55:34+00:00","description":"Die Wachsmalstifte des Stockmar Waldorfsortiment sind aus nat\u00fcrlichen Zutaten hergestellt und basieren auf der erweiterten Fassung von Goethes Farbenlehre.","breadcrumb":{"@id":"https:\/\/teiaeducation.ch\/de\/produkt\/wachsmalstifte-waldorfsortiment-stockmar\/#breadcrumb"},"inLanguage":"de-CH","potentialAction":[{"@type":"ReadAction","target":["https:\/\/teiaeducation.ch\/de\/produkt\/wachsmalstifte-waldorfsortiment-stockmar\/"]}]},{"@type":"ImageObject","inLanguage":"de-CH","@id":"https:\/\/teiaeducation.ch\/de\/produkt\/wachsmalstifte-waldorfsortiment-stockmar\/#primaryimage","url":"https:\/\/teiaeducation.ch\/wp-content\/uploads\/2020\/06\/Stockmar-wax-stick-crayons-Waldorf-assortment-Stockmar-1.jpg","contentUrl":"https:\/\/teiaeducation.ch\/wp-content\/uploads\/2020\/06\/Stockmar-wax-stick-crayons-Waldorf-assortment-Stockmar-1.jpg","width":432,"height":432,"caption":"Stockmar Wachsmalstifte: Waldorfsortiment - Stockmar"},{"@type":"BreadcrumbList","@id":"https:\/\/teiaeducation.ch\/de\/produkt\/wachsmalstifte-waldorfsortiment-stockmar\/#breadcrumb","itemListElement":[{"@type":"ListItem","position":1,"name":"Home","item":"https:\/\/teiaeducation.ch\/de\/"},{"@type":"ListItem","position":2,"name":"Laden","item":"https:\/\/teiaeducation.ch\/de\/shop\/"},{"@type":"ListItem","position":3,"name":"Nach Alter","item":"https:\/\/teiaeducation.ch\/de\/produkt-kategorie\/nach-alter\/"},{"@type":"ListItem","position":4,"name":"3-6 Jahre Vorschule","item":"https:\/\/teiaeducation.ch\/de\/produkt-kategorie\/nach-alter\/3-6-jahre-vorschule\/"},{"@type":"ListItem","position":5,"name":"Wachsmalstifte Waldorfsortiment &#8211; Stockmar"}]},{"@type":"WebSite","@id":"https:\/\/teiaeducation.ch\/de\/#website","url":"https:\/\/teiaeducation.ch\/de\/","name":"Sustainable Educational Products &amp; Ecological Toys\u00a0","description":"Specialised Swiss shop selling sustainable educational toys and games, AMI certified Montessori materials, handmade ecological wooden Waldorf toys and arts &amp; crafts supplies, school supplies, children&#039;s furniture and Montessori reference and parenting books.","publisher":{"@id":"https:\/\/teiaeducation.ch\/de\/#organization"},"alternateName":"Teia Education & Play","potentialAction":[{"@type":"SearchAction","target":{"@type":"EntryPoint","urlTemplate":"https:\/\/teiaeducation.ch\/de\/?s={search_term_string}"},"query-input":{"@type":"PropertyValueSpecification","valueRequired":true,"valueName":"search_term_string"}}],"inLanguage":"de-CH"},{"@type":"Organization","@id":"https:\/\/teiaeducation.ch\/de\/#organization","name":"Teia Education & Play","url":"https:\/\/teiaeducation.ch\/de\/","logo":{"@type":"ImageObject","inLanguage":"de-CH","@id":"https:\/\/teiaeducation.ch\/de\/#\/schema\/logo\/image\/","url":"https:\/\/teiaeducation.ch\/wp-content\/uploads\/2020\/11\/Teia-Education-Switzerland-e1620156442216.jpg","contentUrl":"https:\/\/teiaeducation.ch\/wp-content\/uploads\/2020\/11\/Teia-Education-Switzerland-e1620156442216.jpg","width":166,"height":145,"caption":"Teia Education & Play"},"image":{"@id":"https:\/\/teiaeducation.ch\/de\/#\/schema\/logo\/image\/"},"sameAs":["https:\/\/www.facebook.com\/teiaeducation\/","https:\/\/x.com\/EducationTeia","https:\/\/www.instagram.com\/teia.education\/","https:\/\/www.linkedin.com\/company\/35501660","https:\/\/www.pinterest.ch\/TeiaEducation\/"]}]},"product_price_amount":"17.90","product_price_currency":"CHF","og_availability":"instock","product_availability":"instock","product_retailer_item_id":"00000000000000000000000000000000000000000000027275","product_condition":"new"},"_links":{"self":[{"href":"https:\/\/teiaeducation.ch\/de\/wp-json\/wp\/v2\/product\/46737","targetHints":{"allow":["GET"]}}],"collection":[{"href":"https:\/\/teiaeducation.ch\/de\/wp-json\/wp\/v2\/product"}],"about":[{"href":"https:\/\/teiaeducation.ch\/de\/wp-json\/wp\/v2\/types\/product"}],"replies":[{"embeddable":true,"href":"https:\/\/teiaeducation.ch\/de\/wp-json\/wp\/v2\/comments?post=46737"}],"wp:featuredmedia":[{"embeddable":true,"href":"https:\/\/teiaeducation.ch\/de\/wp-json\/wp\/v2\/media\/46738"}],"wp:attachment":[{"href":"https:\/\/teiaeducation.ch\/de\/wp-json\/wp\/v2\/media?parent=46737"}],"wp:term":[{"taxonomy":"product_brand","embeddable":true,"href":"https:\/\/teiaeducation.ch\/de\/wp-json\/wp\/v2\/product_brand?post=46737"},{"taxonomy":"product_cat","embeddable":true,"href":"https:\/\/teiaeducation.ch\/de\/wp-json\/wp\/v2\/product_cat?post=46737"},{"taxonomy":"product_tag","embeddable":true,"href":"https:\/\/teiaeducation.ch\/de\/wp-json\/wp\/v2\/product_tag?post=46737"}],"curies":[{"name":"wp","href":"https:\/\/api.w.org\/{rel}","templated":true}]}}