{"id":46756,"date":"2020-06-20T16:36:55","date_gmt":"2020-06-20T14:36:55","guid":{"rendered":"https:\/\/teiaeducation.ch\/product\/wachsmalbloecke-waldorfsortiment-stockmar\/"},"modified":"2024-10-18T15:06:56","modified_gmt":"2024-10-18T13:06:56","slug":"wachsmalblocke-waldorfsortiment-stockmar","status":"publish","type":"product","link":"https:\/\/teiaeducation.ch\/de\/produkt\/wachsmalblocke-waldorfsortiment-stockmar\/","title":{"rendered":"Wachsmalbl\u00f6cke Waldorfsortiment &#8211; Stockmar"},"content":{"rendered":"<p>Ein Set ungiftiger, hochwertiger Stockmar Wachsmalbl\u00f6cke in Waldorfsortiment. Das Set besteht aus einer Blechdose, einem kleinen Spachtel und 8 Wachsmalbl\u00f6cke mit einer Gr\u00f6\u00dfe von je 4,1 x 2,3 x 1,2 cm. Durch ihre Gr\u00f6\u00dfe und flache Form liegen sie gut in der Hand und sind besonders f\u00fcr kleine Kinder geeignet. Die Stockmar Wachsmalbl\u00f6cke enthalten reines Bienenwachs als Bindemittel und gen\u00fcgen h\u00f6chsten p\u00e4dagogischen, \u00e4sthetischen und k\u00fcnstlerischen Anspr\u00fcchen und versprechen jahrelangen reinen <a href=\"https:\/\/teiaeducation.ch\/product-category\/creative-art-craft\/drawing-colouring\/\">Malspa\u00df<\/a>. Die Wachsmalbl\u00f6cke haben einen angenehmen Duft, der die <a href=\"https:\/\/teiaeducation.ch\/product-category\/learning-themes\/sensory-motor-skills\/senses\/\">Sinne<\/a> des Kindes anspricht.<\/p>\n<p>Diese ungiftigen Wachsmalbl\u00f6cke mit ihren hervorragenden Eigenschaften, die garantiert nicht br\u00f6ckeln, kleben oder verschmieren, sind ein wesentlicher Bestandteil eines soliden Konzepts f\u00fcr die <a href=\"https:\/\/teiaeducation.ch\/de\/produkt-kategorie\/malen-basteln\/\">kreative Erziehung<\/a> von Kindern. Die Form der Wachsmalbl\u00f6cke erm\u00f6glicht es, durch Ziehen des Blocks \u00fcber das Papier eine Vielzahl von k\u00fcnstlerischen Effekten wie z.B. Wellen zu erzeugen.<\/p>\n<p>Die Farbskala der Wachsmalbl\u00f6cke folgt der erweiterten Fassung von Goethes \u201cFarbenlehre\u201d: Jeder im Sortiment enthaltene Ton ist so abgestimmt, dass er sich mit jeder der anderen Farben gut mischen l\u00e4sst. Harmonische Zwischenabstufungen und grenzenlose Farbverl\u00e4ufe sind auch beim Zeichnen, Malen, gro\u00dfz\u00fcgigen Auftragen, Schichten, Schaben oder Schmelzen von Farben m\u00f6glich. Die nat\u00fcrliche Transparenz des Wachses und das Fehlen von F\u00fcllstoffen f\u00fchren zu einer Lasurf\u00e4higkeit, die mit der von <a href=\"https:\/\/teiaeducation.ch\/de\/produkt\/aquarellfarben-set-in-holzbox-stockmar\/\">Aquarellfarbe<\/a> vergleichbar ist.<\/p>\n<p>Dieses Waldorfsortiment Wachsmalbl\u00f6cke Set enth\u00e4lt die folgenden Farben aus dem Stockmar Sortiment:<\/p>\n<p>01 Karminrot | 02 Zinnoberrot | 03 Orange | 04 Goldgelb | 05 Zitronengelb | 07 Gr\u00fcn | 10 Ultramarin | 12 Rotviolett.<\/p>\n<p>Nach dem Auftragen sind die Farben wischfest und haben eine hohe Leuchtkraft.<\/p>\n<p>Die Stockmar Wachsmalbl\u00f6cke sind f\u00fcr Kinder ab 3 Jahren geeignet und wurden mit dem Spielgut\u00ae-Siegel ausgezeichnet.<\/p>\n<p>Inhalt:<\/p>\n<p>8 Wachsmalbl\u00f6cke<br \/>\n1 Blechdose<br \/>\n1 Spachtel<\/p>\n<h2>\u00dcber Stockmar<\/h2>\n<p>Die renommierte Deutsche Marke <a href=\"https:\/\/teiaeducation.ch\/product-category\/brands\/stockmar\/\">Stockmar<\/a> produziert hochwertige Materialien, die in Rudolf Steiner \/ <a href=\"https:\/\/teiaeducation.ch\/waldorf-steiner-schools-supplies\/\">Waldorfschulen<\/a> auf der ganzen Welt verwendet werden. Stockmars Bienenwachs zum <a href=\"https:\/\/teiaeducation.ch\/product\/modelling-beeswax-15-stockmar\/\">Modellieren<\/a> und <a href=\"https:\/\/teiaeducation.ch\/product\/decorating-beeswax-wide-18-stockmar\/\">Dekorieren<\/a>, <a href=\"https:\/\/teiaeducation.ch\/product\/wax-stick-crayons-12-stockmar\/\">Wachsmalstifte<\/a>, Wachsmalbl\u00f6cke und <a href=\"https:\/\/teiaeducation.ch\/product\/watercolour-paints-assortment-6-colours-stockmar\/\">Aquarellfarben<\/a> sprechen alle Sinne des Kindes an.<\/p>\n<p>Die in Deutschland aus Bienenwachs hergestellten <a href=\"https:\/\/teiaeducation.ch\/product-category\/creative-art-craft\/\">Materialien<\/a> von Stockmar sind ungiftig und werden nach den h\u00f6chsten p\u00e4dagogischen, k\u00fcnstlerischen, sozialen und \u00f6kologischen Standards hergestellt und von unabh\u00e4ngigen Labors in Deutschland auf ihre Sicherheit und Reinheit gepr\u00fcft.<\/p>\n<p>Die breite und sorgf\u00e4ltig ausgew\u00e4hlte Farbpalette basiert auf <a href=\"https:\/\/teiaeducation.ch\/product\/large-colour-circle-goethe-grimms\/\">Goethes Farbkreis<\/a> und ist bei allen Stockmar Produkten einheitlich, um die Harmonie zwischen den <a href=\"https:\/\/teiaeducation.ch\/product-category\/learning-themes\/sensory-motor-skills\/learning-about-colour\/\">Farben<\/a> und beim Mischen verschiedener Medien zu gew\u00e4hrleisten. Die Materialien sind reich pigmentiert, um lebendige Kunstwerke zu schaffen, und sind extrem langlebig.<\/p>\n","protected":false},"excerpt":{"rendered":"<p>Artikelnummer: 85034001<\/p>\n<p>Die ungiftigen, hochwertigen Stockmar Wachsmalbl\u00f6cke im Waldorfsortiment liegen gut in der Hand und sind besonders f\u00fcr Kleinkinder geeignet!<\/p>\n","protected":false},"featured_media":46757,"comment_status":"open","ping_status":"closed","template":"","meta":[],"product_brand":[],"product_cat":[21445,21446,23651,21479,21447,21443,21563,22362,21494,21495,21496,21668,21482,21564,21483,21450],"product_tag":[23084,23082,23087,23080,23081,23079,23083,23086,23093],"class_list":{"0":"post-46756","1":"product","2":"type-product","3":"status-publish","4":"has-post-thumbnail","6":"product_cat-3-6-jahre-vorschule","7":"product_cat-6-12-jahre-grundschule","8":"product_cat-back-to-school-de","9":"product_cat-lernmaterialien-spielzeug-montessori-waldorf-steiner-froebel","10":"product_cat-malen-basteln","11":"product_cat-nach-alter","12":"product_cat-neuheiten","13":"product_cat-saisonale-kollektionen","14":"product_cat-schulbedarf-fuer-zuhause","15":"product_cat-schulbedarf-fuer-zuhause-3-6-jahre","16":"product_cat-schulbedarf-fuer-zuhause-6-12-jahre","17":"product_cat-stockmar-de","18":"product_cat-traditionelle-bildung","19":"product_cat-unsere-marken","20":"product_cat-waldorf-steiner-paedagogik","21":"product_cat-zeichnen-malen","22":"product_tag-steiner-waldorfschulbedarf-schweiz","23":"product_tag-stockmar-deutschland","24":"product_tag-stockmar-naturliche-wachsmalstifte","25":"product_tag-stockmar-schweiz-de","26":"product_tag-stockmar-suisse-de","27":"product_tag-stockmar-switzerland-de","28":"product_tag-stockmar-waldorf-bedarf","29":"product_tag-ungiftige-wachsmalstifte","30":"product_tag-wachsmalblocke-waldorfsortiment-stockmar","32":"first","33":"instock","34":"taxable","35":"shipping-taxable","36":"purchasable","37":"product-type-simple"},"yoast_head":"<!-- This site is optimized with the Yoast SEO plugin v27.1.1 - https:\/\/yoast.com\/product\/yoast-seo-wordpress\/ -->\n<title>Wachsmalbl\u00f6cke: Waldorfsortiment - Stockmar<\/title>\n<meta name=\"description\" content=\"Die ungiftigen, hochwertigen Stockmar Waldorfsortiment 8er Set Wachsmalbl\u00f6cke liegen gut in der Hand und sind besonders f\u00fcr Kleinkinder geeignet\" \/>\n<meta name=\"robots\" content=\"index, follow, max-snippet:-1, max-image-preview:large, max-video-preview:-1\" \/>\n<link rel=\"canonical\" href=\"https:\/\/teiaeducation.ch\/de\/produkt\/wachsmalblocke-waldorfsortiment-stockmar\/\" \/>\n<meta property=\"og:locale\" content=\"de_DE\" \/>\n<meta property=\"og:type\" content=\"article\" \/>\n<meta property=\"og:title\" content=\"Wachsmalbl\u00f6cke: Waldorfsortiment - Stockmar\" \/>\n<meta property=\"og:description\" content=\"Die ungiftigen, hochwertigen Stockmar Waldorfsortiment 8er Set Wachsmalbl\u00f6cke liegen gut in der Hand und sind besonders f\u00fcr Kleinkinder geeignet\" \/>\n<meta property=\"og:url\" content=\"https:\/\/teiaeducation.ch\/de\/produkt\/wachsmalblocke-waldorfsortiment-stockmar\/\" \/>\n<meta property=\"og:site_name\" content=\"Sustainable Educational Products &amp; Ecological Toys\u00a0\" \/>\n<meta property=\"article:publisher\" content=\"https:\/\/www.facebook.com\/teiaeducation\/\" \/>\n<meta property=\"article:modified_time\" content=\"2024-10-18T13:06:56+00:00\" \/>\n<meta property=\"og:image\" content=\"https:\/\/teiaeducation.ch\/wp-content\/uploads\/2020\/06\/Stockmar-wax-block-crayons-Waldorf-assortment-Stockmar.jpg\" \/>\n\t<meta property=\"og:image:width\" content=\"950\" \/>\n\t<meta property=\"og:image:height\" content=\"950\" \/>\n\t<meta property=\"og:image:type\" content=\"image\/jpeg\" \/>\n<script type=\"application\/ld+json\" class=\"yoast-schema-graph\">{\"@context\":\"https:\/\/schema.org\",\"@graph\":[{\"@type\":\"WebPage\",\"@id\":\"https:\/\/teiaeducation.ch\/de\/produkt\/wachsmalblocke-waldorfsortiment-stockmar\/\",\"url\":\"https:\/\/teiaeducation.ch\/de\/produkt\/wachsmalblocke-waldorfsortiment-stockmar\/\",\"name\":\"Wachsmalbl\u00f6cke: Waldorfsortiment - Stockmar\",\"isPartOf\":{\"@id\":\"https:\/\/teiaeducation.ch\/de\/#website\"},\"primaryImageOfPage\":{\"@id\":\"https:\/\/teiaeducation.ch\/de\/produkt\/wachsmalblocke-waldorfsortiment-stockmar\/#primaryimage\"},\"image\":{\"@id\":\"https:\/\/teiaeducation.ch\/de\/produkt\/wachsmalblocke-waldorfsortiment-stockmar\/#primaryimage\"},\"thumbnailUrl\":\"https:\/\/teiaeducation.ch\/wp-content\/uploads\/2020\/06\/Stockmar-wax-block-crayons-Waldorf-assortment-Stockmar.jpg\",\"datePublished\":\"2020-06-20T14:36:55+00:00\",\"dateModified\":\"2024-10-18T13:06:56+00:00\",\"description\":\"Die ungiftigen, hochwertigen Stockmar Waldorfsortiment 8er Set Wachsmalbl\u00f6cke liegen gut in der Hand und sind besonders f\u00fcr Kleinkinder geeignet\",\"breadcrumb\":{\"@id\":\"https:\/\/teiaeducation.ch\/de\/produkt\/wachsmalblocke-waldorfsortiment-stockmar\/#breadcrumb\"},\"inLanguage\":\"de-CH\",\"potentialAction\":[{\"@type\":\"ReadAction\",\"target\":[\"https:\/\/teiaeducation.ch\/de\/produkt\/wachsmalblocke-waldorfsortiment-stockmar\/\"]}]},{\"@type\":\"ImageObject\",\"inLanguage\":\"de-CH\",\"@id\":\"https:\/\/teiaeducation.ch\/de\/produkt\/wachsmalblocke-waldorfsortiment-stockmar\/#primaryimage\",\"url\":\"https:\/\/teiaeducation.ch\/wp-content\/uploads\/2020\/06\/Stockmar-wax-block-crayons-Waldorf-assortment-Stockmar.jpg\",\"contentUrl\":\"https:\/\/teiaeducation.ch\/wp-content\/uploads\/2020\/06\/Stockmar-wax-block-crayons-Waldorf-assortment-Stockmar.jpg\",\"width\":950,\"height\":950,\"caption\":\"Wachsmalstifte: Waldorfsortiment - Stockmar\"},{\"@type\":\"BreadcrumbList\",\"@id\":\"https:\/\/teiaeducation.ch\/de\/produkt\/wachsmalblocke-waldorfsortiment-stockmar\/#breadcrumb\",\"itemListElement\":[{\"@type\":\"ListItem\",\"position\":1,\"name\":\"Home\",\"item\":\"https:\/\/teiaeducation.ch\/de\/\"},{\"@type\":\"ListItem\",\"position\":2,\"name\":\"Laden\",\"item\":\"https:\/\/teiaeducation.ch\/de\/shop\/\"},{\"@type\":\"ListItem\",\"position\":3,\"name\":\"Nach Alter\",\"item\":\"https:\/\/teiaeducation.ch\/de\/produkt-kategorie\/nach-alter\/\"},{\"@type\":\"ListItem\",\"position\":4,\"name\":\"3-6 Jahre Vorschule\",\"item\":\"https:\/\/teiaeducation.ch\/de\/produkt-kategorie\/nach-alter\/3-6-jahre-vorschule\/\"},{\"@type\":\"ListItem\",\"position\":5,\"name\":\"Wachsmalbl\u00f6cke Waldorfsortiment &#8211; Stockmar\"}]},{\"@type\":\"WebSite\",\"@id\":\"https:\/\/teiaeducation.ch\/de\/#website\",\"url\":\"https:\/\/teiaeducation.ch\/de\/\",\"name\":\"Sustainable Educational Products &amp; Ecological Toys\u00a0\",\"description\":\"Specialised Swiss shop selling sustainable educational toys and games, AMI certified Montessori materials, handmade ecological wooden Waldorf toys and arts &amp; crafts supplies, school supplies, children&#039;s furniture and Montessori reference and parenting books.\",\"publisher\":{\"@id\":\"https:\/\/teiaeducation.ch\/de\/#organization\"},\"alternateName\":\"Teia Education & Play\",\"potentialAction\":[{\"@type\":\"SearchAction\",\"target\":{\"@type\":\"EntryPoint\",\"urlTemplate\":\"https:\/\/teiaeducation.ch\/de\/?s={search_term_string}\"},\"query-input\":{\"@type\":\"PropertyValueSpecification\",\"valueRequired\":true,\"valueName\":\"search_term_string\"}}],\"inLanguage\":\"de-CH\"},{\"@type\":\"Organization\",\"@id\":\"https:\/\/teiaeducation.ch\/de\/#organization\",\"name\":\"Teia Education & Play\",\"url\":\"https:\/\/teiaeducation.ch\/de\/\",\"logo\":{\"@type\":\"ImageObject\",\"inLanguage\":\"de-CH\",\"@id\":\"https:\/\/teiaeducation.ch\/de\/#\/schema\/logo\/image\/\",\"url\":\"https:\/\/teiaeducation.ch\/wp-content\/uploads\/2020\/11\/Teia-Education-Switzerland-e1620156442216.jpg\",\"contentUrl\":\"https:\/\/teiaeducation.ch\/wp-content\/uploads\/2020\/11\/Teia-Education-Switzerland-e1620156442216.jpg\",\"width\":166,\"height\":145,\"caption\":\"Teia Education & Play\"},\"image\":{\"@id\":\"https:\/\/teiaeducation.ch\/de\/#\/schema\/logo\/image\/\"},\"sameAs\":[\"https:\/\/www.facebook.com\/teiaeducation\/\",\"https:\/\/x.com\/EducationTeia\",\"https:\/\/www.instagram.com\/teia.education\/\",\"https:\/\/www.linkedin.com\/company\/35501660\",\"https:\/\/www.pinterest.ch\/TeiaEducation\/\"]}]}<\/script>\n<!-- \/ Yoast SEO plugin. -->","yoast_head_json":{"title":"Wachsmalbl\u00f6cke: Waldorfsortiment - Stockmar","description":"Die ungiftigen, hochwertigen Stockmar Waldorfsortiment 8er Set Wachsmalbl\u00f6cke liegen gut in der Hand und sind besonders f\u00fcr Kleinkinder geeignet","robots":{"index":"index","follow":"follow","max-snippet":"max-snippet:-1","max-image-preview":"max-image-preview:large","max-video-preview":"max-video-preview:-1"},"canonical":"https:\/\/teiaeducation.ch\/de\/produkt\/wachsmalblocke-waldorfsortiment-stockmar\/","og_locale":"de_DE","og_type":"article","og_title":"Wachsmalbl\u00f6cke: Waldorfsortiment - Stockmar","og_description":"Die ungiftigen, hochwertigen Stockmar Waldorfsortiment 8er Set Wachsmalbl\u00f6cke liegen gut in der Hand und sind besonders f\u00fcr Kleinkinder geeignet","og_url":"https:\/\/teiaeducation.ch\/de\/produkt\/wachsmalblocke-waldorfsortiment-stockmar\/","og_site_name":"Sustainable Educational Products &amp; Ecological Toys\u00a0","article_publisher":"https:\/\/www.facebook.com\/teiaeducation\/","article_modified_time":"2024-10-18T13:06:56+00:00","og_image":[{"width":950,"height":950,"url":"https:\/\/teiaeducation.ch\/wp-content\/uploads\/2020\/06\/Stockmar-wax-block-crayons-Waldorf-assortment-Stockmar.jpg","type":"image\/jpeg"}],"schema":{"@context":"https:\/\/schema.org","@graph":[{"@type":"WebPage","@id":"https:\/\/teiaeducation.ch\/de\/produkt\/wachsmalblocke-waldorfsortiment-stockmar\/","url":"https:\/\/teiaeducation.ch\/de\/produkt\/wachsmalblocke-waldorfsortiment-stockmar\/","name":"Wachsmalbl\u00f6cke: Waldorfsortiment - Stockmar","isPartOf":{"@id":"https:\/\/teiaeducation.ch\/de\/#website"},"primaryImageOfPage":{"@id":"https:\/\/teiaeducation.ch\/de\/produkt\/wachsmalblocke-waldorfsortiment-stockmar\/#primaryimage"},"image":{"@id":"https:\/\/teiaeducation.ch\/de\/produkt\/wachsmalblocke-waldorfsortiment-stockmar\/#primaryimage"},"thumbnailUrl":"https:\/\/teiaeducation.ch\/wp-content\/uploads\/2020\/06\/Stockmar-wax-block-crayons-Waldorf-assortment-Stockmar.jpg","datePublished":"2020-06-20T14:36:55+00:00","dateModified":"2024-10-18T13:06:56+00:00","description":"Die ungiftigen, hochwertigen Stockmar Waldorfsortiment 8er Set Wachsmalbl\u00f6cke liegen gut in der Hand und sind besonders f\u00fcr Kleinkinder geeignet","breadcrumb":{"@id":"https:\/\/teiaeducation.ch\/de\/produkt\/wachsmalblocke-waldorfsortiment-stockmar\/#breadcrumb"},"inLanguage":"de-CH","potentialAction":[{"@type":"ReadAction","target":["https:\/\/teiaeducation.ch\/de\/produkt\/wachsmalblocke-waldorfsortiment-stockmar\/"]}]},{"@type":"ImageObject","inLanguage":"de-CH","@id":"https:\/\/teiaeducation.ch\/de\/produkt\/wachsmalblocke-waldorfsortiment-stockmar\/#primaryimage","url":"https:\/\/teiaeducation.ch\/wp-content\/uploads\/2020\/06\/Stockmar-wax-block-crayons-Waldorf-assortment-Stockmar.jpg","contentUrl":"https:\/\/teiaeducation.ch\/wp-content\/uploads\/2020\/06\/Stockmar-wax-block-crayons-Waldorf-assortment-Stockmar.jpg","width":950,"height":950,"caption":"Wachsmalstifte: Waldorfsortiment - Stockmar"},{"@type":"BreadcrumbList","@id":"https:\/\/teiaeducation.ch\/de\/produkt\/wachsmalblocke-waldorfsortiment-stockmar\/#breadcrumb","itemListElement":[{"@type":"ListItem","position":1,"name":"Home","item":"https:\/\/teiaeducation.ch\/de\/"},{"@type":"ListItem","position":2,"name":"Laden","item":"https:\/\/teiaeducation.ch\/de\/shop\/"},{"@type":"ListItem","position":3,"name":"Nach Alter","item":"https:\/\/teiaeducation.ch\/de\/produkt-kategorie\/nach-alter\/"},{"@type":"ListItem","position":4,"name":"3-6 Jahre Vorschule","item":"https:\/\/teiaeducation.ch\/de\/produkt-kategorie\/nach-alter\/3-6-jahre-vorschule\/"},{"@type":"ListItem","position":5,"name":"Wachsmalbl\u00f6cke Waldorfsortiment &#8211; Stockmar"}]},{"@type":"WebSite","@id":"https:\/\/teiaeducation.ch\/de\/#website","url":"https:\/\/teiaeducation.ch\/de\/","name":"Sustainable Educational Products &amp; Ecological Toys\u00a0","description":"Specialised Swiss shop selling sustainable educational toys and games, AMI certified Montessori materials, handmade ecological wooden Waldorf toys and arts &amp; crafts supplies, school supplies, children&#039;s furniture and Montessori reference and parenting books.","publisher":{"@id":"https:\/\/teiaeducation.ch\/de\/#organization"},"alternateName":"Teia Education & Play","potentialAction":[{"@type":"SearchAction","target":{"@type":"EntryPoint","urlTemplate":"https:\/\/teiaeducation.ch\/de\/?s={search_term_string}"},"query-input":{"@type":"PropertyValueSpecification","valueRequired":true,"valueName":"search_term_string"}}],"inLanguage":"de-CH"},{"@type":"Organization","@id":"https:\/\/teiaeducation.ch\/de\/#organization","name":"Teia Education & Play","url":"https:\/\/teiaeducation.ch\/de\/","logo":{"@type":"ImageObject","inLanguage":"de-CH","@id":"https:\/\/teiaeducation.ch\/de\/#\/schema\/logo\/image\/","url":"https:\/\/teiaeducation.ch\/wp-content\/uploads\/2020\/11\/Teia-Education-Switzerland-e1620156442216.jpg","contentUrl":"https:\/\/teiaeducation.ch\/wp-content\/uploads\/2020\/11\/Teia-Education-Switzerland-e1620156442216.jpg","width":166,"height":145,"caption":"Teia Education & Play"},"image":{"@id":"https:\/\/teiaeducation.ch\/de\/#\/schema\/logo\/image\/"},"sameAs":["https:\/\/www.facebook.com\/teiaeducation\/","https:\/\/x.com\/EducationTeia","https:\/\/www.instagram.com\/teia.education\/","https:\/\/www.linkedin.com\/company\/35501660","https:\/\/www.pinterest.ch\/TeiaEducation\/"]}]}},"_links":{"self":[{"href":"https:\/\/teiaeducation.ch\/de\/wp-json\/wp\/v2\/product\/46756","targetHints":{"allow":["GET"]}}],"collection":[{"href":"https:\/\/teiaeducation.ch\/de\/wp-json\/wp\/v2\/product"}],"about":[{"href":"https:\/\/teiaeducation.ch\/de\/wp-json\/wp\/v2\/types\/product"}],"replies":[{"embeddable":true,"href":"https:\/\/teiaeducation.ch\/de\/wp-json\/wp\/v2\/comments?post=46756"}],"wp:featuredmedia":[{"embeddable":true,"href":"https:\/\/teiaeducation.ch\/de\/wp-json\/wp\/v2\/media\/46757"}],"wp:attachment":[{"href":"https:\/\/teiaeducation.ch\/de\/wp-json\/wp\/v2\/media?parent=46756"}],"wp:term":[{"taxonomy":"product_brand","embeddable":true,"href":"https:\/\/teiaeducation.ch\/de\/wp-json\/wp\/v2\/product_brand?post=46756"},{"taxonomy":"product_cat","embeddable":true,"href":"https:\/\/teiaeducation.ch\/de\/wp-json\/wp\/v2\/product_cat?post=46756"},{"taxonomy":"product_tag","embeddable":true,"href":"https:\/\/teiaeducation.ch\/de\/wp-json\/wp\/v2\/product_tag?post=46756"}],"curies":[{"name":"wp","href":"https:\/\/api.w.org\/{rel}","templated":true}]}}