{"id":46816,"date":"2020-10-12T20:28:32","date_gmt":"2020-10-12T18:28:32","guid":{"rendered":"https:\/\/teiaeducation.ch\/product\/wasser-und-murmelstrasse-aus-holz-erzi\/"},"modified":"2024-03-12T11:33:03","modified_gmt":"2024-03-12T10:33:03","slug":"wasser-und-murmelstrasse-aus-holz-erzi","status":"publish","type":"product","link":"https:\/\/teiaeducation.ch\/de\/produkt\/wasser-und-murmelstrasse-aus-holz-erzi\/","title":{"rendered":"Wasser- und Murmelstra\u00dfe &#8211; Erzi"},"content":{"rendered":"<p>F\u00f6rdern Sie das spielerische Lernen Ihrer Kinder mit diesem fantastisch durchdachten, hochwertigen und langlebigen, preisgekr\u00f6nten Erzi Wasser- und Murmelstra\u00dfe Set aus Holz.<\/p>\n<p>Kombiniere die bunten Stra\u00dfen in verschiedenen Formationen und beobachte, wie die Murmeln oder das Wasser auf den Boden rinnen. Ver\u00e4ndere dein Design immer wieder, um die beste Stra\u00dfe zu schaffen. Dieses inspirierende, preisgekr\u00f6nte Konstruktionsspielzeug mit dem Spiel Gut-G\u00fctesiegel eignet sich sowohl f\u00fcr den Innenbereich als auch <a href=\"https:\/\/teiaeducation.ch\/product-category\/hgh-quality-toys-play\/outdoor-toys\/\">Drau\u00dfen<\/a> sowie f\u00fcr den Garten oder den Strand.<\/p>\n<p>Dieses Set enth\u00e4lt 7 Holzstra\u00dfen, 4 Sandspatel aus Holz, 1 St\u00f6psel aus Kork und 3 Murmeln aus Holz und Glas. Es ist clever konstruiert und sehr langlebig mit hohem Spielwert. An den Seiten befinden sich kleine L\u00f6cher, um die Stra\u00dfen mit kleinen St\u00f6cken oder Blumen zu dekorieren.<\/p>\n<p>Die Erzi Wasser- und Murmelstra\u00dfe aus Holz wird in Deutschland aus massivem Buchenholz hergestellt und mit ungiftiger Farbe auf Wasserbasis lackiert. Sie wird f\u00fcr Kinder ab 3 Jahren empfohlen.<\/p>\n<p>Die Erzi gro\u00dfe Wasser- und Murmelstra\u00dfe aus Holz ist mit dem <a href=\"https:\/\/www.spielgut.de\">Spielgut<\/a>\u00ae-Siegel ausgezeichnet.<\/p>\n<p>Inhalt:<\/p>\n<p>7 Murmelstra\u00dfe aus Holz<br \/>\n4 Sandspatel aus Holz<br \/>\n1 St\u00f6psel aus Kork<br \/>\n3 Murmeln aus Holz und Glas<\/p>\n<h2>\u00dcber Erzi<\/h2>\n<p>Das umfangreiche Erzi-Sortiment tr\u00e4gt das unverwechselbare G\u00fctesiegel &#8220;made in Germany&#8221;, denn es stammt aus dem Erzgebirge.<\/p>\n<p><a href=\"https:\/\/teiaeducation.ch\/product-category\/brands\/erzi\/\">Erzi<\/a> verwendet f\u00fcr die Herstellung seiner Spielzeuge Holz aus der Region, das mit dem <a href=\"https:\/\/fsc.org\/en\">FSC<\/a>-Siegel (Forest Stewardship Council) zertifiziert und verbessert wurde. Alle Oberfl\u00e4chenbehandlungen wie Farben und Lacke auf Wasserbasis sind ungiftig und jedes Erzi Produkt entspricht den h\u00f6chsten Sicherheitsstandards f\u00fcr Spielzeug. Die hochwertigen <a href=\"https:\/\/teiaeducation.ch\/product-category\/hgh-quality-toys-play\/handmade-wooden-toys\/\">Holzspielzeuge<\/a> und <a href=\"https:\/\/teiaeducation.ch\/product-category\/learning-themes\/\">Lernprodukte<\/a> von Erzi zeichnen sich durch eine gro\u00dfe Vielfalt an nat\u00fcrlichen <a href=\"https:\/\/teiaeducation.ch\/product-category\/learning-themes\/mathematics-numeracy\/shapes\/\">Formen<\/a> und <a href=\"https:\/\/teiaeducation.ch\/product-category\/learning-themes\/sensory-motor-skills\/learning-about-colour\/\">Farben<\/a> aus und sind langlebig und nachhaltig.<\/p>\n","protected":false},"excerpt":{"rendered":"<p>Artikelnummer: 43232<\/p>\n<p>F\u00f6rdern Sie das spielerische Lernen Ihrer Kinder mit diesem fantastisch durchdachten, hochwertigen und langlebigen, preisgekr\u00f6nten Erzi Wasser- und Murmelstra\u00dfe Set aus Holz. Dieses anregende, preisgekr\u00f6nte Konstruktionsspielzeug bietet einen hohen Spielwert.<\/p>\n","protected":false},"featured_media":46817,"comment_status":"open","ping_status":"closed","template":"","meta":[],"product_brand":[],"product_cat":[21445,21446,21679,21479,21622,21558,21488,23075,21624,21509,21537,21545,21443,21563,21552,22362,21557,21695,23636,21678,23133,21564],"product_tag":[28258,23134,23143,21887,23139,23135,23136,23137,23138,21886,21885,23141,28259,23142,28257,28255,28256,23140],"class_list":{"0":"post-46816","1":"product","2":"type-product","3":"status-publish","4":"has-post-thumbnail","6":"product_cat-3-6-jahre-vorschule","7":"product_cat-6-12-jahre-grundschule","8":"product_cat-aktiv-spielzeug","9":"product_cat-lernmaterialien-spielzeug-montessori-waldorf-steiner-froebel","10":"product_cat-erzi-klassisches-holzspielzeug-de","11":"product_cat-farbe-lernen","12":"product_cat-geschenk-guide-6-12-jahre-grundschule","13":"product_cat-handgefertigtes-holzspielzeug","14":"product_cat-lernmaterialien","15":"product_cat-lernthemen","16":"product_cat-mathematik-rechnen","17":"product_cat-messung","18":"product_cat-nach-alter","19":"product_cat-neuheiten","20":"product_cat-raeumliche-orientierung","21":"product_cat-saisonale-kollektionen","22":"product_cat-sensorische-motorische-fertigkeiten","23":"product_cat-sinnliches-spiel","24":"product_cat-sommer-kollektion","25":"product_cat-kinder-spielzeug","26":"product_cat-spielzeug-fuer-draussen","27":"product_cat-unsere-marken","28":"product_tag-erzi-holzmurmelbahn","29":"product_tag-erzi-laden","30":"product_tag-erzi-murmelstrase","31":"product_tag-erzi-schweiz-de","32":"product_tag-erzi-spielwaren","33":"product_tag-erzi-spielzeug-de","34":"product_tag-erzi-spielzeug-aus-holz","35":"product_tag-erzi-spielzeug-schweiz-de","36":"product_tag-erzi-spielzeug-shop-schweiz","37":"product_tag-erzi-suisse-de","38":"product_tag-erzi-switzerland-de","39":"product_tag-erzi-wasser-und-murmelstrase","40":"product_tag-erzi-wasserlauf-aus-holz","41":"product_tag-erzi-wasserstrase","42":"product_tag-erzi-wasser-murmelbahn","43":"product_tag-wasser-und-murmelstrasse-aus-holz-erzi","44":"product_tag-wasser-und-murmelstrasse-erzi","45":"product_tag-wooden-murmelstrase-aus-holz","47":"first","48":"instock","49":"taxable","50":"shipping-taxable","51":"purchasable","52":"product-type-simple"},"yoast_head":"<!-- This site is optimized with the Yoast SEO plugin v27.1.1 - https:\/\/yoast.com\/product\/yoast-seo-wordpress\/ -->\n<title>Wasser- und Murmelstra\u00dfe - Erzi - Teia Education &amp; Play<\/title>\n<meta name=\"description\" content=\"F\u00f6rdern Sie das spielerische Lernen Ihrer Kinder mit diesem fantastisch durchdachten, hochwertigen und langlebigen, preisgekr\u00f6nten Erzi Wasser- und Murmelstra\u00dfe Set aus Holz. Hergestellt in Deutschland.\" \/>\n<meta name=\"robots\" content=\"index, follow, max-snippet:-1, max-image-preview:large, max-video-preview:-1\" \/>\n<link rel=\"canonical\" href=\"https:\/\/teiaeducation.ch\/de\/produkt\/wasser-und-murmelstrasse-aus-holz-erzi\/\" \/>\n<meta property=\"og:locale\" content=\"de_DE\" \/>\n<meta property=\"og:type\" content=\"article\" \/>\n<meta property=\"og:title\" content=\"Wasser- und Murmelstra\u00dfe - Erzi - Teia Education &amp; Play\" \/>\n<meta property=\"og:description\" content=\"F\u00f6rdern Sie das spielerische Lernen Ihrer Kinder mit diesem fantastisch durchdachten, hochwertigen und langlebigen, preisgekr\u00f6nten Erzi Wasser- und Murmelstra\u00dfe Set aus Holz. Hergestellt in Deutschland.\" \/>\n<meta property=\"og:url\" content=\"https:\/\/teiaeducation.ch\/de\/produkt\/wasser-und-murmelstrasse-aus-holz-erzi\/\" \/>\n<meta property=\"og:site_name\" content=\"Sustainable Educational Products &amp; Ecological Toys\u00a0\" \/>\n<meta property=\"article:publisher\" content=\"https:\/\/www.facebook.com\/teiaeducation\/\" \/>\n<meta property=\"article:modified_time\" content=\"2024-03-12T10:33:03+00:00\" \/>\n<meta property=\"og:image\" content=\"https:\/\/teiaeducation.ch\/wp-content\/uploads\/2020\/09\/Wooden-water-and-marble-run-Erzi.jpg\" \/>\n\t<meta property=\"og:image:width\" content=\"900\" \/>\n\t<meta property=\"og:image:height\" content=\"900\" \/>\n\t<meta property=\"og:image:type\" content=\"image\/jpeg\" \/>\n<script type=\"application\/ld+json\" class=\"yoast-schema-graph\">{\"@context\":\"https:\/\/schema.org\",\"@graph\":[{\"@type\":\"WebPage\",\"@id\":\"https:\/\/teiaeducation.ch\/de\/produkt\/wasser-und-murmelstrasse-aus-holz-erzi\/\",\"url\":\"https:\/\/teiaeducation.ch\/de\/produkt\/wasser-und-murmelstrasse-aus-holz-erzi\/\",\"name\":\"Wasser- und Murmelstra\u00dfe - Erzi - Teia Education & Play\",\"isPartOf\":{\"@id\":\"https:\/\/teiaeducation.ch\/de\/#website\"},\"primaryImageOfPage\":{\"@id\":\"https:\/\/teiaeducation.ch\/de\/produkt\/wasser-und-murmelstrasse-aus-holz-erzi\/#primaryimage\"},\"image\":{\"@id\":\"https:\/\/teiaeducation.ch\/de\/produkt\/wasser-und-murmelstrasse-aus-holz-erzi\/#primaryimage\"},\"thumbnailUrl\":\"https:\/\/teiaeducation.ch\/wp-content\/uploads\/2020\/09\/Wooden-water-and-marble-run-Erzi.jpg\",\"datePublished\":\"2020-10-12T18:28:32+00:00\",\"dateModified\":\"2024-03-12T10:33:03+00:00\",\"description\":\"F\u00f6rdern Sie das spielerische Lernen Ihrer Kinder mit diesem fantastisch durchdachten, hochwertigen und langlebigen, preisgekr\u00f6nten Erzi Wasser- und Murmelstra\u00dfe Set aus Holz. Hergestellt in Deutschland.\",\"breadcrumb\":{\"@id\":\"https:\/\/teiaeducation.ch\/de\/produkt\/wasser-und-murmelstrasse-aus-holz-erzi\/#breadcrumb\"},\"inLanguage\":\"de-CH\",\"potentialAction\":[{\"@type\":\"ReadAction\",\"target\":[\"https:\/\/teiaeducation.ch\/de\/produkt\/wasser-und-murmelstrasse-aus-holz-erzi\/\"]}]},{\"@type\":\"ImageObject\",\"inLanguage\":\"de-CH\",\"@id\":\"https:\/\/teiaeducation.ch\/de\/produkt\/wasser-und-murmelstrasse-aus-holz-erzi\/#primaryimage\",\"url\":\"https:\/\/teiaeducation.ch\/wp-content\/uploads\/2020\/09\/Wooden-water-and-marble-run-Erzi.jpg\",\"contentUrl\":\"https:\/\/teiaeducation.ch\/wp-content\/uploads\/2020\/09\/Wooden-water-and-marble-run-Erzi.jpg\",\"width\":900,\"height\":900,\"caption\":\"Wasser- und Murmelstra\u00dfe - Erzi\"},{\"@type\":\"BreadcrumbList\",\"@id\":\"https:\/\/teiaeducation.ch\/de\/produkt\/wasser-und-murmelstrasse-aus-holz-erzi\/#breadcrumb\",\"itemListElement\":[{\"@type\":\"ListItem\",\"position\":1,\"name\":\"Home\",\"item\":\"https:\/\/teiaeducation.ch\/de\/\"},{\"@type\":\"ListItem\",\"position\":2,\"name\":\"Laden\",\"item\":\"https:\/\/teiaeducation.ch\/de\/shop\/\"},{\"@type\":\"ListItem\",\"position\":3,\"name\":\"Unsere Marken\",\"item\":\"https:\/\/teiaeducation.ch\/de\/produkt-kategorie\/unsere-marken\/\"},{\"@type\":\"ListItem\",\"position\":4,\"name\":\"Erzi\",\"item\":\"https:\/\/teiaeducation.ch\/de\/produkt-kategorie\/unsere-marken\/erzi-klassisches-holzspielzeug-de\/\"},{\"@type\":\"ListItem\",\"position\":5,\"name\":\"Lernmaterialien\",\"item\":\"https:\/\/teiaeducation.ch\/de\/produkt-kategorie\/unsere-marken\/erzi-klassisches-holzspielzeug-de\/lernmaterialien\/\"},{\"@type\":\"ListItem\",\"position\":6,\"name\":\"Wasser- und Murmelstra\u00dfe &#8211; Erzi\"}]},{\"@type\":\"WebSite\",\"@id\":\"https:\/\/teiaeducation.ch\/de\/#website\",\"url\":\"https:\/\/teiaeducation.ch\/de\/\",\"name\":\"Sustainable Educational Products &amp; Ecological Toys\u00a0\",\"description\":\"Specialised Swiss shop selling sustainable educational toys and games, AMI certified Montessori materials, handmade ecological wooden Waldorf toys and arts &amp; crafts supplies, school supplies, children&#039;s furniture and Montessori reference and parenting books.\",\"publisher\":{\"@id\":\"https:\/\/teiaeducation.ch\/de\/#organization\"},\"alternateName\":\"Teia Education & Play\",\"potentialAction\":[{\"@type\":\"SearchAction\",\"target\":{\"@type\":\"EntryPoint\",\"urlTemplate\":\"https:\/\/teiaeducation.ch\/de\/?s={search_term_string}\"},\"query-input\":{\"@type\":\"PropertyValueSpecification\",\"valueRequired\":true,\"valueName\":\"search_term_string\"}}],\"inLanguage\":\"de-CH\"},{\"@type\":\"Organization\",\"@id\":\"https:\/\/teiaeducation.ch\/de\/#organization\",\"name\":\"Teia Education & Play\",\"url\":\"https:\/\/teiaeducation.ch\/de\/\",\"logo\":{\"@type\":\"ImageObject\",\"inLanguage\":\"de-CH\",\"@id\":\"https:\/\/teiaeducation.ch\/de\/#\/schema\/logo\/image\/\",\"url\":\"https:\/\/teiaeducation.ch\/wp-content\/uploads\/2020\/11\/Teia-Education-Switzerland-e1620156442216.jpg\",\"contentUrl\":\"https:\/\/teiaeducation.ch\/wp-content\/uploads\/2020\/11\/Teia-Education-Switzerland-e1620156442216.jpg\",\"width\":166,\"height\":145,\"caption\":\"Teia Education & Play\"},\"image\":{\"@id\":\"https:\/\/teiaeducation.ch\/de\/#\/schema\/logo\/image\/\"},\"sameAs\":[\"https:\/\/www.facebook.com\/teiaeducation\/\",\"https:\/\/x.com\/EducationTeia\",\"https:\/\/www.instagram.com\/teia.education\/\",\"https:\/\/www.linkedin.com\/company\/35501660\",\"https:\/\/www.pinterest.ch\/TeiaEducation\/\"]}]}<\/script>\n<!-- \/ Yoast SEO plugin. -->","yoast_head_json":{"title":"Wasser- und Murmelstra\u00dfe - Erzi - Teia Education & Play","description":"F\u00f6rdern Sie das spielerische Lernen Ihrer Kinder mit diesem fantastisch durchdachten, hochwertigen und langlebigen, preisgekr\u00f6nten Erzi Wasser- und Murmelstra\u00dfe Set aus Holz. Hergestellt in Deutschland.","robots":{"index":"index","follow":"follow","max-snippet":"max-snippet:-1","max-image-preview":"max-image-preview:large","max-video-preview":"max-video-preview:-1"},"canonical":"https:\/\/teiaeducation.ch\/de\/produkt\/wasser-und-murmelstrasse-aus-holz-erzi\/","og_locale":"de_DE","og_type":"article","og_title":"Wasser- und Murmelstra\u00dfe - Erzi - Teia Education & Play","og_description":"F\u00f6rdern Sie das spielerische Lernen Ihrer Kinder mit diesem fantastisch durchdachten, hochwertigen und langlebigen, preisgekr\u00f6nten Erzi Wasser- und Murmelstra\u00dfe Set aus Holz. Hergestellt in Deutschland.","og_url":"https:\/\/teiaeducation.ch\/de\/produkt\/wasser-und-murmelstrasse-aus-holz-erzi\/","og_site_name":"Sustainable Educational Products &amp; Ecological Toys\u00a0","article_publisher":"https:\/\/www.facebook.com\/teiaeducation\/","article_modified_time":"2024-03-12T10:33:03+00:00","og_image":[{"width":900,"height":900,"url":"https:\/\/teiaeducation.ch\/wp-content\/uploads\/2020\/09\/Wooden-water-and-marble-run-Erzi.jpg","type":"image\/jpeg"}],"schema":{"@context":"https:\/\/schema.org","@graph":[{"@type":"WebPage","@id":"https:\/\/teiaeducation.ch\/de\/produkt\/wasser-und-murmelstrasse-aus-holz-erzi\/","url":"https:\/\/teiaeducation.ch\/de\/produkt\/wasser-und-murmelstrasse-aus-holz-erzi\/","name":"Wasser- und Murmelstra\u00dfe - Erzi - Teia Education & Play","isPartOf":{"@id":"https:\/\/teiaeducation.ch\/de\/#website"},"primaryImageOfPage":{"@id":"https:\/\/teiaeducation.ch\/de\/produkt\/wasser-und-murmelstrasse-aus-holz-erzi\/#primaryimage"},"image":{"@id":"https:\/\/teiaeducation.ch\/de\/produkt\/wasser-und-murmelstrasse-aus-holz-erzi\/#primaryimage"},"thumbnailUrl":"https:\/\/teiaeducation.ch\/wp-content\/uploads\/2020\/09\/Wooden-water-and-marble-run-Erzi.jpg","datePublished":"2020-10-12T18:28:32+00:00","dateModified":"2024-03-12T10:33:03+00:00","description":"F\u00f6rdern Sie das spielerische Lernen Ihrer Kinder mit diesem fantastisch durchdachten, hochwertigen und langlebigen, preisgekr\u00f6nten Erzi Wasser- und Murmelstra\u00dfe Set aus Holz. Hergestellt in Deutschland.","breadcrumb":{"@id":"https:\/\/teiaeducation.ch\/de\/produkt\/wasser-und-murmelstrasse-aus-holz-erzi\/#breadcrumb"},"inLanguage":"de-CH","potentialAction":[{"@type":"ReadAction","target":["https:\/\/teiaeducation.ch\/de\/produkt\/wasser-und-murmelstrasse-aus-holz-erzi\/"]}]},{"@type":"ImageObject","inLanguage":"de-CH","@id":"https:\/\/teiaeducation.ch\/de\/produkt\/wasser-und-murmelstrasse-aus-holz-erzi\/#primaryimage","url":"https:\/\/teiaeducation.ch\/wp-content\/uploads\/2020\/09\/Wooden-water-and-marble-run-Erzi.jpg","contentUrl":"https:\/\/teiaeducation.ch\/wp-content\/uploads\/2020\/09\/Wooden-water-and-marble-run-Erzi.jpg","width":900,"height":900,"caption":"Wasser- und Murmelstra\u00dfe - Erzi"},{"@type":"BreadcrumbList","@id":"https:\/\/teiaeducation.ch\/de\/produkt\/wasser-und-murmelstrasse-aus-holz-erzi\/#breadcrumb","itemListElement":[{"@type":"ListItem","position":1,"name":"Home","item":"https:\/\/teiaeducation.ch\/de\/"},{"@type":"ListItem","position":2,"name":"Laden","item":"https:\/\/teiaeducation.ch\/de\/shop\/"},{"@type":"ListItem","position":3,"name":"Unsere Marken","item":"https:\/\/teiaeducation.ch\/de\/produkt-kategorie\/unsere-marken\/"},{"@type":"ListItem","position":4,"name":"Erzi","item":"https:\/\/teiaeducation.ch\/de\/produkt-kategorie\/unsere-marken\/erzi-klassisches-holzspielzeug-de\/"},{"@type":"ListItem","position":5,"name":"Lernmaterialien","item":"https:\/\/teiaeducation.ch\/de\/produkt-kategorie\/unsere-marken\/erzi-klassisches-holzspielzeug-de\/lernmaterialien\/"},{"@type":"ListItem","position":6,"name":"Wasser- und Murmelstra\u00dfe &#8211; Erzi"}]},{"@type":"WebSite","@id":"https:\/\/teiaeducation.ch\/de\/#website","url":"https:\/\/teiaeducation.ch\/de\/","name":"Sustainable Educational Products &amp; Ecological Toys\u00a0","description":"Specialised Swiss shop selling sustainable educational toys and games, AMI certified Montessori materials, handmade ecological wooden Waldorf toys and arts &amp; crafts supplies, school supplies, children&#039;s furniture and Montessori reference and parenting books.","publisher":{"@id":"https:\/\/teiaeducation.ch\/de\/#organization"},"alternateName":"Teia Education & Play","potentialAction":[{"@type":"SearchAction","target":{"@type":"EntryPoint","urlTemplate":"https:\/\/teiaeducation.ch\/de\/?s={search_term_string}"},"query-input":{"@type":"PropertyValueSpecification","valueRequired":true,"valueName":"search_term_string"}}],"inLanguage":"de-CH"},{"@type":"Organization","@id":"https:\/\/teiaeducation.ch\/de\/#organization","name":"Teia Education & Play","url":"https:\/\/teiaeducation.ch\/de\/","logo":{"@type":"ImageObject","inLanguage":"de-CH","@id":"https:\/\/teiaeducation.ch\/de\/#\/schema\/logo\/image\/","url":"https:\/\/teiaeducation.ch\/wp-content\/uploads\/2020\/11\/Teia-Education-Switzerland-e1620156442216.jpg","contentUrl":"https:\/\/teiaeducation.ch\/wp-content\/uploads\/2020\/11\/Teia-Education-Switzerland-e1620156442216.jpg","width":166,"height":145,"caption":"Teia Education & Play"},"image":{"@id":"https:\/\/teiaeducation.ch\/de\/#\/schema\/logo\/image\/"},"sameAs":["https:\/\/www.facebook.com\/teiaeducation\/","https:\/\/x.com\/EducationTeia","https:\/\/www.instagram.com\/teia.education\/","https:\/\/www.linkedin.com\/company\/35501660","https:\/\/www.pinterest.ch\/TeiaEducation\/"]}]}},"_links":{"self":[{"href":"https:\/\/teiaeducation.ch\/de\/wp-json\/wp\/v2\/product\/46816","targetHints":{"allow":["GET"]}}],"collection":[{"href":"https:\/\/teiaeducation.ch\/de\/wp-json\/wp\/v2\/product"}],"about":[{"href":"https:\/\/teiaeducation.ch\/de\/wp-json\/wp\/v2\/types\/product"}],"replies":[{"embeddable":true,"href":"https:\/\/teiaeducation.ch\/de\/wp-json\/wp\/v2\/comments?post=46816"}],"wp:featuredmedia":[{"embeddable":true,"href":"https:\/\/teiaeducation.ch\/de\/wp-json\/wp\/v2\/media\/46817"}],"wp:attachment":[{"href":"https:\/\/teiaeducation.ch\/de\/wp-json\/wp\/v2\/media?parent=46816"}],"wp:term":[{"taxonomy":"product_brand","embeddable":true,"href":"https:\/\/teiaeducation.ch\/de\/wp-json\/wp\/v2\/product_brand?post=46816"},{"taxonomy":"product_cat","embeddable":true,"href":"https:\/\/teiaeducation.ch\/de\/wp-json\/wp\/v2\/product_cat?post=46816"},{"taxonomy":"product_tag","embeddable":true,"href":"https:\/\/teiaeducation.ch\/de\/wp-json\/wp\/v2\/product_tag?post=46816"}],"curies":[{"name":"wp","href":"https:\/\/api.w.org\/{rel}","templated":true}]}}