{"id":46988,"date":"2021-09-17T12:58:25","date_gmt":"2021-09-17T10:58:25","guid":{"rendered":"https:\/\/teiaeducation.ch\/product\/buch-maria-montessori-writes-to-her-father-letters-from-california-1915\/"},"modified":"2023-11-07T08:52:48","modified_gmt":"2023-11-07T07:52:48","slug":"buch-maria-montessori-writes-to-her-father-letters-from-california-1915","status":"publish","type":"product","link":"https:\/\/teiaeducation.ch\/de\/produkt\/buch-maria-montessori-writes-to-her-father-letters-from-california-1915\/","title":{"rendered":"Buch: Maria Montessori writes to her father, letters from California, 1915"},"content":{"rendered":"<p>Das Buch Maria Montessori writes to her father, letters from California, 1915, (in englischer Sprache) enth\u00e4lt Briefe von ihrer Reise nach Amerika im Jahr 1913. Es war ein \u00e4u\u00dferst erfolgreicher Besuch, der zu einem noch gr\u00f6\u00dferen Interesse an ihren p\u00e4dagogischen Ideen f\u00fchrte. Im darauffolgenden Jahr dr\u00e4ngten ihre amerikanischen Unterst\u00fctzer sie, zur\u00fcckzukehren und Ausbildungskurse zu geben, die sehr gefragt waren.<\/p>\n<p>Um die gewaltige technische Leistung des Baus des Panamakanals zu feiern, wurden gleichzeitig zwei Ausstellungen organisiert: Die Panama Pacific International Exposition in San Francisco und die Panama-California Exposition in San Diego. Montessori wurde eingeladen, auf beiden Messen Ausbildungskurse und direkte Demonstrationskurse zu geben. Im August 1915 wurde die ber\u00fchmte Gl\u00e4serne Klasse auf der Expo in San Francisco er\u00f6ffnet. Sie hatte gez\u00f6gert, diese Einladungen anzunehmen, da dies bedeutete, ihren 82-j\u00e4hrigen Vater, Alessandro Montessori, der sich in einem gebrechlichen Zustand befand, in Rom zur\u00fcckzulassen.<\/p>\n<p>Die Briefe in diesem Buch, die Maria <a href=\"https:\/\/teiaeducation.ch\/de\/produkt-kategorie\/bildungsmethode\/montessori-paedagogik-material-spielzeug\/\">Montessori<\/a> w\u00e4hrend ihres achtmonatigen Aufenthalts in Kalifornien im Jahr 1915 an ihren Vater schrieb, sind mit einer F\u00fclle von Fotos illustriert und zeugen von Montessoris gro\u00dfer Beobachtungsgabe. Ihr scharfer Blick f\u00fcr Details in Verbindung mit ihren farbenfrohen Beschreibungen offenbart eine spontane Pers\u00f6nlichkeit, die von dem, was sie sah und erlebte, begeistert war; sie zeigen auch, wie liebevoll und besorgt Montessori als Tochter war.<\/p>\n<p>Dieses <a href=\"https:\/\/teiaeducation.ch\/de\/produkt-kategorie\/lernunterstuetzung\/referenz-buecher\/montessori-buecher\/\">Buch<\/a> wird von der <a href=\"https:\/\/teiaeducation.ch\/de\/produkt-kategorie\/unsere-marken\/montessori-pierson-publishing-company-de\/\">Montessori-Pierson Publishing Company<\/a> ver\u00f6ffentlicht und ist in englischer Sprache verfasst.<\/p>\n<p>Inhalt:<\/p>\n<p>1 fester Bucheinband &#8211; 112 Seiten<\/p>\n","protected":false},"excerpt":{"rendered":"<p>Artikel Nummer: MMNM002<\/p>\n<p>Das Buch Maria Montessori writes to her father, letters from California, 1915, enth\u00e4lt Briefe von ihrer Reise nach Amerika im Jahr 1913.<\/p>\n","protected":false},"featured_media":62926,"comment_status":"open","ping_status":"closed","template":"","meta":[],"product_brand":[],"product_cat":[21671,21479,21569,21499,21481,21505,21563,21572,21503,21564],"product_tag":[23167,23165,23166],"class_list":{"0":"post-46988","1":"product","2":"type-product","3":"status-publish","4":"has-post-thumbnail","6":"product_cat-angebot","7":"product_cat-lernmaterialien-spielzeug-montessori-waldorf-steiner-froebel","8":"product_cat-buecher-nienhuis-montessori","9":"product_cat-lernunterstuetzung","10":"product_cat-montessori-paedagogik-material-spielzeug","11":"product_cat-montessori-buecher","12":"product_cat-neuheiten","13":"product_cat-nienhuis-montessori-schweiz","14":"product_cat-referenz-buecher","15":"product_cat-unsere-marken","16":"product_tag-briefe-maria-montessori","17":"product_tag-buch-maria-montessori","18":"product_tag-buch-maria-montessori-writes-to-her-father-letters-from-california-1915","20":"first","21":"instock","22":"sale","23":"taxable","24":"shipping-taxable","25":"purchasable","26":"product-type-simple"},"yoast_head":"<!-- This site is optimized with the Yoast SEO plugin v27.3 - https:\/\/yoast.com\/product\/yoast-seo-wordpress\/ -->\n<title>Maria Montessori writes to her father, letters from California, 1915<\/title>\n<meta name=\"description\" content=\"Das Buch Maria Montessori writes to her father, letters from California, 1915, enth\u00e4lt Briefe von ihrer Reise nach Amerika im Jahr 1913.\" \/>\n<meta name=\"robots\" content=\"index, follow, max-snippet:-1, max-image-preview:large, max-video-preview:-1\" \/>\n<link rel=\"canonical\" href=\"https:\/\/teiaeducation.ch\/de\/produkt\/buch-maria-montessori-writes-to-her-father-letters-from-california-1915\/\" \/>\n<meta property=\"og:locale\" content=\"de_DE\" \/>\n<meta property=\"og:type\" content=\"article\" \/>\n<meta property=\"og:title\" content=\"Maria Montessori writes to her father, letters from California, 1915\" \/>\n<meta property=\"og:description\" content=\"Das Buch Maria Montessori writes to her father, letters from California, 1915, enth\u00e4lt Briefe von ihrer Reise nach Amerika im Jahr 1913.\" \/>\n<meta property=\"og:url\" content=\"https:\/\/teiaeducation.ch\/de\/produkt\/buch-maria-montessori-writes-to-her-father-letters-from-california-1915\/\" \/>\n<meta property=\"og:site_name\" content=\"Sustainable Educational Products &amp; Ecological Toys\u00a0\" \/>\n<meta property=\"article:publisher\" content=\"https:\/\/www.facebook.com\/teiaeducation\/\" \/>\n<meta property=\"article:modified_time\" content=\"2023-11-07T07:52:48+00:00\" \/>\n<meta property=\"og:image\" content=\"https:\/\/teiaeducation.ch\/wp-content\/uploads\/2021\/09\/Maria-Montessori-writes-to-her-father-letters-from-California-1915-1.jpg\" \/>\n\t<meta property=\"og:image:width\" content=\"1202\" \/>\n\t<meta property=\"og:image:height\" content=\"1400\" \/>\n\t<meta property=\"og:image:type\" content=\"image\/jpeg\" \/>\n<script type=\"application\/ld+json\" class=\"yoast-schema-graph\">{\"@context\":\"https:\\\/\\\/schema.org\",\"@graph\":[{\"@type\":\"WebPage\",\"@id\":\"https:\\\/\\\/teiaeducation.ch\\\/de\\\/produkt\\\/buch-maria-montessori-writes-to-her-father-letters-from-california-1915\\\/\",\"url\":\"https:\\\/\\\/teiaeducation.ch\\\/de\\\/produkt\\\/buch-maria-montessori-writes-to-her-father-letters-from-california-1915\\\/\",\"name\":\"Maria Montessori writes to her father, letters from California, 1915\",\"isPartOf\":{\"@id\":\"https:\\\/\\\/teiaeducation.ch\\\/de\\\/#website\"},\"primaryImageOfPage\":{\"@id\":\"https:\\\/\\\/teiaeducation.ch\\\/de\\\/produkt\\\/buch-maria-montessori-writes-to-her-father-letters-from-california-1915\\\/#primaryimage\"},\"image\":{\"@id\":\"https:\\\/\\\/teiaeducation.ch\\\/de\\\/produkt\\\/buch-maria-montessori-writes-to-her-father-letters-from-california-1915\\\/#primaryimage\"},\"thumbnailUrl\":\"https:\\\/\\\/teiaeducation.ch\\\/wp-content\\\/uploads\\\/2021\\\/09\\\/Maria-Montessori-writes-to-her-father-letters-from-California-1915-1.jpg\",\"datePublished\":\"2021-09-17T10:58:25+00:00\",\"dateModified\":\"2023-11-07T07:52:48+00:00\",\"description\":\"Das Buch Maria Montessori writes to her father, letters from California, 1915, enth\u00e4lt Briefe von ihrer Reise nach Amerika im Jahr 1913.\",\"breadcrumb\":{\"@id\":\"https:\\\/\\\/teiaeducation.ch\\\/de\\\/produkt\\\/buch-maria-montessori-writes-to-her-father-letters-from-california-1915\\\/#breadcrumb\"},\"inLanguage\":\"de-CH\",\"potentialAction\":[{\"@type\":\"ReadAction\",\"target\":[\"https:\\\/\\\/teiaeducation.ch\\\/de\\\/produkt\\\/buch-maria-montessori-writes-to-her-father-letters-from-california-1915\\\/\"]}]},{\"@type\":\"ImageObject\",\"inLanguage\":\"de-CH\",\"@id\":\"https:\\\/\\\/teiaeducation.ch\\\/de\\\/produkt\\\/buch-maria-montessori-writes-to-her-father-letters-from-california-1915\\\/#primaryimage\",\"url\":\"https:\\\/\\\/teiaeducation.ch\\\/wp-content\\\/uploads\\\/2021\\\/09\\\/Maria-Montessori-writes-to-her-father-letters-from-California-1915-1.jpg\",\"contentUrl\":\"https:\\\/\\\/teiaeducation.ch\\\/wp-content\\\/uploads\\\/2021\\\/09\\\/Maria-Montessori-writes-to-her-father-letters-from-California-1915-1.jpg\",\"width\":1202,\"height\":1400,\"caption\":\"Maria Montessori writes to her father, letters from California, 1915\"},{\"@type\":\"BreadcrumbList\",\"@id\":\"https:\\\/\\\/teiaeducation.ch\\\/de\\\/produkt\\\/buch-maria-montessori-writes-to-her-father-letters-from-california-1915\\\/#breadcrumb\",\"itemListElement\":[{\"@type\":\"ListItem\",\"position\":1,\"name\":\"Home\",\"item\":\"https:\\\/\\\/teiaeducation.ch\\\/de\\\/\"},{\"@type\":\"ListItem\",\"position\":2,\"name\":\"Laden\",\"item\":\"https:\\\/\\\/teiaeducation.ch\\\/de\\\/shop\\\/\"},{\"@type\":\"ListItem\",\"position\":3,\"name\":\"Unsere Marken\",\"item\":\"https:\\\/\\\/teiaeducation.ch\\\/de\\\/produkt-kategorie\\\/unsere-marken\\\/\"},{\"@type\":\"ListItem\",\"position\":4,\"name\":\"Nienhuis Montessori Schweiz\",\"item\":\"https:\\\/\\\/teiaeducation.ch\\\/de\\\/produkt-kategorie\\\/unsere-marken\\\/nienhuis-montessori-schweiz\\\/\"},{\"@type\":\"ListItem\",\"position\":5,\"name\":\"B\u00fccher Nienhuis Montessori\",\"item\":\"https:\\\/\\\/teiaeducation.ch\\\/de\\\/produkt-kategorie\\\/unsere-marken\\\/nienhuis-montessori-schweiz\\\/buecher-nienhuis-montessori\\\/\"},{\"@type\":\"ListItem\",\"position\":6,\"name\":\"Buch: Maria Montessori writes to her father, letters from California, 1915\"}]},{\"@type\":\"WebSite\",\"@id\":\"https:\\\/\\\/teiaeducation.ch\\\/de\\\/#website\",\"url\":\"https:\\\/\\\/teiaeducation.ch\\\/de\\\/\",\"name\":\"Sustainable Educational Products &amp; Ecological Toys\u00a0\",\"description\":\"Specialised Swiss shop selling sustainable educational toys and games, AMI certified Montessori materials, handmade ecological wooden Waldorf toys and arts &amp; crafts supplies, school supplies, children&#039;s furniture and Montessori reference and parenting books.\",\"publisher\":{\"@id\":\"https:\\\/\\\/teiaeducation.ch\\\/de\\\/#organization\"},\"alternateName\":\"Teia Education & Play\",\"potentialAction\":[{\"@type\":\"SearchAction\",\"target\":{\"@type\":\"EntryPoint\",\"urlTemplate\":\"https:\\\/\\\/teiaeducation.ch\\\/de\\\/?s={search_term_string}\"},\"query-input\":{\"@type\":\"PropertyValueSpecification\",\"valueRequired\":true,\"valueName\":\"search_term_string\"}}],\"inLanguage\":\"de-CH\"},{\"@type\":\"Organization\",\"@id\":\"https:\\\/\\\/teiaeducation.ch\\\/de\\\/#organization\",\"name\":\"Teia Education & Play\",\"url\":\"https:\\\/\\\/teiaeducation.ch\\\/de\\\/\",\"logo\":{\"@type\":\"ImageObject\",\"inLanguage\":\"de-CH\",\"@id\":\"https:\\\/\\\/teiaeducation.ch\\\/de\\\/#\\\/schema\\\/logo\\\/image\\\/\",\"url\":\"https:\\\/\\\/teiaeducation.ch\\\/wp-content\\\/uploads\\\/2020\\\/11\\\/Teia-Education-Switzerland-e1620156442216.jpg\",\"contentUrl\":\"https:\\\/\\\/teiaeducation.ch\\\/wp-content\\\/uploads\\\/2020\\\/11\\\/Teia-Education-Switzerland-e1620156442216.jpg\",\"width\":166,\"height\":145,\"caption\":\"Teia Education & Play\"},\"image\":{\"@id\":\"https:\\\/\\\/teiaeducation.ch\\\/de\\\/#\\\/schema\\\/logo\\\/image\\\/\"},\"sameAs\":[\"https:\\\/\\\/www.facebook.com\\\/teiaeducation\\\/\",\"https:\\\/\\\/x.com\\\/EducationTeia\",\"https:\\\/\\\/www.instagram.com\\\/teia.education\\\/\",\"https:\\\/\\\/www.linkedin.com\\\/company\\\/35501660\",\"https:\\\/\\\/www.pinterest.ch\\\/TeiaEducation\\\/\"]}]}<\/script>\n<!-- \/ Yoast SEO plugin. -->","yoast_head_json":{"title":"Maria Montessori writes to her father, letters from California, 1915","description":"Das Buch Maria Montessori writes to her father, letters from California, 1915, enth\u00e4lt Briefe von ihrer Reise nach Amerika im Jahr 1913.","robots":{"index":"index","follow":"follow","max-snippet":"max-snippet:-1","max-image-preview":"max-image-preview:large","max-video-preview":"max-video-preview:-1"},"canonical":"https:\/\/teiaeducation.ch\/de\/produkt\/buch-maria-montessori-writes-to-her-father-letters-from-california-1915\/","og_locale":"de_DE","og_type":"article","og_title":"Maria Montessori writes to her father, letters from California, 1915","og_description":"Das Buch Maria Montessori writes to her father, letters from California, 1915, enth\u00e4lt Briefe von ihrer Reise nach Amerika im Jahr 1913.","og_url":"https:\/\/teiaeducation.ch\/de\/produkt\/buch-maria-montessori-writes-to-her-father-letters-from-california-1915\/","og_site_name":"Sustainable Educational Products &amp; Ecological Toys\u00a0","article_publisher":"https:\/\/www.facebook.com\/teiaeducation\/","article_modified_time":"2023-11-07T07:52:48+00:00","og_image":[{"width":1202,"height":1400,"url":"https:\/\/teiaeducation.ch\/wp-content\/uploads\/2021\/09\/Maria-Montessori-writes-to-her-father-letters-from-California-1915-1.jpg","type":"image\/jpeg"}],"schema":{"@context":"https:\/\/schema.org","@graph":[{"@type":"WebPage","@id":"https:\/\/teiaeducation.ch\/de\/produkt\/buch-maria-montessori-writes-to-her-father-letters-from-california-1915\/","url":"https:\/\/teiaeducation.ch\/de\/produkt\/buch-maria-montessori-writes-to-her-father-letters-from-california-1915\/","name":"Maria Montessori writes to her father, letters from California, 1915","isPartOf":{"@id":"https:\/\/teiaeducation.ch\/de\/#website"},"primaryImageOfPage":{"@id":"https:\/\/teiaeducation.ch\/de\/produkt\/buch-maria-montessori-writes-to-her-father-letters-from-california-1915\/#primaryimage"},"image":{"@id":"https:\/\/teiaeducation.ch\/de\/produkt\/buch-maria-montessori-writes-to-her-father-letters-from-california-1915\/#primaryimage"},"thumbnailUrl":"https:\/\/teiaeducation.ch\/wp-content\/uploads\/2021\/09\/Maria-Montessori-writes-to-her-father-letters-from-California-1915-1.jpg","datePublished":"2021-09-17T10:58:25+00:00","dateModified":"2023-11-07T07:52:48+00:00","description":"Das Buch Maria Montessori writes to her father, letters from California, 1915, enth\u00e4lt Briefe von ihrer Reise nach Amerika im Jahr 1913.","breadcrumb":{"@id":"https:\/\/teiaeducation.ch\/de\/produkt\/buch-maria-montessori-writes-to-her-father-letters-from-california-1915\/#breadcrumb"},"inLanguage":"de-CH","potentialAction":[{"@type":"ReadAction","target":["https:\/\/teiaeducation.ch\/de\/produkt\/buch-maria-montessori-writes-to-her-father-letters-from-california-1915\/"]}]},{"@type":"ImageObject","inLanguage":"de-CH","@id":"https:\/\/teiaeducation.ch\/de\/produkt\/buch-maria-montessori-writes-to-her-father-letters-from-california-1915\/#primaryimage","url":"https:\/\/teiaeducation.ch\/wp-content\/uploads\/2021\/09\/Maria-Montessori-writes-to-her-father-letters-from-California-1915-1.jpg","contentUrl":"https:\/\/teiaeducation.ch\/wp-content\/uploads\/2021\/09\/Maria-Montessori-writes-to-her-father-letters-from-California-1915-1.jpg","width":1202,"height":1400,"caption":"Maria Montessori writes to her father, letters from California, 1915"},{"@type":"BreadcrumbList","@id":"https:\/\/teiaeducation.ch\/de\/produkt\/buch-maria-montessori-writes-to-her-father-letters-from-california-1915\/#breadcrumb","itemListElement":[{"@type":"ListItem","position":1,"name":"Home","item":"https:\/\/teiaeducation.ch\/de\/"},{"@type":"ListItem","position":2,"name":"Laden","item":"https:\/\/teiaeducation.ch\/de\/shop\/"},{"@type":"ListItem","position":3,"name":"Unsere Marken","item":"https:\/\/teiaeducation.ch\/de\/produkt-kategorie\/unsere-marken\/"},{"@type":"ListItem","position":4,"name":"Nienhuis Montessori Schweiz","item":"https:\/\/teiaeducation.ch\/de\/produkt-kategorie\/unsere-marken\/nienhuis-montessori-schweiz\/"},{"@type":"ListItem","position":5,"name":"B\u00fccher Nienhuis Montessori","item":"https:\/\/teiaeducation.ch\/de\/produkt-kategorie\/unsere-marken\/nienhuis-montessori-schweiz\/buecher-nienhuis-montessori\/"},{"@type":"ListItem","position":6,"name":"Buch: Maria Montessori writes to her father, letters from California, 1915"}]},{"@type":"WebSite","@id":"https:\/\/teiaeducation.ch\/de\/#website","url":"https:\/\/teiaeducation.ch\/de\/","name":"Sustainable Educational Products &amp; Ecological Toys\u00a0","description":"Specialised Swiss shop selling sustainable educational toys and games, AMI certified Montessori materials, handmade ecological wooden Waldorf toys and arts &amp; crafts supplies, school supplies, children&#039;s furniture and Montessori reference and parenting books.","publisher":{"@id":"https:\/\/teiaeducation.ch\/de\/#organization"},"alternateName":"Teia Education & Play","potentialAction":[{"@type":"SearchAction","target":{"@type":"EntryPoint","urlTemplate":"https:\/\/teiaeducation.ch\/de\/?s={search_term_string}"},"query-input":{"@type":"PropertyValueSpecification","valueRequired":true,"valueName":"search_term_string"}}],"inLanguage":"de-CH"},{"@type":"Organization","@id":"https:\/\/teiaeducation.ch\/de\/#organization","name":"Teia Education & Play","url":"https:\/\/teiaeducation.ch\/de\/","logo":{"@type":"ImageObject","inLanguage":"de-CH","@id":"https:\/\/teiaeducation.ch\/de\/#\/schema\/logo\/image\/","url":"https:\/\/teiaeducation.ch\/wp-content\/uploads\/2020\/11\/Teia-Education-Switzerland-e1620156442216.jpg","contentUrl":"https:\/\/teiaeducation.ch\/wp-content\/uploads\/2020\/11\/Teia-Education-Switzerland-e1620156442216.jpg","width":166,"height":145,"caption":"Teia Education & Play"},"image":{"@id":"https:\/\/teiaeducation.ch\/de\/#\/schema\/logo\/image\/"},"sameAs":["https:\/\/www.facebook.com\/teiaeducation\/","https:\/\/x.com\/EducationTeia","https:\/\/www.instagram.com\/teia.education\/","https:\/\/www.linkedin.com\/company\/35501660","https:\/\/www.pinterest.ch\/TeiaEducation\/"]}]}},"_links":{"self":[{"href":"https:\/\/teiaeducation.ch\/de\/wp-json\/wp\/v2\/product\/46988","targetHints":{"allow":["GET"]}}],"collection":[{"href":"https:\/\/teiaeducation.ch\/de\/wp-json\/wp\/v2\/product"}],"about":[{"href":"https:\/\/teiaeducation.ch\/de\/wp-json\/wp\/v2\/types\/product"}],"replies":[{"embeddable":true,"href":"https:\/\/teiaeducation.ch\/de\/wp-json\/wp\/v2\/comments?post=46988"}],"wp:featuredmedia":[{"embeddable":true,"href":"https:\/\/teiaeducation.ch\/de\/wp-json\/wp\/v2\/media\/62926"}],"wp:attachment":[{"href":"https:\/\/teiaeducation.ch\/de\/wp-json\/wp\/v2\/media?parent=46988"}],"wp:term":[{"taxonomy":"product_brand","embeddable":true,"href":"https:\/\/teiaeducation.ch\/de\/wp-json\/wp\/v2\/product_brand?post=46988"},{"taxonomy":"product_cat","embeddable":true,"href":"https:\/\/teiaeducation.ch\/de\/wp-json\/wp\/v2\/product_cat?post=46988"},{"taxonomy":"product_tag","embeddable":true,"href":"https:\/\/teiaeducation.ch\/de\/wp-json\/wp\/v2\/product_tag?post=46988"}],"curies":[{"name":"wp","href":"https:\/\/api.w.org\/{rel}","templated":true}]}}