{"id":47547,"date":"2022-05-06T12:28:29","date_gmt":"2022-05-06T10:28:29","guid":{"rendered":"https:\/\/teiaeducation.ch\/?post_type=product&#038;p=47547"},"modified":"2023-12-19T03:13:03","modified_gmt":"2023-12-19T02:13:03","slug":"weissen-diy-spielseidentucher-sarahs-silks","status":"publish","type":"product","link":"https:\/\/teiaeducation.ch\/de\/produkt\/weissen-diy-spielseidentucher-sarahs-silks\/","title":{"rendered":"DIY Seidenspielt\u00fccher Weiss &#8211; Sarah&#8217;s Silks"},"content":{"rendered":"<p>Ein wundersch\u00f6nes, von der <a href=\"https:\/\/teiaeducation.ch\/de\/produkt-kategorie\/lernmaterialien-spielzeug-montessori-waldorf-steiner-froebel\/waldorf-steiner-paedagogik\/\">Waldorfp\u00e4dagogik<\/a> inspiriertes, nat\u00fcrliches DIY Seidenspieltuch in der Variante weiss von Sarah\u2019s Silks. Der 90 x 90 oder 53 x 53 Zentimeter gro\u00dfe\u00a0Seidenspielt\u00fccher\u00a0wirden aus 100 % fair gehandelter Seide hergestellt, von Hand ges\u00e4umt und mit ungiftigem, umweltfreundlichem Farbstoff gef\u00e4rbt.<\/p>\n<p>Die weissen Seidenspielt\u00fccher lassen sich leicht mit Lebensmittelfarbe, Aquarellfarben oder nat\u00fcrlichen Pflanzenfarben f\u00e4rben, was eine einfache, lustige und lehrreiche Aktivit\u00e4t f\u00fcr Kinder darstellt. Inspirationen und Anleitungen finden Sie in den Journaleintr\u00e4gen von Sarah&#8217;s Silks: <a title=\"How to dye your own Playsilks with plants\" href=\"https:\/\/www.sarahssilks.com\/blogs\/journal\/plant-dyed-playsilks\">how to dye your own Playsilks with plants<\/a> und <a title=\"How to dye your own Playsilks using food coloring\" href=\"https:\/\/www.sarahssilks.com\/blogs\/journal\/dye-your-own-eggs-and-playsilks\">how to dye your own Playsilks with food coloring<\/a>!<\/p>\n<p>Das Quintessenz <a href=\"https:\/\/teiaeducation.ch\/de\/produkt-kategorie\/kinder-spielzeug\/waldorfspielzeug\/\">Waldorf<\/a>\u00a0Stoffspielzeug f\u00fcr die Welt des <a href=\"https:\/\/teiaeducation.ch\/de\/produkt-kategorie\/kinder-spielzeug\/phantasievoll-rollenspiel\/\">fantasievollen Spiels<\/a>,\u00a0Seidenspielt\u00fccher k\u00f6nnen zum Verkleiden verwendet werden, um einen Umhang, einen Rock oder Fl\u00fcgel zu machen. Zu einer Puppen-Trage gefaltet werden, an eine behelfsm\u00e4\u00dfige Stange gebunden werden, um als Fahne zu wehen, \u00fcber St\u00fchle drapiert werden. Um ein Zelt oder eine Festung zu bauen, ein Puppenhaus als Teppich oder Decke schm\u00fccken oder um damit Guck-Guck zu spielen.<\/p>\n<p>Auf den Boden gelegt, kann ein Seidenspieltuch in Gr\u00fcn f\u00fcr Gras, Rot f\u00fcr Lava, Gelb f\u00fcr Sand oder Blau als See oder Meer zum Bootfahren verwendet werden. Mit den schwebenden Seidenspielt\u00fccher\u00a0wird ein Spielzimmer im Handumdrehen zu einem magischen M\u00e4rchenland, in dem man tanzen und sich ausdr\u00fccken kann!<\/p>\n<p>Die Mini Seidenspielt\u00fccher von Sarah\u2019s Silks gibt es in verschiedenen, perfekt gef\u00e4rbten Varianten in leuchtenden Schmuck- und Pastellt\u00f6nen. Sie sind vielseitig einsetzbar und eignen sich nicht nur f\u00fcr das kreative Spiel, sondern auch f\u00fcr Waldorf <a href=\"https:\/\/teiaeducation.ch\/de\/produkt-kategorie\/feier-festlichkeiten\/natur-saisonale-tische-de\/\">Naturtisch<\/a>, f\u00fcr die farbliche Gestaltung einer Jahreszeitentisch, als Dekoration f\u00fcr Regenbogen Geburtstage oder zum Einpacken von <a href=\"https:\/\/teiaeducation.ch\/de\/produkt-kategorie\/geschenk-guides\/\">Geschenken<\/a>.<\/p>\n<p>Inhalt:<\/p>\n<p>1 Seidenspieltuch in Wei\u00df aus 100% Seide &#8211; bitte w\u00e4hlen Sie die gew\u00fcnschte Gr\u00f6\u00dfe: mini (53 x 53cm) oder standard (90 x 90cm)<\/p>\n<h2>Pflegehinweise<\/h2>\n<p>Waschen mit der Hand, trocknen es auf der Leine und b\u00fcgeln es auf mittlerer Stufe, um den nat\u00fcrlichen Glanz der Seide wiederherzustellen \u2013 bitte beachten Sie die Schritt-f\u00fcr-Schritt-<a href=\"https:\/\/www.sarahssilks.com\/blogs\/journal\/how-to-wash-playsilks\">Anleitung<\/a> von Sarah\u2019s Silks um Ihre Seidenartikel zu waschen.<\/p>\n<h2>R\u00fcckgaberecht<\/h2>\n<p>Alle zur\u00fcckgesandten Artikel m\u00fcssen sich in ihrem Originalzustand befinden und die Originalverpackung sowie die Etiketten m\u00fcssen angebracht und intakt sein. Gebrauchte oder gewaschene Artikel k\u00f6nnen nicht zur\u00fcckgegeben werden.<\/p>\n<h2>\u00dcber Sarah&#8217;s Silks<\/h2>\n<p><a href=\"https:\/\/teiaeducation.ch\/de\/produkt-kategorie\/unsere-marken\/sarahs-silks-de\/\">Sarah&#8217;s Silks<\/a> ist ein Familienunternehmen mit Sitz in den USA, das sich auf <a href=\"https:\/\/teiaeducation.ch\/de\/produkt-kategorie\/lernmaterialien-spielzeug-montessori-waldorf-steiner-froebel\/waldorf-steiner-paedagogik\/\">Waldorf<\/a> inspiriertes, <a href=\"https:\/\/teiaeducation.ch\/de\/produkt-kategorie\/kinder-spielzeug\/naturspiel\/\">nat\u00fcrliches<\/a> und nachhaltiges Spielzeug spezialisiert hat, das die <a href=\"https:\/\/teiaeducation.ch\/de\/produkt-kategorie\/kinder-spielzeug\/phantasievoll-rollenspiel\/\">Fantasie<\/a> der Kinder anregt. Die Mission von Sarah&#8217;s Silks ist es, nachhaltiges, offenes und freies Spielzeug herzustellen, das unsere Kinder lehrt Mutter Erde zu lieben und zu pflegen. Die wundersch\u00f6nen Sarah&#8217;s Silks Seidenspielt\u00fccher, Baumwollspielt\u00fccher, Umh\u00e4nge, Feenkleider und Luftschlangen sind perfekt f\u00fcr das freie Spiel, das Verkleiden und das dramatische Spiel in Waldorfh\u00e4usern, Kinderg\u00e4rten und <a href=\"https:\/\/teiaeducation.ch\/de\/spielzeug-und-natuerlichen-kreatives-materialien-fuer-waldorf-steiner-schulen\/\">Steiner Schulen<\/a>.<\/p>\n<p>Alle Sarah&#8217;s Silks Seidenkost\u00fcme, Spielzeuge und Seidenspielt\u00fccher werden aus hochwertiger, nachhaltiger chinesischer Seide hergestellt. Jedes Seidenprodukt wird von N\u00e4herinnen gewebt, gef\u00e4rbt und von Hand ges\u00e4umt, die in einem kleinen Dorf in der N\u00e4he von Suzhou, China, arbeiten. Sie werden anschlie\u00dfend in Sonoma County, Kalifornien, USA, handbemalt und handgefertigt.<\/p>\n<p>Kinder lieben die leuchtenden, sch\u00f6n gemischten Farben und die weiche, f\u00fchlbare Haptik der Seidenspielt\u00fccher, Baumwollspielt\u00fccher und Umh\u00e4nge. Sie werden mit ungiftigen, umweltfreundlichen Farbstoffen und nat\u00fcrlichen Fasern aus 100% echter Seide und 100% Baumwolle hergestellt und haben strenge amerikanische und europ\u00e4ische Sicherheitstests bestanden und sind f\u00fcr Kinder jeden Alters geeignet.<\/p>\n","protected":false},"excerpt":{"rendered":"<p>Artikelnummer: SSW0001<\/p>\n<p>Die DIY Seidenspielt\u00fccher in Weiss von Sarah&#8217;s Silks lassen sich leicht mit Lebensmittelfarbe, Aquarellfarben oder nat\u00fcrlichen Pflanzenfarben f\u00e4rben.<\/p>\n","protected":false},"featured_media":47554,"comment_status":"open","ping_status":"closed","template":"","meta":[],"product_brand":[32610],"product_cat":[21444,21445,21446,21479,21465,21690,21490,21492,21484,21443,22349,21563,21687,21666,21695,21678,21685,21564,21483,22919],"product_tag":[22145,22948,23261,23260,22941,22938,22920,22937,22939,22940,21741],"class_list":{"0":"post-47547","1":"product","2":"type-product","3":"status-publish","4":"has-post-thumbnail","6":"product_brand-sarahs-silks","7":"product_cat-1-3-jahre-kleinkind","8":"product_cat-3-6-jahre-vorschule","9":"product_cat-6-12-jahre-grundschule","10":"product_cat-lernmaterialien-spielzeug-montessori-waldorf-steiner-froebel","11":"product_cat-feier-festlichkeiten","12":"product_cat-spiele-mit-offenem-ende","13":"product_cat-geschenk-guide-kreativ","14":"product_cat-geschenk-guide-stoffspielzeug","15":"product_cat-geschenk-guides","16":"product_cat-nach-alter","17":"product_cat-natur-saisonale-tische-de","18":"product_cat-neuheiten","19":"product_cat-phantasievoll-rollenspiel","20":"product_cat-sarahs-silks-de","21":"product_cat-sinnliches-spiel","22":"product_cat-kinder-spielzeug","23":"product_cat-stoffspielzeug","24":"product_cat-unsere-marken","25":"product_cat-waldorf-steiner-paedagogik","26":"product_cat-waldorfspielzeug","27":"product_tag-heuristisches-spiel-waldorf","28":"product_tag-mini-spielseidentuch-gold-sarahs-silks","29":"product_tag-sarahs-silks-mini-spielseidentuch-diy","30":"product_tag-sarahs-silks-mini-spielseidentuch-weiss","31":"product_tag-sarahs-silks-mini-spielseidentucher","32":"product_tag-sarahs-silks-schweiz-de-2","33":"product_tag-sarahs-silks-schweiz-de","34":"product_tag-sarahs-silks-suisse-de","35":"product_tag-waldorf-seidentuch","36":"product_tag-waldorf-spielstoffe","37":"product_tag-waldorfspielzeug","39":"first","40":"instock","41":"taxable","42":"shipping-taxable","43":"purchasable","44":"product-type-variable"},"yoast_head":"<!-- This site is optimized with the Yoast SEO plugin v27.3 - https:\/\/yoast.com\/product\/yoast-seo-wordpress\/ -->\n<title>DIY Seidenspielt\u00fccher Weiss - Sarah&#039;s Silks<\/title>\n<meta name=\"description\" content=\"Die DIY Seidenspielt\u00fccher in Weiss von Sarah&#039;s Silks lassen sich leicht mit Lebensmittelfarbe, Aquarellfarben oder nat\u00fcrlichen Pflanzenfarben f\u00e4rben.\" \/>\n<meta name=\"robots\" content=\"index, follow, max-snippet:-1, max-image-preview:large, max-video-preview:-1\" \/>\n<link rel=\"canonical\" href=\"https:\/\/teiaeducation.ch\/de\/produkt\/weissen-diy-spielseidentucher-sarahs-silks\/\" \/>\n<meta property=\"og:locale\" content=\"de_DE\" \/>\n<meta property=\"og:type\" content=\"article\" \/>\n<meta property=\"og:title\" content=\"DIY Seidenspielt\u00fccher Weiss - Sarah&#039;s Silks\" \/>\n<meta property=\"og:description\" content=\"Die DIY Seidenspielt\u00fccher in Weiss von Sarah&#039;s Silks lassen sich leicht mit Lebensmittelfarbe, Aquarellfarben oder nat\u00fcrlichen Pflanzenfarben f\u00e4rben.\" \/>\n<meta property=\"og:url\" content=\"https:\/\/teiaeducation.ch\/de\/produkt\/weissen-diy-spielseidentucher-sarahs-silks\/\" \/>\n<meta property=\"og:site_name\" content=\"Sustainable Educational Products &amp; Ecological Toys\u00a0\" \/>\n<meta property=\"article:publisher\" content=\"https:\/\/www.facebook.com\/teiaeducation\/\" \/>\n<meta property=\"article:modified_time\" content=\"2023-12-19T02:13:03+00:00\" \/>\n<meta property=\"og:image\" content=\"https:\/\/teiaeducation.ch\/wp-content\/uploads\/2022\/05\/DIY-playsilk-in-white-Sarahs-Silks.jpg\" \/>\n\t<meta property=\"og:image:width\" content=\"800\" \/>\n\t<meta property=\"og:image:height\" content=\"1000\" \/>\n\t<meta property=\"og:image:type\" content=\"image\/jpeg\" \/>\n<script type=\"application\/ld+json\" class=\"yoast-schema-graph\">{\"@context\":\"https:\\\/\\\/schema.org\",\"@graph\":[{\"@type\":\"WebPage\",\"@id\":\"https:\\\/\\\/teiaeducation.ch\\\/de\\\/produkt\\\/weissen-diy-spielseidentucher-sarahs-silks\\\/\",\"url\":\"https:\\\/\\\/teiaeducation.ch\\\/de\\\/produkt\\\/weissen-diy-spielseidentucher-sarahs-silks\\\/\",\"name\":\"DIY Seidenspielt\u00fccher Weiss - Sarah's Silks\",\"isPartOf\":{\"@id\":\"https:\\\/\\\/teiaeducation.ch\\\/de\\\/#website\"},\"primaryImageOfPage\":{\"@id\":\"https:\\\/\\\/teiaeducation.ch\\\/de\\\/produkt\\\/weissen-diy-spielseidentucher-sarahs-silks\\\/#primaryimage\"},\"image\":{\"@id\":\"https:\\\/\\\/teiaeducation.ch\\\/de\\\/produkt\\\/weissen-diy-spielseidentucher-sarahs-silks\\\/#primaryimage\"},\"thumbnailUrl\":\"https:\\\/\\\/teiaeducation.ch\\\/wp-content\\\/uploads\\\/2022\\\/05\\\/DIY-playsilk-in-white-Sarahs-Silks.jpg\",\"datePublished\":\"2022-05-06T10:28:29+00:00\",\"dateModified\":\"2023-12-19T02:13:03+00:00\",\"description\":\"Die DIY Seidenspielt\u00fccher in Weiss von Sarah's Silks lassen sich leicht mit Lebensmittelfarbe, Aquarellfarben oder nat\u00fcrlichen Pflanzenfarben f\u00e4rben.\",\"breadcrumb\":{\"@id\":\"https:\\\/\\\/teiaeducation.ch\\\/de\\\/produkt\\\/weissen-diy-spielseidentucher-sarahs-silks\\\/#breadcrumb\"},\"inLanguage\":\"de-CH\",\"potentialAction\":[{\"@type\":\"ReadAction\",\"target\":[\"https:\\\/\\\/teiaeducation.ch\\\/de\\\/produkt\\\/weissen-diy-spielseidentucher-sarahs-silks\\\/\"]}]},{\"@type\":\"ImageObject\",\"inLanguage\":\"de-CH\",\"@id\":\"https:\\\/\\\/teiaeducation.ch\\\/de\\\/produkt\\\/weissen-diy-spielseidentucher-sarahs-silks\\\/#primaryimage\",\"url\":\"https:\\\/\\\/teiaeducation.ch\\\/wp-content\\\/uploads\\\/2022\\\/05\\\/DIY-playsilk-in-white-Sarahs-Silks.jpg\",\"contentUrl\":\"https:\\\/\\\/teiaeducation.ch\\\/wp-content\\\/uploads\\\/2022\\\/05\\\/DIY-playsilk-in-white-Sarahs-Silks.jpg\",\"width\":800,\"height\":1000,\"caption\":\"Weissen DIY Seidenspielt\u00fccher Sarah's Silks\"},{\"@type\":\"BreadcrumbList\",\"@id\":\"https:\\\/\\\/teiaeducation.ch\\\/de\\\/produkt\\\/weissen-diy-spielseidentucher-sarahs-silks\\\/#breadcrumb\",\"itemListElement\":[{\"@type\":\"ListItem\",\"position\":1,\"name\":\"Home\",\"item\":\"https:\\\/\\\/teiaeducation.ch\\\/de\\\/\"},{\"@type\":\"ListItem\",\"position\":2,\"name\":\"Laden\",\"item\":\"https:\\\/\\\/teiaeducation.ch\\\/de\\\/shop\\\/\"},{\"@type\":\"ListItem\",\"position\":3,\"name\":\"Unsere Marken\",\"item\":\"https:\\\/\\\/teiaeducation.ch\\\/de\\\/produkt-kategorie\\\/unsere-marken\\\/\"},{\"@type\":\"ListItem\",\"position\":4,\"name\":\"Sarah's Silks\",\"item\":\"https:\\\/\\\/teiaeducation.ch\\\/de\\\/produkt-kategorie\\\/unsere-marken\\\/sarahs-silks-de\\\/\"},{\"@type\":\"ListItem\",\"position\":5,\"name\":\"DIY Seidenspielt\u00fccher Weiss &#8211; Sarah&#8217;s Silks\"}]},{\"@type\":\"WebSite\",\"@id\":\"https:\\\/\\\/teiaeducation.ch\\\/de\\\/#website\",\"url\":\"https:\\\/\\\/teiaeducation.ch\\\/de\\\/\",\"name\":\"Sustainable Educational Products &amp; Ecological Toys\u00a0\",\"description\":\"Specialised Swiss shop selling sustainable educational toys and games, AMI certified Montessori materials, handmade ecological wooden Waldorf toys and arts &amp; crafts supplies, school supplies, children&#039;s furniture and Montessori reference and parenting books.\",\"publisher\":{\"@id\":\"https:\\\/\\\/teiaeducation.ch\\\/de\\\/#organization\"},\"alternateName\":\"Teia Education & Play\",\"potentialAction\":[{\"@type\":\"SearchAction\",\"target\":{\"@type\":\"EntryPoint\",\"urlTemplate\":\"https:\\\/\\\/teiaeducation.ch\\\/de\\\/?s={search_term_string}\"},\"query-input\":{\"@type\":\"PropertyValueSpecification\",\"valueRequired\":true,\"valueName\":\"search_term_string\"}}],\"inLanguage\":\"de-CH\"},{\"@type\":\"Organization\",\"@id\":\"https:\\\/\\\/teiaeducation.ch\\\/de\\\/#organization\",\"name\":\"Teia Education & Play\",\"url\":\"https:\\\/\\\/teiaeducation.ch\\\/de\\\/\",\"logo\":{\"@type\":\"ImageObject\",\"inLanguage\":\"de-CH\",\"@id\":\"https:\\\/\\\/teiaeducation.ch\\\/de\\\/#\\\/schema\\\/logo\\\/image\\\/\",\"url\":\"https:\\\/\\\/teiaeducation.ch\\\/wp-content\\\/uploads\\\/2020\\\/11\\\/Teia-Education-Switzerland-e1620156442216.jpg\",\"contentUrl\":\"https:\\\/\\\/teiaeducation.ch\\\/wp-content\\\/uploads\\\/2020\\\/11\\\/Teia-Education-Switzerland-e1620156442216.jpg\",\"width\":166,\"height\":145,\"caption\":\"Teia Education & Play\"},\"image\":{\"@id\":\"https:\\\/\\\/teiaeducation.ch\\\/de\\\/#\\\/schema\\\/logo\\\/image\\\/\"},\"sameAs\":[\"https:\\\/\\\/www.facebook.com\\\/teiaeducation\\\/\",\"https:\\\/\\\/x.com\\\/EducationTeia\",\"https:\\\/\\\/www.instagram.com\\\/teia.education\\\/\",\"https:\\\/\\\/www.linkedin.com\\\/company\\\/35501660\",\"https:\\\/\\\/www.pinterest.ch\\\/TeiaEducation\\\/\"]}]}<\/script>\n<!-- \/ Yoast SEO plugin. -->","yoast_head_json":{"title":"DIY Seidenspielt\u00fccher Weiss - Sarah's Silks","description":"Die DIY Seidenspielt\u00fccher in Weiss von Sarah's Silks lassen sich leicht mit Lebensmittelfarbe, Aquarellfarben oder nat\u00fcrlichen Pflanzenfarben f\u00e4rben.","robots":{"index":"index","follow":"follow","max-snippet":"max-snippet:-1","max-image-preview":"max-image-preview:large","max-video-preview":"max-video-preview:-1"},"canonical":"https:\/\/teiaeducation.ch\/de\/produkt\/weissen-diy-spielseidentucher-sarahs-silks\/","og_locale":"de_DE","og_type":"article","og_title":"DIY Seidenspielt\u00fccher Weiss - Sarah's Silks","og_description":"Die DIY Seidenspielt\u00fccher in Weiss von Sarah's Silks lassen sich leicht mit Lebensmittelfarbe, Aquarellfarben oder nat\u00fcrlichen Pflanzenfarben f\u00e4rben.","og_url":"https:\/\/teiaeducation.ch\/de\/produkt\/weissen-diy-spielseidentucher-sarahs-silks\/","og_site_name":"Sustainable Educational Products &amp; Ecological Toys\u00a0","article_publisher":"https:\/\/www.facebook.com\/teiaeducation\/","article_modified_time":"2023-12-19T02:13:03+00:00","og_image":[{"width":800,"height":1000,"url":"https:\/\/teiaeducation.ch\/wp-content\/uploads\/2022\/05\/DIY-playsilk-in-white-Sarahs-Silks.jpg","type":"image\/jpeg"}],"schema":{"@context":"https:\/\/schema.org","@graph":[{"@type":"WebPage","@id":"https:\/\/teiaeducation.ch\/de\/produkt\/weissen-diy-spielseidentucher-sarahs-silks\/","url":"https:\/\/teiaeducation.ch\/de\/produkt\/weissen-diy-spielseidentucher-sarahs-silks\/","name":"DIY Seidenspielt\u00fccher Weiss - Sarah's Silks","isPartOf":{"@id":"https:\/\/teiaeducation.ch\/de\/#website"},"primaryImageOfPage":{"@id":"https:\/\/teiaeducation.ch\/de\/produkt\/weissen-diy-spielseidentucher-sarahs-silks\/#primaryimage"},"image":{"@id":"https:\/\/teiaeducation.ch\/de\/produkt\/weissen-diy-spielseidentucher-sarahs-silks\/#primaryimage"},"thumbnailUrl":"https:\/\/teiaeducation.ch\/wp-content\/uploads\/2022\/05\/DIY-playsilk-in-white-Sarahs-Silks.jpg","datePublished":"2022-05-06T10:28:29+00:00","dateModified":"2023-12-19T02:13:03+00:00","description":"Die DIY Seidenspielt\u00fccher in Weiss von Sarah's Silks lassen sich leicht mit Lebensmittelfarbe, Aquarellfarben oder nat\u00fcrlichen Pflanzenfarben f\u00e4rben.","breadcrumb":{"@id":"https:\/\/teiaeducation.ch\/de\/produkt\/weissen-diy-spielseidentucher-sarahs-silks\/#breadcrumb"},"inLanguage":"de-CH","potentialAction":[{"@type":"ReadAction","target":["https:\/\/teiaeducation.ch\/de\/produkt\/weissen-diy-spielseidentucher-sarahs-silks\/"]}]},{"@type":"ImageObject","inLanguage":"de-CH","@id":"https:\/\/teiaeducation.ch\/de\/produkt\/weissen-diy-spielseidentucher-sarahs-silks\/#primaryimage","url":"https:\/\/teiaeducation.ch\/wp-content\/uploads\/2022\/05\/DIY-playsilk-in-white-Sarahs-Silks.jpg","contentUrl":"https:\/\/teiaeducation.ch\/wp-content\/uploads\/2022\/05\/DIY-playsilk-in-white-Sarahs-Silks.jpg","width":800,"height":1000,"caption":"Weissen DIY Seidenspielt\u00fccher Sarah's Silks"},{"@type":"BreadcrumbList","@id":"https:\/\/teiaeducation.ch\/de\/produkt\/weissen-diy-spielseidentucher-sarahs-silks\/#breadcrumb","itemListElement":[{"@type":"ListItem","position":1,"name":"Home","item":"https:\/\/teiaeducation.ch\/de\/"},{"@type":"ListItem","position":2,"name":"Laden","item":"https:\/\/teiaeducation.ch\/de\/shop\/"},{"@type":"ListItem","position":3,"name":"Unsere Marken","item":"https:\/\/teiaeducation.ch\/de\/produkt-kategorie\/unsere-marken\/"},{"@type":"ListItem","position":4,"name":"Sarah's Silks","item":"https:\/\/teiaeducation.ch\/de\/produkt-kategorie\/unsere-marken\/sarahs-silks-de\/"},{"@type":"ListItem","position":5,"name":"DIY Seidenspielt\u00fccher Weiss &#8211; Sarah&#8217;s Silks"}]},{"@type":"WebSite","@id":"https:\/\/teiaeducation.ch\/de\/#website","url":"https:\/\/teiaeducation.ch\/de\/","name":"Sustainable Educational Products &amp; Ecological Toys\u00a0","description":"Specialised Swiss shop selling sustainable educational toys and games, AMI certified Montessori materials, handmade ecological wooden Waldorf toys and arts &amp; crafts supplies, school supplies, children&#039;s furniture and Montessori reference and parenting books.","publisher":{"@id":"https:\/\/teiaeducation.ch\/de\/#organization"},"alternateName":"Teia Education & Play","potentialAction":[{"@type":"SearchAction","target":{"@type":"EntryPoint","urlTemplate":"https:\/\/teiaeducation.ch\/de\/?s={search_term_string}"},"query-input":{"@type":"PropertyValueSpecification","valueRequired":true,"valueName":"search_term_string"}}],"inLanguage":"de-CH"},{"@type":"Organization","@id":"https:\/\/teiaeducation.ch\/de\/#organization","name":"Teia Education & Play","url":"https:\/\/teiaeducation.ch\/de\/","logo":{"@type":"ImageObject","inLanguage":"de-CH","@id":"https:\/\/teiaeducation.ch\/de\/#\/schema\/logo\/image\/","url":"https:\/\/teiaeducation.ch\/wp-content\/uploads\/2020\/11\/Teia-Education-Switzerland-e1620156442216.jpg","contentUrl":"https:\/\/teiaeducation.ch\/wp-content\/uploads\/2020\/11\/Teia-Education-Switzerland-e1620156442216.jpg","width":166,"height":145,"caption":"Teia Education & Play"},"image":{"@id":"https:\/\/teiaeducation.ch\/de\/#\/schema\/logo\/image\/"},"sameAs":["https:\/\/www.facebook.com\/teiaeducation\/","https:\/\/x.com\/EducationTeia","https:\/\/www.instagram.com\/teia.education\/","https:\/\/www.linkedin.com\/company\/35501660","https:\/\/www.pinterest.ch\/TeiaEducation\/"]}]}},"_links":{"self":[{"href":"https:\/\/teiaeducation.ch\/de\/wp-json\/wp\/v2\/product\/47547","targetHints":{"allow":["GET"]}}],"collection":[{"href":"https:\/\/teiaeducation.ch\/de\/wp-json\/wp\/v2\/product"}],"about":[{"href":"https:\/\/teiaeducation.ch\/de\/wp-json\/wp\/v2\/types\/product"}],"replies":[{"embeddable":true,"href":"https:\/\/teiaeducation.ch\/de\/wp-json\/wp\/v2\/comments?post=47547"}],"wp:featuredmedia":[{"embeddable":true,"href":"https:\/\/teiaeducation.ch\/de\/wp-json\/wp\/v2\/media\/47554"}],"wp:attachment":[{"href":"https:\/\/teiaeducation.ch\/de\/wp-json\/wp\/v2\/media?parent=47547"}],"wp:term":[{"taxonomy":"product_brand","embeddable":true,"href":"https:\/\/teiaeducation.ch\/de\/wp-json\/wp\/v2\/product_brand?post=47547"},{"taxonomy":"product_cat","embeddable":true,"href":"https:\/\/teiaeducation.ch\/de\/wp-json\/wp\/v2\/product_cat?post=47547"},{"taxonomy":"product_tag","embeddable":true,"href":"https:\/\/teiaeducation.ch\/de\/wp-json\/wp\/v2\/product_tag?post=47547"}],"curies":[{"name":"wp","href":"https:\/\/api.w.org\/{rel}","templated":true}]}}