{"id":48165,"date":"2022-03-07T11:32:32","date_gmt":"2022-03-07T10:32:32","guid":{"rendered":"https:\/\/teiaeducation.ch\/product\/blumenpresse-moulin-roty\/"},"modified":"2023-06-14T23:47:12","modified_gmt":"2023-06-14T21:47:12","slug":"blumenpresse-moulin-roty","status":"publish","type":"product","link":"https:\/\/teiaeducation.ch\/de\/produkt\/blumenpresse-moulin-roty\/","title":{"rendered":"Blumenpresse &#8211; Moulin Roty"},"content":{"rendered":"<p>Die charmante Moulin Roty Blumenpresse f\u00fcr Kinder in einer wundersch\u00f6n illustrierten Schachtel aus der Kollektion Le Jardin du Moulin ist perfekt f\u00fcr kleine H\u00e4nde! Das Pressen von Blumen ist eine sch\u00f6ne und lehrreiche Besch\u00e4ftigung f\u00fcr Kinder, bei der sie drau\u00dfen Pflanzen und Blumen studieren, ihre Namen lernen und mit den gepressten Blumen basteln oder ihre getrockneten Blumen und Bl\u00e4tter zum Beispiel in einem Sammelalbum aufbewahren.<\/p>\n<p>Das Pressen von Blumen ist ein durchdachtes und beruhigendes Hobby, das genau das Richtige ist, um eine langsamere Kindheit zu genie\u00dfen, denn es f\u00f6rdert das <a href=\"https:\/\/teiaeducation.ch\/de\/produkt-kategorie\/kinder-spielzeug\/naturspiel\/\">Naturspiel<\/a>, die <a href=\"https:\/\/teiaeducation.ch\/de\/produkt-kategorie\/malen-basteln\/\">Kreativit\u00e4t<\/a> und die Geduld. Es eignet sich auch hervorragend zur Unterst\u00fctzung des <a href=\"https:\/\/teiaeducation.ch\/de\/produkt-kategorie\/bildungsmethode\/montessori-paedagogik-material-spielzeug\/\">Montessori<\/a> Unterrichts \u00fcber Botanik, <a href=\"https:\/\/teiaeducation.ch\/de\/produkt-kategorie\/bildungsmethode\/waldorf-steiner-paedagogik\/\">Waldorf<\/a> Aktivit\u00e4ten und um den Interessen Ihres Kindes an Blumen, Pflanzen und der <a href=\"https:\/\/teiaeducation.ch\/de\/produkt-kategorie\/kinder-spielzeug\/naturspiel\/\">Natur<\/a> nachzugehen.<\/p>\n<p>Dies ist eine hochwertige Blumenpresse aus Holz, die ein sicheres Pressen und Aufbewahren von Pflanzenmaterial erm\u00f6glicht, so dass diese unversehrt bleiben. Die Blumenpresse ist aus Sperrholz gefertigt und mit zarten Motiven bedruckt. Er misst 21 x 18 cm, damit viele Blumen hineinpassen, und wird mit Schrauben und Muttern geschlossen<span class=\"s1\">. Diese Blumenpresse ist ein ideales Geschenk und kann mit dem <a href=\"https:\/\/teiaeducation.ch\/product\/natures-herbarium-moulin-roty\/\">Sammelalbum das Herbarium der Natur<\/a> von Moulin Roty kombiniert werden.<\/span><\/p>\n<p>Perfekt f\u00fcr kleine <a href=\"https:\/\/teiaeducation.ch\/de\/produkt-kategorie\/malen-basteln\/gartnern\/\">G\u00e4rtner<\/a> und <a href=\"https:\/\/teiaeducation.ch\/de\/produkt-kategorie\/lernthemen\/kultur-wissenschaft\/botanik\/\">Botaniker<\/a>: Die Blumenpresse Moulin Roty ist Teil der wundersch\u00f6nen Kollektion &#8220;Le Jardin du Moulin&#8221;. In einer mit Aquarellen illustrierten Welt, die reich an Farben und lustigen Tieren ist, bietet die Kollektion Jardin du Moulin alles, was n\u00f6tig ist, um Kleinkinder zu allen <a href=\"https:\/\/teiaeducation.ch\/de\/produkt-kategorie\/lernthemen\/kultur-wissenschaft\/jahreszeiten-wetter\/\">Jahreszeiten<\/a> an die Entdeckung der Natur heranzuf\u00fchren. Sie k\u00f6nnen zu Botanikern werden, indem sie die Fauna und Flora beobachten und mit ihr spielen, sie k\u00f6nnen ihre H\u00e4nde in die Erde stecken, um die Geheimnisse von Obst und Gem\u00fcse zu entdecken, indem sie zu G\u00e4rtnern werden, oder sie k\u00f6nnen sich in die Rolle eines Entdeckers versetzen, indem sie zu neuen Horizonten aufbrechen! Die Kollektion bietet echte Werkzeuge, um das Wissen der Kinder im Garten in die Praxis umzusetzen, enth\u00e4lt aber auch Edutainment-Spiele, um das Wissen \u00fcber die Natur und die <a href=\"https:\/\/teiaeducation.ch\/de\/produkt-kategorie\/lernthemen\/kultur-wissenschaft\/erde-universum\/\">Welt<\/a> um uns herum zu vertiefen!<\/p>\n<p><a href=\"https:\/\/teiaeducation.ch\/de\/produkt-kategorie\/unsere-marken\/moulin-roty-de\/\">Moulin Roty<\/a> ist eine franz\u00f6sische Marke, die f\u00fcr die Herstellung von sch\u00f6nem und hochwertigem Kinderspielzeug mit starkem emotionalem Wert bekannt ist. Jedes Spielzeug ist eine echte Figur die <a href=\"https:\/\/teiaeducation.ch\/de\/produkt-kategorie\/lernthemen\/alphabetisierung-sprache\/geschichtenerzaehlen\/\">Geschichten erz\u00e4hlt<\/a> und das Ergebnis der Arbeit und des Engagements des kreativen Teams der Marke ist. Durch die H\u00e4nde eines Teams von Illustratoren und Stylisten im Herzen von Moulin Roty, in Nort-sur-Erdre, Frankreich, hat jedes Spielzeug eine Welt aus Farben und Materialien, die speziell f\u00fcr ihn oder sie entworfen wurde.<\/p>\n<p>Die Blumenpresse Moulin Roty wird f\u00fcr Kinder ab 4 Jahren empfohlen.<\/p>\n<p>Inhalt:<\/p>\n<p>1 Blumenpresse (<span style=\"color: #333333;\">21 x 18 x 5cm)<\/span><\/p>\n","protected":false},"excerpt":{"rendered":"<p>Artikelnummer: 45.712210<\/p>\n<p>Die Blumenpresse von Moulin Roty aus der Kollektion Le Jardin du Moulin bietet eine sch\u00f6ne und lehrreiche Aktivit\u00e4t in der Natur f\u00fcr Kinder!<\/p>\n","protected":false},"featured_media":45067,"comment_status":"open","ping_status":"closed","template":"","meta":[],"product_brand":[],"product_cat":[21445,21446,21479,21512,21670,21453,21459,21490,21484,22422,21464,21447,21510,21509,21576,21443,21689,21563,22362,23636,21678,21564],"product_tag":[23352,23353,23348,23349,23358,23350,23356,23357,23359,23347,23346,23345,23351,23355,23354],"class_list":{"0":"post-48165","1":"product","2":"type-product","3":"status-publish","4":"has-post-thumbnail","6":"product_cat-3-6-jahre-vorschule","7":"product_cat-6-12-jahre-grundschule","8":"product_cat-lernmaterialien-spielzeug-montessori-waldorf-steiner-froebel","9":"product_cat-botanik","10":"product_cat-fruehjahrskollektion","11":"product_cat-gartnern","12":"product_cat-gepresste-blumen-kunst","13":"product_cat-geschenk-guide-kreativ","14":"product_cat-geschenk-guides","15":"product_cat-geschenke-fuer-das-osterkoerbchen","16":"product_cat-herbstkollektion","17":"product_cat-malen-basteln","18":"product_cat-kultur-wissenschaft","19":"product_cat-lernthemen","20":"product_cat-moulin-roty-de","21":"product_cat-nach-alter","22":"product_cat-naturspiel","23":"product_cat-neuheiten","24":"product_cat-saisonale-kollektionen","25":"product_cat-sommer-kollektion","26":"product_cat-kinder-spielzeug","27":"product_cat-unsere-marken","28":"product_tag-aktivitaten-in-der-natur-fur-kinder","29":"product_tag-blumen-pressen","30":"product_tag-blumenpresse","31":"product_tag-blumenpresse-fur-kinder","32":"product_tag-blumenpresse-moulin-roty","33":"product_tag-blumenpresse-schweiz","34":"product_tag-botanische-aktivitaten-fur-kinder","35":"product_tag-le-jardin-du-moulin-kollektion","36":"product_tag-moulin-roty-le-jardin-de","37":"product_tag-moulin-roty-schweiz-de","38":"product_tag-moulin-roty-suisse-de","39":"product_tag-moulin-roty-switzerland-de","40":"product_tag-natur-spiel","41":"product_tag-traditionelle-aktivitaten-fur-kinder","42":"product_tag-traditionelle-freizeitbeschaftigungen-fur-kinder","44":"first","45":"instock","46":"taxable","47":"shipping-taxable","48":"purchasable","49":"product-type-simple"},"yoast_head":"<!-- This site is optimized with the Yoast SEO plugin v27.1.1 - https:\/\/yoast.com\/product\/yoast-seo-wordpress\/ -->\n<title>Blumenpresse - Moulin Roty - Teia Education &amp; Play<\/title>\n<meta name=\"description\" content=\"Die Blumenpresse von Moulin Roty aus der Kollektion Le Jardin du Moulin bietet eine sch\u00f6ne und lehrreiche Aktivit\u00e4t in der Natur f\u00fcr Kinder!\" \/>\n<meta name=\"robots\" content=\"index, follow, max-snippet:-1, max-image-preview:large, max-video-preview:-1\" \/>\n<link rel=\"canonical\" href=\"https:\/\/teiaeducation.ch\/de\/produkt\/blumenpresse-moulin-roty\/\" \/>\n<meta property=\"og:locale\" content=\"de_DE\" \/>\n<meta property=\"og:type\" content=\"article\" \/>\n<meta property=\"og:title\" content=\"Blumenpresse - Moulin Roty - Teia Education &amp; Play\" \/>\n<meta property=\"og:description\" content=\"Die Blumenpresse von Moulin Roty aus der Kollektion Le Jardin du Moulin bietet eine sch\u00f6ne und lehrreiche Aktivit\u00e4t in der Natur f\u00fcr Kinder!\" \/>\n<meta property=\"og:url\" content=\"https:\/\/teiaeducation.ch\/de\/produkt\/blumenpresse-moulin-roty\/\" \/>\n<meta property=\"og:site_name\" content=\"Sustainable Educational Products &amp; Ecological Toys\u00a0\" \/>\n<meta property=\"article:publisher\" content=\"https:\/\/www.facebook.com\/teiaeducation\/\" \/>\n<meta property=\"article:modified_time\" content=\"2023-06-14T21:47:12+00:00\" \/>\n<meta property=\"og:image\" content=\"https:\/\/teiaeducation.ch\/wp-content\/uploads\/2022\/03\/Moulin-Roty-flower-press-children-Le-Jardin-du-Moulin-collection.jpg\" \/>\n\t<meta property=\"og:image:width\" content=\"800\" \/>\n\t<meta property=\"og:image:height\" content=\"800\" \/>\n\t<meta property=\"og:image:type\" content=\"image\/jpeg\" \/>\n<script type=\"application\/ld+json\" class=\"yoast-schema-graph\">{\"@context\":\"https:\/\/schema.org\",\"@graph\":[{\"@type\":\"WebPage\",\"@id\":\"https:\/\/teiaeducation.ch\/de\/produkt\/blumenpresse-moulin-roty\/\",\"url\":\"https:\/\/teiaeducation.ch\/de\/produkt\/blumenpresse-moulin-roty\/\",\"name\":\"Blumenpresse - Moulin Roty - Teia Education & Play\",\"isPartOf\":{\"@id\":\"https:\/\/teiaeducation.ch\/de\/#website\"},\"primaryImageOfPage\":{\"@id\":\"https:\/\/teiaeducation.ch\/de\/produkt\/blumenpresse-moulin-roty\/#primaryimage\"},\"image\":{\"@id\":\"https:\/\/teiaeducation.ch\/de\/produkt\/blumenpresse-moulin-roty\/#primaryimage\"},\"thumbnailUrl\":\"https:\/\/teiaeducation.ch\/wp-content\/uploads\/2022\/03\/Moulin-Roty-flower-press-children-Le-Jardin-du-Moulin-collection.jpg\",\"datePublished\":\"2022-03-07T10:32:32+00:00\",\"dateModified\":\"2023-06-14T21:47:12+00:00\",\"description\":\"Die Blumenpresse von Moulin Roty aus der Kollektion Le Jardin du Moulin bietet eine sch\u00f6ne und lehrreiche Aktivit\u00e4t in der Natur f\u00fcr Kinder!\",\"breadcrumb\":{\"@id\":\"https:\/\/teiaeducation.ch\/de\/produkt\/blumenpresse-moulin-roty\/#breadcrumb\"},\"inLanguage\":\"de-CH\",\"potentialAction\":[{\"@type\":\"ReadAction\",\"target\":[\"https:\/\/teiaeducation.ch\/de\/produkt\/blumenpresse-moulin-roty\/\"]}]},{\"@type\":\"ImageObject\",\"inLanguage\":\"de-CH\",\"@id\":\"https:\/\/teiaeducation.ch\/de\/produkt\/blumenpresse-moulin-roty\/#primaryimage\",\"url\":\"https:\/\/teiaeducation.ch\/wp-content\/uploads\/2022\/03\/Moulin-Roty-flower-press-children-Le-Jardin-du-Moulin-collection.jpg\",\"contentUrl\":\"https:\/\/teiaeducation.ch\/wp-content\/uploads\/2022\/03\/Moulin-Roty-flower-press-children-Le-Jardin-du-Moulin-collection.jpg\",\"width\":800,\"height\":800,\"caption\":\"Moulin Roty blumenpresse kinder Le Jardin du Moulin kollektion\"},{\"@type\":\"BreadcrumbList\",\"@id\":\"https:\/\/teiaeducation.ch\/de\/produkt\/blumenpresse-moulin-roty\/#breadcrumb\",\"itemListElement\":[{\"@type\":\"ListItem\",\"position\":1,\"name\":\"Home\",\"item\":\"https:\/\/teiaeducation.ch\/de\/\"},{\"@type\":\"ListItem\",\"position\":2,\"name\":\"Laden\",\"item\":\"https:\/\/teiaeducation.ch\/de\/shop\/\"},{\"@type\":\"ListItem\",\"position\":3,\"name\":\"Lernthemen\",\"item\":\"https:\/\/teiaeducation.ch\/de\/produkt-kategorie\/lernthemen\/\"},{\"@type\":\"ListItem\",\"position\":4,\"name\":\"Kultur &amp; Wissenschaft\",\"item\":\"https:\/\/teiaeducation.ch\/de\/produkt-kategorie\/lernthemen\/kultur-wissenschaft\/\"},{\"@type\":\"ListItem\",\"position\":5,\"name\":\"Botanik\",\"item\":\"https:\/\/teiaeducation.ch\/de\/produkt-kategorie\/lernthemen\/kultur-wissenschaft\/botanik\/\"},{\"@type\":\"ListItem\",\"position\":6,\"name\":\"Blumenpresse &#8211; Moulin Roty\"}]},{\"@type\":\"WebSite\",\"@id\":\"https:\/\/teiaeducation.ch\/de\/#website\",\"url\":\"https:\/\/teiaeducation.ch\/de\/\",\"name\":\"Sustainable Educational Products &amp; Ecological Toys\u00a0\",\"description\":\"Specialised Swiss shop selling sustainable educational toys and games, AMI certified Montessori materials, handmade ecological wooden Waldorf toys and arts &amp; crafts supplies, school supplies, children&#039;s furniture and Montessori reference and parenting books.\",\"publisher\":{\"@id\":\"https:\/\/teiaeducation.ch\/de\/#organization\"},\"alternateName\":\"Teia Education & Play\",\"potentialAction\":[{\"@type\":\"SearchAction\",\"target\":{\"@type\":\"EntryPoint\",\"urlTemplate\":\"https:\/\/teiaeducation.ch\/de\/?s={search_term_string}\"},\"query-input\":{\"@type\":\"PropertyValueSpecification\",\"valueRequired\":true,\"valueName\":\"search_term_string\"}}],\"inLanguage\":\"de-CH\"},{\"@type\":\"Organization\",\"@id\":\"https:\/\/teiaeducation.ch\/de\/#organization\",\"name\":\"Teia Education & Play\",\"url\":\"https:\/\/teiaeducation.ch\/de\/\",\"logo\":{\"@type\":\"ImageObject\",\"inLanguage\":\"de-CH\",\"@id\":\"https:\/\/teiaeducation.ch\/de\/#\/schema\/logo\/image\/\",\"url\":\"https:\/\/teiaeducation.ch\/wp-content\/uploads\/2020\/11\/Teia-Education-Switzerland-e1620156442216.jpg\",\"contentUrl\":\"https:\/\/teiaeducation.ch\/wp-content\/uploads\/2020\/11\/Teia-Education-Switzerland-e1620156442216.jpg\",\"width\":166,\"height\":145,\"caption\":\"Teia Education & Play\"},\"image\":{\"@id\":\"https:\/\/teiaeducation.ch\/de\/#\/schema\/logo\/image\/\"},\"sameAs\":[\"https:\/\/www.facebook.com\/teiaeducation\/\",\"https:\/\/x.com\/EducationTeia\",\"https:\/\/www.instagram.com\/teia.education\/\",\"https:\/\/www.linkedin.com\/company\/35501660\",\"https:\/\/www.pinterest.ch\/TeiaEducation\/\"]}]}<\/script>\n<!-- \/ Yoast SEO plugin. -->","yoast_head_json":{"title":"Blumenpresse - Moulin Roty - Teia Education & Play","description":"Die Blumenpresse von Moulin Roty aus der Kollektion Le Jardin du Moulin bietet eine sch\u00f6ne und lehrreiche Aktivit\u00e4t in der Natur f\u00fcr Kinder!","robots":{"index":"index","follow":"follow","max-snippet":"max-snippet:-1","max-image-preview":"max-image-preview:large","max-video-preview":"max-video-preview:-1"},"canonical":"https:\/\/teiaeducation.ch\/de\/produkt\/blumenpresse-moulin-roty\/","og_locale":"de_DE","og_type":"article","og_title":"Blumenpresse - Moulin Roty - Teia Education & Play","og_description":"Die Blumenpresse von Moulin Roty aus der Kollektion Le Jardin du Moulin bietet eine sch\u00f6ne und lehrreiche Aktivit\u00e4t in der Natur f\u00fcr Kinder!","og_url":"https:\/\/teiaeducation.ch\/de\/produkt\/blumenpresse-moulin-roty\/","og_site_name":"Sustainable Educational Products &amp; Ecological Toys\u00a0","article_publisher":"https:\/\/www.facebook.com\/teiaeducation\/","article_modified_time":"2023-06-14T21:47:12+00:00","og_image":[{"width":800,"height":800,"url":"https:\/\/teiaeducation.ch\/wp-content\/uploads\/2022\/03\/Moulin-Roty-flower-press-children-Le-Jardin-du-Moulin-collection.jpg","type":"image\/jpeg"}],"schema":{"@context":"https:\/\/schema.org","@graph":[{"@type":"WebPage","@id":"https:\/\/teiaeducation.ch\/de\/produkt\/blumenpresse-moulin-roty\/","url":"https:\/\/teiaeducation.ch\/de\/produkt\/blumenpresse-moulin-roty\/","name":"Blumenpresse - Moulin Roty - Teia Education & Play","isPartOf":{"@id":"https:\/\/teiaeducation.ch\/de\/#website"},"primaryImageOfPage":{"@id":"https:\/\/teiaeducation.ch\/de\/produkt\/blumenpresse-moulin-roty\/#primaryimage"},"image":{"@id":"https:\/\/teiaeducation.ch\/de\/produkt\/blumenpresse-moulin-roty\/#primaryimage"},"thumbnailUrl":"https:\/\/teiaeducation.ch\/wp-content\/uploads\/2022\/03\/Moulin-Roty-flower-press-children-Le-Jardin-du-Moulin-collection.jpg","datePublished":"2022-03-07T10:32:32+00:00","dateModified":"2023-06-14T21:47:12+00:00","description":"Die Blumenpresse von Moulin Roty aus der Kollektion Le Jardin du Moulin bietet eine sch\u00f6ne und lehrreiche Aktivit\u00e4t in der Natur f\u00fcr Kinder!","breadcrumb":{"@id":"https:\/\/teiaeducation.ch\/de\/produkt\/blumenpresse-moulin-roty\/#breadcrumb"},"inLanguage":"de-CH","potentialAction":[{"@type":"ReadAction","target":["https:\/\/teiaeducation.ch\/de\/produkt\/blumenpresse-moulin-roty\/"]}]},{"@type":"ImageObject","inLanguage":"de-CH","@id":"https:\/\/teiaeducation.ch\/de\/produkt\/blumenpresse-moulin-roty\/#primaryimage","url":"https:\/\/teiaeducation.ch\/wp-content\/uploads\/2022\/03\/Moulin-Roty-flower-press-children-Le-Jardin-du-Moulin-collection.jpg","contentUrl":"https:\/\/teiaeducation.ch\/wp-content\/uploads\/2022\/03\/Moulin-Roty-flower-press-children-Le-Jardin-du-Moulin-collection.jpg","width":800,"height":800,"caption":"Moulin Roty blumenpresse kinder Le Jardin du Moulin kollektion"},{"@type":"BreadcrumbList","@id":"https:\/\/teiaeducation.ch\/de\/produkt\/blumenpresse-moulin-roty\/#breadcrumb","itemListElement":[{"@type":"ListItem","position":1,"name":"Home","item":"https:\/\/teiaeducation.ch\/de\/"},{"@type":"ListItem","position":2,"name":"Laden","item":"https:\/\/teiaeducation.ch\/de\/shop\/"},{"@type":"ListItem","position":3,"name":"Lernthemen","item":"https:\/\/teiaeducation.ch\/de\/produkt-kategorie\/lernthemen\/"},{"@type":"ListItem","position":4,"name":"Kultur &amp; Wissenschaft","item":"https:\/\/teiaeducation.ch\/de\/produkt-kategorie\/lernthemen\/kultur-wissenschaft\/"},{"@type":"ListItem","position":5,"name":"Botanik","item":"https:\/\/teiaeducation.ch\/de\/produkt-kategorie\/lernthemen\/kultur-wissenschaft\/botanik\/"},{"@type":"ListItem","position":6,"name":"Blumenpresse &#8211; Moulin Roty"}]},{"@type":"WebSite","@id":"https:\/\/teiaeducation.ch\/de\/#website","url":"https:\/\/teiaeducation.ch\/de\/","name":"Sustainable Educational Products &amp; Ecological Toys\u00a0","description":"Specialised Swiss shop selling sustainable educational toys and games, AMI certified Montessori materials, handmade ecological wooden Waldorf toys and arts &amp; crafts supplies, school supplies, children&#039;s furniture and Montessori reference and parenting books.","publisher":{"@id":"https:\/\/teiaeducation.ch\/de\/#organization"},"alternateName":"Teia Education & Play","potentialAction":[{"@type":"SearchAction","target":{"@type":"EntryPoint","urlTemplate":"https:\/\/teiaeducation.ch\/de\/?s={search_term_string}"},"query-input":{"@type":"PropertyValueSpecification","valueRequired":true,"valueName":"search_term_string"}}],"inLanguage":"de-CH"},{"@type":"Organization","@id":"https:\/\/teiaeducation.ch\/de\/#organization","name":"Teia Education & Play","url":"https:\/\/teiaeducation.ch\/de\/","logo":{"@type":"ImageObject","inLanguage":"de-CH","@id":"https:\/\/teiaeducation.ch\/de\/#\/schema\/logo\/image\/","url":"https:\/\/teiaeducation.ch\/wp-content\/uploads\/2020\/11\/Teia-Education-Switzerland-e1620156442216.jpg","contentUrl":"https:\/\/teiaeducation.ch\/wp-content\/uploads\/2020\/11\/Teia-Education-Switzerland-e1620156442216.jpg","width":166,"height":145,"caption":"Teia Education & Play"},"image":{"@id":"https:\/\/teiaeducation.ch\/de\/#\/schema\/logo\/image\/"},"sameAs":["https:\/\/www.facebook.com\/teiaeducation\/","https:\/\/x.com\/EducationTeia","https:\/\/www.instagram.com\/teia.education\/","https:\/\/www.linkedin.com\/company\/35501660","https:\/\/www.pinterest.ch\/TeiaEducation\/"]}]}},"_links":{"self":[{"href":"https:\/\/teiaeducation.ch\/de\/wp-json\/wp\/v2\/product\/48165","targetHints":{"allow":["GET"]}}],"collection":[{"href":"https:\/\/teiaeducation.ch\/de\/wp-json\/wp\/v2\/product"}],"about":[{"href":"https:\/\/teiaeducation.ch\/de\/wp-json\/wp\/v2\/types\/product"}],"replies":[{"embeddable":true,"href":"https:\/\/teiaeducation.ch\/de\/wp-json\/wp\/v2\/comments?post=48165"}],"wp:featuredmedia":[{"embeddable":true,"href":"https:\/\/teiaeducation.ch\/de\/wp-json\/wp\/v2\/media\/45067"}],"wp:attachment":[{"href":"https:\/\/teiaeducation.ch\/de\/wp-json\/wp\/v2\/media?parent=48165"}],"wp:term":[{"taxonomy":"product_brand","embeddable":true,"href":"https:\/\/teiaeducation.ch\/de\/wp-json\/wp\/v2\/product_brand?post=48165"},{"taxonomy":"product_cat","embeddable":true,"href":"https:\/\/teiaeducation.ch\/de\/wp-json\/wp\/v2\/product_cat?post=48165"},{"taxonomy":"product_tag","embeddable":true,"href":"https:\/\/teiaeducation.ch\/de\/wp-json\/wp\/v2\/product_tag?post=48165"}],"curies":[{"name":"wp","href":"https:\/\/api.w.org\/{rel}","templated":true}]}}