{"id":48166,"date":"2021-04-13T13:54:51","date_gmt":"2021-04-13T11:54:51","guid":{"rendered":"https:\/\/teiaeducation.ch\/product\/magnetischer-kalender-die-jahreszeiten-moulin-roty\/"},"modified":"2023-04-19T11:55:53","modified_gmt":"2023-04-19T09:55:53","slug":"magnetischer-kalendar-die-jahreszeiten-moulin-roty","status":"publish","type":"product","link":"https:\/\/teiaeducation.ch\/de\/produkt\/magnetischer-kalendar-die-jahreszeiten-moulin-roty\/","title":{"rendered":"Magnetischer Kalender Die Jahreszeiten &#8211; Moulin Roty"},"content":{"rendered":"<p>Mit der magnetischer Kalender von Moulin Roty lernen Kinder die <a href=\"https:\/\/teiaeducation.ch\/de\/produkt-kategorie\/lernthemen\/kultur-wissenschaft\/jahreszeiten-wetter\/\">Jahreszeiten<\/a>, das Wetter, die Monate, das heutige Datum, die Mondphasen und die Wochentage kennen! Mit dem Thema &#8220;Ein Baum im Wandel der Jahreszeiten&#8221; zeigt der magnetische Kalender jede der vier Jahreszeiten und die entsprechenden Merkmale.<\/p>\n<p>Der magnetische Jahreszeiten Kalender ist in franz\u00f6sischer und englischer Sprache und wird mit einer Reihe von Magneten geliefert, die zur Vervollst\u00e4ndigung des Baumes angebracht werden k\u00f6nnen. Vier Sets mit Tier- und Pflanzen-Magnetstreifen sind enthalten sowie 1 Magnetstreifen mit Datumszahlen, den Wochentagen, den 12 Monaten des Jahres, Wettertypen, den verschiedenen Mondphasen und den vier Jahreszeiten sowie 4 Beutel zum Sortieren der Magnete nach Jahreszeiten.<\/p>\n<p><a href=\"https:\/\/teiaeducation.ch\/de\/produkt-kategorie\/unsere-marken\/moulin-roty-de\/\">Moulin Roty<\/a> ist eine franz\u00f6sische Marke, die f\u00fcr die Herstellung von sch\u00f6nem und hochwertigem Kinderspielzeug mit starkem emotionalem Wert bekannt ist. Jedes Spielzeug ist eine echte Figur die <a href=\"https:\/\/teiaeducation.ch\/de\/produkt-kategorie\/lernthemen\/alphabetisierung-sprache\/geschichtenerzaehlen\/\">Geschichten erz\u00e4hlt<\/a> und das Ergebnis der Arbeit und des Engagements des kreativen Teams der Marke ist. Durch die H\u00e4nde eines Teams von Illustratoren und Stylisten im Herzen von Moulin Roty, in Nort-sur-Erdre, Frankreich, hat jedes Spielzeug eine Welt aus Farben und Materialien, die speziell f\u00fcr ihn oder sie entworfen wurde.<\/p>\n<p>Jedes Spielzeug wird von einem unabh\u00e4ngigen franz\u00f6sischen Pr\u00fcfinstitut getestet und zugelassen. Alle Moulin Roty <a href=\"https:\/\/teiaeducation.ch\/de\/produkt-kategorie\/kinder-spielzeug\/\">Spielzeuge<\/a> entsprechen der europ\u00e4ischen Norm NF-EN71 und tragen das CE-Zeichen. Die meisten Stoffe und Materialien, die f\u00fcr die Herstellung der Spielzeuge verwendet werden, stammen aus Frankreich und Europa und haben aufgrund ihrer Kreativit\u00e4t, ihrer technischen Qualit\u00e4t und ihrer Ungiftigkeit die strengen Tests von \u00d6ko-Tex bestanden.<\/p>\n<p>Der magnetischer Jahreszeiten Kalender von Moulin Roty ist aus Karton und Metall gefertigt und f\u00fcr Kinder ab 4 Jahren geeignet.<\/p>\n<p>Inhalt:<\/p>\n<p>1 Magnetischer Kalender (39,5 x 48 cm)<br \/>\n108 Magneten<\/p>\n","protected":false},"excerpt":{"rendered":"<p>Artikelnummer: 712400<\/p>\n<p>Mit der magnetischer Kalender von Moulin Roty lernen Kinder die Jahreszeiten, das Wetter, die Monate, das heutige Datum, die Mondphasen und die Wochentage kennen!<\/p>\n","protected":false},"featured_media":48167,"comment_status":"open","ping_status":"closed","template":"","meta":[],"product_brand":[],"product_cat":[21445,21446,21500,23651,21479,21554,21670,21487,21484,21464,21521,21510,21509,21499,21537,21481,21576,21443,21563,22362,21494,21496,23636,21482,21564,22363],"product_tag":[23362,23360,23365,23361,23364,23363],"class_list":{"0":"post-48166","1":"product","2":"type-product","3":"status-publish","4":"has-post-thumbnail","6":"product_cat-3-6-jahre-vorschule","7":"product_cat-6-12-jahre-grundschule","8":"product_cat-aktivitaetssets","9":"product_cat-back-to-school-de","10":"product_cat-lernmaterialien-spielzeug-montessori-waldorf-steiner-froebel","11":"product_cat-die-zeit","12":"product_cat-fruehjahrskollektion","13":"product_cat-geschenk-guide-3-6-jahre-vorschule","14":"product_cat-geschenk-guides","15":"product_cat-herbstkollektion","16":"product_cat-jahreszeiten-wetter","17":"product_cat-kultur-wissenschaft","18":"product_cat-lernthemen","19":"product_cat-lernunterstuetzung","20":"product_cat-mathematik-rechnen","21":"product_cat-montessori-paedagogik-material-spielzeug","22":"product_cat-moulin-roty-de","23":"product_cat-nach-alter","24":"product_cat-neuheiten","25":"product_cat-saisonale-kollektionen","26":"product_cat-schulbedarf-fuer-zuhause","27":"product_cat-schulbedarf-fuer-zuhause-6-12-jahre","28":"product_cat-sommer-kollektion","29":"product_cat-traditionelle-bildung","30":"product_cat-unsere-marken","31":"product_cat-winter-kollektion","32":"product_tag-die-mondphasen","33":"product_tag-lernen-uber-die-jahreszeiten","34":"product_tag-lernspielzeug-fur-kinder","35":"product_tag-magnetischer-kalender-die-jahreszeiten","36":"product_tag-moulin-roty-lernspielzeug","37":"product_tag-wetter-und-jahreszeiten","39":"first","40":"instock","41":"taxable","42":"shipping-taxable","43":"purchasable","44":"product-type-simple"},"yoast_head":"<!-- This site is optimized with the Yoast SEO plugin v27.1.1 - https:\/\/yoast.com\/product\/yoast-seo-wordpress\/ -->\n<title>Magnetischer Kalender Die Jahreszeiten - Moulin Roty<\/title>\n<meta name=\"description\" content=\"Mit der magnetischer Kalender von Moulin Roty lernen Kinder die Jahreszeiten, das Wetter, die Monate, Mondphasen und die Wochentage kennen!\" \/>\n<meta name=\"robots\" content=\"index, follow, max-snippet:-1, max-image-preview:large, max-video-preview:-1\" \/>\n<link rel=\"canonical\" href=\"https:\/\/teiaeducation.ch\/de\/produkt\/magnetischer-kalendar-die-jahreszeiten-moulin-roty\/\" \/>\n<meta property=\"og:locale\" content=\"de_DE\" \/>\n<meta property=\"og:type\" content=\"article\" \/>\n<meta property=\"og:title\" content=\"Magnetischer Kalender Die Jahreszeiten - Moulin Roty\" \/>\n<meta property=\"og:description\" content=\"Mit der magnetischer Kalender von Moulin Roty lernen Kinder die Jahreszeiten, das Wetter, die Monate, Mondphasen und die Wochentage kennen!\" \/>\n<meta property=\"og:url\" content=\"https:\/\/teiaeducation.ch\/de\/produkt\/magnetischer-kalendar-die-jahreszeiten-moulin-roty\/\" \/>\n<meta property=\"og:site_name\" content=\"Sustainable Educational Products &amp; Ecological Toys\u00a0\" \/>\n<meta property=\"article:publisher\" content=\"https:\/\/www.facebook.com\/teiaeducation\/\" \/>\n<meta property=\"article:modified_time\" content=\"2023-04-19T09:55:53+00:00\" \/>\n<meta property=\"og:image\" content=\"https:\/\/teiaeducation.ch\/wp-content\/uploads\/2020\/09\/Magnetic-calendar-the-seasons-Moulin-Roty.jpg\" \/>\n\t<meta property=\"og:image:width\" content=\"1080\" \/>\n\t<meta property=\"og:image:height\" content=\"1080\" \/>\n\t<meta property=\"og:image:type\" content=\"image\/jpeg\" \/>\n<script type=\"application\/ld+json\" class=\"yoast-schema-graph\">{\"@context\":\"https:\/\/schema.org\",\"@graph\":[{\"@type\":\"WebPage\",\"@id\":\"https:\/\/teiaeducation.ch\/de\/produkt\/magnetischer-kalendar-die-jahreszeiten-moulin-roty\/\",\"url\":\"https:\/\/teiaeducation.ch\/de\/produkt\/magnetischer-kalendar-die-jahreszeiten-moulin-roty\/\",\"name\":\"Magnetischer Kalender Die Jahreszeiten - Moulin Roty\",\"isPartOf\":{\"@id\":\"https:\/\/teiaeducation.ch\/de\/#website\"},\"primaryImageOfPage\":{\"@id\":\"https:\/\/teiaeducation.ch\/de\/produkt\/magnetischer-kalendar-die-jahreszeiten-moulin-roty\/#primaryimage\"},\"image\":{\"@id\":\"https:\/\/teiaeducation.ch\/de\/produkt\/magnetischer-kalendar-die-jahreszeiten-moulin-roty\/#primaryimage\"},\"thumbnailUrl\":\"https:\/\/teiaeducation.ch\/wp-content\/uploads\/2020\/09\/Magnetic-calendar-the-seasons-Moulin-Roty.jpg\",\"datePublished\":\"2021-04-13T11:54:51+00:00\",\"dateModified\":\"2023-04-19T09:55:53+00:00\",\"description\":\"Mit der magnetischer Kalender von Moulin Roty lernen Kinder die Jahreszeiten, das Wetter, die Monate, Mondphasen und die Wochentage kennen!\",\"breadcrumb\":{\"@id\":\"https:\/\/teiaeducation.ch\/de\/produkt\/magnetischer-kalendar-die-jahreszeiten-moulin-roty\/#breadcrumb\"},\"inLanguage\":\"de-CH\",\"potentialAction\":[{\"@type\":\"ReadAction\",\"target\":[\"https:\/\/teiaeducation.ch\/de\/produkt\/magnetischer-kalendar-die-jahreszeiten-moulin-roty\/\"]}]},{\"@type\":\"ImageObject\",\"inLanguage\":\"de-CH\",\"@id\":\"https:\/\/teiaeducation.ch\/de\/produkt\/magnetischer-kalendar-die-jahreszeiten-moulin-roty\/#primaryimage\",\"url\":\"https:\/\/teiaeducation.ch\/wp-content\/uploads\/2020\/09\/Magnetic-calendar-the-seasons-Moulin-Roty.jpg\",\"contentUrl\":\"https:\/\/teiaeducation.ch\/wp-content\/uploads\/2020\/09\/Magnetic-calendar-the-seasons-Moulin-Roty.jpg\",\"width\":1080,\"height\":1080,\"caption\":\"Magnetischer Kalender Die Jahreszeiten - Moulin Roty\"},{\"@type\":\"BreadcrumbList\",\"@id\":\"https:\/\/teiaeducation.ch\/de\/produkt\/magnetischer-kalendar-die-jahreszeiten-moulin-roty\/#breadcrumb\",\"itemListElement\":[{\"@type\":\"ListItem\",\"position\":1,\"name\":\"Home\",\"item\":\"https:\/\/teiaeducation.ch\/de\/\"},{\"@type\":\"ListItem\",\"position\":2,\"name\":\"Laden\",\"item\":\"https:\/\/teiaeducation.ch\/de\/shop\/\"},{\"@type\":\"ListItem\",\"position\":3,\"name\":\"Lernthemen\",\"item\":\"https:\/\/teiaeducation.ch\/de\/produkt-kategorie\/lernthemen\/\"},{\"@type\":\"ListItem\",\"position\":4,\"name\":\"Mathematik &amp; Rechnen\",\"item\":\"https:\/\/teiaeducation.ch\/de\/produkt-kategorie\/lernthemen\/mathematik-rechnen\/\"},{\"@type\":\"ListItem\",\"position\":5,\"name\":\"Die Zeit\",\"item\":\"https:\/\/teiaeducation.ch\/de\/produkt-kategorie\/lernthemen\/mathematik-rechnen\/die-zeit\/\"},{\"@type\":\"ListItem\",\"position\":6,\"name\":\"Magnetischer Kalender Die Jahreszeiten &#8211; Moulin Roty\"}]},{\"@type\":\"WebSite\",\"@id\":\"https:\/\/teiaeducation.ch\/de\/#website\",\"url\":\"https:\/\/teiaeducation.ch\/de\/\",\"name\":\"Sustainable Educational Products &amp; Ecological Toys\u00a0\",\"description\":\"Specialised Swiss shop selling sustainable educational toys and games, AMI certified Montessori materials, handmade ecological wooden Waldorf toys and arts &amp; crafts supplies, school supplies, children&#039;s furniture and Montessori reference and parenting books.\",\"publisher\":{\"@id\":\"https:\/\/teiaeducation.ch\/de\/#organization\"},\"alternateName\":\"Teia Education & Play\",\"potentialAction\":[{\"@type\":\"SearchAction\",\"target\":{\"@type\":\"EntryPoint\",\"urlTemplate\":\"https:\/\/teiaeducation.ch\/de\/?s={search_term_string}\"},\"query-input\":{\"@type\":\"PropertyValueSpecification\",\"valueRequired\":true,\"valueName\":\"search_term_string\"}}],\"inLanguage\":\"de-CH\"},{\"@type\":\"Organization\",\"@id\":\"https:\/\/teiaeducation.ch\/de\/#organization\",\"name\":\"Teia Education & Play\",\"url\":\"https:\/\/teiaeducation.ch\/de\/\",\"logo\":{\"@type\":\"ImageObject\",\"inLanguage\":\"de-CH\",\"@id\":\"https:\/\/teiaeducation.ch\/de\/#\/schema\/logo\/image\/\",\"url\":\"https:\/\/teiaeducation.ch\/wp-content\/uploads\/2020\/11\/Teia-Education-Switzerland-e1620156442216.jpg\",\"contentUrl\":\"https:\/\/teiaeducation.ch\/wp-content\/uploads\/2020\/11\/Teia-Education-Switzerland-e1620156442216.jpg\",\"width\":166,\"height\":145,\"caption\":\"Teia Education & Play\"},\"image\":{\"@id\":\"https:\/\/teiaeducation.ch\/de\/#\/schema\/logo\/image\/\"},\"sameAs\":[\"https:\/\/www.facebook.com\/teiaeducation\/\",\"https:\/\/x.com\/EducationTeia\",\"https:\/\/www.instagram.com\/teia.education\/\",\"https:\/\/www.linkedin.com\/company\/35501660\",\"https:\/\/www.pinterest.ch\/TeiaEducation\/\"]}]}<\/script>\n<!-- \/ Yoast SEO plugin. -->","yoast_head_json":{"title":"Magnetischer Kalender Die Jahreszeiten - Moulin Roty","description":"Mit der magnetischer Kalender von Moulin Roty lernen Kinder die Jahreszeiten, das Wetter, die Monate, Mondphasen und die Wochentage kennen!","robots":{"index":"index","follow":"follow","max-snippet":"max-snippet:-1","max-image-preview":"max-image-preview:large","max-video-preview":"max-video-preview:-1"},"canonical":"https:\/\/teiaeducation.ch\/de\/produkt\/magnetischer-kalendar-die-jahreszeiten-moulin-roty\/","og_locale":"de_DE","og_type":"article","og_title":"Magnetischer Kalender Die Jahreszeiten - Moulin Roty","og_description":"Mit der magnetischer Kalender von Moulin Roty lernen Kinder die Jahreszeiten, das Wetter, die Monate, Mondphasen und die Wochentage kennen!","og_url":"https:\/\/teiaeducation.ch\/de\/produkt\/magnetischer-kalendar-die-jahreszeiten-moulin-roty\/","og_site_name":"Sustainable Educational Products &amp; Ecological Toys\u00a0","article_publisher":"https:\/\/www.facebook.com\/teiaeducation\/","article_modified_time":"2023-04-19T09:55:53+00:00","og_image":[{"width":1080,"height":1080,"url":"https:\/\/teiaeducation.ch\/wp-content\/uploads\/2020\/09\/Magnetic-calendar-the-seasons-Moulin-Roty.jpg","type":"image\/jpeg"}],"schema":{"@context":"https:\/\/schema.org","@graph":[{"@type":"WebPage","@id":"https:\/\/teiaeducation.ch\/de\/produkt\/magnetischer-kalendar-die-jahreszeiten-moulin-roty\/","url":"https:\/\/teiaeducation.ch\/de\/produkt\/magnetischer-kalendar-die-jahreszeiten-moulin-roty\/","name":"Magnetischer Kalender Die Jahreszeiten - Moulin Roty","isPartOf":{"@id":"https:\/\/teiaeducation.ch\/de\/#website"},"primaryImageOfPage":{"@id":"https:\/\/teiaeducation.ch\/de\/produkt\/magnetischer-kalendar-die-jahreszeiten-moulin-roty\/#primaryimage"},"image":{"@id":"https:\/\/teiaeducation.ch\/de\/produkt\/magnetischer-kalendar-die-jahreszeiten-moulin-roty\/#primaryimage"},"thumbnailUrl":"https:\/\/teiaeducation.ch\/wp-content\/uploads\/2020\/09\/Magnetic-calendar-the-seasons-Moulin-Roty.jpg","datePublished":"2021-04-13T11:54:51+00:00","dateModified":"2023-04-19T09:55:53+00:00","description":"Mit der magnetischer Kalender von Moulin Roty lernen Kinder die Jahreszeiten, das Wetter, die Monate, Mondphasen und die Wochentage kennen!","breadcrumb":{"@id":"https:\/\/teiaeducation.ch\/de\/produkt\/magnetischer-kalendar-die-jahreszeiten-moulin-roty\/#breadcrumb"},"inLanguage":"de-CH","potentialAction":[{"@type":"ReadAction","target":["https:\/\/teiaeducation.ch\/de\/produkt\/magnetischer-kalendar-die-jahreszeiten-moulin-roty\/"]}]},{"@type":"ImageObject","inLanguage":"de-CH","@id":"https:\/\/teiaeducation.ch\/de\/produkt\/magnetischer-kalendar-die-jahreszeiten-moulin-roty\/#primaryimage","url":"https:\/\/teiaeducation.ch\/wp-content\/uploads\/2020\/09\/Magnetic-calendar-the-seasons-Moulin-Roty.jpg","contentUrl":"https:\/\/teiaeducation.ch\/wp-content\/uploads\/2020\/09\/Magnetic-calendar-the-seasons-Moulin-Roty.jpg","width":1080,"height":1080,"caption":"Magnetischer Kalender Die Jahreszeiten - Moulin Roty"},{"@type":"BreadcrumbList","@id":"https:\/\/teiaeducation.ch\/de\/produkt\/magnetischer-kalendar-die-jahreszeiten-moulin-roty\/#breadcrumb","itemListElement":[{"@type":"ListItem","position":1,"name":"Home","item":"https:\/\/teiaeducation.ch\/de\/"},{"@type":"ListItem","position":2,"name":"Laden","item":"https:\/\/teiaeducation.ch\/de\/shop\/"},{"@type":"ListItem","position":3,"name":"Lernthemen","item":"https:\/\/teiaeducation.ch\/de\/produkt-kategorie\/lernthemen\/"},{"@type":"ListItem","position":4,"name":"Mathematik &amp; Rechnen","item":"https:\/\/teiaeducation.ch\/de\/produkt-kategorie\/lernthemen\/mathematik-rechnen\/"},{"@type":"ListItem","position":5,"name":"Die Zeit","item":"https:\/\/teiaeducation.ch\/de\/produkt-kategorie\/lernthemen\/mathematik-rechnen\/die-zeit\/"},{"@type":"ListItem","position":6,"name":"Magnetischer Kalender Die Jahreszeiten &#8211; Moulin Roty"}]},{"@type":"WebSite","@id":"https:\/\/teiaeducation.ch\/de\/#website","url":"https:\/\/teiaeducation.ch\/de\/","name":"Sustainable Educational Products &amp; Ecological Toys\u00a0","description":"Specialised Swiss shop selling sustainable educational toys and games, AMI certified Montessori materials, handmade ecological wooden Waldorf toys and arts &amp; crafts supplies, school supplies, children&#039;s furniture and Montessori reference and parenting books.","publisher":{"@id":"https:\/\/teiaeducation.ch\/de\/#organization"},"alternateName":"Teia Education & Play","potentialAction":[{"@type":"SearchAction","target":{"@type":"EntryPoint","urlTemplate":"https:\/\/teiaeducation.ch\/de\/?s={search_term_string}"},"query-input":{"@type":"PropertyValueSpecification","valueRequired":true,"valueName":"search_term_string"}}],"inLanguage":"de-CH"},{"@type":"Organization","@id":"https:\/\/teiaeducation.ch\/de\/#organization","name":"Teia Education & Play","url":"https:\/\/teiaeducation.ch\/de\/","logo":{"@type":"ImageObject","inLanguage":"de-CH","@id":"https:\/\/teiaeducation.ch\/de\/#\/schema\/logo\/image\/","url":"https:\/\/teiaeducation.ch\/wp-content\/uploads\/2020\/11\/Teia-Education-Switzerland-e1620156442216.jpg","contentUrl":"https:\/\/teiaeducation.ch\/wp-content\/uploads\/2020\/11\/Teia-Education-Switzerland-e1620156442216.jpg","width":166,"height":145,"caption":"Teia Education & Play"},"image":{"@id":"https:\/\/teiaeducation.ch\/de\/#\/schema\/logo\/image\/"},"sameAs":["https:\/\/www.facebook.com\/teiaeducation\/","https:\/\/x.com\/EducationTeia","https:\/\/www.instagram.com\/teia.education\/","https:\/\/www.linkedin.com\/company\/35501660","https:\/\/www.pinterest.ch\/TeiaEducation\/"]}]}},"_links":{"self":[{"href":"https:\/\/teiaeducation.ch\/de\/wp-json\/wp\/v2\/product\/48166","targetHints":{"allow":["GET"]}}],"collection":[{"href":"https:\/\/teiaeducation.ch\/de\/wp-json\/wp\/v2\/product"}],"about":[{"href":"https:\/\/teiaeducation.ch\/de\/wp-json\/wp\/v2\/types\/product"}],"replies":[{"embeddable":true,"href":"https:\/\/teiaeducation.ch\/de\/wp-json\/wp\/v2\/comments?post=48166"}],"wp:featuredmedia":[{"embeddable":true,"href":"https:\/\/teiaeducation.ch\/de\/wp-json\/wp\/v2\/media\/48167"}],"wp:attachment":[{"href":"https:\/\/teiaeducation.ch\/de\/wp-json\/wp\/v2\/media?parent=48166"}],"wp:term":[{"taxonomy":"product_brand","embeddable":true,"href":"https:\/\/teiaeducation.ch\/de\/wp-json\/wp\/v2\/product_brand?post=48166"},{"taxonomy":"product_cat","embeddable":true,"href":"https:\/\/teiaeducation.ch\/de\/wp-json\/wp\/v2\/product_cat?post=48166"},{"taxonomy":"product_tag","embeddable":true,"href":"https:\/\/teiaeducation.ch\/de\/wp-json\/wp\/v2\/product_tag?post=48166"}],"curies":[{"name":"wp","href":"https:\/\/api.w.org\/{rel}","templated":true}]}}