{"id":48172,"date":"2021-04-13T13:53:50","date_gmt":"2021-04-13T11:53:50","guid":{"rendered":"https:\/\/teiaeducation.ch\/product\/garten-aktivitaeten-buch-moulin-roty\/"},"modified":"2022-06-10T14:44:16","modified_gmt":"2022-06-10T12:44:16","slug":"garten-aktivitaten-buch-moulin-roty","status":"publish","type":"product","link":"https:\/\/teiaeducation.ch\/de\/produkt\/garten-aktivitaten-buch-moulin-roty\/","title":{"rendered":"Garten Aktivit\u00e4ten Buch &#8211; Moulin Roty"},"content":{"rendered":"<p>Das Garten Aktivit\u00e4ten Buch aus der Moulin Roty Kollektion Le Jardin du Moulin\u00a0enth\u00e4lt ansprechende Illustrationen zum Thema <a href=\"https:\/\/teiaeducation.ch\/de\/produkt-kategorie\/malen-basteln\/gartnern\/\">Garten<\/a>, Spiele und Aktivit\u00e4ten zum <a href=\"https:\/\/teiaeducation.ch\/de\/produkt-kategorie\/malen-basteln\/malen\/\">Ausmalen<\/a> und Ausf\u00fcllen.<\/p>\n<p>Mit wundersch\u00f6nen Illustrationen von <a href=\"https:\/\/teiaeducation.ch\/de\/produkt-kategorie\/kinder-spielzeug\/tiere-bauernhoefe\/\">Wildtieren<\/a> in dem charmanten und skurrilen franz\u00f6sischen Stil, f\u00fcr den Moulin Roty ber\u00fchmt ist, k\u00f6nnen Kinder etwas \u00fcber die Natur lernen und <a href=\"https:\/\/teiaeducation.ch\/de\/produkt-kategorie\/malen-basteln\/\">kreativ<\/a> werden. Neben dem Ausmalen und Zeichnen gibt es viele Spiele, wie z. B. &#8220;Finde den Unterschied&#8221; und Labyrinthe, die die Beobachtungs- und Konzentrationsf\u00e4higkeit der Kinder verbessern. Das <a href=\"https:\/\/teiaeducation.ch\/de\/produkt-kategorie\/kinderbuecher\/\">Buch<\/a> hat 36 Seiten, misst 27 x 21 cm und ist aus hochwertigem bedrucktem Papier hergestellt.<\/p>\n<p>Das Garten <a href=\"https:\/\/teiaeducation.ch\/de\/produkt-kategorie\/kinderbuecher\/aktivitaetsbuecher-sticker\/\">Aktivit\u00e4ten Buch<\/a> von Moulin Roty ist Teil der wunderbaren Kollektion &#8220;Le Jardin du Moulin&#8221; und ideal f\u00fcr kleine G\u00e4rtner und Botaniker. In einer mit Aquarellen illustrierten Welt, die reich an Farben und lustigen Tieren ist, bietet die Kollektion Jardin du Moulin alles, was n\u00f6tig ist, um Kleinkinder zu allen <a href=\"https:\/\/teiaeducation.ch\/de\/produkt-kategorie\/lernthemen\/kultur-wissenschaft\/jahreszeiten-wetter\/\">Jahreszeiten<\/a> an die Entdeckung der <a href=\"https:\/\/teiaeducation.ch\/de\/produkt-kategorie\/kinder-spielzeug\/naturspiel\/\">Natur<\/a> heranzuf\u00fchren. Sie k\u00f6nnen zu <a href=\"https:\/\/teiaeducation.ch\/de\/produkt-kategorie\/lernthemen\/kultur-wissenschaft\/botanik\/\">Botanikern<\/a> werden, indem sie die Fauna und Flora beobachten und mit ihr spielen, sie k\u00f6nnen ihre H\u00e4nde in die Erde stecken, um die Geheimnisse von Obst und Gem\u00fcse zu entdecken, indem sie zu G\u00e4rtnern werden, oder sie k\u00f6nnen sich in die Rolle eines Entdeckers versetzen, indem sie zu neuen Horizonten aufbrechen! Die Kollektion bietet echte Werkzeuge, um das Wissen der Kinder im Garten in die Praxis umzusetzen, enth\u00e4lt aber auch Edutainment-Spiele, um das Wissen \u00fcber die Natur und die <a href=\"https:\/\/teiaeducation.ch\/de\/produkt-kategorie\/lernthemen\/kultur-wissenschaft\/erde-universum\/\">Welt<\/a> um uns herum zu vertiefen!<\/p>\n<p><a href=\"https:\/\/teiaeducation.ch\/de\/produkt-kategorie\/unsere-marken\/moulin-roty-de\/\">Moulin Roty<\/a> ist eine franz\u00f6sische Marke, die f\u00fcr die Herstellung von sch\u00f6nem und hochwertigem Kinderspielzeug mit starkem emotionalem Wert bekannt ist. Jedes Spielzeug ist eine echte Figur die <a href=\"https:\/\/teiaeducation.ch\/de\/produkt-kategorie\/lernthemen\/alphabetisierung-sprache\/geschichtenerzaehlen\/\">Geschichten erz\u00e4hlt<\/a> und das Ergebnis der Arbeit und des Engagements des kreativen Teams der Marke ist. Durch die H\u00e4nde eines Teams von Illustratoren und Stylisten im Herzen von Moulin Roty, in Nort-sur-Erdre, Frankreich, hat jedes Spielzeug eine Welt aus Farben und Materialien, die speziell f\u00fcr ihn oder sie entworfen wurde.<\/p>\n<p>Das Moulin Roty Garten Aktivit\u00e4ten Buch wird f\u00fcr Kinder ab 3 Jahren empfohlen.<\/p>\n<p>Inhalt:<\/p>\n<p>1 Aktivit\u00e4ten Buch mit 36 Seiten<\/p>\n","protected":false},"excerpt":{"rendered":"<p>Artikelnummer: 712601<\/p>\n<p>Das Aktivit\u00e4ten Buch Le Jardin du Moulin von Moulin Roty ist gef\u00fcllt mit Spielen, R\u00e4tseln, Mal- und Zeichenaktivit\u00e4ten rund um den Garten.<\/p>\n","protected":false},"featured_media":48173,"comment_status":"open","ping_status":"closed","template":"","meta":[],"product_brand":[],"product_cat":[21445,21446,21467,21500,21512,21670,21453,21490,21484,22422,21521,21466,21447,21510,21509,21499,21576,21443,21470,21689,21563,22362,21494,21495,23636,21678,21564,21450],"product_tag":[23373,23369,23375,23372,23371,23368,23370,23347,23346,23345,23374],"class_list":{"0":"post-48172","1":"product","2":"type-product","3":"status-publish","4":"has-post-thumbnail","6":"product_cat-3-6-jahre-vorschule","7":"product_cat-6-12-jahre-grundschule","8":"product_cat-aktivitaetsbuecher-sticker","9":"product_cat-aktivitaetssets","10":"product_cat-botanik","11":"product_cat-fruehjahrskollektion","12":"product_cat-gartnern","13":"product_cat-geschenk-guide-kreativ","14":"product_cat-geschenk-guides","15":"product_cat-geschenke-fuer-das-osterkoerbchen","16":"product_cat-jahreszeiten-wetter","17":"product_cat-kinderbuecher","18":"product_cat-malen-basteln","19":"product_cat-kultur-wissenschaft","20":"product_cat-lernthemen","21":"product_cat-lernunterstuetzung","22":"product_cat-moulin-roty-de","23":"product_cat-nach-alter","24":"product_cat-naturbuecher","25":"product_cat-naturspiel","26":"product_cat-neuheiten","27":"product_cat-saisonale-kollektionen","28":"product_cat-schulbedarf-fuer-zuhause","29":"product_cat-schulbedarf-fuer-zuhause-3-6-jahre","30":"product_cat-sommer-kollektion","31":"product_cat-kinder-spielzeug","32":"product_cat-unsere-marken","33":"product_cat-zeichnen-malen","34":"product_tag-aktivitaten-buch-fur-kinder","35":"product_tag-garten-aktivitaten-buch","36":"product_tag-garten-aktivitaten-bucher","37":"product_tag-le-jardin-du-moulin-de","38":"product_tag-moulin-roty-aktivitaten-buch","39":"product_tag-moulin-roty-garten-aktivitaten-buch","40":"product_tag-moulin-roty-malbuch","41":"product_tag-moulin-roty-schweiz-de","42":"product_tag-moulin-roty-suisse-de","43":"product_tag-moulin-roty-switzerland-de","44":"product_tag-natur-aktivitaten-buch-fur-kinder","46":"first","47":"instock","48":"taxable","49":"shipping-taxable","50":"purchasable","51":"product-type-simple"},"yoast_head":"<!-- This site is optimized with the Yoast SEO Premium plugin v25.8 (Yoast SEO v27.4) - https:\/\/yoast.com\/product\/yoast-seo-premium-wordpress\/ -->\n<title>Garten Aktivit\u00e4ten Buch - Moulin Roty - Teia Education &amp; Play<\/title>\n<meta name=\"description\" content=\"Das Aktivit\u00e4ten Buch Le Jardin du Moulin von Moulin Roty ist gef\u00fcllt mit Spielen, R\u00e4tseln, Mal- und Zeichenaktivit\u00e4ten rund um den Garten.\" \/>\n<meta name=\"robots\" content=\"index, follow, max-snippet:-1, max-image-preview:large, max-video-preview:-1\" \/>\n<link rel=\"canonical\" href=\"https:\/\/teiaeducation.ch\/de\/produkt\/garten-aktivitaten-buch-moulin-roty\/\" \/>\n<meta property=\"og:locale\" content=\"de_DE\" \/>\n<meta property=\"og:type\" content=\"article\" \/>\n<meta property=\"og:title\" content=\"Garten Aktivit\u00e4ten Buch - Moulin Roty\" \/>\n<meta property=\"og:description\" content=\"Das Aktivit\u00e4ten Buch Le Jardin du Moulin von Moulin Roty ist gef\u00fcllt mit Spielen, R\u00e4tseln, Mal- und Zeichenaktivit\u00e4ten rund um den Garten.\" \/>\n<meta property=\"og:url\" content=\"https:\/\/teiaeducation.ch\/de\/produkt\/garten-aktivitaten-buch-moulin-roty\/\" \/>\n<meta property=\"og:site_name\" content=\"Sustainable Educational Products &amp; Ecological Toys\u00a0\" \/>\n<meta property=\"article:publisher\" content=\"https:\/\/www.facebook.com\/teiaeducation\/\" \/>\n<meta property=\"article:modified_time\" content=\"2022-06-10T12:44:16+00:00\" \/>\n<meta property=\"og:image\" content=\"https:\/\/teiaeducation.ch\/wp-content\/uploads\/2021\/04\/Garden-activity-book-Moulin-Roty.jpg\" \/>\n\t<meta property=\"og:image:width\" content=\"800\" \/>\n\t<meta property=\"og:image:height\" content=\"800\" \/>\n\t<meta property=\"og:image:type\" content=\"image\/jpeg\" \/>\n<script type=\"application\/ld+json\" class=\"yoast-schema-graph\">{\"@context\":\"https:\\\/\\\/schema.org\",\"@graph\":[{\"@type\":\"WebPage\",\"@id\":\"https:\\\/\\\/teiaeducation.ch\\\/de\\\/produkt\\\/garten-aktivitaten-buch-moulin-roty\\\/\",\"url\":\"https:\\\/\\\/teiaeducation.ch\\\/de\\\/produkt\\\/garten-aktivitaten-buch-moulin-roty\\\/\",\"name\":\"Garten Aktivit\u00e4ten Buch - Moulin Roty - Teia Education & Play\",\"isPartOf\":{\"@id\":\"https:\\\/\\\/teiaeducation.ch\\\/de\\\/#website\"},\"primaryImageOfPage\":{\"@id\":\"https:\\\/\\\/teiaeducation.ch\\\/de\\\/produkt\\\/garten-aktivitaten-buch-moulin-roty\\\/#primaryimage\"},\"image\":{\"@id\":\"https:\\\/\\\/teiaeducation.ch\\\/de\\\/produkt\\\/garten-aktivitaten-buch-moulin-roty\\\/#primaryimage\"},\"thumbnailUrl\":\"https:\\\/\\\/teiaeducation.ch\\\/wp-content\\\/uploads\\\/2021\\\/04\\\/Garden-activity-book-Moulin-Roty.jpg\",\"datePublished\":\"2021-04-13T11:53:50+00:00\",\"dateModified\":\"2022-06-10T12:44:16+00:00\",\"description\":\"Das Aktivit\u00e4ten Buch Le Jardin du Moulin von Moulin Roty ist gef\u00fcllt mit Spielen, R\u00e4tseln, Mal- und Zeichenaktivit\u00e4ten rund um den Garten.\",\"breadcrumb\":{\"@id\":\"https:\\\/\\\/teiaeducation.ch\\\/de\\\/produkt\\\/garten-aktivitaten-buch-moulin-roty\\\/#breadcrumb\"},\"inLanguage\":\"de-CH\",\"potentialAction\":[{\"@type\":\"ReadAction\",\"target\":[\"https:\\\/\\\/teiaeducation.ch\\\/de\\\/produkt\\\/garten-aktivitaten-buch-moulin-roty\\\/\"]}]},{\"@type\":\"ImageObject\",\"inLanguage\":\"de-CH\",\"@id\":\"https:\\\/\\\/teiaeducation.ch\\\/de\\\/produkt\\\/garten-aktivitaten-buch-moulin-roty\\\/#primaryimage\",\"url\":\"https:\\\/\\\/teiaeducation.ch\\\/wp-content\\\/uploads\\\/2021\\\/04\\\/Garden-activity-book-Moulin-Roty.jpg\",\"contentUrl\":\"https:\\\/\\\/teiaeducation.ch\\\/wp-content\\\/uploads\\\/2021\\\/04\\\/Garden-activity-book-Moulin-Roty.jpg\",\"width\":800,\"height\":800,\"caption\":\"Le Jardin du Moulin Garten Aktivit\u00e4ten Buch - Moulin Roty\"},{\"@type\":\"BreadcrumbList\",\"@id\":\"https:\\\/\\\/teiaeducation.ch\\\/de\\\/produkt\\\/garten-aktivitaten-buch-moulin-roty\\\/#breadcrumb\",\"itemListElement\":[{\"@type\":\"ListItem\",\"position\":1,\"name\":\"Home\",\"item\":\"https:\\\/\\\/teiaeducation.ch\\\/de\\\/\"},{\"@type\":\"ListItem\",\"position\":2,\"name\":\"Laden\",\"item\":\"https:\\\/\\\/teiaeducation.ch\\\/de\\\/shop\\\/\"},{\"@type\":\"ListItem\",\"position\":3,\"name\":\"Unsere Marken\",\"item\":\"https:\\\/\\\/teiaeducation.ch\\\/de\\\/produkt-kategorie\\\/unsere-marken\\\/\"},{\"@type\":\"ListItem\",\"position\":4,\"name\":\"Moulin Roty\",\"item\":\"https:\\\/\\\/teiaeducation.ch\\\/de\\\/produkt-kategorie\\\/unsere-marken\\\/moulin-roty-de\\\/\"},{\"@type\":\"ListItem\",\"position\":5,\"name\":\"Garten Aktivit\u00e4ten Buch &#8211; Moulin Roty\"}]},{\"@type\":\"WebSite\",\"@id\":\"https:\\\/\\\/teiaeducation.ch\\\/de\\\/#website\",\"url\":\"https:\\\/\\\/teiaeducation.ch\\\/de\\\/\",\"name\":\"Sustainable Educational Products &amp; Ecological Toys\u00a0\",\"description\":\"Specialised Swiss shop selling sustainable educational toys and games, AMI certified Montessori materials, handmade ecological wooden Waldorf toys and arts &amp; crafts supplies, school supplies, children&#039;s furniture and Montessori reference and parenting books.\",\"publisher\":{\"@id\":\"https:\\\/\\\/teiaeducation.ch\\\/de\\\/#organization\"},\"alternateName\":\"Teia Education & Play\",\"potentialAction\":[{\"@type\":\"SearchAction\",\"target\":{\"@type\":\"EntryPoint\",\"urlTemplate\":\"https:\\\/\\\/teiaeducation.ch\\\/de\\\/?s={search_term_string}\"},\"query-input\":{\"@type\":\"PropertyValueSpecification\",\"valueRequired\":true,\"valueName\":\"search_term_string\"}}],\"inLanguage\":\"de-CH\"},{\"@type\":\"Organization\",\"@id\":\"https:\\\/\\\/teiaeducation.ch\\\/de\\\/#organization\",\"name\":\"Teia Education & Play\",\"url\":\"https:\\\/\\\/teiaeducation.ch\\\/de\\\/\",\"logo\":{\"@type\":\"ImageObject\",\"inLanguage\":\"de-CH\",\"@id\":\"https:\\\/\\\/teiaeducation.ch\\\/de\\\/#\\\/schema\\\/logo\\\/image\\\/\",\"url\":\"https:\\\/\\\/teiaeducation.ch\\\/wp-content\\\/uploads\\\/2020\\\/11\\\/Teia-Education-Switzerland-e1620156442216.jpg\",\"contentUrl\":\"https:\\\/\\\/teiaeducation.ch\\\/wp-content\\\/uploads\\\/2020\\\/11\\\/Teia-Education-Switzerland-e1620156442216.jpg\",\"width\":166,\"height\":145,\"caption\":\"Teia Education & Play\"},\"image\":{\"@id\":\"https:\\\/\\\/teiaeducation.ch\\\/de\\\/#\\\/schema\\\/logo\\\/image\\\/\"},\"sameAs\":[\"https:\\\/\\\/www.facebook.com\\\/teiaeducation\\\/\",\"https:\\\/\\\/x.com\\\/EducationTeia\",\"https:\\\/\\\/www.instagram.com\\\/teia.education\\\/\",\"https:\\\/\\\/www.linkedin.com\\\/company\\\/35501660\",\"https:\\\/\\\/www.pinterest.ch\\\/TeiaEducation\\\/\"]}]}<\/script>\n<meta property=\"product:price:amount\" content=\"10.90\" \/>\n<meta property=\"product:price:currency\" content=\"CHF\" \/>\n<meta property=\"og:availability\" content=\"instock\" \/>\n<meta property=\"product:availability\" content=\"instock\" \/>\n<meta property=\"product:retailer_item_id\" content=\"00000000000000000000000000000000000000000000035216\" \/>\n<meta property=\"product:condition\" content=\"new\" \/>\n<!-- \/ Yoast SEO Premium plugin. -->","yoast_head_json":{"title":"Garten Aktivit\u00e4ten Buch - Moulin Roty - Teia Education & Play","description":"Das Aktivit\u00e4ten Buch Le Jardin du Moulin von Moulin Roty ist gef\u00fcllt mit Spielen, R\u00e4tseln, Mal- und Zeichenaktivit\u00e4ten rund um den Garten.","robots":{"index":"index","follow":"follow","max-snippet":"max-snippet:-1","max-image-preview":"max-image-preview:large","max-video-preview":"max-video-preview:-1"},"canonical":"https:\/\/teiaeducation.ch\/de\/produkt\/garten-aktivitaten-buch-moulin-roty\/","og_locale":"de_DE","og_type":"article","og_title":"Garten Aktivit\u00e4ten Buch - Moulin Roty","og_description":"Das Aktivit\u00e4ten Buch Le Jardin du Moulin von Moulin Roty ist gef\u00fcllt mit Spielen, R\u00e4tseln, Mal- und Zeichenaktivit\u00e4ten rund um den Garten.","og_url":"https:\/\/teiaeducation.ch\/de\/produkt\/garten-aktivitaten-buch-moulin-roty\/","og_site_name":"Sustainable Educational Products &amp; Ecological Toys\u00a0","article_publisher":"https:\/\/www.facebook.com\/teiaeducation\/","article_modified_time":"2022-06-10T12:44:16+00:00","og_image":[{"width":800,"height":800,"url":"https:\/\/teiaeducation.ch\/wp-content\/uploads\/2021\/04\/Garden-activity-book-Moulin-Roty.jpg","type":"image\/jpeg"}],"schema":{"@context":"https:\/\/schema.org","@graph":[{"@type":"WebPage","@id":"https:\/\/teiaeducation.ch\/de\/produkt\/garten-aktivitaten-buch-moulin-roty\/","url":"https:\/\/teiaeducation.ch\/de\/produkt\/garten-aktivitaten-buch-moulin-roty\/","name":"Garten Aktivit\u00e4ten Buch - Moulin Roty - Teia Education & Play","isPartOf":{"@id":"https:\/\/teiaeducation.ch\/de\/#website"},"primaryImageOfPage":{"@id":"https:\/\/teiaeducation.ch\/de\/produkt\/garten-aktivitaten-buch-moulin-roty\/#primaryimage"},"image":{"@id":"https:\/\/teiaeducation.ch\/de\/produkt\/garten-aktivitaten-buch-moulin-roty\/#primaryimage"},"thumbnailUrl":"https:\/\/teiaeducation.ch\/wp-content\/uploads\/2021\/04\/Garden-activity-book-Moulin-Roty.jpg","datePublished":"2021-04-13T11:53:50+00:00","dateModified":"2022-06-10T12:44:16+00:00","description":"Das Aktivit\u00e4ten Buch Le Jardin du Moulin von Moulin Roty ist gef\u00fcllt mit Spielen, R\u00e4tseln, Mal- und Zeichenaktivit\u00e4ten rund um den Garten.","breadcrumb":{"@id":"https:\/\/teiaeducation.ch\/de\/produkt\/garten-aktivitaten-buch-moulin-roty\/#breadcrumb"},"inLanguage":"de-CH","potentialAction":[{"@type":"ReadAction","target":["https:\/\/teiaeducation.ch\/de\/produkt\/garten-aktivitaten-buch-moulin-roty\/"]}]},{"@type":"ImageObject","inLanguage":"de-CH","@id":"https:\/\/teiaeducation.ch\/de\/produkt\/garten-aktivitaten-buch-moulin-roty\/#primaryimage","url":"https:\/\/teiaeducation.ch\/wp-content\/uploads\/2021\/04\/Garden-activity-book-Moulin-Roty.jpg","contentUrl":"https:\/\/teiaeducation.ch\/wp-content\/uploads\/2021\/04\/Garden-activity-book-Moulin-Roty.jpg","width":800,"height":800,"caption":"Le Jardin du Moulin Garten Aktivit\u00e4ten Buch - Moulin Roty"},{"@type":"BreadcrumbList","@id":"https:\/\/teiaeducation.ch\/de\/produkt\/garten-aktivitaten-buch-moulin-roty\/#breadcrumb","itemListElement":[{"@type":"ListItem","position":1,"name":"Home","item":"https:\/\/teiaeducation.ch\/de\/"},{"@type":"ListItem","position":2,"name":"Laden","item":"https:\/\/teiaeducation.ch\/de\/shop\/"},{"@type":"ListItem","position":3,"name":"Unsere Marken","item":"https:\/\/teiaeducation.ch\/de\/produkt-kategorie\/unsere-marken\/"},{"@type":"ListItem","position":4,"name":"Moulin Roty","item":"https:\/\/teiaeducation.ch\/de\/produkt-kategorie\/unsere-marken\/moulin-roty-de\/"},{"@type":"ListItem","position":5,"name":"Garten Aktivit\u00e4ten Buch &#8211; Moulin Roty"}]},{"@type":"WebSite","@id":"https:\/\/teiaeducation.ch\/de\/#website","url":"https:\/\/teiaeducation.ch\/de\/","name":"Sustainable Educational Products &amp; Ecological Toys\u00a0","description":"Specialised Swiss shop selling sustainable educational toys and games, AMI certified Montessori materials, handmade ecological wooden Waldorf toys and arts &amp; crafts supplies, school supplies, children&#039;s furniture and Montessori reference and parenting books.","publisher":{"@id":"https:\/\/teiaeducation.ch\/de\/#organization"},"alternateName":"Teia Education & Play","potentialAction":[{"@type":"SearchAction","target":{"@type":"EntryPoint","urlTemplate":"https:\/\/teiaeducation.ch\/de\/?s={search_term_string}"},"query-input":{"@type":"PropertyValueSpecification","valueRequired":true,"valueName":"search_term_string"}}],"inLanguage":"de-CH"},{"@type":"Organization","@id":"https:\/\/teiaeducation.ch\/de\/#organization","name":"Teia Education & Play","url":"https:\/\/teiaeducation.ch\/de\/","logo":{"@type":"ImageObject","inLanguage":"de-CH","@id":"https:\/\/teiaeducation.ch\/de\/#\/schema\/logo\/image\/","url":"https:\/\/teiaeducation.ch\/wp-content\/uploads\/2020\/11\/Teia-Education-Switzerland-e1620156442216.jpg","contentUrl":"https:\/\/teiaeducation.ch\/wp-content\/uploads\/2020\/11\/Teia-Education-Switzerland-e1620156442216.jpg","width":166,"height":145,"caption":"Teia Education & Play"},"image":{"@id":"https:\/\/teiaeducation.ch\/de\/#\/schema\/logo\/image\/"},"sameAs":["https:\/\/www.facebook.com\/teiaeducation\/","https:\/\/x.com\/EducationTeia","https:\/\/www.instagram.com\/teia.education\/","https:\/\/www.linkedin.com\/company\/35501660","https:\/\/www.pinterest.ch\/TeiaEducation\/"]}]},"product_price_amount":"10.90","product_price_currency":"CHF","og_availability":"instock","product_availability":"instock","product_retailer_item_id":"00000000000000000000000000000000000000000000035216","product_condition":"new"},"_links":{"self":[{"href":"https:\/\/teiaeducation.ch\/de\/wp-json\/wp\/v2\/product\/48172","targetHints":{"allow":["GET"]}}],"collection":[{"href":"https:\/\/teiaeducation.ch\/de\/wp-json\/wp\/v2\/product"}],"about":[{"href":"https:\/\/teiaeducation.ch\/de\/wp-json\/wp\/v2\/types\/product"}],"replies":[{"embeddable":true,"href":"https:\/\/teiaeducation.ch\/de\/wp-json\/wp\/v2\/comments?post=48172"}],"wp:featuredmedia":[{"embeddable":true,"href":"https:\/\/teiaeducation.ch\/de\/wp-json\/wp\/v2\/media\/48173"}],"wp:attachment":[{"href":"https:\/\/teiaeducation.ch\/de\/wp-json\/wp\/v2\/media?parent=48172"}],"wp:term":[{"taxonomy":"product_brand","embeddable":true,"href":"https:\/\/teiaeducation.ch\/de\/wp-json\/wp\/v2\/product_brand?post=48172"},{"taxonomy":"product_cat","embeddable":true,"href":"https:\/\/teiaeducation.ch\/de\/wp-json\/wp\/v2\/product_cat?post=48172"},{"taxonomy":"product_tag","embeddable":true,"href":"https:\/\/teiaeducation.ch\/de\/wp-json\/wp\/v2\/product_tag?post=48172"}],"curies":[{"name":"wp","href":"https:\/\/api.w.org\/{rel}","templated":true}]}}