{"id":48174,"date":"2021-04-13T13:55:35","date_gmt":"2021-04-13T11:55:35","guid":{"rendered":"https:\/\/teiaeducation.ch\/product\/entdecker-koffer-moulin-roty\/"},"modified":"2022-06-10T14:41:38","modified_gmt":"2022-06-10T12:41:38","slug":"entdecker-koffer-moulin-roty","status":"publish","type":"product","link":"https:\/\/teiaeducation.ch\/de\/produkt\/entdecker-koffer-moulin-roty\/","title":{"rendered":"Entdecker Koffer &#8211; Moulin Roty"},"content":{"rendered":"<p>Der Moulin Roty Entdecker Koffer f\u00fcr Kinder ist ideal, um jeden Spaziergang in ein Naturdetektiv-Abenteuer f\u00fcr den kleinen Abenteurer zu verwandeln. Dieser wundersch\u00f6n illustrierte Koffer enth\u00e4lt alles was ein Kind braucht, um all die gesammelten Sch\u00e4tze zu erforschen, genauer unter die Lupe zu nehmen und in die Welt der <a href=\"https:\/\/teiaeducation.ch\/de\/produkt-kategorie\/lernthemen\/kultur-wissenschaft\/wissenschaft\/\">Wissenschaft<\/a> einzutauchen!<\/p>\n<p>Der Koffer enth\u00e4lt einen <a href=\"https:\/\/teiaeducation.ch\/de\/product\/compass-moulin-roty\/\">Taschenkompass<\/a>, um immer wieder den Weg nach Hause zu finden, eine Aluminium-Trinkflasche, um unterwegs den Durst zu l\u00f6schen, ein Fernglas in Kindergr\u00f6\u00dfe, um Objekte, V\u00f6gel und K\u00e4fer aus der Ferne genau unter die Lupe nehmen zu k\u00f6nnen, ein Notizbuch, um das Abenteuer zu dokumentieren und alle gefundenen Sch\u00e4tze zu notieren, sowie eine Schatztruhe aus Blech, um alle Fundst\u00fccke aufzubewahren.<\/p>\n<p>Der Entdecker Koffer ist aus bedrucktem Karton gefertigt und hat einen Metallgriff. Das unentbehrliche Set f\u00fcr Abenteuer und die Erkundung der Welt, Dieser Koffer ist ein tolles Geschenk f\u00fcr jedes Kind ab 4 Jahren!<\/p>\n<p><a href=\"https:\/\/teiaeducation.ch\/de\/produkt-kategorie\/unsere-marken\/moulin-roty-de\/\">Moulin Roty<\/a> ist eine franz\u00f6sische Marke, die f\u00fcr die Herstellung von sch\u00f6nem und hochwertigem Kinderspielzeug mit starkem emotionalem Wert bekannt ist. Jedes Spielzeug ist eine echte Figur die <a href=\"https:\/\/teiaeducation.ch\/de\/produkt-kategorie\/lernthemen\/alphabetisierung-sprache\/geschichtenerzaehlen\/\">Geschichten erz\u00e4hlt<\/a> und das Ergebnis der Arbeit und des Engagements des kreativen Teams der Marke ist. Durch die H\u00e4nde eines Teams von Illustratoren und Stylisten im Herzen von Moulin Roty, in Nort-sur-Erdre, Frankreich, hat jedes Spielzeug eine Welt aus Farben und Materialien, die speziell f\u00fcr ihn oder sie entworfen wurde.<\/p>\n<p>Jedes Spielzeug wird von einem unabh\u00e4ngigen franz\u00f6sischen Pr\u00fcfinstitut getestet und zugelassen. Alle Moulin Roty <a href=\"https:\/\/teiaeducation.ch\/de\/produkt-kategorie\/kinder-spielzeug\/\">Spielzeuge<\/a> entsprechen der europ\u00e4ischen Norm NF-EN71 und tragen das CE-Zeichen. Die meisten Stoffe und Materialien, die f\u00fcr die Herstellung der Spielzeuge verwendet werden, stammen aus Frankreich und Europa und haben aufgrund ihrer Kreativit\u00e4t, ihrer technischen Qualit\u00e4t und ihrer Ungiftigkeit die strengen Tests von \u00d6ko-Tex bestanden.<\/p>\n<p>Inhalt:<\/p>\n<p>1 Entdecker Koffer (28 x 18 x 12 cm)<br \/>\n1 Aluminium-Trinkflasche<br \/>\n1 Taschenkompass<br \/>\n1 Fernglas<br \/>\n1 Notizbuch<br \/>\n1 Blechdose<\/p>\n","protected":false},"excerpt":{"rendered":"<p>Artikelnummer: 712212<\/p>\n<p>Der Moulin Roty Entdecker Koffer f\u00fcr Kinder ist ideal, um jeden Spaziergang in ein Naturdetektiv-Abenteuer zu verwandeln.<\/p>\n","protected":false},"featured_media":48175,"comment_status":"open","ping_status":"closed","template":"","meta":[],"product_brand":[],"product_cat":[21445,21446,21479,21512,21670,21488,21484,21464,21510,21509,21576,21443,21689,21563,21687,22362,23636,21678,23133,21482,21556,21564,21520],"product_tag":[23378,23377,23365,23364,23376],"class_list":{"0":"post-48174","1":"product","2":"type-product","3":"status-publish","4":"has-post-thumbnail","6":"product_cat-3-6-jahre-vorschule","7":"product_cat-6-12-jahre-grundschule","8":"product_cat-lernmaterialien-spielzeug-montessori-waldorf-steiner-froebel","9":"product_cat-botanik","10":"product_cat-fruehjahrskollektion","11":"product_cat-geschenk-guide-6-12-jahre-grundschule","12":"product_cat-geschenk-guides","13":"product_cat-herbstkollektion","14":"product_cat-kultur-wissenschaft","15":"product_cat-lernthemen","16":"product_cat-moulin-roty-de","17":"product_cat-nach-alter","18":"product_cat-naturspiel","19":"product_cat-neuheiten","20":"product_cat-phantasievoll-rollenspiel","21":"product_cat-saisonale-kollektionen","22":"product_cat-sommer-kollektion","23":"product_cat-kinder-spielzeug","24":"product_cat-spielzeug-fuer-draussen","25":"product_cat-traditionelle-bildung","26":"product_cat-uebungen-des-praktischen-lebens","27":"product_cat-unsere-marken","28":"product_cat-wissenschaft","29":"product_tag-entdecker-koffer-fur-kinder","30":"product_tag-entdecker-koffer-moulin-roty","31":"product_tag-lernspielzeug-fur-kinder","32":"product_tag-moulin-roty-lernspielzeug","33":"product_tag-wissenschaft-und-erforschung-fur-kinder","35":"first","36":"instock","37":"taxable","38":"shipping-taxable","39":"purchasable","40":"product-type-simple"},"yoast_head":"<!-- This site is optimized with the Yoast SEO plugin v27.1.1 - https:\/\/yoast.com\/product\/yoast-seo-wordpress\/ -->\n<title>Entdecker Koffer - Moulin Roty - Teia Education &amp; Play<\/title>\n<meta name=\"description\" content=\"Der Moulin Roty Entdecker Koffer f\u00fcr Kinder ist ideal, um jeden Spaziergang in ein Naturdetektiv-Abenteuer zu verwandeln.\" \/>\n<meta name=\"robots\" content=\"index, follow, max-snippet:-1, max-image-preview:large, max-video-preview:-1\" \/>\n<link rel=\"canonical\" href=\"https:\/\/teiaeducation.ch\/de\/produkt\/entdecker-koffer-moulin-roty\/\" \/>\n<meta property=\"og:locale\" content=\"de_DE\" \/>\n<meta property=\"og:type\" content=\"article\" \/>\n<meta property=\"og:title\" content=\"Entdecker Koffer - Moulin Roty - Teia Education &amp; Play\" \/>\n<meta property=\"og:description\" content=\"Der Moulin Roty Entdecker Koffer f\u00fcr Kinder ist ideal, um jeden Spaziergang in ein Naturdetektiv-Abenteuer zu verwandeln.\" \/>\n<meta property=\"og:url\" content=\"https:\/\/teiaeducation.ch\/de\/produkt\/entdecker-koffer-moulin-roty\/\" \/>\n<meta property=\"og:site_name\" content=\"Sustainable Educational Products &amp; Ecological Toys\u00a0\" \/>\n<meta property=\"article:publisher\" content=\"https:\/\/www.facebook.com\/teiaeducation\/\" \/>\n<meta property=\"article:modified_time\" content=\"2022-06-10T12:41:38+00:00\" \/>\n<meta property=\"og:image\" content=\"https:\/\/teiaeducation.ch\/wp-content\/uploads\/2020\/09\/Explorers-Suitcase-for-kids-Moulin-Roty-1.jpg\" \/>\n\t<meta property=\"og:image:width\" content=\"800\" \/>\n\t<meta property=\"og:image:height\" content=\"800\" \/>\n\t<meta property=\"og:image:type\" content=\"image\/jpeg\" \/>\n<script type=\"application\/ld+json\" class=\"yoast-schema-graph\">{\"@context\":\"https:\/\/schema.org\",\"@graph\":[{\"@type\":\"WebPage\",\"@id\":\"https:\/\/teiaeducation.ch\/de\/produkt\/entdecker-koffer-moulin-roty\/\",\"url\":\"https:\/\/teiaeducation.ch\/de\/produkt\/entdecker-koffer-moulin-roty\/\",\"name\":\"Entdecker Koffer - Moulin Roty - Teia Education & Play\",\"isPartOf\":{\"@id\":\"https:\/\/teiaeducation.ch\/de\/#website\"},\"primaryImageOfPage\":{\"@id\":\"https:\/\/teiaeducation.ch\/de\/produkt\/entdecker-koffer-moulin-roty\/#primaryimage\"},\"image\":{\"@id\":\"https:\/\/teiaeducation.ch\/de\/produkt\/entdecker-koffer-moulin-roty\/#primaryimage\"},\"thumbnailUrl\":\"https:\/\/teiaeducation.ch\/wp-content\/uploads\/2020\/09\/Explorers-Suitcase-for-kids-Moulin-Roty-1.jpg\",\"datePublished\":\"2021-04-13T11:55:35+00:00\",\"dateModified\":\"2022-06-10T12:41:38+00:00\",\"description\":\"Der Moulin Roty Entdecker Koffer f\u00fcr Kinder ist ideal, um jeden Spaziergang in ein Naturdetektiv-Abenteuer zu verwandeln.\",\"breadcrumb\":{\"@id\":\"https:\/\/teiaeducation.ch\/de\/produkt\/entdecker-koffer-moulin-roty\/#breadcrumb\"},\"inLanguage\":\"de-CH\",\"potentialAction\":[{\"@type\":\"ReadAction\",\"target\":[\"https:\/\/teiaeducation.ch\/de\/produkt\/entdecker-koffer-moulin-roty\/\"]}]},{\"@type\":\"ImageObject\",\"inLanguage\":\"de-CH\",\"@id\":\"https:\/\/teiaeducation.ch\/de\/produkt\/entdecker-koffer-moulin-roty\/#primaryimage\",\"url\":\"https:\/\/teiaeducation.ch\/wp-content\/uploads\/2020\/09\/Explorers-Suitcase-for-kids-Moulin-Roty-1.jpg\",\"contentUrl\":\"https:\/\/teiaeducation.ch\/wp-content\/uploads\/2020\/09\/Explorers-Suitcase-for-kids-Moulin-Roty-1.jpg\",\"width\":800,\"height\":800,\"caption\":\"Entdecker Koffer f\u00fcr Kinder - Moulin Roty\"},{\"@type\":\"BreadcrumbList\",\"@id\":\"https:\/\/teiaeducation.ch\/de\/produkt\/entdecker-koffer-moulin-roty\/#breadcrumb\",\"itemListElement\":[{\"@type\":\"ListItem\",\"position\":1,\"name\":\"Home\",\"item\":\"https:\/\/teiaeducation.ch\/de\/\"},{\"@type\":\"ListItem\",\"position\":2,\"name\":\"Laden\",\"item\":\"https:\/\/teiaeducation.ch\/de\/shop\/\"},{\"@type\":\"ListItem\",\"position\":3,\"name\":\"Unsere Marken\",\"item\":\"https:\/\/teiaeducation.ch\/de\/produkt-kategorie\/unsere-marken\/\"},{\"@type\":\"ListItem\",\"position\":4,\"name\":\"Moulin Roty\",\"item\":\"https:\/\/teiaeducation.ch\/de\/produkt-kategorie\/unsere-marken\/moulin-roty-de\/\"},{\"@type\":\"ListItem\",\"position\":5,\"name\":\"Entdecker Koffer &#8211; Moulin Roty\"}]},{\"@type\":\"WebSite\",\"@id\":\"https:\/\/teiaeducation.ch\/de\/#website\",\"url\":\"https:\/\/teiaeducation.ch\/de\/\",\"name\":\"Sustainable Educational Products &amp; Ecological Toys\u00a0\",\"description\":\"Specialised Swiss shop selling sustainable educational toys and games, AMI certified Montessori materials, handmade ecological wooden Waldorf toys and arts &amp; crafts supplies, school supplies, children&#039;s furniture and Montessori reference and parenting books.\",\"publisher\":{\"@id\":\"https:\/\/teiaeducation.ch\/de\/#organization\"},\"alternateName\":\"Teia Education & Play\",\"potentialAction\":[{\"@type\":\"SearchAction\",\"target\":{\"@type\":\"EntryPoint\",\"urlTemplate\":\"https:\/\/teiaeducation.ch\/de\/?s={search_term_string}\"},\"query-input\":{\"@type\":\"PropertyValueSpecification\",\"valueRequired\":true,\"valueName\":\"search_term_string\"}}],\"inLanguage\":\"de-CH\"},{\"@type\":\"Organization\",\"@id\":\"https:\/\/teiaeducation.ch\/de\/#organization\",\"name\":\"Teia Education & Play\",\"url\":\"https:\/\/teiaeducation.ch\/de\/\",\"logo\":{\"@type\":\"ImageObject\",\"inLanguage\":\"de-CH\",\"@id\":\"https:\/\/teiaeducation.ch\/de\/#\/schema\/logo\/image\/\",\"url\":\"https:\/\/teiaeducation.ch\/wp-content\/uploads\/2020\/11\/Teia-Education-Switzerland-e1620156442216.jpg\",\"contentUrl\":\"https:\/\/teiaeducation.ch\/wp-content\/uploads\/2020\/11\/Teia-Education-Switzerland-e1620156442216.jpg\",\"width\":166,\"height\":145,\"caption\":\"Teia Education & Play\"},\"image\":{\"@id\":\"https:\/\/teiaeducation.ch\/de\/#\/schema\/logo\/image\/\"},\"sameAs\":[\"https:\/\/www.facebook.com\/teiaeducation\/\",\"https:\/\/x.com\/EducationTeia\",\"https:\/\/www.instagram.com\/teia.education\/\",\"https:\/\/www.linkedin.com\/company\/35501660\",\"https:\/\/www.pinterest.ch\/TeiaEducation\/\"]}]}<\/script>\n<!-- \/ Yoast SEO plugin. -->","yoast_head_json":{"title":"Entdecker Koffer - Moulin Roty - Teia Education & Play","description":"Der Moulin Roty Entdecker Koffer f\u00fcr Kinder ist ideal, um jeden Spaziergang in ein Naturdetektiv-Abenteuer zu verwandeln.","robots":{"index":"index","follow":"follow","max-snippet":"max-snippet:-1","max-image-preview":"max-image-preview:large","max-video-preview":"max-video-preview:-1"},"canonical":"https:\/\/teiaeducation.ch\/de\/produkt\/entdecker-koffer-moulin-roty\/","og_locale":"de_DE","og_type":"article","og_title":"Entdecker Koffer - Moulin Roty - Teia Education & Play","og_description":"Der Moulin Roty Entdecker Koffer f\u00fcr Kinder ist ideal, um jeden Spaziergang in ein Naturdetektiv-Abenteuer zu verwandeln.","og_url":"https:\/\/teiaeducation.ch\/de\/produkt\/entdecker-koffer-moulin-roty\/","og_site_name":"Sustainable Educational Products &amp; Ecological Toys\u00a0","article_publisher":"https:\/\/www.facebook.com\/teiaeducation\/","article_modified_time":"2022-06-10T12:41:38+00:00","og_image":[{"width":800,"height":800,"url":"https:\/\/teiaeducation.ch\/wp-content\/uploads\/2020\/09\/Explorers-Suitcase-for-kids-Moulin-Roty-1.jpg","type":"image\/jpeg"}],"schema":{"@context":"https:\/\/schema.org","@graph":[{"@type":"WebPage","@id":"https:\/\/teiaeducation.ch\/de\/produkt\/entdecker-koffer-moulin-roty\/","url":"https:\/\/teiaeducation.ch\/de\/produkt\/entdecker-koffer-moulin-roty\/","name":"Entdecker Koffer - Moulin Roty - Teia Education & Play","isPartOf":{"@id":"https:\/\/teiaeducation.ch\/de\/#website"},"primaryImageOfPage":{"@id":"https:\/\/teiaeducation.ch\/de\/produkt\/entdecker-koffer-moulin-roty\/#primaryimage"},"image":{"@id":"https:\/\/teiaeducation.ch\/de\/produkt\/entdecker-koffer-moulin-roty\/#primaryimage"},"thumbnailUrl":"https:\/\/teiaeducation.ch\/wp-content\/uploads\/2020\/09\/Explorers-Suitcase-for-kids-Moulin-Roty-1.jpg","datePublished":"2021-04-13T11:55:35+00:00","dateModified":"2022-06-10T12:41:38+00:00","description":"Der Moulin Roty Entdecker Koffer f\u00fcr Kinder ist ideal, um jeden Spaziergang in ein Naturdetektiv-Abenteuer zu verwandeln.","breadcrumb":{"@id":"https:\/\/teiaeducation.ch\/de\/produkt\/entdecker-koffer-moulin-roty\/#breadcrumb"},"inLanguage":"de-CH","potentialAction":[{"@type":"ReadAction","target":["https:\/\/teiaeducation.ch\/de\/produkt\/entdecker-koffer-moulin-roty\/"]}]},{"@type":"ImageObject","inLanguage":"de-CH","@id":"https:\/\/teiaeducation.ch\/de\/produkt\/entdecker-koffer-moulin-roty\/#primaryimage","url":"https:\/\/teiaeducation.ch\/wp-content\/uploads\/2020\/09\/Explorers-Suitcase-for-kids-Moulin-Roty-1.jpg","contentUrl":"https:\/\/teiaeducation.ch\/wp-content\/uploads\/2020\/09\/Explorers-Suitcase-for-kids-Moulin-Roty-1.jpg","width":800,"height":800,"caption":"Entdecker Koffer f\u00fcr Kinder - Moulin Roty"},{"@type":"BreadcrumbList","@id":"https:\/\/teiaeducation.ch\/de\/produkt\/entdecker-koffer-moulin-roty\/#breadcrumb","itemListElement":[{"@type":"ListItem","position":1,"name":"Home","item":"https:\/\/teiaeducation.ch\/de\/"},{"@type":"ListItem","position":2,"name":"Laden","item":"https:\/\/teiaeducation.ch\/de\/shop\/"},{"@type":"ListItem","position":3,"name":"Unsere Marken","item":"https:\/\/teiaeducation.ch\/de\/produkt-kategorie\/unsere-marken\/"},{"@type":"ListItem","position":4,"name":"Moulin Roty","item":"https:\/\/teiaeducation.ch\/de\/produkt-kategorie\/unsere-marken\/moulin-roty-de\/"},{"@type":"ListItem","position":5,"name":"Entdecker Koffer &#8211; Moulin Roty"}]},{"@type":"WebSite","@id":"https:\/\/teiaeducation.ch\/de\/#website","url":"https:\/\/teiaeducation.ch\/de\/","name":"Sustainable Educational Products &amp; Ecological Toys\u00a0","description":"Specialised Swiss shop selling sustainable educational toys and games, AMI certified Montessori materials, handmade ecological wooden Waldorf toys and arts &amp; crafts supplies, school supplies, children&#039;s furniture and Montessori reference and parenting books.","publisher":{"@id":"https:\/\/teiaeducation.ch\/de\/#organization"},"alternateName":"Teia Education & Play","potentialAction":[{"@type":"SearchAction","target":{"@type":"EntryPoint","urlTemplate":"https:\/\/teiaeducation.ch\/de\/?s={search_term_string}"},"query-input":{"@type":"PropertyValueSpecification","valueRequired":true,"valueName":"search_term_string"}}],"inLanguage":"de-CH"},{"@type":"Organization","@id":"https:\/\/teiaeducation.ch\/de\/#organization","name":"Teia Education & Play","url":"https:\/\/teiaeducation.ch\/de\/","logo":{"@type":"ImageObject","inLanguage":"de-CH","@id":"https:\/\/teiaeducation.ch\/de\/#\/schema\/logo\/image\/","url":"https:\/\/teiaeducation.ch\/wp-content\/uploads\/2020\/11\/Teia-Education-Switzerland-e1620156442216.jpg","contentUrl":"https:\/\/teiaeducation.ch\/wp-content\/uploads\/2020\/11\/Teia-Education-Switzerland-e1620156442216.jpg","width":166,"height":145,"caption":"Teia Education & Play"},"image":{"@id":"https:\/\/teiaeducation.ch\/de\/#\/schema\/logo\/image\/"},"sameAs":["https:\/\/www.facebook.com\/teiaeducation\/","https:\/\/x.com\/EducationTeia","https:\/\/www.instagram.com\/teia.education\/","https:\/\/www.linkedin.com\/company\/35501660","https:\/\/www.pinterest.ch\/TeiaEducation\/"]}]}},"_links":{"self":[{"href":"https:\/\/teiaeducation.ch\/de\/wp-json\/wp\/v2\/product\/48174","targetHints":{"allow":["GET"]}}],"collection":[{"href":"https:\/\/teiaeducation.ch\/de\/wp-json\/wp\/v2\/product"}],"about":[{"href":"https:\/\/teiaeducation.ch\/de\/wp-json\/wp\/v2\/types\/product"}],"replies":[{"embeddable":true,"href":"https:\/\/teiaeducation.ch\/de\/wp-json\/wp\/v2\/comments?post=48174"}],"wp:featuredmedia":[{"embeddable":true,"href":"https:\/\/teiaeducation.ch\/de\/wp-json\/wp\/v2\/media\/48175"}],"wp:attachment":[{"href":"https:\/\/teiaeducation.ch\/de\/wp-json\/wp\/v2\/media?parent=48174"}],"wp:term":[{"taxonomy":"product_brand","embeddable":true,"href":"https:\/\/teiaeducation.ch\/de\/wp-json\/wp\/v2\/product_brand?post=48174"},{"taxonomy":"product_cat","embeddable":true,"href":"https:\/\/teiaeducation.ch\/de\/wp-json\/wp\/v2\/product_cat?post=48174"},{"taxonomy":"product_tag","embeddable":true,"href":"https:\/\/teiaeducation.ch\/de\/wp-json\/wp\/v2\/product_tag?post=48174"}],"curies":[{"name":"wp","href":"https:\/\/api.w.org\/{rel}","templated":true}]}}