{"id":48180,"date":"2021-04-13T14:26:06","date_gmt":"2021-04-13T12:26:06","guid":{"rendered":"https:\/\/teiaeducation.ch\/product\/botaniker-stickerbuch-moulin-roty\/"},"modified":"2025-09-08T11:50:54","modified_gmt":"2025-09-08T09:50:54","slug":"botaniker-stickerbuch-moulin-roty","status":"publish","type":"product","link":"https:\/\/teiaeducation.ch\/de\/produkt\/botaniker-stickerbuch-moulin-roty\/","title":{"rendered":"Botaniker Stickerbuch &#8211; Moulin Roty"},"content":{"rendered":"<p>Das sch\u00f6ne Botaniker Stickerbuch \/ <a href=\"https:\/\/teiaeducation.ch\/de\/produkt-kategorie\/kinderbuecher\/aktivitaetsbuecher-sticker\/\">Aktivit\u00e4ten Buch<\/a> f\u00fcr Kinder aus der Moulin Roty Kollektion Le Jardin du Moulin enth\u00e4lt 148 wundersch\u00f6n illustrierte Sticker, die darauf warten, angebracht zu werden. Ein wundersch\u00f6nes Sticker- und Malbuch zum Thema Garten und Natur f\u00fcr Kinder im charmanten franz\u00f6sischen Stil, f\u00fcr den Moulin Roty bekannt ist!<\/p>\n<p>Kinder werden viel Spa\u00df daran haben, die verschiedenen Landschaften mit Stickern und <a href=\"https:\/\/teiaeducation.ch\/de\/produkt-kategorie\/lernthemen\/sensorische-motorische-fertigkeiten\/farbe-lernen\/\">Farben<\/a> zum Leben zu bringen, indem sie in diesem wunderbaren kreativen Stickerbuch Blumen, Pflanzen, <a href=\"https:\/\/teiaeducation.ch\/de\/produkt-kategorie\/kinder-spielzeug\/tiere-bauernhoefe\/\">Tiere<\/a> und h\u00fcbsche Gartenaccessoires aufkleben. Das Stickerbuch misst 24 x 28 cm und ist aus hochwertig bedrucktem Papier hergestellt.<\/p>\n<p>Das Botaniker Stickerbuch von Moulin Roty Teil der wundersch\u00f6nen Kollektion Le Jardin du Moulin ist perfekt f\u00fcr kleine <a href=\"https:\/\/teiaeducation.ch\/de\/produkt-kategorie\/malen-basteln\/gartnern\/\">G\u00e4rtner<\/a> und <a href=\"https:\/\/teiaeducation.ch\/de\/produkt-kategorie\/lernthemen\/kultur-wissenschaft\/botanik\/\">Botaniker<\/a>. In einer mit Aquarellen illustrierten Welt, die reich an Farben und lustigen Tieren ist, bietet die Kollektion Jardin du Moulin alles, was n\u00f6tig ist, um Kleinkinder zu allen <a href=\"https:\/\/teiaeducation.ch\/de\/produkt-kategorie\/lernthemen\/kultur-wissenschaft\/jahreszeiten-wetter\/\">Jahreszeiten<\/a> an die Entdeckung der <a href=\"https:\/\/teiaeducation.ch\/product-category\/play\/nature-play\/\">Natur<\/a> heranzuf\u00fchren. Sie k\u00f6nnen zu Botanikern werden, indem sie die Fauna und Flora beobachten und mit ihr spielen, sie k\u00f6nnen ihre H\u00e4nde in die Erde stecken, um die Geheimnisse von Obst und Gem\u00fcse zu entdecken, indem sie zu G\u00e4rtnern werden, oder sie k\u00f6nnen sich in die Rolle eines Entdeckers versetzen, indem sie zu neuen Horizonten aufbrechen! Die Kollektion bietet echte Werkzeuge, um das Wissen der Kinder im Garten in die Praxis umzusetzen, enth\u00e4lt aber auch Edutainment-Spiele, um das Wissen \u00fcber die Natur und die <a href=\"https:\/\/teiaeducation.ch\/de\/produkt-kategorie\/lernthemen\/kultur-wissenschaft\/erde-universum\/\">Welt<\/a> um uns herum zu vertiefen!<\/p>\n<p><a href=\"https:\/\/teiaeducation.ch\/de\/produkt-kategorie\/unsere-marken\/moulin-roty-de\/\">Moulin Roty<\/a> ist eine franz\u00f6sische Marke, die f\u00fcr die Herstellung von sch\u00f6nem und hochwertigem Kinderspielzeug mit starkem emotionalem Wert bekannt ist. Jedes Spielzeug ist eine echte Figur die <a href=\"https:\/\/teiaeducation.ch\/de\/produkt-kategorie\/lernthemen\/alphabetisierung-sprache\/geschichtenerzaehlen\/\">Geschichten erz\u00e4hlt<\/a> und das Ergebnis der Arbeit und des Engagements des kreativen Teams der Marke ist. Durch die H\u00e4nde eines Teams von Illustratoren und Stylisten im Herzen von Moulin Roty, in Nort-sur-Erdre, Frankreich, hat jedes Spielzeug eine Welt aus Farben und Materialien, die speziell f\u00fcr ihn oder sie entworfen wurde.<\/p>\n<p>Das Botaniker Stickerbuch von Moulin Roty wird f\u00fcr Kinder ab 3 Jahren empfohlen.<\/p>\n<p>Inhalt:<\/p>\n<p>1 Sticker- und Malbuch mit 148 Stickern.<\/p>\n","protected":false},"excerpt":{"rendered":"<p>Artikelnummer: 712606<\/p>\n<p>Ein sch\u00f6nes Botaniker Stickerbuch aus der Moulin Roty Kollektion Le Jardin du Moulin f\u00fcr Kinder mit 148 Blumen- und Pflanzenstickern.<\/p>\n","protected":false},"featured_media":48181,"comment_status":"open","ping_status":"closed","template":"","meta":[],"product_brand":[],"product_cat":[21445,21446,21467,21500,21512,21670,21453,21521,21466,21447,21510,21509,21499,21576,21443,21689,21563,21678,21564,21450],"product_tag":[23383,23382,23380,23381,23379,23345,23384],"class_list":{"0":"post-48180","1":"product","2":"type-product","3":"status-publish","4":"has-post-thumbnail","6":"product_cat-3-6-jahre-vorschule","7":"product_cat-6-12-jahre-grundschule","8":"product_cat-aktivitaetsbuecher-sticker","9":"product_cat-aktivitaetssets","10":"product_cat-botanik","11":"product_cat-fruehjahrskollektion","12":"product_cat-gartnern","13":"product_cat-jahreszeiten-wetter","14":"product_cat-kinderbuecher","15":"product_cat-malen-basteln","16":"product_cat-kultur-wissenschaft","17":"product_cat-lernthemen","18":"product_cat-lernunterstuetzung","19":"product_cat-moulin-roty-de","20":"product_cat-nach-alter","21":"product_cat-naturspiel","22":"product_cat-neuheiten","23":"product_cat-kinder-spielzeug","24":"product_cat-unsere-marken","25":"product_cat-zeichnen-malen","26":"product_tag-garten-malbuch","27":"product_tag-gartner-stickerbuch","28":"product_tag-moulin-roty-gartner-sticker-aktivitatsbuch","29":"product_tag-moulin-roty-gartner-stickerbuch","30":"product_tag-moulin-roty-stickerbuch","31":"product_tag-moulin-roty-switzerland-de","32":"product_tag-stickerbucher-schweiz","34":"first","35":"instock","36":"taxable","37":"shipping-taxable","38":"purchasable","39":"product-type-simple"},"yoast_head":"<!-- This site is optimized with the Yoast SEO plugin v27.1.1 - https:\/\/yoast.com\/product\/yoast-seo-wordpress\/ -->\n<title>Botaniker Stickerbuch - Moulin Roty - Teia Education &amp; Play<\/title>\n<meta name=\"description\" content=\"Ein sch\u00f6nes Botaniker Stickerbuch aus der Moulin Roty Kollektion Le Jardin du Moulin f\u00fcr Kinder mit 148 Blumen- und Pflanzenstickern.\" \/>\n<meta name=\"robots\" content=\"index, follow, max-snippet:-1, max-image-preview:large, max-video-preview:-1\" \/>\n<link rel=\"canonical\" href=\"https:\/\/teiaeducation.ch\/de\/produkt\/botaniker-stickerbuch-moulin-roty\/\" \/>\n<meta property=\"og:locale\" content=\"de_DE\" \/>\n<meta property=\"og:type\" content=\"article\" \/>\n<meta property=\"og:title\" content=\"Botaniker Stickerbuch - Moulin Roty - Teia Education &amp; Play\" \/>\n<meta property=\"og:description\" content=\"Ein sch\u00f6nes Botaniker Stickerbuch aus der Moulin Roty Kollektion Le Jardin du Moulin f\u00fcr Kinder mit 148 Blumen- und Pflanzenstickern.\" \/>\n<meta property=\"og:url\" content=\"https:\/\/teiaeducation.ch\/de\/produkt\/botaniker-stickerbuch-moulin-roty\/\" \/>\n<meta property=\"og:site_name\" content=\"Sustainable Educational Products &amp; Ecological Toys\u00a0\" \/>\n<meta property=\"article:publisher\" content=\"https:\/\/www.facebook.com\/teiaeducation\/\" \/>\n<meta property=\"article:modified_time\" content=\"2025-09-08T09:50:54+00:00\" \/>\n<meta property=\"og:image\" content=\"https:\/\/teiaeducation.ch\/wp-content\/uploads\/2021\/04\/Botanist-sticker-activity-book-Moulin-Roty-Le-Jardin-du-Moulin.jpg\" \/>\n\t<meta property=\"og:image:width\" content=\"800\" \/>\n\t<meta property=\"og:image:height\" content=\"800\" \/>\n\t<meta property=\"og:image:type\" content=\"image\/jpeg\" \/>\n<script type=\"application\/ld+json\" class=\"yoast-schema-graph\">{\"@context\":\"https:\/\/schema.org\",\"@graph\":[{\"@type\":\"WebPage\",\"@id\":\"https:\/\/teiaeducation.ch\/de\/produkt\/botaniker-stickerbuch-moulin-roty\/\",\"url\":\"https:\/\/teiaeducation.ch\/de\/produkt\/botaniker-stickerbuch-moulin-roty\/\",\"name\":\"Botaniker Stickerbuch - Moulin Roty - Teia Education & Play\",\"isPartOf\":{\"@id\":\"https:\/\/teiaeducation.ch\/de\/#website\"},\"primaryImageOfPage\":{\"@id\":\"https:\/\/teiaeducation.ch\/de\/produkt\/botaniker-stickerbuch-moulin-roty\/#primaryimage\"},\"image\":{\"@id\":\"https:\/\/teiaeducation.ch\/de\/produkt\/botaniker-stickerbuch-moulin-roty\/#primaryimage\"},\"thumbnailUrl\":\"https:\/\/teiaeducation.ch\/wp-content\/uploads\/2021\/04\/Botanist-sticker-activity-book-Moulin-Roty-Le-Jardin-du-Moulin.jpg\",\"datePublished\":\"2021-04-13T12:26:06+00:00\",\"dateModified\":\"2025-09-08T09:50:54+00:00\",\"description\":\"Ein sch\u00f6nes Botaniker Stickerbuch aus der Moulin Roty Kollektion Le Jardin du Moulin f\u00fcr Kinder mit 148 Blumen- und Pflanzenstickern.\",\"breadcrumb\":{\"@id\":\"https:\/\/teiaeducation.ch\/de\/produkt\/botaniker-stickerbuch-moulin-roty\/#breadcrumb\"},\"inLanguage\":\"de-CH\",\"potentialAction\":[{\"@type\":\"ReadAction\",\"target\":[\"https:\/\/teiaeducation.ch\/de\/produkt\/botaniker-stickerbuch-moulin-roty\/\"]}]},{\"@type\":\"ImageObject\",\"inLanguage\":\"de-CH\",\"@id\":\"https:\/\/teiaeducation.ch\/de\/produkt\/botaniker-stickerbuch-moulin-roty\/#primaryimage\",\"url\":\"https:\/\/teiaeducation.ch\/wp-content\/uploads\/2021\/04\/Botanist-sticker-activity-book-Moulin-Roty-Le-Jardin-du-Moulin.jpg\",\"contentUrl\":\"https:\/\/teiaeducation.ch\/wp-content\/uploads\/2021\/04\/Botanist-sticker-activity-book-Moulin-Roty-Le-Jardin-du-Moulin.jpg\",\"width\":800,\"height\":800,\"caption\":\"Botaniker Stickerbuch - Moulin Roty Le Jardin du Moulin\"},{\"@type\":\"BreadcrumbList\",\"@id\":\"https:\/\/teiaeducation.ch\/de\/produkt\/botaniker-stickerbuch-moulin-roty\/#breadcrumb\",\"itemListElement\":[{\"@type\":\"ListItem\",\"position\":1,\"name\":\"Home\",\"item\":\"https:\/\/teiaeducation.ch\/de\/\"},{\"@type\":\"ListItem\",\"position\":2,\"name\":\"Laden\",\"item\":\"https:\/\/teiaeducation.ch\/de\/shop\/\"},{\"@type\":\"ListItem\",\"position\":3,\"name\":\"Unsere Marken\",\"item\":\"https:\/\/teiaeducation.ch\/de\/produkt-kategorie\/unsere-marken\/\"},{\"@type\":\"ListItem\",\"position\":4,\"name\":\"Moulin Roty\",\"item\":\"https:\/\/teiaeducation.ch\/de\/produkt-kategorie\/unsere-marken\/moulin-roty-de\/\"},{\"@type\":\"ListItem\",\"position\":5,\"name\":\"Botaniker Stickerbuch &#8211; Moulin Roty\"}]},{\"@type\":\"WebSite\",\"@id\":\"https:\/\/teiaeducation.ch\/de\/#website\",\"url\":\"https:\/\/teiaeducation.ch\/de\/\",\"name\":\"Sustainable Educational Products &amp; Ecological Toys\u00a0\",\"description\":\"Specialised Swiss shop selling sustainable educational toys and games, AMI certified Montessori materials, handmade ecological wooden Waldorf toys and arts &amp; crafts supplies, school supplies, children&#039;s furniture and Montessori reference and parenting books.\",\"publisher\":{\"@id\":\"https:\/\/teiaeducation.ch\/de\/#organization\"},\"alternateName\":\"Teia Education & Play\",\"potentialAction\":[{\"@type\":\"SearchAction\",\"target\":{\"@type\":\"EntryPoint\",\"urlTemplate\":\"https:\/\/teiaeducation.ch\/de\/?s={search_term_string}\"},\"query-input\":{\"@type\":\"PropertyValueSpecification\",\"valueRequired\":true,\"valueName\":\"search_term_string\"}}],\"inLanguage\":\"de-CH\"},{\"@type\":\"Organization\",\"@id\":\"https:\/\/teiaeducation.ch\/de\/#organization\",\"name\":\"Teia Education & Play\",\"url\":\"https:\/\/teiaeducation.ch\/de\/\",\"logo\":{\"@type\":\"ImageObject\",\"inLanguage\":\"de-CH\",\"@id\":\"https:\/\/teiaeducation.ch\/de\/#\/schema\/logo\/image\/\",\"url\":\"https:\/\/teiaeducation.ch\/wp-content\/uploads\/2020\/11\/Teia-Education-Switzerland-e1620156442216.jpg\",\"contentUrl\":\"https:\/\/teiaeducation.ch\/wp-content\/uploads\/2020\/11\/Teia-Education-Switzerland-e1620156442216.jpg\",\"width\":166,\"height\":145,\"caption\":\"Teia Education & Play\"},\"image\":{\"@id\":\"https:\/\/teiaeducation.ch\/de\/#\/schema\/logo\/image\/\"},\"sameAs\":[\"https:\/\/www.facebook.com\/teiaeducation\/\",\"https:\/\/x.com\/EducationTeia\",\"https:\/\/www.instagram.com\/teia.education\/\",\"https:\/\/www.linkedin.com\/company\/35501660\",\"https:\/\/www.pinterest.ch\/TeiaEducation\/\"]}]}<\/script>\n<!-- \/ Yoast SEO plugin. -->","yoast_head_json":{"title":"Botaniker Stickerbuch - Moulin Roty - Teia Education & Play","description":"Ein sch\u00f6nes Botaniker Stickerbuch aus der Moulin Roty Kollektion Le Jardin du Moulin f\u00fcr Kinder mit 148 Blumen- und Pflanzenstickern.","robots":{"index":"index","follow":"follow","max-snippet":"max-snippet:-1","max-image-preview":"max-image-preview:large","max-video-preview":"max-video-preview:-1"},"canonical":"https:\/\/teiaeducation.ch\/de\/produkt\/botaniker-stickerbuch-moulin-roty\/","og_locale":"de_DE","og_type":"article","og_title":"Botaniker Stickerbuch - Moulin Roty - Teia Education & Play","og_description":"Ein sch\u00f6nes Botaniker Stickerbuch aus der Moulin Roty Kollektion Le Jardin du Moulin f\u00fcr Kinder mit 148 Blumen- und Pflanzenstickern.","og_url":"https:\/\/teiaeducation.ch\/de\/produkt\/botaniker-stickerbuch-moulin-roty\/","og_site_name":"Sustainable Educational Products &amp; Ecological Toys\u00a0","article_publisher":"https:\/\/www.facebook.com\/teiaeducation\/","article_modified_time":"2025-09-08T09:50:54+00:00","og_image":[{"width":800,"height":800,"url":"https:\/\/teiaeducation.ch\/wp-content\/uploads\/2021\/04\/Botanist-sticker-activity-book-Moulin-Roty-Le-Jardin-du-Moulin.jpg","type":"image\/jpeg"}],"schema":{"@context":"https:\/\/schema.org","@graph":[{"@type":"WebPage","@id":"https:\/\/teiaeducation.ch\/de\/produkt\/botaniker-stickerbuch-moulin-roty\/","url":"https:\/\/teiaeducation.ch\/de\/produkt\/botaniker-stickerbuch-moulin-roty\/","name":"Botaniker Stickerbuch - Moulin Roty - Teia Education & Play","isPartOf":{"@id":"https:\/\/teiaeducation.ch\/de\/#website"},"primaryImageOfPage":{"@id":"https:\/\/teiaeducation.ch\/de\/produkt\/botaniker-stickerbuch-moulin-roty\/#primaryimage"},"image":{"@id":"https:\/\/teiaeducation.ch\/de\/produkt\/botaniker-stickerbuch-moulin-roty\/#primaryimage"},"thumbnailUrl":"https:\/\/teiaeducation.ch\/wp-content\/uploads\/2021\/04\/Botanist-sticker-activity-book-Moulin-Roty-Le-Jardin-du-Moulin.jpg","datePublished":"2021-04-13T12:26:06+00:00","dateModified":"2025-09-08T09:50:54+00:00","description":"Ein sch\u00f6nes Botaniker Stickerbuch aus der Moulin Roty Kollektion Le Jardin du Moulin f\u00fcr Kinder mit 148 Blumen- und Pflanzenstickern.","breadcrumb":{"@id":"https:\/\/teiaeducation.ch\/de\/produkt\/botaniker-stickerbuch-moulin-roty\/#breadcrumb"},"inLanguage":"de-CH","potentialAction":[{"@type":"ReadAction","target":["https:\/\/teiaeducation.ch\/de\/produkt\/botaniker-stickerbuch-moulin-roty\/"]}]},{"@type":"ImageObject","inLanguage":"de-CH","@id":"https:\/\/teiaeducation.ch\/de\/produkt\/botaniker-stickerbuch-moulin-roty\/#primaryimage","url":"https:\/\/teiaeducation.ch\/wp-content\/uploads\/2021\/04\/Botanist-sticker-activity-book-Moulin-Roty-Le-Jardin-du-Moulin.jpg","contentUrl":"https:\/\/teiaeducation.ch\/wp-content\/uploads\/2021\/04\/Botanist-sticker-activity-book-Moulin-Roty-Le-Jardin-du-Moulin.jpg","width":800,"height":800,"caption":"Botaniker Stickerbuch - Moulin Roty Le Jardin du Moulin"},{"@type":"BreadcrumbList","@id":"https:\/\/teiaeducation.ch\/de\/produkt\/botaniker-stickerbuch-moulin-roty\/#breadcrumb","itemListElement":[{"@type":"ListItem","position":1,"name":"Home","item":"https:\/\/teiaeducation.ch\/de\/"},{"@type":"ListItem","position":2,"name":"Laden","item":"https:\/\/teiaeducation.ch\/de\/shop\/"},{"@type":"ListItem","position":3,"name":"Unsere Marken","item":"https:\/\/teiaeducation.ch\/de\/produkt-kategorie\/unsere-marken\/"},{"@type":"ListItem","position":4,"name":"Moulin Roty","item":"https:\/\/teiaeducation.ch\/de\/produkt-kategorie\/unsere-marken\/moulin-roty-de\/"},{"@type":"ListItem","position":5,"name":"Botaniker Stickerbuch &#8211; Moulin Roty"}]},{"@type":"WebSite","@id":"https:\/\/teiaeducation.ch\/de\/#website","url":"https:\/\/teiaeducation.ch\/de\/","name":"Sustainable Educational Products &amp; Ecological Toys\u00a0","description":"Specialised Swiss shop selling sustainable educational toys and games, AMI certified Montessori materials, handmade ecological wooden Waldorf toys and arts &amp; crafts supplies, school supplies, children&#039;s furniture and Montessori reference and parenting books.","publisher":{"@id":"https:\/\/teiaeducation.ch\/de\/#organization"},"alternateName":"Teia Education & Play","potentialAction":[{"@type":"SearchAction","target":{"@type":"EntryPoint","urlTemplate":"https:\/\/teiaeducation.ch\/de\/?s={search_term_string}"},"query-input":{"@type":"PropertyValueSpecification","valueRequired":true,"valueName":"search_term_string"}}],"inLanguage":"de-CH"},{"@type":"Organization","@id":"https:\/\/teiaeducation.ch\/de\/#organization","name":"Teia Education & Play","url":"https:\/\/teiaeducation.ch\/de\/","logo":{"@type":"ImageObject","inLanguage":"de-CH","@id":"https:\/\/teiaeducation.ch\/de\/#\/schema\/logo\/image\/","url":"https:\/\/teiaeducation.ch\/wp-content\/uploads\/2020\/11\/Teia-Education-Switzerland-e1620156442216.jpg","contentUrl":"https:\/\/teiaeducation.ch\/wp-content\/uploads\/2020\/11\/Teia-Education-Switzerland-e1620156442216.jpg","width":166,"height":145,"caption":"Teia Education & Play"},"image":{"@id":"https:\/\/teiaeducation.ch\/de\/#\/schema\/logo\/image\/"},"sameAs":["https:\/\/www.facebook.com\/teiaeducation\/","https:\/\/x.com\/EducationTeia","https:\/\/www.instagram.com\/teia.education\/","https:\/\/www.linkedin.com\/company\/35501660","https:\/\/www.pinterest.ch\/TeiaEducation\/"]}]}},"_links":{"self":[{"href":"https:\/\/teiaeducation.ch\/de\/wp-json\/wp\/v2\/product\/48180","targetHints":{"allow":["GET"]}}],"collection":[{"href":"https:\/\/teiaeducation.ch\/de\/wp-json\/wp\/v2\/product"}],"about":[{"href":"https:\/\/teiaeducation.ch\/de\/wp-json\/wp\/v2\/types\/product"}],"replies":[{"embeddable":true,"href":"https:\/\/teiaeducation.ch\/de\/wp-json\/wp\/v2\/comments?post=48180"}],"wp:featuredmedia":[{"embeddable":true,"href":"https:\/\/teiaeducation.ch\/de\/wp-json\/wp\/v2\/media\/48181"}],"wp:attachment":[{"href":"https:\/\/teiaeducation.ch\/de\/wp-json\/wp\/v2\/media?parent=48180"}],"wp:term":[{"taxonomy":"product_brand","embeddable":true,"href":"https:\/\/teiaeducation.ch\/de\/wp-json\/wp\/v2\/product_brand?post=48180"},{"taxonomy":"product_cat","embeddable":true,"href":"https:\/\/teiaeducation.ch\/de\/wp-json\/wp\/v2\/product_cat?post=48180"},{"taxonomy":"product_tag","embeddable":true,"href":"https:\/\/teiaeducation.ch\/de\/wp-json\/wp\/v2\/product_tag?post=48180"}],"curies":[{"name":"wp","href":"https:\/\/api.w.org\/{rel}","templated":true}]}}