{"id":48788,"date":"2021-02-03T15:36:52","date_gmt":"2021-02-03T14:36:52","guid":{"rendered":"https:\/\/teiaeducation.ch\/product\/spielbaustein-gruen-stapelstein\/"},"modified":"2024-03-22T15:53:54","modified_gmt":"2024-03-22T14:53:54","slug":"stapelstein-spielbaustein-gruen-stapelstein","status":"publish","type":"product","link":"https:\/\/teiaeducation.ch\/de\/produkt\/stapelstein-spielbaustein-gruen-stapelstein\/","title":{"rendered":"Stapelstein Gr\u00fcn &#8211; Stapelstein"},"content":{"rendered":"<p>Die Stapelsteine von Stapelstein werden in Deutschland hergestellt und laden zu endlosem Bewegen und Spielen ein &#8211; der einzelne Stapelstein in Gr\u00fcn ist ein toller Einstieg oder eine Erg\u00e4nzung f\u00fcr die eigene Sammlung! Die sch\u00f6nen bunten farben und die Vielseitigkeit der Stapelsteine f\u00f6rdern eine gesunde Entwicklung, <a href=\"https:\/\/teiaeducation.ch\/product-category\/curriculum-areas\/sensory-motor-skills\/motor-skills\/\">motorischen Fertigkeiten<\/a> und inspirieren Kinder jeden Alters zum <a href=\"https:\/\/teiaeducation.ch\/product-category\/play\/stacking-toys\/\">Stapeln<\/a>, Drehen, Balancieren und Bewegen!<\/p>\n<p>Von Trittsteinen \u00fcber einen Fantasiefluss bis hin zu Kreiseln, einem Hocker oder Stufen zum Klettern geh\u00f6ren diese <a href=\"https:\/\/teiaeducation.ch\/product-category\/learning-themes\/sensory-motor-skills\/learning-about-colour\/\">bunten<\/a> Spielelemente in jedes Kinderzimmer, Spielzimmer oder auch in die (Vor-)Schule.<\/p>\n<p>Der Gr\u00fcne Stapelstein misst 27,5 cm im Durchmesser und 12 cm in der H\u00f6he und wiegt 180 g. Max. belastung betr\u00e4gt 180kg. Max. belastung betr\u00e4gt 180kg.<\/p>\n<p>Inspiriert von der Pikler-P\u00e4dagogik bringt die deutsche Marke <a href=\"https:\/\/teiaeducation.ch\/product-category\/brands\/stapelstein\/\">Stapelstein<\/a> Kindern wunderbar lustige und <a href=\"https:\/\/teiaeducation.ch\/product-category\/play\/active-toys\/\">aktive Spielzeuge<\/a>, die jedes Zimmer in einen Abenteuerspielplatz verwandeln und schon die Kleinsten zum freie bewegung und kreativit\u00e4t anregen. Das Ziel von Stapelstein ist es, die k\u00f6rperliche Aktivit\u00e4t und gesunde entwicklung von Kindern zu f\u00f6rdern, indem es lustige Bewegungsm\u00f6glichkeiten in jeden Wohnraum bringt, auch auf begrenztem <a href=\"https:\/\/www.spielgut.de\">Raum<\/a>.<\/p>\n<p>Zu 100 % in Deutschland aus reinem, ressourcenschonendem EPP hergestellt, enthalten Stapelstein Produkte keine Weichmacher oder Zusatzstoffe. Diese hochwertigen und sicheren Spielzeuge sind wasser-, speichel-, biss- und UV-best\u00e4ndig und sowohl f\u00fcr den Innen- als auch f\u00fcr den <a href=\"https:\/\/teiaeducation.ch\/product-category\/hgh-quality-toys-play\/outdoor-toys\/\">Au\u00dfenbereich<\/a> geeignet.<\/p>\n<p>Die Stapelsteine sind f\u00fcr Kinder ab 1 Jahr geeignet.<\/p>\n<p>Aufgrund der Lichtverh\u00e4ltnisse bei der Produktfotografie und unterschiedlichen Bildschirmeinstellungen kann es dazu kommen, dass die Farbe der Produkte auf dem Bildschirm von der realen Wirkung abweicht.<\/p>\n<p>Inhalt:<\/p>\n<p>1 Stapelstein in gr\u00fcn<\/p>\n<h2>Einige Sicherheitshinweise f\u00fcr Stapelstein-Produkte<\/h2>\n<p>Spitze und scharfe Gegenst\u00e4nde und Oberfl\u00e4chen wie Scheren, Messer, N\u00e4gel, Draht, Steine usw. d\u00fcrfen nicht mit dem Stapelstein in Ber\u00fchrung gebracht werden. Spitze und scharfe Gegenst\u00e4nde und Oberfl\u00e4chen k\u00f6nnen den Stapelstein dauerhaft besch\u00e4digen.<\/p>\n<p>Vermeiden Sie extreme Hitze und alle m\u00f6glichen Z\u00fcndquellen (Flammen oder Funken).<\/p>\n<p>Beim Spielen im Wasser dienen die Stapelsteine nur als <a href=\"https:\/\/teiaeducation.ch\/product-category\/hgh-quality-toys-play\/\">Spielzeug<\/a> und nicht als Auftriebshilfe. Die Stapelsteine sollten daher nur im flachen Wasser unter Aufsicht von Erwachsenen verwendet werden.<\/p>\n<p>Seien Sie vorsichtig beim Auswuchten! Auf rutschigen B\u00f6den k\u00f6nnen die Stapelsteine durch ruckartige Bewegungen ins Rutschen geraten. Ein Teppich oder eine Yogamatte verhindert das Verrutschen der Stapelsteine.<\/p>\n","protected":false},"excerpt":{"rendered":"<p>Artikelnummer: 100002<\/p>\n<p>Der Stapelstein Spielbaustein in Gr\u00fcn wird zu 100% in Deutschland aus reinem, EPP hergestellt und f\u00f6rdert bewegung und kreativit\u00e4t!<\/p>\n","protected":false},"featured_media":48789,"comment_status":"open","ping_status":"closed","template":"","meta":[],"product_brand":[],"product_cat":[21444,21445,21446,21679,21690,21487,21509,21559,21443,21563,21557,21695,21678,21699,21667,21564],"product_tag":[22072,22067,22066,22063,22064,22065,22071,21712,22069,22070,22068,22080,21910,22062,22079,22078,22082,22081],"class_list":{"0":"post-48788","1":"product","2":"type-product","3":"status-publish","4":"has-post-thumbnail","6":"product_cat-1-3-jahre-kleinkind","7":"product_cat-3-6-jahre-vorschule","8":"product_cat-6-12-jahre-grundschule","9":"product_cat-aktiv-spielzeug","10":"product_cat-spiele-mit-offenem-ende","11":"product_cat-geschenk-guide-3-6-jahre-vorschule","12":"product_cat-lernthemen","13":"product_cat-motorische-fertigkeiten","14":"product_cat-nach-alter","15":"product_cat-neuheiten","16":"product_cat-sensorische-motorische-fertigkeiten","17":"product_cat-sinnliches-spiel","18":"product_cat-kinder-spielzeug","19":"product_cat-stapelspielzeug","20":"product_cat-stapelsteine-aktive-spielzeuge-de","21":"product_cat-unsere-marken","22":"product_tag-aktive-spielgerate-fur-drinnen","23":"product_tag-aktive-spielzeuge","24":"product_tag-aktives-spielen-im-innenbereich","25":"product_tag-aktives-spielzeug","26":"product_tag-aktivspielzeug-fur-drinnen","27":"product_tag-balance-spielzeug","28":"product_tag-bewegungsspielzeug-fur-kinder","29":"product_tag-hergestellt-in-deutschland","30":"product_tag-klimaneutrale-marken","31":"product_tag-klimaneutrales-spielzeug","32":"product_tag-nachhaltiges-aktivspielzeug","33":"product_tag-regenbogen-stapelsteine","34":"product_tag-spielzeug-mit-offenem-ende","35":"product_tag-stapelstein-de","36":"product_tag-stapelstein-regenbogen","37":"product_tag-stapelstein-stapelsteine","38":"product_tag-trittsteine-fur-den-innenbereich","39":"product_tag-trittsteine-fur-kinder","41":"first","42":"instock","43":"taxable","44":"shipping-taxable","45":"purchasable","46":"product-type-simple"},"yoast_head":"<!-- This site is optimized with the Yoast SEO Premium plugin v25.8 (Yoast SEO v27.4) - https:\/\/yoast.com\/product\/yoast-seo-premium-wordpress\/ -->\n<title>Stapelstein Gr\u00fcn - Stapelstein<\/title>\n<meta name=\"description\" content=\"Der Stapelstein Spielbaustein in Gr\u00fcn wird zu 100% in Deutschland aus reinem, EPP hergestellt und f\u00f6rdert bewegung und kreativit\u00e4t!\" \/>\n<meta name=\"robots\" content=\"index, follow, max-snippet:-1, max-image-preview:large, max-video-preview:-1\" \/>\n<link rel=\"canonical\" href=\"https:\/\/teiaeducation.ch\/de\/produkt\/stapelstein-spielbaustein-gruen-stapelstein\/\" \/>\n<meta property=\"og:locale\" content=\"de_DE\" \/>\n<meta property=\"og:type\" content=\"article\" \/>\n<meta property=\"og:title\" content=\"Stapelstein Gr\u00fcn - Stapelstein\" \/>\n<meta property=\"og:description\" content=\"Der Stapelstein Spielbaustein in Gr\u00fcn wird zu 100% in Deutschland aus reinem, EPP hergestellt und f\u00f6rdert bewegung und kreativit\u00e4t!\" \/>\n<meta property=\"og:url\" content=\"https:\/\/teiaeducation.ch\/de\/produkt\/stapelstein-spielbaustein-gruen-stapelstein\/\" \/>\n<meta property=\"og:site_name\" content=\"Sustainable Educational Products &amp; Ecological Toys\u00a0\" \/>\n<meta property=\"article:publisher\" content=\"https:\/\/www.facebook.com\/teiaeducation\/\" \/>\n<meta property=\"article:modified_time\" content=\"2024-03-22T14:53:54+00:00\" \/>\n<meta property=\"og:image\" content=\"https:\/\/teiaeducation.ch\/wp-content\/uploads\/2021\/02\/Stacking-stone-in-green-Stapelstein-made-in-Germany.png\" \/>\n\t<meta property=\"og:image:width\" content=\"900\" \/>\n\t<meta property=\"og:image:height\" content=\"900\" \/>\n\t<meta property=\"og:image:type\" content=\"image\/png\" \/>\n<script type=\"application\/ld+json\" class=\"yoast-schema-graph\">{\"@context\":\"https:\\\/\\\/schema.org\",\"@graph\":[{\"@type\":\"WebPage\",\"@id\":\"https:\\\/\\\/teiaeducation.ch\\\/de\\\/produkt\\\/stapelstein-spielbaustein-gruen-stapelstein\\\/\",\"url\":\"https:\\\/\\\/teiaeducation.ch\\\/de\\\/produkt\\\/stapelstein-spielbaustein-gruen-stapelstein\\\/\",\"name\":\"Stapelstein Gr\u00fcn - Stapelstein\",\"isPartOf\":{\"@id\":\"https:\\\/\\\/teiaeducation.ch\\\/de\\\/#website\"},\"primaryImageOfPage\":{\"@id\":\"https:\\\/\\\/teiaeducation.ch\\\/de\\\/produkt\\\/stapelstein-spielbaustein-gruen-stapelstein\\\/#primaryimage\"},\"image\":{\"@id\":\"https:\\\/\\\/teiaeducation.ch\\\/de\\\/produkt\\\/stapelstein-spielbaustein-gruen-stapelstein\\\/#primaryimage\"},\"thumbnailUrl\":\"https:\\\/\\\/teiaeducation.ch\\\/wp-content\\\/uploads\\\/2021\\\/02\\\/Stacking-stone-in-green-Stapelstein-made-in-Germany.png\",\"datePublished\":\"2021-02-03T14:36:52+00:00\",\"dateModified\":\"2024-03-22T14:53:54+00:00\",\"description\":\"Der Stapelstein Spielbaustein in Gr\u00fcn wird zu 100% in Deutschland aus reinem, EPP hergestellt und f\u00f6rdert bewegung und kreativit\u00e4t!\",\"breadcrumb\":{\"@id\":\"https:\\\/\\\/teiaeducation.ch\\\/de\\\/produkt\\\/stapelstein-spielbaustein-gruen-stapelstein\\\/#breadcrumb\"},\"inLanguage\":\"de-CH\",\"potentialAction\":[{\"@type\":\"ReadAction\",\"target\":[\"https:\\\/\\\/teiaeducation.ch\\\/de\\\/produkt\\\/stapelstein-spielbaustein-gruen-stapelstein\\\/\"]}]},{\"@type\":\"ImageObject\",\"inLanguage\":\"de-CH\",\"@id\":\"https:\\\/\\\/teiaeducation.ch\\\/de\\\/produkt\\\/stapelstein-spielbaustein-gruen-stapelstein\\\/#primaryimage\",\"url\":\"https:\\\/\\\/teiaeducation.ch\\\/wp-content\\\/uploads\\\/2021\\\/02\\\/Stacking-stone-in-green-Stapelstein-made-in-Germany.png\",\"contentUrl\":\"https:\\\/\\\/teiaeducation.ch\\\/wp-content\\\/uploads\\\/2021\\\/02\\\/Stacking-stone-in-green-Stapelstein-made-in-Germany.png\",\"width\":900,\"height\":900,\"caption\":\".Stapelstein in Gr\u00fcn - Stapelstein made in Germany\"},{\"@type\":\"BreadcrumbList\",\"@id\":\"https:\\\/\\\/teiaeducation.ch\\\/de\\\/produkt\\\/stapelstein-spielbaustein-gruen-stapelstein\\\/#breadcrumb\",\"itemListElement\":[{\"@type\":\"ListItem\",\"position\":1,\"name\":\"Home\",\"item\":\"https:\\\/\\\/teiaeducation.ch\\\/de\\\/\"},{\"@type\":\"ListItem\",\"position\":2,\"name\":\"Laden\",\"item\":\"https:\\\/\\\/teiaeducation.ch\\\/de\\\/shop\\\/\"},{\"@type\":\"ListItem\",\"position\":3,\"name\":\"Unsere Marken\",\"item\":\"https:\\\/\\\/teiaeducation.ch\\\/de\\\/produkt-kategorie\\\/unsere-marken\\\/\"},{\"@type\":\"ListItem\",\"position\":4,\"name\":\"Stapelstein\",\"item\":\"https:\\\/\\\/teiaeducation.ch\\\/de\\\/produkt-kategorie\\\/unsere-marken\\\/stapelsteine-aktive-spielzeuge-de\\\/\"},{\"@type\":\"ListItem\",\"position\":5,\"name\":\"Stapelstein Gr\u00fcn &#8211; Stapelstein\"}]},{\"@type\":\"WebSite\",\"@id\":\"https:\\\/\\\/teiaeducation.ch\\\/de\\\/#website\",\"url\":\"https:\\\/\\\/teiaeducation.ch\\\/de\\\/\",\"name\":\"Sustainable Educational Products &amp; Ecological Toys\u00a0\",\"description\":\"Specialised Swiss shop selling sustainable educational toys and games, AMI certified Montessori materials, handmade ecological wooden Waldorf toys and arts &amp; crafts supplies, school supplies, children&#039;s furniture and Montessori reference and parenting books.\",\"publisher\":{\"@id\":\"https:\\\/\\\/teiaeducation.ch\\\/de\\\/#organization\"},\"alternateName\":\"Teia Education & Play\",\"potentialAction\":[{\"@type\":\"SearchAction\",\"target\":{\"@type\":\"EntryPoint\",\"urlTemplate\":\"https:\\\/\\\/teiaeducation.ch\\\/de\\\/?s={search_term_string}\"},\"query-input\":{\"@type\":\"PropertyValueSpecification\",\"valueRequired\":true,\"valueName\":\"search_term_string\"}}],\"inLanguage\":\"de-CH\"},{\"@type\":\"Organization\",\"@id\":\"https:\\\/\\\/teiaeducation.ch\\\/de\\\/#organization\",\"name\":\"Teia Education & Play\",\"url\":\"https:\\\/\\\/teiaeducation.ch\\\/de\\\/\",\"logo\":{\"@type\":\"ImageObject\",\"inLanguage\":\"de-CH\",\"@id\":\"https:\\\/\\\/teiaeducation.ch\\\/de\\\/#\\\/schema\\\/logo\\\/image\\\/\",\"url\":\"https:\\\/\\\/teiaeducation.ch\\\/wp-content\\\/uploads\\\/2020\\\/11\\\/Teia-Education-Switzerland-e1620156442216.jpg\",\"contentUrl\":\"https:\\\/\\\/teiaeducation.ch\\\/wp-content\\\/uploads\\\/2020\\\/11\\\/Teia-Education-Switzerland-e1620156442216.jpg\",\"width\":166,\"height\":145,\"caption\":\"Teia Education & Play\"},\"image\":{\"@id\":\"https:\\\/\\\/teiaeducation.ch\\\/de\\\/#\\\/schema\\\/logo\\\/image\\\/\"},\"sameAs\":[\"https:\\\/\\\/www.facebook.com\\\/teiaeducation\\\/\",\"https:\\\/\\\/x.com\\\/EducationTeia\",\"https:\\\/\\\/www.instagram.com\\\/teia.education\\\/\",\"https:\\\/\\\/www.linkedin.com\\\/company\\\/35501660\",\"https:\\\/\\\/www.pinterest.ch\\\/TeiaEducation\\\/\"]}]}<\/script>\n<meta property=\"product:price:amount\" content=\"35.00\" \/>\n<meta property=\"product:price:currency\" content=\"CHF\" \/>\n<meta property=\"og:availability\" content=\"instock\" \/>\n<meta property=\"product:availability\" content=\"instock\" \/>\n<meta property=\"product:retailer_item_id\" content=\"0000000000000000000000000000000000000000000003383\" \/>\n<meta property=\"product:condition\" content=\"new\" \/>\n<!-- \/ Yoast SEO Premium plugin. -->","yoast_head_json":{"title":"Stapelstein Gr\u00fcn - Stapelstein","description":"Der Stapelstein Spielbaustein in Gr\u00fcn wird zu 100% in Deutschland aus reinem, EPP hergestellt und f\u00f6rdert bewegung und kreativit\u00e4t!","robots":{"index":"index","follow":"follow","max-snippet":"max-snippet:-1","max-image-preview":"max-image-preview:large","max-video-preview":"max-video-preview:-1"},"canonical":"https:\/\/teiaeducation.ch\/de\/produkt\/stapelstein-spielbaustein-gruen-stapelstein\/","og_locale":"de_DE","og_type":"article","og_title":"Stapelstein Gr\u00fcn - Stapelstein","og_description":"Der Stapelstein Spielbaustein in Gr\u00fcn wird zu 100% in Deutschland aus reinem, EPP hergestellt und f\u00f6rdert bewegung und kreativit\u00e4t!","og_url":"https:\/\/teiaeducation.ch\/de\/produkt\/stapelstein-spielbaustein-gruen-stapelstein\/","og_site_name":"Sustainable Educational Products &amp; Ecological Toys\u00a0","article_publisher":"https:\/\/www.facebook.com\/teiaeducation\/","article_modified_time":"2024-03-22T14:53:54+00:00","og_image":[{"width":900,"height":900,"url":"https:\/\/teiaeducation.ch\/wp-content\/uploads\/2021\/02\/Stacking-stone-in-green-Stapelstein-made-in-Germany.png","type":"image\/png"}],"schema":{"@context":"https:\/\/schema.org","@graph":[{"@type":"WebPage","@id":"https:\/\/teiaeducation.ch\/de\/produkt\/stapelstein-spielbaustein-gruen-stapelstein\/","url":"https:\/\/teiaeducation.ch\/de\/produkt\/stapelstein-spielbaustein-gruen-stapelstein\/","name":"Stapelstein Gr\u00fcn - Stapelstein","isPartOf":{"@id":"https:\/\/teiaeducation.ch\/de\/#website"},"primaryImageOfPage":{"@id":"https:\/\/teiaeducation.ch\/de\/produkt\/stapelstein-spielbaustein-gruen-stapelstein\/#primaryimage"},"image":{"@id":"https:\/\/teiaeducation.ch\/de\/produkt\/stapelstein-spielbaustein-gruen-stapelstein\/#primaryimage"},"thumbnailUrl":"https:\/\/teiaeducation.ch\/wp-content\/uploads\/2021\/02\/Stacking-stone-in-green-Stapelstein-made-in-Germany.png","datePublished":"2021-02-03T14:36:52+00:00","dateModified":"2024-03-22T14:53:54+00:00","description":"Der Stapelstein Spielbaustein in Gr\u00fcn wird zu 100% in Deutschland aus reinem, EPP hergestellt und f\u00f6rdert bewegung und kreativit\u00e4t!","breadcrumb":{"@id":"https:\/\/teiaeducation.ch\/de\/produkt\/stapelstein-spielbaustein-gruen-stapelstein\/#breadcrumb"},"inLanguage":"de-CH","potentialAction":[{"@type":"ReadAction","target":["https:\/\/teiaeducation.ch\/de\/produkt\/stapelstein-spielbaustein-gruen-stapelstein\/"]}]},{"@type":"ImageObject","inLanguage":"de-CH","@id":"https:\/\/teiaeducation.ch\/de\/produkt\/stapelstein-spielbaustein-gruen-stapelstein\/#primaryimage","url":"https:\/\/teiaeducation.ch\/wp-content\/uploads\/2021\/02\/Stacking-stone-in-green-Stapelstein-made-in-Germany.png","contentUrl":"https:\/\/teiaeducation.ch\/wp-content\/uploads\/2021\/02\/Stacking-stone-in-green-Stapelstein-made-in-Germany.png","width":900,"height":900,"caption":".Stapelstein in Gr\u00fcn - Stapelstein made in Germany"},{"@type":"BreadcrumbList","@id":"https:\/\/teiaeducation.ch\/de\/produkt\/stapelstein-spielbaustein-gruen-stapelstein\/#breadcrumb","itemListElement":[{"@type":"ListItem","position":1,"name":"Home","item":"https:\/\/teiaeducation.ch\/de\/"},{"@type":"ListItem","position":2,"name":"Laden","item":"https:\/\/teiaeducation.ch\/de\/shop\/"},{"@type":"ListItem","position":3,"name":"Unsere Marken","item":"https:\/\/teiaeducation.ch\/de\/produkt-kategorie\/unsere-marken\/"},{"@type":"ListItem","position":4,"name":"Stapelstein","item":"https:\/\/teiaeducation.ch\/de\/produkt-kategorie\/unsere-marken\/stapelsteine-aktive-spielzeuge-de\/"},{"@type":"ListItem","position":5,"name":"Stapelstein Gr\u00fcn &#8211; Stapelstein"}]},{"@type":"WebSite","@id":"https:\/\/teiaeducation.ch\/de\/#website","url":"https:\/\/teiaeducation.ch\/de\/","name":"Sustainable Educational Products &amp; Ecological Toys\u00a0","description":"Specialised Swiss shop selling sustainable educational toys and games, AMI certified Montessori materials, handmade ecological wooden Waldorf toys and arts &amp; crafts supplies, school supplies, children&#039;s furniture and Montessori reference and parenting books.","publisher":{"@id":"https:\/\/teiaeducation.ch\/de\/#organization"},"alternateName":"Teia Education & Play","potentialAction":[{"@type":"SearchAction","target":{"@type":"EntryPoint","urlTemplate":"https:\/\/teiaeducation.ch\/de\/?s={search_term_string}"},"query-input":{"@type":"PropertyValueSpecification","valueRequired":true,"valueName":"search_term_string"}}],"inLanguage":"de-CH"},{"@type":"Organization","@id":"https:\/\/teiaeducation.ch\/de\/#organization","name":"Teia Education & Play","url":"https:\/\/teiaeducation.ch\/de\/","logo":{"@type":"ImageObject","inLanguage":"de-CH","@id":"https:\/\/teiaeducation.ch\/de\/#\/schema\/logo\/image\/","url":"https:\/\/teiaeducation.ch\/wp-content\/uploads\/2020\/11\/Teia-Education-Switzerland-e1620156442216.jpg","contentUrl":"https:\/\/teiaeducation.ch\/wp-content\/uploads\/2020\/11\/Teia-Education-Switzerland-e1620156442216.jpg","width":166,"height":145,"caption":"Teia Education & Play"},"image":{"@id":"https:\/\/teiaeducation.ch\/de\/#\/schema\/logo\/image\/"},"sameAs":["https:\/\/www.facebook.com\/teiaeducation\/","https:\/\/x.com\/EducationTeia","https:\/\/www.instagram.com\/teia.education\/","https:\/\/www.linkedin.com\/company\/35501660","https:\/\/www.pinterest.ch\/TeiaEducation\/"]}]},"product_price_amount":"35.00","product_price_currency":"CHF","og_availability":"instock","product_availability":"instock","product_retailer_item_id":"0000000000000000000000000000000000000000000003383","product_condition":"new"},"_links":{"self":[{"href":"https:\/\/teiaeducation.ch\/de\/wp-json\/wp\/v2\/product\/48788","targetHints":{"allow":["GET"]}}],"collection":[{"href":"https:\/\/teiaeducation.ch\/de\/wp-json\/wp\/v2\/product"}],"about":[{"href":"https:\/\/teiaeducation.ch\/de\/wp-json\/wp\/v2\/types\/product"}],"replies":[{"embeddable":true,"href":"https:\/\/teiaeducation.ch\/de\/wp-json\/wp\/v2\/comments?post=48788"}],"wp:featuredmedia":[{"embeddable":true,"href":"https:\/\/teiaeducation.ch\/de\/wp-json\/wp\/v2\/media\/48789"}],"wp:attachment":[{"href":"https:\/\/teiaeducation.ch\/de\/wp-json\/wp\/v2\/media?parent=48788"}],"wp:term":[{"taxonomy":"product_brand","embeddable":true,"href":"https:\/\/teiaeducation.ch\/de\/wp-json\/wp\/v2\/product_brand?post=48788"},{"taxonomy":"product_cat","embeddable":true,"href":"https:\/\/teiaeducation.ch\/de\/wp-json\/wp\/v2\/product_cat?post=48788"},{"taxonomy":"product_tag","embeddable":true,"href":"https:\/\/teiaeducation.ch\/de\/wp-json\/wp\/v2\/product_tag?post=48788"}],"curies":[{"name":"wp","href":"https:\/\/api.w.org\/{rel}","templated":true}]}}