{"id":48813,"date":"2021-02-02T11:19:49","date_gmt":"2021-02-02T10:19:49","guid":{"rendered":"https:\/\/teiaeducation.ch\/product\/stapelstein-balance-board-blau\/"},"modified":"2022-12-13T01:16:41","modified_gmt":"2022-12-13T00:16:41","slug":"balance-board-blau-stapelstein","status":"publish","type":"product","link":"https:\/\/teiaeducation.ch\/de\/produkt\/balance-board-blau-stapelstein\/","title":{"rendered":"Stapelstein balance board blau"},"content":{"rendered":"<p>Das Balance Board von Stapelstein in blau wird zu 100% in Deutschland aus reinem EPP hergestellt und eignet sich perfekt zur F\u00f6rderung von Spa\u00df, kreativit\u00e4t, aktivem Spiel und Bewegung. Von der Verbesserung der <a href=\"https:\/\/teiaeducation.ch\/de\/produkt-kategorie\/lernthemen\/sensorische-motorische-fertigkeiten\/motorische-fertigkeiten\/\">motorischen<\/a> F\u00e4higkeiten, Gleichgewichts\u00fcbungen, Koordination und Training bis hin zum dynamischen Sitzen, ist es f\u00fcr Kinder und Erwachsene gleicherma\u00dfen geeignet!<\/p>\n<p>Kinder finden viele M\u00f6glichkeiten, das Stapelstein Balance Board zu nutzen, von kniffligen Posen bis hin zu einem drehenden Sitz. Der erh\u00f6hte Rand bietet zus\u00e4tzlichen Halt bei anspruchsvollen Gleichgewichts\u00fcbungen, was besonders f\u00fcr Kinder und k\u00f6rperlich eingeschr\u00e4nkte Personen n\u00fctzlich ist.<\/p>\n<p>Das Balance Board kann mit den <a href=\"https:\/\/teiaeducation.ch\/de\/produkt\/stapelstein-rainbow-classic-6-stuck\/\">Stapelsteine<\/a> von Stapelstein kombiniert werden, um den Spielspa\u00df zu erh\u00f6hen, die dynamische Sitzh\u00f6he anzupassen oder den Schwierigkeitsgrad der \u00dcbungen zu erh\u00f6hen.<\/p>\n<p>Das Balance Board in blau von Stapelstein misst 35,5 cm im Durchmesser und 8,4 cm in der H\u00f6he und wiegt 268 g. Max. belastung betr\u00e4gt 180kg.<\/p>\n<p>Inspiriert von der Pikler-P\u00e4dagogik bringt die deutsche Marke <a href=\"https:\/\/teiaeducation.ch\/de\/produkt-kategorie\/unsere-marken\/stapelsteine-aktive-spielzeuge-de\/\">Stapelstein<\/a> Kindern wunderbar lustige und aktive Spielzeuge, die jedes Zimmer in einen Abenteuerspielplatz verwandeln und schon die Kleinsten zum freie bewegung und kreativit\u00e4t anregen. Das Ziel von Stapelstein ist es, die k\u00f6rperliche Aktivit\u00e4t und gesunde entwicklung von Kindern zu f\u00f6rdern, indem es lustige Bewegungsm\u00f6glichkeiten in jeden Wohnraum bringt, auch auf begrenztem Raum.<\/p>\n<p>Die Produkte von Stapelstein tragen mehrere unabh\u00e4ngige G\u00fctesiegel, darunter das <a href=\"https:\/\/www.spielgut.de\">spiel gut<\/a> Siegel. Zu 100 % in Deutschland aus reinem, ressourcenschonendem EPP hergestellt, enthalten Stapelstein Produkte keine Weichmacher oder Zusatzstoffe. Diese hochwertigen und sicheren Spielzeuge sind wasser-, speichel-, biss- und UV-best\u00e4ndig und sowohl f\u00fcr den Innen- als auch f\u00fcr den <a href=\"https:\/\/teiaeducation.ch\/de\/produkt-kategorie\/kinder-spielzeug\/spielzeug-fuer-draussen\/\">Au\u00dfenbereich<\/a> geeignet.<\/p>\n<p>Das Stapelstein Balance Board in Safari blau ist f\u00fcr Kinder ab 1 Jahr geeignet.<\/p>\n<p>Aufgrund der Lichtverh\u00e4ltnisse bei der Produktfotografie und unterschiedlichen Bildschirmeinstellungen kann es dazu kommen, dass die Farbe der Produkte auf dem Bildschirm von der realen Wirkung abweicht.<\/p>\n<p>Inhalt:<\/p>\n<p>1 balance board in blau<\/p>\n<p><strong>Einige Sicherheitsanweisungen:<\/strong><\/p>\n<p>Spitze und scharfe Gegenst\u00e4nde und Oberfl\u00e4chen wie Scheren, Messer, N\u00e4gel, Dr\u00e4hte, Steine usw. d\u00fcrfen nicht mit dem Balance Board in Ber\u00fchrung gebracht werden. Spitze und scharfe Gegenst\u00e4nde und Oberfl\u00e4chen k\u00f6nnen das Brett dauerhaft besch\u00e4digen.<\/p>\n<p>Vermeiden Sie extreme Hitze und alle m\u00f6glichen Z\u00fcndquellen (Flammen oder Funken).<br \/>\nBeim Spielen im Wasser dient das Balance Board nur als Spielzeug und nicht als Auftriebshilfe. Es sollte daher nur in flachem Wasser unter Aufsicht von Erwachsenen verwendet werden.<\/p>\n<p>Seien Sie vorsichtig beim Auswuchten! Auf rutschigen B\u00f6den kann das Balance Board durch ruckartige Bewegungen verrutschen. Ein Teppich oder eine Yogamatte verhindert das Ausrutschen.<\/p>\n","protected":false},"excerpt":{"rendered":"<p>Artikelnummer: <span style=\"font-weight: 400;\">110001<\/span><\/p>\n<p>Das Balance Board von Stapelstein in blau wird in Deutschland aus reinem, EPP hergestellt und f\u00f6rdert aktives Spiel, kreativit\u00e4t und Bewegung!<\/p>\n","protected":false},"featured_media":48814,"comment_status":"open","ping_status":"closed","template":"","meta":[],"product_brand":[],"product_cat":[21444,21445,21446,21679,21509,21559,21443,21563,21557,21678,21667,21564],"product_tag":[22072,22067,22066,22063,22064,22074,22065,22071,22073,21712,22069,22070,22068,21910,22062,22075],"class_list":{"0":"post-48813","1":"product","2":"type-product","3":"status-publish","4":"has-post-thumbnail","6":"product_cat-1-3-jahre-kleinkind","7":"product_cat-3-6-jahre-vorschule","8":"product_cat-6-12-jahre-grundschule","9":"product_cat-aktiv-spielzeug","10":"product_cat-lernthemen","11":"product_cat-motorische-fertigkeiten","12":"product_cat-nach-alter","13":"product_cat-neuheiten","14":"product_cat-sensorische-motorische-fertigkeiten","15":"product_cat-kinder-spielzeug","16":"product_cat-stapelsteine-aktive-spielzeuge-de","17":"product_cat-unsere-marken","18":"product_tag-aktive-spielgerate-fur-drinnen","19":"product_tag-aktive-spielzeuge","20":"product_tag-aktives-spielen-im-innenbereich","21":"product_tag-aktives-spielzeug","22":"product_tag-aktivspielzeug-fur-drinnen","23":"product_tag-balance-board-de","24":"product_tag-balance-spielzeug","25":"product_tag-bewegungsspielzeug-fur-kinder","26":"product_tag-dynamische-sitzmobel","27":"product_tag-hergestellt-in-deutschland","28":"product_tag-klimaneutrale-marken","29":"product_tag-klimaneutrales-spielzeug","30":"product_tag-nachhaltiges-aktivspielzeug","31":"product_tag-spielzeug-mit-offenem-ende","32":"product_tag-stapelstein-de","33":"product_tag-stapelstein-balance-board-de","35":"first","36":"outofstock","37":"taxable","38":"shipping-taxable","39":"purchasable","40":"product-type-simple"},"yoast_head":"<!-- This site is optimized with the Yoast SEO plugin v27.1.1 - https:\/\/yoast.com\/product\/yoast-seo-wordpress\/ -->\n<title>Balance Board blau - Stapelstein - Teia Education &amp; Play<\/title>\n<meta name=\"description\" content=\"Das Balance Board von Stapelstein in blau wird in Deutschland aus reinem, EPP hergestellt und f\u00f6rdert aktives Spiel, kreativit\u00e4t und Bewegung!\" \/>\n<meta name=\"robots\" content=\"index, follow, max-snippet:-1, max-image-preview:large, max-video-preview:-1\" \/>\n<link rel=\"canonical\" href=\"https:\/\/teiaeducation.ch\/de\/produkt\/balance-board-blau-stapelstein\/\" \/>\n<meta property=\"og:locale\" content=\"de_DE\" \/>\n<meta property=\"og:type\" content=\"article\" \/>\n<meta property=\"og:title\" content=\"Balance Board blau - Stapelstein - Teia Education &amp; Play\" \/>\n<meta property=\"og:description\" content=\"Das Balance Board von Stapelstein in blau wird in Deutschland aus reinem, EPP hergestellt und f\u00f6rdert aktives Spiel, kreativit\u00e4t und Bewegung!\" \/>\n<meta property=\"og:url\" content=\"https:\/\/teiaeducation.ch\/de\/produkt\/balance-board-blau-stapelstein\/\" \/>\n<meta property=\"og:site_name\" content=\"Sustainable Educational Products &amp; Ecological Toys\u00a0\" \/>\n<meta property=\"article:publisher\" content=\"https:\/\/www.facebook.com\/teiaeducation\/\" \/>\n<meta property=\"article:modified_time\" content=\"2022-12-13T00:16:41+00:00\" \/>\n<meta property=\"og:image\" content=\"https:\/\/teiaeducation.ch\/wp-content\/uploads\/2021\/02\/Balance-board-night-blue-Stapelstein.jpg\" \/>\n\t<meta property=\"og:image:width\" content=\"800\" \/>\n\t<meta property=\"og:image:height\" content=\"1000\" \/>\n\t<meta property=\"og:image:type\" content=\"image\/jpeg\" \/>\n<script type=\"application\/ld+json\" class=\"yoast-schema-graph\">{\"@context\":\"https:\/\/schema.org\",\"@graph\":[{\"@type\":\"WebPage\",\"@id\":\"https:\/\/teiaeducation.ch\/de\/produkt\/balance-board-blau-stapelstein\/\",\"url\":\"https:\/\/teiaeducation.ch\/de\/produkt\/balance-board-blau-stapelstein\/\",\"name\":\"Balance Board blau - Stapelstein - Teia Education & Play\",\"isPartOf\":{\"@id\":\"https:\/\/teiaeducation.ch\/de\/#website\"},\"primaryImageOfPage\":{\"@id\":\"https:\/\/teiaeducation.ch\/de\/produkt\/balance-board-blau-stapelstein\/#primaryimage\"},\"image\":{\"@id\":\"https:\/\/teiaeducation.ch\/de\/produkt\/balance-board-blau-stapelstein\/#primaryimage\"},\"thumbnailUrl\":\"https:\/\/teiaeducation.ch\/wp-content\/uploads\/2021\/02\/Balance-board-night-blue-Stapelstein.jpg\",\"datePublished\":\"2021-02-02T10:19:49+00:00\",\"dateModified\":\"2022-12-13T00:16:41+00:00\",\"description\":\"Das Balance Board von Stapelstein in blau wird in Deutschland aus reinem, EPP hergestellt und f\u00f6rdert aktives Spiel, kreativit\u00e4t und Bewegung!\",\"breadcrumb\":{\"@id\":\"https:\/\/teiaeducation.ch\/de\/produkt\/balance-board-blau-stapelstein\/#breadcrumb\"},\"inLanguage\":\"de-CH\",\"potentialAction\":[{\"@type\":\"ReadAction\",\"target\":[\"https:\/\/teiaeducation.ch\/de\/produkt\/balance-board-blau-stapelstein\/\"]}]},{\"@type\":\"ImageObject\",\"inLanguage\":\"de-CH\",\"@id\":\"https:\/\/teiaeducation.ch\/de\/produkt\/balance-board-blau-stapelstein\/#primaryimage\",\"url\":\"https:\/\/teiaeducation.ch\/wp-content\/uploads\/2021\/02\/Balance-board-night-blue-Stapelstein.jpg\",\"contentUrl\":\"https:\/\/teiaeducation.ch\/wp-content\/uploads\/2021\/02\/Balance-board-night-blue-Stapelstein.jpg\",\"width\":800,\"height\":1000,\"caption\":\"Blau balance board - Stapelstein Deutschland\"},{\"@type\":\"BreadcrumbList\",\"@id\":\"https:\/\/teiaeducation.ch\/de\/produkt\/balance-board-blau-stapelstein\/#breadcrumb\",\"itemListElement\":[{\"@type\":\"ListItem\",\"position\":1,\"name\":\"Home\",\"item\":\"https:\/\/teiaeducation.ch\/de\/\"},{\"@type\":\"ListItem\",\"position\":2,\"name\":\"Laden\",\"item\":\"https:\/\/teiaeducation.ch\/de\/shop\/\"},{\"@type\":\"ListItem\",\"position\":3,\"name\":\"Unsere Marken\",\"item\":\"https:\/\/teiaeducation.ch\/de\/produkt-kategorie\/unsere-marken\/\"},{\"@type\":\"ListItem\",\"position\":4,\"name\":\"Stapelstein\",\"item\":\"https:\/\/teiaeducation.ch\/de\/produkt-kategorie\/unsere-marken\/stapelsteine-aktive-spielzeuge-de\/\"},{\"@type\":\"ListItem\",\"position\":5,\"name\":\"Stapelstein balance board blau\"}]},{\"@type\":\"WebSite\",\"@id\":\"https:\/\/teiaeducation.ch\/de\/#website\",\"url\":\"https:\/\/teiaeducation.ch\/de\/\",\"name\":\"Sustainable Educational Products &amp; Ecological Toys\u00a0\",\"description\":\"Specialised Swiss shop selling sustainable educational toys and games, AMI certified Montessori materials, handmade ecological wooden Waldorf toys and arts &amp; crafts supplies, school supplies, children&#039;s furniture and Montessori reference and parenting books.\",\"publisher\":{\"@id\":\"https:\/\/teiaeducation.ch\/de\/#organization\"},\"alternateName\":\"Teia Education & Play\",\"potentialAction\":[{\"@type\":\"SearchAction\",\"target\":{\"@type\":\"EntryPoint\",\"urlTemplate\":\"https:\/\/teiaeducation.ch\/de\/?s={search_term_string}\"},\"query-input\":{\"@type\":\"PropertyValueSpecification\",\"valueRequired\":true,\"valueName\":\"search_term_string\"}}],\"inLanguage\":\"de-CH\"},{\"@type\":\"Organization\",\"@id\":\"https:\/\/teiaeducation.ch\/de\/#organization\",\"name\":\"Teia Education & Play\",\"url\":\"https:\/\/teiaeducation.ch\/de\/\",\"logo\":{\"@type\":\"ImageObject\",\"inLanguage\":\"de-CH\",\"@id\":\"https:\/\/teiaeducation.ch\/de\/#\/schema\/logo\/image\/\",\"url\":\"https:\/\/teiaeducation.ch\/wp-content\/uploads\/2020\/11\/Teia-Education-Switzerland-e1620156442216.jpg\",\"contentUrl\":\"https:\/\/teiaeducation.ch\/wp-content\/uploads\/2020\/11\/Teia-Education-Switzerland-e1620156442216.jpg\",\"width\":166,\"height\":145,\"caption\":\"Teia Education & Play\"},\"image\":{\"@id\":\"https:\/\/teiaeducation.ch\/de\/#\/schema\/logo\/image\/\"},\"sameAs\":[\"https:\/\/www.facebook.com\/teiaeducation\/\",\"https:\/\/x.com\/EducationTeia\",\"https:\/\/www.instagram.com\/teia.education\/\",\"https:\/\/www.linkedin.com\/company\/35501660\",\"https:\/\/www.pinterest.ch\/TeiaEducation\/\"]}]}<\/script>\n<!-- \/ Yoast SEO plugin. -->","yoast_head_json":{"title":"Balance Board blau - Stapelstein - Teia Education & Play","description":"Das Balance Board von Stapelstein in blau wird in Deutschland aus reinem, EPP hergestellt und f\u00f6rdert aktives Spiel, kreativit\u00e4t und Bewegung!","robots":{"index":"index","follow":"follow","max-snippet":"max-snippet:-1","max-image-preview":"max-image-preview:large","max-video-preview":"max-video-preview:-1"},"canonical":"https:\/\/teiaeducation.ch\/de\/produkt\/balance-board-blau-stapelstein\/","og_locale":"de_DE","og_type":"article","og_title":"Balance Board blau - Stapelstein - Teia Education & Play","og_description":"Das Balance Board von Stapelstein in blau wird in Deutschland aus reinem, EPP hergestellt und f\u00f6rdert aktives Spiel, kreativit\u00e4t und Bewegung!","og_url":"https:\/\/teiaeducation.ch\/de\/produkt\/balance-board-blau-stapelstein\/","og_site_name":"Sustainable Educational Products &amp; Ecological Toys\u00a0","article_publisher":"https:\/\/www.facebook.com\/teiaeducation\/","article_modified_time":"2022-12-13T00:16:41+00:00","og_image":[{"width":800,"height":1000,"url":"https:\/\/teiaeducation.ch\/wp-content\/uploads\/2021\/02\/Balance-board-night-blue-Stapelstein.jpg","type":"image\/jpeg"}],"schema":{"@context":"https:\/\/schema.org","@graph":[{"@type":"WebPage","@id":"https:\/\/teiaeducation.ch\/de\/produkt\/balance-board-blau-stapelstein\/","url":"https:\/\/teiaeducation.ch\/de\/produkt\/balance-board-blau-stapelstein\/","name":"Balance Board blau - Stapelstein - Teia Education & Play","isPartOf":{"@id":"https:\/\/teiaeducation.ch\/de\/#website"},"primaryImageOfPage":{"@id":"https:\/\/teiaeducation.ch\/de\/produkt\/balance-board-blau-stapelstein\/#primaryimage"},"image":{"@id":"https:\/\/teiaeducation.ch\/de\/produkt\/balance-board-blau-stapelstein\/#primaryimage"},"thumbnailUrl":"https:\/\/teiaeducation.ch\/wp-content\/uploads\/2021\/02\/Balance-board-night-blue-Stapelstein.jpg","datePublished":"2021-02-02T10:19:49+00:00","dateModified":"2022-12-13T00:16:41+00:00","description":"Das Balance Board von Stapelstein in blau wird in Deutschland aus reinem, EPP hergestellt und f\u00f6rdert aktives Spiel, kreativit\u00e4t und Bewegung!","breadcrumb":{"@id":"https:\/\/teiaeducation.ch\/de\/produkt\/balance-board-blau-stapelstein\/#breadcrumb"},"inLanguage":"de-CH","potentialAction":[{"@type":"ReadAction","target":["https:\/\/teiaeducation.ch\/de\/produkt\/balance-board-blau-stapelstein\/"]}]},{"@type":"ImageObject","inLanguage":"de-CH","@id":"https:\/\/teiaeducation.ch\/de\/produkt\/balance-board-blau-stapelstein\/#primaryimage","url":"https:\/\/teiaeducation.ch\/wp-content\/uploads\/2021\/02\/Balance-board-night-blue-Stapelstein.jpg","contentUrl":"https:\/\/teiaeducation.ch\/wp-content\/uploads\/2021\/02\/Balance-board-night-blue-Stapelstein.jpg","width":800,"height":1000,"caption":"Blau balance board - Stapelstein Deutschland"},{"@type":"BreadcrumbList","@id":"https:\/\/teiaeducation.ch\/de\/produkt\/balance-board-blau-stapelstein\/#breadcrumb","itemListElement":[{"@type":"ListItem","position":1,"name":"Home","item":"https:\/\/teiaeducation.ch\/de\/"},{"@type":"ListItem","position":2,"name":"Laden","item":"https:\/\/teiaeducation.ch\/de\/shop\/"},{"@type":"ListItem","position":3,"name":"Unsere Marken","item":"https:\/\/teiaeducation.ch\/de\/produkt-kategorie\/unsere-marken\/"},{"@type":"ListItem","position":4,"name":"Stapelstein","item":"https:\/\/teiaeducation.ch\/de\/produkt-kategorie\/unsere-marken\/stapelsteine-aktive-spielzeuge-de\/"},{"@type":"ListItem","position":5,"name":"Stapelstein balance board blau"}]},{"@type":"WebSite","@id":"https:\/\/teiaeducation.ch\/de\/#website","url":"https:\/\/teiaeducation.ch\/de\/","name":"Sustainable Educational Products &amp; Ecological Toys\u00a0","description":"Specialised Swiss shop selling sustainable educational toys and games, AMI certified Montessori materials, handmade ecological wooden Waldorf toys and arts &amp; crafts supplies, school supplies, children&#039;s furniture and Montessori reference and parenting books.","publisher":{"@id":"https:\/\/teiaeducation.ch\/de\/#organization"},"alternateName":"Teia Education & Play","potentialAction":[{"@type":"SearchAction","target":{"@type":"EntryPoint","urlTemplate":"https:\/\/teiaeducation.ch\/de\/?s={search_term_string}"},"query-input":{"@type":"PropertyValueSpecification","valueRequired":true,"valueName":"search_term_string"}}],"inLanguage":"de-CH"},{"@type":"Organization","@id":"https:\/\/teiaeducation.ch\/de\/#organization","name":"Teia Education & Play","url":"https:\/\/teiaeducation.ch\/de\/","logo":{"@type":"ImageObject","inLanguage":"de-CH","@id":"https:\/\/teiaeducation.ch\/de\/#\/schema\/logo\/image\/","url":"https:\/\/teiaeducation.ch\/wp-content\/uploads\/2020\/11\/Teia-Education-Switzerland-e1620156442216.jpg","contentUrl":"https:\/\/teiaeducation.ch\/wp-content\/uploads\/2020\/11\/Teia-Education-Switzerland-e1620156442216.jpg","width":166,"height":145,"caption":"Teia Education & Play"},"image":{"@id":"https:\/\/teiaeducation.ch\/de\/#\/schema\/logo\/image\/"},"sameAs":["https:\/\/www.facebook.com\/teiaeducation\/","https:\/\/x.com\/EducationTeia","https:\/\/www.instagram.com\/teia.education\/","https:\/\/www.linkedin.com\/company\/35501660","https:\/\/www.pinterest.ch\/TeiaEducation\/"]}]}},"_links":{"self":[{"href":"https:\/\/teiaeducation.ch\/de\/wp-json\/wp\/v2\/product\/48813","targetHints":{"allow":["GET"]}}],"collection":[{"href":"https:\/\/teiaeducation.ch\/de\/wp-json\/wp\/v2\/product"}],"about":[{"href":"https:\/\/teiaeducation.ch\/de\/wp-json\/wp\/v2\/types\/product"}],"replies":[{"embeddable":true,"href":"https:\/\/teiaeducation.ch\/de\/wp-json\/wp\/v2\/comments?post=48813"}],"wp:featuredmedia":[{"embeddable":true,"href":"https:\/\/teiaeducation.ch\/de\/wp-json\/wp\/v2\/media\/48814"}],"wp:attachment":[{"href":"https:\/\/teiaeducation.ch\/de\/wp-json\/wp\/v2\/media?parent=48813"}],"wp:term":[{"taxonomy":"product_brand","embeddable":true,"href":"https:\/\/teiaeducation.ch\/de\/wp-json\/wp\/v2\/product_brand?post=48813"},{"taxonomy":"product_cat","embeddable":true,"href":"https:\/\/teiaeducation.ch\/de\/wp-json\/wp\/v2\/product_cat?post=48813"},{"taxonomy":"product_tag","embeddable":true,"href":"https:\/\/teiaeducation.ch\/de\/wp-json\/wp\/v2\/product_tag?post=48813"}],"curies":[{"name":"wp","href":"https:\/\/api.w.org\/{rel}","templated":true}]}}