{"id":48825,"date":"2021-11-12T14:33:41","date_gmt":"2021-11-12T13:33:41","guid":{"rendered":"https:\/\/teiaeducation.ch\/product\/balaton-uplands-baukloetze-eperfa\/"},"modified":"2022-05-27T13:55:59","modified_gmt":"2022-05-27T11:55:59","slug":"balaton-uplands-bauklotze-eperfa","status":"publish","type":"product","link":"https:\/\/teiaeducation.ch\/de\/produkt\/balaton-uplands-bauklotze-eperfa\/","title":{"rendered":"Balaton uplands Baukl\u00f6tze &#8211; Eperfa"},"content":{"rendered":"<p>Die Balaton uplands Baukl\u00f6tze von Eperfa erz\u00e4hlen eine Geschichte \u00fcber die D\u00f6rfer rund um den Balaton (Plattensee) &#8211; den gr\u00f6\u00dften See Mitteleuropas. Mit diesem wundersch\u00f6nen Set aus handgefertigten <a href=\"https:\/\/teiaeducation.ch\/de\/produkt-kategorie\/kinder-spielzeug\/baukloetze-aus-holz\/\">Baukl\u00f6tzen<\/a> k\u00f6nnen Kinder ihr eigenes kleines Dorf bauen und dabei ihre Fantasie und Neugierde f\u00fcr die Welt um sie herum entwickeln.<\/p>\n<p>Das Set besteht aus eigenartig geformten H\u00fcgeln, den sie umgebenden W\u00e4ldern und den geheimnisvollen alten wei\u00dfen H\u00e4usern in den D\u00f6rfern, die alle aus lokalem Buchenholz aus verantwortungsvoller Forstwirtschaft aus dem ungarischen Duna-Ipoly-Nationalpark hergestellt wurden. Das Set besteht aus 6 H\u00fcgeln, 3 B\u00e4umen und 6 H\u00e4usern mit einer Gr\u00f6\u00dfe von ca. 5 x 7 x 2 cm, die in einer Schachtel aus handgesch\u00f6pftem Recyclingpapier verpackt sind. Balaton uplands Baukl\u00f6tze ist f\u00fcr Kinder ab 3 Jahren geeignet.<\/p>\n<p>Kinder entwickeln ihre <a href=\"https:\/\/teiaeducation.ch\/de\/produkt-kategorie\/lernthemen\/sensorische-motorische-fertigkeiten\/motorische-fertigkeiten\/\">Feinmotorik<\/a> und Geschicklichkeit sowie ihre Vorstellungskraft, wenn sie ihr eigenes Dorf in einer kleinen Welt spiel erschaffen.<\/p>\n<p>Dieses entz\u00fcckende, qualitativ hochwertige Spielzeugset wird mit Sicherheit ein Familienerbst\u00fcck werden, das \u00fcber Generationen hinweg weitergegeben wird. Er wurde in der kleinen Werkstatt von Eperfa in Budapest, Ungarn, handgefertigt und handbemalt.<\/p>\n<p><a href=\"https:\/\/teiaeducation.ch\/de\/produkt-kategorie\/unsere-marken\/eperfa\/\">Eperfa<\/a> ist eine ungarische Marke, die wunderbares, nat\u00fcrliches <a href=\"https:\/\/teiaeducation.ch\/de\/produkt-kategorie\/kinder-spielzeug\/\">Spielzeug<\/a> herstellt, das von der Landschaft und der Tierwelt rund um Budapest und den Balaton (Plattensee) inspiriert ist. Die Produkte von Eperfa ermutigen Kinder dazu, frei zu entdecken und eine fr\u00f6hliche, langsamere Kindheit zu genie\u00dfen.<\/p>\n<p>Die Spielzeuge von Eperfa werden in ihrer kleinen Werkstatt in Budapest aus Massivholz aus dem ungarischen Nationalpark Duna-Ipoly und anderen nat\u00fcrlichen Materialien wie Leder und 100% Wollfilz handgefertigt und handbemalt.<\/p>\n<p>Achtung: Erstickungsgefahr &#8211; Balaton uplands Baukl\u00f6tze Set enth\u00e4lt Kleinteile.<\/p>\n<p>Inhalt:<\/p>\n<p>6 H\u00fcgel<br \/>\n3 B\u00e4umen<br \/>\n6 H\u00e4usern<\/p>\n","protected":false},"excerpt":{"rendered":"<p>Artikelnummer: EPER-03<\/p>\n<p>Die Balaton uplands Baukl\u00f6tze von Eperfa erz\u00e4hlen eine Geschichte \u00fcber die D\u00f6rfer rund um den Balaton (Plattensee) &#8211; den gr\u00f6\u00dften See Mitteleuropas.<\/p>\n","protected":false},"featured_media":41096,"comment_status":"open","ping_status":"closed","template":"","meta":[],"product_brand":[],"product_cat":[21445,21671,21704,21621,21690,21670,21487,21484,23075,21443,21563,21684,22362,23636,21678,21564,24314,22363],"product_tag":[23434,23435,23439,23436,23438,23437,23444,23442,23445,23440,23446,23443,23441],"class_list":{"0":"post-48825","1":"product","2":"type-product","3":"status-publish","4":"has-post-thumbnail","6":"product_cat-3-6-jahre-vorschule","7":"product_cat-angebot","8":"product_cat-baukloetze-aus-holz","9":"product_cat-eperfa","10":"product_cat-spiele-mit-offenem-ende","11":"product_cat-fruehjahrskollektion","12":"product_cat-geschenk-guide-3-6-jahre-vorschule","13":"product_cat-geschenk-guides","14":"product_cat-handgefertigtes-holzspielzeug","15":"product_cat-nach-alter","16":"product_cat-neuheiten","17":"product_cat-puppenhaeuser-gebaeude","18":"product_cat-saisonale-kollektionen","19":"product_cat-sommer-kollektion","20":"product_cat-kinder-spielzeug","21":"product_cat-unsere-marken","22":"product_cat-valentinstag","23":"product_cat-winter-kollektion","24":"product_tag-eperfa-de","25":"product_tag-eperfa-fischertasche","26":"product_tag-eperfa-schweiz-de","27":"product_tag-eperfa-spielzeug","28":"product_tag-eperfa-suisse-de","29":"product_tag-eperfa-switzerland-de","30":"product_tag-fischereiset-holzspielzeug","31":"product_tag-handgefertigtes-fischer-spielset","32":"product_tag-handgefertigtes-fischerspielzeug","33":"product_tag-handgefertigtes-spielzeug-schweiz","34":"product_tag-nachhaltiges-handgemachtes-spielzeug","35":"product_tag-spielzeug-angelrute-aus-holz","36":"product_tag-spielzeug-hergestellt-in-ungarn","38":"first","39":"instock","40":"sale","41":"taxable","42":"shipping-taxable","43":"purchasable","44":"product-type-simple"},"yoast_head":"<!-- This site is optimized with the Yoast SEO plugin v27.3 - https:\/\/yoast.com\/product\/yoast-seo-wordpress\/ -->\n<title>Balaton uplands Baukl\u00f6tze - Eperfa - Teia Education &amp; Play<\/title>\n<meta name=\"description\" content=\"Die Balaton uplands Baukl\u00f6tze von Eperfa erz\u00e4hlen eine Geschichte \u00fcber die D\u00f6rfer rund um den Plattensee - den gr\u00f6\u00dften See Mitteleuropas.\" \/>\n<meta name=\"robots\" content=\"index, follow, max-snippet:-1, max-image-preview:large, max-video-preview:-1\" \/>\n<link rel=\"canonical\" href=\"https:\/\/teiaeducation.ch\/de\/produkt\/balaton-uplands-bauklotze-eperfa\/\" \/>\n<meta property=\"og:locale\" content=\"de_DE\" \/>\n<meta property=\"og:type\" content=\"article\" \/>\n<meta property=\"og:title\" content=\"Balaton uplands Baukl\u00f6tze - Eperfa - Teia Education &amp; Play\" \/>\n<meta property=\"og:description\" content=\"Die Balaton uplands Baukl\u00f6tze von Eperfa erz\u00e4hlen eine Geschichte \u00fcber die D\u00f6rfer rund um den Plattensee - den gr\u00f6\u00dften See Mitteleuropas.\" \/>\n<meta property=\"og:url\" content=\"https:\/\/teiaeducation.ch\/de\/produkt\/balaton-uplands-bauklotze-eperfa\/\" \/>\n<meta property=\"og:site_name\" content=\"Sustainable Educational Products &amp; Ecological Toys\u00a0\" \/>\n<meta property=\"article:publisher\" content=\"https:\/\/www.facebook.com\/teiaeducation\/\" \/>\n<meta property=\"article:modified_time\" content=\"2022-05-27T11:55:59+00:00\" \/>\n<meta property=\"og:image\" content=\"https:\/\/teiaeducation.ch\/wp-content\/uploads\/2021\/11\/Balaton-uplands-building-blocks-Eperfa2.jpg\" \/>\n\t<meta property=\"og:image:width\" content=\"1080\" \/>\n\t<meta property=\"og:image:height\" content=\"720\" \/>\n\t<meta property=\"og:image:type\" content=\"image\/jpeg\" \/>\n<script type=\"application\/ld+json\" class=\"yoast-schema-graph\">{\"@context\":\"https:\\\/\\\/schema.org\",\"@graph\":[{\"@type\":\"WebPage\",\"@id\":\"https:\\\/\\\/teiaeducation.ch\\\/de\\\/produkt\\\/balaton-uplands-bauklotze-eperfa\\\/\",\"url\":\"https:\\\/\\\/teiaeducation.ch\\\/de\\\/produkt\\\/balaton-uplands-bauklotze-eperfa\\\/\",\"name\":\"Balaton uplands Baukl\u00f6tze - Eperfa - Teia Education & Play\",\"isPartOf\":{\"@id\":\"https:\\\/\\\/teiaeducation.ch\\\/de\\\/#website\"},\"primaryImageOfPage\":{\"@id\":\"https:\\\/\\\/teiaeducation.ch\\\/de\\\/produkt\\\/balaton-uplands-bauklotze-eperfa\\\/#primaryimage\"},\"image\":{\"@id\":\"https:\\\/\\\/teiaeducation.ch\\\/de\\\/produkt\\\/balaton-uplands-bauklotze-eperfa\\\/#primaryimage\"},\"thumbnailUrl\":\"https:\\\/\\\/teiaeducation.ch\\\/wp-content\\\/uploads\\\/2021\\\/11\\\/Balaton-uplands-building-blocks-Eperfa2.jpg\",\"datePublished\":\"2021-11-12T13:33:41+00:00\",\"dateModified\":\"2022-05-27T11:55:59+00:00\",\"description\":\"Die Balaton uplands Baukl\u00f6tze von Eperfa erz\u00e4hlen eine Geschichte \u00fcber die D\u00f6rfer rund um den Plattensee - den gr\u00f6\u00dften See Mitteleuropas.\",\"breadcrumb\":{\"@id\":\"https:\\\/\\\/teiaeducation.ch\\\/de\\\/produkt\\\/balaton-uplands-bauklotze-eperfa\\\/#breadcrumb\"},\"inLanguage\":\"de-CH\",\"potentialAction\":[{\"@type\":\"ReadAction\",\"target\":[\"https:\\\/\\\/teiaeducation.ch\\\/de\\\/produkt\\\/balaton-uplands-bauklotze-eperfa\\\/\"]}]},{\"@type\":\"ImageObject\",\"inLanguage\":\"de-CH\",\"@id\":\"https:\\\/\\\/teiaeducation.ch\\\/de\\\/produkt\\\/balaton-uplands-bauklotze-eperfa\\\/#primaryimage\",\"url\":\"https:\\\/\\\/teiaeducation.ch\\\/wp-content\\\/uploads\\\/2021\\\/11\\\/Balaton-uplands-building-blocks-Eperfa2.jpg\",\"contentUrl\":\"https:\\\/\\\/teiaeducation.ch\\\/wp-content\\\/uploads\\\/2021\\\/11\\\/Balaton-uplands-building-blocks-Eperfa2.jpg\",\"width\":1080,\"height\":720,\"caption\":\"Balaton uplands Baukl\u00f6tze - Eperfa\"},{\"@type\":\"BreadcrumbList\",\"@id\":\"https:\\\/\\\/teiaeducation.ch\\\/de\\\/produkt\\\/balaton-uplands-bauklotze-eperfa\\\/#breadcrumb\",\"itemListElement\":[{\"@type\":\"ListItem\",\"position\":1,\"name\":\"Home\",\"item\":\"https:\\\/\\\/teiaeducation.ch\\\/de\\\/\"},{\"@type\":\"ListItem\",\"position\":2,\"name\":\"Laden\",\"item\":\"https:\\\/\\\/teiaeducation.ch\\\/de\\\/shop\\\/\"},{\"@type\":\"ListItem\",\"position\":3,\"name\":\"Nach Alter\",\"item\":\"https:\\\/\\\/teiaeducation.ch\\\/de\\\/produkt-kategorie\\\/nach-alter\\\/\"},{\"@type\":\"ListItem\",\"position\":4,\"name\":\"3-6 Jahre Vorschule\",\"item\":\"https:\\\/\\\/teiaeducation.ch\\\/de\\\/produkt-kategorie\\\/nach-alter\\\/3-6-jahre-vorschule\\\/\"},{\"@type\":\"ListItem\",\"position\":5,\"name\":\"Balaton uplands Baukl\u00f6tze &#8211; Eperfa\"}]},{\"@type\":\"WebSite\",\"@id\":\"https:\\\/\\\/teiaeducation.ch\\\/de\\\/#website\",\"url\":\"https:\\\/\\\/teiaeducation.ch\\\/de\\\/\",\"name\":\"Sustainable Educational Products &amp; Ecological Toys\u00a0\",\"description\":\"Specialised Swiss shop selling sustainable educational toys and games, AMI certified Montessori materials, handmade ecological wooden Waldorf toys and arts &amp; crafts supplies, school supplies, children&#039;s furniture and Montessori reference and parenting books.\",\"publisher\":{\"@id\":\"https:\\\/\\\/teiaeducation.ch\\\/de\\\/#organization\"},\"alternateName\":\"Teia Education & Play\",\"potentialAction\":[{\"@type\":\"SearchAction\",\"target\":{\"@type\":\"EntryPoint\",\"urlTemplate\":\"https:\\\/\\\/teiaeducation.ch\\\/de\\\/?s={search_term_string}\"},\"query-input\":{\"@type\":\"PropertyValueSpecification\",\"valueRequired\":true,\"valueName\":\"search_term_string\"}}],\"inLanguage\":\"de-CH\"},{\"@type\":\"Organization\",\"@id\":\"https:\\\/\\\/teiaeducation.ch\\\/de\\\/#organization\",\"name\":\"Teia Education & Play\",\"url\":\"https:\\\/\\\/teiaeducation.ch\\\/de\\\/\",\"logo\":{\"@type\":\"ImageObject\",\"inLanguage\":\"de-CH\",\"@id\":\"https:\\\/\\\/teiaeducation.ch\\\/de\\\/#\\\/schema\\\/logo\\\/image\\\/\",\"url\":\"https:\\\/\\\/teiaeducation.ch\\\/wp-content\\\/uploads\\\/2020\\\/11\\\/Teia-Education-Switzerland-e1620156442216.jpg\",\"contentUrl\":\"https:\\\/\\\/teiaeducation.ch\\\/wp-content\\\/uploads\\\/2020\\\/11\\\/Teia-Education-Switzerland-e1620156442216.jpg\",\"width\":166,\"height\":145,\"caption\":\"Teia Education & Play\"},\"image\":{\"@id\":\"https:\\\/\\\/teiaeducation.ch\\\/de\\\/#\\\/schema\\\/logo\\\/image\\\/\"},\"sameAs\":[\"https:\\\/\\\/www.facebook.com\\\/teiaeducation\\\/\",\"https:\\\/\\\/x.com\\\/EducationTeia\",\"https:\\\/\\\/www.instagram.com\\\/teia.education\\\/\",\"https:\\\/\\\/www.linkedin.com\\\/company\\\/35501660\",\"https:\\\/\\\/www.pinterest.ch\\\/TeiaEducation\\\/\"]}]}<\/script>\n<!-- \/ Yoast SEO plugin. -->","yoast_head_json":{"title":"Balaton uplands Baukl\u00f6tze - Eperfa - Teia Education & Play","description":"Die Balaton uplands Baukl\u00f6tze von Eperfa erz\u00e4hlen eine Geschichte \u00fcber die D\u00f6rfer rund um den Plattensee - den gr\u00f6\u00dften See Mitteleuropas.","robots":{"index":"index","follow":"follow","max-snippet":"max-snippet:-1","max-image-preview":"max-image-preview:large","max-video-preview":"max-video-preview:-1"},"canonical":"https:\/\/teiaeducation.ch\/de\/produkt\/balaton-uplands-bauklotze-eperfa\/","og_locale":"de_DE","og_type":"article","og_title":"Balaton uplands Baukl\u00f6tze - Eperfa - Teia Education & Play","og_description":"Die Balaton uplands Baukl\u00f6tze von Eperfa erz\u00e4hlen eine Geschichte \u00fcber die D\u00f6rfer rund um den Plattensee - den gr\u00f6\u00dften See Mitteleuropas.","og_url":"https:\/\/teiaeducation.ch\/de\/produkt\/balaton-uplands-bauklotze-eperfa\/","og_site_name":"Sustainable Educational Products &amp; Ecological Toys\u00a0","article_publisher":"https:\/\/www.facebook.com\/teiaeducation\/","article_modified_time":"2022-05-27T11:55:59+00:00","og_image":[{"width":1080,"height":720,"url":"https:\/\/teiaeducation.ch\/wp-content\/uploads\/2021\/11\/Balaton-uplands-building-blocks-Eperfa2.jpg","type":"image\/jpeg"}],"schema":{"@context":"https:\/\/schema.org","@graph":[{"@type":"WebPage","@id":"https:\/\/teiaeducation.ch\/de\/produkt\/balaton-uplands-bauklotze-eperfa\/","url":"https:\/\/teiaeducation.ch\/de\/produkt\/balaton-uplands-bauklotze-eperfa\/","name":"Balaton uplands Baukl\u00f6tze - Eperfa - Teia Education & Play","isPartOf":{"@id":"https:\/\/teiaeducation.ch\/de\/#website"},"primaryImageOfPage":{"@id":"https:\/\/teiaeducation.ch\/de\/produkt\/balaton-uplands-bauklotze-eperfa\/#primaryimage"},"image":{"@id":"https:\/\/teiaeducation.ch\/de\/produkt\/balaton-uplands-bauklotze-eperfa\/#primaryimage"},"thumbnailUrl":"https:\/\/teiaeducation.ch\/wp-content\/uploads\/2021\/11\/Balaton-uplands-building-blocks-Eperfa2.jpg","datePublished":"2021-11-12T13:33:41+00:00","dateModified":"2022-05-27T11:55:59+00:00","description":"Die Balaton uplands Baukl\u00f6tze von Eperfa erz\u00e4hlen eine Geschichte \u00fcber die D\u00f6rfer rund um den Plattensee - den gr\u00f6\u00dften See Mitteleuropas.","breadcrumb":{"@id":"https:\/\/teiaeducation.ch\/de\/produkt\/balaton-uplands-bauklotze-eperfa\/#breadcrumb"},"inLanguage":"de-CH","potentialAction":[{"@type":"ReadAction","target":["https:\/\/teiaeducation.ch\/de\/produkt\/balaton-uplands-bauklotze-eperfa\/"]}]},{"@type":"ImageObject","inLanguage":"de-CH","@id":"https:\/\/teiaeducation.ch\/de\/produkt\/balaton-uplands-bauklotze-eperfa\/#primaryimage","url":"https:\/\/teiaeducation.ch\/wp-content\/uploads\/2021\/11\/Balaton-uplands-building-blocks-Eperfa2.jpg","contentUrl":"https:\/\/teiaeducation.ch\/wp-content\/uploads\/2021\/11\/Balaton-uplands-building-blocks-Eperfa2.jpg","width":1080,"height":720,"caption":"Balaton uplands Baukl\u00f6tze - Eperfa"},{"@type":"BreadcrumbList","@id":"https:\/\/teiaeducation.ch\/de\/produkt\/balaton-uplands-bauklotze-eperfa\/#breadcrumb","itemListElement":[{"@type":"ListItem","position":1,"name":"Home","item":"https:\/\/teiaeducation.ch\/de\/"},{"@type":"ListItem","position":2,"name":"Laden","item":"https:\/\/teiaeducation.ch\/de\/shop\/"},{"@type":"ListItem","position":3,"name":"Nach Alter","item":"https:\/\/teiaeducation.ch\/de\/produkt-kategorie\/nach-alter\/"},{"@type":"ListItem","position":4,"name":"3-6 Jahre Vorschule","item":"https:\/\/teiaeducation.ch\/de\/produkt-kategorie\/nach-alter\/3-6-jahre-vorschule\/"},{"@type":"ListItem","position":5,"name":"Balaton uplands Baukl\u00f6tze &#8211; Eperfa"}]},{"@type":"WebSite","@id":"https:\/\/teiaeducation.ch\/de\/#website","url":"https:\/\/teiaeducation.ch\/de\/","name":"Sustainable Educational Products &amp; Ecological Toys\u00a0","description":"Specialised Swiss shop selling sustainable educational toys and games, AMI certified Montessori materials, handmade ecological wooden Waldorf toys and arts &amp; crafts supplies, school supplies, children&#039;s furniture and Montessori reference and parenting books.","publisher":{"@id":"https:\/\/teiaeducation.ch\/de\/#organization"},"alternateName":"Teia Education & Play","potentialAction":[{"@type":"SearchAction","target":{"@type":"EntryPoint","urlTemplate":"https:\/\/teiaeducation.ch\/de\/?s={search_term_string}"},"query-input":{"@type":"PropertyValueSpecification","valueRequired":true,"valueName":"search_term_string"}}],"inLanguage":"de-CH"},{"@type":"Organization","@id":"https:\/\/teiaeducation.ch\/de\/#organization","name":"Teia Education & Play","url":"https:\/\/teiaeducation.ch\/de\/","logo":{"@type":"ImageObject","inLanguage":"de-CH","@id":"https:\/\/teiaeducation.ch\/de\/#\/schema\/logo\/image\/","url":"https:\/\/teiaeducation.ch\/wp-content\/uploads\/2020\/11\/Teia-Education-Switzerland-e1620156442216.jpg","contentUrl":"https:\/\/teiaeducation.ch\/wp-content\/uploads\/2020\/11\/Teia-Education-Switzerland-e1620156442216.jpg","width":166,"height":145,"caption":"Teia Education & Play"},"image":{"@id":"https:\/\/teiaeducation.ch\/de\/#\/schema\/logo\/image\/"},"sameAs":["https:\/\/www.facebook.com\/teiaeducation\/","https:\/\/x.com\/EducationTeia","https:\/\/www.instagram.com\/teia.education\/","https:\/\/www.linkedin.com\/company\/35501660","https:\/\/www.pinterest.ch\/TeiaEducation\/"]}]}},"_links":{"self":[{"href":"https:\/\/teiaeducation.ch\/de\/wp-json\/wp\/v2\/product\/48825","targetHints":{"allow":["GET"]}}],"collection":[{"href":"https:\/\/teiaeducation.ch\/de\/wp-json\/wp\/v2\/product"}],"about":[{"href":"https:\/\/teiaeducation.ch\/de\/wp-json\/wp\/v2\/types\/product"}],"replies":[{"embeddable":true,"href":"https:\/\/teiaeducation.ch\/de\/wp-json\/wp\/v2\/comments?post=48825"}],"wp:featuredmedia":[{"embeddable":true,"href":"https:\/\/teiaeducation.ch\/de\/wp-json\/wp\/v2\/media\/41096"}],"wp:attachment":[{"href":"https:\/\/teiaeducation.ch\/de\/wp-json\/wp\/v2\/media?parent=48825"}],"wp:term":[{"taxonomy":"product_brand","embeddable":true,"href":"https:\/\/teiaeducation.ch\/de\/wp-json\/wp\/v2\/product_brand?post=48825"},{"taxonomy":"product_cat","embeddable":true,"href":"https:\/\/teiaeducation.ch\/de\/wp-json\/wp\/v2\/product_cat?post=48825"},{"taxonomy":"product_tag","embeddable":true,"href":"https:\/\/teiaeducation.ch\/de\/wp-json\/wp\/v2\/product_tag?post=48825"}],"curies":[{"name":"wp","href":"https:\/\/api.w.org\/{rel}","templated":true}]}}