{"id":48829,"date":"2021-11-12T15:52:33","date_gmt":"2021-11-12T14:52:33","guid":{"rendered":"https:\/\/teiaeducation.ch\/product\/gambosa-pilz-kreisel-eperfa\/"},"modified":"2022-05-27T13:19:54","modified_gmt":"2022-05-27T11:19:54","slug":"gambosa-pilz-kreisel-eperfa","status":"publish","type":"product","link":"https:\/\/teiaeducation.ch\/de\/produkt\/gambosa-pilz-kreisel-eperfa\/","title":{"rendered":"Gambosa Pilz Kreisel &#8211; Eperfa"},"content":{"rendered":"<p>Der wundersch\u00f6ne handgefertigte Kreisel aus Holz von Eperfa, der vom Gambosa Pilz inspiriert wurde, ist ein klassisches Spielzeug f\u00fcr alle Altersgruppen und bietet eine unendliche Vielfalt an offenen Spielm\u00f6glichkeiten. Kreisel sind eines der \u00e4ltesten erkennbaren Spielzeuge der Welt und bieten Kindern und Erwachsenen gleicherma\u00dfen <a href=\"https:\/\/teiaeducation.ch\/product-category\/play\/sensory-play\/\">sinnliche<\/a> Erfahrungen!<\/p>\n<p>Der <a href=\"https:\/\/teiaeducation.ch\/de\/produkt-kategorie\/kinder-spielzeug\/kreisel\/\">Kreisel<\/a>, der sich um seine vertikale Achse dreht, ist ein Spielzeug, das seit dem Altertum f\u00fcr einsame oder wetteifernde Kinderspiele verwendet wird. Ziel ist es, den Kreisel so lange wie m\u00f6glich aufrecht zu halten, nachdem er in Bewegung gesetzt wurde.<\/p>\n<p>Dieser taktile und sanft gerundete Kreisel ist von einer der in den ungarischen W\u00e4ldern h\u00e4ufig vorkommenden Pilzarten inspiriert. Dieser Kreisel misst 6 x 9 x 9 cm und wird bestimmt jahrelang in Ehren gehalten werden! Dieser Kreisel wird mit Sicherheit zu einem Familienerbst\u00fcck, das \u00fcber Generationen hinweg weitergegeben wird. Er wurde in der kleinen Werkstatt von Eperfa in Budapest, Ungarn, handgefertigt und handbemalt.<\/p>\n<p><a href=\"https:\/\/teiaeducation.ch\/de\/produkt-kategorie\/unsere-marken\/eperfa\/\">Eperfa<\/a> ist eine ungarische Marke, die wunderbares, nat\u00fcrliches <a href=\"https:\/\/teiaeducation.ch\/de\/produkt-kategorie\/kinder-spielzeug\/\">Spielzeug<\/a> herstellt, das von der Landschaft und der Tierwelt rund um Budapest und den Balaton (Plattensee) inspiriert ist. Die Produkte von Eperfa ermutigen Kinder dazu, frei zu entdecken und eine fr\u00f6hliche, langsamere Kindheit zu genie\u00dfen.<\/p>\n<p>Die Spielzeuge von Eperfa werden in ihrer kleinen Werkstatt in Budapest aus Massivholz aus dem ungarischen Nationalpark Duna-Ipoly und anderen nat\u00fcrlichen Materialien wie Leder und 100% Wollfilz handgefertigt und handbemalt.<\/p>\n<p>Der Eperfa Gambosa Pilz Kreisel aus Holz ist f\u00fcr Kinder ab 5 Jahren geeignet.<\/p>\n<p>Inhalt:<\/p>\n<p>1 Kreisel aus Holz<\/p>\n","protected":false},"excerpt":{"rendered":"<p>Artikelnummer: EPER-08<\/p>\n<p>Der handgefertigter Gambosa Pilz Kreisel aus Holz von Eperfa ist ein klassisches Spielzeu mit unendliche offenen Spielm\u00f6glichkeiten.<\/p>\n","protected":false},"featured_media":41192,"comment_status":"open","ping_status":"closed","template":"","meta":[],"product_brand":[],"product_cat":[21445,22033,21679,21671,21621,21690,21488,21484,23075,21464,21698,21509,22182,21559,21443,21563,22362,21557,21562,21695,21678,23133,21564],"product_tag":[23434,23439,23436,23438,23437,23452,23453,23451,23440,23446,23450,23449,23441,23448],"class_list":{"0":"post-48829","1":"product","2":"type-product","3":"status-publish","4":"has-post-thumbnail","6":"product_cat-3-6-jahre-vorschule","7":"product_cat-adventskalender-geschenke-strumpffueller","8":"product_cat-aktiv-spielzeug","9":"product_cat-angebot","10":"product_cat-eperfa","11":"product_cat-spiele-mit-offenem-ende","12":"product_cat-geschenk-guide-6-12-jahre-grundschule","13":"product_cat-geschenk-guides","14":"product_cat-handgefertigtes-holzspielzeug","15":"product_cat-herbstkollektion","16":"product_cat-kreisel","17":"product_cat-lernthemen","18":"product_cat-montessori-spielzeug","19":"product_cat-motorische-fertigkeiten","20":"product_cat-nach-alter","21":"product_cat-neuheiten","22":"product_cat-saisonale-kollektionen","23":"product_cat-sensorische-motorische-fertigkeiten","24":"product_cat-sinne","25":"product_cat-sinnliches-spiel","26":"product_cat-kinder-spielzeug","27":"product_cat-spielzeug-fuer-draussen","28":"product_cat-unsere-marken","29":"product_tag-eperfa-de","30":"product_tag-eperfa-schweiz-de","31":"product_tag-eperfa-spielzeug","32":"product_tag-eperfa-suisse-de","33":"product_tag-eperfa-switzerland-de","34":"product_tag-gambosa-pilz-kreisel-eperfa","35":"product_tag-handgefertigter-gambosa-pilz-kreisel-aus-holz","36":"product_tag-handgefertigter-kreisel-aus-holz","37":"product_tag-handgefertigtes-spielzeug-schweiz","38":"product_tag-nachhaltiges-handgemachtes-spielzeug","39":"product_tag-schwimmer-kreisel-aus-holz-eperfa","40":"product_tag-spielzeug-baume-aus-holz","41":"product_tag-spielzeug-hergestellt-in-ungarn","42":"product_tag-spielzeug-tiere-aus-holz","44":"first","45":"instock","46":"sale","47":"taxable","48":"shipping-taxable","49":"purchasable","50":"product-type-simple"},"yoast_head":"<!-- This site is optimized with the Yoast SEO Premium plugin v25.8 (Yoast SEO v27.4) - https:\/\/yoast.com\/product\/yoast-seo-premium-wordpress\/ -->\n<title>Gambosa Pilz Kreisel - Eperfa - Teia Education &amp; Play<\/title>\n<meta name=\"description\" content=\"Der handgefertigter Gambosa Pilz Kreisel aus Holz von Eperfa ist ein klassisches Spielzeu mit unendliche offenen Spielm\u00f6glichkeiten.\" \/>\n<meta name=\"robots\" content=\"index, follow, max-snippet:-1, max-image-preview:large, max-video-preview:-1\" \/>\n<link rel=\"canonical\" href=\"https:\/\/teiaeducation.ch\/de\/produkt\/gambosa-pilz-kreisel-eperfa\/\" \/>\n<meta property=\"og:locale\" content=\"de_DE\" \/>\n<meta property=\"og:type\" content=\"article\" \/>\n<meta property=\"og:title\" content=\"Gambosa Pilz Kreisel - Eperfa\" \/>\n<meta property=\"og:description\" content=\"Der handgefertigter Gambosa Pilz Kreisel aus Holz von Eperfa ist ein klassisches Spielzeu mit unendliche offenen Spielm\u00f6glichkeiten.\" \/>\n<meta property=\"og:url\" content=\"https:\/\/teiaeducation.ch\/de\/produkt\/gambosa-pilz-kreisel-eperfa\/\" \/>\n<meta property=\"og:site_name\" content=\"Sustainable Educational Products &amp; Ecological Toys\u00a0\" \/>\n<meta property=\"article:publisher\" content=\"https:\/\/www.facebook.com\/teiaeducation\/\" \/>\n<meta property=\"article:modified_time\" content=\"2022-05-27T11:19:54+00:00\" \/>\n<meta property=\"og:image\" content=\"https:\/\/teiaeducation.ch\/wp-content\/uploads\/2021\/11\/Handmade-wooden-Gambosa-mushroom-spinning-top-Eperfa.webp\" \/>\n\t<meta property=\"og:image:width\" content=\"1150\" \/>\n\t<meta property=\"og:image:height\" content=\"1147\" \/>\n\t<meta property=\"og:image:type\" content=\"image\/webp\" \/>\n<script type=\"application\/ld+json\" class=\"yoast-schema-graph\">{\"@context\":\"https:\\\/\\\/schema.org\",\"@graph\":[{\"@type\":\"WebPage\",\"@id\":\"https:\\\/\\\/teiaeducation.ch\\\/de\\\/produkt\\\/gambosa-pilz-kreisel-eperfa\\\/\",\"url\":\"https:\\\/\\\/teiaeducation.ch\\\/de\\\/produkt\\\/gambosa-pilz-kreisel-eperfa\\\/\",\"name\":\"Gambosa Pilz Kreisel - Eperfa - Teia Education & Play\",\"isPartOf\":{\"@id\":\"https:\\\/\\\/teiaeducation.ch\\\/de\\\/#website\"},\"primaryImageOfPage\":{\"@id\":\"https:\\\/\\\/teiaeducation.ch\\\/de\\\/produkt\\\/gambosa-pilz-kreisel-eperfa\\\/#primaryimage\"},\"image\":{\"@id\":\"https:\\\/\\\/teiaeducation.ch\\\/de\\\/produkt\\\/gambosa-pilz-kreisel-eperfa\\\/#primaryimage\"},\"thumbnailUrl\":\"https:\\\/\\\/teiaeducation.ch\\\/wp-content\\\/uploads\\\/2021\\\/11\\\/Handmade-wooden-Gambosa-mushroom-spinning-top-Eperfa.webp\",\"datePublished\":\"2021-11-12T14:52:33+00:00\",\"dateModified\":\"2022-05-27T11:19:54+00:00\",\"description\":\"Der handgefertigter Gambosa Pilz Kreisel aus Holz von Eperfa ist ein klassisches Spielzeu mit unendliche offenen Spielm\u00f6glichkeiten.\",\"breadcrumb\":{\"@id\":\"https:\\\/\\\/teiaeducation.ch\\\/de\\\/produkt\\\/gambosa-pilz-kreisel-eperfa\\\/#breadcrumb\"},\"inLanguage\":\"de-CH\",\"potentialAction\":[{\"@type\":\"ReadAction\",\"target\":[\"https:\\\/\\\/teiaeducation.ch\\\/de\\\/produkt\\\/gambosa-pilz-kreisel-eperfa\\\/\"]}]},{\"@type\":\"ImageObject\",\"inLanguage\":\"de-CH\",\"@id\":\"https:\\\/\\\/teiaeducation.ch\\\/de\\\/produkt\\\/gambosa-pilz-kreisel-eperfa\\\/#primaryimage\",\"url\":\"https:\\\/\\\/teiaeducation.ch\\\/wp-content\\\/uploads\\\/2021\\\/11\\\/Handmade-wooden-Gambosa-mushroom-spinning-top-Eperfa.webp\",\"contentUrl\":\"https:\\\/\\\/teiaeducation.ch\\\/wp-content\\\/uploads\\\/2021\\\/11\\\/Handmade-wooden-Gambosa-mushroom-spinning-top-Eperfa.webp\",\"width\":1150,\"height\":1147,\"caption\":\"Handgefertigter Gambosa Pilz Kreisel aus Holz - Eperfa\"},{\"@type\":\"BreadcrumbList\",\"@id\":\"https:\\\/\\\/teiaeducation.ch\\\/de\\\/produkt\\\/gambosa-pilz-kreisel-eperfa\\\/#breadcrumb\",\"itemListElement\":[{\"@type\":\"ListItem\",\"position\":1,\"name\":\"Home\",\"item\":\"https:\\\/\\\/teiaeducation.ch\\\/de\\\/\"},{\"@type\":\"ListItem\",\"position\":2,\"name\":\"Laden\",\"item\":\"https:\\\/\\\/teiaeducation.ch\\\/de\\\/shop\\\/\"},{\"@type\":\"ListItem\",\"position\":3,\"name\":\"Unsere Marken\",\"item\":\"https:\\\/\\\/teiaeducation.ch\\\/de\\\/produkt-kategorie\\\/unsere-marken\\\/\"},{\"@type\":\"ListItem\",\"position\":4,\"name\":\"Eperfa\",\"item\":\"https:\\\/\\\/teiaeducation.ch\\\/de\\\/produkt-kategorie\\\/unsere-marken\\\/eperfa\\\/\"},{\"@type\":\"ListItem\",\"position\":5,\"name\":\"Gambosa Pilz Kreisel &#8211; Eperfa\"}]},{\"@type\":\"WebSite\",\"@id\":\"https:\\\/\\\/teiaeducation.ch\\\/de\\\/#website\",\"url\":\"https:\\\/\\\/teiaeducation.ch\\\/de\\\/\",\"name\":\"Sustainable Educational Products &amp; Ecological Toys\u00a0\",\"description\":\"Specialised Swiss shop selling sustainable educational toys and games, AMI certified Montessori materials, handmade ecological wooden Waldorf toys and arts &amp; crafts supplies, school supplies, children&#039;s furniture and Montessori reference and parenting books.\",\"publisher\":{\"@id\":\"https:\\\/\\\/teiaeducation.ch\\\/de\\\/#organization\"},\"alternateName\":\"Teia Education & Play\",\"potentialAction\":[{\"@type\":\"SearchAction\",\"target\":{\"@type\":\"EntryPoint\",\"urlTemplate\":\"https:\\\/\\\/teiaeducation.ch\\\/de\\\/?s={search_term_string}\"},\"query-input\":{\"@type\":\"PropertyValueSpecification\",\"valueRequired\":true,\"valueName\":\"search_term_string\"}}],\"inLanguage\":\"de-CH\"},{\"@type\":\"Organization\",\"@id\":\"https:\\\/\\\/teiaeducation.ch\\\/de\\\/#organization\",\"name\":\"Teia Education & Play\",\"url\":\"https:\\\/\\\/teiaeducation.ch\\\/de\\\/\",\"logo\":{\"@type\":\"ImageObject\",\"inLanguage\":\"de-CH\",\"@id\":\"https:\\\/\\\/teiaeducation.ch\\\/de\\\/#\\\/schema\\\/logo\\\/image\\\/\",\"url\":\"https:\\\/\\\/teiaeducation.ch\\\/wp-content\\\/uploads\\\/2020\\\/11\\\/Teia-Education-Switzerland-e1620156442216.jpg\",\"contentUrl\":\"https:\\\/\\\/teiaeducation.ch\\\/wp-content\\\/uploads\\\/2020\\\/11\\\/Teia-Education-Switzerland-e1620156442216.jpg\",\"width\":166,\"height\":145,\"caption\":\"Teia Education & Play\"},\"image\":{\"@id\":\"https:\\\/\\\/teiaeducation.ch\\\/de\\\/#\\\/schema\\\/logo\\\/image\\\/\"},\"sameAs\":[\"https:\\\/\\\/www.facebook.com\\\/teiaeducation\\\/\",\"https:\\\/\\\/x.com\\\/EducationTeia\",\"https:\\\/\\\/www.instagram.com\\\/teia.education\\\/\",\"https:\\\/\\\/www.linkedin.com\\\/company\\\/35501660\",\"https:\\\/\\\/www.pinterest.ch\\\/TeiaEducation\\\/\"]}]}<\/script>\n<meta property=\"product:price:amount\" content=\"7.00\" \/>\n<meta property=\"product:price:currency\" content=\"CHF\" \/>\n<meta property=\"og:availability\" content=\"instock\" \/>\n<meta property=\"product:availability\" content=\"instock\" \/>\n<meta property=\"product:retailer_item_id\" content=\"00000000000000000000000000000000000000000000034420\" \/>\n<meta property=\"product:condition\" content=\"new\" \/>\n<!-- \/ Yoast SEO Premium plugin. -->","yoast_head_json":{"title":"Gambosa Pilz Kreisel - Eperfa - Teia Education & Play","description":"Der handgefertigter Gambosa Pilz Kreisel aus Holz von Eperfa ist ein klassisches Spielzeu mit unendliche offenen Spielm\u00f6glichkeiten.","robots":{"index":"index","follow":"follow","max-snippet":"max-snippet:-1","max-image-preview":"max-image-preview:large","max-video-preview":"max-video-preview:-1"},"canonical":"https:\/\/teiaeducation.ch\/de\/produkt\/gambosa-pilz-kreisel-eperfa\/","og_locale":"de_DE","og_type":"article","og_title":"Gambosa Pilz Kreisel - Eperfa","og_description":"Der handgefertigter Gambosa Pilz Kreisel aus Holz von Eperfa ist ein klassisches Spielzeu mit unendliche offenen Spielm\u00f6glichkeiten.","og_url":"https:\/\/teiaeducation.ch\/de\/produkt\/gambosa-pilz-kreisel-eperfa\/","og_site_name":"Sustainable Educational Products &amp; Ecological Toys\u00a0","article_publisher":"https:\/\/www.facebook.com\/teiaeducation\/","article_modified_time":"2022-05-27T11:19:54+00:00","og_image":[{"width":1150,"height":1147,"url":"https:\/\/teiaeducation.ch\/wp-content\/uploads\/2021\/11\/Handmade-wooden-Gambosa-mushroom-spinning-top-Eperfa.webp","type":"image\/webp"}],"schema":{"@context":"https:\/\/schema.org","@graph":[{"@type":"WebPage","@id":"https:\/\/teiaeducation.ch\/de\/produkt\/gambosa-pilz-kreisel-eperfa\/","url":"https:\/\/teiaeducation.ch\/de\/produkt\/gambosa-pilz-kreisel-eperfa\/","name":"Gambosa Pilz Kreisel - Eperfa - Teia Education & Play","isPartOf":{"@id":"https:\/\/teiaeducation.ch\/de\/#website"},"primaryImageOfPage":{"@id":"https:\/\/teiaeducation.ch\/de\/produkt\/gambosa-pilz-kreisel-eperfa\/#primaryimage"},"image":{"@id":"https:\/\/teiaeducation.ch\/de\/produkt\/gambosa-pilz-kreisel-eperfa\/#primaryimage"},"thumbnailUrl":"https:\/\/teiaeducation.ch\/wp-content\/uploads\/2021\/11\/Handmade-wooden-Gambosa-mushroom-spinning-top-Eperfa.webp","datePublished":"2021-11-12T14:52:33+00:00","dateModified":"2022-05-27T11:19:54+00:00","description":"Der handgefertigter Gambosa Pilz Kreisel aus Holz von Eperfa ist ein klassisches Spielzeu mit unendliche offenen Spielm\u00f6glichkeiten.","breadcrumb":{"@id":"https:\/\/teiaeducation.ch\/de\/produkt\/gambosa-pilz-kreisel-eperfa\/#breadcrumb"},"inLanguage":"de-CH","potentialAction":[{"@type":"ReadAction","target":["https:\/\/teiaeducation.ch\/de\/produkt\/gambosa-pilz-kreisel-eperfa\/"]}]},{"@type":"ImageObject","inLanguage":"de-CH","@id":"https:\/\/teiaeducation.ch\/de\/produkt\/gambosa-pilz-kreisel-eperfa\/#primaryimage","url":"https:\/\/teiaeducation.ch\/wp-content\/uploads\/2021\/11\/Handmade-wooden-Gambosa-mushroom-spinning-top-Eperfa.webp","contentUrl":"https:\/\/teiaeducation.ch\/wp-content\/uploads\/2021\/11\/Handmade-wooden-Gambosa-mushroom-spinning-top-Eperfa.webp","width":1150,"height":1147,"caption":"Handgefertigter Gambosa Pilz Kreisel aus Holz - Eperfa"},{"@type":"BreadcrumbList","@id":"https:\/\/teiaeducation.ch\/de\/produkt\/gambosa-pilz-kreisel-eperfa\/#breadcrumb","itemListElement":[{"@type":"ListItem","position":1,"name":"Home","item":"https:\/\/teiaeducation.ch\/de\/"},{"@type":"ListItem","position":2,"name":"Laden","item":"https:\/\/teiaeducation.ch\/de\/shop\/"},{"@type":"ListItem","position":3,"name":"Unsere Marken","item":"https:\/\/teiaeducation.ch\/de\/produkt-kategorie\/unsere-marken\/"},{"@type":"ListItem","position":4,"name":"Eperfa","item":"https:\/\/teiaeducation.ch\/de\/produkt-kategorie\/unsere-marken\/eperfa\/"},{"@type":"ListItem","position":5,"name":"Gambosa Pilz Kreisel &#8211; Eperfa"}]},{"@type":"WebSite","@id":"https:\/\/teiaeducation.ch\/de\/#website","url":"https:\/\/teiaeducation.ch\/de\/","name":"Sustainable Educational Products &amp; Ecological Toys\u00a0","description":"Specialised Swiss shop selling sustainable educational toys and games, AMI certified Montessori materials, handmade ecological wooden Waldorf toys and arts &amp; crafts supplies, school supplies, children&#039;s furniture and Montessori reference and parenting books.","publisher":{"@id":"https:\/\/teiaeducation.ch\/de\/#organization"},"alternateName":"Teia Education & Play","potentialAction":[{"@type":"SearchAction","target":{"@type":"EntryPoint","urlTemplate":"https:\/\/teiaeducation.ch\/de\/?s={search_term_string}"},"query-input":{"@type":"PropertyValueSpecification","valueRequired":true,"valueName":"search_term_string"}}],"inLanguage":"de-CH"},{"@type":"Organization","@id":"https:\/\/teiaeducation.ch\/de\/#organization","name":"Teia Education & Play","url":"https:\/\/teiaeducation.ch\/de\/","logo":{"@type":"ImageObject","inLanguage":"de-CH","@id":"https:\/\/teiaeducation.ch\/de\/#\/schema\/logo\/image\/","url":"https:\/\/teiaeducation.ch\/wp-content\/uploads\/2020\/11\/Teia-Education-Switzerland-e1620156442216.jpg","contentUrl":"https:\/\/teiaeducation.ch\/wp-content\/uploads\/2020\/11\/Teia-Education-Switzerland-e1620156442216.jpg","width":166,"height":145,"caption":"Teia Education & Play"},"image":{"@id":"https:\/\/teiaeducation.ch\/de\/#\/schema\/logo\/image\/"},"sameAs":["https:\/\/www.facebook.com\/teiaeducation\/","https:\/\/x.com\/EducationTeia","https:\/\/www.instagram.com\/teia.education\/","https:\/\/www.linkedin.com\/company\/35501660","https:\/\/www.pinterest.ch\/TeiaEducation\/"]}]},"product_price_amount":"7.00","product_price_currency":"CHF","og_availability":"instock","product_availability":"instock","product_retailer_item_id":"00000000000000000000000000000000000000000000034420","product_condition":"new"},"_links":{"self":[{"href":"https:\/\/teiaeducation.ch\/de\/wp-json\/wp\/v2\/product\/48829","targetHints":{"allow":["GET"]}}],"collection":[{"href":"https:\/\/teiaeducation.ch\/de\/wp-json\/wp\/v2\/product"}],"about":[{"href":"https:\/\/teiaeducation.ch\/de\/wp-json\/wp\/v2\/types\/product"}],"replies":[{"embeddable":true,"href":"https:\/\/teiaeducation.ch\/de\/wp-json\/wp\/v2\/comments?post=48829"}],"wp:featuredmedia":[{"embeddable":true,"href":"https:\/\/teiaeducation.ch\/de\/wp-json\/wp\/v2\/media\/41192"}],"wp:attachment":[{"href":"https:\/\/teiaeducation.ch\/de\/wp-json\/wp\/v2\/media?parent=48829"}],"wp:term":[{"taxonomy":"product_brand","embeddable":true,"href":"https:\/\/teiaeducation.ch\/de\/wp-json\/wp\/v2\/product_brand?post=48829"},{"taxonomy":"product_cat","embeddable":true,"href":"https:\/\/teiaeducation.ch\/de\/wp-json\/wp\/v2\/product_cat?post=48829"},{"taxonomy":"product_tag","embeddable":true,"href":"https:\/\/teiaeducation.ch\/de\/wp-json\/wp\/v2\/product_tag?post=48829"}],"curies":[{"name":"wp","href":"https:\/\/api.w.org\/{rel}","templated":true}]}}