{"id":48831,"date":"2021-11-12T15:18:43","date_gmt":"2021-11-12T14:18:43","guid":{"rendered":"https:\/\/teiaeducation.ch\/product\/nachttiere-aus-holz-eperfa\/"},"modified":"2022-05-27T13:38:37","modified_gmt":"2022-05-27T11:38:37","slug":"nachttiere-aus-holz-eperfa","status":"publish","type":"product","link":"https:\/\/teiaeducation.ch\/de\/produkt\/nachttiere-aus-holz-eperfa\/","title":{"rendered":"Nachttiere aus Holz &#8211; Eperfa"},"content":{"rendered":"<p>Lerne die sch\u00f6nsten Tiere der Nacht kennen! Die Nachttiere aus Holz von Eperfa f\u00fchrt Kinder in die Tierwelt der W\u00e4lder und H\u00fcgel rund um den Balaton (Plattensee) in Ungarn ein. Die handgefertigten Spielzeug <a href=\"https:\/\/teiaeducation.ch\/de\/produkt-kategorie\/kinder-spielzeug\/tiere-bauernhoefe\/\">Tiere<\/a> aus Holz laden die Kinder zum <a href=\"https:\/\/teiaeducation.ch\/de\/produkt-kategorie\/kinder-spielzeug\/stapelspielzeug\/\">Stapeln<\/a> ein und f\u00f6rdern ihre Fantasie und Neugierde auf die Welt um sie herum.<\/p>\n<p>Dieses sch\u00f6ne Set enth\u00e4lt typische Nachttiere wie einen Dachs, eine Eule, einen Frosch und eine Nachtigall, die alle aus lokalem Buchenholz aus verantwortungsvoller Forstwirtschaft aus dem ungarischen Nationalpark Duna-Ipoly hergestellt wurden. Das Set besteht aus 12 Tieren, die alle in einer Schachtel aus handgesch\u00f6pftem Recyclingpapier verpackt sind. Sie sind f\u00fcr Kinder ab 3 Jahren geeignet.<\/p>\n<p>Die Kinder entwickeln ihre <a href=\"https:\/\/teiaeducation.ch\/de\/produkt-kategorie\/lernthemen\/sensorische-motorische-fertigkeiten\/motorische-fertigkeiten\/\">Feinmotorik<\/a> und Geschicklichkeit sowie ihre Vorstellungskraft, wenn sie die Tiere stapeln oder sie f\u00fcr ihr eigenes Spiel in der kleinen Welt verwenden.<\/p>\n<p>Dieses Set wird mit Sicherheit zu einem Familienerbst\u00fcck, das \u00fcber Generationen hinweg weitergegeben wird! Er wurde in der kleinen Werkstatt von Eperfa in Budapest, Ungarn, handgefertigt und handbemalt.<\/p>\n<p><a href=\"https:\/\/teiaeducation.ch\/de\/produkt-kategorie\/unsere-marken\/eperfa\/\">Eperfa<\/a> ist eine ungarische Marke, die wunderbares, nat\u00fcrliches <a href=\"https:\/\/teiaeducation.ch\/de\/produkt-kategorie\/kinder-spielzeug\/\">Spielzeug<\/a> herstellt, das von der Landschaft und der Tierwelt rund um Budapest und den Balaton (Plattensee) inspiriert ist. Die Produkte von Eperfa ermutigen Kinder dazu, frei zu entdecken und eine fr\u00f6hliche, langsamere Kindheit zu genie\u00dfen.<\/p>\n<p>Die Spielzeuge von Eperfa werden in ihrer kleinen Werkstatt in Budapest aus Massivholz aus dem ungarischen Nationalpark Duna-Ipoly und anderen nat\u00fcrlichen Materialien wie Leder und 100% Wollfilz handgefertigt und handbemalt.<\/p>\n<p>Achtung: Erstickungsgefahr &#8211; das Nachttiere Set enth\u00e4lt kleine Teile.<\/p>\n<p>Inhalt:<\/p>\n<p>12 Tieren aus Holz<\/p>\n","protected":false},"excerpt":{"rendered":"<p>Artikelnummer: EPER-06<\/p>\n<p>Die Nachttiere aus Holz von Eperfa f\u00fchrt Kinder in die Tierwelt der W\u00e4lder und H\u00fcgel rund um den Balaton (Plattensee) in Ungarn ein.<\/p>\n","protected":false},"featured_media":41158,"comment_status":"open","ping_status":"closed","template":"","meta":[],"product_brand":[],"product_cat":[21445,21621,21690,21487,21484,23075,21510,21509,22182,21559,21443,21563,21557,21678,21699,21680,21511,21564],"product_tag":[23434,23439,23436,23438,23437,23440,23455,23446,23456,23449,23441,23457,23448,23454],"class_list":{"0":"post-48831","1":"product","2":"type-product","3":"status-publish","4":"has-post-thumbnail","6":"product_cat-3-6-jahre-vorschule","7":"product_cat-eperfa","8":"product_cat-spiele-mit-offenem-ende","9":"product_cat-geschenk-guide-3-6-jahre-vorschule","10":"product_cat-geschenk-guides","11":"product_cat-handgefertigtes-holzspielzeug","12":"product_cat-kultur-wissenschaft","13":"product_cat-lernthemen","14":"product_cat-montessori-spielzeug","15":"product_cat-motorische-fertigkeiten","16":"product_cat-nach-alter","17":"product_cat-neuheiten","18":"product_cat-sensorische-motorische-fertigkeiten","19":"product_cat-kinder-spielzeug","20":"product_cat-stapelspielzeug","21":"product_cat-tiere-bauernhoefe","22":"product_cat-tiergeographie-zoologie","23":"product_cat-unsere-marken","24":"product_tag-eperfa-de","25":"product_tag-eperfa-schweiz-de","26":"product_tag-eperfa-spielzeug","27":"product_tag-eperfa-suisse-de","28":"product_tag-eperfa-switzerland-de","29":"product_tag-handgefertigtes-spielzeug-schweiz","30":"product_tag-holzerne-baume-im-wald-eperfa","31":"product_tag-nachhaltiges-handgemachtes-spielzeug","32":"product_tag-nachttiere-aus-holz-eperfa","33":"product_tag-spielzeug-baume-aus-holz","34":"product_tag-spielzeug-hergestellt-in-ungarn","35":"product_tag-spielzeug-nachttiere-aus-holz-eperfa","36":"product_tag-spielzeug-tiere-aus-holz","37":"product_tag-waldtiere-aus-holz-eperfa","39":"first","40":"instock","41":"taxable","42":"shipping-taxable","43":"purchasable","44":"product-type-simple"},"yoast_head":"<!-- This site is optimized with the Yoast SEO plugin v27.1.1 - https:\/\/yoast.com\/product\/yoast-seo-wordpress\/ -->\n<title>Nachttiere aus Holz - Eperfa - Teia Education &amp; Play<\/title>\n<meta name=\"description\" content=\"Die Nachttiere aus Holz von Eperfa f\u00fchrt Kinder in die Tierwelt der W\u00e4lder und H\u00fcgel rund um den Balaton (Plattensee) in Ungarn ein.\" \/>\n<meta name=\"robots\" content=\"index, follow, max-snippet:-1, max-image-preview:large, max-video-preview:-1\" \/>\n<link rel=\"canonical\" href=\"https:\/\/teiaeducation.ch\/de\/produkt\/nachttiere-aus-holz-eperfa\/\" \/>\n<meta property=\"og:locale\" content=\"de_DE\" \/>\n<meta property=\"og:type\" content=\"article\" \/>\n<meta property=\"og:title\" content=\"Nachttiere aus Holz - Eperfa - Teia Education &amp; Play\" \/>\n<meta property=\"og:description\" content=\"Die Nachttiere aus Holz von Eperfa f\u00fchrt Kinder in die Tierwelt der W\u00e4lder und H\u00fcgel rund um den Balaton (Plattensee) in Ungarn ein.\" \/>\n<meta property=\"og:url\" content=\"https:\/\/teiaeducation.ch\/de\/produkt\/nachttiere-aus-holz-eperfa\/\" \/>\n<meta property=\"og:site_name\" content=\"Sustainable Educational Products &amp; Ecological Toys\u00a0\" \/>\n<meta property=\"article:publisher\" content=\"https:\/\/www.facebook.com\/teiaeducation\/\" \/>\n<meta property=\"article:modified_time\" content=\"2022-05-27T11:38:37+00:00\" \/>\n<meta property=\"og:image\" content=\"https:\/\/teiaeducation.ch\/wp-content\/uploads\/2021\/11\/Nocturnal-animals-set-Handmade-wooden-toy-animals-Eperfa.webp\" \/>\n\t<meta property=\"og:image:width\" content=\"1150\" \/>\n\t<meta property=\"og:image:height\" content=\"1150\" \/>\n\t<meta property=\"og:image:type\" content=\"image\/webp\" \/>\n<script type=\"application\/ld+json\" class=\"yoast-schema-graph\">{\"@context\":\"https:\/\/schema.org\",\"@graph\":[{\"@type\":\"WebPage\",\"@id\":\"https:\/\/teiaeducation.ch\/de\/produkt\/nachttiere-aus-holz-eperfa\/\",\"url\":\"https:\/\/teiaeducation.ch\/de\/produkt\/nachttiere-aus-holz-eperfa\/\",\"name\":\"Nachttiere aus Holz - Eperfa - Teia Education & Play\",\"isPartOf\":{\"@id\":\"https:\/\/teiaeducation.ch\/de\/#website\"},\"primaryImageOfPage\":{\"@id\":\"https:\/\/teiaeducation.ch\/de\/produkt\/nachttiere-aus-holz-eperfa\/#primaryimage\"},\"image\":{\"@id\":\"https:\/\/teiaeducation.ch\/de\/produkt\/nachttiere-aus-holz-eperfa\/#primaryimage\"},\"thumbnailUrl\":\"https:\/\/teiaeducation.ch\/wp-content\/uploads\/2021\/11\/Nocturnal-animals-set-Handmade-wooden-toy-animals-Eperfa.webp\",\"datePublished\":\"2021-11-12T14:18:43+00:00\",\"dateModified\":\"2022-05-27T11:38:37+00:00\",\"description\":\"Die Nachttiere aus Holz von Eperfa f\u00fchrt Kinder in die Tierwelt der W\u00e4lder und H\u00fcgel rund um den Balaton (Plattensee) in Ungarn ein.\",\"breadcrumb\":{\"@id\":\"https:\/\/teiaeducation.ch\/de\/produkt\/nachttiere-aus-holz-eperfa\/#breadcrumb\"},\"inLanguage\":\"de-CH\",\"potentialAction\":[{\"@type\":\"ReadAction\",\"target\":[\"https:\/\/teiaeducation.ch\/de\/produkt\/nachttiere-aus-holz-eperfa\/\"]}]},{\"@type\":\"ImageObject\",\"inLanguage\":\"de-CH\",\"@id\":\"https:\/\/teiaeducation.ch\/de\/produkt\/nachttiere-aus-holz-eperfa\/#primaryimage\",\"url\":\"https:\/\/teiaeducation.ch\/wp-content\/uploads\/2021\/11\/Nocturnal-animals-set-Handmade-wooden-toy-animals-Eperfa.webp\",\"contentUrl\":\"https:\/\/teiaeducation.ch\/wp-content\/uploads\/2021\/11\/Nocturnal-animals-set-Handmade-wooden-toy-animals-Eperfa.webp\",\"width\":1150,\"height\":1150,\"caption\":\"Eperfa Nachttiere aus Holz Handgefertigte Holzspielzeugtiere\"},{\"@type\":\"BreadcrumbList\",\"@id\":\"https:\/\/teiaeducation.ch\/de\/produkt\/nachttiere-aus-holz-eperfa\/#breadcrumb\",\"itemListElement\":[{\"@type\":\"ListItem\",\"position\":1,\"name\":\"Home\",\"item\":\"https:\/\/teiaeducation.ch\/de\/\"},{\"@type\":\"ListItem\",\"position\":2,\"name\":\"Laden\",\"item\":\"https:\/\/teiaeducation.ch\/de\/shop\/\"},{\"@type\":\"ListItem\",\"position\":3,\"name\":\"Lernthemen\",\"item\":\"https:\/\/teiaeducation.ch\/de\/produkt-kategorie\/lernthemen\/\"},{\"@type\":\"ListItem\",\"position\":4,\"name\":\"Sensorische &amp; Motorische Fertigkeiten\",\"item\":\"https:\/\/teiaeducation.ch\/de\/produkt-kategorie\/lernthemen\/sensorische-motorische-fertigkeiten\/\"},{\"@type\":\"ListItem\",\"position\":5,\"name\":\"Motorische Fertigkeiten\",\"item\":\"https:\/\/teiaeducation.ch\/de\/produkt-kategorie\/lernthemen\/sensorische-motorische-fertigkeiten\/motorische-fertigkeiten\/\"},{\"@type\":\"ListItem\",\"position\":6,\"name\":\"Nachttiere aus Holz &#8211; Eperfa\"}]},{\"@type\":\"WebSite\",\"@id\":\"https:\/\/teiaeducation.ch\/de\/#website\",\"url\":\"https:\/\/teiaeducation.ch\/de\/\",\"name\":\"Sustainable Educational Products &amp; Ecological Toys\u00a0\",\"description\":\"Specialised Swiss shop selling sustainable educational toys and games, AMI certified Montessori materials, handmade ecological wooden Waldorf toys and arts &amp; crafts supplies, school supplies, children&#039;s furniture and Montessori reference and parenting books.\",\"publisher\":{\"@id\":\"https:\/\/teiaeducation.ch\/de\/#organization\"},\"alternateName\":\"Teia Education & Play\",\"potentialAction\":[{\"@type\":\"SearchAction\",\"target\":{\"@type\":\"EntryPoint\",\"urlTemplate\":\"https:\/\/teiaeducation.ch\/de\/?s={search_term_string}\"},\"query-input\":{\"@type\":\"PropertyValueSpecification\",\"valueRequired\":true,\"valueName\":\"search_term_string\"}}],\"inLanguage\":\"de-CH\"},{\"@type\":\"Organization\",\"@id\":\"https:\/\/teiaeducation.ch\/de\/#organization\",\"name\":\"Teia Education & Play\",\"url\":\"https:\/\/teiaeducation.ch\/de\/\",\"logo\":{\"@type\":\"ImageObject\",\"inLanguage\":\"de-CH\",\"@id\":\"https:\/\/teiaeducation.ch\/de\/#\/schema\/logo\/image\/\",\"url\":\"https:\/\/teiaeducation.ch\/wp-content\/uploads\/2020\/11\/Teia-Education-Switzerland-e1620156442216.jpg\",\"contentUrl\":\"https:\/\/teiaeducation.ch\/wp-content\/uploads\/2020\/11\/Teia-Education-Switzerland-e1620156442216.jpg\",\"width\":166,\"height\":145,\"caption\":\"Teia Education & Play\"},\"image\":{\"@id\":\"https:\/\/teiaeducation.ch\/de\/#\/schema\/logo\/image\/\"},\"sameAs\":[\"https:\/\/www.facebook.com\/teiaeducation\/\",\"https:\/\/x.com\/EducationTeia\",\"https:\/\/www.instagram.com\/teia.education\/\",\"https:\/\/www.linkedin.com\/company\/35501660\",\"https:\/\/www.pinterest.ch\/TeiaEducation\/\"]}]}<\/script>\n<!-- \/ Yoast SEO plugin. -->","yoast_head_json":{"title":"Nachttiere aus Holz - Eperfa - Teia Education & Play","description":"Die Nachttiere aus Holz von Eperfa f\u00fchrt Kinder in die Tierwelt der W\u00e4lder und H\u00fcgel rund um den Balaton (Plattensee) in Ungarn ein.","robots":{"index":"index","follow":"follow","max-snippet":"max-snippet:-1","max-image-preview":"max-image-preview:large","max-video-preview":"max-video-preview:-1"},"canonical":"https:\/\/teiaeducation.ch\/de\/produkt\/nachttiere-aus-holz-eperfa\/","og_locale":"de_DE","og_type":"article","og_title":"Nachttiere aus Holz - Eperfa - Teia Education & Play","og_description":"Die Nachttiere aus Holz von Eperfa f\u00fchrt Kinder in die Tierwelt der W\u00e4lder und H\u00fcgel rund um den Balaton (Plattensee) in Ungarn ein.","og_url":"https:\/\/teiaeducation.ch\/de\/produkt\/nachttiere-aus-holz-eperfa\/","og_site_name":"Sustainable Educational Products &amp; Ecological Toys\u00a0","article_publisher":"https:\/\/www.facebook.com\/teiaeducation\/","article_modified_time":"2022-05-27T11:38:37+00:00","og_image":[{"width":1150,"height":1150,"url":"https:\/\/teiaeducation.ch\/wp-content\/uploads\/2021\/11\/Nocturnal-animals-set-Handmade-wooden-toy-animals-Eperfa.webp","type":"image\/webp"}],"schema":{"@context":"https:\/\/schema.org","@graph":[{"@type":"WebPage","@id":"https:\/\/teiaeducation.ch\/de\/produkt\/nachttiere-aus-holz-eperfa\/","url":"https:\/\/teiaeducation.ch\/de\/produkt\/nachttiere-aus-holz-eperfa\/","name":"Nachttiere aus Holz - Eperfa - Teia Education & Play","isPartOf":{"@id":"https:\/\/teiaeducation.ch\/de\/#website"},"primaryImageOfPage":{"@id":"https:\/\/teiaeducation.ch\/de\/produkt\/nachttiere-aus-holz-eperfa\/#primaryimage"},"image":{"@id":"https:\/\/teiaeducation.ch\/de\/produkt\/nachttiere-aus-holz-eperfa\/#primaryimage"},"thumbnailUrl":"https:\/\/teiaeducation.ch\/wp-content\/uploads\/2021\/11\/Nocturnal-animals-set-Handmade-wooden-toy-animals-Eperfa.webp","datePublished":"2021-11-12T14:18:43+00:00","dateModified":"2022-05-27T11:38:37+00:00","description":"Die Nachttiere aus Holz von Eperfa f\u00fchrt Kinder in die Tierwelt der W\u00e4lder und H\u00fcgel rund um den Balaton (Plattensee) in Ungarn ein.","breadcrumb":{"@id":"https:\/\/teiaeducation.ch\/de\/produkt\/nachttiere-aus-holz-eperfa\/#breadcrumb"},"inLanguage":"de-CH","potentialAction":[{"@type":"ReadAction","target":["https:\/\/teiaeducation.ch\/de\/produkt\/nachttiere-aus-holz-eperfa\/"]}]},{"@type":"ImageObject","inLanguage":"de-CH","@id":"https:\/\/teiaeducation.ch\/de\/produkt\/nachttiere-aus-holz-eperfa\/#primaryimage","url":"https:\/\/teiaeducation.ch\/wp-content\/uploads\/2021\/11\/Nocturnal-animals-set-Handmade-wooden-toy-animals-Eperfa.webp","contentUrl":"https:\/\/teiaeducation.ch\/wp-content\/uploads\/2021\/11\/Nocturnal-animals-set-Handmade-wooden-toy-animals-Eperfa.webp","width":1150,"height":1150,"caption":"Eperfa Nachttiere aus Holz Handgefertigte Holzspielzeugtiere"},{"@type":"BreadcrumbList","@id":"https:\/\/teiaeducation.ch\/de\/produkt\/nachttiere-aus-holz-eperfa\/#breadcrumb","itemListElement":[{"@type":"ListItem","position":1,"name":"Home","item":"https:\/\/teiaeducation.ch\/de\/"},{"@type":"ListItem","position":2,"name":"Laden","item":"https:\/\/teiaeducation.ch\/de\/shop\/"},{"@type":"ListItem","position":3,"name":"Lernthemen","item":"https:\/\/teiaeducation.ch\/de\/produkt-kategorie\/lernthemen\/"},{"@type":"ListItem","position":4,"name":"Sensorische &amp; Motorische Fertigkeiten","item":"https:\/\/teiaeducation.ch\/de\/produkt-kategorie\/lernthemen\/sensorische-motorische-fertigkeiten\/"},{"@type":"ListItem","position":5,"name":"Motorische Fertigkeiten","item":"https:\/\/teiaeducation.ch\/de\/produkt-kategorie\/lernthemen\/sensorische-motorische-fertigkeiten\/motorische-fertigkeiten\/"},{"@type":"ListItem","position":6,"name":"Nachttiere aus Holz &#8211; Eperfa"}]},{"@type":"WebSite","@id":"https:\/\/teiaeducation.ch\/de\/#website","url":"https:\/\/teiaeducation.ch\/de\/","name":"Sustainable Educational Products &amp; Ecological Toys\u00a0","description":"Specialised Swiss shop selling sustainable educational toys and games, AMI certified Montessori materials, handmade ecological wooden Waldorf toys and arts &amp; crafts supplies, school supplies, children&#039;s furniture and Montessori reference and parenting books.","publisher":{"@id":"https:\/\/teiaeducation.ch\/de\/#organization"},"alternateName":"Teia Education & Play","potentialAction":[{"@type":"SearchAction","target":{"@type":"EntryPoint","urlTemplate":"https:\/\/teiaeducation.ch\/de\/?s={search_term_string}"},"query-input":{"@type":"PropertyValueSpecification","valueRequired":true,"valueName":"search_term_string"}}],"inLanguage":"de-CH"},{"@type":"Organization","@id":"https:\/\/teiaeducation.ch\/de\/#organization","name":"Teia Education & Play","url":"https:\/\/teiaeducation.ch\/de\/","logo":{"@type":"ImageObject","inLanguage":"de-CH","@id":"https:\/\/teiaeducation.ch\/de\/#\/schema\/logo\/image\/","url":"https:\/\/teiaeducation.ch\/wp-content\/uploads\/2020\/11\/Teia-Education-Switzerland-e1620156442216.jpg","contentUrl":"https:\/\/teiaeducation.ch\/wp-content\/uploads\/2020\/11\/Teia-Education-Switzerland-e1620156442216.jpg","width":166,"height":145,"caption":"Teia Education & Play"},"image":{"@id":"https:\/\/teiaeducation.ch\/de\/#\/schema\/logo\/image\/"},"sameAs":["https:\/\/www.facebook.com\/teiaeducation\/","https:\/\/x.com\/EducationTeia","https:\/\/www.instagram.com\/teia.education\/","https:\/\/www.linkedin.com\/company\/35501660","https:\/\/www.pinterest.ch\/TeiaEducation\/"]}]}},"_links":{"self":[{"href":"https:\/\/teiaeducation.ch\/de\/wp-json\/wp\/v2\/product\/48831","targetHints":{"allow":["GET"]}}],"collection":[{"href":"https:\/\/teiaeducation.ch\/de\/wp-json\/wp\/v2\/product"}],"about":[{"href":"https:\/\/teiaeducation.ch\/de\/wp-json\/wp\/v2\/types\/product"}],"replies":[{"embeddable":true,"href":"https:\/\/teiaeducation.ch\/de\/wp-json\/wp\/v2\/comments?post=48831"}],"wp:featuredmedia":[{"embeddable":true,"href":"https:\/\/teiaeducation.ch\/de\/wp-json\/wp\/v2\/media\/41158"}],"wp:attachment":[{"href":"https:\/\/teiaeducation.ch\/de\/wp-json\/wp\/v2\/media?parent=48831"}],"wp:term":[{"taxonomy":"product_brand","embeddable":true,"href":"https:\/\/teiaeducation.ch\/de\/wp-json\/wp\/v2\/product_brand?post=48831"},{"taxonomy":"product_cat","embeddable":true,"href":"https:\/\/teiaeducation.ch\/de\/wp-json\/wp\/v2\/product_cat?post=48831"},{"taxonomy":"product_tag","embeddable":true,"href":"https:\/\/teiaeducation.ch\/de\/wp-json\/wp\/v2\/product_tag?post=48831"}],"curies":[{"name":"wp","href":"https:\/\/api.w.org\/{rel}","templated":true}]}}