{"id":48832,"date":"2021-11-12T14:42:54","date_gmt":"2021-11-12T13:42:54","guid":{"rendered":"https:\/\/teiaeducation.ch\/product\/wald-set-hillside-aus-holz-eperfa\/"},"modified":"2022-05-27T13:53:48","modified_gmt":"2022-05-27T11:53:48","slug":"wald-set-hillside-aus-holz-eperfa","status":"publish","type":"product","link":"https:\/\/teiaeducation.ch\/de\/produkt\/wald-set-hillside-aus-holz-eperfa\/","title":{"rendered":"Wald set Hillside aus Holz &#8211; Eperfa"},"content":{"rendered":"<p>Das Wald Set Hillside mit Tieren und B\u00e4umen aus Holz von Eperfa macht Kinder mit der Tierwelt in den W\u00e4ldern und H\u00fcgeln rund um Budapest vertraut. Dieses sch\u00f6ne Set mit handgefertigten Holztieren und -b\u00e4umen l\u00e4dt Kinder dazu ein, ihren eigenen kleinen H\u00fcgel zu bauen und ihre Fantasie und Neugierde f\u00fcr die Welt um sie herum zu entwickeln.<\/p>\n<p>Dieses sch\u00f6ne Set zeigt die typischen <a href=\"https:\/\/teiaeducation.ch\/de\/produkt-kategorie\/kinder-spielzeug\/tiere-bauernhoefe\/\">Tiere<\/a> und B\u00e4ume der Budaer H\u00fcgel, die alle aus lokalem Platanen- und Kirschholz aus verantwortungsvoller Forstwirtschaft aus dem ungarischen Duna-Ipoly-Nationalpark gefertigt sind. Das Set besteht aus 5 Tieren, 5 V\u00f6geln und 3 B\u00e4umen, die alle in einer handgefertigten Schachtel aus recyceltem Papier enthalten sind. Das Wald Set ist f\u00fcr Kinder ab 3 Jahren geeignet.<\/p>\n<p>Kinder entwickeln ihre <a href=\"https:\/\/teiaeducation.ch\/de\/produkt-kategorie\/lernthemen\/sensorische-motorische-fertigkeiten\/motorische-fertigkeiten\/\">Feinmotorik<\/a> und Geschicklichkeit sowie ihre Vorstellungskraft, wenn sie die Tiere und B\u00e4ume <a href=\"https:\/\/teiaeducation.ch\/de\/produkt-kategorie\/kinder-spielzeug\/stapelspielzeug\/\">stapeln<\/a> oder die Elemente zum Bauen in ihrer eigenen kleinen Welt Spiele verwenden.<\/p>\n<p>Dieses entz\u00fcckende, qualitativ hochwertige Spielzeugset wird mit Sicherheit ein Familienerbst\u00fcck werden, das \u00fcber Generationen hinweg weitergegeben wird. Er wurde in der kleinen Werkstatt von Eperfa in Budapest, Ungarn, handgefertigt und handbemalt.<\/p>\n<p><a href=\"https:\/\/teiaeducation.ch\/de\/produkt-kategorie\/unsere-marken\/eperfa\/\">Eperfa<\/a> ist eine ungarische Marke, die wunderbares, nat\u00fcrliches <a href=\"https:\/\/teiaeducation.ch\/de\/produkt-kategorie\/kinder-spielzeug\/\">Spielzeug<\/a> herstellt, das von der Landschaft und der Tierwelt rund um Budapest und den Balaton (Plattensee) inspiriert ist. Die Produkte von Eperfa ermutigen Kinder dazu, frei zu entdecken und eine fr\u00f6hliche, langsamere Kindheit zu genie\u00dfen.<\/p>\n<p>Die Spielzeuge von Eperfa werden in ihrer kleinen Werkstatt in Budapest aus Massivholz aus dem ungarischen Nationalpark Duna-Ipoly und anderen nat\u00fcrlichen Materialien wie Leder und 100% Wollfilz handgefertigt und handbemalt.<\/p>\n<p>Achtung: Erstickungsgefahr &#8211; das Wald Set enth\u00e4lt kleine Teile.<\/p>\n<p>Inhalt:<\/p>\n<p>5 Tiere<br \/>\n5 V\u00f6gel<br \/>\n3 B\u00e4umen<\/p>\n","protected":false},"excerpt":{"rendered":"<p>Artikelnummer: EPER-05<\/p>\n<p>Das Wald Set Hillside mit Tieren und B\u00e4umen aus Holz von Eperfa macht Kinder mit der Tierwelt in den W\u00e4ldern und H\u00fcgeln von Budapest vertraut.<\/p>\n","protected":false},"featured_media":41134,"comment_status":"open","ping_status":"closed","template":"","meta":[],"product_brand":[],"product_cat":[21445,21621,21690,21670,21487,21484,23075,21464,22182,21443,21689,21563,21678,21699,21680,21564,22363],"product_tag":[23434,23439,23436,23438,23437,23440,23455,23446,23449,23441,23448,23458,23454],"class_list":{"0":"post-48832","1":"product","2":"type-product","3":"status-publish","4":"has-post-thumbnail","6":"product_cat-3-6-jahre-vorschule","7":"product_cat-eperfa","8":"product_cat-spiele-mit-offenem-ende","9":"product_cat-fruehjahrskollektion","10":"product_cat-geschenk-guide-3-6-jahre-vorschule","11":"product_cat-geschenk-guides","12":"product_cat-handgefertigtes-holzspielzeug","13":"product_cat-herbstkollektion","14":"product_cat-montessori-spielzeug","15":"product_cat-nach-alter","16":"product_cat-naturspiel","17":"product_cat-neuheiten","18":"product_cat-kinder-spielzeug","19":"product_cat-stapelspielzeug","20":"product_cat-tiere-bauernhoefe","21":"product_cat-unsere-marken","22":"product_cat-winter-kollektion","23":"product_tag-eperfa-de","24":"product_tag-eperfa-schweiz-de","25":"product_tag-eperfa-spielzeug","26":"product_tag-eperfa-suisse-de","27":"product_tag-eperfa-switzerland-de","28":"product_tag-handgefertigtes-spielzeug-schweiz","29":"product_tag-holzerne-baume-im-wald-eperfa","30":"product_tag-nachhaltiges-handgemachtes-spielzeug","31":"product_tag-spielzeug-baume-aus-holz","32":"product_tag-spielzeug-hergestellt-in-ungarn","33":"product_tag-spielzeug-tiere-aus-holz","34":"product_tag-wald-set-hillside-aus-holz-eperfa","35":"product_tag-waldtiere-aus-holz-eperfa","37":"first","38":"outofstock","39":"taxable","40":"shipping-taxable","41":"purchasable","42":"product-type-simple"},"yoast_head":"<!-- This site is optimized with the Yoast SEO plugin v27.1.1 - https:\/\/yoast.com\/product\/yoast-seo-wordpress\/ -->\n<title>Wald set Hillside aus Holz - Eperfa - Teia Education &amp; Play<\/title>\n<meta name=\"description\" content=\"Das Wald Set Hillside mit Tieren und B\u00e4umen aus Holz von Eperfa macht Kinder mit der Tierwelt in den W\u00e4ldern und H\u00fcgeln von Budapest vertraut\" \/>\n<meta name=\"robots\" content=\"index, follow, max-snippet:-1, max-image-preview:large, max-video-preview:-1\" \/>\n<link rel=\"canonical\" href=\"https:\/\/teiaeducation.ch\/de\/produkt\/wald-set-hillside-aus-holz-eperfa\/\" \/>\n<meta property=\"og:locale\" content=\"de_DE\" \/>\n<meta property=\"og:type\" content=\"article\" \/>\n<meta property=\"og:title\" content=\"Wald set Hillside aus Holz - Eperfa - Teia Education &amp; Play\" \/>\n<meta property=\"og:description\" content=\"Das Wald Set Hillside mit Tieren und B\u00e4umen aus Holz von Eperfa macht Kinder mit der Tierwelt in den W\u00e4ldern und H\u00fcgeln von Budapest vertraut\" \/>\n<meta property=\"og:url\" content=\"https:\/\/teiaeducation.ch\/de\/produkt\/wald-set-hillside-aus-holz-eperfa\/\" \/>\n<meta property=\"og:site_name\" content=\"Sustainable Educational Products &amp; Ecological Toys\u00a0\" \/>\n<meta property=\"article:publisher\" content=\"https:\/\/www.facebook.com\/teiaeducation\/\" \/>\n<meta property=\"article:modified_time\" content=\"2022-05-27T11:53:48+00:00\" \/>\n<meta property=\"og:image\" content=\"https:\/\/teiaeducation.ch\/wp-content\/uploads\/2021\/11\/Hillside-forest-set-Handmade-wooden-trees-and-animals-Eperfa.webp\" \/>\n\t<meta property=\"og:image:width\" content=\"1150\" \/>\n\t<meta property=\"og:image:height\" content=\"1221\" \/>\n\t<meta property=\"og:image:type\" content=\"image\/webp\" \/>\n<script type=\"application\/ld+json\" class=\"yoast-schema-graph\">{\"@context\":\"https:\/\/schema.org\",\"@graph\":[{\"@type\":\"WebPage\",\"@id\":\"https:\/\/teiaeducation.ch\/de\/produkt\/wald-set-hillside-aus-holz-eperfa\/\",\"url\":\"https:\/\/teiaeducation.ch\/de\/produkt\/wald-set-hillside-aus-holz-eperfa\/\",\"name\":\"Wald set Hillside aus Holz - Eperfa - Teia Education & Play\",\"isPartOf\":{\"@id\":\"https:\/\/teiaeducation.ch\/de\/#website\"},\"primaryImageOfPage\":{\"@id\":\"https:\/\/teiaeducation.ch\/de\/produkt\/wald-set-hillside-aus-holz-eperfa\/#primaryimage\"},\"image\":{\"@id\":\"https:\/\/teiaeducation.ch\/de\/produkt\/wald-set-hillside-aus-holz-eperfa\/#primaryimage\"},\"thumbnailUrl\":\"https:\/\/teiaeducation.ch\/wp-content\/uploads\/2021\/11\/Hillside-forest-set-Handmade-wooden-trees-and-animals-Eperfa.webp\",\"datePublished\":\"2021-11-12T13:42:54+00:00\",\"dateModified\":\"2022-05-27T11:53:48+00:00\",\"description\":\"Das Wald Set Hillside mit Tieren und B\u00e4umen aus Holz von Eperfa macht Kinder mit der Tierwelt in den W\u00e4ldern und H\u00fcgeln von Budapest vertraut\",\"breadcrumb\":{\"@id\":\"https:\/\/teiaeducation.ch\/de\/produkt\/wald-set-hillside-aus-holz-eperfa\/#breadcrumb\"},\"inLanguage\":\"de-CH\",\"potentialAction\":[{\"@type\":\"ReadAction\",\"target\":[\"https:\/\/teiaeducation.ch\/de\/produkt\/wald-set-hillside-aus-holz-eperfa\/\"]}]},{\"@type\":\"ImageObject\",\"inLanguage\":\"de-CH\",\"@id\":\"https:\/\/teiaeducation.ch\/de\/produkt\/wald-set-hillside-aus-holz-eperfa\/#primaryimage\",\"url\":\"https:\/\/teiaeducation.ch\/wp-content\/uploads\/2021\/11\/Hillside-forest-set-Handmade-wooden-trees-and-animals-Eperfa.webp\",\"contentUrl\":\"https:\/\/teiaeducation.ch\/wp-content\/uploads\/2021\/11\/Hillside-forest-set-Handmade-wooden-trees-and-animals-Eperfa.webp\",\"width\":1150,\"height\":1221,\"caption\":\"Wald set Hillside aus Holz Handgefertigte B\u00e4ume und Tiere aus Holz - Eperfa\"},{\"@type\":\"BreadcrumbList\",\"@id\":\"https:\/\/teiaeducation.ch\/de\/produkt\/wald-set-hillside-aus-holz-eperfa\/#breadcrumb\",\"itemListElement\":[{\"@type\":\"ListItem\",\"position\":1,\"name\":\"Home\",\"item\":\"https:\/\/teiaeducation.ch\/de\/\"},{\"@type\":\"ListItem\",\"position\":2,\"name\":\"Laden\",\"item\":\"https:\/\/teiaeducation.ch\/de\/shop\/\"},{\"@type\":\"ListItem\",\"position\":3,\"name\":\"Nach Alter\",\"item\":\"https:\/\/teiaeducation.ch\/de\/produkt-kategorie\/nach-alter\/\"},{\"@type\":\"ListItem\",\"position\":4,\"name\":\"3-6 Jahre Vorschule\",\"item\":\"https:\/\/teiaeducation.ch\/de\/produkt-kategorie\/nach-alter\/3-6-jahre-vorschule\/\"},{\"@type\":\"ListItem\",\"position\":5,\"name\":\"Wald set Hillside aus Holz &#8211; Eperfa\"}]},{\"@type\":\"WebSite\",\"@id\":\"https:\/\/teiaeducation.ch\/de\/#website\",\"url\":\"https:\/\/teiaeducation.ch\/de\/\",\"name\":\"Sustainable Educational Products &amp; Ecological Toys\u00a0\",\"description\":\"Specialised Swiss shop selling sustainable educational toys and games, AMI certified Montessori materials, handmade ecological wooden Waldorf toys and arts &amp; crafts supplies, school supplies, children&#039;s furniture and Montessori reference and parenting books.\",\"publisher\":{\"@id\":\"https:\/\/teiaeducation.ch\/de\/#organization\"},\"alternateName\":\"Teia Education & Play\",\"potentialAction\":[{\"@type\":\"SearchAction\",\"target\":{\"@type\":\"EntryPoint\",\"urlTemplate\":\"https:\/\/teiaeducation.ch\/de\/?s={search_term_string}\"},\"query-input\":{\"@type\":\"PropertyValueSpecification\",\"valueRequired\":true,\"valueName\":\"search_term_string\"}}],\"inLanguage\":\"de-CH\"},{\"@type\":\"Organization\",\"@id\":\"https:\/\/teiaeducation.ch\/de\/#organization\",\"name\":\"Teia Education & Play\",\"url\":\"https:\/\/teiaeducation.ch\/de\/\",\"logo\":{\"@type\":\"ImageObject\",\"inLanguage\":\"de-CH\",\"@id\":\"https:\/\/teiaeducation.ch\/de\/#\/schema\/logo\/image\/\",\"url\":\"https:\/\/teiaeducation.ch\/wp-content\/uploads\/2020\/11\/Teia-Education-Switzerland-e1620156442216.jpg\",\"contentUrl\":\"https:\/\/teiaeducation.ch\/wp-content\/uploads\/2020\/11\/Teia-Education-Switzerland-e1620156442216.jpg\",\"width\":166,\"height\":145,\"caption\":\"Teia Education & Play\"},\"image\":{\"@id\":\"https:\/\/teiaeducation.ch\/de\/#\/schema\/logo\/image\/\"},\"sameAs\":[\"https:\/\/www.facebook.com\/teiaeducation\/\",\"https:\/\/x.com\/EducationTeia\",\"https:\/\/www.instagram.com\/teia.education\/\",\"https:\/\/www.linkedin.com\/company\/35501660\",\"https:\/\/www.pinterest.ch\/TeiaEducation\/\"]}]}<\/script>\n<!-- \/ Yoast SEO plugin. -->","yoast_head_json":{"title":"Wald set Hillside aus Holz - Eperfa - Teia Education & Play","description":"Das Wald Set Hillside mit Tieren und B\u00e4umen aus Holz von Eperfa macht Kinder mit der Tierwelt in den W\u00e4ldern und H\u00fcgeln von Budapest vertraut","robots":{"index":"index","follow":"follow","max-snippet":"max-snippet:-1","max-image-preview":"max-image-preview:large","max-video-preview":"max-video-preview:-1"},"canonical":"https:\/\/teiaeducation.ch\/de\/produkt\/wald-set-hillside-aus-holz-eperfa\/","og_locale":"de_DE","og_type":"article","og_title":"Wald set Hillside aus Holz - Eperfa - Teia Education & Play","og_description":"Das Wald Set Hillside mit Tieren und B\u00e4umen aus Holz von Eperfa macht Kinder mit der Tierwelt in den W\u00e4ldern und H\u00fcgeln von Budapest vertraut","og_url":"https:\/\/teiaeducation.ch\/de\/produkt\/wald-set-hillside-aus-holz-eperfa\/","og_site_name":"Sustainable Educational Products &amp; Ecological Toys\u00a0","article_publisher":"https:\/\/www.facebook.com\/teiaeducation\/","article_modified_time":"2022-05-27T11:53:48+00:00","og_image":[{"width":1150,"height":1221,"url":"https:\/\/teiaeducation.ch\/wp-content\/uploads\/2021\/11\/Hillside-forest-set-Handmade-wooden-trees-and-animals-Eperfa.webp","type":"image\/webp"}],"schema":{"@context":"https:\/\/schema.org","@graph":[{"@type":"WebPage","@id":"https:\/\/teiaeducation.ch\/de\/produkt\/wald-set-hillside-aus-holz-eperfa\/","url":"https:\/\/teiaeducation.ch\/de\/produkt\/wald-set-hillside-aus-holz-eperfa\/","name":"Wald set Hillside aus Holz - Eperfa - Teia Education & Play","isPartOf":{"@id":"https:\/\/teiaeducation.ch\/de\/#website"},"primaryImageOfPage":{"@id":"https:\/\/teiaeducation.ch\/de\/produkt\/wald-set-hillside-aus-holz-eperfa\/#primaryimage"},"image":{"@id":"https:\/\/teiaeducation.ch\/de\/produkt\/wald-set-hillside-aus-holz-eperfa\/#primaryimage"},"thumbnailUrl":"https:\/\/teiaeducation.ch\/wp-content\/uploads\/2021\/11\/Hillside-forest-set-Handmade-wooden-trees-and-animals-Eperfa.webp","datePublished":"2021-11-12T13:42:54+00:00","dateModified":"2022-05-27T11:53:48+00:00","description":"Das Wald Set Hillside mit Tieren und B\u00e4umen aus Holz von Eperfa macht Kinder mit der Tierwelt in den W\u00e4ldern und H\u00fcgeln von Budapest vertraut","breadcrumb":{"@id":"https:\/\/teiaeducation.ch\/de\/produkt\/wald-set-hillside-aus-holz-eperfa\/#breadcrumb"},"inLanguage":"de-CH","potentialAction":[{"@type":"ReadAction","target":["https:\/\/teiaeducation.ch\/de\/produkt\/wald-set-hillside-aus-holz-eperfa\/"]}]},{"@type":"ImageObject","inLanguage":"de-CH","@id":"https:\/\/teiaeducation.ch\/de\/produkt\/wald-set-hillside-aus-holz-eperfa\/#primaryimage","url":"https:\/\/teiaeducation.ch\/wp-content\/uploads\/2021\/11\/Hillside-forest-set-Handmade-wooden-trees-and-animals-Eperfa.webp","contentUrl":"https:\/\/teiaeducation.ch\/wp-content\/uploads\/2021\/11\/Hillside-forest-set-Handmade-wooden-trees-and-animals-Eperfa.webp","width":1150,"height":1221,"caption":"Wald set Hillside aus Holz Handgefertigte B\u00e4ume und Tiere aus Holz - Eperfa"},{"@type":"BreadcrumbList","@id":"https:\/\/teiaeducation.ch\/de\/produkt\/wald-set-hillside-aus-holz-eperfa\/#breadcrumb","itemListElement":[{"@type":"ListItem","position":1,"name":"Home","item":"https:\/\/teiaeducation.ch\/de\/"},{"@type":"ListItem","position":2,"name":"Laden","item":"https:\/\/teiaeducation.ch\/de\/shop\/"},{"@type":"ListItem","position":3,"name":"Nach Alter","item":"https:\/\/teiaeducation.ch\/de\/produkt-kategorie\/nach-alter\/"},{"@type":"ListItem","position":4,"name":"3-6 Jahre Vorschule","item":"https:\/\/teiaeducation.ch\/de\/produkt-kategorie\/nach-alter\/3-6-jahre-vorschule\/"},{"@type":"ListItem","position":5,"name":"Wald set Hillside aus Holz &#8211; Eperfa"}]},{"@type":"WebSite","@id":"https:\/\/teiaeducation.ch\/de\/#website","url":"https:\/\/teiaeducation.ch\/de\/","name":"Sustainable Educational Products &amp; Ecological Toys\u00a0","description":"Specialised Swiss shop selling sustainable educational toys and games, AMI certified Montessori materials, handmade ecological wooden Waldorf toys and arts &amp; crafts supplies, school supplies, children&#039;s furniture and Montessori reference and parenting books.","publisher":{"@id":"https:\/\/teiaeducation.ch\/de\/#organization"},"alternateName":"Teia Education & Play","potentialAction":[{"@type":"SearchAction","target":{"@type":"EntryPoint","urlTemplate":"https:\/\/teiaeducation.ch\/de\/?s={search_term_string}"},"query-input":{"@type":"PropertyValueSpecification","valueRequired":true,"valueName":"search_term_string"}}],"inLanguage":"de-CH"},{"@type":"Organization","@id":"https:\/\/teiaeducation.ch\/de\/#organization","name":"Teia Education & Play","url":"https:\/\/teiaeducation.ch\/de\/","logo":{"@type":"ImageObject","inLanguage":"de-CH","@id":"https:\/\/teiaeducation.ch\/de\/#\/schema\/logo\/image\/","url":"https:\/\/teiaeducation.ch\/wp-content\/uploads\/2020\/11\/Teia-Education-Switzerland-e1620156442216.jpg","contentUrl":"https:\/\/teiaeducation.ch\/wp-content\/uploads\/2020\/11\/Teia-Education-Switzerland-e1620156442216.jpg","width":166,"height":145,"caption":"Teia Education & Play"},"image":{"@id":"https:\/\/teiaeducation.ch\/de\/#\/schema\/logo\/image\/"},"sameAs":["https:\/\/www.facebook.com\/teiaeducation\/","https:\/\/x.com\/EducationTeia","https:\/\/www.instagram.com\/teia.education\/","https:\/\/www.linkedin.com\/company\/35501660","https:\/\/www.pinterest.ch\/TeiaEducation\/"]}]}},"_links":{"self":[{"href":"https:\/\/teiaeducation.ch\/de\/wp-json\/wp\/v2\/product\/48832","targetHints":{"allow":["GET"]}}],"collection":[{"href":"https:\/\/teiaeducation.ch\/de\/wp-json\/wp\/v2\/product"}],"about":[{"href":"https:\/\/teiaeducation.ch\/de\/wp-json\/wp\/v2\/types\/product"}],"replies":[{"embeddable":true,"href":"https:\/\/teiaeducation.ch\/de\/wp-json\/wp\/v2\/comments?post=48832"}],"wp:featuredmedia":[{"embeddable":true,"href":"https:\/\/teiaeducation.ch\/de\/wp-json\/wp\/v2\/media\/41134"}],"wp:attachment":[{"href":"https:\/\/teiaeducation.ch\/de\/wp-json\/wp\/v2\/media?parent=48832"}],"wp:term":[{"taxonomy":"product_brand","embeddable":true,"href":"https:\/\/teiaeducation.ch\/de\/wp-json\/wp\/v2\/product_brand?post=48832"},{"taxonomy":"product_cat","embeddable":true,"href":"https:\/\/teiaeducation.ch\/de\/wp-json\/wp\/v2\/product_cat?post=48832"},{"taxonomy":"product_tag","embeddable":true,"href":"https:\/\/teiaeducation.ch\/de\/wp-json\/wp\/v2\/product_tag?post=48832"}],"curies":[{"name":"wp","href":"https:\/\/api.w.org\/{rel}","templated":true}]}}