{"id":48833,"date":"2021-03-23T17:13:11","date_gmt":"2021-03-23T16:13:11","guid":{"rendered":"https:\/\/teiaeducation.ch\/product\/fischertasche-eperfa\/"},"modified":"2022-05-27T14:23:16","modified_gmt":"2022-05-27T12:23:16","slug":"fischertasche-eperfa","status":"publish","type":"product","link":"https:\/\/teiaeducation.ch\/de\/produkt\/fischertasche-eperfa\/","title":{"rendered":"Fischertasche &#8211; Eperfa"},"content":{"rendered":"<p>Die Fischertasche von Eperfa ist alles was Kinder brauchen, um zu sagen: Wir gehen zum Angeln an den See! Dieses wundersch\u00f6ne, handgefertigte Angelspielset ist perfekt f\u00fcr gl\u00fcckliche Tage, an denen die Kinder in ein langsameres Tempo eintauchen und so tun, als ob sie <a href=\"https:\/\/teiaeducation.ch\/de\/produkt-kategorie\/kinder-spielzeug\/phantasievoll-rollenspiel\/\">spielen<\/a>.<\/p>\n<p>Kinder entwickeln ihre <a href=\"https:\/\/teiaeducation.ch\/de\/produkt-kategorie\/lernthemen\/sensorische-motorische-fertigkeiten\/motorische-fertigkeiten\/\">Feinmotorik<\/a> und Geschicklichkeit sowie ihre Vorstellungskraft, wenn sie lernen, die sch\u00f6ne Holzangel zusammenzubauen und die kleinen Holzfische mit dem magnetischen Haken zu fangen.<\/p>\n<p>Dieses sch\u00f6ne Angelspielset enth\u00e4lt eine perfekte kleine handgefertigte Fischertasche aus Wolle und Leder mit den Abmessungen 29,5 x 24 cm und eine sch\u00f6ne handgefertigte, handbemalte Angelrute aus Massivholz sowie 1 Schnur, 3 Schwimmer, 1 Haken mit Magnet, 4 Leinen, 2 Fische mit Magneten, 5 K\u00f6rner und 3 K\u00f6der. Dieses Spielzeug ist f\u00fcr Kinder ab 3 Jahren geeignet.<\/p>\n<p>Dieses bezaubernde, qualitativ hochwertige Angelspielzeug wird mit Sicherheit ein Familienerbst\u00fcck, das \u00fcber Generationen hinweg weitergegeben wird. Es wurde in der kleinen Werkstatt von Eperfa in Budapest, Ungarn, handgefertigt und handbemalt. Die Holzrute und das Zubeh\u00f6r sind aus massivem Holz aus verantwortungsvoller Forstwirtschaft im ungarischen Duna-Ipoly-Nationalpark handgefertigt. Die Fischertasche ist aus 100% Wolle und Baumwolle handgefertigt und mit einem Lederriemen versehen.<\/p>\n<p><a href=\"https:\/\/teiaeducation.ch\/de\/produkt-kategorie\/unsere-marken\/eperfa\/\">Eperfa<\/a> ist eine ungarische Marke, die wunderbares, nat\u00fcrliches <a href=\"https:\/\/teiaeducation.ch\/de\/produkt-kategorie\/kinder-spielzeug\/\">Spielzeug<\/a> herstellt, das von der Landschaft und der Tierwelt rund um Budapest und den Balaton (Plattensee) inspiriert ist. Die Produkte von Eperfa ermutigen Kinder dazu, frei zu entdecken und eine fr\u00f6hliche, langsamere Kindheit zu genie\u00dfen.<\/p>\n<p>Die Spielzeuge von Eperfa werden in ihrer kleinen Werkstatt in Budapest aus Massivholz aus dem ungarischen Nationalpark Duna-Ipoly und anderen nat\u00fcrlichen Materialien wie Leder und 100% Wollfilz handgefertigt und handbemalt.<\/p>\n<p>Warnung: Erstickungsgefahr &#8211; dieses Fischertasche Set enth\u00e4lt Kleinteile und Magnete.<\/p>\n<p>Inhalt:<\/p>\n<p>1 Fischertasche<br \/>\n1 Angelrute<br \/>\n1 Schnur<br \/>\n3 Schwimmer<br \/>\n1 Haken mit Magnet<br \/>\n4 Leitungen<br \/>\n2 Fische mit Magneten<br \/>\n5 H\u00fchneraugen<br \/>\n3 K\u00f6der<\/p>\n","protected":false},"excerpt":{"rendered":"<p>Artikelnummer: EPER-04<\/p>\n<p>Die Eperfa Fischertasche ist ein wundersch\u00f6nes Angelspielset handgefertigt und handbemalt in einer kleinen Werkstatt in Budapest, Ungarn.<\/p>\n","protected":false},"featured_media":48834,"comment_status":"open","ping_status":"closed","template":"","meta":[],"product_brand":[],"product_cat":[21445,21671,21621,21670,21487,21484,22422,23075,21443,21687,22362,23636,21678,21564,24314],"product_tag":[23434,23435,23439,23436,23438,23437,23444,23442,23445,23440,23446,23443,23441],"class_list":{"0":"post-48833","1":"product","2":"type-product","3":"status-publish","4":"has-post-thumbnail","6":"product_cat-3-6-jahre-vorschule","7":"product_cat-angebot","8":"product_cat-eperfa","9":"product_cat-fruehjahrskollektion","10":"product_cat-geschenk-guide-3-6-jahre-vorschule","11":"product_cat-geschenk-guides","12":"product_cat-geschenke-fuer-das-osterkoerbchen","13":"product_cat-handgefertigtes-holzspielzeug","14":"product_cat-nach-alter","15":"product_cat-phantasievoll-rollenspiel","16":"product_cat-saisonale-kollektionen","17":"product_cat-sommer-kollektion","18":"product_cat-kinder-spielzeug","19":"product_cat-unsere-marken","20":"product_cat-valentinstag","21":"product_tag-eperfa-de","22":"product_tag-eperfa-fischertasche","23":"product_tag-eperfa-schweiz-de","24":"product_tag-eperfa-spielzeug","25":"product_tag-eperfa-suisse-de","26":"product_tag-eperfa-switzerland-de","27":"product_tag-fischereiset-holzspielzeug","28":"product_tag-handgefertigtes-fischer-spielset","29":"product_tag-handgefertigtes-fischerspielzeug","30":"product_tag-handgefertigtes-spielzeug-schweiz","31":"product_tag-nachhaltiges-handgemachtes-spielzeug","32":"product_tag-spielzeug-angelrute-aus-holz","33":"product_tag-spielzeug-hergestellt-in-ungarn","35":"first","36":"instock","37":"sale","38":"taxable","39":"shipping-taxable","40":"purchasable","41":"product-type-simple"},"yoast_head":"<!-- This site is optimized with the Yoast SEO plugin v27.1.1 - https:\/\/yoast.com\/product\/yoast-seo-wordpress\/ -->\n<title>Fischertasche - Eperfa - Teia Education &amp; Play<\/title>\n<meta name=\"description\" content=\"Die Eperfa Fischertasche ist ein wundersch\u00f6nes Angelspielset handgefertigt und handbemalt in einer kleinen Werkstatt in Budapest, Ungarn.\" \/>\n<meta name=\"robots\" content=\"index, follow, max-snippet:-1, max-image-preview:large, max-video-preview:-1\" \/>\n<link rel=\"canonical\" href=\"https:\/\/teiaeducation.ch\/de\/produkt\/fischertasche-eperfa\/\" \/>\n<meta property=\"og:locale\" content=\"de_DE\" \/>\n<meta property=\"og:type\" content=\"article\" \/>\n<meta property=\"og:title\" content=\"Fischertasche - Eperfa - Teia Education &amp; Play\" \/>\n<meta property=\"og:description\" content=\"Die Eperfa Fischertasche ist ein wundersch\u00f6nes Angelspielset handgefertigt und handbemalt in einer kleinen Werkstatt in Budapest, Ungarn.\" \/>\n<meta property=\"og:url\" content=\"https:\/\/teiaeducation.ch\/de\/produkt\/fischertasche-eperfa\/\" \/>\n<meta property=\"og:site_name\" content=\"Sustainable Educational Products &amp; Ecological Toys\u00a0\" \/>\n<meta property=\"article:publisher\" content=\"https:\/\/www.facebook.com\/teiaeducation\/\" \/>\n<meta property=\"article:modified_time\" content=\"2022-05-27T12:23:16+00:00\" \/>\n<meta property=\"og:image\" content=\"https:\/\/teiaeducation.ch\/wp-content\/uploads\/2021\/03\/Fishing-bag-Eperfa.jpg\" \/>\n\t<meta property=\"og:image:width\" content=\"768\" \/>\n\t<meta property=\"og:image:height\" content=\"1024\" \/>\n\t<meta property=\"og:image:type\" content=\"image\/jpeg\" \/>\n<script type=\"application\/ld+json\" class=\"yoast-schema-graph\">{\"@context\":\"https:\/\/schema.org\",\"@graph\":[{\"@type\":\"WebPage\",\"@id\":\"https:\/\/teiaeducation.ch\/de\/produkt\/fischertasche-eperfa\/\",\"url\":\"https:\/\/teiaeducation.ch\/de\/produkt\/fischertasche-eperfa\/\",\"name\":\"Fischertasche - Eperfa - Teia Education & Play\",\"isPartOf\":{\"@id\":\"https:\/\/teiaeducation.ch\/de\/#website\"},\"primaryImageOfPage\":{\"@id\":\"https:\/\/teiaeducation.ch\/de\/produkt\/fischertasche-eperfa\/#primaryimage\"},\"image\":{\"@id\":\"https:\/\/teiaeducation.ch\/de\/produkt\/fischertasche-eperfa\/#primaryimage\"},\"thumbnailUrl\":\"https:\/\/teiaeducation.ch\/wp-content\/uploads\/2021\/03\/Fishing-bag-Eperfa.jpg\",\"datePublished\":\"2021-03-23T16:13:11+00:00\",\"dateModified\":\"2022-05-27T12:23:16+00:00\",\"description\":\"Die Eperfa Fischertasche ist ein wundersch\u00f6nes Angelspielset handgefertigt und handbemalt in einer kleinen Werkstatt in Budapest, Ungarn.\",\"breadcrumb\":{\"@id\":\"https:\/\/teiaeducation.ch\/de\/produkt\/fischertasche-eperfa\/#breadcrumb\"},\"inLanguage\":\"de-CH\",\"potentialAction\":[{\"@type\":\"ReadAction\",\"target\":[\"https:\/\/teiaeducation.ch\/de\/produkt\/fischertasche-eperfa\/\"]}]},{\"@type\":\"ImageObject\",\"inLanguage\":\"de-CH\",\"@id\":\"https:\/\/teiaeducation.ch\/de\/produkt\/fischertasche-eperfa\/#primaryimage\",\"url\":\"https:\/\/teiaeducation.ch\/wp-content\/uploads\/2021\/03\/Fishing-bag-Eperfa.jpg\",\"contentUrl\":\"https:\/\/teiaeducation.ch\/wp-content\/uploads\/2021\/03\/Fishing-bag-Eperfa.jpg\",\"width\":768,\"height\":1024,\"caption\":\"Handgefertigtes Rollenspiel Fischertasche - Eperfa\"},{\"@type\":\"BreadcrumbList\",\"@id\":\"https:\/\/teiaeducation.ch\/de\/produkt\/fischertasche-eperfa\/#breadcrumb\",\"itemListElement\":[{\"@type\":\"ListItem\",\"position\":1,\"name\":\"Home\",\"item\":\"https:\/\/teiaeducation.ch\/de\/\"},{\"@type\":\"ListItem\",\"position\":2,\"name\":\"Laden\",\"item\":\"https:\/\/teiaeducation.ch\/de\/shop\/\"},{\"@type\":\"ListItem\",\"position\":3,\"name\":\"Nach Alter\",\"item\":\"https:\/\/teiaeducation.ch\/de\/produkt-kategorie\/nach-alter\/\"},{\"@type\":\"ListItem\",\"position\":4,\"name\":\"3-6 Jahre Vorschule\",\"item\":\"https:\/\/teiaeducation.ch\/de\/produkt-kategorie\/nach-alter\/3-6-jahre-vorschule\/\"},{\"@type\":\"ListItem\",\"position\":5,\"name\":\"Fischertasche &#8211; Eperfa\"}]},{\"@type\":\"WebSite\",\"@id\":\"https:\/\/teiaeducation.ch\/de\/#website\",\"url\":\"https:\/\/teiaeducation.ch\/de\/\",\"name\":\"Sustainable Educational Products &amp; Ecological Toys\u00a0\",\"description\":\"Specialised Swiss shop selling sustainable educational toys and games, AMI certified Montessori materials, handmade ecological wooden Waldorf toys and arts &amp; crafts supplies, school supplies, children&#039;s furniture and Montessori reference and parenting books.\",\"publisher\":{\"@id\":\"https:\/\/teiaeducation.ch\/de\/#organization\"},\"alternateName\":\"Teia Education & Play\",\"potentialAction\":[{\"@type\":\"SearchAction\",\"target\":{\"@type\":\"EntryPoint\",\"urlTemplate\":\"https:\/\/teiaeducation.ch\/de\/?s={search_term_string}\"},\"query-input\":{\"@type\":\"PropertyValueSpecification\",\"valueRequired\":true,\"valueName\":\"search_term_string\"}}],\"inLanguage\":\"de-CH\"},{\"@type\":\"Organization\",\"@id\":\"https:\/\/teiaeducation.ch\/de\/#organization\",\"name\":\"Teia Education & Play\",\"url\":\"https:\/\/teiaeducation.ch\/de\/\",\"logo\":{\"@type\":\"ImageObject\",\"inLanguage\":\"de-CH\",\"@id\":\"https:\/\/teiaeducation.ch\/de\/#\/schema\/logo\/image\/\",\"url\":\"https:\/\/teiaeducation.ch\/wp-content\/uploads\/2020\/11\/Teia-Education-Switzerland-e1620156442216.jpg\",\"contentUrl\":\"https:\/\/teiaeducation.ch\/wp-content\/uploads\/2020\/11\/Teia-Education-Switzerland-e1620156442216.jpg\",\"width\":166,\"height\":145,\"caption\":\"Teia Education & Play\"},\"image\":{\"@id\":\"https:\/\/teiaeducation.ch\/de\/#\/schema\/logo\/image\/\"},\"sameAs\":[\"https:\/\/www.facebook.com\/teiaeducation\/\",\"https:\/\/x.com\/EducationTeia\",\"https:\/\/www.instagram.com\/teia.education\/\",\"https:\/\/www.linkedin.com\/company\/35501660\",\"https:\/\/www.pinterest.ch\/TeiaEducation\/\"]}]}<\/script>\n<!-- \/ Yoast SEO plugin. -->","yoast_head_json":{"title":"Fischertasche - Eperfa - Teia Education & Play","description":"Die Eperfa Fischertasche ist ein wundersch\u00f6nes Angelspielset handgefertigt und handbemalt in einer kleinen Werkstatt in Budapest, Ungarn.","robots":{"index":"index","follow":"follow","max-snippet":"max-snippet:-1","max-image-preview":"max-image-preview:large","max-video-preview":"max-video-preview:-1"},"canonical":"https:\/\/teiaeducation.ch\/de\/produkt\/fischertasche-eperfa\/","og_locale":"de_DE","og_type":"article","og_title":"Fischertasche - Eperfa - Teia Education & Play","og_description":"Die Eperfa Fischertasche ist ein wundersch\u00f6nes Angelspielset handgefertigt und handbemalt in einer kleinen Werkstatt in Budapest, Ungarn.","og_url":"https:\/\/teiaeducation.ch\/de\/produkt\/fischertasche-eperfa\/","og_site_name":"Sustainable Educational Products &amp; Ecological Toys\u00a0","article_publisher":"https:\/\/www.facebook.com\/teiaeducation\/","article_modified_time":"2022-05-27T12:23:16+00:00","og_image":[{"width":768,"height":1024,"url":"https:\/\/teiaeducation.ch\/wp-content\/uploads\/2021\/03\/Fishing-bag-Eperfa.jpg","type":"image\/jpeg"}],"schema":{"@context":"https:\/\/schema.org","@graph":[{"@type":"WebPage","@id":"https:\/\/teiaeducation.ch\/de\/produkt\/fischertasche-eperfa\/","url":"https:\/\/teiaeducation.ch\/de\/produkt\/fischertasche-eperfa\/","name":"Fischertasche - Eperfa - Teia Education & Play","isPartOf":{"@id":"https:\/\/teiaeducation.ch\/de\/#website"},"primaryImageOfPage":{"@id":"https:\/\/teiaeducation.ch\/de\/produkt\/fischertasche-eperfa\/#primaryimage"},"image":{"@id":"https:\/\/teiaeducation.ch\/de\/produkt\/fischertasche-eperfa\/#primaryimage"},"thumbnailUrl":"https:\/\/teiaeducation.ch\/wp-content\/uploads\/2021\/03\/Fishing-bag-Eperfa.jpg","datePublished":"2021-03-23T16:13:11+00:00","dateModified":"2022-05-27T12:23:16+00:00","description":"Die Eperfa Fischertasche ist ein wundersch\u00f6nes Angelspielset handgefertigt und handbemalt in einer kleinen Werkstatt in Budapest, Ungarn.","breadcrumb":{"@id":"https:\/\/teiaeducation.ch\/de\/produkt\/fischertasche-eperfa\/#breadcrumb"},"inLanguage":"de-CH","potentialAction":[{"@type":"ReadAction","target":["https:\/\/teiaeducation.ch\/de\/produkt\/fischertasche-eperfa\/"]}]},{"@type":"ImageObject","inLanguage":"de-CH","@id":"https:\/\/teiaeducation.ch\/de\/produkt\/fischertasche-eperfa\/#primaryimage","url":"https:\/\/teiaeducation.ch\/wp-content\/uploads\/2021\/03\/Fishing-bag-Eperfa.jpg","contentUrl":"https:\/\/teiaeducation.ch\/wp-content\/uploads\/2021\/03\/Fishing-bag-Eperfa.jpg","width":768,"height":1024,"caption":"Handgefertigtes Rollenspiel Fischertasche - Eperfa"},{"@type":"BreadcrumbList","@id":"https:\/\/teiaeducation.ch\/de\/produkt\/fischertasche-eperfa\/#breadcrumb","itemListElement":[{"@type":"ListItem","position":1,"name":"Home","item":"https:\/\/teiaeducation.ch\/de\/"},{"@type":"ListItem","position":2,"name":"Laden","item":"https:\/\/teiaeducation.ch\/de\/shop\/"},{"@type":"ListItem","position":3,"name":"Nach Alter","item":"https:\/\/teiaeducation.ch\/de\/produkt-kategorie\/nach-alter\/"},{"@type":"ListItem","position":4,"name":"3-6 Jahre Vorschule","item":"https:\/\/teiaeducation.ch\/de\/produkt-kategorie\/nach-alter\/3-6-jahre-vorschule\/"},{"@type":"ListItem","position":5,"name":"Fischertasche &#8211; Eperfa"}]},{"@type":"WebSite","@id":"https:\/\/teiaeducation.ch\/de\/#website","url":"https:\/\/teiaeducation.ch\/de\/","name":"Sustainable Educational Products &amp; Ecological Toys\u00a0","description":"Specialised Swiss shop selling sustainable educational toys and games, AMI certified Montessori materials, handmade ecological wooden Waldorf toys and arts &amp; crafts supplies, school supplies, children&#039;s furniture and Montessori reference and parenting books.","publisher":{"@id":"https:\/\/teiaeducation.ch\/de\/#organization"},"alternateName":"Teia Education & Play","potentialAction":[{"@type":"SearchAction","target":{"@type":"EntryPoint","urlTemplate":"https:\/\/teiaeducation.ch\/de\/?s={search_term_string}"},"query-input":{"@type":"PropertyValueSpecification","valueRequired":true,"valueName":"search_term_string"}}],"inLanguage":"de-CH"},{"@type":"Organization","@id":"https:\/\/teiaeducation.ch\/de\/#organization","name":"Teia Education & Play","url":"https:\/\/teiaeducation.ch\/de\/","logo":{"@type":"ImageObject","inLanguage":"de-CH","@id":"https:\/\/teiaeducation.ch\/de\/#\/schema\/logo\/image\/","url":"https:\/\/teiaeducation.ch\/wp-content\/uploads\/2020\/11\/Teia-Education-Switzerland-e1620156442216.jpg","contentUrl":"https:\/\/teiaeducation.ch\/wp-content\/uploads\/2020\/11\/Teia-Education-Switzerland-e1620156442216.jpg","width":166,"height":145,"caption":"Teia Education & Play"},"image":{"@id":"https:\/\/teiaeducation.ch\/de\/#\/schema\/logo\/image\/"},"sameAs":["https:\/\/www.facebook.com\/teiaeducation\/","https:\/\/x.com\/EducationTeia","https:\/\/www.instagram.com\/teia.education\/","https:\/\/www.linkedin.com\/company\/35501660","https:\/\/www.pinterest.ch\/TeiaEducation\/"]}]}},"_links":{"self":[{"href":"https:\/\/teiaeducation.ch\/de\/wp-json\/wp\/v2\/product\/48833","targetHints":{"allow":["GET"]}}],"collection":[{"href":"https:\/\/teiaeducation.ch\/de\/wp-json\/wp\/v2\/product"}],"about":[{"href":"https:\/\/teiaeducation.ch\/de\/wp-json\/wp\/v2\/types\/product"}],"replies":[{"embeddable":true,"href":"https:\/\/teiaeducation.ch\/de\/wp-json\/wp\/v2\/comments?post=48833"}],"wp:featuredmedia":[{"embeddable":true,"href":"https:\/\/teiaeducation.ch\/de\/wp-json\/wp\/v2\/media\/48834"}],"wp:attachment":[{"href":"https:\/\/teiaeducation.ch\/de\/wp-json\/wp\/v2\/media?parent=48833"}],"wp:term":[{"taxonomy":"product_brand","embeddable":true,"href":"https:\/\/teiaeducation.ch\/de\/wp-json\/wp\/v2\/product_brand?post=48833"},{"taxonomy":"product_cat","embeddable":true,"href":"https:\/\/teiaeducation.ch\/de\/wp-json\/wp\/v2\/product_cat?post=48833"},{"taxonomy":"product_tag","embeddable":true,"href":"https:\/\/teiaeducation.ch\/de\/wp-json\/wp\/v2\/product_tag?post=48833"}],"curies":[{"name":"wp","href":"https:\/\/api.w.org\/{rel}","templated":true}]}}