{"id":48837,"date":"2020-11-21T21:35:38","date_gmt":"2020-11-21T20:35:38","guid":{"rendered":"https:\/\/teiaeducation.ch\/product\/holz-kreisel-rot-glueckskaefer\/"},"modified":"2026-02-14T20:59:35","modified_gmt":"2026-02-14T19:59:35","slug":"holz-kreisel-rot-gluckskafer","status":"publish","type":"product","link":"https:\/\/teiaeducation.ch\/de\/produkt\/holz-kreisel-rot-gluckskafer\/","title":{"rendered":"Holzkreisel in Rot &#8211; Gl\u00fccksk\u00e4fer"},"content":{"rendered":"<p>Dieser sch\u00f6ne, handgefertigte Holzkreisel in der leuchtenden Farbe Rot aus der Serie &#8220;Bunte Formen&#8221; von Gl\u00fccksk\u00e4fer ist ein herrlicher Klassiker f\u00fcr jedes Alter und bietet unendlich viele <a href=\"https:\/\/teiaeducation.ch\/product-category\/play\/open-ended-play\/\">ergebnisoffenes<\/a> Spielm\u00f6glichkeiten. Kreisel sind eines der \u00e4ltesten erkennbaren <a href=\"https:\/\/teiaeducation.ch\/product-category\/hgh-quality-toys-play\/\">Spielzeuge<\/a> der Welt und bieten Kindern und Erwachsenen reichhaltige <a href=\"https:\/\/teiaeducation.ch\/product-category\/play\/sensory-play\/\">Sinnes<\/a>erfahrungen!<\/p>\n<p>Der Kreisel, der sich um seine vertikale Achse dreht, ist ein Spielzeug, das seit dem Altertum f\u00fcr einsame oder wetteifernde Kinderspiele verwendet wird. Ziel ist es, den Kreisel so lange wie m\u00f6glich aufrecht zu halten, nachdem er in Bewegung gesetzt wurde.<\/p>\n<p>Dieser taktile und sanft gerundete Kreisel misst 6 \u00d7 4 \u00d7 4 cm und wird bestimmt noch jahrelang Freude bereiten! Die Gl\u00fccksk\u00e4fer Holzkreisel gibt es in den Farben blau, gr\u00fcn, lila, orange, gelb und rot.<\/p>\n<p>Die farbenfrohen <a href=\"https:\/\/teiaeducation.ch\/product-category\/brands\/gluckskafer\/\">Gl\u00fccksk\u00e4fer<\/a> Holzspielzeuge sind ideal f\u00fcr das Spielen zu Hause, im Kindergarten, in der <a href=\"https:\/\/teiaeducation.ch\/product-category\/education-method\/waldorf-steiner-toys-craft-materials\/\">Waldorf<\/a>&#8211; oder Steinerschule. Sie sind nach der Waldorf Philosophie gefertigt, die daf\u00fcr bekannt ist, dass sie Kinder dazu ermutigen, das kreative Spiel unabh\u00e4ngig und ohne Grenzen zu entdecken. Der Holzkreisel wird von Hand mit ungiftigen Farben auf Wasserbasis bemalt und nicht lackiert, damit die urspr\u00fcnglichen Eigenschaften des Holzes und die Maserung erhalten bleiben.<\/p>\n<p>Der Gl\u00fccksk\u00e4fer roter Holzkreisel ist f\u00fcr Kinder ab 3 Jahren geeignet.<\/p>\n<p>Inhalt:<\/p>\n<p>1 Holz-Kreisel (6 \u00d7 4 \u00d7 4cm)<\/p>\n","protected":false},"excerpt":{"rendered":"<p>Artikelnummer: <span class=\"sku_wrapper\"><span class=\"sku\">525096<\/span><\/span><\/p>\n<p>Dieser sch\u00f6ne handgefertigte Holzkreisel in der leuchtenden Farbe Rot von Gl\u00fccksk\u00e4fer ist ein klassisches Spielzeug f\u00fcr alle Altersgruppen und sorgt f\u00fcr stundenlangen Spielspa\u00df!<\/p>\n","protected":false},"featured_media":48925,"comment_status":"open","ping_status":"closed","template":"","meta":[],"product_brand":[],"product_cat":[21445,21446,22033,21679,21690,21670,21484,22422,21631,23075,21698,21443,22362,21678,23133,21564],"product_tag":[23459,23463,23461,23465,23464,23466,22143,21712,23462,23460],"class_list":{"0":"post-48837","1":"product","2":"type-product","3":"status-publish","4":"has-post-thumbnail","6":"product_cat-3-6-jahre-vorschule","7":"product_cat-6-12-jahre-grundschule","8":"product_cat-adventskalender-geschenke-strumpffueller","9":"product_cat-aktiv-spielzeug","10":"product_cat-spiele-mit-offenem-ende","11":"product_cat-fruehjahrskollektion","12":"product_cat-geschenk-guides","13":"product_cat-geschenke-fuer-das-osterkoerbchen","14":"product_cat-glueckskaefer","15":"product_cat-handgefertigtes-holzspielzeug","16":"product_cat-kreisel","17":"product_cat-nach-alter","18":"product_cat-saisonale-kollektionen","19":"product_cat-kinder-spielzeug","20":"product_cat-spielzeug-fuer-draussen","21":"product_cat-unsere-marken","22":"product_tag-gluckskafer-de","23":"product_tag-gluckskafer-bunte-formen","24":"product_tag-gluckskafer-bunte-formen-aus-holz","25":"product_tag-gluckskafer-holzerne-bunte-formen","26":"product_tag-gluckskafer-schweiz-de","27":"product_tag-handgefertigter-holz-kreisel-gluckskafer","28":"product_tag-handgefertigtes-holzspielzeug-de","29":"product_tag-hergestellt-in-deutschland","30":"product_tag-waldorf-holzspielzeug","31":"product_tag-waldorfspielzeug-aus-holz-de","33":"first","34":"instock","35":"taxable","36":"shipping-taxable","37":"purchasable","38":"product-type-simple"},"yoast_head":"<!-- This site is optimized with the Yoast SEO Premium plugin v25.8 (Yoast SEO v27.4) - https:\/\/yoast.com\/product\/yoast-seo-premium-wordpress\/ -->\n<title>Holzkreisel: Rot \u2013 Gl\u00fccksk\u00e4fer<\/title>\n<meta name=\"description\" content=\"Dieser sch\u00f6ne, handgefertigte Holzkreisel in Rot von Gl\u00fccksk\u00e4fer bietet eine unendliche Vielfalt an offenen Spielm\u00f6glichkeiten!\" \/>\n<meta name=\"robots\" content=\"index, follow, max-snippet:-1, max-image-preview:large, max-video-preview:-1\" \/>\n<link rel=\"canonical\" href=\"https:\/\/teiaeducation.ch\/de\/produkt\/holz-kreisel-rot-gluckskafer\/\" \/>\n<meta property=\"og:locale\" content=\"de_DE\" \/>\n<meta property=\"og:type\" content=\"article\" \/>\n<meta property=\"og:title\" content=\"Holzkreisel in Rot - Gl\u00fccksk\u00e4fer\" \/>\n<meta property=\"og:description\" content=\"Dieser sch\u00f6ne, handgefertigte Holzkreisel in Rot von Gl\u00fccksk\u00e4fer bietet eine unendliche Vielfalt an offenen Spielm\u00f6glichkeiten!\" \/>\n<meta property=\"og:url\" content=\"https:\/\/teiaeducation.ch\/de\/produkt\/holz-kreisel-rot-gluckskafer\/\" \/>\n<meta property=\"og:site_name\" content=\"Sustainable Educational Products &amp; Ecological Toys\u00a0\" \/>\n<meta property=\"article:publisher\" content=\"https:\/\/www.facebook.com\/teiaeducation\/\" \/>\n<meta property=\"article:modified_time\" content=\"2026-02-14T19:59:35+00:00\" \/>\n<meta property=\"og:image\" content=\"https:\/\/teiaeducation.ch\/wp-content\/uploads\/2020\/11\/Wooden-Spinning-Top-Red-Gluckskafer.jpg\" \/>\n\t<meta property=\"og:image:width\" content=\"1177\" \/>\n\t<meta property=\"og:image:height\" content=\"1223\" \/>\n\t<meta property=\"og:image:type\" content=\"image\/jpeg\" \/>\n<script type=\"application\/ld+json\" class=\"yoast-schema-graph\">{\"@context\":\"https:\\\/\\\/schema.org\",\"@graph\":[{\"@type\":\"WebPage\",\"@id\":\"https:\\\/\\\/teiaeducation.ch\\\/de\\\/produkt\\\/holz-kreisel-rot-gluckskafer\\\/\",\"url\":\"https:\\\/\\\/teiaeducation.ch\\\/de\\\/produkt\\\/holz-kreisel-rot-gluckskafer\\\/\",\"name\":\"Holzkreisel: Rot \u2013 Gl\u00fccksk\u00e4fer\",\"isPartOf\":{\"@id\":\"https:\\\/\\\/teiaeducation.ch\\\/de\\\/#website\"},\"primaryImageOfPage\":{\"@id\":\"https:\\\/\\\/teiaeducation.ch\\\/de\\\/produkt\\\/holz-kreisel-rot-gluckskafer\\\/#primaryimage\"},\"image\":{\"@id\":\"https:\\\/\\\/teiaeducation.ch\\\/de\\\/produkt\\\/holz-kreisel-rot-gluckskafer\\\/#primaryimage\"},\"thumbnailUrl\":\"https:\\\/\\\/teiaeducation.ch\\\/wp-content\\\/uploads\\\/2020\\\/11\\\/Wooden-Spinning-Top-Red-Gluckskafer.jpg\",\"datePublished\":\"2020-11-21T20:35:38+00:00\",\"dateModified\":\"2026-02-14T19:59:35+00:00\",\"description\":\"Dieser sch\u00f6ne, handgefertigte Holzkreisel in Rot von Gl\u00fccksk\u00e4fer bietet eine unendliche Vielfalt an offenen Spielm\u00f6glichkeiten!\",\"breadcrumb\":{\"@id\":\"https:\\\/\\\/teiaeducation.ch\\\/de\\\/produkt\\\/holz-kreisel-rot-gluckskafer\\\/#breadcrumb\"},\"inLanguage\":\"de-CH\",\"potentialAction\":[{\"@type\":\"ReadAction\",\"target\":[\"https:\\\/\\\/teiaeducation.ch\\\/de\\\/produkt\\\/holz-kreisel-rot-gluckskafer\\\/\"]}]},{\"@type\":\"ImageObject\",\"inLanguage\":\"de-CH\",\"@id\":\"https:\\\/\\\/teiaeducation.ch\\\/de\\\/produkt\\\/holz-kreisel-rot-gluckskafer\\\/#primaryimage\",\"url\":\"https:\\\/\\\/teiaeducation.ch\\\/wp-content\\\/uploads\\\/2020\\\/11\\\/Wooden-Spinning-Top-Red-Gluckskafer.jpg\",\"contentUrl\":\"https:\\\/\\\/teiaeducation.ch\\\/wp-content\\\/uploads\\\/2020\\\/11\\\/Wooden-Spinning-Top-Red-Gluckskafer.jpg\",\"width\":1177,\"height\":1223,\"caption\":\"Holzkreisel Rot \\\/ Handgefertigter Holzkreisel Spielzeug - Gl\u00fccksk\u00e4fer\"},{\"@type\":\"BreadcrumbList\",\"@id\":\"https:\\\/\\\/teiaeducation.ch\\\/de\\\/produkt\\\/holz-kreisel-rot-gluckskafer\\\/#breadcrumb\",\"itemListElement\":[{\"@type\":\"ListItem\",\"position\":1,\"name\":\"Home\",\"item\":\"https:\\\/\\\/teiaeducation.ch\\\/de\\\/\"},{\"@type\":\"ListItem\",\"position\":2,\"name\":\"Laden\",\"item\":\"https:\\\/\\\/teiaeducation.ch\\\/de\\\/shop\\\/\"},{\"@type\":\"ListItem\",\"position\":3,\"name\":\"Unsere Marken\",\"item\":\"https:\\\/\\\/teiaeducation.ch\\\/de\\\/produkt-kategorie\\\/unsere-marken\\\/\"},{\"@type\":\"ListItem\",\"position\":4,\"name\":\"Gl\u00fccksk\u00e4fer\",\"item\":\"https:\\\/\\\/teiaeducation.ch\\\/de\\\/produkt-kategorie\\\/unsere-marken\\\/glueckskaefer\\\/\"},{\"@type\":\"ListItem\",\"position\":5,\"name\":\"Holzkreisel in Rot &#8211; Gl\u00fccksk\u00e4fer\"}]},{\"@type\":\"WebSite\",\"@id\":\"https:\\\/\\\/teiaeducation.ch\\\/de\\\/#website\",\"url\":\"https:\\\/\\\/teiaeducation.ch\\\/de\\\/\",\"name\":\"Sustainable Educational Products &amp; Ecological Toys\u00a0\",\"description\":\"Specialised Swiss shop selling sustainable educational toys and games, AMI certified Montessori materials, handmade ecological wooden Waldorf toys and arts &amp; crafts supplies, school supplies, children&#039;s furniture and Montessori reference and parenting books.\",\"publisher\":{\"@id\":\"https:\\\/\\\/teiaeducation.ch\\\/de\\\/#organization\"},\"alternateName\":\"Teia Education & Play\",\"potentialAction\":[{\"@type\":\"SearchAction\",\"target\":{\"@type\":\"EntryPoint\",\"urlTemplate\":\"https:\\\/\\\/teiaeducation.ch\\\/de\\\/?s={search_term_string}\"},\"query-input\":{\"@type\":\"PropertyValueSpecification\",\"valueRequired\":true,\"valueName\":\"search_term_string\"}}],\"inLanguage\":\"de-CH\"},{\"@type\":\"Organization\",\"@id\":\"https:\\\/\\\/teiaeducation.ch\\\/de\\\/#organization\",\"name\":\"Teia Education & Play\",\"url\":\"https:\\\/\\\/teiaeducation.ch\\\/de\\\/\",\"logo\":{\"@type\":\"ImageObject\",\"inLanguage\":\"de-CH\",\"@id\":\"https:\\\/\\\/teiaeducation.ch\\\/de\\\/#\\\/schema\\\/logo\\\/image\\\/\",\"url\":\"https:\\\/\\\/teiaeducation.ch\\\/wp-content\\\/uploads\\\/2020\\\/11\\\/Teia-Education-Switzerland-e1620156442216.jpg\",\"contentUrl\":\"https:\\\/\\\/teiaeducation.ch\\\/wp-content\\\/uploads\\\/2020\\\/11\\\/Teia-Education-Switzerland-e1620156442216.jpg\",\"width\":166,\"height\":145,\"caption\":\"Teia Education & Play\"},\"image\":{\"@id\":\"https:\\\/\\\/teiaeducation.ch\\\/de\\\/#\\\/schema\\\/logo\\\/image\\\/\"},\"sameAs\":[\"https:\\\/\\\/www.facebook.com\\\/teiaeducation\\\/\",\"https:\\\/\\\/x.com\\\/EducationTeia\",\"https:\\\/\\\/www.instagram.com\\\/teia.education\\\/\",\"https:\\\/\\\/www.linkedin.com\\\/company\\\/35501660\",\"https:\\\/\\\/www.pinterest.ch\\\/TeiaEducation\\\/\"]}]}<\/script>\n<meta property=\"product:price:amount\" content=\"4.90\" \/>\n<meta property=\"product:price:currency\" content=\"CHF\" \/>\n<meta property=\"og:availability\" content=\"instock\" \/>\n<meta property=\"product:availability\" content=\"instock\" \/>\n<meta property=\"product:retailer_item_id\" content=\"00000000000000000000000000000000000000000000025988\" \/>\n<meta property=\"product:condition\" content=\"new\" \/>\n<!-- \/ Yoast SEO Premium plugin. -->","yoast_head_json":{"title":"Holzkreisel: Rot \u2013 Gl\u00fccksk\u00e4fer","description":"Dieser sch\u00f6ne, handgefertigte Holzkreisel in Rot von Gl\u00fccksk\u00e4fer bietet eine unendliche Vielfalt an offenen Spielm\u00f6glichkeiten!","robots":{"index":"index","follow":"follow","max-snippet":"max-snippet:-1","max-image-preview":"max-image-preview:large","max-video-preview":"max-video-preview:-1"},"canonical":"https:\/\/teiaeducation.ch\/de\/produkt\/holz-kreisel-rot-gluckskafer\/","og_locale":"de_DE","og_type":"article","og_title":"Holzkreisel in Rot - Gl\u00fccksk\u00e4fer","og_description":"Dieser sch\u00f6ne, handgefertigte Holzkreisel in Rot von Gl\u00fccksk\u00e4fer bietet eine unendliche Vielfalt an offenen Spielm\u00f6glichkeiten!","og_url":"https:\/\/teiaeducation.ch\/de\/produkt\/holz-kreisel-rot-gluckskafer\/","og_site_name":"Sustainable Educational Products &amp; Ecological Toys\u00a0","article_publisher":"https:\/\/www.facebook.com\/teiaeducation\/","article_modified_time":"2026-02-14T19:59:35+00:00","og_image":[{"width":1177,"height":1223,"url":"https:\/\/teiaeducation.ch\/wp-content\/uploads\/2020\/11\/Wooden-Spinning-Top-Red-Gluckskafer.jpg","type":"image\/jpeg"}],"schema":{"@context":"https:\/\/schema.org","@graph":[{"@type":"WebPage","@id":"https:\/\/teiaeducation.ch\/de\/produkt\/holz-kreisel-rot-gluckskafer\/","url":"https:\/\/teiaeducation.ch\/de\/produkt\/holz-kreisel-rot-gluckskafer\/","name":"Holzkreisel: Rot \u2013 Gl\u00fccksk\u00e4fer","isPartOf":{"@id":"https:\/\/teiaeducation.ch\/de\/#website"},"primaryImageOfPage":{"@id":"https:\/\/teiaeducation.ch\/de\/produkt\/holz-kreisel-rot-gluckskafer\/#primaryimage"},"image":{"@id":"https:\/\/teiaeducation.ch\/de\/produkt\/holz-kreisel-rot-gluckskafer\/#primaryimage"},"thumbnailUrl":"https:\/\/teiaeducation.ch\/wp-content\/uploads\/2020\/11\/Wooden-Spinning-Top-Red-Gluckskafer.jpg","datePublished":"2020-11-21T20:35:38+00:00","dateModified":"2026-02-14T19:59:35+00:00","description":"Dieser sch\u00f6ne, handgefertigte Holzkreisel in Rot von Gl\u00fccksk\u00e4fer bietet eine unendliche Vielfalt an offenen Spielm\u00f6glichkeiten!","breadcrumb":{"@id":"https:\/\/teiaeducation.ch\/de\/produkt\/holz-kreisel-rot-gluckskafer\/#breadcrumb"},"inLanguage":"de-CH","potentialAction":[{"@type":"ReadAction","target":["https:\/\/teiaeducation.ch\/de\/produkt\/holz-kreisel-rot-gluckskafer\/"]}]},{"@type":"ImageObject","inLanguage":"de-CH","@id":"https:\/\/teiaeducation.ch\/de\/produkt\/holz-kreisel-rot-gluckskafer\/#primaryimage","url":"https:\/\/teiaeducation.ch\/wp-content\/uploads\/2020\/11\/Wooden-Spinning-Top-Red-Gluckskafer.jpg","contentUrl":"https:\/\/teiaeducation.ch\/wp-content\/uploads\/2020\/11\/Wooden-Spinning-Top-Red-Gluckskafer.jpg","width":1177,"height":1223,"caption":"Holzkreisel Rot \/ Handgefertigter Holzkreisel Spielzeug - Gl\u00fccksk\u00e4fer"},{"@type":"BreadcrumbList","@id":"https:\/\/teiaeducation.ch\/de\/produkt\/holz-kreisel-rot-gluckskafer\/#breadcrumb","itemListElement":[{"@type":"ListItem","position":1,"name":"Home","item":"https:\/\/teiaeducation.ch\/de\/"},{"@type":"ListItem","position":2,"name":"Laden","item":"https:\/\/teiaeducation.ch\/de\/shop\/"},{"@type":"ListItem","position":3,"name":"Unsere Marken","item":"https:\/\/teiaeducation.ch\/de\/produkt-kategorie\/unsere-marken\/"},{"@type":"ListItem","position":4,"name":"Gl\u00fccksk\u00e4fer","item":"https:\/\/teiaeducation.ch\/de\/produkt-kategorie\/unsere-marken\/glueckskaefer\/"},{"@type":"ListItem","position":5,"name":"Holzkreisel in Rot &#8211; Gl\u00fccksk\u00e4fer"}]},{"@type":"WebSite","@id":"https:\/\/teiaeducation.ch\/de\/#website","url":"https:\/\/teiaeducation.ch\/de\/","name":"Sustainable Educational Products &amp; Ecological Toys\u00a0","description":"Specialised Swiss shop selling sustainable educational toys and games, AMI certified Montessori materials, handmade ecological wooden Waldorf toys and arts &amp; crafts supplies, school supplies, children&#039;s furniture and Montessori reference and parenting books.","publisher":{"@id":"https:\/\/teiaeducation.ch\/de\/#organization"},"alternateName":"Teia Education & Play","potentialAction":[{"@type":"SearchAction","target":{"@type":"EntryPoint","urlTemplate":"https:\/\/teiaeducation.ch\/de\/?s={search_term_string}"},"query-input":{"@type":"PropertyValueSpecification","valueRequired":true,"valueName":"search_term_string"}}],"inLanguage":"de-CH"},{"@type":"Organization","@id":"https:\/\/teiaeducation.ch\/de\/#organization","name":"Teia Education & Play","url":"https:\/\/teiaeducation.ch\/de\/","logo":{"@type":"ImageObject","inLanguage":"de-CH","@id":"https:\/\/teiaeducation.ch\/de\/#\/schema\/logo\/image\/","url":"https:\/\/teiaeducation.ch\/wp-content\/uploads\/2020\/11\/Teia-Education-Switzerland-e1620156442216.jpg","contentUrl":"https:\/\/teiaeducation.ch\/wp-content\/uploads\/2020\/11\/Teia-Education-Switzerland-e1620156442216.jpg","width":166,"height":145,"caption":"Teia Education & Play"},"image":{"@id":"https:\/\/teiaeducation.ch\/de\/#\/schema\/logo\/image\/"},"sameAs":["https:\/\/www.facebook.com\/teiaeducation\/","https:\/\/x.com\/EducationTeia","https:\/\/www.instagram.com\/teia.education\/","https:\/\/www.linkedin.com\/company\/35501660","https:\/\/www.pinterest.ch\/TeiaEducation\/"]}]},"product_price_amount":"4.90","product_price_currency":"CHF","og_availability":"instock","product_availability":"instock","product_retailer_item_id":"00000000000000000000000000000000000000000000025988","product_condition":"new"},"_links":{"self":[{"href":"https:\/\/teiaeducation.ch\/de\/wp-json\/wp\/v2\/product\/48837","targetHints":{"allow":["GET"]}}],"collection":[{"href":"https:\/\/teiaeducation.ch\/de\/wp-json\/wp\/v2\/product"}],"about":[{"href":"https:\/\/teiaeducation.ch\/de\/wp-json\/wp\/v2\/types\/product"}],"replies":[{"embeddable":true,"href":"https:\/\/teiaeducation.ch\/de\/wp-json\/wp\/v2\/comments?post=48837"}],"wp:featuredmedia":[{"embeddable":true,"href":"https:\/\/teiaeducation.ch\/de\/wp-json\/wp\/v2\/media\/48925"}],"wp:attachment":[{"href":"https:\/\/teiaeducation.ch\/de\/wp-json\/wp\/v2\/media?parent=48837"}],"wp:term":[{"taxonomy":"product_brand","embeddable":true,"href":"https:\/\/teiaeducation.ch\/de\/wp-json\/wp\/v2\/product_brand?post=48837"},{"taxonomy":"product_cat","embeddable":true,"href":"https:\/\/teiaeducation.ch\/de\/wp-json\/wp\/v2\/product_cat?post=48837"},{"taxonomy":"product_tag","embeddable":true,"href":"https:\/\/teiaeducation.ch\/de\/wp-json\/wp\/v2\/product_tag?post=48837"}],"curies":[{"name":"wp","href":"https:\/\/api.w.org\/{rel}","templated":true}]}}