{"id":48840,"date":"2020-11-21T21:33:48","date_gmt":"2020-11-21T20:33:48","guid":{"rendered":"https:\/\/teiaeducation.ch\/product\/wooden-spinning-top-yellow-glueckskaefer\/"},"modified":"2024-10-28T09:39:20","modified_gmt":"2024-10-28T08:39:20","slug":"holz-kreisel-gelb-gluckskafer","status":"publish","type":"product","link":"https:\/\/teiaeducation.ch\/de\/produkt\/holz-kreisel-gelb-gluckskafer\/","title":{"rendered":"Holzkreisel in Gelb &#8211; Gl\u00fccksk\u00e4fer"},"content":{"rendered":"<p>Dieser sch\u00f6ne, handgefertigte Holzkreisel in der leuchtenden Farbe Gelb aus der Serie &#8220;Bunte Formen&#8221; von Gl\u00fccksk\u00e4fer ist ein herrlicher Klassiker f\u00fcr alle Altersgruppen und bietet unendlich viele <a href=\"https:\/\/teiaeducation.ch\/product-category\/play\/open-ended-play\/\">ergebnisoffenes<\/a>Spielm\u00f6glichkeiten mit offenem Ausgang. Kreisel sind eines der \u00e4ltesten erkennbaren <a href=\"https:\/\/teiaeducation.ch\/product-category\/hgh-quality-toys-play\/\">Spielzeuge<\/a> der Welt und bieten Kindern und Erwachsenen reichhaltige <a href=\"https:\/\/teiaeducation.ch\/product-category\/play\/sensory-play\/\">Sinnes<\/a>erfahrungen!<\/p>\n<p>Der Kreisel, der sich um seine vertikale Achse dreht, ist ein Spielzeug, das seit dem Altertum f\u00fcr einsame oder wetteifernde Kinderspiele verwendet wird. Ziel ist es, den Kreisel so lange wie m\u00f6glich aufrecht zu halten, nachdem er in Bewegung gesetzt wurde.<\/p>\n<p>Dieser taktile und sanft gerundete Kreisel misst 6 \u00d7 4 \u00d7 4 cm und wird bestimmt noch jahrelang Freude bereiten! Die Gl\u00fccksk\u00e4fer Holzkreisel gibt es in den Farben blau, gr\u00fcn, lila, orange, gelb und rot.<\/p>\n<p>Die farbenfrohen <a href=\"https:\/\/teiaeducation.ch\/product-category\/brands\/gluckskafer\/\">Gl\u00fccksk\u00e4fer<\/a> Holzspielzeuge sind ideal f\u00fcr das Spielen zu Hause, im Kindergarten, in der <a href=\"https:\/\/teiaeducation.ch\/product-category\/education-method\/waldorf-steiner-toys-craft-materials\/\">Waldorf<\/a>&#8211; oder Steinerschule. Sie sind nach der Waldorf Philosophie gefertigt, die daf\u00fcr bekannt ist, dass sie Kinder dazu ermutigen, das kreative Spiel unabh\u00e4ngig und ohne Grenzen zu entdecken. Der Holzkreisel wird von Hand mit ungiftigen Farben auf Wasserbasis bemalt und nicht lackiert, damit die urspr\u00fcnglichen Eigenschaften des Holzes und die Maserung erhalten bleiben.<\/p>\n<p>The Gl\u00fccksk\u00e4fer yellow wooden spinning top is suitable for children aged 3 years and up.<\/p>\n<p>Inhalt:<\/p>\n<p>1 Holz-Kreisel (6 \u00d7 4 \u00d7 4cm)<\/p>\n","protected":false},"excerpt":{"rendered":"<p>Artikelnummer: <span class=\"sku_wrapper\"><span class=\"sku\">525096<\/span><\/span><\/p>\n<p>Dieser sch\u00f6ne handgefertigte Holzkreisel in der leuchtenden Farbe Gelb von Gl\u00fccksk\u00e4fer ist ein herrlicher Klassiker f\u00fcr alle Altersgruppen und bietet stundenlangen Spielspa\u00df!<\/p>\n","protected":false},"featured_media":48928,"comment_status":"open","ping_status":"closed","template":"","meta":[],"product_brand":[],"product_cat":[21445,21446,21679,21690,21631,23075,21698,21443,22362,23636,21678,23133,21564],"product_tag":[23459,23463,23461,23465,23464,23466,22143,21712,23462,23460],"class_list":{"0":"post-48840","1":"product","2":"type-product","3":"status-publish","4":"has-post-thumbnail","6":"product_cat-3-6-jahre-vorschule","7":"product_cat-6-12-jahre-grundschule","8":"product_cat-aktiv-spielzeug","9":"product_cat-spiele-mit-offenem-ende","10":"product_cat-glueckskaefer","11":"product_cat-handgefertigtes-holzspielzeug","12":"product_cat-kreisel","13":"product_cat-nach-alter","14":"product_cat-saisonale-kollektionen","15":"product_cat-sommer-kollektion","16":"product_cat-kinder-spielzeug","17":"product_cat-spielzeug-fuer-draussen","18":"product_cat-unsere-marken","19":"product_tag-gluckskafer-de","20":"product_tag-gluckskafer-bunte-formen","21":"product_tag-gluckskafer-bunte-formen-aus-holz","22":"product_tag-gluckskafer-holzerne-bunte-formen","23":"product_tag-gluckskafer-schweiz-de","24":"product_tag-handgefertigter-holz-kreisel-gluckskafer","25":"product_tag-handgefertigtes-holzspielzeug-de","26":"product_tag-hergestellt-in-deutschland","27":"product_tag-waldorf-holzspielzeug","28":"product_tag-waldorfspielzeug-aus-holz-de","30":"first","31":"outofstock","32":"taxable","33":"shipping-taxable","34":"purchasable","35":"product-type-simple"},"yoast_head":"<!-- This site is optimized with the Yoast SEO Premium plugin v25.8 (Yoast SEO v27.4) - https:\/\/yoast.com\/product\/yoast-seo-premium-wordpress\/ -->\n<title>Holzkreisel: Gelb \u2013 Gl\u00fccksk\u00e4fer<\/title>\n<meta name=\"description\" content=\"Dieser sch\u00f6ne, handgefertigte Holzkreisel in Gelb von Gl\u00fccksk\u00e4fer bietet unendlich viele Spielm\u00f6glichkeiten mit offenem Ende!\" \/>\n<meta name=\"robots\" content=\"index, follow, max-snippet:-1, max-image-preview:large, max-video-preview:-1\" \/>\n<link rel=\"canonical\" href=\"https:\/\/teiaeducation.ch\/de\/produkt\/holz-kreisel-gelb-gluckskafer\/\" \/>\n<meta property=\"og:locale\" content=\"de_DE\" \/>\n<meta property=\"og:type\" content=\"article\" \/>\n<meta property=\"og:title\" content=\"Holzkreisel in Gelb - Gl\u00fccksk\u00e4fer\" \/>\n<meta property=\"og:description\" content=\"Dieser sch\u00f6ne, handgefertigte Holzkreisel in Gelb von Gl\u00fccksk\u00e4fer bietet unendlich viele Spielm\u00f6glichkeiten mit offenem Ende!\" \/>\n<meta property=\"og:url\" content=\"https:\/\/teiaeducation.ch\/de\/produkt\/holz-kreisel-gelb-gluckskafer\/\" \/>\n<meta property=\"og:site_name\" content=\"Sustainable Educational Products &amp; Ecological Toys\u00a0\" \/>\n<meta property=\"article:publisher\" content=\"https:\/\/www.facebook.com\/teiaeducation\/\" \/>\n<meta property=\"article:modified_time\" content=\"2024-10-28T08:39:20+00:00\" \/>\n<meta property=\"og:image\" content=\"https:\/\/teiaeducation.ch\/wp-content\/uploads\/2020\/11\/Wooden-Spinning-Top-Yellow-Gluckskafer.jpg\" \/>\n\t<meta property=\"og:image:width\" content=\"1169\" \/>\n\t<meta property=\"og:image:height\" content=\"1229\" \/>\n\t<meta property=\"og:image:type\" content=\"image\/jpeg\" \/>\n<script type=\"application\/ld+json\" class=\"yoast-schema-graph\">{\"@context\":\"https:\\\/\\\/schema.org\",\"@graph\":[{\"@type\":\"WebPage\",\"@id\":\"https:\\\/\\\/teiaeducation.ch\\\/de\\\/produkt\\\/holz-kreisel-gelb-gluckskafer\\\/\",\"url\":\"https:\\\/\\\/teiaeducation.ch\\\/de\\\/produkt\\\/holz-kreisel-gelb-gluckskafer\\\/\",\"name\":\"Holzkreisel: Gelb \u2013 Gl\u00fccksk\u00e4fer\",\"isPartOf\":{\"@id\":\"https:\\\/\\\/teiaeducation.ch\\\/de\\\/#website\"},\"primaryImageOfPage\":{\"@id\":\"https:\\\/\\\/teiaeducation.ch\\\/de\\\/produkt\\\/holz-kreisel-gelb-gluckskafer\\\/#primaryimage\"},\"image\":{\"@id\":\"https:\\\/\\\/teiaeducation.ch\\\/de\\\/produkt\\\/holz-kreisel-gelb-gluckskafer\\\/#primaryimage\"},\"thumbnailUrl\":\"https:\\\/\\\/teiaeducation.ch\\\/wp-content\\\/uploads\\\/2020\\\/11\\\/Wooden-Spinning-Top-Yellow-Gluckskafer.jpg\",\"datePublished\":\"2020-11-21T20:33:48+00:00\",\"dateModified\":\"2024-10-28T08:39:20+00:00\",\"description\":\"Dieser sch\u00f6ne, handgefertigte Holzkreisel in Gelb von Gl\u00fccksk\u00e4fer bietet unendlich viele Spielm\u00f6glichkeiten mit offenem Ende!\",\"breadcrumb\":{\"@id\":\"https:\\\/\\\/teiaeducation.ch\\\/de\\\/produkt\\\/holz-kreisel-gelb-gluckskafer\\\/#breadcrumb\"},\"inLanguage\":\"de-CH\",\"potentialAction\":[{\"@type\":\"ReadAction\",\"target\":[\"https:\\\/\\\/teiaeducation.ch\\\/de\\\/produkt\\\/holz-kreisel-gelb-gluckskafer\\\/\"]}]},{\"@type\":\"ImageObject\",\"inLanguage\":\"de-CH\",\"@id\":\"https:\\\/\\\/teiaeducation.ch\\\/de\\\/produkt\\\/holz-kreisel-gelb-gluckskafer\\\/#primaryimage\",\"url\":\"https:\\\/\\\/teiaeducation.ch\\\/wp-content\\\/uploads\\\/2020\\\/11\\\/Wooden-Spinning-Top-Yellow-Gluckskafer.jpg\",\"contentUrl\":\"https:\\\/\\\/teiaeducation.ch\\\/wp-content\\\/uploads\\\/2020\\\/11\\\/Wooden-Spinning-Top-Yellow-Gluckskafer.jpg\",\"width\":1169,\"height\":1229,\"caption\":\"Holzkreisel Gelb \\\/ Handgefertigter Holzkreisel Spielzeug - Gl\u00fccksk\u00e4fer\"},{\"@type\":\"BreadcrumbList\",\"@id\":\"https:\\\/\\\/teiaeducation.ch\\\/de\\\/produkt\\\/holz-kreisel-gelb-gluckskafer\\\/#breadcrumb\",\"itemListElement\":[{\"@type\":\"ListItem\",\"position\":1,\"name\":\"Home\",\"item\":\"https:\\\/\\\/teiaeducation.ch\\\/de\\\/\"},{\"@type\":\"ListItem\",\"position\":2,\"name\":\"Laden\",\"item\":\"https:\\\/\\\/teiaeducation.ch\\\/de\\\/shop\\\/\"},{\"@type\":\"ListItem\",\"position\":3,\"name\":\"Unsere Marken\",\"item\":\"https:\\\/\\\/teiaeducation.ch\\\/de\\\/produkt-kategorie\\\/unsere-marken\\\/\"},{\"@type\":\"ListItem\",\"position\":4,\"name\":\"Gl\u00fccksk\u00e4fer\",\"item\":\"https:\\\/\\\/teiaeducation.ch\\\/de\\\/produkt-kategorie\\\/unsere-marken\\\/glueckskaefer\\\/\"},{\"@type\":\"ListItem\",\"position\":5,\"name\":\"Holzkreisel in Gelb &#8211; Gl\u00fccksk\u00e4fer\"}]},{\"@type\":\"WebSite\",\"@id\":\"https:\\\/\\\/teiaeducation.ch\\\/de\\\/#website\",\"url\":\"https:\\\/\\\/teiaeducation.ch\\\/de\\\/\",\"name\":\"Sustainable Educational Products &amp; Ecological Toys\u00a0\",\"description\":\"Specialised Swiss shop selling sustainable educational toys and games, AMI certified Montessori materials, handmade ecological wooden Waldorf toys and arts &amp; crafts supplies, school supplies, children&#039;s furniture and Montessori reference and parenting books.\",\"publisher\":{\"@id\":\"https:\\\/\\\/teiaeducation.ch\\\/de\\\/#organization\"},\"alternateName\":\"Teia Education & Play\",\"potentialAction\":[{\"@type\":\"SearchAction\",\"target\":{\"@type\":\"EntryPoint\",\"urlTemplate\":\"https:\\\/\\\/teiaeducation.ch\\\/de\\\/?s={search_term_string}\"},\"query-input\":{\"@type\":\"PropertyValueSpecification\",\"valueRequired\":true,\"valueName\":\"search_term_string\"}}],\"inLanguage\":\"de-CH\"},{\"@type\":\"Organization\",\"@id\":\"https:\\\/\\\/teiaeducation.ch\\\/de\\\/#organization\",\"name\":\"Teia Education & Play\",\"url\":\"https:\\\/\\\/teiaeducation.ch\\\/de\\\/\",\"logo\":{\"@type\":\"ImageObject\",\"inLanguage\":\"de-CH\",\"@id\":\"https:\\\/\\\/teiaeducation.ch\\\/de\\\/#\\\/schema\\\/logo\\\/image\\\/\",\"url\":\"https:\\\/\\\/teiaeducation.ch\\\/wp-content\\\/uploads\\\/2020\\\/11\\\/Teia-Education-Switzerland-e1620156442216.jpg\",\"contentUrl\":\"https:\\\/\\\/teiaeducation.ch\\\/wp-content\\\/uploads\\\/2020\\\/11\\\/Teia-Education-Switzerland-e1620156442216.jpg\",\"width\":166,\"height\":145,\"caption\":\"Teia Education & Play\"},\"image\":{\"@id\":\"https:\\\/\\\/teiaeducation.ch\\\/de\\\/#\\\/schema\\\/logo\\\/image\\\/\"},\"sameAs\":[\"https:\\\/\\\/www.facebook.com\\\/teiaeducation\\\/\",\"https:\\\/\\\/x.com\\\/EducationTeia\",\"https:\\\/\\\/www.instagram.com\\\/teia.education\\\/\",\"https:\\\/\\\/www.linkedin.com\\\/company\\\/35501660\",\"https:\\\/\\\/www.pinterest.ch\\\/TeiaEducation\\\/\"]}]}<\/script>\n<meta property=\"product:price:amount\" content=\"4.90\" \/>\n<meta property=\"product:price:currency\" content=\"CHF\" \/>\n<meta property=\"og:availability\" content=\"out of stock\" \/>\n<meta property=\"product:availability\" content=\"out of stock\" \/>\n<meta property=\"product:retailer_item_id\" content=\"00000000000000000000000000000000000000000000025987\" \/>\n<meta property=\"product:condition\" content=\"new\" \/>\n<!-- \/ Yoast SEO Premium plugin. -->","yoast_head_json":{"title":"Holzkreisel: Gelb \u2013 Gl\u00fccksk\u00e4fer","description":"Dieser sch\u00f6ne, handgefertigte Holzkreisel in Gelb von Gl\u00fccksk\u00e4fer bietet unendlich viele Spielm\u00f6glichkeiten mit offenem Ende!","robots":{"index":"index","follow":"follow","max-snippet":"max-snippet:-1","max-image-preview":"max-image-preview:large","max-video-preview":"max-video-preview:-1"},"canonical":"https:\/\/teiaeducation.ch\/de\/produkt\/holz-kreisel-gelb-gluckskafer\/","og_locale":"de_DE","og_type":"article","og_title":"Holzkreisel in Gelb - Gl\u00fccksk\u00e4fer","og_description":"Dieser sch\u00f6ne, handgefertigte Holzkreisel in Gelb von Gl\u00fccksk\u00e4fer bietet unendlich viele Spielm\u00f6glichkeiten mit offenem Ende!","og_url":"https:\/\/teiaeducation.ch\/de\/produkt\/holz-kreisel-gelb-gluckskafer\/","og_site_name":"Sustainable Educational Products &amp; Ecological Toys\u00a0","article_publisher":"https:\/\/www.facebook.com\/teiaeducation\/","article_modified_time":"2024-10-28T08:39:20+00:00","og_image":[{"width":1169,"height":1229,"url":"https:\/\/teiaeducation.ch\/wp-content\/uploads\/2020\/11\/Wooden-Spinning-Top-Yellow-Gluckskafer.jpg","type":"image\/jpeg"}],"schema":{"@context":"https:\/\/schema.org","@graph":[{"@type":"WebPage","@id":"https:\/\/teiaeducation.ch\/de\/produkt\/holz-kreisel-gelb-gluckskafer\/","url":"https:\/\/teiaeducation.ch\/de\/produkt\/holz-kreisel-gelb-gluckskafer\/","name":"Holzkreisel: Gelb \u2013 Gl\u00fccksk\u00e4fer","isPartOf":{"@id":"https:\/\/teiaeducation.ch\/de\/#website"},"primaryImageOfPage":{"@id":"https:\/\/teiaeducation.ch\/de\/produkt\/holz-kreisel-gelb-gluckskafer\/#primaryimage"},"image":{"@id":"https:\/\/teiaeducation.ch\/de\/produkt\/holz-kreisel-gelb-gluckskafer\/#primaryimage"},"thumbnailUrl":"https:\/\/teiaeducation.ch\/wp-content\/uploads\/2020\/11\/Wooden-Spinning-Top-Yellow-Gluckskafer.jpg","datePublished":"2020-11-21T20:33:48+00:00","dateModified":"2024-10-28T08:39:20+00:00","description":"Dieser sch\u00f6ne, handgefertigte Holzkreisel in Gelb von Gl\u00fccksk\u00e4fer bietet unendlich viele Spielm\u00f6glichkeiten mit offenem Ende!","breadcrumb":{"@id":"https:\/\/teiaeducation.ch\/de\/produkt\/holz-kreisel-gelb-gluckskafer\/#breadcrumb"},"inLanguage":"de-CH","potentialAction":[{"@type":"ReadAction","target":["https:\/\/teiaeducation.ch\/de\/produkt\/holz-kreisel-gelb-gluckskafer\/"]}]},{"@type":"ImageObject","inLanguage":"de-CH","@id":"https:\/\/teiaeducation.ch\/de\/produkt\/holz-kreisel-gelb-gluckskafer\/#primaryimage","url":"https:\/\/teiaeducation.ch\/wp-content\/uploads\/2020\/11\/Wooden-Spinning-Top-Yellow-Gluckskafer.jpg","contentUrl":"https:\/\/teiaeducation.ch\/wp-content\/uploads\/2020\/11\/Wooden-Spinning-Top-Yellow-Gluckskafer.jpg","width":1169,"height":1229,"caption":"Holzkreisel Gelb \/ Handgefertigter Holzkreisel Spielzeug - Gl\u00fccksk\u00e4fer"},{"@type":"BreadcrumbList","@id":"https:\/\/teiaeducation.ch\/de\/produkt\/holz-kreisel-gelb-gluckskafer\/#breadcrumb","itemListElement":[{"@type":"ListItem","position":1,"name":"Home","item":"https:\/\/teiaeducation.ch\/de\/"},{"@type":"ListItem","position":2,"name":"Laden","item":"https:\/\/teiaeducation.ch\/de\/shop\/"},{"@type":"ListItem","position":3,"name":"Unsere Marken","item":"https:\/\/teiaeducation.ch\/de\/produkt-kategorie\/unsere-marken\/"},{"@type":"ListItem","position":4,"name":"Gl\u00fccksk\u00e4fer","item":"https:\/\/teiaeducation.ch\/de\/produkt-kategorie\/unsere-marken\/glueckskaefer\/"},{"@type":"ListItem","position":5,"name":"Holzkreisel in Gelb &#8211; Gl\u00fccksk\u00e4fer"}]},{"@type":"WebSite","@id":"https:\/\/teiaeducation.ch\/de\/#website","url":"https:\/\/teiaeducation.ch\/de\/","name":"Sustainable Educational Products &amp; Ecological Toys\u00a0","description":"Specialised Swiss shop selling sustainable educational toys and games, AMI certified Montessori materials, handmade ecological wooden Waldorf toys and arts &amp; crafts supplies, school supplies, children&#039;s furniture and Montessori reference and parenting books.","publisher":{"@id":"https:\/\/teiaeducation.ch\/de\/#organization"},"alternateName":"Teia Education & Play","potentialAction":[{"@type":"SearchAction","target":{"@type":"EntryPoint","urlTemplate":"https:\/\/teiaeducation.ch\/de\/?s={search_term_string}"},"query-input":{"@type":"PropertyValueSpecification","valueRequired":true,"valueName":"search_term_string"}}],"inLanguage":"de-CH"},{"@type":"Organization","@id":"https:\/\/teiaeducation.ch\/de\/#organization","name":"Teia Education & Play","url":"https:\/\/teiaeducation.ch\/de\/","logo":{"@type":"ImageObject","inLanguage":"de-CH","@id":"https:\/\/teiaeducation.ch\/de\/#\/schema\/logo\/image\/","url":"https:\/\/teiaeducation.ch\/wp-content\/uploads\/2020\/11\/Teia-Education-Switzerland-e1620156442216.jpg","contentUrl":"https:\/\/teiaeducation.ch\/wp-content\/uploads\/2020\/11\/Teia-Education-Switzerland-e1620156442216.jpg","width":166,"height":145,"caption":"Teia Education & Play"},"image":{"@id":"https:\/\/teiaeducation.ch\/de\/#\/schema\/logo\/image\/"},"sameAs":["https:\/\/www.facebook.com\/teiaeducation\/","https:\/\/x.com\/EducationTeia","https:\/\/www.instagram.com\/teia.education\/","https:\/\/www.linkedin.com\/company\/35501660","https:\/\/www.pinterest.ch\/TeiaEducation\/"]}]},"product_price_amount":"4.90","product_price_currency":"CHF","og_availability":"out of stock","product_availability":"out of stock","product_retailer_item_id":"00000000000000000000000000000000000000000000025987","product_condition":"new"},"_links":{"self":[{"href":"https:\/\/teiaeducation.ch\/de\/wp-json\/wp\/v2\/product\/48840","targetHints":{"allow":["GET"]}}],"collection":[{"href":"https:\/\/teiaeducation.ch\/de\/wp-json\/wp\/v2\/product"}],"about":[{"href":"https:\/\/teiaeducation.ch\/de\/wp-json\/wp\/v2\/types\/product"}],"replies":[{"embeddable":true,"href":"https:\/\/teiaeducation.ch\/de\/wp-json\/wp\/v2\/comments?post=48840"}],"wp:featuredmedia":[{"embeddable":true,"href":"https:\/\/teiaeducation.ch\/de\/wp-json\/wp\/v2\/media\/48928"}],"wp:attachment":[{"href":"https:\/\/teiaeducation.ch\/de\/wp-json\/wp\/v2\/media?parent=48840"}],"wp:term":[{"taxonomy":"product_brand","embeddable":true,"href":"https:\/\/teiaeducation.ch\/de\/wp-json\/wp\/v2\/product_brand?post=48840"},{"taxonomy":"product_cat","embeddable":true,"href":"https:\/\/teiaeducation.ch\/de\/wp-json\/wp\/v2\/product_cat?post=48840"},{"taxonomy":"product_tag","embeddable":true,"href":"https:\/\/teiaeducation.ch\/de\/wp-json\/wp\/v2\/product_tag?post=48840"}],"curies":[{"name":"wp","href":"https:\/\/api.w.org\/{rel}","templated":true}]}}