{"id":48862,"date":"2021-10-02T13:30:13","date_gmt":"2021-10-02T11:30:13","guid":{"rendered":"https:\/\/teiaeducation.ch\/product\/daeumelinchen-hans-christian-andersen-brad-sneed\/"},"modified":"2024-05-23T13:36:01","modified_gmt":"2024-05-23T11:36:01","slug":"daumelinchen-hans-christian-andersen-brad-sneed","status":"publish","type":"product","link":"https:\/\/teiaeducation.ch\/de\/produkt\/daumelinchen-hans-christian-andersen-brad-sneed\/","title":{"rendered":"D\u00e4umelinchen &#8211; Hans Christian Andersen \/ Brad Sneed"},"content":{"rendered":"<p>Jung und Alt werden werden Brad Sneeds liebevolle Neuadaption des klassischen Geschichtenbuch f\u00fcr Kinder\u00a0D\u00e4umelinchen des weltber\u00fchmten d\u00e4nischen Schriftsteller Hans Christian Andersen lieben!<\/p>\n<p>Erleben Sie die Abenteuer der mutigen Miniaturheldin D\u00e4umelinchen in diesem klassischen <a href=\"https:\/\/teiaeducation.ch\/de\/produkt-kategorie\/kinderbuecher\/geschichtenbuecher\/\">Geschichtenbuch<\/a> f\u00fcr Kinder. Es ist nicht leicht, klein zu sein. Nachdem sie aus einer feuerroten Blume geboren und von vielen Verehrern entf\u00fchrt und verfolgt wurde, darunter eine schreckliche Kr\u00f6te, ein tollpatschiger K\u00e4fer und ein m\u00fcrrischer Maulwurf, findet D\u00e4umelinchen schlie\u00dflich eine wahre Liebe, die genau zu ihr passt.<\/p>\n<p>Die detailreichen Aquarelle von Brad Sneed illustrieren die beliebte Geschichte, die <a href=\"https:\/\/teiaeducation.ch\/de\/produkt-kategorie\/kinder-spielzeug\/tiere-bauernhoefe\/\">Tiere<\/a> und die <a href=\"https:\/\/teiaeducation.ch\/de\/produkt-kategorie\/kinder-spielzeug\/naturspiel\/\">nat\u00fcrliche Welt<\/a> mit bemerkenswertem Realismus und Lebendigkeit.<\/p>\n<p>Eine wunderbare Geschichte, die die Fantasie der Kinder anregt und in jedes B\u00fccherregal passt, ob zu Hause oder in der Schule.<\/p>\n<p>D\u00e4umelinchen von Hans Christian Anderson und Brad Sneed ist ein wundersch\u00f6nes, farbiges, gebundenes <a href=\"https:\/\/teiaeducation.ch\/de\/produkt-kategorie\/kinderbuecher\/\">Kinderbuch<\/a>. Das Buch wurde 2004 auf Englisch von <a href=\"https:\/\/teiaeducation.ch\/product-category\/brands\/random-house-n-y\/\">Random House<\/a> N.Y. ver\u00f6ffentlicht. Es hat 40 Seiten und misst 22,3 x 28,5 cm.<\/p>\n<p><a href=\"https:\/\/www.visitcopenhagen.com\/copenhagen\/activities\/hans-christian-andersens-copenhagen\">Hans Christian Andersen<\/a> (1805-75) wurde im d\u00e4nischen Odense als Sohn eines armen Schuhmachers geboren, der jedoch ein gro\u00dfer Leser war, ein <a href=\"https:\/\/teiaeducation.ch\/de\/produkt-kategorie\/kinder-spielzeug\/\">Spielzeug<\/a>-Theater f\u00fcr seinen Sohn baute und ihm beibrachte, jedes Naturwunder zu bemerken, wenn sie sonntags zusammen im Wald spazieren gingen. Sein Vater starb, als er elf Jahre alt war, und erst sechs Jahre sp\u00e4ter konnte er mit Hilfe eines M\u00e4zens endlich eine staatliche Sekundarschule besuchen, eine Ausbildung machen und war fest entschlossen, Schriftsteller zu werden.<\/p>\n<p>Hans Christian Andersen publizierte seinen ersten Roman und seine ersten Geschichten im Jahr 1835; danach schrieb er \u00fcber 150 weitere dieser Geschichten, die in vielen Sprachen zu Klassikern geworden sind. Obwohl er sich mit seinen Geschichten urspr\u00fcnglich an Kinder wandte (und manche behaupten, er habe eine kindliche Ader gehabt), bestand er darauf, dass sie &#8220;f\u00fcr alle Altersgruppen&#8221; seien, und die Sanftheit und der Humor, die sie auszeichnen, sind f\u00fcr jedermann erkennbar.<\/p>\n<p>Inhalt:<\/p>\n<p>1 gebundenes Buch auf Englisch, 40 Seiten.<\/p>\n","protected":false},"excerpt":{"rendered":"<p>Artikelnummer: 9106884<\/p>\n<p>Das Buch D\u00e4umelinchen von Hans Christian Andersen in der Bearbeitung von Brad Sneed ist ein wundersch\u00f6n klassischen Geschichtenbuch f\u00fcr Kinder<\/p>\n","protected":false},"featured_media":53498,"comment_status":"open","ping_status":"closed","template":"","meta":[],"product_brand":[],"product_cat":[21445,21446,21479,21489,21484,21473,21466,21443,21563,21658,21564,24314,21483],"product_tag":[23485,23488,23487,23483,23484,23489,23482,23486,23481,23480],"class_list":{"0":"post-48862","1":"product","2":"type-product","3":"status-publish","4":"has-post-thumbnail","6":"product_cat-3-6-jahre-vorschule","7":"product_cat-6-12-jahre-grundschule","8":"product_cat-lernmaterialien-spielzeug-montessori-waldorf-steiner-froebel","9":"product_cat-geschenk-guide-buecher","10":"product_cat-geschenk-guides","11":"product_cat-geschichtenbuecher","12":"product_cat-kinderbuecher","13":"product_cat-nach-alter","14":"product_cat-neuheiten","15":"product_cat-random-house-n-y-buecher","16":"product_cat-unsere-marken","17":"product_cat-valentinstag","18":"product_cat-waldorf-steiner-paedagogik","19":"product_tag-buch-daumelinchen","20":"product_tag-buch-daumelinchen-brad-sneed","21":"product_tag-buch-daumelinchen-hans-christian-andersen","22":"product_tag-daumelinchen","23":"product_tag-daumelinchen-brad-sneed","24":"product_tag-daumelinchen-klassisches-kindermarchenbuch","25":"product_tag-geschichtenbucher-fur-kinder-schweiz","26":"product_tag-marchen-fur-kinder","27":"product_tag-waldorf-geschichten","28":"product_tag-waldorf-kinderbucher","30":"first","31":"instock","32":"taxable","33":"shipping-taxable","34":"purchasable","35":"product-type-simple"},"yoast_head":"<!-- This site is optimized with the Yoast SEO plugin v27.3 - https:\/\/yoast.com\/product\/yoast-seo-wordpress\/ -->\n<title>Buch D\u00e4umelinchen Hans Christian Andersen - bearbeitet von Brad Sneed<\/title>\n<meta name=\"description\" content=\"Das Buch D\u00e4umelinchen von Hans Christian Andersen in der Bearbeitung von Brad Sneed ist ein wundersch\u00f6n klassischen Geschichtenbuch f\u00fcr Kinder\" \/>\n<meta name=\"robots\" content=\"index, follow, max-snippet:-1, max-image-preview:large, max-video-preview:-1\" \/>\n<link rel=\"canonical\" href=\"https:\/\/teiaeducation.ch\/de\/produkt\/daumelinchen-hans-christian-andersen-brad-sneed\/\" \/>\n<meta property=\"og:locale\" content=\"de_DE\" \/>\n<meta property=\"og:type\" content=\"article\" \/>\n<meta property=\"og:title\" content=\"Buch D\u00e4umelinchen Hans Christian Andersen - bearbeitet von Brad Sneed\" \/>\n<meta property=\"og:description\" content=\"Das Buch D\u00e4umelinchen von Hans Christian Andersen in der Bearbeitung von Brad Sneed ist ein wundersch\u00f6n klassischen Geschichtenbuch f\u00fcr Kinder\" \/>\n<meta property=\"og:url\" content=\"https:\/\/teiaeducation.ch\/de\/produkt\/daumelinchen-hans-christian-andersen-brad-sneed\/\" \/>\n<meta property=\"og:site_name\" content=\"Sustainable Educational Products &amp; Ecological Toys\u00a0\" \/>\n<meta property=\"article:publisher\" content=\"https:\/\/www.facebook.com\/teiaeducation\/\" \/>\n<meta property=\"article:modified_time\" content=\"2024-05-23T11:36:01+00:00\" \/>\n<meta property=\"og:image\" content=\"https:\/\/teiaeducation.ch\/wp-content\/uploads\/2021\/10\/Thumbelina-Hans-Christian-Anderson-Brad-Sneed-1.jpg\" \/>\n\t<meta property=\"og:image:width\" content=\"1106\" \/>\n\t<meta property=\"og:image:height\" content=\"1307\" \/>\n\t<meta property=\"og:image:type\" content=\"image\/jpeg\" \/>\n<script type=\"application\/ld+json\" class=\"yoast-schema-graph\">{\"@context\":\"https:\\\/\\\/schema.org\",\"@graph\":[{\"@type\":\"WebPage\",\"@id\":\"https:\\\/\\\/teiaeducation.ch\\\/de\\\/produkt\\\/daumelinchen-hans-christian-andersen-brad-sneed\\\/\",\"url\":\"https:\\\/\\\/teiaeducation.ch\\\/de\\\/produkt\\\/daumelinchen-hans-christian-andersen-brad-sneed\\\/\",\"name\":\"Buch D\u00e4umelinchen Hans Christian Andersen - bearbeitet von Brad Sneed\",\"isPartOf\":{\"@id\":\"https:\\\/\\\/teiaeducation.ch\\\/de\\\/#website\"},\"primaryImageOfPage\":{\"@id\":\"https:\\\/\\\/teiaeducation.ch\\\/de\\\/produkt\\\/daumelinchen-hans-christian-andersen-brad-sneed\\\/#primaryimage\"},\"image\":{\"@id\":\"https:\\\/\\\/teiaeducation.ch\\\/de\\\/produkt\\\/daumelinchen-hans-christian-andersen-brad-sneed\\\/#primaryimage\"},\"thumbnailUrl\":\"https:\\\/\\\/teiaeducation.ch\\\/wp-content\\\/uploads\\\/2021\\\/10\\\/Thumbelina-Hans-Christian-Anderson-Brad-Sneed-1.jpg\",\"datePublished\":\"2021-10-02T11:30:13+00:00\",\"dateModified\":\"2024-05-23T11:36:01+00:00\",\"description\":\"Das Buch D\u00e4umelinchen von Hans Christian Andersen in der Bearbeitung von Brad Sneed ist ein wundersch\u00f6n klassischen Geschichtenbuch f\u00fcr Kinder\",\"breadcrumb\":{\"@id\":\"https:\\\/\\\/teiaeducation.ch\\\/de\\\/produkt\\\/daumelinchen-hans-christian-andersen-brad-sneed\\\/#breadcrumb\"},\"inLanguage\":\"de-CH\",\"potentialAction\":[{\"@type\":\"ReadAction\",\"target\":[\"https:\\\/\\\/teiaeducation.ch\\\/de\\\/produkt\\\/daumelinchen-hans-christian-andersen-brad-sneed\\\/\"]}]},{\"@type\":\"ImageObject\",\"inLanguage\":\"de-CH\",\"@id\":\"https:\\\/\\\/teiaeducation.ch\\\/de\\\/produkt\\\/daumelinchen-hans-christian-andersen-brad-sneed\\\/#primaryimage\",\"url\":\"https:\\\/\\\/teiaeducation.ch\\\/wp-content\\\/uploads\\\/2021\\\/10\\\/Thumbelina-Hans-Christian-Anderson-Brad-Sneed-1.jpg\",\"contentUrl\":\"https:\\\/\\\/teiaeducation.ch\\\/wp-content\\\/uploads\\\/2021\\\/10\\\/Thumbelina-Hans-Christian-Anderson-Brad-Sneed-1.jpg\",\"width\":1106,\"height\":1307,\"caption\":\"Thumbelina Hans Christian Anderson Brad Sneed\"},{\"@type\":\"BreadcrumbList\",\"@id\":\"https:\\\/\\\/teiaeducation.ch\\\/de\\\/produkt\\\/daumelinchen-hans-christian-andersen-brad-sneed\\\/#breadcrumb\",\"itemListElement\":[{\"@type\":\"ListItem\",\"position\":1,\"name\":\"Home\",\"item\":\"https:\\\/\\\/teiaeducation.ch\\\/de\\\/\"},{\"@type\":\"ListItem\",\"position\":2,\"name\":\"Laden\",\"item\":\"https:\\\/\\\/teiaeducation.ch\\\/de\\\/shop\\\/\"},{\"@type\":\"ListItem\",\"position\":3,\"name\":\"Unsere Marken\",\"item\":\"https:\\\/\\\/teiaeducation.ch\\\/de\\\/produkt-kategorie\\\/unsere-marken\\\/\"},{\"@type\":\"ListItem\",\"position\":4,\"name\":\"Random House N.Y. B\u00fccher\",\"item\":\"https:\\\/\\\/teiaeducation.ch\\\/de\\\/produkt-kategorie\\\/unsere-marken\\\/random-house-n-y-buecher\\\/\"},{\"@type\":\"ListItem\",\"position\":5,\"name\":\"D\u00e4umelinchen &#8211; Hans Christian Andersen \\\/ Brad Sneed\"}]},{\"@type\":\"WebSite\",\"@id\":\"https:\\\/\\\/teiaeducation.ch\\\/de\\\/#website\",\"url\":\"https:\\\/\\\/teiaeducation.ch\\\/de\\\/\",\"name\":\"Sustainable Educational Products &amp; Ecological Toys\u00a0\",\"description\":\"Specialised Swiss shop selling sustainable educational toys and games, AMI certified Montessori materials, handmade ecological wooden Waldorf toys and arts &amp; crafts supplies, school supplies, children&#039;s furniture and Montessori reference and parenting books.\",\"publisher\":{\"@id\":\"https:\\\/\\\/teiaeducation.ch\\\/de\\\/#organization\"},\"alternateName\":\"Teia Education & Play\",\"potentialAction\":[{\"@type\":\"SearchAction\",\"target\":{\"@type\":\"EntryPoint\",\"urlTemplate\":\"https:\\\/\\\/teiaeducation.ch\\\/de\\\/?s={search_term_string}\"},\"query-input\":{\"@type\":\"PropertyValueSpecification\",\"valueRequired\":true,\"valueName\":\"search_term_string\"}}],\"inLanguage\":\"de-CH\"},{\"@type\":\"Organization\",\"@id\":\"https:\\\/\\\/teiaeducation.ch\\\/de\\\/#organization\",\"name\":\"Teia Education & Play\",\"url\":\"https:\\\/\\\/teiaeducation.ch\\\/de\\\/\",\"logo\":{\"@type\":\"ImageObject\",\"inLanguage\":\"de-CH\",\"@id\":\"https:\\\/\\\/teiaeducation.ch\\\/de\\\/#\\\/schema\\\/logo\\\/image\\\/\",\"url\":\"https:\\\/\\\/teiaeducation.ch\\\/wp-content\\\/uploads\\\/2020\\\/11\\\/Teia-Education-Switzerland-e1620156442216.jpg\",\"contentUrl\":\"https:\\\/\\\/teiaeducation.ch\\\/wp-content\\\/uploads\\\/2020\\\/11\\\/Teia-Education-Switzerland-e1620156442216.jpg\",\"width\":166,\"height\":145,\"caption\":\"Teia Education & Play\"},\"image\":{\"@id\":\"https:\\\/\\\/teiaeducation.ch\\\/de\\\/#\\\/schema\\\/logo\\\/image\\\/\"},\"sameAs\":[\"https:\\\/\\\/www.facebook.com\\\/teiaeducation\\\/\",\"https:\\\/\\\/x.com\\\/EducationTeia\",\"https:\\\/\\\/www.instagram.com\\\/teia.education\\\/\",\"https:\\\/\\\/www.linkedin.com\\\/company\\\/35501660\",\"https:\\\/\\\/www.pinterest.ch\\\/TeiaEducation\\\/\"]}]}<\/script>\n<!-- \/ Yoast SEO plugin. -->","yoast_head_json":{"title":"Buch D\u00e4umelinchen Hans Christian Andersen - bearbeitet von Brad Sneed","description":"Das Buch D\u00e4umelinchen von Hans Christian Andersen in der Bearbeitung von Brad Sneed ist ein wundersch\u00f6n klassischen Geschichtenbuch f\u00fcr Kinder","robots":{"index":"index","follow":"follow","max-snippet":"max-snippet:-1","max-image-preview":"max-image-preview:large","max-video-preview":"max-video-preview:-1"},"canonical":"https:\/\/teiaeducation.ch\/de\/produkt\/daumelinchen-hans-christian-andersen-brad-sneed\/","og_locale":"de_DE","og_type":"article","og_title":"Buch D\u00e4umelinchen Hans Christian Andersen - bearbeitet von Brad Sneed","og_description":"Das Buch D\u00e4umelinchen von Hans Christian Andersen in der Bearbeitung von Brad Sneed ist ein wundersch\u00f6n klassischen Geschichtenbuch f\u00fcr Kinder","og_url":"https:\/\/teiaeducation.ch\/de\/produkt\/daumelinchen-hans-christian-andersen-brad-sneed\/","og_site_name":"Sustainable Educational Products &amp; Ecological Toys\u00a0","article_publisher":"https:\/\/www.facebook.com\/teiaeducation\/","article_modified_time":"2024-05-23T11:36:01+00:00","og_image":[{"width":1106,"height":1307,"url":"https:\/\/teiaeducation.ch\/wp-content\/uploads\/2021\/10\/Thumbelina-Hans-Christian-Anderson-Brad-Sneed-1.jpg","type":"image\/jpeg"}],"schema":{"@context":"https:\/\/schema.org","@graph":[{"@type":"WebPage","@id":"https:\/\/teiaeducation.ch\/de\/produkt\/daumelinchen-hans-christian-andersen-brad-sneed\/","url":"https:\/\/teiaeducation.ch\/de\/produkt\/daumelinchen-hans-christian-andersen-brad-sneed\/","name":"Buch D\u00e4umelinchen Hans Christian Andersen - bearbeitet von Brad Sneed","isPartOf":{"@id":"https:\/\/teiaeducation.ch\/de\/#website"},"primaryImageOfPage":{"@id":"https:\/\/teiaeducation.ch\/de\/produkt\/daumelinchen-hans-christian-andersen-brad-sneed\/#primaryimage"},"image":{"@id":"https:\/\/teiaeducation.ch\/de\/produkt\/daumelinchen-hans-christian-andersen-brad-sneed\/#primaryimage"},"thumbnailUrl":"https:\/\/teiaeducation.ch\/wp-content\/uploads\/2021\/10\/Thumbelina-Hans-Christian-Anderson-Brad-Sneed-1.jpg","datePublished":"2021-10-02T11:30:13+00:00","dateModified":"2024-05-23T11:36:01+00:00","description":"Das Buch D\u00e4umelinchen von Hans Christian Andersen in der Bearbeitung von Brad Sneed ist ein wundersch\u00f6n klassischen Geschichtenbuch f\u00fcr Kinder","breadcrumb":{"@id":"https:\/\/teiaeducation.ch\/de\/produkt\/daumelinchen-hans-christian-andersen-brad-sneed\/#breadcrumb"},"inLanguage":"de-CH","potentialAction":[{"@type":"ReadAction","target":["https:\/\/teiaeducation.ch\/de\/produkt\/daumelinchen-hans-christian-andersen-brad-sneed\/"]}]},{"@type":"ImageObject","inLanguage":"de-CH","@id":"https:\/\/teiaeducation.ch\/de\/produkt\/daumelinchen-hans-christian-andersen-brad-sneed\/#primaryimage","url":"https:\/\/teiaeducation.ch\/wp-content\/uploads\/2021\/10\/Thumbelina-Hans-Christian-Anderson-Brad-Sneed-1.jpg","contentUrl":"https:\/\/teiaeducation.ch\/wp-content\/uploads\/2021\/10\/Thumbelina-Hans-Christian-Anderson-Brad-Sneed-1.jpg","width":1106,"height":1307,"caption":"Thumbelina Hans Christian Anderson Brad Sneed"},{"@type":"BreadcrumbList","@id":"https:\/\/teiaeducation.ch\/de\/produkt\/daumelinchen-hans-christian-andersen-brad-sneed\/#breadcrumb","itemListElement":[{"@type":"ListItem","position":1,"name":"Home","item":"https:\/\/teiaeducation.ch\/de\/"},{"@type":"ListItem","position":2,"name":"Laden","item":"https:\/\/teiaeducation.ch\/de\/shop\/"},{"@type":"ListItem","position":3,"name":"Unsere Marken","item":"https:\/\/teiaeducation.ch\/de\/produkt-kategorie\/unsere-marken\/"},{"@type":"ListItem","position":4,"name":"Random House N.Y. B\u00fccher","item":"https:\/\/teiaeducation.ch\/de\/produkt-kategorie\/unsere-marken\/random-house-n-y-buecher\/"},{"@type":"ListItem","position":5,"name":"D\u00e4umelinchen &#8211; Hans Christian Andersen \/ Brad Sneed"}]},{"@type":"WebSite","@id":"https:\/\/teiaeducation.ch\/de\/#website","url":"https:\/\/teiaeducation.ch\/de\/","name":"Sustainable Educational Products &amp; Ecological Toys\u00a0","description":"Specialised Swiss shop selling sustainable educational toys and games, AMI certified Montessori materials, handmade ecological wooden Waldorf toys and arts &amp; crafts supplies, school supplies, children&#039;s furniture and Montessori reference and parenting books.","publisher":{"@id":"https:\/\/teiaeducation.ch\/de\/#organization"},"alternateName":"Teia Education & Play","potentialAction":[{"@type":"SearchAction","target":{"@type":"EntryPoint","urlTemplate":"https:\/\/teiaeducation.ch\/de\/?s={search_term_string}"},"query-input":{"@type":"PropertyValueSpecification","valueRequired":true,"valueName":"search_term_string"}}],"inLanguage":"de-CH"},{"@type":"Organization","@id":"https:\/\/teiaeducation.ch\/de\/#organization","name":"Teia Education & Play","url":"https:\/\/teiaeducation.ch\/de\/","logo":{"@type":"ImageObject","inLanguage":"de-CH","@id":"https:\/\/teiaeducation.ch\/de\/#\/schema\/logo\/image\/","url":"https:\/\/teiaeducation.ch\/wp-content\/uploads\/2020\/11\/Teia-Education-Switzerland-e1620156442216.jpg","contentUrl":"https:\/\/teiaeducation.ch\/wp-content\/uploads\/2020\/11\/Teia-Education-Switzerland-e1620156442216.jpg","width":166,"height":145,"caption":"Teia Education & Play"},"image":{"@id":"https:\/\/teiaeducation.ch\/de\/#\/schema\/logo\/image\/"},"sameAs":["https:\/\/www.facebook.com\/teiaeducation\/","https:\/\/x.com\/EducationTeia","https:\/\/www.instagram.com\/teia.education\/","https:\/\/www.linkedin.com\/company\/35501660","https:\/\/www.pinterest.ch\/TeiaEducation\/"]}]}},"_links":{"self":[{"href":"https:\/\/teiaeducation.ch\/de\/wp-json\/wp\/v2\/product\/48862","targetHints":{"allow":["GET"]}}],"collection":[{"href":"https:\/\/teiaeducation.ch\/de\/wp-json\/wp\/v2\/product"}],"about":[{"href":"https:\/\/teiaeducation.ch\/de\/wp-json\/wp\/v2\/types\/product"}],"replies":[{"embeddable":true,"href":"https:\/\/teiaeducation.ch\/de\/wp-json\/wp\/v2\/comments?post=48862"}],"wp:featuredmedia":[{"embeddable":true,"href":"https:\/\/teiaeducation.ch\/de\/wp-json\/wp\/v2\/media\/53498"}],"wp:attachment":[{"href":"https:\/\/teiaeducation.ch\/de\/wp-json\/wp\/v2\/media?parent=48862"}],"wp:term":[{"taxonomy":"product_brand","embeddable":true,"href":"https:\/\/teiaeducation.ch\/de\/wp-json\/wp\/v2\/product_brand?post=48862"},{"taxonomy":"product_cat","embeddable":true,"href":"https:\/\/teiaeducation.ch\/de\/wp-json\/wp\/v2\/product_cat?post=48862"},{"taxonomy":"product_tag","embeddable":true,"href":"https:\/\/teiaeducation.ch\/de\/wp-json\/wp\/v2\/product_tag?post=48862"}],"curies":[{"name":"wp","href":"https:\/\/api.w.org\/{rel}","templated":true}]}}