{"id":49044,"date":"2025-12-13T14:36:07","date_gmt":"2025-12-13T13:36:07","guid":{"rendered":"https:\/\/teiaeducation.ch\/product\/aquarell-farbstifte-moulin-roty\/"},"modified":"2022-06-10T14:01:59","modified_gmt":"2022-06-10T12:01:59","slug":"aquarell-farbstifte-moulin-roty","status":"publish","type":"product","link":"https:\/\/teiaeducation.ch\/de\/produkt\/aquarell-farbstifte-moulin-roty\/","title":{"rendered":"Aquarell Farbstifte &#8211; Moulin Roty"},"content":{"rendered":"<p>Das sch\u00f6ne Set von Moulin Roty mit 24 Aquarell Farbstifte aus der Kollektion Le Jardin du Moulin in einer Auswahl von Naturfarben wird in einer sch\u00f6n illustrierten Metallkassette geliefert. Die Farbstifte k\u00f6nnen als normale <a href=\"https:\/\/teiaeducation.ch\/de\/produkt-kategorie\/malen-basteln\/zeichnen-malen\/\">Zeichen- und Farbstifte<\/a> verwendet werden, aber auch als Aquarellstifte mit einem Pinsel f\u00fcr gro\u00dfartige <a href=\"https:\/\/teiaeducation.ch\/de\/produkt-kategorie\/malen-basteln\/malen\/\">Malerlebnisse<\/a>. Ein wunderbares Set mit kreativen und vielseitigen Werkzeugen f\u00fcr Kinder im charmanten und originellen franz\u00f6sischen Stil, f\u00fcr den Moulin Roty bekannt ist!<\/p>\n<p>Kinder werden viel Spa\u00df beim Ausmalen und Erforschen verschiedener Aquarelltechniken mit diesen wundersch\u00f6nen, hochqualitativen Farbstifte haben. Die illustrierte Metallkassette mit den 24 Farbstiften misst 24 x 22 cm.<\/p>\n<p>Das Aquarell Farbstifte Set von Moulin Roty ist Teil der wundersch\u00f6nen Kollektion &#8220;Le Jardin du Moulin&#8221; und eignet sich perfekt f\u00fcr kleine G\u00e4rtner und Botaniker. In einer mit Aquarellen illustrierten Welt, die reich an Farben und lustigen Tieren ist, bietet die Kollektion Jardin du Moulin alles, was n\u00f6tig ist, um Kleinkinder zu allen Jahreszeiten an die Entdeckung der <a href=\"https:\/\/teiaeducation.ch\/de\/produkt-kategorie\/kinder-spielzeug\/naturspiel\/\">Natur<\/a> heranzuf\u00fchren. Sie k\u00f6nnen zu <a href=\"https:\/\/teiaeducation.ch\/de\/produkt-kategorie\/lernthemen\/kultur-wissenschaft\/botanik\/\">Botanikern<\/a> werden, indem sie die Fauna und Flora beobachten und mit ihr spielen, sie k\u00f6nnen ihre H\u00e4nde in die Erde stecken, um die Geheimnisse von Obst und Gem\u00fcse zu entdecken, indem sie zu G\u00e4rtnern werden, oder sie k\u00f6nnen sich in die Rolle eines Entdeckers versetzen, indem sie zu neuen Horizonten aufbrechen! Die Kollektion bietet echte Werkzeuge, um das Wissen der Kinder im Garten in die Praxis umzusetzen, enth\u00e4lt aber auch Edutainment-Spiele, um das Wissen \u00fcber die Natur und die Welt um uns herum zu vertiefen! Die Kollektion bietet echte Werkzeuge, um das Wissen der Kinder im Garten in die Praxis umzusetzen, enth\u00e4lt aber auch Edutainment-Spiele, um das Wissen \u00fcber die Natur und die Welt um uns herum zu vertiefen!<\/p>\n<p><a href=\"https:\/\/teiaeducation.ch\/de\/produkt-kategorie\/unsere-marken\/moulin-roty-de\/\">Moulin Roty<\/a> ist eine franz\u00f6sische Marke, die f\u00fcr die Herstellung von sch\u00f6nem und hochwertigem Kinderspielzeug mit starkem emotionalem Wert bekannt ist. Jedes Spielzeug ist eine echte Figur die Geschichten erz\u00e4hlt und das Ergebnis der Arbeit und des Engagements des kreativen Teams der Marke ist. Durch die H\u00e4nde eines Teams von Illustratoren und Stylisten im Herzen von Moulin Roty, in Nort-sur-Erdre, Frankreich, hat jedes Spielzeug eine Welt aus Farben und Materialien, die speziell f\u00fcr ihn oder sie entworfen wurde.<\/p>\n<p>Das Moulin Roty Aquarell Farbstifte Set wird f\u00fcr Kinder ab 4 Jahren empfohlen.<\/p>\n<p>Inhalt:<\/p>\n<p>24 Aquarell Farbstifte<br \/>\n1 Metallkassette<\/p>\n","protected":false},"excerpt":{"rendered":"<p>Artikelnummer: 712602<\/p>\n<p>Das Set mit 24 Aquarell Farbstifte aus dem Moulin Roty le jardin du Moulin Kollektion kann zum Zeichnen oder Malen mit dem Pinsel verwendet werden.<\/p>\n","protected":false},"featured_media":49045,"comment_status":"open","ping_status":"closed","template":"","meta":[],"product_brand":[],"product_cat":[21445,21446,23651,21670,21490,21484,21464,21447,21457,21576,21443,21563,22362,21678,21564,24314,22363,21450],"product_tag":[23540,23383,23382,23380,23381,23379,23345,23384],"class_list":{"0":"post-49044","1":"product","2":"type-product","3":"status-publish","4":"has-post-thumbnail","6":"product_cat-3-6-jahre-vorschule","7":"product_cat-6-12-jahre-grundschule","8":"product_cat-back-to-school-de","9":"product_cat-fruehjahrskollektion","10":"product_cat-geschenk-guide-kreativ","11":"product_cat-geschenk-guides","12":"product_cat-herbstkollektion","13":"product_cat-malen-basteln","14":"product_cat-malen","15":"product_cat-moulin-roty-de","16":"product_cat-nach-alter","17":"product_cat-neuheiten","18":"product_cat-saisonale-kollektionen","19":"product_cat-kinder-spielzeug","20":"product_cat-unsere-marken","21":"product_cat-valentinstag","22":"product_cat-winter-kollektion","23":"product_cat-zeichnen-malen","24":"product_tag-aquarell-farbstifte-moulin-roty-le-jardin-du-moulin","25":"product_tag-garten-malbuch","26":"product_tag-gartner-stickerbuch","27":"product_tag-moulin-roty-gartner-sticker-aktivitatsbuch","28":"product_tag-moulin-roty-gartner-stickerbuch","29":"product_tag-moulin-roty-stickerbuch","30":"product_tag-moulin-roty-switzerland-de","31":"product_tag-stickerbucher-schweiz","33":"first","34":"instock","35":"taxable","36":"shipping-taxable","37":"purchasable","38":"product-type-simple"},"yoast_head":"<!-- This site is optimized with the Yoast SEO Premium plugin v25.8 (Yoast SEO v27.4) - https:\/\/yoast.com\/product\/yoast-seo-premium-wordpress\/ -->\n<title>Aquarell Farbstifte - Moulin Roty - Teia Education &amp; Play<\/title>\n<meta name=\"description\" content=\"Die Aquarell Farbstifte aus dem Moulin Roty le jardin du Moulin Kollektion kann zum Zeichnen oder Malen mit dem Pinsel verwendet werden.\" \/>\n<meta name=\"robots\" content=\"index, follow, max-snippet:-1, max-image-preview:large, max-video-preview:-1\" \/>\n<link rel=\"canonical\" href=\"https:\/\/teiaeducation.ch\/de\/produkt\/aquarell-farbstifte-moulin-roty\/\" \/>\n<meta property=\"og:locale\" content=\"de_DE\" \/>\n<meta property=\"og:type\" content=\"article\" \/>\n<meta property=\"og:title\" content=\"Aquarell Farbstifte - Moulin Roty\" \/>\n<meta property=\"og:description\" content=\"Die Aquarell Farbstifte aus dem Moulin Roty le jardin du Moulin Kollektion kann zum Zeichnen oder Malen mit dem Pinsel verwendet werden.\" \/>\n<meta property=\"og:url\" content=\"https:\/\/teiaeducation.ch\/de\/produkt\/aquarell-farbstifte-moulin-roty\/\" \/>\n<meta property=\"og:site_name\" content=\"Sustainable Educational Products &amp; Ecological Toys\u00a0\" \/>\n<meta property=\"article:publisher\" content=\"https:\/\/www.facebook.com\/teiaeducation\/\" \/>\n<meta property=\"og:image\" content=\"https:\/\/teiaeducation.ch\/wp-content\/uploads\/2021\/04\/Watercolour-pencils-Moulin-Roty-Le-Jardin-du-Moulin.jpg\" \/>\n\t<meta property=\"og:image:width\" content=\"1500\" \/>\n\t<meta property=\"og:image:height\" content=\"1500\" \/>\n\t<meta property=\"og:image:type\" content=\"image\/jpeg\" \/>\n<script type=\"application\/ld+json\" class=\"yoast-schema-graph\">{\"@context\":\"https:\\\/\\\/schema.org\",\"@graph\":[{\"@type\":\"WebPage\",\"@id\":\"https:\\\/\\\/teiaeducation.ch\\\/de\\\/produkt\\\/aquarell-farbstifte-moulin-roty\\\/\",\"url\":\"https:\\\/\\\/teiaeducation.ch\\\/de\\\/produkt\\\/aquarell-farbstifte-moulin-roty\\\/\",\"name\":\"Aquarell Farbstifte - Moulin Roty - Teia Education & Play\",\"isPartOf\":{\"@id\":\"https:\\\/\\\/teiaeducation.ch\\\/de\\\/#website\"},\"primaryImageOfPage\":{\"@id\":\"https:\\\/\\\/teiaeducation.ch\\\/de\\\/produkt\\\/aquarell-farbstifte-moulin-roty\\\/#primaryimage\"},\"image\":{\"@id\":\"https:\\\/\\\/teiaeducation.ch\\\/de\\\/produkt\\\/aquarell-farbstifte-moulin-roty\\\/#primaryimage\"},\"thumbnailUrl\":\"https:\\\/\\\/teiaeducation.ch\\\/wp-content\\\/uploads\\\/2021\\\/04\\\/Watercolour-pencils-Moulin-Roty-Le-Jardin-du-Moulin.jpg\",\"datePublished\":\"2025-12-13T13:36:07+00:00\",\"description\":\"Die Aquarell Farbstifte aus dem Moulin Roty le jardin du Moulin Kollektion kann zum Zeichnen oder Malen mit dem Pinsel verwendet werden.\",\"breadcrumb\":{\"@id\":\"https:\\\/\\\/teiaeducation.ch\\\/de\\\/produkt\\\/aquarell-farbstifte-moulin-roty\\\/#breadcrumb\"},\"inLanguage\":\"de-CH\",\"potentialAction\":[{\"@type\":\"ReadAction\",\"target\":[\"https:\\\/\\\/teiaeducation.ch\\\/de\\\/produkt\\\/aquarell-farbstifte-moulin-roty\\\/\"]}]},{\"@type\":\"ImageObject\",\"inLanguage\":\"de-CH\",\"@id\":\"https:\\\/\\\/teiaeducation.ch\\\/de\\\/produkt\\\/aquarell-farbstifte-moulin-roty\\\/#primaryimage\",\"url\":\"https:\\\/\\\/teiaeducation.ch\\\/wp-content\\\/uploads\\\/2021\\\/04\\\/Watercolour-pencils-Moulin-Roty-Le-Jardin-du-Moulin.jpg\",\"contentUrl\":\"https:\\\/\\\/teiaeducation.ch\\\/wp-content\\\/uploads\\\/2021\\\/04\\\/Watercolour-pencils-Moulin-Roty-Le-Jardin-du-Moulin.jpg\",\"width\":1500,\"height\":1500,\"caption\":\"Aquarell Farbstifte - Moulin Roty Le Jardin du Moulin\"},{\"@type\":\"BreadcrumbList\",\"@id\":\"https:\\\/\\\/teiaeducation.ch\\\/de\\\/produkt\\\/aquarell-farbstifte-moulin-roty\\\/#breadcrumb\",\"itemListElement\":[{\"@type\":\"ListItem\",\"position\":1,\"name\":\"Home\",\"item\":\"https:\\\/\\\/teiaeducation.ch\\\/de\\\/\"},{\"@type\":\"ListItem\",\"position\":2,\"name\":\"Laden\",\"item\":\"https:\\\/\\\/teiaeducation.ch\\\/de\\\/shop\\\/\"},{\"@type\":\"ListItem\",\"position\":3,\"name\":\"Nach Alter\",\"item\":\"https:\\\/\\\/teiaeducation.ch\\\/de\\\/produkt-kategorie\\\/nach-alter\\\/\"},{\"@type\":\"ListItem\",\"position\":4,\"name\":\"3-6 Jahre Vorschule\",\"item\":\"https:\\\/\\\/teiaeducation.ch\\\/de\\\/produkt-kategorie\\\/nach-alter\\\/3-6-jahre-vorschule\\\/\"},{\"@type\":\"ListItem\",\"position\":5,\"name\":\"Aquarell Farbstifte &#8211; Moulin Roty\"}]},{\"@type\":\"WebSite\",\"@id\":\"https:\\\/\\\/teiaeducation.ch\\\/de\\\/#website\",\"url\":\"https:\\\/\\\/teiaeducation.ch\\\/de\\\/\",\"name\":\"Sustainable Educational Products &amp; Ecological Toys\u00a0\",\"description\":\"Specialised Swiss shop selling sustainable educational toys and games, AMI certified Montessori materials, handmade ecological wooden Waldorf toys and arts &amp; crafts supplies, school supplies, children&#039;s furniture and Montessori reference and parenting books.\",\"publisher\":{\"@id\":\"https:\\\/\\\/teiaeducation.ch\\\/de\\\/#organization\"},\"alternateName\":\"Teia Education & Play\",\"potentialAction\":[{\"@type\":\"SearchAction\",\"target\":{\"@type\":\"EntryPoint\",\"urlTemplate\":\"https:\\\/\\\/teiaeducation.ch\\\/de\\\/?s={search_term_string}\"},\"query-input\":{\"@type\":\"PropertyValueSpecification\",\"valueRequired\":true,\"valueName\":\"search_term_string\"}}],\"inLanguage\":\"de-CH\"},{\"@type\":\"Organization\",\"@id\":\"https:\\\/\\\/teiaeducation.ch\\\/de\\\/#organization\",\"name\":\"Teia Education & Play\",\"url\":\"https:\\\/\\\/teiaeducation.ch\\\/de\\\/\",\"logo\":{\"@type\":\"ImageObject\",\"inLanguage\":\"de-CH\",\"@id\":\"https:\\\/\\\/teiaeducation.ch\\\/de\\\/#\\\/schema\\\/logo\\\/image\\\/\",\"url\":\"https:\\\/\\\/teiaeducation.ch\\\/wp-content\\\/uploads\\\/2020\\\/11\\\/Teia-Education-Switzerland-e1620156442216.jpg\",\"contentUrl\":\"https:\\\/\\\/teiaeducation.ch\\\/wp-content\\\/uploads\\\/2020\\\/11\\\/Teia-Education-Switzerland-e1620156442216.jpg\",\"width\":166,\"height\":145,\"caption\":\"Teia Education & Play\"},\"image\":{\"@id\":\"https:\\\/\\\/teiaeducation.ch\\\/de\\\/#\\\/schema\\\/logo\\\/image\\\/\"},\"sameAs\":[\"https:\\\/\\\/www.facebook.com\\\/teiaeducation\\\/\",\"https:\\\/\\\/x.com\\\/EducationTeia\",\"https:\\\/\\\/www.instagram.com\\\/teia.education\\\/\",\"https:\\\/\\\/www.linkedin.com\\\/company\\\/35501660\",\"https:\\\/\\\/www.pinterest.ch\\\/TeiaEducation\\\/\"]}]}<\/script>\n<meta property=\"product:price:amount\" content=\"24.90\" \/>\n<meta property=\"product:price:currency\" content=\"CHF\" \/>\n<meta property=\"og:availability\" content=\"instock\" \/>\n<meta property=\"product:availability\" content=\"instock\" \/>\n<meta property=\"product:retailer_item_id\" content=\"00000000000000000000000000000000000000000000035174\" \/>\n<meta property=\"product:condition\" content=\"new\" \/>\n<!-- \/ Yoast SEO Premium plugin. -->","yoast_head_json":{"title":"Aquarell Farbstifte - Moulin Roty - Teia Education & Play","description":"Die Aquarell Farbstifte aus dem Moulin Roty le jardin du Moulin Kollektion kann zum Zeichnen oder Malen mit dem Pinsel verwendet werden.","robots":{"index":"index","follow":"follow","max-snippet":"max-snippet:-1","max-image-preview":"max-image-preview:large","max-video-preview":"max-video-preview:-1"},"canonical":"https:\/\/teiaeducation.ch\/de\/produkt\/aquarell-farbstifte-moulin-roty\/","og_locale":"de_DE","og_type":"article","og_title":"Aquarell Farbstifte - Moulin Roty","og_description":"Die Aquarell Farbstifte aus dem Moulin Roty le jardin du Moulin Kollektion kann zum Zeichnen oder Malen mit dem Pinsel verwendet werden.","og_url":"https:\/\/teiaeducation.ch\/de\/produkt\/aquarell-farbstifte-moulin-roty\/","og_site_name":"Sustainable Educational Products &amp; Ecological Toys\u00a0","article_publisher":"https:\/\/www.facebook.com\/teiaeducation\/","og_image":[{"width":1500,"height":1500,"url":"https:\/\/teiaeducation.ch\/wp-content\/uploads\/2021\/04\/Watercolour-pencils-Moulin-Roty-Le-Jardin-du-Moulin.jpg","type":"image\/jpeg"}],"schema":{"@context":"https:\/\/schema.org","@graph":[{"@type":"WebPage","@id":"https:\/\/teiaeducation.ch\/de\/produkt\/aquarell-farbstifte-moulin-roty\/","url":"https:\/\/teiaeducation.ch\/de\/produkt\/aquarell-farbstifte-moulin-roty\/","name":"Aquarell Farbstifte - Moulin Roty - Teia Education & Play","isPartOf":{"@id":"https:\/\/teiaeducation.ch\/de\/#website"},"primaryImageOfPage":{"@id":"https:\/\/teiaeducation.ch\/de\/produkt\/aquarell-farbstifte-moulin-roty\/#primaryimage"},"image":{"@id":"https:\/\/teiaeducation.ch\/de\/produkt\/aquarell-farbstifte-moulin-roty\/#primaryimage"},"thumbnailUrl":"https:\/\/teiaeducation.ch\/wp-content\/uploads\/2021\/04\/Watercolour-pencils-Moulin-Roty-Le-Jardin-du-Moulin.jpg","datePublished":"2025-12-13T13:36:07+00:00","description":"Die Aquarell Farbstifte aus dem Moulin Roty le jardin du Moulin Kollektion kann zum Zeichnen oder Malen mit dem Pinsel verwendet werden.","breadcrumb":{"@id":"https:\/\/teiaeducation.ch\/de\/produkt\/aquarell-farbstifte-moulin-roty\/#breadcrumb"},"inLanguage":"de-CH","potentialAction":[{"@type":"ReadAction","target":["https:\/\/teiaeducation.ch\/de\/produkt\/aquarell-farbstifte-moulin-roty\/"]}]},{"@type":"ImageObject","inLanguage":"de-CH","@id":"https:\/\/teiaeducation.ch\/de\/produkt\/aquarell-farbstifte-moulin-roty\/#primaryimage","url":"https:\/\/teiaeducation.ch\/wp-content\/uploads\/2021\/04\/Watercolour-pencils-Moulin-Roty-Le-Jardin-du-Moulin.jpg","contentUrl":"https:\/\/teiaeducation.ch\/wp-content\/uploads\/2021\/04\/Watercolour-pencils-Moulin-Roty-Le-Jardin-du-Moulin.jpg","width":1500,"height":1500,"caption":"Aquarell Farbstifte - Moulin Roty Le Jardin du Moulin"},{"@type":"BreadcrumbList","@id":"https:\/\/teiaeducation.ch\/de\/produkt\/aquarell-farbstifte-moulin-roty\/#breadcrumb","itemListElement":[{"@type":"ListItem","position":1,"name":"Home","item":"https:\/\/teiaeducation.ch\/de\/"},{"@type":"ListItem","position":2,"name":"Laden","item":"https:\/\/teiaeducation.ch\/de\/shop\/"},{"@type":"ListItem","position":3,"name":"Nach Alter","item":"https:\/\/teiaeducation.ch\/de\/produkt-kategorie\/nach-alter\/"},{"@type":"ListItem","position":4,"name":"3-6 Jahre Vorschule","item":"https:\/\/teiaeducation.ch\/de\/produkt-kategorie\/nach-alter\/3-6-jahre-vorschule\/"},{"@type":"ListItem","position":5,"name":"Aquarell Farbstifte &#8211; Moulin Roty"}]},{"@type":"WebSite","@id":"https:\/\/teiaeducation.ch\/de\/#website","url":"https:\/\/teiaeducation.ch\/de\/","name":"Sustainable Educational Products &amp; Ecological Toys\u00a0","description":"Specialised Swiss shop selling sustainable educational toys and games, AMI certified Montessori materials, handmade ecological wooden Waldorf toys and arts &amp; crafts supplies, school supplies, children&#039;s furniture and Montessori reference and parenting books.","publisher":{"@id":"https:\/\/teiaeducation.ch\/de\/#organization"},"alternateName":"Teia Education & Play","potentialAction":[{"@type":"SearchAction","target":{"@type":"EntryPoint","urlTemplate":"https:\/\/teiaeducation.ch\/de\/?s={search_term_string}"},"query-input":{"@type":"PropertyValueSpecification","valueRequired":true,"valueName":"search_term_string"}}],"inLanguage":"de-CH"},{"@type":"Organization","@id":"https:\/\/teiaeducation.ch\/de\/#organization","name":"Teia Education & Play","url":"https:\/\/teiaeducation.ch\/de\/","logo":{"@type":"ImageObject","inLanguage":"de-CH","@id":"https:\/\/teiaeducation.ch\/de\/#\/schema\/logo\/image\/","url":"https:\/\/teiaeducation.ch\/wp-content\/uploads\/2020\/11\/Teia-Education-Switzerland-e1620156442216.jpg","contentUrl":"https:\/\/teiaeducation.ch\/wp-content\/uploads\/2020\/11\/Teia-Education-Switzerland-e1620156442216.jpg","width":166,"height":145,"caption":"Teia Education & Play"},"image":{"@id":"https:\/\/teiaeducation.ch\/de\/#\/schema\/logo\/image\/"},"sameAs":["https:\/\/www.facebook.com\/teiaeducation\/","https:\/\/x.com\/EducationTeia","https:\/\/www.instagram.com\/teia.education\/","https:\/\/www.linkedin.com\/company\/35501660","https:\/\/www.pinterest.ch\/TeiaEducation\/"]}]},"product_price_amount":"24.90","product_price_currency":"CHF","og_availability":"instock","product_availability":"instock","product_retailer_item_id":"00000000000000000000000000000000000000000000035174","product_condition":"new"},"_links":{"self":[{"href":"https:\/\/teiaeducation.ch\/de\/wp-json\/wp\/v2\/product\/49044","targetHints":{"allow":["GET"]}}],"collection":[{"href":"https:\/\/teiaeducation.ch\/de\/wp-json\/wp\/v2\/product"}],"about":[{"href":"https:\/\/teiaeducation.ch\/de\/wp-json\/wp\/v2\/types\/product"}],"replies":[{"embeddable":true,"href":"https:\/\/teiaeducation.ch\/de\/wp-json\/wp\/v2\/comments?post=49044"}],"wp:featuredmedia":[{"embeddable":true,"href":"https:\/\/teiaeducation.ch\/de\/wp-json\/wp\/v2\/media\/49045"}],"wp:attachment":[{"href":"https:\/\/teiaeducation.ch\/de\/wp-json\/wp\/v2\/media?parent=49044"}],"wp:term":[{"taxonomy":"product_brand","embeddable":true,"href":"https:\/\/teiaeducation.ch\/de\/wp-json\/wp\/v2\/product_brand?post=49044"},{"taxonomy":"product_cat","embeddable":true,"href":"https:\/\/teiaeducation.ch\/de\/wp-json\/wp\/v2\/product_cat?post=49044"},{"taxonomy":"product_tag","embeddable":true,"href":"https:\/\/teiaeducation.ch\/de\/wp-json\/wp\/v2\/product_tag?post=49044"}],"curies":[{"name":"wp","href":"https:\/\/api.w.org\/{rel}","templated":true}]}}