{"id":49050,"date":"2021-04-13T14:58:50","date_gmt":"2021-04-13T12:58:50","guid":{"rendered":"https:\/\/teiaeducation.ch\/product\/natur-lotto-moulin-roty\/"},"modified":"2024-05-23T13:36:51","modified_gmt":"2024-05-23T11:36:51","slug":"natur-lotto-moulin-roty","status":"publish","type":"product","link":"https:\/\/teiaeducation.ch\/de\/produkt\/natur-lotto-moulin-roty\/","title":{"rendered":"Natur Lotto &#8211; Moulin Roty"},"content":{"rendered":"<p>Das Natur Lotto Spiel von Moulin Roty aus der Kollektion Le Jardin du Moulin ist eine reizvolle, an die Natur angelehnte Version des beliebten Kinder Spiels!<\/p>\n<p>Mit wundersch\u00f6nen Illustrationen von Tieren und Pflanzen im charmanten und skurrilen franz\u00f6sischen Stil, f\u00fcr den Moulin Roty ber\u00fchmt ist, k\u00f6nnen Kinder die Namen zahlreicher <a href=\"https:\/\/teiaeducation.ch\/de\/produkt-kategorie\/kinder-spielzeug\/tiere-bauernhoefe\/\">Tiere<\/a>, V\u00f6gel, Blumen und Pflanzen in franz\u00f6sischer und englischer Sprache lernen und gleichzeitig ihre Beobachtungs- und Konzentrationsf\u00e4higkeit verbessern.<\/p>\n<p>Dieses h\u00fcbsche Lotto Spiel aus der Kollektion &#8220;Le Jardin du Moulin&#8221; eignet sich perfekt f\u00fcr Regentage und Familienabende und wird zuk\u00fcnftige <a href=\"https:\/\/teiaeducation.ch\/de\/produkt-kategorie\/malen-basteln\/gartnern\/\">G\u00e4rtner<\/a>, Botaniker und die Liebe zur Natur begeistern. Versucht, als Erster alle passenden Wildtierkarten f\u00fcr euer Spielbrett zu finden, w\u00e4hrend ihr abwechselnd eine Karte umdreht. Achte auch auf die witzigen Erg\u00e4nzungen zu den Illustrationen: Die Angel des Eisvogels und der Regenschirm des Rotkehlchens erwecken die niedlichen Figuren wirklich zum Leben!<\/p>\n<p>Das Natur Lotto Spiel Moulin Roty enth\u00e4lt 36 illustrierte Karten und 6 doppelseitige Spielbretter. Es misst 22,5 x 12 x 4,5 cm und ist aus hochwertigem bedrucktem Karton hergestellt.<\/p>\n<p>Perfekt f\u00fcr kleine G\u00e4rtner und Botaniker: Das Natur Lotto Spiel von Moulin Roty ist Teil der wundersch\u00f6nen Kollektion &#8220;Le Jardin du Moulin&#8221;. In einer mit Aquarellen illustrierten Welt, die reich an Farben und lustigen<\/p>\n<p>Tieren ist, bietet die Kollektion Jardin du Moulin alles, was n\u00f6tig ist, um Kleinkinder zu allen Jahreszeiten an die Entdeckung der <a href=\"https:\/\/teiaeducation.ch\/de\/produkt-kategorie\/kinder-spielzeug\/naturspiel\/\">Natur<\/a> heranzuf\u00fchren. Sie k\u00f6nnen zu <a href=\"https:\/\/teiaeducation.ch\/de\/produkt-kategorie\/lernthemen\/kultur-wissenschaft\/botanik\/\">Botanikern<\/a> werden, indem sie die Fauna und Flora beobachten und mit ihr spielen, sie k\u00f6nnen ihre H\u00e4nde in die Erde stecken, um die Geheimnisse von Obst und Gem\u00fcse zu entdecken, indem sie zu G\u00e4rtnern werden, oder sie k\u00f6nnen sich in die Rolle eines Entdeckers versetzen, indem sie zu neuen Horizonten aufbrechen! Die Kollektion bietet echte Werkzeuge, um das Wissen der Kinder im Garten in die Praxis umzusetzen, enth\u00e4lt aber auch Edutainment-Spiele, um das Wissen \u00fcber die Natur und die Welt um uns herum zu vertiefen! Die Kollektion bietet echte Werkzeuge, um das Wissen der Kinder im Garten in die Praxis umzusetzen, enth\u00e4lt aber auch Edutainment-Spiele, um das Wissen \u00fcber die Natur und die Welt um uns herum zu vertiefen!<\/p>\n<p><a href=\"https:\/\/teiaeducation.ch\/de\/produkt-kategorie\/unsere-marken\/moulin-roty-de\/\">Moulin Roty<\/a> ist eine franz\u00f6sische Marke, die f\u00fcr die Herstellung von sch\u00f6nem und hochwertigem Kinderspielzeug mit starkem emotionalem Wert bekannt ist. Jedes Spielzeug ist eine echte Figur die Geschichten erz\u00e4hlt und das Ergebnis der Arbeit und des Engagements des kreativen Teams der Marke ist. Durch die H\u00e4nde eines Teams von Illustratoren und Stylisten im Herzen von Moulin Roty, in Nort-sur-Erdre, Frankreich, hat jedes Spielzeug eine Welt aus Farben und Materialien, die speziell f\u00fcr ihn oder sie entworfen wurde.<\/p>\n<p>Das Natur Lotto Spiel Moulin Roty wird f\u00fcr Kinder ab 3 Jahren empfohlen.<\/p>\n<p>Inhalt:<\/p>\n<p>1 Spiel mit 36 Karten und 6 doppelseitigen Brettern in einer Schachtel.<\/p>\n","protected":false},"excerpt":{"rendered":"<p>Artikelnummer: 712387<\/p>\n<p>Das Natur Lotto Spiel von Moulin Roty ist eine reizvolle, an die Natur angelehnte Version des beliebten Kinderspiels aus der Kollektion &#8220;Le jardin du Moulin&#8221;.<\/p>\n","protected":false},"featured_media":49051,"comment_status":"open","ping_status":"closed","template":"","meta":[],"product_brand":[],"product_cat":[21445,21524,23651,21512,21670,21487,21491,21484,22422,21682,21464,21510,21509,21576,21443,21689,21563,22362,21678,21511,21564,21536],"product_tag":[23547,23544,23357,23542,23541,23347,23346,23345,23543,23545,23546],"class_list":{"0":"post-49050","1":"product","2":"type-product","3":"status-publish","4":"has-post-thumbnail","6":"product_cat-3-6-jahre-vorschule","7":"product_cat-alphabetisierung-sprache","8":"product_cat-back-to-school-de","9":"product_cat-botanik","10":"product_cat-fruehjahrskollektion","11":"product_cat-geschenk-guide-3-6-jahre-vorschule","12":"product_cat-geschenk-guide-lerngeschenke","13":"product_cat-geschenk-guides","14":"product_cat-geschenke-fuer-das-osterkoerbchen","15":"product_cat-gesellschaftsspiele-spielen","16":"product_cat-herbstkollektion","17":"product_cat-kultur-wissenschaft","18":"product_cat-lernthemen","19":"product_cat-moulin-roty-de","20":"product_cat-nach-alter","21":"product_cat-naturspiel","22":"product_cat-neuheiten","23":"product_cat-saisonale-kollektionen","24":"product_cat-kinder-spielzeug","25":"product_cat-tiergeographie-zoologie","26":"product_cat-unsere-marken","27":"product_cat-wortschatz","28":"product_tag-kinder-lotto-spiele","29":"product_tag-kinderspiele-zum-thema-natur","30":"product_tag-le-jardin-du-moulin-kollektion","31":"product_tag-moulin-roty-le-jardin-du-moulin-de","32":"product_tag-moulin-roty-natur-lotto","33":"product_tag-moulin-roty-schweiz-de","34":"product_tag-moulin-roty-suisse-de","35":"product_tag-moulin-roty-switzerland-de","36":"product_tag-natur-lotto-spiel","37":"product_tag-wildtiere-gesellschaftsspiele","38":"product_tag-wildtiere-lotto","40":"first","41":"outofstock","42":"taxable","43":"shipping-taxable","44":"purchasable","45":"product-type-simple"},"yoast_head":"<!-- This site is optimized with the Yoast SEO plugin v27.1.1 - https:\/\/yoast.com\/product\/yoast-seo-wordpress\/ -->\n<title>Natur Lotto - Moulin Roty - Teia Education &amp; Play<\/title>\n<meta name=\"description\" content=\"Das Natur Lotto Spiel von Moulin Roty ist eine reizvolle, an die Natur angelehnte Version des beliebten Kinderspiels!\" \/>\n<meta name=\"robots\" content=\"index, follow, max-snippet:-1, max-image-preview:large, max-video-preview:-1\" \/>\n<link rel=\"canonical\" href=\"https:\/\/teiaeducation.ch\/de\/produkt\/natur-lotto-moulin-roty\/\" \/>\n<meta property=\"og:locale\" content=\"de_DE\" \/>\n<meta property=\"og:type\" content=\"article\" \/>\n<meta property=\"og:title\" content=\"Natur Lotto - Moulin Roty - Teia Education &amp; Play\" \/>\n<meta property=\"og:description\" content=\"Das Natur Lotto Spiel von Moulin Roty ist eine reizvolle, an die Natur angelehnte Version des beliebten Kinderspiels!\" \/>\n<meta property=\"og:url\" content=\"https:\/\/teiaeducation.ch\/de\/produkt\/natur-lotto-moulin-roty\/\" \/>\n<meta property=\"og:site_name\" content=\"Sustainable Educational Products &amp; Ecological Toys\u00a0\" \/>\n<meta property=\"article:publisher\" content=\"https:\/\/www.facebook.com\/teiaeducation\/\" \/>\n<meta property=\"article:modified_time\" content=\"2024-05-23T11:36:51+00:00\" \/>\n<meta property=\"og:image\" content=\"https:\/\/teiaeducation.ch\/wp-content\/uploads\/2021\/04\/Nature-lotto-Moulin-Roty.jpg\" \/>\n\t<meta property=\"og:image:width\" content=\"800\" \/>\n\t<meta property=\"og:image:height\" content=\"800\" \/>\n\t<meta property=\"og:image:type\" content=\"image\/jpeg\" \/>\n<script type=\"application\/ld+json\" class=\"yoast-schema-graph\">{\"@context\":\"https:\/\/schema.org\",\"@graph\":[{\"@type\":\"WebPage\",\"@id\":\"https:\/\/teiaeducation.ch\/de\/produkt\/natur-lotto-moulin-roty\/\",\"url\":\"https:\/\/teiaeducation.ch\/de\/produkt\/natur-lotto-moulin-roty\/\",\"name\":\"Natur Lotto - Moulin Roty - Teia Education & Play\",\"isPartOf\":{\"@id\":\"https:\/\/teiaeducation.ch\/de\/#website\"},\"primaryImageOfPage\":{\"@id\":\"https:\/\/teiaeducation.ch\/de\/produkt\/natur-lotto-moulin-roty\/#primaryimage\"},\"image\":{\"@id\":\"https:\/\/teiaeducation.ch\/de\/produkt\/natur-lotto-moulin-roty\/#primaryimage\"},\"thumbnailUrl\":\"https:\/\/teiaeducation.ch\/wp-content\/uploads\/2021\/04\/Nature-lotto-Moulin-Roty.jpg\",\"datePublished\":\"2021-04-13T12:58:50+00:00\",\"dateModified\":\"2024-05-23T11:36:51+00:00\",\"description\":\"Das Natur Lotto Spiel von Moulin Roty ist eine reizvolle, an die Natur angelehnte Version des beliebten Kinderspiels!\",\"breadcrumb\":{\"@id\":\"https:\/\/teiaeducation.ch\/de\/produkt\/natur-lotto-moulin-roty\/#breadcrumb\"},\"inLanguage\":\"de-CH\",\"potentialAction\":[{\"@type\":\"ReadAction\",\"target\":[\"https:\/\/teiaeducation.ch\/de\/produkt\/natur-lotto-moulin-roty\/\"]}]},{\"@type\":\"ImageObject\",\"inLanguage\":\"de-CH\",\"@id\":\"https:\/\/teiaeducation.ch\/de\/produkt\/natur-lotto-moulin-roty\/#primaryimage\",\"url\":\"https:\/\/teiaeducation.ch\/wp-content\/uploads\/2021\/04\/Nature-lotto-Moulin-Roty.jpg\",\"contentUrl\":\"https:\/\/teiaeducation.ch\/wp-content\/uploads\/2021\/04\/Nature-lotto-Moulin-Roty.jpg\",\"width\":800,\"height\":800,\"caption\":\"Natur Lotto Spiel Le Jardin du Moulin - Moulin Roty\"},{\"@type\":\"BreadcrumbList\",\"@id\":\"https:\/\/teiaeducation.ch\/de\/produkt\/natur-lotto-moulin-roty\/#breadcrumb\",\"itemListElement\":[{\"@type\":\"ListItem\",\"position\":1,\"name\":\"Home\",\"item\":\"https:\/\/teiaeducation.ch\/de\/\"},{\"@type\":\"ListItem\",\"position\":2,\"name\":\"Laden\",\"item\":\"https:\/\/teiaeducation.ch\/de\/shop\/\"},{\"@type\":\"ListItem\",\"position\":3,\"name\":\"Unsere Marken\",\"item\":\"https:\/\/teiaeducation.ch\/de\/produkt-kategorie\/unsere-marken\/\"},{\"@type\":\"ListItem\",\"position\":4,\"name\":\"Moulin Roty\",\"item\":\"https:\/\/teiaeducation.ch\/de\/produkt-kategorie\/unsere-marken\/moulin-roty-de\/\"},{\"@type\":\"ListItem\",\"position\":5,\"name\":\"Natur Lotto &#8211; Moulin Roty\"}]},{\"@type\":\"WebSite\",\"@id\":\"https:\/\/teiaeducation.ch\/de\/#website\",\"url\":\"https:\/\/teiaeducation.ch\/de\/\",\"name\":\"Sustainable Educational Products &amp; Ecological Toys\u00a0\",\"description\":\"Specialised Swiss shop selling sustainable educational toys and games, AMI certified Montessori materials, handmade ecological wooden Waldorf toys and arts &amp; crafts supplies, school supplies, children&#039;s furniture and Montessori reference and parenting books.\",\"publisher\":{\"@id\":\"https:\/\/teiaeducation.ch\/de\/#organization\"},\"alternateName\":\"Teia Education & Play\",\"potentialAction\":[{\"@type\":\"SearchAction\",\"target\":{\"@type\":\"EntryPoint\",\"urlTemplate\":\"https:\/\/teiaeducation.ch\/de\/?s={search_term_string}\"},\"query-input\":{\"@type\":\"PropertyValueSpecification\",\"valueRequired\":true,\"valueName\":\"search_term_string\"}}],\"inLanguage\":\"de-CH\"},{\"@type\":\"Organization\",\"@id\":\"https:\/\/teiaeducation.ch\/de\/#organization\",\"name\":\"Teia Education & Play\",\"url\":\"https:\/\/teiaeducation.ch\/de\/\",\"logo\":{\"@type\":\"ImageObject\",\"inLanguage\":\"de-CH\",\"@id\":\"https:\/\/teiaeducation.ch\/de\/#\/schema\/logo\/image\/\",\"url\":\"https:\/\/teiaeducation.ch\/wp-content\/uploads\/2020\/11\/Teia-Education-Switzerland-e1620156442216.jpg\",\"contentUrl\":\"https:\/\/teiaeducation.ch\/wp-content\/uploads\/2020\/11\/Teia-Education-Switzerland-e1620156442216.jpg\",\"width\":166,\"height\":145,\"caption\":\"Teia Education & Play\"},\"image\":{\"@id\":\"https:\/\/teiaeducation.ch\/de\/#\/schema\/logo\/image\/\"},\"sameAs\":[\"https:\/\/www.facebook.com\/teiaeducation\/\",\"https:\/\/x.com\/EducationTeia\",\"https:\/\/www.instagram.com\/teia.education\/\",\"https:\/\/www.linkedin.com\/company\/35501660\",\"https:\/\/www.pinterest.ch\/TeiaEducation\/\"]}]}<\/script>\n<!-- \/ Yoast SEO plugin. -->","yoast_head_json":{"title":"Natur Lotto - Moulin Roty - Teia Education & Play","description":"Das Natur Lotto Spiel von Moulin Roty ist eine reizvolle, an die Natur angelehnte Version des beliebten Kinderspiels!","robots":{"index":"index","follow":"follow","max-snippet":"max-snippet:-1","max-image-preview":"max-image-preview:large","max-video-preview":"max-video-preview:-1"},"canonical":"https:\/\/teiaeducation.ch\/de\/produkt\/natur-lotto-moulin-roty\/","og_locale":"de_DE","og_type":"article","og_title":"Natur Lotto - Moulin Roty - Teia Education & Play","og_description":"Das Natur Lotto Spiel von Moulin Roty ist eine reizvolle, an die Natur angelehnte Version des beliebten Kinderspiels!","og_url":"https:\/\/teiaeducation.ch\/de\/produkt\/natur-lotto-moulin-roty\/","og_site_name":"Sustainable Educational Products &amp; Ecological Toys\u00a0","article_publisher":"https:\/\/www.facebook.com\/teiaeducation\/","article_modified_time":"2024-05-23T11:36:51+00:00","og_image":[{"width":800,"height":800,"url":"https:\/\/teiaeducation.ch\/wp-content\/uploads\/2021\/04\/Nature-lotto-Moulin-Roty.jpg","type":"image\/jpeg"}],"schema":{"@context":"https:\/\/schema.org","@graph":[{"@type":"WebPage","@id":"https:\/\/teiaeducation.ch\/de\/produkt\/natur-lotto-moulin-roty\/","url":"https:\/\/teiaeducation.ch\/de\/produkt\/natur-lotto-moulin-roty\/","name":"Natur Lotto - Moulin Roty - Teia Education & Play","isPartOf":{"@id":"https:\/\/teiaeducation.ch\/de\/#website"},"primaryImageOfPage":{"@id":"https:\/\/teiaeducation.ch\/de\/produkt\/natur-lotto-moulin-roty\/#primaryimage"},"image":{"@id":"https:\/\/teiaeducation.ch\/de\/produkt\/natur-lotto-moulin-roty\/#primaryimage"},"thumbnailUrl":"https:\/\/teiaeducation.ch\/wp-content\/uploads\/2021\/04\/Nature-lotto-Moulin-Roty.jpg","datePublished":"2021-04-13T12:58:50+00:00","dateModified":"2024-05-23T11:36:51+00:00","description":"Das Natur Lotto Spiel von Moulin Roty ist eine reizvolle, an die Natur angelehnte Version des beliebten Kinderspiels!","breadcrumb":{"@id":"https:\/\/teiaeducation.ch\/de\/produkt\/natur-lotto-moulin-roty\/#breadcrumb"},"inLanguage":"de-CH","potentialAction":[{"@type":"ReadAction","target":["https:\/\/teiaeducation.ch\/de\/produkt\/natur-lotto-moulin-roty\/"]}]},{"@type":"ImageObject","inLanguage":"de-CH","@id":"https:\/\/teiaeducation.ch\/de\/produkt\/natur-lotto-moulin-roty\/#primaryimage","url":"https:\/\/teiaeducation.ch\/wp-content\/uploads\/2021\/04\/Nature-lotto-Moulin-Roty.jpg","contentUrl":"https:\/\/teiaeducation.ch\/wp-content\/uploads\/2021\/04\/Nature-lotto-Moulin-Roty.jpg","width":800,"height":800,"caption":"Natur Lotto Spiel Le Jardin du Moulin - Moulin Roty"},{"@type":"BreadcrumbList","@id":"https:\/\/teiaeducation.ch\/de\/produkt\/natur-lotto-moulin-roty\/#breadcrumb","itemListElement":[{"@type":"ListItem","position":1,"name":"Home","item":"https:\/\/teiaeducation.ch\/de\/"},{"@type":"ListItem","position":2,"name":"Laden","item":"https:\/\/teiaeducation.ch\/de\/shop\/"},{"@type":"ListItem","position":3,"name":"Unsere Marken","item":"https:\/\/teiaeducation.ch\/de\/produkt-kategorie\/unsere-marken\/"},{"@type":"ListItem","position":4,"name":"Moulin Roty","item":"https:\/\/teiaeducation.ch\/de\/produkt-kategorie\/unsere-marken\/moulin-roty-de\/"},{"@type":"ListItem","position":5,"name":"Natur Lotto &#8211; Moulin Roty"}]},{"@type":"WebSite","@id":"https:\/\/teiaeducation.ch\/de\/#website","url":"https:\/\/teiaeducation.ch\/de\/","name":"Sustainable Educational Products &amp; Ecological Toys\u00a0","description":"Specialised Swiss shop selling sustainable educational toys and games, AMI certified Montessori materials, handmade ecological wooden Waldorf toys and arts &amp; crafts supplies, school supplies, children&#039;s furniture and Montessori reference and parenting books.","publisher":{"@id":"https:\/\/teiaeducation.ch\/de\/#organization"},"alternateName":"Teia Education & Play","potentialAction":[{"@type":"SearchAction","target":{"@type":"EntryPoint","urlTemplate":"https:\/\/teiaeducation.ch\/de\/?s={search_term_string}"},"query-input":{"@type":"PropertyValueSpecification","valueRequired":true,"valueName":"search_term_string"}}],"inLanguage":"de-CH"},{"@type":"Organization","@id":"https:\/\/teiaeducation.ch\/de\/#organization","name":"Teia Education & Play","url":"https:\/\/teiaeducation.ch\/de\/","logo":{"@type":"ImageObject","inLanguage":"de-CH","@id":"https:\/\/teiaeducation.ch\/de\/#\/schema\/logo\/image\/","url":"https:\/\/teiaeducation.ch\/wp-content\/uploads\/2020\/11\/Teia-Education-Switzerland-e1620156442216.jpg","contentUrl":"https:\/\/teiaeducation.ch\/wp-content\/uploads\/2020\/11\/Teia-Education-Switzerland-e1620156442216.jpg","width":166,"height":145,"caption":"Teia Education & Play"},"image":{"@id":"https:\/\/teiaeducation.ch\/de\/#\/schema\/logo\/image\/"},"sameAs":["https:\/\/www.facebook.com\/teiaeducation\/","https:\/\/x.com\/EducationTeia","https:\/\/www.instagram.com\/teia.education\/","https:\/\/www.linkedin.com\/company\/35501660","https:\/\/www.pinterest.ch\/TeiaEducation\/"]}]}},"_links":{"self":[{"href":"https:\/\/teiaeducation.ch\/de\/wp-json\/wp\/v2\/product\/49050","targetHints":{"allow":["GET"]}}],"collection":[{"href":"https:\/\/teiaeducation.ch\/de\/wp-json\/wp\/v2\/product"}],"about":[{"href":"https:\/\/teiaeducation.ch\/de\/wp-json\/wp\/v2\/types\/product"}],"replies":[{"embeddable":true,"href":"https:\/\/teiaeducation.ch\/de\/wp-json\/wp\/v2\/comments?post=49050"}],"wp:featuredmedia":[{"embeddable":true,"href":"https:\/\/teiaeducation.ch\/de\/wp-json\/wp\/v2\/media\/49051"}],"wp:attachment":[{"href":"https:\/\/teiaeducation.ch\/de\/wp-json\/wp\/v2\/media?parent=49050"}],"wp:term":[{"taxonomy":"product_brand","embeddable":true,"href":"https:\/\/teiaeducation.ch\/de\/wp-json\/wp\/v2\/product_brand?post=49050"},{"taxonomy":"product_cat","embeddable":true,"href":"https:\/\/teiaeducation.ch\/de\/wp-json\/wp\/v2\/product_cat?post=49050"},{"taxonomy":"product_tag","embeddable":true,"href":"https:\/\/teiaeducation.ch\/de\/wp-json\/wp\/v2\/product_tag?post=49050"}],"curies":[{"name":"wp","href":"https:\/\/api.w.org\/{rel}","templated":true}]}}