{"id":49053,"date":"2021-04-13T15:09:50","date_gmt":"2021-04-13T13:09:50","guid":{"rendered":"https:\/\/teiaeducation.ch\/product\/natur-memory-moulin-roty\/"},"modified":"2022-06-10T14:32:02","modified_gmt":"2022-06-10T12:32:02","slug":"natur-memory-moulin-roty","status":"publish","type":"product","link":"https:\/\/teiaeducation.ch\/de\/produkt\/natur-memory-moulin-roty\/","title":{"rendered":"Natur Memory &#8211; Moulin Roty"},"content":{"rendered":"<p>Das Natur Memory Spiel von Moulin Roty aus der Kollektion Le Jardin du Moulin ist eine reizvolle Naturversion dieses zeitlosen Kinder Spiels!<\/p>\n<p>Mit wundersch\u00f6nen Illustrationen zum Thema Flora und Fauna im charmanten und originellen franz\u00f6sischen Stil, f\u00fcr den Moulin Roty ber\u00fchmt ist, k\u00f6nnen Kinder die Namen vieler <a href=\"https:\/\/teiaeducation.ch\/de\/produkt-kategorie\/kinder-spielzeug\/tiere-bauernhoefe\/\">Tiere<\/a>, V\u00f6gel, Blumen und Pflanzen lernen und dabei ihr Ged\u00e4chtnis, ihre Beobachtungsgabe und ihre Konzentrationsf\u00e4higkeit verbessern.<\/p>\n<p>Dieses sch\u00f6ne Memory Spiel eignet sich perfekt f\u00fcr Regentage und Familienabende und wird zuk\u00fcnftige <a href=\"https:\/\/teiaeducation.ch\/de\/produkt-kategorie\/malen-basteln\/gartnern\/\">G\u00e4rtner<\/a>, Botaniker und die Liebe zur Natur wecken. Versuche, so schnell wie m\u00f6glich mehrere Paare zu finden. Nachdem die Karten verdeckt ausgelegt wurden, deckt jeder Spieler zwei Karten auf. Wenn sie identisch sind, gewinnt der Spieler sie, andernfalls dreht er sie wieder um. Ziel ist es, sich so viele Paare wie m\u00f6glich einzupr\u00e4gen.<\/p>\n<p>Das Moulin Roty Natur Memory Spiel enth\u00e4lt 72 illustrierte Karten aus hochwertig bedrucktem Karton.<\/p>\n<p>Das Moulin Roty Natur Memory Spiel ist perfekt f\u00fcr kleine G\u00e4rtner und Botaniker. Es ist Teil der wundersch\u00f6nen Kollektion &#8220;Le Jardin du Moulin&#8221;. In einer mit Aquarellen illustrierten Welt, die reich an Farben und lustigen Tieren ist, bietet die Kollektion Jardin du Moulin alles, was n\u00f6tig ist, um Kleinkinder zu allen <a href=\"https:\/\/teiaeducation.ch\/de\/produkt-kategorie\/lernthemen\/kultur-wissenschaft\/jahreszeiten-wetter\/\">Jahreszeiten<\/a> an die Entdeckung der <a href=\"https:\/\/teiaeducation.ch\/de\/produkt-kategorie\/kinder-spielzeug\/naturspiel\/\">Natur<\/a>\u00a0heranzuf\u00fchren. Sie k\u00f6nnen zu <a href=\"https:\/\/teiaeducation.ch\/de\/produkt-kategorie\/lernthemen\/kultur-wissenschaft\/botanik\/\">Botanikern<\/a> werden, indem sie die Fauna und Flora beobachten und mit ihr spielen, sie k\u00f6nnen ihre H\u00e4nde in die Erde stecken, um die Geheimnisse von Obst und Gem\u00fcse zu entdecken, indem sie zu G\u00e4rtnern werden, oder sie k\u00f6nnen sich in die Rolle eines Entdeckers versetzen, indem sie zu neuen Horizonten aufbrechen! Die Kollektion bietet echte Werkzeuge, um das Wissen der Kinder im Garten in die Praxis umzusetzen, enth\u00e4lt aber auch Edutainment-Spiele, um das Wissen \u00fcber die Natur und die <a href=\"https:\/\/teiaeducation.ch\/de\/produkt-kategorie\/lernthemen\/kultur-wissenschaft\/erde-universum\/\">Welt<\/a> um uns herum zu vertiefen!<\/p>\n<p><a href=\"https:\/\/teiaeducation.ch\/de\/produkt-kategorie\/unsere-marken\/moulin-roty-de\/\">Moulin Roty<\/a> ist eine franz\u00f6sische Marke, die f\u00fcr die Herstellung von sch\u00f6nem und hochwertigem Kinderspielzeug mit starkem emotionalem Wert bekannt ist. Jedes Spielzeug ist eine echte Figur die <a href=\"https:\/\/teiaeducation.ch\/de\/produkt-kategorie\/lernthemen\/alphabetisierung-sprache\/geschichtenerzaehlen\/\">Geschichten erz\u00e4hlt<\/a> und das Ergebnis der Arbeit und des Engagements des kreativen Teams der Marke ist. Durch die H\u00e4nde eines Teams von Illustratoren und Stylisten im Herzen von Moulin Roty, in Nort-sur-Erdre, Frankreich, hat jedes Spielzeug eine Welt aus Farben und Materialien, die speziell f\u00fcr ihn oder sie entworfen wurde.<\/p>\n<p>Das Moulin Roty Natur Memory Spiel wird f\u00fcr Kinder ab 2 Jahren empfohlen.<\/p>\n<p>Inhalt:<\/p>\n<p>72 illustrierte Karten in einer Schachtel.<\/p>\n","protected":false},"excerpt":{"rendered":"<p>Artikelnummer: 712386<\/p>\n<p>Das Natur Memory Spiel von Moulin Roty ist eine reizvolle Naturversion des beliebten Kinderspiels aus der Kollektion &#8220;Le jardin du Moulin&#8221;.<\/p>\n","protected":false},"featured_media":49054,"comment_status":"open","ping_status":"closed","template":"","meta":[],"product_brand":[],"product_cat":[21445,21524,21512,21670,21487,21491,21484,21682,21510,21509,21576,21443,21689,21563,22362,21678,21511,21564,21536],"product_tag":[23547,23544,23357,23548,23542,23541,23347,23346,23345,23543,23545,23546],"class_list":{"0":"post-49053","1":"product","2":"type-product","3":"status-publish","4":"has-post-thumbnail","6":"product_cat-3-6-jahre-vorschule","7":"product_cat-alphabetisierung-sprache","8":"product_cat-botanik","9":"product_cat-fruehjahrskollektion","10":"product_cat-geschenk-guide-3-6-jahre-vorschule","11":"product_cat-geschenk-guide-lerngeschenke","12":"product_cat-geschenk-guides","13":"product_cat-gesellschaftsspiele-spielen","14":"product_cat-kultur-wissenschaft","15":"product_cat-lernthemen","16":"product_cat-moulin-roty-de","17":"product_cat-nach-alter","18":"product_cat-naturspiel","19":"product_cat-neuheiten","20":"product_cat-saisonale-kollektionen","21":"product_cat-kinder-spielzeug","22":"product_cat-tiergeographie-zoologie","23":"product_cat-unsere-marken","24":"product_cat-wortschatz","25":"product_tag-kinder-lotto-spiele","26":"product_tag-kinderspiele-zum-thema-natur","27":"product_tag-le-jardin-du-moulin-kollektion","28":"product_tag-memory-spiel-zum-thema-natur-moulin-roty-le-jardin-du-moulin","29":"product_tag-moulin-roty-le-jardin-du-moulin-de","30":"product_tag-moulin-roty-natur-lotto","31":"product_tag-moulin-roty-schweiz-de","32":"product_tag-moulin-roty-suisse-de","33":"product_tag-moulin-roty-switzerland-de","34":"product_tag-natur-lotto-spiel","35":"product_tag-wildtiere-gesellschaftsspiele","36":"product_tag-wildtiere-lotto","38":"first","39":"outofstock","40":"taxable","41":"shipping-taxable","42":"purchasable","43":"product-type-simple"},"yoast_head":"<!-- This site is optimized with the Yoast SEO plugin v27.1.1 - https:\/\/yoast.com\/product\/yoast-seo-wordpress\/ -->\n<title>Natur Memory - Moulin Roty - Teia Education &amp; Play<\/title>\n<meta name=\"description\" content=\"Das Natur Memory Spiel von Moulin Roty ist eine reizvolle Naturversion des beliebten Kinder Spiels aus der Kollektion &quot;Le jardin du Moulin&quot;.\" \/>\n<meta name=\"robots\" content=\"index, follow, max-snippet:-1, max-image-preview:large, max-video-preview:-1\" \/>\n<link rel=\"canonical\" href=\"https:\/\/teiaeducation.ch\/de\/produkt\/natur-memory-moulin-roty\/\" \/>\n<meta property=\"og:locale\" content=\"de_DE\" \/>\n<meta property=\"og:type\" content=\"article\" \/>\n<meta property=\"og:title\" content=\"Natur Memory - Moulin Roty - Teia Education &amp; Play\" \/>\n<meta property=\"og:description\" content=\"Das Natur Memory Spiel von Moulin Roty ist eine reizvolle Naturversion des beliebten Kinder Spiels aus der Kollektion &quot;Le jardin du Moulin&quot;.\" \/>\n<meta property=\"og:url\" content=\"https:\/\/teiaeducation.ch\/de\/produkt\/natur-memory-moulin-roty\/\" \/>\n<meta property=\"og:site_name\" content=\"Sustainable Educational Products &amp; Ecological Toys\u00a0\" \/>\n<meta property=\"article:publisher\" content=\"https:\/\/www.facebook.com\/teiaeducation\/\" \/>\n<meta property=\"article:modified_time\" content=\"2022-06-10T12:32:02+00:00\" \/>\n<meta property=\"og:image\" content=\"https:\/\/teiaeducation.ch\/wp-content\/uploads\/2021\/04\/Nature-themed-memory-game-Moulin-Roty-Le-Jardin-du-Moulin.jpg\" \/>\n\t<meta property=\"og:image:width\" content=\"800\" \/>\n\t<meta property=\"og:image:height\" content=\"800\" \/>\n\t<meta property=\"og:image:type\" content=\"image\/jpeg\" \/>\n<script type=\"application\/ld+json\" class=\"yoast-schema-graph\">{\"@context\":\"https:\/\/schema.org\",\"@graph\":[{\"@type\":\"WebPage\",\"@id\":\"https:\/\/teiaeducation.ch\/de\/produkt\/natur-memory-moulin-roty\/\",\"url\":\"https:\/\/teiaeducation.ch\/de\/produkt\/natur-memory-moulin-roty\/\",\"name\":\"Natur Memory - Moulin Roty - Teia Education & Play\",\"isPartOf\":{\"@id\":\"https:\/\/teiaeducation.ch\/de\/#website\"},\"primaryImageOfPage\":{\"@id\":\"https:\/\/teiaeducation.ch\/de\/produkt\/natur-memory-moulin-roty\/#primaryimage\"},\"image\":{\"@id\":\"https:\/\/teiaeducation.ch\/de\/produkt\/natur-memory-moulin-roty\/#primaryimage\"},\"thumbnailUrl\":\"https:\/\/teiaeducation.ch\/wp-content\/uploads\/2021\/04\/Nature-themed-memory-game-Moulin-Roty-Le-Jardin-du-Moulin.jpg\",\"datePublished\":\"2021-04-13T13:09:50+00:00\",\"dateModified\":\"2022-06-10T12:32:02+00:00\",\"description\":\"Das Natur Memory Spiel von Moulin Roty ist eine reizvolle Naturversion des beliebten Kinder Spiels aus der Kollektion \\\"Le jardin du Moulin\\\".\",\"breadcrumb\":{\"@id\":\"https:\/\/teiaeducation.ch\/de\/produkt\/natur-memory-moulin-roty\/#breadcrumb\"},\"inLanguage\":\"de-CH\",\"potentialAction\":[{\"@type\":\"ReadAction\",\"target\":[\"https:\/\/teiaeducation.ch\/de\/produkt\/natur-memory-moulin-roty\/\"]}]},{\"@type\":\"ImageObject\",\"inLanguage\":\"de-CH\",\"@id\":\"https:\/\/teiaeducation.ch\/de\/produkt\/natur-memory-moulin-roty\/#primaryimage\",\"url\":\"https:\/\/teiaeducation.ch\/wp-content\/uploads\/2021\/04\/Nature-themed-memory-game-Moulin-Roty-Le-Jardin-du-Moulin.jpg\",\"contentUrl\":\"https:\/\/teiaeducation.ch\/wp-content\/uploads\/2021\/04\/Nature-themed-memory-game-Moulin-Roty-Le-Jardin-du-Moulin.jpg\",\"width\":800,\"height\":800,\"caption\":\"Memory Spiel zum Thema Natur - Moulin Roty Le Jardin du Moulin\"},{\"@type\":\"BreadcrumbList\",\"@id\":\"https:\/\/teiaeducation.ch\/de\/produkt\/natur-memory-moulin-roty\/#breadcrumb\",\"itemListElement\":[{\"@type\":\"ListItem\",\"position\":1,\"name\":\"Home\",\"item\":\"https:\/\/teiaeducation.ch\/de\/\"},{\"@type\":\"ListItem\",\"position\":2,\"name\":\"Laden\",\"item\":\"https:\/\/teiaeducation.ch\/de\/shop\/\"},{\"@type\":\"ListItem\",\"position\":3,\"name\":\"Lernthemen\",\"item\":\"https:\/\/teiaeducation.ch\/de\/produkt-kategorie\/lernthemen\/\"},{\"@type\":\"ListItem\",\"position\":4,\"name\":\"Kultur &amp; Wissenschaft\",\"item\":\"https:\/\/teiaeducation.ch\/de\/produkt-kategorie\/lernthemen\/kultur-wissenschaft\/\"},{\"@type\":\"ListItem\",\"position\":5,\"name\":\"Botanik\",\"item\":\"https:\/\/teiaeducation.ch\/de\/produkt-kategorie\/lernthemen\/kultur-wissenschaft\/botanik\/\"},{\"@type\":\"ListItem\",\"position\":6,\"name\":\"Natur Memory &#8211; Moulin Roty\"}]},{\"@type\":\"WebSite\",\"@id\":\"https:\/\/teiaeducation.ch\/de\/#website\",\"url\":\"https:\/\/teiaeducation.ch\/de\/\",\"name\":\"Sustainable Educational Products &amp; Ecological Toys\u00a0\",\"description\":\"Specialised Swiss shop selling sustainable educational toys and games, AMI certified Montessori materials, handmade ecological wooden Waldorf toys and arts &amp; crafts supplies, school supplies, children&#039;s furniture and Montessori reference and parenting books.\",\"publisher\":{\"@id\":\"https:\/\/teiaeducation.ch\/de\/#organization\"},\"alternateName\":\"Teia Education & Play\",\"potentialAction\":[{\"@type\":\"SearchAction\",\"target\":{\"@type\":\"EntryPoint\",\"urlTemplate\":\"https:\/\/teiaeducation.ch\/de\/?s={search_term_string}\"},\"query-input\":{\"@type\":\"PropertyValueSpecification\",\"valueRequired\":true,\"valueName\":\"search_term_string\"}}],\"inLanguage\":\"de-CH\"},{\"@type\":\"Organization\",\"@id\":\"https:\/\/teiaeducation.ch\/de\/#organization\",\"name\":\"Teia Education & Play\",\"url\":\"https:\/\/teiaeducation.ch\/de\/\",\"logo\":{\"@type\":\"ImageObject\",\"inLanguage\":\"de-CH\",\"@id\":\"https:\/\/teiaeducation.ch\/de\/#\/schema\/logo\/image\/\",\"url\":\"https:\/\/teiaeducation.ch\/wp-content\/uploads\/2020\/11\/Teia-Education-Switzerland-e1620156442216.jpg\",\"contentUrl\":\"https:\/\/teiaeducation.ch\/wp-content\/uploads\/2020\/11\/Teia-Education-Switzerland-e1620156442216.jpg\",\"width\":166,\"height\":145,\"caption\":\"Teia Education & Play\"},\"image\":{\"@id\":\"https:\/\/teiaeducation.ch\/de\/#\/schema\/logo\/image\/\"},\"sameAs\":[\"https:\/\/www.facebook.com\/teiaeducation\/\",\"https:\/\/x.com\/EducationTeia\",\"https:\/\/www.instagram.com\/teia.education\/\",\"https:\/\/www.linkedin.com\/company\/35501660\",\"https:\/\/www.pinterest.ch\/TeiaEducation\/\"]}]}<\/script>\n<!-- \/ Yoast SEO plugin. -->","yoast_head_json":{"title":"Natur Memory - Moulin Roty - Teia Education & Play","description":"Das Natur Memory Spiel von Moulin Roty ist eine reizvolle Naturversion des beliebten Kinder Spiels aus der Kollektion \"Le jardin du Moulin\".","robots":{"index":"index","follow":"follow","max-snippet":"max-snippet:-1","max-image-preview":"max-image-preview:large","max-video-preview":"max-video-preview:-1"},"canonical":"https:\/\/teiaeducation.ch\/de\/produkt\/natur-memory-moulin-roty\/","og_locale":"de_DE","og_type":"article","og_title":"Natur Memory - Moulin Roty - Teia Education & Play","og_description":"Das Natur Memory Spiel von Moulin Roty ist eine reizvolle Naturversion des beliebten Kinder Spiels aus der Kollektion \"Le jardin du Moulin\".","og_url":"https:\/\/teiaeducation.ch\/de\/produkt\/natur-memory-moulin-roty\/","og_site_name":"Sustainable Educational Products &amp; Ecological Toys\u00a0","article_publisher":"https:\/\/www.facebook.com\/teiaeducation\/","article_modified_time":"2022-06-10T12:32:02+00:00","og_image":[{"width":800,"height":800,"url":"https:\/\/teiaeducation.ch\/wp-content\/uploads\/2021\/04\/Nature-themed-memory-game-Moulin-Roty-Le-Jardin-du-Moulin.jpg","type":"image\/jpeg"}],"schema":{"@context":"https:\/\/schema.org","@graph":[{"@type":"WebPage","@id":"https:\/\/teiaeducation.ch\/de\/produkt\/natur-memory-moulin-roty\/","url":"https:\/\/teiaeducation.ch\/de\/produkt\/natur-memory-moulin-roty\/","name":"Natur Memory - Moulin Roty - Teia Education & Play","isPartOf":{"@id":"https:\/\/teiaeducation.ch\/de\/#website"},"primaryImageOfPage":{"@id":"https:\/\/teiaeducation.ch\/de\/produkt\/natur-memory-moulin-roty\/#primaryimage"},"image":{"@id":"https:\/\/teiaeducation.ch\/de\/produkt\/natur-memory-moulin-roty\/#primaryimage"},"thumbnailUrl":"https:\/\/teiaeducation.ch\/wp-content\/uploads\/2021\/04\/Nature-themed-memory-game-Moulin-Roty-Le-Jardin-du-Moulin.jpg","datePublished":"2021-04-13T13:09:50+00:00","dateModified":"2022-06-10T12:32:02+00:00","description":"Das Natur Memory Spiel von Moulin Roty ist eine reizvolle Naturversion des beliebten Kinder Spiels aus der Kollektion \"Le jardin du Moulin\".","breadcrumb":{"@id":"https:\/\/teiaeducation.ch\/de\/produkt\/natur-memory-moulin-roty\/#breadcrumb"},"inLanguage":"de-CH","potentialAction":[{"@type":"ReadAction","target":["https:\/\/teiaeducation.ch\/de\/produkt\/natur-memory-moulin-roty\/"]}]},{"@type":"ImageObject","inLanguage":"de-CH","@id":"https:\/\/teiaeducation.ch\/de\/produkt\/natur-memory-moulin-roty\/#primaryimage","url":"https:\/\/teiaeducation.ch\/wp-content\/uploads\/2021\/04\/Nature-themed-memory-game-Moulin-Roty-Le-Jardin-du-Moulin.jpg","contentUrl":"https:\/\/teiaeducation.ch\/wp-content\/uploads\/2021\/04\/Nature-themed-memory-game-Moulin-Roty-Le-Jardin-du-Moulin.jpg","width":800,"height":800,"caption":"Memory Spiel zum Thema Natur - Moulin Roty Le Jardin du Moulin"},{"@type":"BreadcrumbList","@id":"https:\/\/teiaeducation.ch\/de\/produkt\/natur-memory-moulin-roty\/#breadcrumb","itemListElement":[{"@type":"ListItem","position":1,"name":"Home","item":"https:\/\/teiaeducation.ch\/de\/"},{"@type":"ListItem","position":2,"name":"Laden","item":"https:\/\/teiaeducation.ch\/de\/shop\/"},{"@type":"ListItem","position":3,"name":"Lernthemen","item":"https:\/\/teiaeducation.ch\/de\/produkt-kategorie\/lernthemen\/"},{"@type":"ListItem","position":4,"name":"Kultur &amp; Wissenschaft","item":"https:\/\/teiaeducation.ch\/de\/produkt-kategorie\/lernthemen\/kultur-wissenschaft\/"},{"@type":"ListItem","position":5,"name":"Botanik","item":"https:\/\/teiaeducation.ch\/de\/produkt-kategorie\/lernthemen\/kultur-wissenschaft\/botanik\/"},{"@type":"ListItem","position":6,"name":"Natur Memory &#8211; Moulin Roty"}]},{"@type":"WebSite","@id":"https:\/\/teiaeducation.ch\/de\/#website","url":"https:\/\/teiaeducation.ch\/de\/","name":"Sustainable Educational Products &amp; Ecological Toys\u00a0","description":"Specialised Swiss shop selling sustainable educational toys and games, AMI certified Montessori materials, handmade ecological wooden Waldorf toys and arts &amp; crafts supplies, school supplies, children&#039;s furniture and Montessori reference and parenting books.","publisher":{"@id":"https:\/\/teiaeducation.ch\/de\/#organization"},"alternateName":"Teia Education & Play","potentialAction":[{"@type":"SearchAction","target":{"@type":"EntryPoint","urlTemplate":"https:\/\/teiaeducation.ch\/de\/?s={search_term_string}"},"query-input":{"@type":"PropertyValueSpecification","valueRequired":true,"valueName":"search_term_string"}}],"inLanguage":"de-CH"},{"@type":"Organization","@id":"https:\/\/teiaeducation.ch\/de\/#organization","name":"Teia Education & Play","url":"https:\/\/teiaeducation.ch\/de\/","logo":{"@type":"ImageObject","inLanguage":"de-CH","@id":"https:\/\/teiaeducation.ch\/de\/#\/schema\/logo\/image\/","url":"https:\/\/teiaeducation.ch\/wp-content\/uploads\/2020\/11\/Teia-Education-Switzerland-e1620156442216.jpg","contentUrl":"https:\/\/teiaeducation.ch\/wp-content\/uploads\/2020\/11\/Teia-Education-Switzerland-e1620156442216.jpg","width":166,"height":145,"caption":"Teia Education & Play"},"image":{"@id":"https:\/\/teiaeducation.ch\/de\/#\/schema\/logo\/image\/"},"sameAs":["https:\/\/www.facebook.com\/teiaeducation\/","https:\/\/x.com\/EducationTeia","https:\/\/www.instagram.com\/teia.education\/","https:\/\/www.linkedin.com\/company\/35501660","https:\/\/www.pinterest.ch\/TeiaEducation\/"]}]}},"_links":{"self":[{"href":"https:\/\/teiaeducation.ch\/de\/wp-json\/wp\/v2\/product\/49053","targetHints":{"allow":["GET"]}}],"collection":[{"href":"https:\/\/teiaeducation.ch\/de\/wp-json\/wp\/v2\/product"}],"about":[{"href":"https:\/\/teiaeducation.ch\/de\/wp-json\/wp\/v2\/types\/product"}],"replies":[{"embeddable":true,"href":"https:\/\/teiaeducation.ch\/de\/wp-json\/wp\/v2\/comments?post=49053"}],"wp:featuredmedia":[{"embeddable":true,"href":"https:\/\/teiaeducation.ch\/de\/wp-json\/wp\/v2\/media\/49054"}],"wp:attachment":[{"href":"https:\/\/teiaeducation.ch\/de\/wp-json\/wp\/v2\/media?parent=49053"}],"wp:term":[{"taxonomy":"product_brand","embeddable":true,"href":"https:\/\/teiaeducation.ch\/de\/wp-json\/wp\/v2\/product_brand?post=49053"},{"taxonomy":"product_cat","embeddable":true,"href":"https:\/\/teiaeducation.ch\/de\/wp-json\/wp\/v2\/product_cat?post=49053"},{"taxonomy":"product_tag","embeddable":true,"href":"https:\/\/teiaeducation.ch\/de\/wp-json\/wp\/v2\/product_tag?post=49053"}],"curies":[{"name":"wp","href":"https:\/\/api.w.org\/{rel}","templated":true}]}}